{"id":6359,"date":"2020-08-19T20:35:11","date_gmt":"2020-08-19T20:35:11","guid":{"rendered":"https:\/\/hurricaneaerospace.com\/sobre-nosotros\/"},"modified":"2022-02-11T03:16:12","modified_gmt":"2022-02-11T03:16:12","slug":"sobre-nosotros","status":"publish","type":"page","link":"https:\/\/hurricaneaerospace.com\/es\/sobre-nosotros\/","title":{"rendered":"Sobre nosotros"},"content":{"rendered":"\n\t<section class=\"section dark\" id=\"section_1076152861\">\n\t\t<div class=\"section-bg fill\" >\n\t\t\t<img loading=\"lazy\" decoding=\"async\" width=\"2000\" height=\"1333\" src=\"https:\/\/hurricaneaerospace.com\/wp-content\/uploads\/2019\/03\/shutterstock_1084292654.jpg\" class=\"bg attachment- size-\" alt=\"\" \/>\t\t\t\t\t\t<div class=\"section-bg-overlay absolute fill\"><\/div>\n\t\t\t\n\n\t\t<\/div>\n\n\t\t\n\n\t\t<div class=\"section-content relative\">\n\t\t\t\n<div class=\"row align-middle\"  id=\"row-177001180\">\n\n\t<div id=\"col-1135546213\" class=\"col medium-6 small-12 large-6\"  >\n\t\t\t\t<div class=\"col-inner\"  >\n\t\t\t\n\t\t\t\n<h1>We Are Hurricane Aerospace Solutions<\/h1>\n<p class=\"lead\">Hurricane Aerospace Solutions has over 75 combined years of experience sourcing hard-to-find, long lead time, ground support equipment, and obsolete components for the Aviation, Defense, and Maritime industries.<\/p>\n<p>\n<a href=\"https:\/\/hurricaneaerospace.com\/es\/solicitar-una-cotizacion\/\" class=\"button white\" >\n\t\t<span>Solicitar una cotizaci\u00f3n<\/span>\n\t<\/a>\n\n<a href=\"\/contact-us\/\" class=\"button secondary\" >\n\t\t<span>cont\u00e1ctenos<\/span>\n\t<\/a>\n\n\t\t<\/div>\n\t\t\t\t\t<\/div>\n\n\t\n\n\t<div id=\"col-1842908190\" class=\"col medium-6 small-12 large-6\"  >\n\t\t\t\t<div class=\"col-inner\"  >\n\t\t\t\n\t\t\t\n<div class=\"video video-fit mb\" style=\"padding-top:56.25%;\"><p><iframe loading=\"lazy\" title=\"Leandracain 11 oct 2014\" width=\"1020\" height=\"574\" src=\"https:\/\/www.youtube.com\/embed\/dcIJ0Kx-VJE?feature=oembed\" frameborder=\"0\" allow=\"accelerometer; autoplay; encrypted-media; gyroscope; picture-in-picture\" allowfullscreen><\/iframe><\/p>\n<\/div>\n\t\t<\/div>\n\t\t\t\t\t<\/div>\n\n\t\n<\/div>\n\t\t<\/div>\n\n\t\t\n<style>\n#section_1076152861 {\n  padding-top: 50px;\n  padding-bottom: 50px;\n  min-height: 1px;\n}\n#section_1076152861 .section-bg-overlay {\n  background-color: rgba(27, 64, 128, 0.53);\n}\n<\/style>\n\t<\/section>\n\t\n<div class=\"row\"  id=\"row-1300668272\">\n\n\t<div id=\"col-1573042675\" class=\"col medium-6 small-12 large-6\"  >\n\t\t\t\t<div class=\"col-inner\"  >\n\t\t\t\n\t\t\t\n<h2>Our Company<\/h2>\n<p>Hurricane Aerospace Solutions is committed to continuous investment in technology to keep the staff current with training. The Company\u2019s goal is to develop the skill sets in their team necessary to sustain long careers in the Aerospace industry. The Aviation, Defense, and Maritime communities ever changing market demands require our team to continually enhance and developed its\u2019 capabilities. Hurricane is also committed to maintaining the highest standards of honesty, ethics, and integrity in the workplace and with our clientele base.<\/p>\n<p>Hurricane Aerospace Solutions prides itself in maintaining a well-trained, happy workforce. We continue to invest, improve, and develop our processes and footprint to be eco-friendly. At the same time, the Team at Hurricane Aerospace Solutions always ensures conformance to customer specification, requirements, and regulations.<\/p>\n\t\t<\/div>\n\t\t\t\t\t<\/div>\n\n\t\n\n\t<div id=\"col-220295607\" class=\"col medium-6 small-12 large-6\"  >\n\t\t\t\t<div class=\"col-inner\"  >\n\t\t\t\n\t\t\t\n<p><strong>Las soluciones personalizadas adaptadas para satisfacer las necesidades de los clientes pueden incluir:<\/strong><\/p>\n<ul>\n<li>Condiciones: FN, NE, NS, SV, RP, OH<\/li>\n<li>Trazabilidad: para cumplir o superar los requisitos del cliente<\/li>\n<li>Opciones de cantidad: carrera peque\u00f1a y carrera grande<\/li>\n<li>Soluciones de entrega personalizadas dise\u00f1adas para satisfacer las necesidades de los clientes, incluido el servicio del mismo d\u00eda o la entrega personal<\/li>\n<li>Soluciones especializadas de pruebas y medici\u00f3n<\/li>\n<\/ul>\n<p>Hurricane Aerospace Solutions facilita el trabajo con nuestros m\u00faltiples clientes al aceptar tarjetas Visa, MC, AMEX y del gobierno. Tras la verificaci\u00f3n apropiada, los clientes pueden solicitar condiciones de cr\u00e9dito despu\u00e9s de que el pedido inicial se haya completado a trav\u00e9s de tarjeta de cr\u00e9dito o COD.<\/p>\n\t\t<\/div>\n\t\t\t\t\t<\/div>\n\n\t\n<\/div>\n<div class=\"row\"  id=\"row-821307189\">\n\n\t<div id=\"col-1253275578\" class=\"col medium-4 small-12 large-4\"  >\n\t\t\t\t<div class=\"col-inner\"  >\n\t\t\t\n\t\t\t\n\t\t<\/div>\n\t\t\t\t\t<\/div>\n\n\t\n\n\t<div id=\"col-708502951\" class=\"col medium-4 small-12 large-4\"  >\n\t\t\t\t<div class=\"col-inner text-center\"  >\n\t\t\t\n\t\t\t\n<a href=\"https:\/\/hurricaneaerospace.com\/our-team\/\" class=\"button primary\" >\n\t\t<span>Conozca a nuestro equipo<\/span>\n\t<\/a>\n\n\t\t<\/div>\n\t\t\t\t\t<\/div>\n\n\t\n\n\t<div id=\"col-1129252526\" class=\"col medium-4 small-12 large-4\"  >\n\t\t\t\t<div class=\"col-inner\"  >\n\t\t\t\n\t\t\t\n\t\t<\/div>\n\t\t\t\t\t<\/div>\n\n\t\n<\/div>\n\n\t<section class=\"section\" id=\"section_1971367927\">\n\t\t<div class=\"section-bg fill\" >\n\t\t\t\t\t\t\t\t\t\n\t\t\t\n\n\t\t<\/div>\n\n\t\t\n\n\t\t<div class=\"section-content relative\">\n\t\t\t\n<div class=\"row\"  id=\"row-1559613195\">\n\n\t<div id=\"col-190408311\" class=\"col small-12 large-12\"  >\n\t\t\t\t<div class=\"col-inner\"  >\n\t\t\t\n\t\t\t\n<p><strong>Hurricane Aerospace Solutions\u00a0<\/strong>commitment to our customers and associates to continually strive for excellence in these and other areas required to assure their and our own success.<\/p>\n<p>Due to the nature of service we provide for our clients we have a very easy process that we adhere to companywide. Upon <a href=\"https:\/\/hurricaneaerospace.com\/request-quote\/\">Request for Quotes<\/a> the communication to our clients begins. Solutions and all potential project details will be transmitted and answered via a company network on a company quote documented with a referenced Quote # easily retrievable and valid for thirty days unless otherwise specified in the quote. The document is a formal reply outlining solutions to the requestor clearly annotating the Product Description and Part Number.<\/p>\n<p>\u00a0<\/p>\n\t\t<\/div>\n\t\t\t\t\t<\/div>\n\n\t\n<\/div>\n\t\t<\/div>\n\n\t\t\n<style>\n#section_1971367927 {\n  padding-top: 30px;\n  padding-bottom: 30px;\n  background-color: rgb(248, 253, 255);\n}\n<\/style>\n\t<\/section>\n\t\n<\/p>\n<p>&nbsp;<\/p>\n","protected":false},"excerpt":{"rendered":"<p>&nbsp;<\/p>\n","protected":false},"author":4,"featured_media":0,"parent":0,"menu_order":0,"comment_status":"closed","ping_status":"closed","template":"page-blank.php","meta":{"nf_dc_page":"","_monsterinsights_skip_tracking":false,"_monsterinsights_sitenote_active":false,"_monsterinsights_sitenote_note":"","_monsterinsights_sitenote_category":0,"footnotes":""},"class_list":["post-6359","page","type-page","status-publish","hentry"],"yoast_head":"<!-- This site is optimized with the Yoast SEO plugin v27.4 - https:\/\/yoast.com\/product\/yoast-seo-wordpress\/ -->\n<title>Sobre nosotros - Hurac\u00e1n Aeroespacial Solution<\/title>\n<meta name=\"description\" content=\"M\u00e1s de 75 a\u00f1os combinados de experiencia en el abastecimiento de componentes dif\u00edciles de encontrar, largo plazo y obsoletos para las industrias de Aviaci\u00f3n, Defensa y Mar\u00edtimo.\" \/>\n<meta name=\"robots\" content=\"index, follow, max-snippet:-1, max-image-preview:large, max-video-preview:-1\" \/>\n<link rel=\"canonical\" href=\"https:\/\/hurricaneaerospace.com\/es\/sobre-nosotros\/\" \/>\n<meta property=\"og:locale\" content=\"es_ES\" \/>\n<meta property=\"og:type\" content=\"article\" \/>\n<meta property=\"og:title\" content=\"Sobre nosotros - Hurac\u00e1n Aeroespacial Solution\" \/>\n<meta property=\"og:description\" content=\"M\u00e1s de 75 a\u00f1os combinados de experiencia en el abastecimiento de componentes dif\u00edciles de encontrar, largo plazo y obsoletos para las industrias de Aviaci\u00f3n, Defensa y Mar\u00edtimo.\" \/>\n<meta property=\"og:url\" content=\"https:\/\/hurricaneaerospace.com\/es\/sobre-nosotros\/\" \/>\n<meta property=\"og:site_name\" content=\"Hurac\u00e1n Aeroespacial\" \/>\n<meta property=\"article:publisher\" content=\"https:\/\/www.facebook.com\/HurricaneAerospaceSolutions\/\" \/>\n<meta property=\"article:modified_time\" content=\"2022-02-11T03:16:12+00:00\" \/>\n<meta name=\"twitter:card\" content=\"summary_large_image\" \/>\n<meta name=\"twitter:site\" content=\"@hurricaneaero\" \/>\n<meta name=\"twitter:label1\" content=\"Tiempo de lectura\" \/>\n\t<meta name=\"twitter:data1\" content=\"3 minutos\" \/>\n<script type=\"application\/ld+json\" class=\"yoast-schema-graph\">{\"@context\":\"https:\\\/\\\/schema.org\",\"@graph\":[{\"@type\":\"WebPage\",\"@id\":\"https:\\\/\\\/hurricaneaerospace.com\\\/es\\\/sobre-nosotros\\\/\",\"url\":\"https:\\\/\\\/hurricaneaerospace.com\\\/es\\\/sobre-nosotros\\\/\",\"name\":\"Sobre nosotros - Hurac\u00e1n Aeroespacial Solution\",\"isPartOf\":{\"@id\":\"https:\\\/\\\/hurricaneaerospace.com\\\/es\\\/#website\"},\"datePublished\":\"2020-08-19T20:35:11+00:00\",\"dateModified\":\"2022-02-11T03:16:12+00:00\",\"description\":\"M\u00e1s de 75 a\u00f1os combinados de experiencia en el abastecimiento de componentes dif\u00edciles de encontrar, largo plazo y obsoletos para las industrias de Aviaci\u00f3n, Defensa y Mar\u00edtimo.\",\"breadcrumb\":{\"@id\":\"https:\\\/\\\/hurricaneaerospace.com\\\/es\\\/sobre-nosotros\\\/#breadcrumb\"},\"inLanguage\":\"es\",\"potentialAction\":[{\"@type\":\"ReadAction\",\"target\":[\"https:\\\/\\\/hurricaneaerospace.com\\\/es\\\/sobre-nosotros\\\/\"]}]},{\"@type\":\"BreadcrumbList\",\"@id\":\"https:\\\/\\\/hurricaneaerospace.com\\\/es\\\/sobre-nosotros\\\/#breadcrumb\",\"itemListElement\":[{\"@type\":\"ListItem\",\"position\":1,\"name\":\"Casa\",\"item\":\"https:\\\/\\\/hurricaneaerospace.com\\\/es\\\/\"},{\"@type\":\"ListItem\",\"position\":2,\"name\":\"Sobre nosotros\"}]},{\"@type\":\"WebSite\",\"@id\":\"https:\\\/\\\/hurricaneaerospace.com\\\/es\\\/#website\",\"url\":\"https:\\\/\\\/hurricaneaerospace.com\\\/es\\\/\",\"name\":\"Hurac\u00e1n Aeroespacial\",\"description\":\"M\u00e1s de 25 a\u00f1os de experiencia\",\"publisher\":{\"@id\":\"https:\\\/\\\/hurricaneaerospace.com\\\/es\\\/#organization\"},\"potentialAction\":[{\"@type\":\"SearchAction\",\"target\":{\"@type\":\"EntryPoint\",\"urlTemplate\":\"https:\\\/\\\/hurricaneaerospace.com\\\/es\\\/?s={search_term_string}\"},\"query-input\":{\"@type\":\"PropertyValueSpecification\",\"valueRequired\":true,\"valueName\":\"search_term_string\"}}],\"inLanguage\":\"es\"},{\"@type\":\"Organization\",\"@id\":\"https:\\\/\\\/hurricaneaerospace.com\\\/es\\\/#organization\",\"name\":\"Hurricane Aerospace Solutions\",\"url\":\"https:\\\/\\\/hurricaneaerospace.com\\\/es\\\/\",\"logo\":{\"@type\":\"ImageObject\",\"inLanguage\":\"es\",\"@id\":\"https:\\\/\\\/hurricaneaerospace.com\\\/es\\\/#\\\/schema\\\/logo\\\/image\\\/\",\"url\":\"https:\\\/\\\/hurricaneaerospace.com\\\/wp-content\\\/uploads\\\/2019\\\/03\\\/Hurricane-Website-Logo-Retina-2019.png\",\"contentUrl\":\"https:\\\/\\\/hurricaneaerospace.com\\\/wp-content\\\/uploads\\\/2019\\\/03\\\/Hurricane-Website-Logo-Retina-2019.png\",\"width\":800,\"height\":482,\"caption\":\"Hurricane Aerospace Solutions\"},\"image\":{\"@id\":\"https:\\\/\\\/hurricaneaerospace.com\\\/es\\\/#\\\/schema\\\/logo\\\/image\\\/\"},\"sameAs\":[\"https:\\\/\\\/www.facebook.com\\\/HurricaneAerospaceSolutions\\\/\",\"https:\\\/\\\/x.com\\\/hurricaneaero\",\"https:\\\/\\\/www.instagram.com\\\/hurricaneaerospacesolutions\\\/\",\"http:\\\/\\\/www.linkedin.com\\\/company\\\/hurricaneaerospacesolutions\\\/\"]}]}<\/script>\n<!-- \/ Yoast SEO plugin. -->","yoast_head_json":{"title":"Sobre nosotros - Hurac\u00e1n Aeroespacial Solution","description":"M\u00e1s de 75 a\u00f1os combinados de experiencia en el abastecimiento de componentes dif\u00edciles de encontrar, largo plazo y obsoletos para las industrias de Aviaci\u00f3n, Defensa y Mar\u00edtimo.","robots":{"index":"index","follow":"follow","max-snippet":"max-snippet:-1","max-image-preview":"max-image-preview:large","max-video-preview":"max-video-preview:-1"},"canonical":"https:\/\/hurricaneaerospace.com\/es\/sobre-nosotros\/","og_locale":"es_ES","og_type":"article","og_title":"Sobre nosotros - Hurac\u00e1n Aeroespacial Solution","og_description":"M\u00e1s de 75 a\u00f1os combinados de experiencia en el abastecimiento de componentes dif\u00edciles de encontrar, largo plazo y obsoletos para las industrias de Aviaci\u00f3n, Defensa y Mar\u00edtimo.","og_url":"https:\/\/hurricaneaerospace.com\/es\/sobre-nosotros\/","og_site_name":"Hurac\u00e1n Aeroespacial","article_publisher":"https:\/\/www.facebook.com\/HurricaneAerospaceSolutions\/","article_modified_time":"2022-02-11T03:16:12+00:00","twitter_card":"summary_large_image","twitter_site":"@hurricaneaero","twitter_misc":{"Tiempo de lectura":"3 minutos"},"schema":{"@context":"https:\/\/schema.org","@graph":[{"@type":"WebPage","@id":"https:\/\/hurricaneaerospace.com\/es\/sobre-nosotros\/","url":"https:\/\/hurricaneaerospace.com\/es\/sobre-nosotros\/","name":"Sobre nosotros - Hurac\u00e1n Aeroespacial Solution","isPartOf":{"@id":"https:\/\/hurricaneaerospace.com\/es\/#website"},"datePublished":"2020-08-19T20:35:11+00:00","dateModified":"2022-02-11T03:16:12+00:00","description":"M\u00e1s de 75 a\u00f1os combinados de experiencia en el abastecimiento de componentes dif\u00edciles de encontrar, largo plazo y obsoletos para las industrias de Aviaci\u00f3n, Defensa y Mar\u00edtimo.","breadcrumb":{"@id":"https:\/\/hurricaneaerospace.com\/es\/sobre-nosotros\/#breadcrumb"},"inLanguage":"es","potentialAction":[{"@type":"ReadAction","target":["https:\/\/hurricaneaerospace.com\/es\/sobre-nosotros\/"]}]},{"@type":"BreadcrumbList","@id":"https:\/\/hurricaneaerospace.com\/es\/sobre-nosotros\/#breadcrumb","itemListElement":[{"@type":"ListItem","position":1,"name":"Casa","item":"https:\/\/hurricaneaerospace.com\/es\/"},{"@type":"ListItem","position":2,"name":"Sobre nosotros"}]},{"@type":"WebSite","@id":"https:\/\/hurricaneaerospace.com\/es\/#website","url":"https:\/\/hurricaneaerospace.com\/es\/","name":"Hurac\u00e1n Aeroespacial","description":"M\u00e1s de 25 a\u00f1os de experiencia","publisher":{"@id":"https:\/\/hurricaneaerospace.com\/es\/#organization"},"potentialAction":[{"@type":"SearchAction","target":{"@type":"EntryPoint","urlTemplate":"https:\/\/hurricaneaerospace.com\/es\/?s={search_term_string}"},"query-input":{"@type":"PropertyValueSpecification","valueRequired":true,"valueName":"search_term_string"}}],"inLanguage":"es"},{"@type":"Organization","@id":"https:\/\/hurricaneaerospace.com\/es\/#organization","name":"Hurricane Aerospace Solutions","url":"https:\/\/hurricaneaerospace.com\/es\/","logo":{"@type":"ImageObject","inLanguage":"es","@id":"https:\/\/hurricaneaerospace.com\/es\/#\/schema\/logo\/image\/","url":"https:\/\/hurricaneaerospace.com\/wp-content\/uploads\/2019\/03\/Hurricane-Website-Logo-Retina-2019.png","contentUrl":"https:\/\/hurricaneaerospace.com\/wp-content\/uploads\/2019\/03\/Hurricane-Website-Logo-Retina-2019.png","width":800,"height":482,"caption":"Hurricane Aerospace Solutions"},"image":{"@id":"https:\/\/hurricaneaerospace.com\/es\/#\/schema\/logo\/image\/"},"sameAs":["https:\/\/www.facebook.com\/HurricaneAerospaceSolutions\/","https:\/\/x.com\/hurricaneaero","https:\/\/www.instagram.com\/hurricaneaerospacesolutions\/","http:\/\/www.linkedin.com\/company\/hurricaneaerospacesolutions\/"]}]}},"_links":{"self":[{"href":"https:\/\/hurricaneaerospace.com\/es\/wp-json\/wp\/v2\/pages\/6359","targetHints":{"allow":["GET"]}}],"collection":[{"href":"https:\/\/hurricaneaerospace.com\/es\/wp-json\/wp\/v2\/pages"}],"about":[{"href":"https:\/\/hurricaneaerospace.com\/es\/wp-json\/wp\/v2\/types\/page"}],"author":[{"embeddable":true,"href":"https:\/\/hurricaneaerospace.com\/es\/wp-json\/wp\/v2\/users\/4"}],"replies":[{"embeddable":true,"href":"https:\/\/hurricaneaerospace.com\/es\/wp-json\/wp\/v2\/comments?post=6359"}],"version-history":[{"count":17,"href":"https:\/\/hurricaneaerospace.com\/es\/wp-json\/wp\/v2\/pages\/6359\/revisions"}],"predecessor-version":[{"id":9639,"href":"https:\/\/hurricaneaerospace.com\/es\/wp-json\/wp\/v2\/pages\/6359\/revisions\/9639"}],"wp:attachment":[{"href":"https:\/\/hurricaneaerospace.com\/es\/wp-json\/wp\/v2\/media?parent=6359"}],"curies":[{"name":"wp","href":"https:\/\/api.w.org\/{rel}","templated":true}]}}