{"id":6464,"date":"2020-08-19T20:38:15","date_gmt":"2020-08-19T20:38:15","guid":{"rendered":"https:\/\/hurricaneaerospace.com\/programa-de-socios\/"},"modified":"2020-12-04T04:29:45","modified_gmt":"2020-12-04T04:29:45","slug":"programa-de-socios","status":"publish","type":"page","link":"https:\/\/hurricaneaerospace.com\/es\/programa-de-socios\/","title":{"rendered":"Programa de socios"},"content":{"rendered":"\n\t<section class=\"section dark\" id=\"section_1584500312\">\n\t\t<div class=\"section-bg fill\" >\n\t\t\t<img loading=\"lazy\" decoding=\"async\" width=\"2000\" height=\"1331\" src=\"https:\/\/hurricaneaerospace.com\/wp-content\/uploads\/2019\/03\/shutterstock_208009339.jpg\" class=\"bg attachment- size-\" alt=\"shutterstock_208009339\" \/>\t\t\t\t\t\t<div class=\"section-bg-overlay absolute fill\"><\/div>\n\t\t\t\n\n\t\t<\/div>\n\n\t\t\n\n\t\t<div class=\"section-content relative\">\n\t\t\t\n<div class=\"row\"  id=\"row-1791664977\">\n\n\t<div id=\"col-1683952130\" class=\"col small-12 large-12\"  >\n\t\t\t\t<div class=\"col-inner text-center\"  >\n\t\t\t\n\t\t\t\n<div class=\"container section-title-container\" style=\"margin-top:0px;margin-bottom:0px;\"><h1 class=\"section-title section-title-center\"><b aria-hidden=\"true\"><\/b><span class=\"section-title-main\" >Convi\u00e9rtase en socio<\/span><b aria-hidden=\"true\"><\/b><\/h1><\/div>\n<p class=\"lead\">Sus soluciones aeroespaciales<\/p>\n\t\t<\/div>\n\t\t\t\t\n<style>\n#col-1683952130 > .col-inner {\n  padding: 0px 0px 0px 0;\n  margin: 0 0px 0px 0px;\n}\n<\/style>\n\t<\/div>\n\n\t\n<\/div>\n\t\t<\/div>\n\n\t\t\n<style>\n#section_1584500312 {\n  padding-top: 30px;\n  padding-bottom: 30px;\n}\n#section_1584500312 .section-bg-overlay {\n  background-color: rgba(27, 64, 128, 0.57);\n}\n<\/style>\n\t<\/section>\n\t\n<div class=\"row\"  id=\"row-1711503448\">\n\n\t<div id=\"col-313513197\" class=\"col medium-6 small-12 large-6\"  >\n\t\t\t\t<div class=\"col-inner\"  >\n\t\t\t\n\t\t\t\n<h1>Iniciativa de Asociaci\u00f3n Estrat\u00e9gica de Huracanes Aeroespaciales<\/h1>\n<p>La Iniciativa de Asociaci\u00f3n Estrat\u00e9gica de Hurricane Aerospace est\u00e1 dise\u00f1ada para ayudar a los grandes y peque\u00f1os fabricantes a vender productos al Departamento de Defensa y sus principales contratistas y agencias extranjeras. El gobierno federal ha especificado metas anuales de contrataci\u00f3n prime para peque\u00f1as empresas designadas. El actual objetivo de adquisici\u00f3n de todo el gobierno estipula que al menos el 23% de todos los d\u00f3lares de contrataci\u00f3n del gobierno federal deben adjudicarse a las peque\u00f1as empresas.<\/p>\n<p>\u00bfSab\u00eda que las empresas que realizan negocios directa o indirectamente con el Gobierno Federal est\u00e1n obligadas a otorgar el 3% de su negocio a los proveedores de HUBZone?<\/p>\n<p>\u00bfSab\u00eda que las empresas que realizan negocios directa o indirectamente con el Gobierno Federal est\u00e1n obligadas a otorgar el 5% de su negocio a los proveedores de peque\u00f1as empresas propiedad de mujeres?<\/p>\n<p><strong>\u00bfSab\u00eda que las empresas que realizan negocios directa o indirectamente con el Gobierno Federal est\u00e1n obligadas a adjudicar el 3% de su negocio a las Peque\u00f1as Empresas Desfavorecidas?<\/strong><\/p>\n<ul>\n<li>Mujeres propiedad de peque\u00f1as empresas \u2013 5%<\/li>\n<li>Peque\u00f1as empresas desfavorecidas \u2013 5%<\/li>\n<li>HUBZone \u2013 3%<\/li>\n<\/ul>\n<p>\u00bfTiene un socio de la cadena de suministro para la contrataci\u00f3n federal? Hurricane Aerospace Solutions puede proporcionar una propuesta de valor excepcional. Atendemos a los mercados globales y podemos aumentar el primer nivel de ventas y subcontratistas. Hurricane es un distribuidor de valor agregado de servicio completo (Kitting, Specialty Packing y Export Compliance).<\/p>\n<p>Hurricane Aerospace Solutions puede aumentar los adjudicatos de contratos federales. El Equipo de Huracanes tiene relaciones con la cadena de suministro a largo plazo. Podemos ayudar a reducir los costos de prospecci\u00f3n, comercializaci\u00f3n y protecci\u00f3n de la propiedad intelectual.<\/p>\n\t\t<\/div>\n\t\t\t\t\t<\/div>\n\n\t\n\n\t<div id=\"col-1099872701\" class=\"col medium-6 small-12 large-6\"  >\n\t\t\t\t<div class=\"col-inner\" style=\"background-color:rgb(240, 248, 255);\" >\n\t\t\t\n\t\t\t\n<div class=\"container section-title-container\" ><h3 class=\"section-title section-title-normal\"><b aria-hidden=\"true\"><\/b><span class=\"section-title-main\" >Unirse al programa<\/span><b aria-hidden=\"true\"><\/b><\/h3><\/div>\n<noscript class=\"ninja-forms-noscript-message\">\n\tAviso: Se requiere JavaScript para este contenido.<\/noscript>\nEste formulario se encuentra actualmente en mantenimiento. Por favor, int\u00e9ntalo de nuevo m\u00e1s tarde.\n\t\t<\/div>\n\t\t\t\t\n<style>\n#col-1099872701 > .col-inner {\n  padding: 5% 5% 5% 5%;\n}\n<\/style>\n\t<\/div>\n\n\t\n<\/div>\n","protected":false},"excerpt":{"rendered":"","protected":false},"author":4,"featured_media":0,"parent":0,"menu_order":0,"comment_status":"closed","ping_status":"closed","template":"page-blank.php","meta":{"nf_dc_page":"","_monsterinsights_skip_tracking":false,"_monsterinsights_sitenote_active":false,"_monsterinsights_sitenote_note":"","_monsterinsights_sitenote_category":0,"footnotes":""},"class_list":["post-6464","page","type-page","status-publish","hentry"],"yoast_head":"<!-- This site is optimized with the Yoast SEO plugin v27.4 - https:\/\/yoast.com\/product\/yoast-seo-wordpress\/ -->\n<title>Programa de socios - Hurac\u00e1n Aeroespacial<\/title>\n<meta name=\"description\" content=\"Dise\u00f1ado para ayudar a los grandes y peque\u00f1os fabricantes a vender productos al Departamento de Defensa y sus principales contratistas y agencias extranjeras\" \/>\n<meta name=\"robots\" content=\"index, follow, max-snippet:-1, max-image-preview:large, max-video-preview:-1\" \/>\n<link rel=\"canonical\" href=\"https:\/\/hurricaneaerospace.com\/es\/programa-de-socios\/\" \/>\n<meta property=\"og:locale\" content=\"es_ES\" \/>\n<meta property=\"og:type\" content=\"article\" \/>\n<meta property=\"og:title\" content=\"Programa de socios - Hurac\u00e1n Aeroespacial\" \/>\n<meta property=\"og:description\" content=\"Dise\u00f1ado para ayudar a los grandes y peque\u00f1os fabricantes a vender productos al Departamento de Defensa y sus principales contratistas y agencias extranjeras\" \/>\n<meta property=\"og:url\" content=\"https:\/\/hurricaneaerospace.com\/es\/programa-de-socios\/\" \/>\n<meta property=\"og:site_name\" content=\"Hurac\u00e1n Aeroespacial\" \/>\n<meta property=\"article:publisher\" content=\"https:\/\/www.facebook.com\/HurricaneAerospaceSolutions\/\" \/>\n<meta property=\"article:modified_time\" content=\"2020-12-04T04:29:45+00:00\" \/>\n<meta name=\"twitter:card\" content=\"summary_large_image\" \/>\n<meta name=\"twitter:site\" content=\"@hurricaneaero\" \/>\n<meta name=\"twitter:label1\" content=\"Tiempo de lectura\" \/>\n\t<meta name=\"twitter:data1\" content=\"2 minutos\" \/>\n<script type=\"application\/ld+json\" class=\"yoast-schema-graph\">{\"@context\":\"https:\\\/\\\/schema.org\",\"@graph\":[{\"@type\":\"WebPage\",\"@id\":\"https:\\\/\\\/hurricaneaerospace.com\\\/es\\\/programa-de-socios\\\/\",\"url\":\"https:\\\/\\\/hurricaneaerospace.com\\\/es\\\/programa-de-socios\\\/\",\"name\":\"Programa de socios - Hurac\u00e1n Aeroespacial\",\"isPartOf\":{\"@id\":\"https:\\\/\\\/hurricaneaerospace.com\\\/es\\\/#website\"},\"datePublished\":\"2020-08-19T20:38:15+00:00\",\"dateModified\":\"2020-12-04T04:29:45+00:00\",\"description\":\"Dise\u00f1ado para ayudar a los grandes y peque\u00f1os fabricantes a vender productos al Departamento de Defensa y sus principales contratistas y agencias extranjeras\",\"breadcrumb\":{\"@id\":\"https:\\\/\\\/hurricaneaerospace.com\\\/es\\\/programa-de-socios\\\/#breadcrumb\"},\"inLanguage\":\"es\",\"potentialAction\":[{\"@type\":\"ReadAction\",\"target\":[\"https:\\\/\\\/hurricaneaerospace.com\\\/es\\\/programa-de-socios\\\/\"]}]},{\"@type\":\"BreadcrumbList\",\"@id\":\"https:\\\/\\\/hurricaneaerospace.com\\\/es\\\/programa-de-socios\\\/#breadcrumb\",\"itemListElement\":[{\"@type\":\"ListItem\",\"position\":1,\"name\":\"Casa\",\"item\":\"https:\\\/\\\/hurricaneaerospace.com\\\/es\\\/\"},{\"@type\":\"ListItem\",\"position\":2,\"name\":\"Programa de socios\"}]},{\"@type\":\"WebSite\",\"@id\":\"https:\\\/\\\/hurricaneaerospace.com\\\/es\\\/#website\",\"url\":\"https:\\\/\\\/hurricaneaerospace.com\\\/es\\\/\",\"name\":\"Hurac\u00e1n Aeroespacial\",\"description\":\"M\u00e1s de 25 a\u00f1os de experiencia\",\"publisher\":{\"@id\":\"https:\\\/\\\/hurricaneaerospace.com\\\/es\\\/#organization\"},\"potentialAction\":[{\"@type\":\"SearchAction\",\"target\":{\"@type\":\"EntryPoint\",\"urlTemplate\":\"https:\\\/\\\/hurricaneaerospace.com\\\/es\\\/?s={search_term_string}\"},\"query-input\":{\"@type\":\"PropertyValueSpecification\",\"valueRequired\":true,\"valueName\":\"search_term_string\"}}],\"inLanguage\":\"es\"},{\"@type\":\"Organization\",\"@id\":\"https:\\\/\\\/hurricaneaerospace.com\\\/es\\\/#organization\",\"name\":\"Hurricane Aerospace Solutions\",\"url\":\"https:\\\/\\\/hurricaneaerospace.com\\\/es\\\/\",\"logo\":{\"@type\":\"ImageObject\",\"inLanguage\":\"es\",\"@id\":\"https:\\\/\\\/hurricaneaerospace.com\\\/es\\\/#\\\/schema\\\/logo\\\/image\\\/\",\"url\":\"https:\\\/\\\/hurricaneaerospace.com\\\/wp-content\\\/uploads\\\/2019\\\/03\\\/Hurricane-Website-Logo-Retina-2019.png\",\"contentUrl\":\"https:\\\/\\\/hurricaneaerospace.com\\\/wp-content\\\/uploads\\\/2019\\\/03\\\/Hurricane-Website-Logo-Retina-2019.png\",\"width\":800,\"height\":482,\"caption\":\"Hurricane Aerospace Solutions\"},\"image\":{\"@id\":\"https:\\\/\\\/hurricaneaerospace.com\\\/es\\\/#\\\/schema\\\/logo\\\/image\\\/\"},\"sameAs\":[\"https:\\\/\\\/www.facebook.com\\\/HurricaneAerospaceSolutions\\\/\",\"https:\\\/\\\/x.com\\\/hurricaneaero\",\"https:\\\/\\\/www.instagram.com\\\/hurricaneaerospacesolutions\\\/\",\"http:\\\/\\\/www.linkedin.com\\\/company\\\/hurricaneaerospacesolutions\\\/\"]}]}<\/script>\n<!-- \/ Yoast SEO plugin. -->","yoast_head_json":{"title":"Programa de socios - Hurac\u00e1n Aeroespacial","description":"Dise\u00f1ado para ayudar a los grandes y peque\u00f1os fabricantes a vender productos al Departamento de Defensa y sus principales contratistas y agencias extranjeras","robots":{"index":"index","follow":"follow","max-snippet":"max-snippet:-1","max-image-preview":"max-image-preview:large","max-video-preview":"max-video-preview:-1"},"canonical":"https:\/\/hurricaneaerospace.com\/es\/programa-de-socios\/","og_locale":"es_ES","og_type":"article","og_title":"Programa de socios - Hurac\u00e1n Aeroespacial","og_description":"Dise\u00f1ado para ayudar a los grandes y peque\u00f1os fabricantes a vender productos al Departamento de Defensa y sus principales contratistas y agencias extranjeras","og_url":"https:\/\/hurricaneaerospace.com\/es\/programa-de-socios\/","og_site_name":"Hurac\u00e1n Aeroespacial","article_publisher":"https:\/\/www.facebook.com\/HurricaneAerospaceSolutions\/","article_modified_time":"2020-12-04T04:29:45+00:00","twitter_card":"summary_large_image","twitter_site":"@hurricaneaero","twitter_misc":{"Tiempo de lectura":"2 minutos"},"schema":{"@context":"https:\/\/schema.org","@graph":[{"@type":"WebPage","@id":"https:\/\/hurricaneaerospace.com\/es\/programa-de-socios\/","url":"https:\/\/hurricaneaerospace.com\/es\/programa-de-socios\/","name":"Programa de socios - Hurac\u00e1n Aeroespacial","isPartOf":{"@id":"https:\/\/hurricaneaerospace.com\/es\/#website"},"datePublished":"2020-08-19T20:38:15+00:00","dateModified":"2020-12-04T04:29:45+00:00","description":"Dise\u00f1ado para ayudar a los grandes y peque\u00f1os fabricantes a vender productos al Departamento de Defensa y sus principales contratistas y agencias extranjeras","breadcrumb":{"@id":"https:\/\/hurricaneaerospace.com\/es\/programa-de-socios\/#breadcrumb"},"inLanguage":"es","potentialAction":[{"@type":"ReadAction","target":["https:\/\/hurricaneaerospace.com\/es\/programa-de-socios\/"]}]},{"@type":"BreadcrumbList","@id":"https:\/\/hurricaneaerospace.com\/es\/programa-de-socios\/#breadcrumb","itemListElement":[{"@type":"ListItem","position":1,"name":"Casa","item":"https:\/\/hurricaneaerospace.com\/es\/"},{"@type":"ListItem","position":2,"name":"Programa de socios"}]},{"@type":"WebSite","@id":"https:\/\/hurricaneaerospace.com\/es\/#website","url":"https:\/\/hurricaneaerospace.com\/es\/","name":"Hurac\u00e1n Aeroespacial","description":"M\u00e1s de 25 a\u00f1os de experiencia","publisher":{"@id":"https:\/\/hurricaneaerospace.com\/es\/#organization"},"potentialAction":[{"@type":"SearchAction","target":{"@type":"EntryPoint","urlTemplate":"https:\/\/hurricaneaerospace.com\/es\/?s={search_term_string}"},"query-input":{"@type":"PropertyValueSpecification","valueRequired":true,"valueName":"search_term_string"}}],"inLanguage":"es"},{"@type":"Organization","@id":"https:\/\/hurricaneaerospace.com\/es\/#organization","name":"Hurricane Aerospace Solutions","url":"https:\/\/hurricaneaerospace.com\/es\/","logo":{"@type":"ImageObject","inLanguage":"es","@id":"https:\/\/hurricaneaerospace.com\/es\/#\/schema\/logo\/image\/","url":"https:\/\/hurricaneaerospace.com\/wp-content\/uploads\/2019\/03\/Hurricane-Website-Logo-Retina-2019.png","contentUrl":"https:\/\/hurricaneaerospace.com\/wp-content\/uploads\/2019\/03\/Hurricane-Website-Logo-Retina-2019.png","width":800,"height":482,"caption":"Hurricane Aerospace Solutions"},"image":{"@id":"https:\/\/hurricaneaerospace.com\/es\/#\/schema\/logo\/image\/"},"sameAs":["https:\/\/www.facebook.com\/HurricaneAerospaceSolutions\/","https:\/\/x.com\/hurricaneaero","https:\/\/www.instagram.com\/hurricaneaerospacesolutions\/","http:\/\/www.linkedin.com\/company\/hurricaneaerospacesolutions\/"]}]}},"_links":{"self":[{"href":"https:\/\/hurricaneaerospace.com\/es\/wp-json\/wp\/v2\/pages\/6464","targetHints":{"allow":["GET"]}}],"collection":[{"href":"https:\/\/hurricaneaerospace.com\/es\/wp-json\/wp\/v2\/pages"}],"about":[{"href":"https:\/\/hurricaneaerospace.com\/es\/wp-json\/wp\/v2\/types\/page"}],"author":[{"embeddable":true,"href":"https:\/\/hurricaneaerospace.com\/es\/wp-json\/wp\/v2\/users\/4"}],"replies":[{"embeddable":true,"href":"https:\/\/hurricaneaerospace.com\/es\/wp-json\/wp\/v2\/comments?post=6464"}],"version-history":[{"count":2,"href":"https:\/\/hurricaneaerospace.com\/es\/wp-json\/wp\/v2\/pages\/6464\/revisions"}],"predecessor-version":[{"id":8089,"href":"https:\/\/hurricaneaerospace.com\/es\/wp-json\/wp\/v2\/pages\/6464\/revisions\/8089"}],"wp:attachment":[{"href":"https:\/\/hurricaneaerospace.com\/es\/wp-json\/wp\/v2\/media?parent=6464"}],"curies":[{"name":"wp","href":"https:\/\/api.w.org\/{rel}","templated":true}]}}