{"id":6503,"date":"2020-08-19T20:38:28","date_gmt":"2020-08-19T20:38:28","guid":{"rendered":"https:\/\/hurricaneaerospace.com\/enlaces-utiles\/"},"modified":"2020-12-04T03:21:41","modified_gmt":"2020-12-04T03:21:41","slug":"enlaces-utiles","status":"publish","type":"page","link":"https:\/\/hurricaneaerospace.com\/es\/enlaces-utiles\/","title":{"rendered":"Enlaces \u00fatiles"},"content":{"rendered":"<p>&nbsp;<\/p>\n\n\t<section class=\"section dark\" id=\"section_1987089458\">\n\t\t<div class=\"section-bg fill\" >\n\t\t\t<img loading=\"lazy\" decoding=\"async\" width=\"1243\" height=\"302\" src=\"https:\/\/hurricaneaerospace.com\/wp-content\/uploads\/2019\/03\/hurricane-aerospace-blueprint-header-image.jpg\" class=\"bg attachment- size-\" alt=\"\" \/>\t\t\t\t\t\t<div class=\"section-bg-overlay absolute fill\"><\/div>\n\t\t\t\n\n\t\t<\/div>\n\n\t\t\n\n\t\t<div class=\"section-content relative\">\n\t\t\t\n<div class=\"container section-title-container\" style=\"margin-top:0px;margin-bottom:0px;\"><h2 class=\"section-title section-title-center\"><b aria-hidden=\"true\"><\/b><span class=\"section-title-main\" >Enlaces \u00fatiles<\/span><b aria-hidden=\"true\"><\/b><\/h2><\/div>\n\t\t<\/div>\n\n\t\t\n<style>\n#section_1987089458 {\n  padding-top: 60px;\n  padding-bottom: 60px;\n}\n#section_1987089458 .section-bg-overlay {\n  background-color: rgba(27, 64, 128, 0.48);\n}\n<\/style>\n\t<\/section>\n\t\n\n\t<section class=\"section\" id=\"section_1235958492\">\n\t\t<div class=\"section-bg fill\" >\n\t\t\t\t\t\t\t\t\t\n\t\t\t\n\n\t\t<\/div>\n\n\t\t\n\n\t\t<div class=\"section-content relative\">\n\t\t\t\n<div class=\"row align-middle\"  id=\"row-951893270\">\n\n\t<div id=\"col-1678909927\" class=\"col medium-2 small-12 large-2\"  >\n\t\t\t\t<div class=\"col-inner\"  >\n\t\t\t\n\t\t\t\n\t<div class=\"img has-hover x md-x lg-x y md-y lg-y\" id=\"image_254629287\">\n\t\t\t\t\t\t\t\t<div class=\"img-inner dark\" >\n\t\t\t<img loading=\"lazy\" decoding=\"async\" width=\"97\" height=\"97\" src=\"https:\/\/hurricaneaerospace.com\/wp-content\/uploads\/2019\/03\/ddtc_public_seal.png\" class=\"attachment-large size-large\" alt=\"Department of State Public Seal\" \/>\t\t\t\t\t\t\n\t\t\t\t\t<\/div>\n\t\t\t\t\t\t\t\t\n<style>\n#image_254629287 {\n  width: 100%;\n}\n<\/style>\n\t<\/div>\n\t\n\t\t<\/div>\n\t\t\t\t\t<\/div>\n\n\t\n\n\t<div id=\"col-1981691412\" class=\"col medium-10 small-12 large-10\"  >\n\t\t\t\t<div class=\"col-inner\"  >\n\t\t\t\n\t\t\t\n<h3><strong>Departamento de Control Comercial de Defensa del Departamento de Estado de EE. UU.<\/strong><\/h3>\n<p>Utilice este v\u00ednculo como un recurso para empezar a usar DDTC y garantizar el cumplimiento de todos sus requisitos de exportaci\u00f3n.<\/p>\n<a href=\"https:\/\/www.pmddtc.state.gov\/\" target=\"_blank\" class=\"button primary\" rel=\"noopener\" >\n\t\t<span>Visite el sitio web<\/span>\n\t<i class=\"icon-angle-right\" aria-hidden=\"true\"><\/i><\/a>\n\n\t\t<\/div>\n\t\t\t\t\t<\/div>\n\n\t\n<\/div>\n<div class=\"is-divider divider clearfix\" style=\"max-width:100%;height:1px;\"><\/div>\n<div class=\"row align-middle\"  id=\"row-1380715740\">\n\n\t<div id=\"col-326883143\" class=\"col medium-2 small-12 large-2\"  >\n\t\t\t\t<div class=\"col-inner\"  >\n\t\t\t\n\t\t\t\n\t<div class=\"img has-hover x md-x lg-x y md-y lg-y\" id=\"image_457696139\">\n\t\t\t\t\t\t\t\t<div class=\"img-inner dark\" >\n\t\t\t<img loading=\"lazy\" decoding=\"async\" width=\"446\" height=\"297\" src=\"https:\/\/hurricaneaerospace.com\/wp-content\/uploads\/2019\/03\/logo-ASA.png\" class=\"attachment-large size-large\" alt=\"ASA Logo\" srcset=\"https:\/\/hurricaneaerospace.com\/wp-content\/uploads\/2019\/03\/logo-ASA.png 446w, https:\/\/hurricaneaerospace.com\/wp-content\/uploads\/2019\/03\/logo-ASA-300x200.png 300w\" sizes=\"auto, (max-width: 446px) 100vw, 446px\" \/>\t\t\t\t\t\t\n\t\t\t\t\t<\/div>\n\t\t\t\t\t\t\t\t\n<style>\n#image_457696139 {\n  width: 100%;\n}\n<\/style>\n\t<\/div>\n\t\n\t\t<\/div>\n\t\t\t\t\t<\/div>\n\n\t\n\n\t<div id=\"col-609122202\" class=\"col medium-10 small-12 large-10\"  >\n\t\t\t\t<div class=\"col-inner\"  >\n\t\t\t\n\t\t\t\n<h3>Proveedores de aviaci\u00f3n<\/h3>\n<p>ASA promueve con orgullo la seguridad, el cumplimiento normativo y las pr\u00e1cticas comerciales \u00e9ticas entre los proveedores de piezas de aviaci\u00f3n y en toda la comunidad de la aviaci\u00f3n.<\/p>\n<a href=\"http:\/\/www.aviationsuppliers.org\/\" target=\"_blank\" class=\"button primary\" rel=\"noopener\" >\n\t\t<span>Visite el sitio web<\/span>\n\t<i class=\"icon-angle-right\" aria-hidden=\"true\"><\/i><\/a>\n\n\t\t<\/div>\n\t\t\t\t\t<\/div>\n\n\t\n<\/div>\n<div class=\"is-divider divider clearfix\" style=\"max-width:100%;height:1px;\"><\/div>\n<div class=\"row align-middle\"  id=\"row-526072038\">\n\n\t<div id=\"col-334378406\" class=\"col medium-2 small-12 large-2\"  >\n\t\t\t\t<div class=\"col-inner\"  >\n\t\t\t\n\t\t\t\n\t<div class=\"img has-hover x md-x lg-x y md-y lg-y\" id=\"image_1234384500\">\n\t\t\t\t\t\t\t\t<div class=\"img-inner dark\" >\n\t\t\t<img loading=\"lazy\" decoding=\"async\" width=\"150\" height=\"91\" src=\"https:\/\/hurricaneaerospace.com\/wp-content\/uploads\/2019\/03\/ERAI_Logo.png\" class=\"attachment-large size-large\" alt=\"ERAI Logo\" \/>\t\t\t\t\t\t\n\t\t\t\t\t<\/div>\n\t\t\t\t\t\t\t\t\n<style>\n#image_1234384500 {\n  width: 100%;\n}\n<\/style>\n\t<\/div>\n\t\n\t\t<\/div>\n\t\t\t\t\t<\/div>\n\n\t\n\n\t<div id=\"col-1477990753\" class=\"col medium-10 small-12 large-10\"  >\n\t\t\t\t<div class=\"col-inner\"  >\n\t\t\t\n\t\t\t\n<h3><strong>ERAI, Inc.<\/strong><\/h3>\n<p>ERAI, Inc. es una organizaci\u00f3n privada de servicios de informaci\u00f3n global que supervisa, investiga e informa de problemas que afectan a la cadena de suministro de electr\u00f3nica global. Desde 1995, las herramientas y servicios de ERAI han ayudado a compradores y vendedores de todos los sectores de la cadena de suministro a prevenir p\u00e9rdidas mediante la mitigaci\u00f3n del riesgo en el proceso de compra de materiales. Nuestro servicio \u00fanico permite a las empresas realizar una mitigaci\u00f3n de riesgos espec\u00edfica de la industria en piezas sospechosas de falsificaci\u00f3n, de alto riesgo y no conformes, as\u00ed como proveedores y clientes problem\u00e1ticos.<\/p>\n<a href=\"http:\/\/www.erai.com\/\" target=\"_blank\" class=\"button primary\" rel=\"noopener\" >\n\t\t<span>Visite el sitio web<\/span>\n\t<i class=\"icon-angle-right\" aria-hidden=\"true\"><\/i><\/a>\n\n\t\t<\/div>\n\t\t\t\t\t<\/div>\n\n\t\n<\/div>\n<div class=\"is-divider divider clearfix\" style=\"max-width:100%;height:1px;\"><\/div>\n<div class=\"row align-middle\"  id=\"row-1610003261\">\n\n\t<div id=\"col-1466832149\" class=\"col medium-2 small-12 large-2\"  >\n\t\t\t\t<div class=\"col-inner\"  >\n\t\t\t\n\t\t\t\n\t<div class=\"img has-hover x md-x lg-x y md-y lg-y\" id=\"image_1251400167\">\n\t\t\t\t\t\t\t\t<div class=\"img-inner dark\" >\n\t\t\t<img loading=\"lazy\" decoding=\"async\" width=\"800\" height=\"203\" src=\"https:\/\/hurricaneaerospace.com\/wp-content\/uploads\/2019\/03\/EPTAC-Logo-color.png\" class=\"attachment-large size-large\" alt=\"EPTAC Logo\" srcset=\"https:\/\/hurricaneaerospace.com\/wp-content\/uploads\/2019\/03\/EPTAC-Logo-color.png 800w, https:\/\/hurricaneaerospace.com\/wp-content\/uploads\/2019\/03\/EPTAC-Logo-color-300x76.png 300w, https:\/\/hurricaneaerospace.com\/wp-content\/uploads\/2019\/03\/EPTAC-Logo-color-768x195.png 768w, https:\/\/hurricaneaerospace.com\/wp-content\/uploads\/2019\/03\/EPTAC-Logo-color-600x152.png 600w\" sizes=\"auto, (max-width: 800px) 100vw, 800px\" \/>\t\t\t\t\t\t\n\t\t\t\t\t<\/div>\n\t\t\t\t\t\t\t\t\n<style>\n#image_1251400167 {\n  width: 100%;\n}\n<\/style>\n\t<\/div>\n\t\n\t\t<\/div>\n\t\t\t\t\t<\/div>\n\n\t\n\n\t<div id=\"col-996784936\" class=\"col medium-10 small-12 large-10\"  >\n\t\t\t\t<div class=\"col-inner\"  >\n\t\t\t\n\t\t\t\n<h3><strong>EPTAC<\/strong><\/h3>\n<p>EPTAC es una empresa de certificaci\u00f3n IPC y formaci\u00f3n de soldadura reconocida internacionalmente que ofrece a los profesionales las habilidades para acelerar sus carreras. Durante m\u00e1s de 25 a\u00f1os, EPTAC ha estado ayudando a las corporaciones a aumentar los est\u00e1ndares de calidad, mejorar la productividad y maximizar los beneficios.<\/p>\n<a href=\"http:\/\/www.eptac.com\/\" target=\"_blank\" class=\"button primary\" rel=\"noopener\" >\n\t\t<span>Visite el sitio web<\/span>\n\t<i class=\"icon-angle-right\" aria-hidden=\"true\"><\/i><\/a>\n\n\t\t<\/div>\n\t\t\t\t\t<\/div>\n\n\t\n<\/div>\n<div class=\"is-divider divider clearfix\" style=\"max-width:100%;height:1px;\"><\/div>\n<div class=\"row align-middle\"  id=\"row-832985143\">\n\n\t<div id=\"col-1841640113\" class=\"col medium-2 small-12 large-2\"  >\n\t\t\t\t<div class=\"col-inner\"  >\n\t\t\t\n\t\t\t\n\t<div class=\"img has-hover x md-x lg-x y md-y lg-y\" id=\"image_97850120\">\n\t\t\t\t\t\t\t\t<div class=\"img-inner dark\" >\n\t\t\t<img loading=\"lazy\" decoding=\"async\" width=\"168\" height=\"63\" src=\"https:\/\/hurricaneaerospace.com\/wp-content\/uploads\/2019\/03\/logo_transparent.png\" class=\"attachment-large size-large\" alt=\"\" \/>\t\t\t\t\t\t\n\t\t\t\t\t<\/div>\n\t\t\t\t\t\t\t\t\n<style>\n#image_97850120 {\n  width: 100%;\n}\n<\/style>\n\t<\/div>\n\t\n\t\t<\/div>\n\t\t\t\t\t<\/div>\n\n\t\n\n\t<div id=\"col-1327213957\" class=\"col medium-10 small-12 large-10\"  >\n\t\t\t\t<div class=\"col-inner\"  >\n\t\t\t\n\t\t\t\n<h3><strong>El Sistema de Gesti\u00f3n de Premios<\/strong><\/h3>\n<p>El Sistema de Gesti\u00f3n de Premios (SAM) es el sistema oficial del Gobierno de los Estados Unidos que consolid\u00f3 las capacidades de CCR\/FedReg, ORCA y EPLS.<\/p>\n<a href=\"https:\/\/www.sam.gov\/SAM\/\" target=\"_blank\" class=\"button primary\" rel=\"noopener\" >\n\t\t<span>Visite el sitio web<\/span>\n\t<i class=\"icon-angle-right\" aria-hidden=\"true\"><\/i><\/a>\n\n\t\t<\/div>\n\t\t\t\t\t<\/div>\n\n\t\n<\/div>\n<div class=\"is-divider divider clearfix\" style=\"max-width:100%;height:1px;\"><\/div>\n<div class=\"row align-middle\"  id=\"row-1584391560\">\n\n\t<div id=\"col-94163694\" class=\"col medium-2 small-12 large-2\"  >\n\t\t\t\t<div class=\"col-inner text-center\"  >\n\t\t\t\n\t\t\t\n\t<div class=\"img has-hover x md-x lg-x y md-y lg-y\" id=\"image_1294804722\">\n\t\t\t\t\t\t\t\t<div class=\"img-inner dark\" >\n\t\t\t<img loading=\"lazy\" decoding=\"async\" width=\"64\" height=\"80\" src=\"https:\/\/hurricaneaerospace.com\/wp-content\/uploads\/2019\/03\/DLA-logo-w-blueback-Web.png\" class=\"attachment-large size-large\" alt=\"Defense Logistics Agency Logo\" \/>\t\t\t\t\t\t\n\t\t\t\t\t<\/div>\n\t\t\t\t\t\t\t\t\n<style>\n#image_1294804722 {\n  width: 66%;\n}\n<\/style>\n\t<\/div>\n\t\n\t\t<\/div>\n\t\t\t\t\t<\/div>\n\n\t\n\n\t<div id=\"col-1665022645\" class=\"col medium-10 small-12 large-10\"  >\n\t\t\t\t<div class=\"col-inner\"  >\n\t\t\t\n\t\t\t\n<h3><strong>Agencia de Log\u00edstica de Defensa<\/strong><\/h3>\n<p>La certificaci\u00f3n JCP establece la elegibilidad de un contratista estadounidense o canadiense para recibir datos t\u00e9cnicos regidos en los EE. UU., por la <a href=\"http:\/\/jitc.fhu.disa.mil\/jitc_dri\/pdfs\/d523025p.pdf\">Directiva 5230.25 del Departamento de Defensa (DOD)<\/a> y, en Canad\u00e1, por el <a href=\"http:\/\/laws-lois.justice.gc.ca\/eng\/regulations\/SOR-86-345\/\">Reglamento de Control T\u00e9cnico<\/a> de Datos (TDCR). Se requiere certificaci\u00f3n para los contratistas estadounidenses (EE.UU.) o canadienses que deseen obtener acceso a datos t\u00e9cnicos no clasificados que divulin tecnolog\u00eda militarmente cr\u00edtica con aplicaciones militares o espaciales que est\u00e9n bajo el control del Departamento de Defensa de los Estados Unidos (DOD) o del Departamento Canadiense de Defensa Nacional (DND).<\/p>\n<\/p>\n<a href=\"https:\/\/www.dla.mil\/HQ\/InformationOperations\/LogisticsInformationServices.aspx\" target=\"_blank\" class=\"button primary\" rel=\"noopener\" >\n\t\t<span>Visite el sitio web<\/span>\n\t<i class=\"icon-angle-right\" aria-hidden=\"true\"><\/i><\/a>\n\n\t\t<\/div>\n\t\t\t\t\t<\/div>\n\n\t\n<\/div>\n<div class=\"is-divider divider clearfix\" style=\"max-width:100%;height:1px;\"><\/div>\n<div class=\"row align-middle\"  id=\"row-2110055700\">\n\n\t<div id=\"col-2018228372\" class=\"col medium-2 small-12 large-2\"  >\n\t\t\t\t<div class=\"col-inner text-center\"  >\n\t\t\t\n\t\t\t\n\t<div class=\"img has-hover x md-x lg-x y md-y lg-y\" id=\"image_2141284074\">\n\t\t\t\t\t\t\t\t<div class=\"img-inner dark\" >\n\t\t\t\t\t\t\t\t\t\n\t\t\t\t\t<\/div>\n\t\t\t\t\t\t\t\t\n<style>\n#image_2141284074 {\n  width: 100%;\n}\n<\/style>\n\t<\/div>\n\t\n\t\t<\/div>\n\t\t\t\t\t<\/div>\n\n\t\n\n\t<div id=\"col-65666766\" class=\"col medium-10 small-12 large-10\"  >\n\t\t\t\t<div class=\"col-inner\"  >\n\t\t\t\n\t\t\t\n<h3><strong>ISOQAR<\/strong><\/h3>\n<p>ISOQAR es un organismo de certificaci\u00f3n acreditado. Esto significa que ISOQAR est\u00e1 acreditado para auditar a las organizaciones contra una variedad de est\u00e1ndares de calidad, medio ambiente y otros est\u00e1ndares de gesti\u00f3n.<\/p>\n<a href=\"http:\/\/www.isoqarinc.com\/\" target=\"_blank\" class=\"button primary\" rel=\"noopener\" >\n\t\t<span>Visite el sitio web<\/span>\n\t<i class=\"icon-angle-right\" aria-hidden=\"true\"><\/i><\/a>\n\n\t\t<\/div>\n\t\t\t\t\t<\/div>\n\n\t\n<\/div>\n<div class=\"is-divider divider clearfix\" style=\"max-width:100%;height:1px;\"><\/div>\n<div class=\"row align-middle\"  id=\"row-959336672\">\n\n\t<div id=\"col-384994020\" class=\"col medium-2 small-12 large-2\"  >\n\t\t\t\t<div class=\"col-inner text-center\"  >\n\t\t\t\n\t\t\t\n\t<div class=\"img has-hover x md-x lg-x y md-y lg-y\" id=\"image_419094808\">\n\t\t\t\t\t\t\t\t<div class=\"img-inner dark\" >\n\t\t\t<img loading=\"lazy\" decoding=\"async\" width=\"244\" height=\"144\" src=\"https:\/\/hurricaneaerospace.com\/wp-content\/uploads\/2019\/03\/iaqg_logo.gif\" class=\"attachment-large size-large\" alt=\"International Aerospace Quality Group Logo\" \/>\t\t\t\t\t\t\n\t\t\t\t\t<\/div>\n\t\t\t\t\t\t\t\t\n<style>\n#image_419094808 {\n  width: 100%;\n}\n<\/style>\n\t<\/div>\n\t\n\t\t<\/div>\n\t\t\t\t\t<\/div>\n\n\t\n\n\t<div id=\"col-730720373\" class=\"col medium-10 small-12 large-10\"  >\n\t\t\t\t<div class=\"col-inner\"  >\n\t\t\t\n\t\t\t\n<h3><strong>Iaqg<\/strong><\/h3>\n<p>El IAQG es una organizaci\u00f3n global cooperativa que re\u00fane a las empresas de aviaci\u00f3n, espacio y defensa para ofrecer m\u00e1s valor en todos los niveles de la cadena de suministro.<\/p>\n<a href=\"http:\/\/www.sae.org\/iaqg\/\" target=\"_blank\" class=\"button primary\" rel=\"noopener\" >\n\t\t<span>Visite el sitio web<\/span>\n\t<i class=\"icon-angle-right\" aria-hidden=\"true\"><\/i><\/a>\n\n\t\t<\/div>\n\t\t\t\t\t<\/div>\n\n\t\n<\/div>\n<div class=\"is-divider divider clearfix\" style=\"max-width:100%;height:1px;\"><\/div>\n<div class=\"row align-middle\"  id=\"row-1414211382\">\n\n\t<div id=\"col-318838409\" class=\"col medium-2 small-12 large-2\"  >\n\t\t\t\t<div class=\"col-inner text-center\"  >\n\t\t\t\n\t\t\t\n\t<div class=\"img has-hover x md-x lg-x y md-y lg-y\" id=\"image_1737777007\">\n\t\t\t\t\t\t\t\t<div class=\"img-inner dark\" >\n\t\t\t<img loading=\"lazy\" decoding=\"async\" width=\"1020\" height=\"253\" src=\"https:\/\/hurricaneaerospace.com\/wp-content\/uploads\/2019\/03\/Boeing-Logo.svg-1024x254-1024x254.png\" class=\"attachment-large size-large\" alt=\"Boeing logo SVG\" srcset=\"https:\/\/hurricaneaerospace.com\/wp-content\/uploads\/2019\/03\/Boeing-Logo.svg-1024x254.png 1024w, https:\/\/hurricaneaerospace.com\/wp-content\/uploads\/2019\/03\/Boeing-Logo.svg-1024x254-300x74.png 300w, https:\/\/hurricaneaerospace.com\/wp-content\/uploads\/2019\/03\/Boeing-Logo.svg-1024x254-768x191.png 768w, https:\/\/hurricaneaerospace.com\/wp-content\/uploads\/2019\/03\/Boeing-Logo.svg-1024x254-600x149.png 600w\" sizes=\"auto, (max-width: 1020px) 100vw, 1020px\" \/>\t\t\t\t\t\t\n\t\t\t\t\t<\/div>\n\t\t\t\t\t\t\t\t\n<style>\n#image_1737777007 {\n  width: 100%;\n}\n<\/style>\n\t<\/div>\n\t\n\t\t<\/div>\n\t\t\t\t\t<\/div>\n\n\t\n\n\t<div id=\"col-432672608\" class=\"col medium-10 small-12 large-10\"  >\n\t\t\t\t<div class=\"col-inner\"  >\n\t\t\t\n\t\t\t\n<h3><strong>El premio Boeing Performance Excellence Award<\/strong><\/h3>\n<p>El Boeing Performance Excellence Award es un programa anual para reconocer el rendimiento superior medido en BEST. Boeing generalmente anuncia a los destinatarios de BPEA cada enero. El programa BPEA reemplaz\u00f3 al programa de Certificaci\u00f3n de Proveedores Preferidos de Boeing.<\/p>\n<p>\n<a href=\"http:\/\/www.boeingsuppliers.com\/awards.html\" target=\"_blank\" class=\"button primary\" rel=\"noopener\" >\n\t\t<span>Visite el sitio web<\/span>\n\t<i class=\"icon-angle-right\" aria-hidden=\"true\"><\/i><\/a>\n\n\t\t<\/div>\n\t\t\t\t\t<\/div>\n\n\t\n<\/div>\n\t\t<\/div>\n\n\t\t\n<style>\n#section_1235958492 {\n  padding-top: 30px;\n  padding-bottom: 30px;\n}\n<\/style>\n\t<\/section>\n\t\n<\/p>\n<p>&nbsp;<\/p>\n","protected":false},"excerpt":{"rendered":"<p>&nbsp; &nbsp;<\/p>\n","protected":false},"author":4,"featured_media":0,"parent":0,"menu_order":0,"comment_status":"closed","ping_status":"closed","template":"page-blank.php","meta":{"nf_dc_page":"","_monsterinsights_skip_tracking":false,"_monsterinsights_sitenote_active":false,"_monsterinsights_sitenote_note":"","_monsterinsights_sitenote_category":0,"footnotes":""},"class_list":["post-6503","page","type-page","status-publish","hentry"],"yoast_head":"<!-- This site is optimized with the Yoast SEO plugin v27.4 - https:\/\/yoast.com\/product\/yoast-seo-wordpress\/ -->\n<title>Enlaces \u00fatiles - Hurac\u00e1n Aeroespacial<\/title>\n<meta name=\"robots\" content=\"index, follow, max-snippet:-1, max-image-preview:large, max-video-preview:-1\" \/>\n<link rel=\"canonical\" href=\"https:\/\/hurricaneaerospace.com\/es\/enlaces-utiles\/\" \/>\n<meta property=\"og:locale\" content=\"es_ES\" \/>\n<meta property=\"og:type\" content=\"article\" \/>\n<meta property=\"og:title\" content=\"Enlaces \u00fatiles - Hurac\u00e1n Aeroespacial\" \/>\n<meta property=\"og:description\" content=\"&nbsp; &nbsp;\" \/>\n<meta property=\"og:url\" content=\"https:\/\/hurricaneaerospace.com\/es\/enlaces-utiles\/\" \/>\n<meta property=\"og:site_name\" content=\"Hurac\u00e1n Aeroespacial\" \/>\n<meta property=\"article:publisher\" content=\"https:\/\/www.facebook.com\/HurricaneAerospaceSolutions\/\" \/>\n<meta property=\"article:modified_time\" content=\"2020-12-04T03:21:41+00:00\" \/>\n<meta name=\"twitter:card\" content=\"summary_large_image\" \/>\n<meta name=\"twitter:site\" content=\"@hurricaneaero\" \/>\n<meta name=\"twitter:label1\" content=\"Tiempo de lectura\" \/>\n\t<meta name=\"twitter:data1\" content=\"4 minutos\" \/>\n<script type=\"application\/ld+json\" class=\"yoast-schema-graph\">{\"@context\":\"https:\\\/\\\/schema.org\",\"@graph\":[{\"@type\":\"WebPage\",\"@id\":\"https:\\\/\\\/hurricaneaerospace.com\\\/es\\\/enlaces-utiles\\\/\",\"url\":\"https:\\\/\\\/hurricaneaerospace.com\\\/es\\\/enlaces-utiles\\\/\",\"name\":\"Enlaces \u00fatiles - Hurac\u00e1n Aeroespacial\",\"isPartOf\":{\"@id\":\"https:\\\/\\\/hurricaneaerospace.com\\\/es\\\/#website\"},\"datePublished\":\"2020-08-19T20:38:28+00:00\",\"dateModified\":\"2020-12-04T03:21:41+00:00\",\"breadcrumb\":{\"@id\":\"https:\\\/\\\/hurricaneaerospace.com\\\/es\\\/enlaces-utiles\\\/#breadcrumb\"},\"inLanguage\":\"es\",\"potentialAction\":[{\"@type\":\"ReadAction\",\"target\":[\"https:\\\/\\\/hurricaneaerospace.com\\\/es\\\/enlaces-utiles\\\/\"]}]},{\"@type\":\"BreadcrumbList\",\"@id\":\"https:\\\/\\\/hurricaneaerospace.com\\\/es\\\/enlaces-utiles\\\/#breadcrumb\",\"itemListElement\":[{\"@type\":\"ListItem\",\"position\":1,\"name\":\"Casa\",\"item\":\"https:\\\/\\\/hurricaneaerospace.com\\\/es\\\/\"},{\"@type\":\"ListItem\",\"position\":2,\"name\":\"Enlaces \u00fatiles\"}]},{\"@type\":\"WebSite\",\"@id\":\"https:\\\/\\\/hurricaneaerospace.com\\\/es\\\/#website\",\"url\":\"https:\\\/\\\/hurricaneaerospace.com\\\/es\\\/\",\"name\":\"Hurac\u00e1n Aeroespacial\",\"description\":\"M\u00e1s de 25 a\u00f1os de experiencia\",\"publisher\":{\"@id\":\"https:\\\/\\\/hurricaneaerospace.com\\\/es\\\/#organization\"},\"potentialAction\":[{\"@type\":\"SearchAction\",\"target\":{\"@type\":\"EntryPoint\",\"urlTemplate\":\"https:\\\/\\\/hurricaneaerospace.com\\\/es\\\/?s={search_term_string}\"},\"query-input\":{\"@type\":\"PropertyValueSpecification\",\"valueRequired\":true,\"valueName\":\"search_term_string\"}}],\"inLanguage\":\"es\"},{\"@type\":\"Organization\",\"@id\":\"https:\\\/\\\/hurricaneaerospace.com\\\/es\\\/#organization\",\"name\":\"Hurricane Aerospace Solutions\",\"url\":\"https:\\\/\\\/hurricaneaerospace.com\\\/es\\\/\",\"logo\":{\"@type\":\"ImageObject\",\"inLanguage\":\"es\",\"@id\":\"https:\\\/\\\/hurricaneaerospace.com\\\/es\\\/#\\\/schema\\\/logo\\\/image\\\/\",\"url\":\"https:\\\/\\\/hurricaneaerospace.com\\\/wp-content\\\/uploads\\\/2019\\\/03\\\/Hurricane-Website-Logo-Retina-2019.png\",\"contentUrl\":\"https:\\\/\\\/hurricaneaerospace.com\\\/wp-content\\\/uploads\\\/2019\\\/03\\\/Hurricane-Website-Logo-Retina-2019.png\",\"width\":800,\"height\":482,\"caption\":\"Hurricane Aerospace Solutions\"},\"image\":{\"@id\":\"https:\\\/\\\/hurricaneaerospace.com\\\/es\\\/#\\\/schema\\\/logo\\\/image\\\/\"},\"sameAs\":[\"https:\\\/\\\/www.facebook.com\\\/HurricaneAerospaceSolutions\\\/\",\"https:\\\/\\\/x.com\\\/hurricaneaero\",\"https:\\\/\\\/www.instagram.com\\\/hurricaneaerospacesolutions\\\/\",\"http:\\\/\\\/www.linkedin.com\\\/company\\\/hurricaneaerospacesolutions\\\/\"]}]}<\/script>\n<!-- \/ Yoast SEO plugin. -->","yoast_head_json":{"title":"Enlaces \u00fatiles - Hurac\u00e1n Aeroespacial","robots":{"index":"index","follow":"follow","max-snippet":"max-snippet:-1","max-image-preview":"max-image-preview:large","max-video-preview":"max-video-preview:-1"},"canonical":"https:\/\/hurricaneaerospace.com\/es\/enlaces-utiles\/","og_locale":"es_ES","og_type":"article","og_title":"Enlaces \u00fatiles - Hurac\u00e1n Aeroespacial","og_description":"&nbsp; &nbsp;","og_url":"https:\/\/hurricaneaerospace.com\/es\/enlaces-utiles\/","og_site_name":"Hurac\u00e1n Aeroespacial","article_publisher":"https:\/\/www.facebook.com\/HurricaneAerospaceSolutions\/","article_modified_time":"2020-12-04T03:21:41+00:00","twitter_card":"summary_large_image","twitter_site":"@hurricaneaero","twitter_misc":{"Tiempo de lectura":"4 minutos"},"schema":{"@context":"https:\/\/schema.org","@graph":[{"@type":"WebPage","@id":"https:\/\/hurricaneaerospace.com\/es\/enlaces-utiles\/","url":"https:\/\/hurricaneaerospace.com\/es\/enlaces-utiles\/","name":"Enlaces \u00fatiles - Hurac\u00e1n Aeroespacial","isPartOf":{"@id":"https:\/\/hurricaneaerospace.com\/es\/#website"},"datePublished":"2020-08-19T20:38:28+00:00","dateModified":"2020-12-04T03:21:41+00:00","breadcrumb":{"@id":"https:\/\/hurricaneaerospace.com\/es\/enlaces-utiles\/#breadcrumb"},"inLanguage":"es","potentialAction":[{"@type":"ReadAction","target":["https:\/\/hurricaneaerospace.com\/es\/enlaces-utiles\/"]}]},{"@type":"BreadcrumbList","@id":"https:\/\/hurricaneaerospace.com\/es\/enlaces-utiles\/#breadcrumb","itemListElement":[{"@type":"ListItem","position":1,"name":"Casa","item":"https:\/\/hurricaneaerospace.com\/es\/"},{"@type":"ListItem","position":2,"name":"Enlaces \u00fatiles"}]},{"@type":"WebSite","@id":"https:\/\/hurricaneaerospace.com\/es\/#website","url":"https:\/\/hurricaneaerospace.com\/es\/","name":"Hurac\u00e1n Aeroespacial","description":"M\u00e1s de 25 a\u00f1os de experiencia","publisher":{"@id":"https:\/\/hurricaneaerospace.com\/es\/#organization"},"potentialAction":[{"@type":"SearchAction","target":{"@type":"EntryPoint","urlTemplate":"https:\/\/hurricaneaerospace.com\/es\/?s={search_term_string}"},"query-input":{"@type":"PropertyValueSpecification","valueRequired":true,"valueName":"search_term_string"}}],"inLanguage":"es"},{"@type":"Organization","@id":"https:\/\/hurricaneaerospace.com\/es\/#organization","name":"Hurricane Aerospace Solutions","url":"https:\/\/hurricaneaerospace.com\/es\/","logo":{"@type":"ImageObject","inLanguage":"es","@id":"https:\/\/hurricaneaerospace.com\/es\/#\/schema\/logo\/image\/","url":"https:\/\/hurricaneaerospace.com\/wp-content\/uploads\/2019\/03\/Hurricane-Website-Logo-Retina-2019.png","contentUrl":"https:\/\/hurricaneaerospace.com\/wp-content\/uploads\/2019\/03\/Hurricane-Website-Logo-Retina-2019.png","width":800,"height":482,"caption":"Hurricane Aerospace Solutions"},"image":{"@id":"https:\/\/hurricaneaerospace.com\/es\/#\/schema\/logo\/image\/"},"sameAs":["https:\/\/www.facebook.com\/HurricaneAerospaceSolutions\/","https:\/\/x.com\/hurricaneaero","https:\/\/www.instagram.com\/hurricaneaerospacesolutions\/","http:\/\/www.linkedin.com\/company\/hurricaneaerospacesolutions\/"]}]}},"_links":{"self":[{"href":"https:\/\/hurricaneaerospace.com\/es\/wp-json\/wp\/v2\/pages\/6503","targetHints":{"allow":["GET"]}}],"collection":[{"href":"https:\/\/hurricaneaerospace.com\/es\/wp-json\/wp\/v2\/pages"}],"about":[{"href":"https:\/\/hurricaneaerospace.com\/es\/wp-json\/wp\/v2\/types\/page"}],"author":[{"embeddable":true,"href":"https:\/\/hurricaneaerospace.com\/es\/wp-json\/wp\/v2\/users\/4"}],"replies":[{"embeddable":true,"href":"https:\/\/hurricaneaerospace.com\/es\/wp-json\/wp\/v2\/comments?post=6503"}],"version-history":[{"count":4,"href":"https:\/\/hurricaneaerospace.com\/es\/wp-json\/wp\/v2\/pages\/6503\/revisions"}],"predecessor-version":[{"id":7891,"href":"https:\/\/hurricaneaerospace.com\/es\/wp-json\/wp\/v2\/pages\/6503\/revisions\/7891"}],"wp:attachment":[{"href":"https:\/\/hurricaneaerospace.com\/es\/wp-json\/wp\/v2\/media?parent=6503"}],"curies":[{"name":"wp","href":"https:\/\/api.w.org\/{rel}","templated":true}]}}