{"id":6540,"date":"2020-08-19T20:40:42","date_gmt":"2020-08-19T20:40:42","guid":{"rendered":"https:\/\/hurricaneaerospace.com\/politica-de-evitacion-de-productos-falsificados\/"},"modified":"2020-12-04T04:29:55","modified_gmt":"2020-12-04T04:29:55","slug":"politica-de-evitacion-de-productos-falsificados","status":"publish","type":"page","link":"https:\/\/hurricaneaerospace.com\/es\/politica-de-evitacion-de-productos-falsificados\/","title":{"rendered":"Pol\u00edtica de evitaci\u00f3n de productos falsificados"},"content":{"rendered":"\n\n\t<section class=\"section dark\" id=\"section_587950272\">\n\t\t<div class=\"section-bg fill\" >\n\t\t\t<img loading=\"lazy\" decoding=\"async\" width=\"1243\" height=\"302\" src=\"https:\/\/hurricaneaerospace.com\/wp-content\/uploads\/2019\/03\/hurricane-aerospace-blueprint-header-image.jpg\" class=\"bg attachment- size-\" alt=\"\" \/>\t\t\t\t\t\t<div class=\"section-bg-overlay absolute fill\"><\/div>\n\t\t\t\n\n\t\t<\/div>\n\n\t\t\n\n\t\t<div class=\"section-content relative\">\n\t\t\t\n\n<div class=\"row\"  id=\"row-1511739484\">\n\n\n\t<div id=\"col-616937138\" class=\"col small-12 large-12\"  >\n\t\t\t\t<div class=\"col-inner\"  >\n\t\t\t\n\t\t\t\n\n<div class=\"container section-title-container\" style=\"margin-top:0px;margin-bottom:0px;\"><h1 class=\"section-title section-title-center\"><b aria-hidden=\"true\"><\/b><span class=\"section-title-main\" >Pol\u00edtica de evitaci\u00f3n de productos falsificados<\/span><b aria-hidden=\"true\"><\/b><\/h1><\/div>\n\n\n\t\t<\/div>\n\t\t\t\t\t<\/div>\n\n\t\n\n<\/div>\n\n\t\t<\/div>\n\n\t\t\n<style>\n#section_587950272 {\n  padding-top: 50px;\n  padding-bottom: 50px;\n}\n#section_587950272 .section-bg-overlay {\n  background-color: rgba(27, 64, 128, 0.55);\n}\n<\/style>\n\t<\/section>\n\t\n\n\t<section class=\"section\" id=\"section_705459316\">\n\t\t<div class=\"section-bg fill\" >\n\t\t\t\t\t\t\t\t\t\n\t\t\t\n\n\t\t<\/div>\n\n\t\t\n\n\t\t<div class=\"section-content relative\">\n\t\t\t\n\n<div class=\"row\"  id=\"row-1538379908\">\n\n\n\t<div id=\"col-699747235\" class=\"col small-12 large-12\"  >\n\t\t\t\t<div class=\"col-inner\"  >\n\t\t\t\n\t\t\t\n\n<h1>Pol\u00edtica de evitaci\u00f3n de productos falsificados<\/h1>\n<p>Es un honor y privilegio ser un proveedor de componentes electr\u00f3nicos y equipos para la comunidad de Aviaci\u00f3n y Mar\u00edtimo durante los \u00faltimos cinco a\u00f1os. Desde los aviones comerciales, los aviones de propietarios privados y el buque, hasta los soldados en el campo, servimos a algunas de las personas m\u00e1s dedicadas y trabajadoras del mundo. Muchos de los cuales ponen sus vidas en juego todos los d\u00edas para mantenernos a salvo y mantenernos libres sirviendo en el ej\u00e9rcito de los Estados Unidos. Por lo tanto, incumbe a todos nosotros proporcionar el mejor equipo, fabricado con la mejor calidad de materiales y componentes electr\u00f3nicos.<\/p>\n<p>Las piezas falsificadas son un problema importante en la industria electr\u00f3nica. Tenga la seguridad de que Hurricane Electronics, Inc. siempre ha visto el excedente, o las piezas no trazables como inherentemente sospechosos y examinados en consecuencia. Adem\u00e1s, nuestro proceso de inspecci\u00f3n siempre se ha realizado teniendo en cuenta la detecci\u00f3n y la evitaci\u00f3n de falsificaciones. Utilizaci\u00f3n de la casa de pruebas aprobada por el cliente y art\u00edculos de cribado que se entregan desde la cadena de suministro OEM y Franquicia. Los falsificadores no se detienen a descansar, y tampoco Hurricane Electronics, Inc. En 2012, como parte de nuestra continua mejora para no solo cumplir y superar las expectativas de nuestros clientes, nos embarcamos en un viaje que documenta formalmente procesos y procedimientos espec\u00edficos para &#8220;Evitaci\u00f3n de Piezas Electr\u00f3nicas Falsificadas&#8221; que abarca tanto el est\u00e1ndar SAE AS5553 como los requisitos de cumplimiento D950-11160-1 de The Boeing Company para garantizar que tenemos y continuamos mitigando nuestros riesgos potenciales y mejorando continuamente nuestras capacidades de detecci\u00f3n de productos falsificados.<\/p>\n<p><strong>Hurricane Electronics, Inc. se compromete a lo siguiente:<\/strong><\/p>\n<ul>\n<li><em>Los nuevos componentes de f\u00e1brica se adquirir\u00e1n directamente de los fabricantes originales o de sus distribuidores autorizados.<\/em><\/li>\n<li><em>Nuestro cliente siempre ser\u00e1 informado de los problemas de disponibilidad con respecto a las piezas que requieren. Las piezas ser\u00e1n inspeccionadas escrupulosamente de conformidad con AS5553 y D950-11160-1 utilizando t\u00e9cnicas conocidas actualmente para identificar piezas sospechosas.<\/em><\/li>\n<li><em>La inspecci\u00f3n visual, la medici\u00f3n, la verificaci\u00f3n de c\u00f3digos de fecha, los n\u00fameros de lote y las marcas del fabricante, la permanencia de marcado, la evaluaci\u00f3n no destructiva, las pruebas destructivas y el\u00e9ctricas, la quema, etc., se utilizar\u00e1n sobre la base de la evaluaci\u00f3n del riesgo.<\/em><\/li>\n<\/ul>\n<p><em><strong>El descubrimiento de piezas falsificadas se notificar\u00e1 inmediatamente a ERAI y a todas las partes pertinentes.<\/strong><\/em><\/p>\n\n\t\t<\/div>\n\t\t\t\t\t<\/div>\n\n\t\n\n<\/div>\n\n\t\t<\/div>\n\n\t\t\n<style>\n#section_705459316 {\n  padding-top: 60px;\n  padding-bottom: 60px;\n}\n<\/style>\n\t<\/section>\n\t\n\n","protected":false},"excerpt":{"rendered":"","protected":false},"author":4,"featured_media":0,"parent":0,"menu_order":0,"comment_status":"closed","ping_status":"closed","template":"page-blank.php","meta":{"nf_dc_page":"","_monsterinsights_skip_tracking":false,"_monsterinsights_sitenote_active":false,"_monsterinsights_sitenote_note":"","_monsterinsights_sitenote_category":0,"footnotes":""},"class_list":["post-6540","page","type-page","status-publish","hentry"],"yoast_head":"<!-- This site is optimized with the Yoast SEO plugin v27.4 - https:\/\/yoast.com\/product\/yoast-seo-wordpress\/ -->\n<title>Pol\u00edtica de evitaci\u00f3n de productos falsificados - Hurac\u00e1n Aeroespacial<\/title>\n<meta name=\"robots\" content=\"index, follow, max-snippet:-1, max-image-preview:large, max-video-preview:-1\" \/>\n<link rel=\"canonical\" href=\"https:\/\/hurricaneaerospace.com\/es\/politica-de-evitacion-de-productos-falsificados\/\" \/>\n<meta property=\"og:locale\" content=\"es_ES\" \/>\n<meta property=\"og:type\" content=\"article\" \/>\n<meta property=\"og:title\" content=\"Pol\u00edtica de evitaci\u00f3n de productos falsificados - Hurac\u00e1n Aeroespacial\" \/>\n<meta property=\"og:url\" content=\"https:\/\/hurricaneaerospace.com\/es\/politica-de-evitacion-de-productos-falsificados\/\" \/>\n<meta property=\"og:site_name\" content=\"Hurac\u00e1n Aeroespacial\" \/>\n<meta property=\"article:publisher\" content=\"https:\/\/www.facebook.com\/HurricaneAerospaceSolutions\/\" \/>\n<meta property=\"article:modified_time\" content=\"2020-12-04T04:29:55+00:00\" \/>\n<meta name=\"twitter:card\" content=\"summary_large_image\" \/>\n<meta name=\"twitter:site\" content=\"@hurricaneaero\" \/>\n<meta name=\"twitter:label1\" content=\"Tiempo de lectura\" \/>\n\t<meta name=\"twitter:data1\" content=\"2 minutos\" \/>\n<script type=\"application\/ld+json\" class=\"yoast-schema-graph\">{\"@context\":\"https:\\\/\\\/schema.org\",\"@graph\":[{\"@type\":\"WebPage\",\"@id\":\"https:\\\/\\\/hurricaneaerospace.com\\\/es\\\/politica-de-evitacion-de-productos-falsificados\\\/\",\"url\":\"https:\\\/\\\/hurricaneaerospace.com\\\/es\\\/politica-de-evitacion-de-productos-falsificados\\\/\",\"name\":\"Pol\u00edtica de evitaci\u00f3n de productos falsificados - Hurac\u00e1n Aeroespacial\",\"isPartOf\":{\"@id\":\"https:\\\/\\\/hurricaneaerospace.com\\\/es\\\/#website\"},\"datePublished\":\"2020-08-19T20:40:42+00:00\",\"dateModified\":\"2020-12-04T04:29:55+00:00\",\"breadcrumb\":{\"@id\":\"https:\\\/\\\/hurricaneaerospace.com\\\/es\\\/politica-de-evitacion-de-productos-falsificados\\\/#breadcrumb\"},\"inLanguage\":\"es\",\"potentialAction\":[{\"@type\":\"ReadAction\",\"target\":[\"https:\\\/\\\/hurricaneaerospace.com\\\/es\\\/politica-de-evitacion-de-productos-falsificados\\\/\"]}]},{\"@type\":\"BreadcrumbList\",\"@id\":\"https:\\\/\\\/hurricaneaerospace.com\\\/es\\\/politica-de-evitacion-de-productos-falsificados\\\/#breadcrumb\",\"itemListElement\":[{\"@type\":\"ListItem\",\"position\":1,\"name\":\"Casa\",\"item\":\"https:\\\/\\\/hurricaneaerospace.com\\\/es\\\/\"},{\"@type\":\"ListItem\",\"position\":2,\"name\":\"Pol\u00edtica de evitaci\u00f3n de productos falsificados\"}]},{\"@type\":\"WebSite\",\"@id\":\"https:\\\/\\\/hurricaneaerospace.com\\\/es\\\/#website\",\"url\":\"https:\\\/\\\/hurricaneaerospace.com\\\/es\\\/\",\"name\":\"Hurac\u00e1n Aeroespacial\",\"description\":\"M\u00e1s de 25 a\u00f1os de experiencia\",\"publisher\":{\"@id\":\"https:\\\/\\\/hurricaneaerospace.com\\\/es\\\/#organization\"},\"potentialAction\":[{\"@type\":\"SearchAction\",\"target\":{\"@type\":\"EntryPoint\",\"urlTemplate\":\"https:\\\/\\\/hurricaneaerospace.com\\\/es\\\/?s={search_term_string}\"},\"query-input\":{\"@type\":\"PropertyValueSpecification\",\"valueRequired\":true,\"valueName\":\"search_term_string\"}}],\"inLanguage\":\"es\"},{\"@type\":\"Organization\",\"@id\":\"https:\\\/\\\/hurricaneaerospace.com\\\/es\\\/#organization\",\"name\":\"Hurricane Aerospace Solutions\",\"url\":\"https:\\\/\\\/hurricaneaerospace.com\\\/es\\\/\",\"logo\":{\"@type\":\"ImageObject\",\"inLanguage\":\"es\",\"@id\":\"https:\\\/\\\/hurricaneaerospace.com\\\/es\\\/#\\\/schema\\\/logo\\\/image\\\/\",\"url\":\"https:\\\/\\\/hurricaneaerospace.com\\\/wp-content\\\/uploads\\\/2019\\\/03\\\/Hurricane-Website-Logo-Retina-2019.png\",\"contentUrl\":\"https:\\\/\\\/hurricaneaerospace.com\\\/wp-content\\\/uploads\\\/2019\\\/03\\\/Hurricane-Website-Logo-Retina-2019.png\",\"width\":800,\"height\":482,\"caption\":\"Hurricane Aerospace Solutions\"},\"image\":{\"@id\":\"https:\\\/\\\/hurricaneaerospace.com\\\/es\\\/#\\\/schema\\\/logo\\\/image\\\/\"},\"sameAs\":[\"https:\\\/\\\/www.facebook.com\\\/HurricaneAerospaceSolutions\\\/\",\"https:\\\/\\\/x.com\\\/hurricaneaero\",\"https:\\\/\\\/www.instagram.com\\\/hurricaneaerospacesolutions\\\/\",\"http:\\\/\\\/www.linkedin.com\\\/company\\\/hurricaneaerospacesolutions\\\/\"]}]}<\/script>\n<!-- \/ Yoast SEO plugin. -->","yoast_head_json":{"title":"Pol\u00edtica de evitaci\u00f3n de productos falsificados - Hurac\u00e1n Aeroespacial","robots":{"index":"index","follow":"follow","max-snippet":"max-snippet:-1","max-image-preview":"max-image-preview:large","max-video-preview":"max-video-preview:-1"},"canonical":"https:\/\/hurricaneaerospace.com\/es\/politica-de-evitacion-de-productos-falsificados\/","og_locale":"es_ES","og_type":"article","og_title":"Pol\u00edtica de evitaci\u00f3n de productos falsificados - Hurac\u00e1n Aeroespacial","og_url":"https:\/\/hurricaneaerospace.com\/es\/politica-de-evitacion-de-productos-falsificados\/","og_site_name":"Hurac\u00e1n Aeroespacial","article_publisher":"https:\/\/www.facebook.com\/HurricaneAerospaceSolutions\/","article_modified_time":"2020-12-04T04:29:55+00:00","twitter_card":"summary_large_image","twitter_site":"@hurricaneaero","twitter_misc":{"Tiempo de lectura":"2 minutos"},"schema":{"@context":"https:\/\/schema.org","@graph":[{"@type":"WebPage","@id":"https:\/\/hurricaneaerospace.com\/es\/politica-de-evitacion-de-productos-falsificados\/","url":"https:\/\/hurricaneaerospace.com\/es\/politica-de-evitacion-de-productos-falsificados\/","name":"Pol\u00edtica de evitaci\u00f3n de productos falsificados - Hurac\u00e1n Aeroespacial","isPartOf":{"@id":"https:\/\/hurricaneaerospace.com\/es\/#website"},"datePublished":"2020-08-19T20:40:42+00:00","dateModified":"2020-12-04T04:29:55+00:00","breadcrumb":{"@id":"https:\/\/hurricaneaerospace.com\/es\/politica-de-evitacion-de-productos-falsificados\/#breadcrumb"},"inLanguage":"es","potentialAction":[{"@type":"ReadAction","target":["https:\/\/hurricaneaerospace.com\/es\/politica-de-evitacion-de-productos-falsificados\/"]}]},{"@type":"BreadcrumbList","@id":"https:\/\/hurricaneaerospace.com\/es\/politica-de-evitacion-de-productos-falsificados\/#breadcrumb","itemListElement":[{"@type":"ListItem","position":1,"name":"Casa","item":"https:\/\/hurricaneaerospace.com\/es\/"},{"@type":"ListItem","position":2,"name":"Pol\u00edtica de evitaci\u00f3n de productos falsificados"}]},{"@type":"WebSite","@id":"https:\/\/hurricaneaerospace.com\/es\/#website","url":"https:\/\/hurricaneaerospace.com\/es\/","name":"Hurac\u00e1n Aeroespacial","description":"M\u00e1s de 25 a\u00f1os de experiencia","publisher":{"@id":"https:\/\/hurricaneaerospace.com\/es\/#organization"},"potentialAction":[{"@type":"SearchAction","target":{"@type":"EntryPoint","urlTemplate":"https:\/\/hurricaneaerospace.com\/es\/?s={search_term_string}"},"query-input":{"@type":"PropertyValueSpecification","valueRequired":true,"valueName":"search_term_string"}}],"inLanguage":"es"},{"@type":"Organization","@id":"https:\/\/hurricaneaerospace.com\/es\/#organization","name":"Hurricane Aerospace Solutions","url":"https:\/\/hurricaneaerospace.com\/es\/","logo":{"@type":"ImageObject","inLanguage":"es","@id":"https:\/\/hurricaneaerospace.com\/es\/#\/schema\/logo\/image\/","url":"https:\/\/hurricaneaerospace.com\/wp-content\/uploads\/2019\/03\/Hurricane-Website-Logo-Retina-2019.png","contentUrl":"https:\/\/hurricaneaerospace.com\/wp-content\/uploads\/2019\/03\/Hurricane-Website-Logo-Retina-2019.png","width":800,"height":482,"caption":"Hurricane Aerospace Solutions"},"image":{"@id":"https:\/\/hurricaneaerospace.com\/es\/#\/schema\/logo\/image\/"},"sameAs":["https:\/\/www.facebook.com\/HurricaneAerospaceSolutions\/","https:\/\/x.com\/hurricaneaero","https:\/\/www.instagram.com\/hurricaneaerospacesolutions\/","http:\/\/www.linkedin.com\/company\/hurricaneaerospacesolutions\/"]}]}},"_links":{"self":[{"href":"https:\/\/hurricaneaerospace.com\/es\/wp-json\/wp\/v2\/pages\/6540","targetHints":{"allow":["GET"]}}],"collection":[{"href":"https:\/\/hurricaneaerospace.com\/es\/wp-json\/wp\/v2\/pages"}],"about":[{"href":"https:\/\/hurricaneaerospace.com\/es\/wp-json\/wp\/v2\/types\/page"}],"author":[{"embeddable":true,"href":"https:\/\/hurricaneaerospace.com\/es\/wp-json\/wp\/v2\/users\/4"}],"replies":[{"embeddable":true,"href":"https:\/\/hurricaneaerospace.com\/es\/wp-json\/wp\/v2\/comments?post=6540"}],"version-history":[{"count":2,"href":"https:\/\/hurricaneaerospace.com\/es\/wp-json\/wp\/v2\/pages\/6540\/revisions"}],"predecessor-version":[{"id":8139,"href":"https:\/\/hurricaneaerospace.com\/es\/wp-json\/wp\/v2\/pages\/6540\/revisions\/8139"}],"wp:attachment":[{"href":"https:\/\/hurricaneaerospace.com\/es\/wp-json\/wp\/v2\/media?parent=6540"}],"curies":[{"name":"wp","href":"https:\/\/api.w.org\/{rel}","templated":true}]}}