{"id":6568,"date":"2020-08-19T20:42:19","date_gmt":"2020-08-19T20:42:19","guid":{"rendered":"https:\/\/hurricaneaerospace.com\/declaracion-mineral-de-conflicto\/"},"modified":"2020-12-04T04:29:56","modified_gmt":"2020-12-04T04:29:56","slug":"declaracion-mineral-de-conflicto","status":"publish","type":"page","link":"https:\/\/hurricaneaerospace.com\/es\/declaracion-mineral-de-conflicto\/","title":{"rendered":"Declaraci\u00f3n mineral de conflicto"},"content":{"rendered":"\n\t<section class=\"section dark\" id=\"section_1864588098\">\n\t\t<div class=\"section-bg fill\" >\n\t\t\t<img loading=\"lazy\" decoding=\"async\" width=\"1243\" height=\"302\" src=\"https:\/\/hurricaneaerospace.com\/wp-content\/uploads\/2019\/03\/hurricane-aerospace-blueprint-header-image.jpg\" class=\"bg attachment- size-\" alt=\"\" \/>\t\t\t\t\t\t<div class=\"section-bg-overlay absolute fill\"><\/div>\n\t\t\t\n\n\t\t<\/div>\n\n\t\t\n\n\t\t<div class=\"section-content relative\">\n\t\t\t\n<div class=\"row\"  id=\"row-551956765\">\n\n\t<div id=\"col-667758670\" class=\"col small-12 large-12\"  >\n\t\t\t\t<div class=\"col-inner\"  >\n\t\t\t\n\t\t\t\n<div class=\"container section-title-container\" style=\"margin-bottom:0px;\"><h1 class=\"section-title section-title-center\"><b aria-hidden=\"true\"><\/b><span class=\"section-title-main\" >Declaraci\u00f3n mineral de conflicto<\/span><b aria-hidden=\"true\"><\/b><\/h1><\/div>\n\t\t<\/div>\n\t\t\t\t\t<\/div>\n\n\t\n<\/div>\n\t\t<\/div>\n\n\t\t\n<style>\n#section_1864588098 {\n  padding-top: 30px;\n  padding-bottom: 30px;\n}\n#section_1864588098 .section-bg-overlay {\n  background-color: rgba(27, 64, 128, 0.56);\n}\n<\/style>\n\t<\/section>\n\t\n\n\t<section class=\"section\" id=\"section_1693397783\">\n\t\t<div class=\"section-bg fill\" >\n\t\t\t\t\t\t\t\t\t\n\t\t\t\n\n\t\t<\/div>\n\n\t\t\n\n\t\t<div class=\"section-content relative\">\n\t\t\t\n<div class=\"row\"  id=\"row-821806796\">\n\n\t<div id=\"col-1115902754\" class=\"col small-12 large-12\"  >\n\t\t\t\t<div class=\"col-inner\"  >\n\t\t\t\n\t\t\t\n<h1>Declaraci\u00f3n mineral de conflicto<\/h1>\n<p>El 21 de julio de 2010, se firm\u00f3 la Ley de Reforma y Protecci\u00f3n al Consumidor de Dodd-Frank Wall Street. La Ley Dodd-Frank y las normas conexas de la Comisi\u00f3n de Bolsa y Valores de los Estados Unidos exigen que ciertas empresas divulguen en qu\u00e9 medida los productos que fabrican o contratan contienen los llamados minerales de conflicto procedentes de minas en la Rep\u00fablica Democr\u00e1tica del Congo (RDC) o pa\u00edses adyacentes. Los minerales de conflicto incluyen tantalio, esta\u00f1o, tungsteno y oro, que se utilizan en muchos componentes electr\u00f3nicos y productos inform\u00e1ticos.<\/p>\n<p><span style=\"font-size: 14.4px;\">Como proveedor de soluciones para componentes electr\u00f3nicos, Hurricane Aerospace Solutions promueve la trazabilidad de estos minerales y la transparencia de la cadena de suministro. Hurricane Aerospace Solutions cree firmemente que sus clientes deben estar plenamente informados sobre los productos que compran. Mientras que Hurricane Aerospace Solutions, como distribuidor externo, no puede certificar en cuanto al pa\u00eds de origen de los minerales contenidos en los productos fabricados por Hurricane Aerospace Solutions o proveedores. Hurricane Aerospace Solutions se compromete a trabajar con sus clientes para suministrar productos que cumplan con las especificaciones del cliente o una posible soluci\u00f3n. La Asociaci\u00f3n de Componentes Electr\u00f3nicos y la Coalici\u00f3n de Ciudadan\u00eda de la Industria Electr\u00f3nica est\u00e1n recopilando informaci\u00f3n importante sobre el uso de minerales de conflicto en la cadena de suministro de tecnolog\u00eda. Esta informaci\u00f3n puede ser vista en  <\/span><a style=\"font-size: 14.4px;\" href=\"http:\/\/www.eciaonline.org\/\">www.eciaonline.org<\/a><span style=\"font-size: 14.4px;\">.<\/span><\/p>\n<p><span style=\"font-size: 14.4px;\">Con respecto a los aspectos limitados del negocio de Hurricane Aerospace Solution que fabrican o contratan para fabricar productos que contengan minerales en conflicto que sean necesarios para la funcionalidad o producci\u00f3n del producto, Hurricane Aerospace Solutions no compra directamente minerales en conflicto de ninguna fuente y se esfuerza por no comprar productos que contengan minerales en conflicto que financien o beneficien directa o indirectamente a grupos armados en la RDC o pa\u00edses adyacentes. Hurricane Aerospace Solutions solicita y fluye a todos los proveedores de subestras en todos los t\u00e9rminos y condiciones de las \u00f3rdenes de compra la necesidad de poder validar la trazabilidad de la cadena de suministro relacionada con el origen de los minerales de conflicto, incluyendo pero no limitado a esta\u00f1o, tantalio, tungsteno u oro en los productos que fabrican o contraen para fabricar s\u00f3lo minerales de origen de fuentes responsables. Hurricane Aerospace Solutions comprende plenamente la importancia de este problema para sus clientes y est\u00e1 comprometida con las iniciativas de la cadena de suministro y los esfuerzos generales de responsabilidad social y sostenibilidad corporativa que trabajan hacia una cadena de suministro libre de conflictos. Estamos animando a todos nuestros proveedores a apoyar tambi\u00e9n estos esfuerzos y hacer que la informaci\u00f3n sobre el origen de sus componentes de productos sea f\u00e1cilmente accesible en sus sitios web.<\/span><\/p>\n<div>V\u00ednculos relativos a esta iniciativa<\/p>\n<ul>\n<li><a href=\"http:\/\/www.conflictfreesourcing.org\/conflict-minerals-reporting-template\/\">http:\/\/www.conflictfreesourcing.org\/conflict-minerals-reporting-template\/<\/a><\/li>\n<li><a href=\"http:\/\/www.conflictfreesmelter.org\/cfshome.htm\">http:\/\/www.conflictfreesmelter.org\/cfshome.htm<\/a>.<\/li>\n<li><a href=\"http:\/\/www.sec.gov\/rules\/final.shtml\">sec.gov\/rules\/final.shtml<\/a>.<\/li>\n<\/ul>\n<\/div>\n\t\t<\/div>\n\t\t\t\t\t<\/div>\n\n\t\n<\/div>\n\t\t<\/div>\n\n\t\t\n<style>\n#section_1693397783 {\n  padding-top: 30px;\n  padding-bottom: 30px;\n}\n<\/style>\n\t<\/section>\n\t\n","protected":false},"excerpt":{"rendered":"","protected":false},"author":4,"featured_media":0,"parent":0,"menu_order":0,"comment_status":"closed","ping_status":"closed","template":"page-blank.php","meta":{"nf_dc_page":"","_monsterinsights_skip_tracking":false,"_monsterinsights_sitenote_active":false,"_monsterinsights_sitenote_note":"","_monsterinsights_sitenote_category":0,"footnotes":""},"class_list":["post-6568","page","type-page","status-publish","hentry"],"yoast_head":"<!-- This site is optimized with the Yoast SEO plugin v27.4 - https:\/\/yoast.com\/product\/yoast-seo-wordpress\/ -->\n<title>Declaraci\u00f3n mineral de conflicto - Hurac\u00e1n Aeroespacial<\/title>\n<meta name=\"robots\" content=\"index, follow, max-snippet:-1, max-image-preview:large, max-video-preview:-1\" \/>\n<link rel=\"canonical\" href=\"https:\/\/hurricaneaerospace.com\/es\/declaracion-mineral-de-conflicto\/\" \/>\n<meta property=\"og:locale\" content=\"es_ES\" \/>\n<meta property=\"og:type\" content=\"article\" \/>\n<meta property=\"og:title\" content=\"Declaraci\u00f3n mineral de conflicto - Hurac\u00e1n Aeroespacial\" \/>\n<meta property=\"og:url\" content=\"https:\/\/hurricaneaerospace.com\/es\/declaracion-mineral-de-conflicto\/\" \/>\n<meta property=\"og:site_name\" content=\"Hurac\u00e1n Aeroespacial\" \/>\n<meta property=\"article:publisher\" content=\"https:\/\/www.facebook.com\/HurricaneAerospaceSolutions\/\" \/>\n<meta property=\"article:modified_time\" content=\"2020-12-04T04:29:56+00:00\" \/>\n<meta name=\"twitter:card\" content=\"summary_large_image\" \/>\n<meta name=\"twitter:site\" content=\"@hurricaneaero\" \/>\n<meta name=\"twitter:label1\" content=\"Tiempo de lectura\" \/>\n\t<meta name=\"twitter:data1\" content=\"3 minutos\" \/>\n<script type=\"application\/ld+json\" class=\"yoast-schema-graph\">{\"@context\":\"https:\\\/\\\/schema.org\",\"@graph\":[{\"@type\":\"WebPage\",\"@id\":\"https:\\\/\\\/hurricaneaerospace.com\\\/es\\\/declaracion-mineral-de-conflicto\\\/\",\"url\":\"https:\\\/\\\/hurricaneaerospace.com\\\/es\\\/declaracion-mineral-de-conflicto\\\/\",\"name\":\"Declaraci\u00f3n mineral de conflicto - Hurac\u00e1n Aeroespacial\",\"isPartOf\":{\"@id\":\"https:\\\/\\\/hurricaneaerospace.com\\\/es\\\/#website\"},\"datePublished\":\"2020-08-19T20:42:19+00:00\",\"dateModified\":\"2020-12-04T04:29:56+00:00\",\"breadcrumb\":{\"@id\":\"https:\\\/\\\/hurricaneaerospace.com\\\/es\\\/declaracion-mineral-de-conflicto\\\/#breadcrumb\"},\"inLanguage\":\"es\",\"potentialAction\":[{\"@type\":\"ReadAction\",\"target\":[\"https:\\\/\\\/hurricaneaerospace.com\\\/es\\\/declaracion-mineral-de-conflicto\\\/\"]}]},{\"@type\":\"BreadcrumbList\",\"@id\":\"https:\\\/\\\/hurricaneaerospace.com\\\/es\\\/declaracion-mineral-de-conflicto\\\/#breadcrumb\",\"itemListElement\":[{\"@type\":\"ListItem\",\"position\":1,\"name\":\"Casa\",\"item\":\"https:\\\/\\\/hurricaneaerospace.com\\\/es\\\/\"},{\"@type\":\"ListItem\",\"position\":2,\"name\":\"Declaraci\u00f3n mineral de conflicto\"}]},{\"@type\":\"WebSite\",\"@id\":\"https:\\\/\\\/hurricaneaerospace.com\\\/es\\\/#website\",\"url\":\"https:\\\/\\\/hurricaneaerospace.com\\\/es\\\/\",\"name\":\"Hurac\u00e1n Aeroespacial\",\"description\":\"M\u00e1s de 25 a\u00f1os de experiencia\",\"publisher\":{\"@id\":\"https:\\\/\\\/hurricaneaerospace.com\\\/es\\\/#organization\"},\"potentialAction\":[{\"@type\":\"SearchAction\",\"target\":{\"@type\":\"EntryPoint\",\"urlTemplate\":\"https:\\\/\\\/hurricaneaerospace.com\\\/es\\\/?s={search_term_string}\"},\"query-input\":{\"@type\":\"PropertyValueSpecification\",\"valueRequired\":true,\"valueName\":\"search_term_string\"}}],\"inLanguage\":\"es\"},{\"@type\":\"Organization\",\"@id\":\"https:\\\/\\\/hurricaneaerospace.com\\\/es\\\/#organization\",\"name\":\"Hurricane Aerospace Solutions\",\"url\":\"https:\\\/\\\/hurricaneaerospace.com\\\/es\\\/\",\"logo\":{\"@type\":\"ImageObject\",\"inLanguage\":\"es\",\"@id\":\"https:\\\/\\\/hurricaneaerospace.com\\\/es\\\/#\\\/schema\\\/logo\\\/image\\\/\",\"url\":\"https:\\\/\\\/hurricaneaerospace.com\\\/wp-content\\\/uploads\\\/2019\\\/03\\\/Hurricane-Website-Logo-Retina-2019.png\",\"contentUrl\":\"https:\\\/\\\/hurricaneaerospace.com\\\/wp-content\\\/uploads\\\/2019\\\/03\\\/Hurricane-Website-Logo-Retina-2019.png\",\"width\":800,\"height\":482,\"caption\":\"Hurricane Aerospace Solutions\"},\"image\":{\"@id\":\"https:\\\/\\\/hurricaneaerospace.com\\\/es\\\/#\\\/schema\\\/logo\\\/image\\\/\"},\"sameAs\":[\"https:\\\/\\\/www.facebook.com\\\/HurricaneAerospaceSolutions\\\/\",\"https:\\\/\\\/x.com\\\/hurricaneaero\",\"https:\\\/\\\/www.instagram.com\\\/hurricaneaerospacesolutions\\\/\",\"http:\\\/\\\/www.linkedin.com\\\/company\\\/hurricaneaerospacesolutions\\\/\"]}]}<\/script>\n<!-- \/ Yoast SEO plugin. -->","yoast_head_json":{"title":"Declaraci\u00f3n mineral de conflicto - Hurac\u00e1n Aeroespacial","robots":{"index":"index","follow":"follow","max-snippet":"max-snippet:-1","max-image-preview":"max-image-preview:large","max-video-preview":"max-video-preview:-1"},"canonical":"https:\/\/hurricaneaerospace.com\/es\/declaracion-mineral-de-conflicto\/","og_locale":"es_ES","og_type":"article","og_title":"Declaraci\u00f3n mineral de conflicto - Hurac\u00e1n Aeroespacial","og_url":"https:\/\/hurricaneaerospace.com\/es\/declaracion-mineral-de-conflicto\/","og_site_name":"Hurac\u00e1n Aeroespacial","article_publisher":"https:\/\/www.facebook.com\/HurricaneAerospaceSolutions\/","article_modified_time":"2020-12-04T04:29:56+00:00","twitter_card":"summary_large_image","twitter_site":"@hurricaneaero","twitter_misc":{"Tiempo de lectura":"3 minutos"},"schema":{"@context":"https:\/\/schema.org","@graph":[{"@type":"WebPage","@id":"https:\/\/hurricaneaerospace.com\/es\/declaracion-mineral-de-conflicto\/","url":"https:\/\/hurricaneaerospace.com\/es\/declaracion-mineral-de-conflicto\/","name":"Declaraci\u00f3n mineral de conflicto - Hurac\u00e1n Aeroespacial","isPartOf":{"@id":"https:\/\/hurricaneaerospace.com\/es\/#website"},"datePublished":"2020-08-19T20:42:19+00:00","dateModified":"2020-12-04T04:29:56+00:00","breadcrumb":{"@id":"https:\/\/hurricaneaerospace.com\/es\/declaracion-mineral-de-conflicto\/#breadcrumb"},"inLanguage":"es","potentialAction":[{"@type":"ReadAction","target":["https:\/\/hurricaneaerospace.com\/es\/declaracion-mineral-de-conflicto\/"]}]},{"@type":"BreadcrumbList","@id":"https:\/\/hurricaneaerospace.com\/es\/declaracion-mineral-de-conflicto\/#breadcrumb","itemListElement":[{"@type":"ListItem","position":1,"name":"Casa","item":"https:\/\/hurricaneaerospace.com\/es\/"},{"@type":"ListItem","position":2,"name":"Declaraci\u00f3n mineral de conflicto"}]},{"@type":"WebSite","@id":"https:\/\/hurricaneaerospace.com\/es\/#website","url":"https:\/\/hurricaneaerospace.com\/es\/","name":"Hurac\u00e1n Aeroespacial","description":"M\u00e1s de 25 a\u00f1os de experiencia","publisher":{"@id":"https:\/\/hurricaneaerospace.com\/es\/#organization"},"potentialAction":[{"@type":"SearchAction","target":{"@type":"EntryPoint","urlTemplate":"https:\/\/hurricaneaerospace.com\/es\/?s={search_term_string}"},"query-input":{"@type":"PropertyValueSpecification","valueRequired":true,"valueName":"search_term_string"}}],"inLanguage":"es"},{"@type":"Organization","@id":"https:\/\/hurricaneaerospace.com\/es\/#organization","name":"Hurricane Aerospace Solutions","url":"https:\/\/hurricaneaerospace.com\/es\/","logo":{"@type":"ImageObject","inLanguage":"es","@id":"https:\/\/hurricaneaerospace.com\/es\/#\/schema\/logo\/image\/","url":"https:\/\/hurricaneaerospace.com\/wp-content\/uploads\/2019\/03\/Hurricane-Website-Logo-Retina-2019.png","contentUrl":"https:\/\/hurricaneaerospace.com\/wp-content\/uploads\/2019\/03\/Hurricane-Website-Logo-Retina-2019.png","width":800,"height":482,"caption":"Hurricane Aerospace Solutions"},"image":{"@id":"https:\/\/hurricaneaerospace.com\/es\/#\/schema\/logo\/image\/"},"sameAs":["https:\/\/www.facebook.com\/HurricaneAerospaceSolutions\/","https:\/\/x.com\/hurricaneaero","https:\/\/www.instagram.com\/hurricaneaerospacesolutions\/","http:\/\/www.linkedin.com\/company\/hurricaneaerospacesolutions\/"]}]}},"_links":{"self":[{"href":"https:\/\/hurricaneaerospace.com\/es\/wp-json\/wp\/v2\/pages\/6568","targetHints":{"allow":["GET"]}}],"collection":[{"href":"https:\/\/hurricaneaerospace.com\/es\/wp-json\/wp\/v2\/pages"}],"about":[{"href":"https:\/\/hurricaneaerospace.com\/es\/wp-json\/wp\/v2\/types\/page"}],"author":[{"embeddable":true,"href":"https:\/\/hurricaneaerospace.com\/es\/wp-json\/wp\/v2\/users\/4"}],"replies":[{"embeddable":true,"href":"https:\/\/hurricaneaerospace.com\/es\/wp-json\/wp\/v2\/comments?post=6568"}],"version-history":[{"count":18,"href":"https:\/\/hurricaneaerospace.com\/es\/wp-json\/wp\/v2\/pages\/6568\/revisions"}],"predecessor-version":[{"id":8153,"href":"https:\/\/hurricaneaerospace.com\/es\/wp-json\/wp\/v2\/pages\/6568\/revisions\/8153"}],"wp:attachment":[{"href":"https:\/\/hurricaneaerospace.com\/es\/wp-json\/wp\/v2\/media?parent=6568"}],"curies":[{"name":"wp","href":"https:\/\/api.w.org\/{rel}","templated":true}]}}