{"id":6604,"date":"2020-08-19T20:42:24","date_gmt":"2020-08-19T20:42:24","guid":{"rendered":"https:\/\/hurricaneaerospace.com\/fabricacion-de-ingenieria\/"},"modified":"2020-12-04T04:29:55","modified_gmt":"2020-12-04T04:29:55","slug":"fabricacion-de-ingenieria","status":"publish","type":"page","link":"https:\/\/hurricaneaerospace.com\/es\/fabricacion-de-ingenieria\/","title":{"rendered":"Fabricaci\u00f3n de ingenier\u00eda"},"content":{"rendered":"\n\t<section class=\"section dark\" id=\"section_58857014\">\n\t\t<div class=\"section-bg fill\" >\n\t\t\t<img loading=\"lazy\" decoding=\"async\" width=\"2000\" height=\"1333\" src=\"https:\/\/hurricaneaerospace.com\/wp-content\/uploads\/2019\/03\/shutterstock_1084292654.jpg\" class=\"bg attachment-original size-original\" alt=\"shutterstock_1084292654\" \/>\t\t\t\t\t\t<div class=\"section-bg-overlay absolute fill\"><\/div>\n\t\t\t\n\n\t\t<\/div>\n\n\t\t\n\n\t\t<div class=\"section-content relative\">\n\t\t\t\n<div class=\"container section-title-container\" style=\"margin-top:0px;margin-bottom:0px;\"><h1 class=\"section-title section-title-center\"><b aria-hidden=\"true\"><\/b><span class=\"section-title-main\" style=\"font-size:140%;\">Fabricaci\u00f3n de ingenier\u00eda<\/span><b aria-hidden=\"true\"><\/b><\/h1><\/div>\n\t\t<\/div>\n\n\t\t\n<style>\n#section_58857014 {\n  padding-top: 100px;\n  padding-bottom: 100px;\n}\n#section_58857014 .section-bg-overlay {\n  background-color: rgba(27, 64, 128, 0.54);\n}\n<\/style>\n\t<\/section>\n\t\n\n\t<section class=\"section\" id=\"section_1274385422\">\n\t\t<div class=\"section-bg fill\" >\n\t\t\t\t\t\t\t\t\t\n\t\t\t\n\n\t\t<\/div>\n\n\t\t\n\n\t\t<div class=\"section-content relative\">\n\t\t\t\n<div class=\"row\"  id=\"row-269141994\">\n\n\t<div id=\"col-1743289071\" class=\"col medium-5 small-12 large-5\"  >\n\t\t\t\t<div class=\"col-inner\"  >\n\t\t\t\n\t\t\t\n<div class=\"container section-title-container\" style=\"margin-top:0px;margin-bottom:0px;\"><h1 class=\"section-title section-title-normal\"><b aria-hidden=\"true\"><\/b><span class=\"section-title-main\" >Fabricaci\u00f3n de ingenier\u00eda<\/span><b aria-hidden=\"true\"><\/b><\/h1><\/div>\n<p>Las demandas de mercado en constante cambio de las comunidades de Aviaci\u00f3n y Defensa requieren que nuestro equipo mejore y desarrolle continuamente nuestras capacidades a trav\u00e9s de mejoras continuas en nuestra infraestructura actual.<\/p>\n<p>Planificaci\u00f3n y programaci\u00f3n peri\u00f3dicas para agregar recursos adicionales dentro de la cadena de suministro para abordar todos y cada uno de los requisitos.<\/p>\n<a href=\"\/request-quote\/\" class=\"button primary\" >\n\t\t<span>Solicitar un presupuesto<\/span>\n\t<\/a>\n\n<a href=\"\/contacto\/\" class=\"button secondary\" >\n\t\t<span>cont\u00e1ctenos<\/span>\n\t<\/a>\n\n<div class=\"is-divider divider clearfix\" ><\/div>\n<h3 class=\"lead\">Una instant\u00e1nea del proceso en todo ser\u00eda como:<\/h3>\n\t\t<\/div>\n\t\t\t\t\t<\/div>\n\n\t\n\n\t<div id=\"col-1591829583\" class=\"col medium-6 small-12 large-6\"  >\n\t\t\t\t<div class=\"col-inner\"  >\n\t\t\t\n\t\t\t\n\t<div class=\"img has-hover x md-x lg-x y md-y lg-y\" id=\"image_2134962530\">\n\t\t\t\t\t\t\t\t<div class=\"img-inner dark\" >\n\t\t\t<img loading=\"lazy\" decoding=\"async\" width=\"1011\" height=\"1024\" src=\"https:\/\/hurricaneaerospace.com\/wp-content\/uploads\/2019\/03\/hurricane-aerospace-Supply-Chain-Partner-1011x1024.jpg\" class=\"attachment-large size-large\" alt=\"Unique Market Appeal\" srcset=\"https:\/\/hurricaneaerospace.com\/wp-content\/uploads\/2019\/03\/hurricane-aerospace-Supply-Chain-Partner-1011x1024.jpg 1011w, https:\/\/hurricaneaerospace.com\/wp-content\/uploads\/2019\/03\/hurricane-aerospace-Supply-Chain-Partner-296x300.jpg 296w, https:\/\/hurricaneaerospace.com\/wp-content\/uploads\/2019\/03\/hurricane-aerospace-Supply-Chain-Partner-768x778.jpg 768w, https:\/\/hurricaneaerospace.com\/wp-content\/uploads\/2019\/03\/hurricane-aerospace-Supply-Chain-Partner-600x608.jpg 600w, https:\/\/hurricaneaerospace.com\/wp-content\/uploads\/2019\/03\/hurricane-aerospace-Supply-Chain-Partner-100x100.jpg 100w, https:\/\/hurricaneaerospace.com\/wp-content\/uploads\/2019\/03\/hurricane-aerospace-Supply-Chain-Partner.jpg 1975w\" sizes=\"auto, (max-width: 1011px) 100vw, 1011px\" \/>\t\t\t\t\t\t\n\t\t\t\t\t<\/div>\n\t\t\t\t\t\t\t\t\n<style>\n#image_2134962530 {\n  width: 100%;\n}\n<\/style>\n\t<\/div>\n\t\n\t\t<\/div>\n\t\t\t\t\t<\/div>\n\n\t\n<\/div>\n\t\t<\/div>\n\n\t\t\n<style>\n#section_1274385422 {\n  padding-top: 30px;\n  padding-bottom: 30px;\n}\n<\/style>\n\t<\/section>\n\t\n\n\t<section class=\"section\" id=\"section_1770404554\">\n\t\t<div class=\"section-bg fill\" >\n\t\t\t\t\t\t\t\t\t\n\t\t\t\n\n\t\t<\/div>\n\n\t\t\n\n\t\t<div class=\"section-content relative\">\n\t\t\t\n<div class=\"row\"  id=\"row-1131123400\">\n\n\t<div id=\"col-787598176\" class=\"col medium-6 small-12 large-6\"  >\n\t\t\t\t<div class=\"col-inner\"  >\n\t\t\t\n\t\t\t\n<h3>Hurricane cumple y supera los requisitos actuales de las industrias para el control de los datos y software de definici\u00f3n de productos digitales. Boeing hab\u00eda llegado a un consenso sobre un proceso com\u00fan para controlar la transferencia de la definici\u00f3n de productos digitales a los proveedores, que se describe en 4 secciones b\u00e1sicas.<\/h3>\n<ul>\n<li>La secci\u00f3n A de la lista de comprobaci\u00f3n se utiliza para realizar una verificaci\u00f3n b\u00e1sica de la capacidad de definici\u00f3n digital de productos (DPD).<\/li>\n<li>La secci\u00f3n B se utiliza para realizar la verificaci\u00f3n de la capacidad de definici\u00f3n basada en modelo (MBD).<\/li>\n<li>La secci\u00f3n C se utiliza para la verificaci\u00f3n de la capacidad del Sistema de Medici\u00f3n de Coordenadas (CMS).<\/li>\n<li>La secci\u00f3n D se utiliza para realizar la verificaci\u00f3n de la capacidad del trazador.<\/li>\n<\/ul>\n\t\t<\/div>\n\t\t\t\t\t<\/div>\n\n\t\n\n\t<div id=\"col-722559312\" class=\"col medium-6 small-12 large-6\"  >\n\t\t\t\t<div class=\"col-inner\"  >\n\t\t\t\n\t\t\t\n<h3>Hurricane ha auditado y se ha comprobado que cumple con este modelo operativo mientras contin\u00faa mejorando desde 2015 Los recursos, incluyendo:<\/h3>\n<ul>\n<li>Capacidades de brazo FARO en el sitio y m\u00f3vil<\/li>\n<li>Capacidades de seguimiento l\u00e1ser FARO en el sitio y m\u00f3vil<\/li>\n<li>Conjuntos completos de herramientas calibradas que incluyen, entre otros, medidores de radio, medidores de altura y pinzas<\/li>\n<li>Placa de superficie calibrada<\/li>\n<li>Gerente de calidad a tiempo completo\/Servicios de ingenier\u00eda<\/li>\n<li>Software CAD que incluye, entre otros, Solid Works Dassaut System<\/li>\n<\/ul>\n\t\t<\/div>\n\t\t\t\t\t<\/div>\n\n\t\n<\/div>\n\t\t<\/div>\n\n\t\t\n<style>\n#section_1770404554 {\n  padding-top: 30px;\n  padding-bottom: 30px;\n  background-color: rgb(238, 252, 255);\n}\n<\/style>\n\t<\/section>\n\t\n\n\t<section class=\"section\" id=\"section_1586657355\">\n\t\t<div class=\"section-bg fill\" >\n\t\t\t\t\t\t\t\t\t\n\t\t\t\n\n\t\t<\/div>\n\n\t\t\n\n\t\t<div class=\"section-content relative\">\n\t\t\t\n<div class=\"row\"  id=\"row-1023791769\">\n\n\t<div id=\"col-868315450\" class=\"col medium-6 small-12 large-6\"  >\n\t\t\t\t<div class=\"col-inner\"  >\n\t\t\t\n\t\t\t\n<h2>Sistema de Gesti\u00f3n de la Calidad<\/h2>\n<p>Hurricane Aerospace Solutions mantiene y mejora continuamente un sistema de gesti\u00f3n de calidad registrado seg\u00fan AS9100 Rev.D y AC-00-56. Hurricane Aerospace Solutions, Inc. ya ha integrado un amplio programa FOD dentro de nuestras instalaciones para cumplir y\/o exceder los requisitos del cliente. Hurricane ha integrado un programa formal de evitaci\u00f3n de piezas electr\u00f3nicas falsificadas aceptado por Boeing y la NASA.<\/p>\n<p class=\"lead\"><strong>Hemos entregado con \u00e9xito varios art\u00edculos fabricados para muchas plataformas aeroespaciales y de defensa diferentes en muchas categor\u00edas tales como:<\/strong><\/p>\n\t\t<\/div>\n\t\t\t\t\t<\/div>\n\n\t\n\n\t<div id=\"col-2024829914\" class=\"col medium-6 small-12 large-6\"  >\n\t\t\t\t<div class=\"col-inner\"  >\n\t\t\t\n\t\t\t\n\t<div class=\"img has-hover x md-x lg-x y md-y lg-y\" id=\"image_1379799282\">\n\t\t\t\t\t\t\t\t<div class=\"img-inner dark\" >\n\t\t\t<img loading=\"lazy\" decoding=\"async\" width=\"581\" height=\"1024\" src=\"https:\/\/hurricaneaerospace.com\/wp-content\/uploads\/2019\/03\/We-Engineer-Parts-581x1024.jpg\" class=\"attachment-large size-large\" alt=\"airforce\" srcset=\"https:\/\/hurricaneaerospace.com\/wp-content\/uploads\/2019\/03\/We-Engineer-Parts-581x1024.jpg 581w, https:\/\/hurricaneaerospace.com\/wp-content\/uploads\/2019\/03\/We-Engineer-Parts-170x300.jpg 170w, https:\/\/hurricaneaerospace.com\/wp-content\/uploads\/2019\/03\/We-Engineer-Parts-768x1354.jpg 768w, https:\/\/hurricaneaerospace.com\/wp-content\/uploads\/2019\/03\/We-Engineer-Parts-600x1058.jpg 600w, https:\/\/hurricaneaerospace.com\/wp-content\/uploads\/2019\/03\/We-Engineer-Parts.jpg 1162w\" sizes=\"auto, (max-width: 581px) 100vw, 581px\" \/>\t\t\t\t\t\t\n\t\t\t\t\t<\/div>\n\t\t\t\t\t\t\t\t\n<style>\n#image_1379799282 {\n  width: 100%;\n}\n<\/style>\n\t<\/div>\n\t\n\t\t<\/div>\n\t\t\t\t\t<\/div>\n\n\t\n<\/div>\n\t\t<\/div>\n\n\t\t\n<style>\n#section_1586657355 {\n  padding-top: 100px;\n  padding-bottom: 100px;\n  background-color: rgb(255, 255, 255);\n}\n<\/style>\n\t<\/section>\n\t\n","protected":false},"excerpt":{"rendered":"","protected":false},"author":4,"featured_media":0,"parent":0,"menu_order":0,"comment_status":"closed","ping_status":"closed","template":"page-blank.php","meta":{"nf_dc_page":"","_monsterinsights_skip_tracking":false,"_monsterinsights_sitenote_active":false,"_monsterinsights_sitenote_note":"","_monsterinsights_sitenote_category":0,"footnotes":""},"class_list":["post-6604","page","type-page","status-publish","hentry"],"yoast_head":"<!-- This site is optimized with the Yoast SEO plugin v27.4 - https:\/\/yoast.com\/product\/yoast-seo-wordpress\/ -->\n<title>Fabricaci\u00f3n de ingenier\u00eda - Hurac\u00e1n Aeroespacial<\/title>\n<meta name=\"robots\" content=\"index, follow, max-snippet:-1, max-image-preview:large, max-video-preview:-1\" \/>\n<link rel=\"canonical\" href=\"https:\/\/hurricaneaerospace.com\/es\/fabricacion-de-ingenieria\/\" \/>\n<meta property=\"og:locale\" content=\"es_ES\" \/>\n<meta property=\"og:type\" content=\"article\" \/>\n<meta property=\"og:title\" content=\"Fabricaci\u00f3n de ingenier\u00eda - Hurac\u00e1n Aeroespacial\" \/>\n<meta property=\"og:url\" content=\"https:\/\/hurricaneaerospace.com\/es\/fabricacion-de-ingenieria\/\" \/>\n<meta property=\"og:site_name\" content=\"Hurac\u00e1n Aeroespacial\" \/>\n<meta property=\"article:publisher\" content=\"https:\/\/www.facebook.com\/HurricaneAerospaceSolutions\/\" \/>\n<meta property=\"article:modified_time\" content=\"2020-12-04T04:29:55+00:00\" \/>\n<meta name=\"twitter:card\" content=\"summary_large_image\" \/>\n<meta name=\"twitter:site\" content=\"@hurricaneaero\" \/>\n<meta name=\"twitter:label1\" content=\"Tiempo de lectura\" \/>\n\t<meta name=\"twitter:data1\" content=\"3 minutos\" \/>\n<script type=\"application\/ld+json\" class=\"yoast-schema-graph\">{\"@context\":\"https:\\\/\\\/schema.org\",\"@graph\":[{\"@type\":\"WebPage\",\"@id\":\"https:\\\/\\\/hurricaneaerospace.com\\\/es\\\/fabricacion-de-ingenieria\\\/\",\"url\":\"https:\\\/\\\/hurricaneaerospace.com\\\/es\\\/fabricacion-de-ingenieria\\\/\",\"name\":\"Fabricaci\u00f3n de ingenier\u00eda - Hurac\u00e1n Aeroespacial\",\"isPartOf\":{\"@id\":\"https:\\\/\\\/hurricaneaerospace.com\\\/es\\\/#website\"},\"datePublished\":\"2020-08-19T20:42:24+00:00\",\"dateModified\":\"2020-12-04T04:29:55+00:00\",\"breadcrumb\":{\"@id\":\"https:\\\/\\\/hurricaneaerospace.com\\\/es\\\/fabricacion-de-ingenieria\\\/#breadcrumb\"},\"inLanguage\":\"es\",\"potentialAction\":[{\"@type\":\"ReadAction\",\"target\":[\"https:\\\/\\\/hurricaneaerospace.com\\\/es\\\/fabricacion-de-ingenieria\\\/\"]}]},{\"@type\":\"BreadcrumbList\",\"@id\":\"https:\\\/\\\/hurricaneaerospace.com\\\/es\\\/fabricacion-de-ingenieria\\\/#breadcrumb\",\"itemListElement\":[{\"@type\":\"ListItem\",\"position\":1,\"name\":\"Casa\",\"item\":\"https:\\\/\\\/hurricaneaerospace.com\\\/es\\\/\"},{\"@type\":\"ListItem\",\"position\":2,\"name\":\"Fabricaci\u00f3n de ingenier\u00eda\"}]},{\"@type\":\"WebSite\",\"@id\":\"https:\\\/\\\/hurricaneaerospace.com\\\/es\\\/#website\",\"url\":\"https:\\\/\\\/hurricaneaerospace.com\\\/es\\\/\",\"name\":\"Hurac\u00e1n Aeroespacial\",\"description\":\"M\u00e1s de 25 a\u00f1os de experiencia\",\"publisher\":{\"@id\":\"https:\\\/\\\/hurricaneaerospace.com\\\/es\\\/#organization\"},\"potentialAction\":[{\"@type\":\"SearchAction\",\"target\":{\"@type\":\"EntryPoint\",\"urlTemplate\":\"https:\\\/\\\/hurricaneaerospace.com\\\/es\\\/?s={search_term_string}\"},\"query-input\":{\"@type\":\"PropertyValueSpecification\",\"valueRequired\":true,\"valueName\":\"search_term_string\"}}],\"inLanguage\":\"es\"},{\"@type\":\"Organization\",\"@id\":\"https:\\\/\\\/hurricaneaerospace.com\\\/es\\\/#organization\",\"name\":\"Hurricane Aerospace Solutions\",\"url\":\"https:\\\/\\\/hurricaneaerospace.com\\\/es\\\/\",\"logo\":{\"@type\":\"ImageObject\",\"inLanguage\":\"es\",\"@id\":\"https:\\\/\\\/hurricaneaerospace.com\\\/es\\\/#\\\/schema\\\/logo\\\/image\\\/\",\"url\":\"https:\\\/\\\/hurricaneaerospace.com\\\/wp-content\\\/uploads\\\/2019\\\/03\\\/Hurricane-Website-Logo-Retina-2019.png\",\"contentUrl\":\"https:\\\/\\\/hurricaneaerospace.com\\\/wp-content\\\/uploads\\\/2019\\\/03\\\/Hurricane-Website-Logo-Retina-2019.png\",\"width\":800,\"height\":482,\"caption\":\"Hurricane Aerospace Solutions\"},\"image\":{\"@id\":\"https:\\\/\\\/hurricaneaerospace.com\\\/es\\\/#\\\/schema\\\/logo\\\/image\\\/\"},\"sameAs\":[\"https:\\\/\\\/www.facebook.com\\\/HurricaneAerospaceSolutions\\\/\",\"https:\\\/\\\/x.com\\\/hurricaneaero\",\"https:\\\/\\\/www.instagram.com\\\/hurricaneaerospacesolutions\\\/\",\"http:\\\/\\\/www.linkedin.com\\\/company\\\/hurricaneaerospacesolutions\\\/\"]}]}<\/script>\n<!-- \/ Yoast SEO plugin. -->","yoast_head_json":{"title":"Fabricaci\u00f3n de ingenier\u00eda - Hurac\u00e1n Aeroespacial","robots":{"index":"index","follow":"follow","max-snippet":"max-snippet:-1","max-image-preview":"max-image-preview:large","max-video-preview":"max-video-preview:-1"},"canonical":"https:\/\/hurricaneaerospace.com\/es\/fabricacion-de-ingenieria\/","og_locale":"es_ES","og_type":"article","og_title":"Fabricaci\u00f3n de ingenier\u00eda - Hurac\u00e1n Aeroespacial","og_url":"https:\/\/hurricaneaerospace.com\/es\/fabricacion-de-ingenieria\/","og_site_name":"Hurac\u00e1n Aeroespacial","article_publisher":"https:\/\/www.facebook.com\/HurricaneAerospaceSolutions\/","article_modified_time":"2020-12-04T04:29:55+00:00","twitter_card":"summary_large_image","twitter_site":"@hurricaneaero","twitter_misc":{"Tiempo de lectura":"3 minutos"},"schema":{"@context":"https:\/\/schema.org","@graph":[{"@type":"WebPage","@id":"https:\/\/hurricaneaerospace.com\/es\/fabricacion-de-ingenieria\/","url":"https:\/\/hurricaneaerospace.com\/es\/fabricacion-de-ingenieria\/","name":"Fabricaci\u00f3n de ingenier\u00eda - Hurac\u00e1n Aeroespacial","isPartOf":{"@id":"https:\/\/hurricaneaerospace.com\/es\/#website"},"datePublished":"2020-08-19T20:42:24+00:00","dateModified":"2020-12-04T04:29:55+00:00","breadcrumb":{"@id":"https:\/\/hurricaneaerospace.com\/es\/fabricacion-de-ingenieria\/#breadcrumb"},"inLanguage":"es","potentialAction":[{"@type":"ReadAction","target":["https:\/\/hurricaneaerospace.com\/es\/fabricacion-de-ingenieria\/"]}]},{"@type":"BreadcrumbList","@id":"https:\/\/hurricaneaerospace.com\/es\/fabricacion-de-ingenieria\/#breadcrumb","itemListElement":[{"@type":"ListItem","position":1,"name":"Casa","item":"https:\/\/hurricaneaerospace.com\/es\/"},{"@type":"ListItem","position":2,"name":"Fabricaci\u00f3n de ingenier\u00eda"}]},{"@type":"WebSite","@id":"https:\/\/hurricaneaerospace.com\/es\/#website","url":"https:\/\/hurricaneaerospace.com\/es\/","name":"Hurac\u00e1n Aeroespacial","description":"M\u00e1s de 25 a\u00f1os de experiencia","publisher":{"@id":"https:\/\/hurricaneaerospace.com\/es\/#organization"},"potentialAction":[{"@type":"SearchAction","target":{"@type":"EntryPoint","urlTemplate":"https:\/\/hurricaneaerospace.com\/es\/?s={search_term_string}"},"query-input":{"@type":"PropertyValueSpecification","valueRequired":true,"valueName":"search_term_string"}}],"inLanguage":"es"},{"@type":"Organization","@id":"https:\/\/hurricaneaerospace.com\/es\/#organization","name":"Hurricane Aerospace Solutions","url":"https:\/\/hurricaneaerospace.com\/es\/","logo":{"@type":"ImageObject","inLanguage":"es","@id":"https:\/\/hurricaneaerospace.com\/es\/#\/schema\/logo\/image\/","url":"https:\/\/hurricaneaerospace.com\/wp-content\/uploads\/2019\/03\/Hurricane-Website-Logo-Retina-2019.png","contentUrl":"https:\/\/hurricaneaerospace.com\/wp-content\/uploads\/2019\/03\/Hurricane-Website-Logo-Retina-2019.png","width":800,"height":482,"caption":"Hurricane Aerospace Solutions"},"image":{"@id":"https:\/\/hurricaneaerospace.com\/es\/#\/schema\/logo\/image\/"},"sameAs":["https:\/\/www.facebook.com\/HurricaneAerospaceSolutions\/","https:\/\/x.com\/hurricaneaero","https:\/\/www.instagram.com\/hurricaneaerospacesolutions\/","http:\/\/www.linkedin.com\/company\/hurricaneaerospacesolutions\/"]}]}},"_links":{"self":[{"href":"https:\/\/hurricaneaerospace.com\/es\/wp-json\/wp\/v2\/pages\/6604","targetHints":{"allow":["GET"]}}],"collection":[{"href":"https:\/\/hurricaneaerospace.com\/es\/wp-json\/wp\/v2\/pages"}],"about":[{"href":"https:\/\/hurricaneaerospace.com\/es\/wp-json\/wp\/v2\/types\/page"}],"author":[{"embeddable":true,"href":"https:\/\/hurricaneaerospace.com\/es\/wp-json\/wp\/v2\/users\/4"}],"replies":[{"embeddable":true,"href":"https:\/\/hurricaneaerospace.com\/es\/wp-json\/wp\/v2\/comments?post=6604"}],"version-history":[{"count":5,"href":"https:\/\/hurricaneaerospace.com\/es\/wp-json\/wp\/v2\/pages\/6604\/revisions"}],"predecessor-version":[{"id":8149,"href":"https:\/\/hurricaneaerospace.com\/es\/wp-json\/wp\/v2\/pages\/6604\/revisions\/8149"}],"wp:attachment":[{"href":"https:\/\/hurricaneaerospace.com\/es\/wp-json\/wp\/v2\/media?parent=6604"}],"curies":[{"name":"wp","href":"https:\/\/api.w.org\/{rel}","templated":true}]}}