{"id":6626,"date":"2020-08-19T20:43:02","date_gmt":"2020-08-19T20:43:02","guid":{"rendered":"https:\/\/hurricaneaerospace.com\/solicitar-una-cotizacion\/"},"modified":"2020-12-04T04:30:12","modified_gmt":"2020-12-04T04:30:12","slug":"solicitar-una-cotizacion","status":"publish","type":"page","link":"https:\/\/hurricaneaerospace.com\/es\/solicitar-una-cotizacion\/","title":{"rendered":"Solicitar una cotizaci\u00f3n"},"content":{"rendered":"\n\t<section class=\"section dark\" id=\"section_1195321223\">\n\t\t<div class=\"section-bg fill\" >\n\t\t\t<img loading=\"lazy\" decoding=\"async\" width=\"2000\" height=\"1270\" src=\"https:\/\/hurricaneaerospace.com\/wp-content\/uploads\/2019\/03\/shutterstock_667629316.jpg\" class=\"bg attachment-original size-original\" alt=\"turbine\" \/>\t\t\t\t\t\t<div class=\"section-bg-overlay absolute fill\"><\/div>\n\t\t\t\n\n\t\t<\/div>\n\n\t\t\n\n\t\t<div class=\"section-content relative\">\n\t\t\t\n<div class=\"row\"  id=\"row-1099869136\">\n\n\t<div id=\"col-626406523\" class=\"col small-12 large-12\"  >\n\t\t\t\t<div class=\"col-inner\"  >\n\t\t\t\n\t\t\t\n<div class=\"container section-title-container\" style=\"margin-top:0px;margin-bottom:0px;\"><h1 class=\"section-title section-title-center\"><b aria-hidden=\"true\"><\/b><span class=\"section-title-main\" >Solicitar una cotizaci\u00f3n<\/span><b aria-hidden=\"true\"><\/b><\/h1><\/div>\n\t\t<\/div>\n\t\t\t\t\t<\/div>\n\n\t\n<\/div>\n\t\t<\/div>\n\n\t\t\n<style>\n#section_1195321223 {\n  padding-top: 100px;\n  padding-bottom: 100px;\n}\n#section_1195321223 .section-bg-overlay {\n  background-color: rgba(27, 64, 128, 0.58);\n}\n<\/style>\n\t<\/section>\n\t\n\n\t<section class=\"section\" id=\"section_645433252\">\n\t\t<div class=\"section-bg fill\" >\n\t\t\t\t\t\t\t\t\t\n\t\t\t\n\n\t\t<\/div>\n\n\t\t\n\n\t\t<div class=\"section-content relative\">\n\t\t\t\n<div class=\"row\"  id=\"row-1253816782\">\n\n\t<div id=\"col-1285660508\" class=\"col medium-5 small-12 large-5\"  >\n\t\t\t\t<div class=\"col-inner\"  >\n\t\t\t\n\t\t\t\n<h1>Solicitar una cotizaci\u00f3n<\/h1>\n<p>El hurac\u00e1n Aerospace est\u00e1 firmemente comprometido con la protecci\u00f3n de la Informaci\u00f3n Controlada No Clasificada (CUI, por sus susten) que reside en sistemas y organizaciones no federales como algunas agencias federales, gobiernos extranjeros, contratistas principales y subn\u00fameros. En junio de 2016, como parte de nuestro compromiso con usted, Hurricane se asoci\u00f3 con la firma de seguridad cibern\u00e9tica Chelsea Technologies para mejorar nuestros sistemas en preparaci\u00f3n para cumplir con el Suplemento de Regulaci\u00f3n Federal de Adquisiciones de Defensa (DFARS) de diciembre de 2017 para el cumplimiento de la Publicaci\u00f3n Especial del NIST (SP) 800-171.<\/p>\n<h4><strong>Transferencia segura de datos<\/strong><\/h4>\n<p>Otra herramienta que utilizamos para proteger sus datos es Box.com. Se trata de una plataforma segura de intercambio de archivos basada en la nube en la que conf\u00edan m\u00e1s de 74.000 empresas. Box.com nos permite gestionar y gobernar eficazmente sus datos importantes en una ubicaci\u00f3n segura.<\/p>\n<p>Box est\u00e1 certificado por FedRAMP. Los requisitos de DFARS (NIST 800-171) se basan en un subconjunto de los controles NIST 800-53.<\/p>\n<p>Si necesita un presupuesto, p\u00f3ngase en contacto con nosotros con breves detalles utilizando el siguiente formulario. Nuestro personal se pondr\u00e1 en contacto con usted para organizar la transferencia segura de sus datos t\u00e9cnicos. Esperamos tener noticias suyas.<\/p>\n<h4>Seguridad y cumplimiento<\/h4>\n<p>Proteja su contenido y garantice el cumplimiento de FedRAMP, ITAR, IRS-10756, DoD SRG L4, FIPS 140-2, HIPAA y m\u00e1s.<\/p>\n<p><img loading=\"lazy\" decoding=\"async\" class=\"alignnone wp-image-5392 \" src=\"https:\/\/hurricaneaerospace.com\/wp-content\/uploads\/2019\/04\/logo-main-fedramp-300x78.png\" alt=\"FedRAMP Logo\" width=\"154\" height=\"40\" srcset=\"https:\/\/hurricaneaerospace.com\/wp-content\/uploads\/2019\/04\/logo-main-fedramp-300x78.png 300w, https:\/\/hurricaneaerospace.com\/wp-content\/uploads\/2019\/04\/logo-main-fedramp.png 360w\" sizes=\"auto, (max-width: 154px) 100vw, 154px\" \/>  <a href=\"https:\/\/hurricaneaerospace.com\/wp-content\/uploads\/2019\/04\/secure-connection-ssl-300x134.jpeg\"><img loading=\"lazy\" decoding=\"async\" class=\"alignnone wp-image-5398 \" src=\"https:\/\/hurricaneaerospace.com\/wp-content\/uploads\/2019\/04\/secure-connection-ssl-300x134.jpeg\" alt=\"SSL Secure Connection\" width=\"119\" height=\"53\" srcset=\"https:\/\/hurricaneaerospace.com\/wp-content\/uploads\/2019\/04\/secure-connection-ssl-300x134.jpeg 300w, https:\/\/hurricaneaerospace.com\/wp-content\/uploads\/2019\/04\/secure-connection-ssl.jpeg 337w\" sizes=\"auto, (max-width: 119px) 100vw, 119px\" \/><\/a><\/p>\n\t\t<\/div>\n\t\t\t\t\t<\/div>\n\n\t\n\n\t<div id=\"col-423302161\" class=\"col medium-7 small-12 large-7\"  >\n\t\t\t\t<div class=\"col-inner box-shadow-1\" style=\"background-color:rgb(231, 242, 255);\" >\n\t\t\t\n\t\t\t\n<div class=\"row row-collapse row-full-width align-middle align-center\"  id=\"row-1070377674\">\n\n\t<div id=\"col-1754222062\" class=\"col small-12 large-12\"  >\n\t\t\t\t<div class=\"col-inner text-center\"  >\n\t\t\t\n\t\t\t\n<p style=\"text-align: left;\"><noscript class=\"ninja-forms-noscript-message\">\n\tAviso: Se requiere JavaScript para este contenido.<\/noscript>\nEste formulario se encuentra actualmente en mantenimiento. Por favor, int\u00e9ntalo de nuevo m\u00e1s tarde.\n\t\t<\/div>\n\t\t\t\t\n<style>\n#col-1754222062 > .col-inner {\n  padding: 10px 20px 0px 20px;\n}\n<\/style>\n\t<\/div>\n\n\t\n<\/div>\n\t\t<\/div>\n\t\t\t\t\n<style>\n#col-423302161 > .col-inner {\n  padding: 0px 0px 50px 0px;\n}\n<\/style>\n\t<\/div>\n\n\t\n<\/div>\n\t\t<\/div>\n\n\t\t\n<style>\n#section_645433252 {\n  padding-top: 30px;\n  padding-bottom: 30px;\n}\n<\/style>\n\t<\/section>\n\t\n","protected":false},"excerpt":{"rendered":"","protected":false},"author":4,"featured_media":0,"parent":0,"menu_order":0,"comment_status":"closed","ping_status":"closed","template":"page-blank.php","meta":{"nf_dc_page":"","_monsterinsights_skip_tracking":false,"_monsterinsights_sitenote_active":false,"_monsterinsights_sitenote_note":"","_monsterinsights_sitenote_category":0,"footnotes":""},"class_list":["post-6626","page","type-page","status-publish","hentry"],"yoast_head":"<!-- This site is optimized with the Yoast SEO plugin v27.4 - https:\/\/yoast.com\/product\/yoast-seo-wordpress\/ -->\n<title>Solicitar una cotizaci\u00f3n - Hurac\u00e1n Aeroespacial<\/title>\n<meta name=\"robots\" content=\"index, follow, max-snippet:-1, max-image-preview:large, max-video-preview:-1\" \/>\n<link rel=\"canonical\" href=\"https:\/\/hurricaneaerospace.com\/es\/solicitar-una-cotizacion\/\" \/>\n<meta property=\"og:locale\" content=\"es_ES\" \/>\n<meta property=\"og:type\" content=\"article\" \/>\n<meta property=\"og:title\" content=\"Solicitar una cotizaci\u00f3n - Hurac\u00e1n Aeroespacial\" \/>\n<meta property=\"og:url\" content=\"https:\/\/hurricaneaerospace.com\/es\/solicitar-una-cotizacion\/\" \/>\n<meta property=\"og:site_name\" content=\"Hurac\u00e1n Aeroespacial\" \/>\n<meta property=\"article:publisher\" content=\"https:\/\/www.facebook.com\/HurricaneAerospaceSolutions\/\" \/>\n<meta property=\"article:modified_time\" content=\"2020-12-04T04:30:12+00:00\" \/>\n<meta property=\"og:image\" content=\"https:\/\/hurricaneaerospace.com\/wp-content\/uploads\/2019\/04\/logo-main-fedramp-300x78.png\" \/>\n<meta name=\"twitter:card\" content=\"summary_large_image\" \/>\n<meta name=\"twitter:site\" content=\"@hurricaneaero\" \/>\n<meta name=\"twitter:label1\" content=\"Tiempo de lectura\" \/>\n\t<meta name=\"twitter:data1\" content=\"2 minutos\" \/>\n<script type=\"application\/ld+json\" class=\"yoast-schema-graph\">{\"@context\":\"https:\\\/\\\/schema.org\",\"@graph\":[{\"@type\":\"WebPage\",\"@id\":\"https:\\\/\\\/hurricaneaerospace.com\\\/es\\\/solicitar-una-cotizacion\\\/\",\"url\":\"https:\\\/\\\/hurricaneaerospace.com\\\/es\\\/solicitar-una-cotizacion\\\/\",\"name\":\"Solicitar una cotizaci\u00f3n - Hurac\u00e1n Aeroespacial\",\"isPartOf\":{\"@id\":\"https:\\\/\\\/hurricaneaerospace.com\\\/es\\\/#website\"},\"primaryImageOfPage\":{\"@id\":\"https:\\\/\\\/hurricaneaerospace.com\\\/es\\\/solicitar-una-cotizacion\\\/#primaryimage\"},\"image\":{\"@id\":\"https:\\\/\\\/hurricaneaerospace.com\\\/es\\\/solicitar-una-cotizacion\\\/#primaryimage\"},\"thumbnailUrl\":\"https:\\\/\\\/hurricaneaerospace.com\\\/wp-content\\\/uploads\\\/2019\\\/04\\\/logo-main-fedramp-300x78.png\",\"datePublished\":\"2020-08-19T20:43:02+00:00\",\"dateModified\":\"2020-12-04T04:30:12+00:00\",\"breadcrumb\":{\"@id\":\"https:\\\/\\\/hurricaneaerospace.com\\\/es\\\/solicitar-una-cotizacion\\\/#breadcrumb\"},\"inLanguage\":\"es\",\"potentialAction\":[{\"@type\":\"ReadAction\",\"target\":[\"https:\\\/\\\/hurricaneaerospace.com\\\/es\\\/solicitar-una-cotizacion\\\/\"]}]},{\"@type\":\"ImageObject\",\"inLanguage\":\"es\",\"@id\":\"https:\\\/\\\/hurricaneaerospace.com\\\/es\\\/solicitar-una-cotizacion\\\/#primaryimage\",\"url\":\"https:\\\/\\\/hurricaneaerospace.com\\\/wp-content\\\/uploads\\\/2019\\\/04\\\/logo-main-fedramp-300x78.png\",\"contentUrl\":\"https:\\\/\\\/hurricaneaerospace.com\\\/wp-content\\\/uploads\\\/2019\\\/04\\\/logo-main-fedramp-300x78.png\"},{\"@type\":\"BreadcrumbList\",\"@id\":\"https:\\\/\\\/hurricaneaerospace.com\\\/es\\\/solicitar-una-cotizacion\\\/#breadcrumb\",\"itemListElement\":[{\"@type\":\"ListItem\",\"position\":1,\"name\":\"Casa\",\"item\":\"https:\\\/\\\/hurricaneaerospace.com\\\/es\\\/\"},{\"@type\":\"ListItem\",\"position\":2,\"name\":\"Solicitar una cotizaci\u00f3n\"}]},{\"@type\":\"WebSite\",\"@id\":\"https:\\\/\\\/hurricaneaerospace.com\\\/es\\\/#website\",\"url\":\"https:\\\/\\\/hurricaneaerospace.com\\\/es\\\/\",\"name\":\"Hurac\u00e1n Aeroespacial\",\"description\":\"M\u00e1s de 25 a\u00f1os de experiencia\",\"publisher\":{\"@id\":\"https:\\\/\\\/hurricaneaerospace.com\\\/es\\\/#organization\"},\"potentialAction\":[{\"@type\":\"SearchAction\",\"target\":{\"@type\":\"EntryPoint\",\"urlTemplate\":\"https:\\\/\\\/hurricaneaerospace.com\\\/es\\\/?s={search_term_string}\"},\"query-input\":{\"@type\":\"PropertyValueSpecification\",\"valueRequired\":true,\"valueName\":\"search_term_string\"}}],\"inLanguage\":\"es\"},{\"@type\":\"Organization\",\"@id\":\"https:\\\/\\\/hurricaneaerospace.com\\\/es\\\/#organization\",\"name\":\"Hurricane Aerospace Solutions\",\"url\":\"https:\\\/\\\/hurricaneaerospace.com\\\/es\\\/\",\"logo\":{\"@type\":\"ImageObject\",\"inLanguage\":\"es\",\"@id\":\"https:\\\/\\\/hurricaneaerospace.com\\\/es\\\/#\\\/schema\\\/logo\\\/image\\\/\",\"url\":\"https:\\\/\\\/hurricaneaerospace.com\\\/wp-content\\\/uploads\\\/2019\\\/03\\\/Hurricane-Website-Logo-Retina-2019.png\",\"contentUrl\":\"https:\\\/\\\/hurricaneaerospace.com\\\/wp-content\\\/uploads\\\/2019\\\/03\\\/Hurricane-Website-Logo-Retina-2019.png\",\"width\":800,\"height\":482,\"caption\":\"Hurricane Aerospace Solutions\"},\"image\":{\"@id\":\"https:\\\/\\\/hurricaneaerospace.com\\\/es\\\/#\\\/schema\\\/logo\\\/image\\\/\"},\"sameAs\":[\"https:\\\/\\\/www.facebook.com\\\/HurricaneAerospaceSolutions\\\/\",\"https:\\\/\\\/x.com\\\/hurricaneaero\",\"https:\\\/\\\/www.instagram.com\\\/hurricaneaerospacesolutions\\\/\",\"http:\\\/\\\/www.linkedin.com\\\/company\\\/hurricaneaerospacesolutions\\\/\"]}]}<\/script>\n<!-- \/ Yoast SEO plugin. -->","yoast_head_json":{"title":"Solicitar una cotizaci\u00f3n - Hurac\u00e1n Aeroespacial","robots":{"index":"index","follow":"follow","max-snippet":"max-snippet:-1","max-image-preview":"max-image-preview:large","max-video-preview":"max-video-preview:-1"},"canonical":"https:\/\/hurricaneaerospace.com\/es\/solicitar-una-cotizacion\/","og_locale":"es_ES","og_type":"article","og_title":"Solicitar una cotizaci\u00f3n - Hurac\u00e1n Aeroespacial","og_url":"https:\/\/hurricaneaerospace.com\/es\/solicitar-una-cotizacion\/","og_site_name":"Hurac\u00e1n Aeroespacial","article_publisher":"https:\/\/www.facebook.com\/HurricaneAerospaceSolutions\/","article_modified_time":"2020-12-04T04:30:12+00:00","og_image":[{"url":"https:\/\/hurricaneaerospace.com\/wp-content\/uploads\/2019\/04\/logo-main-fedramp-300x78.png","type":"","width":"","height":""}],"twitter_card":"summary_large_image","twitter_site":"@hurricaneaero","twitter_misc":{"Tiempo de lectura":"2 minutos"},"schema":{"@context":"https:\/\/schema.org","@graph":[{"@type":"WebPage","@id":"https:\/\/hurricaneaerospace.com\/es\/solicitar-una-cotizacion\/","url":"https:\/\/hurricaneaerospace.com\/es\/solicitar-una-cotizacion\/","name":"Solicitar una cotizaci\u00f3n - Hurac\u00e1n Aeroespacial","isPartOf":{"@id":"https:\/\/hurricaneaerospace.com\/es\/#website"},"primaryImageOfPage":{"@id":"https:\/\/hurricaneaerospace.com\/es\/solicitar-una-cotizacion\/#primaryimage"},"image":{"@id":"https:\/\/hurricaneaerospace.com\/es\/solicitar-una-cotizacion\/#primaryimage"},"thumbnailUrl":"https:\/\/hurricaneaerospace.com\/wp-content\/uploads\/2019\/04\/logo-main-fedramp-300x78.png","datePublished":"2020-08-19T20:43:02+00:00","dateModified":"2020-12-04T04:30:12+00:00","breadcrumb":{"@id":"https:\/\/hurricaneaerospace.com\/es\/solicitar-una-cotizacion\/#breadcrumb"},"inLanguage":"es","potentialAction":[{"@type":"ReadAction","target":["https:\/\/hurricaneaerospace.com\/es\/solicitar-una-cotizacion\/"]}]},{"@type":"ImageObject","inLanguage":"es","@id":"https:\/\/hurricaneaerospace.com\/es\/solicitar-una-cotizacion\/#primaryimage","url":"https:\/\/hurricaneaerospace.com\/wp-content\/uploads\/2019\/04\/logo-main-fedramp-300x78.png","contentUrl":"https:\/\/hurricaneaerospace.com\/wp-content\/uploads\/2019\/04\/logo-main-fedramp-300x78.png"},{"@type":"BreadcrumbList","@id":"https:\/\/hurricaneaerospace.com\/es\/solicitar-una-cotizacion\/#breadcrumb","itemListElement":[{"@type":"ListItem","position":1,"name":"Casa","item":"https:\/\/hurricaneaerospace.com\/es\/"},{"@type":"ListItem","position":2,"name":"Solicitar una cotizaci\u00f3n"}]},{"@type":"WebSite","@id":"https:\/\/hurricaneaerospace.com\/es\/#website","url":"https:\/\/hurricaneaerospace.com\/es\/","name":"Hurac\u00e1n Aeroespacial","description":"M\u00e1s de 25 a\u00f1os de experiencia","publisher":{"@id":"https:\/\/hurricaneaerospace.com\/es\/#organization"},"potentialAction":[{"@type":"SearchAction","target":{"@type":"EntryPoint","urlTemplate":"https:\/\/hurricaneaerospace.com\/es\/?s={search_term_string}"},"query-input":{"@type":"PropertyValueSpecification","valueRequired":true,"valueName":"search_term_string"}}],"inLanguage":"es"},{"@type":"Organization","@id":"https:\/\/hurricaneaerospace.com\/es\/#organization","name":"Hurricane Aerospace Solutions","url":"https:\/\/hurricaneaerospace.com\/es\/","logo":{"@type":"ImageObject","inLanguage":"es","@id":"https:\/\/hurricaneaerospace.com\/es\/#\/schema\/logo\/image\/","url":"https:\/\/hurricaneaerospace.com\/wp-content\/uploads\/2019\/03\/Hurricane-Website-Logo-Retina-2019.png","contentUrl":"https:\/\/hurricaneaerospace.com\/wp-content\/uploads\/2019\/03\/Hurricane-Website-Logo-Retina-2019.png","width":800,"height":482,"caption":"Hurricane Aerospace Solutions"},"image":{"@id":"https:\/\/hurricaneaerospace.com\/es\/#\/schema\/logo\/image\/"},"sameAs":["https:\/\/www.facebook.com\/HurricaneAerospaceSolutions\/","https:\/\/x.com\/hurricaneaero","https:\/\/www.instagram.com\/hurricaneaerospacesolutions\/","http:\/\/www.linkedin.com\/company\/hurricaneaerospacesolutions\/"]}]}},"_links":{"self":[{"href":"https:\/\/hurricaneaerospace.com\/es\/wp-json\/wp\/v2\/pages\/6626","targetHints":{"allow":["GET"]}}],"collection":[{"href":"https:\/\/hurricaneaerospace.com\/es\/wp-json\/wp\/v2\/pages"}],"about":[{"href":"https:\/\/hurricaneaerospace.com\/es\/wp-json\/wp\/v2\/types\/page"}],"author":[{"embeddable":true,"href":"https:\/\/hurricaneaerospace.com\/es\/wp-json\/wp\/v2\/users\/4"}],"replies":[{"embeddable":true,"href":"https:\/\/hurricaneaerospace.com\/es\/wp-json\/wp\/v2\/comments?post=6626"}],"version-history":[{"count":17,"href":"https:\/\/hurricaneaerospace.com\/es\/wp-json\/wp\/v2\/pages\/6626\/revisions"}],"predecessor-version":[{"id":8200,"href":"https:\/\/hurricaneaerospace.com\/es\/wp-json\/wp\/v2\/pages\/6626\/revisions\/8200"}],"wp:attachment":[{"href":"https:\/\/hurricaneaerospace.com\/es\/wp-json\/wp\/v2\/media?parent=6626"}],"curies":[{"name":"wp","href":"https:\/\/api.w.org\/{rel}","templated":true}]}}