{"id":6699,"date":"2020-08-19T20:45:10","date_gmt":"2020-08-19T20:45:10","guid":{"rendered":"https:\/\/hurricaneaerospace.com\/soluciones-comerciales\/"},"modified":"2020-12-04T03:22:34","modified_gmt":"2020-12-04T03:22:34","slug":"soluciones-comerciales","status":"publish","type":"page","link":"https:\/\/hurricaneaerospace.com\/es\/soluciones-comerciales\/","title":{"rendered":"Soluciones comerciales"},"content":{"rendered":"\n\t<section class=\"section dark\" id=\"section_280564354\">\n\t\t<div class=\"section-bg fill\" >\n\t\t\t<img loading=\"lazy\" decoding=\"async\" width=\"2048\" height=\"1364\" src=\"https:\/\/hurricaneaerospace.com\/wp-content\/uploads\/2020\/05\/photo-1585713181935-d5f622cc2415-scaled.jpeg\" class=\"bg attachment-original size-original\" alt=\"\" \/>\t\t\t\t\t\t<div class=\"section-bg-overlay absolute fill\"><\/div>\n\t\t\t\n\n\t\t<\/div>\n\n\t\t\n\n\t\t<div class=\"section-content relative\">\n\t\t\t\n<div class=\"row align-middle\"  id=\"row-1537197848\">\n\n\t<div id=\"col-34102914\" class=\"col small-12 large-12\"  >\n\t\t\t\t<div class=\"col-inner\"  >\n\t\t\t\n\t\t\t\n<div class=\"container section-title-container\" style=\"margin-top:0px;margin-bottom:0px;\"><h1 class=\"section-title section-title-normal\"><b aria-hidden=\"true\"><\/b><span class=\"section-title-main\" >soluciones comerciales<\/span><b aria-hidden=\"true\"><\/b><\/h1><\/div>\n<p class=\"lead\">Hurricane Aerospace Solutions se compromete a proporcionar a nuestros clientes productos y servicios de calidad y mejorar y desarrollar continuamente soluciones a medida que ofrezcan soporte a medida a sus clientes, referencia a los est\u00e1ndares de calidad AS9100, ISO9001 que continuamente cumplen y superan las expectativas de los clientes, a trav\u00e9s de productos y servicios que ofrecemos evitando da\u00f1os al medio ambiente y a nuestros empleados.<\/p>\n<a href=\"#solution\" class=\"button secondary\" >\n\t\t<span>nuestras soluciones<\/span>\n\t<\/a>\n\n<a href=\"#why-nosotros\" class=\"button white\" >\n\t\t<span>\u00bfPor qu\u00e9 nosotros?<\/span>\n\t<\/a>\n\n\t\t<\/div>\n\t\t\t\t\t<\/div>\n\n\t\n<\/div>\n\t\t<\/div>\n\n\t\t\n<style>\n#section_280564354 {\n  padding-top: 100px;\n  padding-bottom: 100px;\n}\n#section_280564354 .section-bg-overlay {\n  background-color: rgba(20, 39, 73, 0.71);\n}\n#section_280564354 .section-bg img {\n  object-position: 46% 50%;\n}\n<\/style>\n\t<\/section>\n\t\n<span class=\"scroll-to\" data-label=\"Scroll to: #solution\" data-bullet=\"true\" data-link=\"#solution\" data-title=\"Solution\"><a name=\"solution\"><\/a><\/span>\n\n\t<section class=\"section\" id=\"section_837710699\">\n\t\t<div class=\"section-bg fill\" >\n\t\t\t\t\t\t\t\t\t\n\t\t\t\n\n\t\t<\/div>\n\n\t\t\n\n\t\t<div class=\"section-content relative\">\n\t\t\t\n<div class=\"row\"  id=\"row-749544105\">\n\n\t<div id=\"col-1120416261\" class=\"col small-12 large-12\"  >\n\t\t\t\t<div class=\"col-inner\"  >\n\t\t\t\n\t\t\t\n\t<div id=\"gap-84965284\" class=\"gap-element clearfix\" style=\"display:block; height:auto;\">\n\t\t\n<style>\n#gap-84965284 {\n  padding-top: 30px;\n}\n<\/style>\n\t<\/div>\n\t\n<div class=\"container section-title-container\" style=\"margin-top:0px;margin-bottom:0px;\"><h2 class=\"section-title section-title-normal\"><b aria-hidden=\"true\"><\/b><span class=\"section-title-main\" >Nuestras soluciones<\/span><b aria-hidden=\"true\"><\/b><\/h2><\/div>\n\t\t<\/div>\n\t\t\t\t\t<\/div>\n\n\t\n\n\t<div id=\"col-474461152\" class=\"col medium-4 small-12 large-4\"  >\n\t\t\t\t<div class=\"col-inner text-left\"  >\n\t\t\t\n\t\t\t\n\n\t\t<div class=\"icon-box featured-box icon-box-top text-left\"  >\n\t\t\t\t\t<div class=\"icon-box-img\" style=\"width: 100px\">\n\t\t\t\t<div class=\"icon\">\n\t\t\t\t\t<div class=\"icon-inner\" >\n\t\t\t\t\t\t\t\t\t\t\t<\/div>\n\t\t\t\t<\/div>\n\t\t\t<\/div>\n\t\t\t\t<div class=\"icon-box-text last-reset\">\n\t\t\t\t\t\t\t\t\t\n<h3 style=\"text-align: left\">Soluciones de cadena de suministro de 360o<\/h3>\n<ul>\n<li style=\"text-align: left\">Distribuci\u00f3n OEM del mercado de accesorios<\/li>\n<li style=\"text-align: left\">Consolidaci\u00f3n del Material<\/li>\n<li style=\"text-align: left\">Acuerdos a largo plazo<\/li>\n<li style=\"text-align: left\">Env\u00edo de lotes de exceso \/ stock<\/li>\n<li style=\"text-align: left\">Servicio AOG 24\/7<\/li>\n<\/ul>\n\t\t<\/div>\n\t<\/div>\n\t\n\t\n\t\t<\/div>\n\t\t\t\t\t<\/div>\n\n\t\n\n\t<div id=\"col-1154063160\" class=\"col medium-4 small-12 large-4\"  >\n\t\t\t\t<div class=\"col-inner\"  >\n\t\t\t\n\t\t\t\n\n\t\t<div class=\"icon-box featured-box icon-box-top text-left\"  >\n\t\t\t\t\t<div class=\"icon-box-img\" style=\"width: 100px\">\n\t\t\t\t<div class=\"icon\">\n\t\t\t\t\t<div class=\"icon-inner\" >\n\t\t\t\t\t\t\t\t\t\t\t<\/div>\n\t\t\t\t<\/div>\n\t\t\t<\/div>\n\t\t\t\t<div class=\"icon-box-text last-reset\">\n\t\t\t\t\t\t\t\t\t\n<h3 style=\"text-align: left\">Comenzando al Final del Ciclo de Vida de la Aeronave<\/h3>\n<ul>\n<li style=\"text-align: left\">Configuraci\u00f3n de cabina \/ Equipo amueblado por el comprador (BFE)<\/li>\n<li style=\"text-align: left\">Aprovisionamiento inicial<\/li>\n<li style=\"text-align: left\">Acuerdos a largo plazo para apoyar a la flota actual<\/li>\n<li style=\"text-align: left\">Modificaciones y mejoras<\/li>\n<li style=\"text-align: left\">Retiro de aeronaves<\/li>\n<\/ul>\n\t\t<\/div>\n\t<\/div>\n\t\n\t\n\t\t<\/div>\n\t\t\t\t\t<\/div>\n\n\t\n\n\t<div id=\"col-682424430\" class=\"col medium-4 small-12 large-4\"  >\n\t\t\t\t<div class=\"col-inner\"  >\n\t\t\t\n\t\t\t\n\n\t\t<div class=\"icon-box featured-box icon-box-top text-left\"  >\n\t\t\t\t\t<div class=\"icon-box-img\" style=\"width: 100px\">\n\t\t\t\t<div class=\"icon\">\n\t\t\t\t\t<div class=\"icon-inner\" >\n\t\t\t\t\t\t\t\t\t\t\t<\/div>\n\t\t\t\t<\/div>\n\t\t\t<\/div>\n\t\t\t\t<div class=\"icon-box-text last-reset\">\n\t\t\t\t\t\t\t\t\t\n<h3 style=\"text-align: left\">Gesti\u00f3n de activos<\/h3>\n<ul>\n<li style=\"text-align: left\">Env\u00edos de exceso de stock<\/li>\n<li style=\"text-align: left\">Inventario de La Flota Vieja<\/li>\n<li style=\"text-align: left\">Gesti\u00f3n de reparaciones<\/li>\n<li style=\"text-align: left\">Piscinas rotables<\/li>\n<\/ul>\n\t\t<\/div>\n\t<\/div>\n\t\n\t\n\t\t<\/div>\n\t\t\t\t\t<\/div>\n\n\t\n<\/div>\n\t\t<\/div>\n\n\t\t\n<style>\n#section_837710699 {\n  padding-top: 32px;\n  padding-bottom: 32px;\n}\n<\/style>\n\t<\/section>\n\t\n<span class=\"scroll-to\" data-label=\"Scroll to: #why-us\" data-bullet=\"true\" data-link=\"#why-us\" data-title=\"why-us\"><a name=\"why-us\"><\/a><\/span>\n\n\t<section class=\"section\" id=\"section_1043222706\">\n\t\t<div class=\"section-bg fill\" >\n\t\t\t\t\t\t\t\t\t\n\t\t\t\n\n\t\t<\/div>\n\n\t\t\n\n\t\t<div class=\"section-content relative\">\n\t\t\t\n<div class=\"row\"  id=\"row-1681702717\">\n\n\t<div id=\"col-998954085\" class=\"col medium-6 small-12 large-6\"  >\n\t\t\t\t<div class=\"col-inner\"  >\n\t\t\t\n\t\t\t\n<h2>\u00bfPor qu\u00e9 Hurricane Aerospace?<\/h2>\n<p><span style=\"font-weight: 400\">Hurricane Aerospace Solutions proporciona una distribuci\u00f3n genuina de piezas OEM y ofrece una cartera de servicios multigleta exhaustiva e innovadora a las industrias aeroespaciales de Civil &amp; Defense, reduciendo los costos log\u00edsticos y maximizando los recursos de nuestro usuario final al minimizar su cadena de suministro. ofrecemos soluciones personalizadas para satisfacer los requisitos log\u00edsticos de la aviaci\u00f3n en todo el mundo. Trabajar con proveedores estrat\u00e9gicos de aviaci\u00f3n en el desarrollo de operaciones globales.<\/span><\/p>\n<h4>Innovadores en El Sector Aeroespacial<\/h4>\n<p><span style=\"font-weight: 400\">Nuestra empresa es un proveedor innovador global de soluciones de posventa para la industria aeroespacial civil, que ofrece de todo, desde la gesti\u00f3n de piezas hasta los servicios de piezas, as\u00ed como el soporte de piezas para todo tipo de aeronaves. Adem\u00e1s de ofrecer servicios integrados y de valor agregado, Hurricane Aerospace se dedica al desarrollo de relaciones con socios comerciales, as\u00ed como nuevos conceptos de negocio, en beneficio de todos los socios civiles, de defensa y comerciales.  <\/span><\/p>\n<p>\n<div class=\"is-divider divider clearfix\" ><\/div>\n<h2 class=\"uppercase\" style=\"text-align: left\">descargar nuestra tarjeta de l\u00ednea<\/h2>\n<h3 class=\"thin-font\" style=\"text-align: left\">Vea y descargue nuestra tarjeta de l\u00ednea<\/h3>\n<a href=\"http:\/\/hurricaneaerospace.com\/wp-content\/uploads\/2019\/07\/Commercial-Line-Card-.pdf\" class=\"button primary\" style=\"border-radius:10px;\">\n\t\t<span>Descargar<\/span>\n\t<\/a>\n\n\t\t<\/div>\n\t\t\t\t\t<\/div>\n\n\t\n\n\t<div id=\"col-2083047645\" class=\"col medium-6 small-12 large-6\"  >\n\t\t\t\t<div class=\"col-inner text-left\"  >\n\t\t\t\n\t\t\t\n\t<div class=\"img has-hover x md-x lg-x y md-y lg-y\" id=\"image_110543237\">\n\t\t\t\t\t\t\t\t<div class=\"img-inner dark\" >\n\t\t\t<img loading=\"lazy\" decoding=\"async\" width=\"760\" height=\"506\" src=\"https:\/\/hurricaneaerospace.com\/wp-content\/uploads\/2019\/06\/01_Common-Myths-About-Airplanes-You-Need-to-Stop-Believing_559714906_motive56-760x506.jpg\" class=\"attachment-large size-large\" alt=\"airplane Takingoff\" srcset=\"https:\/\/hurricaneaerospace.com\/wp-content\/uploads\/2019\/06\/01_Common-Myths-About-Airplanes-You-Need-to-Stop-Believing_559714906_motive56-760x506.jpg 760w, https:\/\/hurricaneaerospace.com\/wp-content\/uploads\/2019\/06\/01_Common-Myths-About-Airplanes-You-Need-to-Stop-Believing_559714906_motive56-760x506-300x200.jpg 300w\" sizes=\"auto, (max-width: 760px) 100vw, 760px\" \/>\t\t\t\t\t\t\n\t\t\t\t\t<\/div>\n\t\t\t\t\t\t\t\t\n<style>\n#image_110543237 {\n  width: 100%;\n}\n<\/style>\n\t<\/div>\n\t\n\t\t<\/div>\n\t\t\t\t\t<\/div>\n\n\t\n<\/div>\n\t\t<\/div>\n\n\t\t\n<style>\n#section_1043222706 {\n  padding-top: 72px;\n  padding-bottom: 72px;\n}\n<\/style>\n\t<\/section>\n\t\n\n\t<section class=\"section\" id=\"section_1683189275\">\n\t\t<div class=\"section-bg fill\" >\n\t\t\t\t\t\t\t\t\t\n\t\t\t\n\n\t\t<\/div>\n\n\t\t\n\n\t\t<div class=\"section-content relative\">\n\t\t\t\n<p>\n<div class=\"message-box relative dark\" style=\"padding-top:46px;padding-bottom:46px;\"><div class=\"message-box-bg-image bg-fill fill\" ><\/div><div class=\"message-box-bg-overlay bg-fill fill\" style=\"background-color:rgb(37, 64, 124);\"><\/div><div class=\"container relative\"><div class=\"inner last-reset\">\n<p>\n<div class=\"row align-middle align-center\"  id=\"row-1815492564\">\n<p>\n\n\t<div id=\"col-1910725569\" class=\"col medium-9 small-12 large-9\"  >\n\t\t\t\t<div class=\"col-inner\"  >\n\t\t\t\n\t\t\t\n<h2>\u00bfListo para trabajar con nosotros?<\/h2>\n<p class=\"lead\">Si est\u00e1 listo para dar el siguiente paso con Hurricane Aerospace Solutions, no dude en solicitar un presupuesto utilizando nuestro formulario de solicitud de presupuesto y uno de nuestros expertos en ventas se pondr\u00e1 en contacto con usted en breve.<\/p>\n\t\t<\/div>\n\t\t\t\t\t<\/div>\n\n\t\n<\/p>\n\n\t<div id=\"col-1185961169\" class=\"col medium-3 small-12 large-3\"  >\n\t\t\t\t<div class=\"col-inner text-center\"  >\n\t\t\t\n\t\t\t\n<p>\n<a href=\"\/hurricane\/request-quote\/\" class=\"button white is-outline is-large\" >\n\t\t<span>Solicitar una cotizaci\u00f3n<\/span>\n\t<\/a>\n\n\t\t<\/div>\n\t\t\t\t\t<\/div>\n\n\t\n<\/p>\n<\/div>\n<\/p>\n<\/div><\/div><\/div>\n<\/p>\n\t\t<\/div>\n\n\t\t\n<style>\n#section_1683189275 {\n  padding-top: 0px;\n  padding-bottom: 0px;\n}\n<\/style>\n\t<\/section>\n\t\n","protected":false},"excerpt":{"rendered":"","protected":false},"author":4,"featured_media":0,"parent":0,"menu_order":0,"comment_status":"closed","ping_status":"closed","template":"page-blank.php","meta":{"nf_dc_page":"","_monsterinsights_skip_tracking":false,"_monsterinsights_sitenote_active":false,"_monsterinsights_sitenote_note":"","_monsterinsights_sitenote_category":0,"footnotes":""},"class_list":["post-6699","page","type-page","status-publish","hentry"],"yoast_head":"<!-- This site is optimized with the Yoast SEO plugin v27.4 - https:\/\/yoast.com\/product\/yoast-seo-wordpress\/ -->\n<title>Soluciones comerciales - Hurac\u00e1n Aeroespacial<\/title>\n<meta name=\"description\" content=\"Proporcionar productos y servicios de calidad. Mejora continua y desarrollo de soluciones a medida que ofrecen soporte mundial a sus clientes.\" \/>\n<meta name=\"robots\" content=\"index, follow, max-snippet:-1, max-image-preview:large, max-video-preview:-1\" \/>\n<link rel=\"canonical\" href=\"https:\/\/hurricaneaerospace.com\/es\/soluciones-comerciales\/\" \/>\n<meta property=\"og:locale\" content=\"es_ES\" \/>\n<meta property=\"og:type\" content=\"article\" \/>\n<meta property=\"og:title\" content=\"Soluciones comerciales - Hurac\u00e1n Aeroespacial\" \/>\n<meta property=\"og:description\" content=\"Proporcionar productos y servicios de calidad. Mejora continua y desarrollo de soluciones a medida que ofrecen soporte mundial a sus clientes.\" \/>\n<meta property=\"og:url\" content=\"https:\/\/hurricaneaerospace.com\/es\/soluciones-comerciales\/\" \/>\n<meta property=\"og:site_name\" content=\"Hurac\u00e1n Aeroespacial\" \/>\n<meta property=\"article:publisher\" content=\"https:\/\/www.facebook.com\/HurricaneAerospaceSolutions\/\" \/>\n<meta property=\"article:modified_time\" content=\"2020-12-04T03:22:34+00:00\" \/>\n<meta name=\"twitter:card\" content=\"summary_large_image\" \/>\n<meta name=\"twitter:site\" content=\"@hurricaneaero\" \/>\n<meta name=\"twitter:label1\" content=\"Tiempo de lectura\" \/>\n\t<meta name=\"twitter:data1\" content=\"3 minutos\" \/>\n<script type=\"application\/ld+json\" class=\"yoast-schema-graph\">{\"@context\":\"https:\\\/\\\/schema.org\",\"@graph\":[{\"@type\":\"WebPage\",\"@id\":\"https:\\\/\\\/hurricaneaerospace.com\\\/es\\\/soluciones-comerciales\\\/\",\"url\":\"https:\\\/\\\/hurricaneaerospace.com\\\/es\\\/soluciones-comerciales\\\/\",\"name\":\"Soluciones comerciales - Hurac\u00e1n Aeroespacial\",\"isPartOf\":{\"@id\":\"https:\\\/\\\/hurricaneaerospace.com\\\/es\\\/#website\"},\"datePublished\":\"2020-08-19T20:45:10+00:00\",\"dateModified\":\"2020-12-04T03:22:34+00:00\",\"description\":\"Proporcionar productos y servicios de calidad. Mejora continua y desarrollo de soluciones a medida que ofrecen soporte mundial a sus clientes.\",\"breadcrumb\":{\"@id\":\"https:\\\/\\\/hurricaneaerospace.com\\\/es\\\/soluciones-comerciales\\\/#breadcrumb\"},\"inLanguage\":\"es\",\"potentialAction\":[{\"@type\":\"ReadAction\",\"target\":[\"https:\\\/\\\/hurricaneaerospace.com\\\/es\\\/soluciones-comerciales\\\/\"]}]},{\"@type\":\"BreadcrumbList\",\"@id\":\"https:\\\/\\\/hurricaneaerospace.com\\\/es\\\/soluciones-comerciales\\\/#breadcrumb\",\"itemListElement\":[{\"@type\":\"ListItem\",\"position\":1,\"name\":\"Casa\",\"item\":\"https:\\\/\\\/hurricaneaerospace.com\\\/es\\\/\"},{\"@type\":\"ListItem\",\"position\":2,\"name\":\"Soluciones comerciales\"}]},{\"@type\":\"WebSite\",\"@id\":\"https:\\\/\\\/hurricaneaerospace.com\\\/es\\\/#website\",\"url\":\"https:\\\/\\\/hurricaneaerospace.com\\\/es\\\/\",\"name\":\"Hurac\u00e1n Aeroespacial\",\"description\":\"M\u00e1s de 25 a\u00f1os de experiencia\",\"publisher\":{\"@id\":\"https:\\\/\\\/hurricaneaerospace.com\\\/es\\\/#organization\"},\"potentialAction\":[{\"@type\":\"SearchAction\",\"target\":{\"@type\":\"EntryPoint\",\"urlTemplate\":\"https:\\\/\\\/hurricaneaerospace.com\\\/es\\\/?s={search_term_string}\"},\"query-input\":{\"@type\":\"PropertyValueSpecification\",\"valueRequired\":true,\"valueName\":\"search_term_string\"}}],\"inLanguage\":\"es\"},{\"@type\":\"Organization\",\"@id\":\"https:\\\/\\\/hurricaneaerospace.com\\\/es\\\/#organization\",\"name\":\"Hurricane Aerospace Solutions\",\"url\":\"https:\\\/\\\/hurricaneaerospace.com\\\/es\\\/\",\"logo\":{\"@type\":\"ImageObject\",\"inLanguage\":\"es\",\"@id\":\"https:\\\/\\\/hurricaneaerospace.com\\\/es\\\/#\\\/schema\\\/logo\\\/image\\\/\",\"url\":\"https:\\\/\\\/hurricaneaerospace.com\\\/wp-content\\\/uploads\\\/2019\\\/03\\\/Hurricane-Website-Logo-Retina-2019.png\",\"contentUrl\":\"https:\\\/\\\/hurricaneaerospace.com\\\/wp-content\\\/uploads\\\/2019\\\/03\\\/Hurricane-Website-Logo-Retina-2019.png\",\"width\":800,\"height\":482,\"caption\":\"Hurricane Aerospace Solutions\"},\"image\":{\"@id\":\"https:\\\/\\\/hurricaneaerospace.com\\\/es\\\/#\\\/schema\\\/logo\\\/image\\\/\"},\"sameAs\":[\"https:\\\/\\\/www.facebook.com\\\/HurricaneAerospaceSolutions\\\/\",\"https:\\\/\\\/x.com\\\/hurricaneaero\",\"https:\\\/\\\/www.instagram.com\\\/hurricaneaerospacesolutions\\\/\",\"http:\\\/\\\/www.linkedin.com\\\/company\\\/hurricaneaerospacesolutions\\\/\"]}]}<\/script>\n<!-- \/ Yoast SEO plugin. -->","yoast_head_json":{"title":"Soluciones comerciales - Hurac\u00e1n Aeroespacial","description":"Proporcionar productos y servicios de calidad. Mejora continua y desarrollo de soluciones a medida que ofrecen soporte mundial a sus clientes.","robots":{"index":"index","follow":"follow","max-snippet":"max-snippet:-1","max-image-preview":"max-image-preview:large","max-video-preview":"max-video-preview:-1"},"canonical":"https:\/\/hurricaneaerospace.com\/es\/soluciones-comerciales\/","og_locale":"es_ES","og_type":"article","og_title":"Soluciones comerciales - Hurac\u00e1n Aeroespacial","og_description":"Proporcionar productos y servicios de calidad. Mejora continua y desarrollo de soluciones a medida que ofrecen soporte mundial a sus clientes.","og_url":"https:\/\/hurricaneaerospace.com\/es\/soluciones-comerciales\/","og_site_name":"Hurac\u00e1n Aeroespacial","article_publisher":"https:\/\/www.facebook.com\/HurricaneAerospaceSolutions\/","article_modified_time":"2020-12-04T03:22:34+00:00","twitter_card":"summary_large_image","twitter_site":"@hurricaneaero","twitter_misc":{"Tiempo de lectura":"3 minutos"},"schema":{"@context":"https:\/\/schema.org","@graph":[{"@type":"WebPage","@id":"https:\/\/hurricaneaerospace.com\/es\/soluciones-comerciales\/","url":"https:\/\/hurricaneaerospace.com\/es\/soluciones-comerciales\/","name":"Soluciones comerciales - Hurac\u00e1n Aeroespacial","isPartOf":{"@id":"https:\/\/hurricaneaerospace.com\/es\/#website"},"datePublished":"2020-08-19T20:45:10+00:00","dateModified":"2020-12-04T03:22:34+00:00","description":"Proporcionar productos y servicios de calidad. Mejora continua y desarrollo de soluciones a medida que ofrecen soporte mundial a sus clientes.","breadcrumb":{"@id":"https:\/\/hurricaneaerospace.com\/es\/soluciones-comerciales\/#breadcrumb"},"inLanguage":"es","potentialAction":[{"@type":"ReadAction","target":["https:\/\/hurricaneaerospace.com\/es\/soluciones-comerciales\/"]}]},{"@type":"BreadcrumbList","@id":"https:\/\/hurricaneaerospace.com\/es\/soluciones-comerciales\/#breadcrumb","itemListElement":[{"@type":"ListItem","position":1,"name":"Casa","item":"https:\/\/hurricaneaerospace.com\/es\/"},{"@type":"ListItem","position":2,"name":"Soluciones comerciales"}]},{"@type":"WebSite","@id":"https:\/\/hurricaneaerospace.com\/es\/#website","url":"https:\/\/hurricaneaerospace.com\/es\/","name":"Hurac\u00e1n Aeroespacial","description":"M\u00e1s de 25 a\u00f1os de experiencia","publisher":{"@id":"https:\/\/hurricaneaerospace.com\/es\/#organization"},"potentialAction":[{"@type":"SearchAction","target":{"@type":"EntryPoint","urlTemplate":"https:\/\/hurricaneaerospace.com\/es\/?s={search_term_string}"},"query-input":{"@type":"PropertyValueSpecification","valueRequired":true,"valueName":"search_term_string"}}],"inLanguage":"es"},{"@type":"Organization","@id":"https:\/\/hurricaneaerospace.com\/es\/#organization","name":"Hurricane Aerospace Solutions","url":"https:\/\/hurricaneaerospace.com\/es\/","logo":{"@type":"ImageObject","inLanguage":"es","@id":"https:\/\/hurricaneaerospace.com\/es\/#\/schema\/logo\/image\/","url":"https:\/\/hurricaneaerospace.com\/wp-content\/uploads\/2019\/03\/Hurricane-Website-Logo-Retina-2019.png","contentUrl":"https:\/\/hurricaneaerospace.com\/wp-content\/uploads\/2019\/03\/Hurricane-Website-Logo-Retina-2019.png","width":800,"height":482,"caption":"Hurricane Aerospace Solutions"},"image":{"@id":"https:\/\/hurricaneaerospace.com\/es\/#\/schema\/logo\/image\/"},"sameAs":["https:\/\/www.facebook.com\/HurricaneAerospaceSolutions\/","https:\/\/x.com\/hurricaneaero","https:\/\/www.instagram.com\/hurricaneaerospacesolutions\/","http:\/\/www.linkedin.com\/company\/hurricaneaerospacesolutions\/"]}]}},"_links":{"self":[{"href":"https:\/\/hurricaneaerospace.com\/es\/wp-json\/wp\/v2\/pages\/6699","targetHints":{"allow":["GET"]}}],"collection":[{"href":"https:\/\/hurricaneaerospace.com\/es\/wp-json\/wp\/v2\/pages"}],"about":[{"href":"https:\/\/hurricaneaerospace.com\/es\/wp-json\/wp\/v2\/types\/page"}],"author":[{"embeddable":true,"href":"https:\/\/hurricaneaerospace.com\/es\/wp-json\/wp\/v2\/users\/4"}],"replies":[{"embeddable":true,"href":"https:\/\/hurricaneaerospace.com\/es\/wp-json\/wp\/v2\/comments?post=6699"}],"version-history":[{"count":15,"href":"https:\/\/hurricaneaerospace.com\/es\/wp-json\/wp\/v2\/pages\/6699\/revisions"}],"predecessor-version":[{"id":7915,"href":"https:\/\/hurricaneaerospace.com\/es\/wp-json\/wp\/v2\/pages\/6699\/revisions\/7915"}],"wp:attachment":[{"href":"https:\/\/hurricaneaerospace.com\/es\/wp-json\/wp\/v2\/media?parent=6699"}],"curies":[{"name":"wp","href":"https:\/\/api.w.org\/{rel}","templated":true}]}}