{"id":6962,"date":"2020-08-19T21:18:14","date_gmt":"2020-08-19T21:18:14","guid":{"rendered":"https:\/\/hurricaneaerospace.com\/boletin\/"},"modified":"2020-09-17T21:08:59","modified_gmt":"2020-09-17T21:08:59","slug":"boletin","status":"publish","type":"page","link":"https:\/\/hurricaneaerospace.com\/es\/boletin\/","title":{"rendered":"Bolet\u00edn"},"content":{"rendered":"\n\t<section class=\"section dark\" id=\"section_362235823\">\n\t\t<div class=\"section-bg fill\" >\n\t\t\t<img loading=\"lazy\" decoding=\"async\" width=\"2000\" height=\"1270\" src=\"https:\/\/hurricaneaerospace.com\/wp-content\/uploads\/2019\/03\/shutterstock_667629316.jpg\" class=\"bg attachment-original size-original\" alt=\"turbine\" \/>\t\t\t\t\t\t<div class=\"section-bg-overlay absolute fill\"><\/div>\n\t\t\t\n\n\t\t<\/div>\n\n\t\t\n\n\t\t<div class=\"section-content relative\">\n\t\t\t\n<div class=\"row\"  id=\"row-1455045917\">\n\n\t<div id=\"col-1156127235\" class=\"col small-12 large-12\"  >\n\t\t\t\t<div class=\"col-inner\"  >\n\t\t\t\n\t\t\t\n<div class=\"container section-title-container\" style=\"margin-top:0px;margin-bottom:0px;\"><h1 class=\"section-title section-title-center\"><b aria-hidden=\"true\"><\/b><span class=\"section-title-main\" >Bolet\u00edn<\/span><b aria-hidden=\"true\"><\/b><\/h1><\/div>\n\t\t<\/div>\n\t\t\t\t\t<\/div>\n\n\t\n<\/div>\n\t\t<\/div>\n\n\t\t\n<style>\n#section_362235823 {\n  padding-top: 100px;\n  padding-bottom: 100px;\n}\n#section_362235823 .section-bg-overlay {\n  background-color: rgba(18, 41, 81, 0.71);\n}\n#section_362235823 .section-bg img {\n  object-position: 1% 50%;\n}\n<\/style>\n\t<\/section>\n\t\n\n\t<section class=\"section\" id=\"section_238663611\">\n\t\t<div class=\"section-bg fill\" >\n\t\t\t\t\t\t\t\t\t\n\t\t\t\n\n\t\t<\/div>\n\n\t\t\n\n\t\t<div class=\"section-content relative\">\n\t\t\t\n<div class=\"row\"  id=\"row-258944147\">\n\n\t<div id=\"col-2145279226\" class=\"col medium-6 small-12 large-6\"  >\n\t\t\t\t<div class=\"col-inner\"  >\n\t\t\t\n\t\t\t\n<p>Thank you for visiting our website. Fill out the form if you want us to keep you informed about everything we have to offer.<\/p>\n<p>We are available Mon-Fri from 8am-6pm, but you can email us at any time and one of our sales representatives will contact you the next business day.<\/p>\n<p><strong>Thank you for choosing Hurricane Aerospace Solutions.<\/strong><\/p>\n<hr \/>\n<h3>Address:<\/h3>\n<p>1480 SW 3rd St C10, Pompano Beach, FL 33069<\/p>\n<h3>Phone:<\/h3>\n<p><a href=\"tel:+1-954-345-9330\">+1-954-345-9330<\/a> or <a href=\"tel:+1-954-933-5664\">+1-954-933-5664<\/a><\/p>\n<h3>Email:<\/h3>\n<p><a href=\"mailto:info@hurricaneaerospacesolutions.com\">info@hurricaneaerospacesolutions.com<\/a><\/p>\n\t\t<\/div>\n\t\t\t\t\t<\/div>\n\n\t\n\n\t<div id=\"col-54440336\" class=\"col medium-6 small-12 large-6\"  >\n\t\t\t\t<div class=\"col-inner\" style=\"background-color:rgb(249, 253, 255);\" >\n\t\t\t\n\t\t\t\n<h2 class=\"uppercase\">Subscribe to our Newsletter<\/h2>\n<!-- Begin Mailchimp Signup Form -->\r\n<link href=\"\/\/cdn-images.mailchimp.com\/embedcode\/classic-10_7.css\" rel=\"stylesheet\" type=\"text\/css\">\r\n<style type=\"text\/css\">\r\n\t#mc_embed_signup{background:; clear:left; font:14px Helvetica,Arial,sans-serif; }\r\n\t\/* Add your own Mailchimp form style overrides in your site stylesheet or in this style block.\r\n\t   We recommend moving this block and the preceding CSS link to the HEAD of your HTML file. *\/\r\n<\/style>\r\n<div id=\"mc_embed_signup\">\r\n<form action=\"https:\/\/hurricaneaerospace.us7.list-manage.com\/subscribe\/post?u=8ebf3649fbadd36fa2dc00412&amp;id=53ad09039a\" method=\"post\" id=\"mc-embedded-subscribe-form\" name=\"mc-embedded-subscribe-form\" class=\"validate\" target=\"_blank\" novalidate>\r\n    <div id=\"mc_embed_signup_scroll\">\r\n\t\r\n<div class=\"indicates-required\"><span class=\"asterisk\">*<\/span> indicates required<\/div>\r\n<div class=\"mc-field-group\">\r\n\t<label for=\"mce-FNAME\">First Name <\/label>\r\n\t<input type=\"text\" value=\"\" name=\"FNAME\" class=\"\" id=\"mce-FNAME\">\r\n<\/div>\r\n<div class=\"mc-field-group\">\r\n\t<label for=\"mce-LNAME\">Last Name <\/label>\r\n\t<input type=\"text\" value=\"\" name=\"LNAME\" class=\"\" id=\"mce-LNAME\">\r\n<\/div>\r\n<div class=\"mc-field-group\">\r\n\t<label for=\"mce-EMAIL\">Email Address  <span class=\"asterisk\">*<\/span>\r\n<\/label>\r\n\t<input type=\"email\" value=\"\" name=\"EMAIL\" class=\"required email\" id=\"mce-EMAIL\">\r\n<\/div>\r\n\t<div id=\"mce-responses\" class=\"clear\">\r\n\t\t<div class=\"response\" id=\"mce-error-response\" style=\"display:none\"><\/div>\r\n\t\t<div class=\"response\" id=\"mce-success-response\" style=\"display:none\"><\/div>\r\n\t<\/div>    <!-- real people should not fill this in and expect good things - do not remove this or risk form bot signups-->\r\n    <div style=\"position: absolute; left: -5000px;\" aria-hidden=\"true\"><input type=\"text\" name=\"b_8ebf3649fbadd36fa2dc00412_53ad09039a\" tabindex=\"-1\" value=\"\"><\/div>\r\n    <div class=\"clear\"><input type=\"submit\" value=\"Subscribe\" name=\"subscribe\" id=\"mc-embedded-subscribe\" class=\"button\"><\/div>\r\n    <\/div>\r\n<\/form>\r\n<\/div>\r\n<script type='text\/javascript' src='\/\/s3.amazonaws.com\/downloads.mailchimp.com\/js\/mc-validate.js'><\/script><script type='text\/javascript'>(function($) {window.fnames = new Array(); window.ftypes = new Array();fnames[1]='FNAME';ftypes[1]='text';fnames[2]='LNAME';ftypes[2]='text';fnames[0]='EMAIL';ftypes[0]='email';}(jQuery));var $mcj = jQuery.noConflict(true);<\/script>\r\n<!--End mc_embed_signup-->\n\t\t<\/div>\n\t\t\t\t\n<style>\n#col-54440336 > .col-inner {\n  padding: 5% 5% 5% 5%;\n}\n<\/style>\n\t<\/div>\n\n\t\n<\/div>\n\t\t<\/div>\n\n\t\t\n<style>\n#section_238663611 {\n  padding-top: 50px;\n  padding-bottom: 50px;\n}\n<\/style>\n\t<\/section>\n\t\n","protected":false},"excerpt":{"rendered":"","protected":false},"author":4,"featured_media":0,"parent":0,"menu_order":0,"comment_status":"closed","ping_status":"closed","template":"page-blank.php","meta":{"nf_dc_page":"","_monsterinsights_skip_tracking":false,"_monsterinsights_sitenote_active":false,"_monsterinsights_sitenote_note":"","_monsterinsights_sitenote_category":0,"footnotes":""},"class_list":["post-6962","page","type-page","status-publish","hentry"],"yoast_head":"<!-- This site is optimized with the Yoast SEO plugin v27.4 - https:\/\/yoast.com\/product\/yoast-seo-wordpress\/ -->\n<title>Bolet\u00edn - Hurac\u00e1n Aeroespacial<\/title>\n<meta name=\"robots\" content=\"index, follow, max-snippet:-1, max-image-preview:large, max-video-preview:-1\" \/>\n<link rel=\"canonical\" href=\"https:\/\/hurricaneaerospace.com\/es\/boletin\/\" \/>\n<meta property=\"og:locale\" content=\"es_ES\" \/>\n<meta property=\"og:type\" content=\"article\" \/>\n<meta property=\"og:title\" content=\"Bolet\u00edn - Hurac\u00e1n Aeroespacial\" \/>\n<meta property=\"og:url\" content=\"https:\/\/hurricaneaerospace.com\/es\/boletin\/\" \/>\n<meta property=\"og:site_name\" content=\"Hurac\u00e1n Aeroespacial\" \/>\n<meta property=\"article:publisher\" content=\"https:\/\/www.facebook.com\/HurricaneAerospaceSolutions\/\" \/>\n<meta property=\"article:modified_time\" content=\"2020-09-17T21:08:59+00:00\" \/>\n<meta name=\"twitter:card\" content=\"summary_large_image\" \/>\n<meta name=\"twitter:site\" content=\"@hurricaneaero\" \/>\n<meta name=\"twitter:label1\" content=\"Tiempo de lectura\" \/>\n\t<meta name=\"twitter:data1\" content=\"1 minuto\" \/>\n<script type=\"application\/ld+json\" class=\"yoast-schema-graph\">{\"@context\":\"https:\\\/\\\/schema.org\",\"@graph\":[{\"@type\":\"WebPage\",\"@id\":\"https:\\\/\\\/hurricaneaerospace.com\\\/es\\\/boletin\\\/\",\"url\":\"https:\\\/\\\/hurricaneaerospace.com\\\/es\\\/boletin\\\/\",\"name\":\"Bolet\u00edn - Hurac\u00e1n Aeroespacial\",\"isPartOf\":{\"@id\":\"https:\\\/\\\/hurricaneaerospace.com\\\/es\\\/#website\"},\"datePublished\":\"2020-08-19T21:18:14+00:00\",\"dateModified\":\"2020-09-17T21:08:59+00:00\",\"breadcrumb\":{\"@id\":\"https:\\\/\\\/hurricaneaerospace.com\\\/es\\\/boletin\\\/#breadcrumb\"},\"inLanguage\":\"es\",\"potentialAction\":[{\"@type\":\"ReadAction\",\"target\":[\"https:\\\/\\\/hurricaneaerospace.com\\\/es\\\/boletin\\\/\"]}]},{\"@type\":\"BreadcrumbList\",\"@id\":\"https:\\\/\\\/hurricaneaerospace.com\\\/es\\\/boletin\\\/#breadcrumb\",\"itemListElement\":[{\"@type\":\"ListItem\",\"position\":1,\"name\":\"Casa\",\"item\":\"https:\\\/\\\/hurricaneaerospace.com\\\/es\\\/\"},{\"@type\":\"ListItem\",\"position\":2,\"name\":\"Bolet\u00edn\"}]},{\"@type\":\"WebSite\",\"@id\":\"https:\\\/\\\/hurricaneaerospace.com\\\/es\\\/#website\",\"url\":\"https:\\\/\\\/hurricaneaerospace.com\\\/es\\\/\",\"name\":\"Hurac\u00e1n Aeroespacial\",\"description\":\"M\u00e1s de 25 a\u00f1os de experiencia\",\"publisher\":{\"@id\":\"https:\\\/\\\/hurricaneaerospace.com\\\/es\\\/#organization\"},\"potentialAction\":[{\"@type\":\"SearchAction\",\"target\":{\"@type\":\"EntryPoint\",\"urlTemplate\":\"https:\\\/\\\/hurricaneaerospace.com\\\/es\\\/?s={search_term_string}\"},\"query-input\":{\"@type\":\"PropertyValueSpecification\",\"valueRequired\":true,\"valueName\":\"search_term_string\"}}],\"inLanguage\":\"es\"},{\"@type\":\"Organization\",\"@id\":\"https:\\\/\\\/hurricaneaerospace.com\\\/es\\\/#organization\",\"name\":\"Hurricane Aerospace Solutions\",\"url\":\"https:\\\/\\\/hurricaneaerospace.com\\\/es\\\/\",\"logo\":{\"@type\":\"ImageObject\",\"inLanguage\":\"es\",\"@id\":\"https:\\\/\\\/hurricaneaerospace.com\\\/es\\\/#\\\/schema\\\/logo\\\/image\\\/\",\"url\":\"https:\\\/\\\/hurricaneaerospace.com\\\/wp-content\\\/uploads\\\/2019\\\/03\\\/Hurricane-Website-Logo-Retina-2019.png\",\"contentUrl\":\"https:\\\/\\\/hurricaneaerospace.com\\\/wp-content\\\/uploads\\\/2019\\\/03\\\/Hurricane-Website-Logo-Retina-2019.png\",\"width\":800,\"height\":482,\"caption\":\"Hurricane Aerospace Solutions\"},\"image\":{\"@id\":\"https:\\\/\\\/hurricaneaerospace.com\\\/es\\\/#\\\/schema\\\/logo\\\/image\\\/\"},\"sameAs\":[\"https:\\\/\\\/www.facebook.com\\\/HurricaneAerospaceSolutions\\\/\",\"https:\\\/\\\/x.com\\\/hurricaneaero\",\"https:\\\/\\\/www.instagram.com\\\/hurricaneaerospacesolutions\\\/\",\"http:\\\/\\\/www.linkedin.com\\\/company\\\/hurricaneaerospacesolutions\\\/\"]}]}<\/script>\n<!-- \/ Yoast SEO plugin. -->","yoast_head_json":{"title":"Bolet\u00edn - Hurac\u00e1n Aeroespacial","robots":{"index":"index","follow":"follow","max-snippet":"max-snippet:-1","max-image-preview":"max-image-preview:large","max-video-preview":"max-video-preview:-1"},"canonical":"https:\/\/hurricaneaerospace.com\/es\/boletin\/","og_locale":"es_ES","og_type":"article","og_title":"Bolet\u00edn - Hurac\u00e1n Aeroespacial","og_url":"https:\/\/hurricaneaerospace.com\/es\/boletin\/","og_site_name":"Hurac\u00e1n Aeroespacial","article_publisher":"https:\/\/www.facebook.com\/HurricaneAerospaceSolutions\/","article_modified_time":"2020-09-17T21:08:59+00:00","twitter_card":"summary_large_image","twitter_site":"@hurricaneaero","twitter_misc":{"Tiempo de lectura":"1 minuto"},"schema":{"@context":"https:\/\/schema.org","@graph":[{"@type":"WebPage","@id":"https:\/\/hurricaneaerospace.com\/es\/boletin\/","url":"https:\/\/hurricaneaerospace.com\/es\/boletin\/","name":"Bolet\u00edn - Hurac\u00e1n Aeroespacial","isPartOf":{"@id":"https:\/\/hurricaneaerospace.com\/es\/#website"},"datePublished":"2020-08-19T21:18:14+00:00","dateModified":"2020-09-17T21:08:59+00:00","breadcrumb":{"@id":"https:\/\/hurricaneaerospace.com\/es\/boletin\/#breadcrumb"},"inLanguage":"es","potentialAction":[{"@type":"ReadAction","target":["https:\/\/hurricaneaerospace.com\/es\/boletin\/"]}]},{"@type":"BreadcrumbList","@id":"https:\/\/hurricaneaerospace.com\/es\/boletin\/#breadcrumb","itemListElement":[{"@type":"ListItem","position":1,"name":"Casa","item":"https:\/\/hurricaneaerospace.com\/es\/"},{"@type":"ListItem","position":2,"name":"Bolet\u00edn"}]},{"@type":"WebSite","@id":"https:\/\/hurricaneaerospace.com\/es\/#website","url":"https:\/\/hurricaneaerospace.com\/es\/","name":"Hurac\u00e1n Aeroespacial","description":"M\u00e1s de 25 a\u00f1os de experiencia","publisher":{"@id":"https:\/\/hurricaneaerospace.com\/es\/#organization"},"potentialAction":[{"@type":"SearchAction","target":{"@type":"EntryPoint","urlTemplate":"https:\/\/hurricaneaerospace.com\/es\/?s={search_term_string}"},"query-input":{"@type":"PropertyValueSpecification","valueRequired":true,"valueName":"search_term_string"}}],"inLanguage":"es"},{"@type":"Organization","@id":"https:\/\/hurricaneaerospace.com\/es\/#organization","name":"Hurricane Aerospace Solutions","url":"https:\/\/hurricaneaerospace.com\/es\/","logo":{"@type":"ImageObject","inLanguage":"es","@id":"https:\/\/hurricaneaerospace.com\/es\/#\/schema\/logo\/image\/","url":"https:\/\/hurricaneaerospace.com\/wp-content\/uploads\/2019\/03\/Hurricane-Website-Logo-Retina-2019.png","contentUrl":"https:\/\/hurricaneaerospace.com\/wp-content\/uploads\/2019\/03\/Hurricane-Website-Logo-Retina-2019.png","width":800,"height":482,"caption":"Hurricane Aerospace Solutions"},"image":{"@id":"https:\/\/hurricaneaerospace.com\/es\/#\/schema\/logo\/image\/"},"sameAs":["https:\/\/www.facebook.com\/HurricaneAerospaceSolutions\/","https:\/\/x.com\/hurricaneaero","https:\/\/www.instagram.com\/hurricaneaerospacesolutions\/","http:\/\/www.linkedin.com\/company\/hurricaneaerospacesolutions\/"]}]}},"_links":{"self":[{"href":"https:\/\/hurricaneaerospace.com\/es\/wp-json\/wp\/v2\/pages\/6962","targetHints":{"allow":["GET"]}}],"collection":[{"href":"https:\/\/hurricaneaerospace.com\/es\/wp-json\/wp\/v2\/pages"}],"about":[{"href":"https:\/\/hurricaneaerospace.com\/es\/wp-json\/wp\/v2\/types\/page"}],"author":[{"embeddable":true,"href":"https:\/\/hurricaneaerospace.com\/es\/wp-json\/wp\/v2\/users\/4"}],"replies":[{"embeddable":true,"href":"https:\/\/hurricaneaerospace.com\/es\/wp-json\/wp\/v2\/comments?post=6962"}],"version-history":[{"count":4,"href":"https:\/\/hurricaneaerospace.com\/es\/wp-json\/wp\/v2\/pages\/6962\/revisions"}],"predecessor-version":[{"id":6990,"href":"https:\/\/hurricaneaerospace.com\/es\/wp-json\/wp\/v2\/pages\/6962\/revisions\/6990"}],"wp:attachment":[{"href":"https:\/\/hurricaneaerospace.com\/es\/wp-json\/wp\/v2\/media?parent=6962"}],"curies":[{"name":"wp","href":"https:\/\/api.w.org\/{rel}","templated":true}]}}