{"id":7026,"date":"2020-08-19T21:18:34","date_gmt":"2020-08-19T21:18:34","guid":{"rendered":"https:\/\/hurricaneaerospace.com\/declaracion-de-minerales-de-conflicto\/"},"modified":"2020-09-17T21:08:57","modified_gmt":"2020-09-17T21:08:57","slug":"declaracion-de-minerales-de-conflicto","status":"publish","type":"page","link":"https:\/\/hurricaneaerospace.com\/es\/declaracion-de-minerales-de-conflicto\/","title":{"rendered":"Declaraci\u00f3n de Minerales de Conflicto"},"content":{"rendered":"<p>&nbsp;<\/p>\n\n\t<section class=\"section dark\" id=\"section_1514297689\">\n\t\t<div class=\"section-bg fill\" >\n\t\t\t<img loading=\"lazy\" decoding=\"async\" width=\"2000\" height=\"1333\" src=\"https:\/\/hurricaneaerospace.com\/wp-content\/uploads\/2019\/03\/shutterstock_1084292654.jpg\" class=\"bg attachment- size-\" alt=\"shutterstock_1084292654\" \/>\t\t\t\t\t\t<div class=\"section-bg-overlay absolute fill\"><\/div>\n\t\t\t\n\n\t\t<\/div>\n\n\t\t\n\n\t\t<div class=\"section-content relative\">\n\t\t\t\n<div class=\"row align-middle align-center\"  id=\"row-593988016\">\n\n\t<div id=\"col-1029830929\" class=\"col medium-10 small-12 large-10\"  >\n\t\t\t\t<div class=\"col-inner\"  >\n\t\t\t\n\t\t\t\n<div class=\"container section-title-container\" ><h3 class=\"section-title section-title-center\"><b aria-hidden=\"true\"><\/b><span class=\"section-title-main\" >Declaraci\u00f3n de Minerales de Conflicto<\/span><b aria-hidden=\"true\"><\/b><\/h3><\/div>\n\t\t<\/div>\n\t\t\t\t\t<\/div>\n\n\t\n<\/div>\n\t\t<\/div>\n\n\t\t\n<style>\n#section_1514297689 {\n  padding-top: 50px;\n  padding-bottom: 50px;\n  min-height: 1px;\n}\n#section_1514297689 .section-bg-overlay {\n  background-color: rgba(27, 64, 128, 0.53);\n}\n<\/style>\n\t<\/section>\n\t\n<div class=\"row align-center\"  id=\"row-1834653556\">\n\n\t<div id=\"col-723790609\" class=\"col medium-10 small-12 large-10\"  >\n\t\t\t\t<div class=\"col-inner\"  >\n\t\t\t\n\t\t\t\n<h2><strong>Declaraci\u00f3n de Minerales de Conflicto<\/strong><\/h2>\n<p>El 21 de julio de 2010, se firm\u00f3 la Ley de Reforma y Protecci\u00f3n al Consumidor de Dodd-Frank Wall Street. La Ley Dodd-Frank y las normas conexas de la Comisi\u00f3n de Bolsa y Valores de los Estados Unidos exigen que ciertas empresas divulguen en qu\u00e9 medida los productos que fabrican o contratan contienen los llamados minerales de conflicto procedentes de minas en la Rep\u00fablica Democr\u00e1tica del Congo (RDC) o pa\u00edses adyacentes. Los minerales de conflicto incluyen tantalio, esta\u00f1o, tungsteno y oro, que se utilizan en muchos componentes electr\u00f3nicos y productos inform\u00e1ticos.<\/p>\n<p>Como proveedor de soluciones para componentes electr\u00f3nicos, Hurricane Aerospace Solutions promueve la trazabilidad de estos minerales y la transparencia de la cadena de suministro. Soluciones Aeroespaciales de Hurac\u00e1n. cree firmemente que sus clientes deben estar plenamente informados sobre los productos que compran. Si bien Hurricane Aerospace Solutions como distribuidor externo, no puede certificar el pa\u00eds de origen de los minerales contenidos en los productos fabricados por Hurricane Aerospace Solutions. o proveedores. Soluciones Aeroespaciales de Hurac\u00e1n. se compromete a trabajar con sus clientes para suministrar productos que cumplan con las especificaciones del cliente o una posible soluci\u00f3n. La Asociaci\u00f3n de Componentes Electr\u00f3nicos y la Coalici\u00f3n de Ciudadan\u00eda de la Industria Electr\u00f3nica est\u00e1n recopilando informaci\u00f3n importante sobre el uso de minerales de conflicto en la cadena de suministro de tecnolog\u00eda. Esta informaci\u00f3n puede verse en <g id=\"gid_0\">www.eciaonline.org<\/g>.<\/p>\n\t\t<\/div>\n\t\t\t\t\t<\/div>\n\n\t\n<\/div>\n<div class=\"row align-center\"  id=\"row-652375674\">\n\n\t<div id=\"col-1982891626\" class=\"col medium-6 small-12 large-6\"  >\n\t\t\t\t<div class=\"col-inner\"  >\n\t\t\t\n\t\t\t\n<p>Con respecto a los aspectos limitados del negocio de Hurricane Aerospace Solution que fabrican o contratan para fabricar productos que contienen minerales en conflicto que son necesarios para la funcionalidad o producci\u00f3n del producto, Hurricane Aerospace Solutions. no compra directamente minerales en conflicto de ninguna fuente y se esfuerza por no comprar productos que contengan minerales en conflicto que financien o beneficien directa o indirectamente a grupos armados en la RDC o pa\u00edses adyacentes. Soluciones Aeroespaciales de Hurac\u00e1n. solicitar y fluye a todos los proveedores de subestrees en todos los t\u00e9rminos y condiciones de pedidos de compra la necesidad de ser capaz de validar la trazabilidad de la cadena de suministro en relaci\u00f3n con el origen de los minerales de conflicto, incluyendo pero no limitado a esta\u00f1o, tantalio, tungsteno u oro en los productos que fabrican o contratan para fabricar. s\u00f3lo obtienen minerales de fuentes responsables. Soluciones Aeroespaciales de Hurac\u00e1n. comprende plenamente la importancia de este problema para sus clientes y est\u00e1 comprometido con las iniciativas de la cadena de suministro y los esfuerzos generales de responsabilidad social y sostenibilidad corporativa que trabajan hacia una cadena de suministro libre de conflictos. Estamos animando a todos nuestros proveedores a que tambi\u00e9n apoyen estos esfuerzos y hagan que la informaci\u00f3n sobre el origen de sus componentes de productos sea f\u00e1cilmente accesible en sus sitios web;<\/p>\n\t\t<\/div>\n\t\t\t\t\t<\/div>\n\n\t\n\n\t<div id=\"col-271262935\" class=\"col medium-6 small-12 large-6\"  >\n\t\t\t\t<div class=\"col-inner\"  >\n\t\t\t\n\t\t\t\n<p>V\u00ednculos relativos a esta iniciativa<\/p>\n<ul>\n<li><a href=\"https:\/\/web.archive.org\/web\/20181019061526\/http:\/\/www.conflictfreesourcing.org\/conflict-minerals-reporting-template\/\">http:\/\/www.conflictfreesourcing.org\/conflict-minerals-reporting-template\/<\/a><\/li>\n<li><g id=\"gid_0\">http:\/\/www.conflictfreesmelter.org\/cfshome.htm<\/g>.<\/li>\n<li><g id=\"gid_0\">sec.gov\/rules\/final.shtml<\/g>.<\/li>\n<\/ul>\n<p>Comunicado de prensa de medios para nosotros siendo Authorize Distributor e Hyper link to the Maida<\/p>\n<p>P\u00e1gina Web de la Empresa de Desarrollo<\/p>\n<ul>\n<li><a href=\"https:\/\/web.archive.org\/web\/20181019061526\/http:\/\/www.maida.com\/\">http:\/\/www.maida.com\/<\/a><\/li>\n<\/ul>\n\t\t<\/div>\n\t\t\t\t\t<\/div>\n\n\t\n<\/div>\n<p>&nbsp;<\/p>\n","protected":false},"excerpt":{"rendered":"<p>&nbsp; &nbsp;<\/p>\n","protected":false},"author":4,"featured_media":0,"parent":0,"menu_order":0,"comment_status":"closed","ping_status":"closed","template":"page-blank.php","meta":{"nf_dc_page":"","_monsterinsights_skip_tracking":false,"_monsterinsights_sitenote_active":false,"_monsterinsights_sitenote_note":"","_monsterinsights_sitenote_category":0,"footnotes":""},"class_list":["post-7026","page","type-page","status-publish","hentry"],"yoast_head":"<!-- This site is optimized with the Yoast SEO plugin v27.4 - https:\/\/yoast.com\/product\/yoast-seo-wordpress\/ -->\n<title>Declaraci\u00f3n de Minerales de Conflicto - Hurac\u00e1n Aeroespacial<\/title>\n<meta name=\"robots\" content=\"index, follow, max-snippet:-1, max-image-preview:large, max-video-preview:-1\" \/>\n<link rel=\"canonical\" href=\"https:\/\/hurricaneaerospace.com\/es\/declaracion-de-minerales-de-conflicto\/\" \/>\n<meta property=\"og:locale\" content=\"es_ES\" \/>\n<meta property=\"og:type\" content=\"article\" \/>\n<meta property=\"og:title\" content=\"Declaraci\u00f3n de Minerales de Conflicto - Hurac\u00e1n Aeroespacial\" \/>\n<meta property=\"og:description\" content=\"&nbsp; &nbsp;\" \/>\n<meta property=\"og:url\" content=\"https:\/\/hurricaneaerospace.com\/es\/declaracion-de-minerales-de-conflicto\/\" \/>\n<meta property=\"og:site_name\" content=\"Hurac\u00e1n Aeroespacial\" \/>\n<meta property=\"article:publisher\" content=\"https:\/\/www.facebook.com\/HurricaneAerospaceSolutions\/\" \/>\n<meta property=\"article:modified_time\" content=\"2020-09-17T21:08:57+00:00\" \/>\n<meta name=\"twitter:card\" content=\"summary_large_image\" \/>\n<meta name=\"twitter:site\" content=\"@hurricaneaero\" \/>\n<meta name=\"twitter:label1\" content=\"Tiempo de lectura\" \/>\n\t<meta name=\"twitter:data1\" content=\"3 minutos\" \/>\n<script type=\"application\/ld+json\" class=\"yoast-schema-graph\">{\"@context\":\"https:\\\/\\\/schema.org\",\"@graph\":[{\"@type\":\"WebPage\",\"@id\":\"https:\\\/\\\/hurricaneaerospace.com\\\/es\\\/declaracion-de-minerales-de-conflicto\\\/\",\"url\":\"https:\\\/\\\/hurricaneaerospace.com\\\/es\\\/declaracion-de-minerales-de-conflicto\\\/\",\"name\":\"Declaraci\u00f3n de Minerales de Conflicto - Hurac\u00e1n Aeroespacial\",\"isPartOf\":{\"@id\":\"https:\\\/\\\/hurricaneaerospace.com\\\/es\\\/#website\"},\"datePublished\":\"2020-08-19T21:18:34+00:00\",\"dateModified\":\"2020-09-17T21:08:57+00:00\",\"breadcrumb\":{\"@id\":\"https:\\\/\\\/hurricaneaerospace.com\\\/es\\\/declaracion-de-minerales-de-conflicto\\\/#breadcrumb\"},\"inLanguage\":\"es\",\"potentialAction\":[{\"@type\":\"ReadAction\",\"target\":[\"https:\\\/\\\/hurricaneaerospace.com\\\/es\\\/declaracion-de-minerales-de-conflicto\\\/\"]}]},{\"@type\":\"BreadcrumbList\",\"@id\":\"https:\\\/\\\/hurricaneaerospace.com\\\/es\\\/declaracion-de-minerales-de-conflicto\\\/#breadcrumb\",\"itemListElement\":[{\"@type\":\"ListItem\",\"position\":1,\"name\":\"Casa\",\"item\":\"https:\\\/\\\/hurricaneaerospace.com\\\/es\\\/\"},{\"@type\":\"ListItem\",\"position\":2,\"name\":\"Declaraci\u00f3n de Minerales de Conflicto\"}]},{\"@type\":\"WebSite\",\"@id\":\"https:\\\/\\\/hurricaneaerospace.com\\\/es\\\/#website\",\"url\":\"https:\\\/\\\/hurricaneaerospace.com\\\/es\\\/\",\"name\":\"Hurac\u00e1n Aeroespacial\",\"description\":\"M\u00e1s de 25 a\u00f1os de experiencia\",\"publisher\":{\"@id\":\"https:\\\/\\\/hurricaneaerospace.com\\\/es\\\/#organization\"},\"potentialAction\":[{\"@type\":\"SearchAction\",\"target\":{\"@type\":\"EntryPoint\",\"urlTemplate\":\"https:\\\/\\\/hurricaneaerospace.com\\\/es\\\/?s={search_term_string}\"},\"query-input\":{\"@type\":\"PropertyValueSpecification\",\"valueRequired\":true,\"valueName\":\"search_term_string\"}}],\"inLanguage\":\"es\"},{\"@type\":\"Organization\",\"@id\":\"https:\\\/\\\/hurricaneaerospace.com\\\/es\\\/#organization\",\"name\":\"Hurricane Aerospace Solutions\",\"url\":\"https:\\\/\\\/hurricaneaerospace.com\\\/es\\\/\",\"logo\":{\"@type\":\"ImageObject\",\"inLanguage\":\"es\",\"@id\":\"https:\\\/\\\/hurricaneaerospace.com\\\/es\\\/#\\\/schema\\\/logo\\\/image\\\/\",\"url\":\"https:\\\/\\\/hurricaneaerospace.com\\\/wp-content\\\/uploads\\\/2019\\\/03\\\/Hurricane-Website-Logo-Retina-2019.png\",\"contentUrl\":\"https:\\\/\\\/hurricaneaerospace.com\\\/wp-content\\\/uploads\\\/2019\\\/03\\\/Hurricane-Website-Logo-Retina-2019.png\",\"width\":800,\"height\":482,\"caption\":\"Hurricane Aerospace Solutions\"},\"image\":{\"@id\":\"https:\\\/\\\/hurricaneaerospace.com\\\/es\\\/#\\\/schema\\\/logo\\\/image\\\/\"},\"sameAs\":[\"https:\\\/\\\/www.facebook.com\\\/HurricaneAerospaceSolutions\\\/\",\"https:\\\/\\\/x.com\\\/hurricaneaero\",\"https:\\\/\\\/www.instagram.com\\\/hurricaneaerospacesolutions\\\/\",\"http:\\\/\\\/www.linkedin.com\\\/company\\\/hurricaneaerospacesolutions\\\/\"]}]}<\/script>\n<!-- \/ Yoast SEO plugin. -->","yoast_head_json":{"title":"Declaraci\u00f3n de Minerales de Conflicto - Hurac\u00e1n Aeroespacial","robots":{"index":"index","follow":"follow","max-snippet":"max-snippet:-1","max-image-preview":"max-image-preview:large","max-video-preview":"max-video-preview:-1"},"canonical":"https:\/\/hurricaneaerospace.com\/es\/declaracion-de-minerales-de-conflicto\/","og_locale":"es_ES","og_type":"article","og_title":"Declaraci\u00f3n de Minerales de Conflicto - Hurac\u00e1n Aeroespacial","og_description":"&nbsp; &nbsp;","og_url":"https:\/\/hurricaneaerospace.com\/es\/declaracion-de-minerales-de-conflicto\/","og_site_name":"Hurac\u00e1n Aeroespacial","article_publisher":"https:\/\/www.facebook.com\/HurricaneAerospaceSolutions\/","article_modified_time":"2020-09-17T21:08:57+00:00","twitter_card":"summary_large_image","twitter_site":"@hurricaneaero","twitter_misc":{"Tiempo de lectura":"3 minutos"},"schema":{"@context":"https:\/\/schema.org","@graph":[{"@type":"WebPage","@id":"https:\/\/hurricaneaerospace.com\/es\/declaracion-de-minerales-de-conflicto\/","url":"https:\/\/hurricaneaerospace.com\/es\/declaracion-de-minerales-de-conflicto\/","name":"Declaraci\u00f3n de Minerales de Conflicto - Hurac\u00e1n Aeroespacial","isPartOf":{"@id":"https:\/\/hurricaneaerospace.com\/es\/#website"},"datePublished":"2020-08-19T21:18:34+00:00","dateModified":"2020-09-17T21:08:57+00:00","breadcrumb":{"@id":"https:\/\/hurricaneaerospace.com\/es\/declaracion-de-minerales-de-conflicto\/#breadcrumb"},"inLanguage":"es","potentialAction":[{"@type":"ReadAction","target":["https:\/\/hurricaneaerospace.com\/es\/declaracion-de-minerales-de-conflicto\/"]}]},{"@type":"BreadcrumbList","@id":"https:\/\/hurricaneaerospace.com\/es\/declaracion-de-minerales-de-conflicto\/#breadcrumb","itemListElement":[{"@type":"ListItem","position":1,"name":"Casa","item":"https:\/\/hurricaneaerospace.com\/es\/"},{"@type":"ListItem","position":2,"name":"Declaraci\u00f3n de Minerales de Conflicto"}]},{"@type":"WebSite","@id":"https:\/\/hurricaneaerospace.com\/es\/#website","url":"https:\/\/hurricaneaerospace.com\/es\/","name":"Hurac\u00e1n Aeroespacial","description":"M\u00e1s de 25 a\u00f1os de experiencia","publisher":{"@id":"https:\/\/hurricaneaerospace.com\/es\/#organization"},"potentialAction":[{"@type":"SearchAction","target":{"@type":"EntryPoint","urlTemplate":"https:\/\/hurricaneaerospace.com\/es\/?s={search_term_string}"},"query-input":{"@type":"PropertyValueSpecification","valueRequired":true,"valueName":"search_term_string"}}],"inLanguage":"es"},{"@type":"Organization","@id":"https:\/\/hurricaneaerospace.com\/es\/#organization","name":"Hurricane Aerospace Solutions","url":"https:\/\/hurricaneaerospace.com\/es\/","logo":{"@type":"ImageObject","inLanguage":"es","@id":"https:\/\/hurricaneaerospace.com\/es\/#\/schema\/logo\/image\/","url":"https:\/\/hurricaneaerospace.com\/wp-content\/uploads\/2019\/03\/Hurricane-Website-Logo-Retina-2019.png","contentUrl":"https:\/\/hurricaneaerospace.com\/wp-content\/uploads\/2019\/03\/Hurricane-Website-Logo-Retina-2019.png","width":800,"height":482,"caption":"Hurricane Aerospace Solutions"},"image":{"@id":"https:\/\/hurricaneaerospace.com\/es\/#\/schema\/logo\/image\/"},"sameAs":["https:\/\/www.facebook.com\/HurricaneAerospaceSolutions\/","https:\/\/x.com\/hurricaneaero","https:\/\/www.instagram.com\/hurricaneaerospacesolutions\/","http:\/\/www.linkedin.com\/company\/hurricaneaerospacesolutions\/"]}]}},"_links":{"self":[{"href":"https:\/\/hurricaneaerospace.com\/es\/wp-json\/wp\/v2\/pages\/7026","targetHints":{"allow":["GET"]}}],"collection":[{"href":"https:\/\/hurricaneaerospace.com\/es\/wp-json\/wp\/v2\/pages"}],"about":[{"href":"https:\/\/hurricaneaerospace.com\/es\/wp-json\/wp\/v2\/types\/page"}],"author":[{"embeddable":true,"href":"https:\/\/hurricaneaerospace.com\/es\/wp-json\/wp\/v2\/users\/4"}],"replies":[{"embeddable":true,"href":"https:\/\/hurricaneaerospace.com\/es\/wp-json\/wp\/v2\/comments?post=7026"}],"version-history":[{"count":9,"href":"https:\/\/hurricaneaerospace.com\/es\/wp-json\/wp\/v2\/pages\/7026\/revisions"}],"predecessor-version":[{"id":7707,"href":"https:\/\/hurricaneaerospace.com\/es\/wp-json\/wp\/v2\/pages\/7026\/revisions\/7707"}],"wp:attachment":[{"href":"https:\/\/hurricaneaerospace.com\/es\/wp-json\/wp\/v2\/media?parent=7026"}],"curies":[{"name":"wp","href":"https:\/\/api.w.org\/{rel}","templated":true}]}}