{"id":7229,"date":"2020-08-19T21:25:55","date_gmt":"2020-08-19T21:25:55","guid":{"rendered":"https:\/\/hurricaneaerospace.com\/materias-primas-de-calidad-aeronautica\/"},"modified":"2020-12-04T02:24:53","modified_gmt":"2020-12-04T02:24:53","slug":"materias-primas-de-calidad-aeronautica","status":"publish","type":"page","link":"https:\/\/hurricaneaerospace.com\/es\/materias-primas-de-calidad-aeronautica\/","title":{"rendered":"Materias primas de calidad aeron\u00e1utica"},"content":{"rendered":"\n\t<section class=\"section dark\" id=\"section_2058490467\">\n\t\t<div class=\"section-bg fill\" >\n\t\t\t<img loading=\"lazy\" decoding=\"async\" width=\"830\" height=\"554\" src=\"https:\/\/hurricaneaerospace.com\/wp-content\/uploads\/2020\/03\/aluminum.jpg\" class=\"bg attachment-original size-original\" alt=\"aluminum\" \/>\t\t\t\t\t\t<div class=\"section-bg-overlay absolute fill\"><\/div>\n\t\t\t\n\n\t\t<\/div>\n\n\t\t\n\n\t\t<div class=\"section-content relative\">\n\t\t\t\n<div class=\"container section-title-container\" style=\"margin-top:0px;margin-bottom:0px;\"><h1 class=\"section-title section-title-center\"><b aria-hidden=\"true\"><\/b><span class=\"section-title-main\" style=\"font-size:140%;\">Materias primas de calidad de las aeronaves<\/span><b aria-hidden=\"true\"><\/b><\/h1><\/div>\n\t\t<\/div>\n\n\t\t\n<style>\n#section_2058490467 {\n  padding-top: 100px;\n  padding-bottom: 100px;\n}\n#section_2058490467 .section-bg-overlay {\n  background-color: rgba(27, 64, 128, 0.54);\n}\n<\/style>\n\t<\/section>\n\t\n\n\t<section class=\"section\" id=\"section_120905150\">\n\t\t<div class=\"section-bg fill\" >\n\t\t\t\t\t\t\t\t\t\n\t\t\t\n\n\t\t<\/div>\n\n\t\t\n\n\t\t<div class=\"section-content relative\">\n\t\t\t\n<div class=\"row align-center\"  id=\"row-304901051\">\n\n\t<div id=\"col-1875716772\" class=\"col medium-6 small-12 large-6\"  >\n\t\t\t\t<div class=\"col-inner\"  >\n\t\t\t\n\t\t\t\n<div class=\"container section-title-container\" style=\"margin-top:0px;margin-bottom:0px;\"><h1 class=\"section-title section-title-normal\"><b aria-hidden=\"true\"><\/b><span class=\"section-title-main\" >Metales Aeroespaciales<\/span><b aria-hidden=\"true\"><\/b><\/h1><\/div>\n<p>Ofrecemos a nuestros socios una gran variedad de aleaciones met\u00e1licas para los segmentos marino, de defensa y comercial.<\/p>\n<h4>  Productos de fabricaci\u00f3n de molinos:<\/h4>\n<ul class=\"extended-list-wrapper\">\n<li class=\"extended-bullet indent-1\" data-extended-bullet=\"1\" data-indent=\"1\">Kaiser<\/li>\n<li class=\"extended-bullet indent-1\" data-extended-bullet=\"1\" data-indent=\"1\">Alcoa<\/li>\n<li class=\"extended-bullet indent-1\" data-extended-bullet=\"1\" data-indent=\"1\">Constelium<\/li>\n<li class=\"extended-bullet indent-1\" data-extended-bullet=\"1\" data-indent=\"1\">Carpintero<\/li>\n<li class=\"extended-bullet indent-1\" data-extended-bullet=\"1\" data-indent=\"1\">Dunkerque<\/li>\n<li class=\"extended-bullet indent-1\" data-extended-bullet=\"1\" data-indent=\"1\">Universal Stainless LLC<\/li>\n<\/ul>\n<a href=\"\/request-quote\/\" class=\"button primary\" >\n\t\t<span>Solicitar un presupuesto<\/span>\n\t<\/a>\n\n<a href=\"\/contacto\/\" class=\"button secondary\" >\n\t\t<span>cont\u00e1ctenos<\/span>\n\t<\/a>\n\n\t\t<\/div>\n\t\t\t\t\t<\/div>\n\n\t\n\n\t<div id=\"col-519392385\" class=\"col medium-5 small-12 large-5\"  >\n\t\t\t\t<div class=\"col-inner\"  >\n\t\t\t\n\t\t\t\n\t<div class=\"img has-hover x md-x lg-x y md-y lg-y\" id=\"image_1692889760\">\n\t\t\t\t\t\t\t\t<div class=\"img-inner box-shadow-2 box-shadow-2-hover dark\" >\n\t\t\t<img loading=\"lazy\" decoding=\"async\" width=\"582\" height=\"342\" src=\"https:\/\/hurricaneaerospace.com\/wp-content\/uploads\/2020\/03\/roll-roll.jpg\" class=\"attachment-large size-large\" alt=\"Aerospace metals from Hurricane Aerospace Solutions\" srcset=\"https:\/\/hurricaneaerospace.com\/wp-content\/uploads\/2020\/03\/roll-roll.jpg 582w, https:\/\/hurricaneaerospace.com\/wp-content\/uploads\/2020\/03\/roll-roll-300x176.jpg 300w\" sizes=\"auto, (max-width: 582px) 100vw, 582px\" \/>\t\t\t\t\t\t\n\t\t\t\t\t<\/div>\n\t\t\t\t\t\t\t\t\n<style>\n#image_1692889760 {\n  width: 100%;\n}\n<\/style>\n\t<\/div>\n\t\n\t\t<\/div>\n\t\t\t\t\n<style>\n#col-519392385 > .col-inner {\n  padding: 115px 0px 0px 0px;\n}\n<\/style>\n\t<\/div>\n\n\t\n<\/div>\n\t\t<\/div>\n\n\t\t\n<style>\n#section_120905150 {\n  padding-top: 30px;\n  padding-bottom: 30px;\n}\n<\/style>\n\t<\/section>\n\t\n\n\t<section class=\"section\" id=\"section_524685934\">\n\t\t<div class=\"section-bg fill\" >\n\t\t\t\t\t\t\t\t\t\n\t\t\t\n\n\t\t<\/div>\n\n\t\t\n\n\t\t<div class=\"section-content relative\">\n\t\t\t\n<div class=\"row\"  id=\"row-1665809104\">\n\n\t<div id=\"col-95027592\" class=\"col medium-6 small-12 large-6\"  >\n\t\t\t\t<div class=\"col-inner\"  >\n\t\t\t\n\t\t\t\n<h2>Hurricane Aerospace Solutions ofrece las siguientes aleaciones para m\u00faltiples usos de aplicaciones y solicitudes:<\/h2>\n<ul class=\"extended-list-wrapper\">\n<li class=\"extended-bullet indent-1\" data-extended-bullet=\"1\" data-indent=\"1\">Aluminio (ver detalles a continuaci\u00f3n)<\/li>\n<li class=\"extended-bullet indent-1\" data-extended-bullet=\"1\" data-indent=\"1\">Titanio (ver detalles a continuaci\u00f3n)<\/li>\n<li class=\"extended-bullet indent-1\" data-extended-bullet=\"1\" data-indent=\"1\">Grados de acero inoxidable (ver detalles a continuaci\u00f3n)<\/li>\n<li class=\"extended-bullet indent-1\" data-extended-bullet=\"1\" data-indent=\"1\">Aleaciones de n\u00edquel y cobalto (ver detalles a continuaci\u00f3n)<\/li>\n<li class=\"extended-bullet indent-1\" data-extended-bullet=\"1\" data-indent=\"1\">Aleaciones de aeronaves, Barra, Bloque, Forjas (ver detalles a continuaci\u00f3n)<\/li>\n<li data-extended-bullet=\"1\" data-indent=\"1\">Gr\u00e1ficos de Metales Aeroespaciales<\/li>\n<\/ul>\n\t\t<\/div>\n\t\t\t\t\t<\/div>\n\n\t\n\n\t<div id=\"col-2051575212\" class=\"col medium-6 small-12 large-6\"  >\n\t\t\t\t<div class=\"col-inner\"  >\n\t\t\t\n\t\t\t\n\t<div class=\"img has-hover x md-x lg-x y md-y lg-y\" id=\"image_1594270830\">\n\t\t\t\t\t\t\t\t<div class=\"img-inner dark\" >\n\t\t\t<img loading=\"lazy\" decoding=\"async\" width=\"678\" height=\"350\" src=\"https:\/\/hurricaneaerospace.com\/wp-content\/uploads\/2020\/03\/image017.jpg\" class=\"attachment-original size-original\" alt=\"\" srcset=\"https:\/\/hurricaneaerospace.com\/wp-content\/uploads\/2020\/03\/image017.jpg 678w, https:\/\/hurricaneaerospace.com\/wp-content\/uploads\/2020\/03\/image017-300x155.jpg 300w\" sizes=\"auto, (max-width: 678px) 100vw, 678px\" \/>\t\t\t\t\t\t\n\t\t\t\t\t<\/div>\n\t\t\t\t\t\t\t\t\n<style>\n#image_1594270830 {\n  width: 100%;\n}\n<\/style>\n\t<\/div>\n\t\n\t\t<\/div>\n\t\t\t\t\n<style>\n#col-2051575212 > .col-inner {\n  padding: 55px 0px 0px 0px;\n}\n<\/style>\n\t<\/div>\n\n\t\n<\/div>\n\t\t<\/div>\n\n\t\t\n<style>\n#section_524685934 {\n  padding-top: 100px;\n  padding-bottom: 100px;\n  background-color: rgb(238, 252, 255);\n}\n<\/style>\n\t<\/section>\n\t\n\n\t<section class=\"section\" id=\"section_2019300385\">\n\t\t<div class=\"section-bg fill\" >\n\t\t\t\t\t\t\t\t\t\n\t\t\t\n\n\t\t<\/div>\n\n\t\t\n\n\t\t<div class=\"section-content relative\">\n\t\t\t\n<div class=\"row\"  id=\"row-532240278\">\n\n\t<div id=\"col-1865920349\" class=\"col small-12 large-12\"  >\n\t\t\t\t<div class=\"col-inner\"  >\n\t\t\t\n\t\t\t\n<div class=\"container section-title-container\" ><h1 class=\"section-title section-title-center\"><b aria-hidden=\"true\"><\/b><span class=\"section-title-main\" >Metales Aeroespaciales<\/span><b aria-hidden=\"true\"><\/b><\/h1><\/div>\n<h3 class=\"uppercase\">Aluminio<\/h3>\n<p class=\"thin-font\"><strong>Serie 2000:<\/strong> 2024-T3, 2024-T4, 2024-0, 2011, 2014, 2017, 2219-0, 2219T351, 2219T851  <br \/><strong>Especificaciones:<\/strong> AMS4036, AMS4077, AMS4041, AMS-QQ-A-250\/5, AMS-QQ-A-250\/4, AMS4035, AMS4037, FMS 1010, MEP 02-013, MEP 02-014, MEP 02-015<\/p>\n<p class=\"thin-font\"><strong>Serie 5000:<\/strong> 5052-H32, H34, 0, S5083-H34, H112, H116, H321, 5086-H34, H32, H112, H116, 5457  <br \/><strong>Especificaciones:<\/strong> AMS4015, AMS4016, AMS4017, QQ-A-250\/8<\/p>\n<p class=\"thin-font\"><strong>Serie 6000:<\/strong> 6061-0, 6061-T4, 6061-T6, 6013-T4, 6013-T6  <br \/><strong>Especificaciones:<\/strong> AMS4347, AMS4216, AMS4025, AMS4026, AMS 4027, AMSQQ-A-250\/11<\/p>\n<p class=\"thin-font\"><strong>Serie 7000:<\/strong> 7050T7451, 7050T7651, 7475T6, 7475T7651, 7475T7351, 7475T761  <br \/><strong>Especificaciones:<\/strong> AMS 4050, AMS4201, BMS -7-194, AMS4044, AMS4045, QQ-A-250\/12, AMS 4048, AMS4049, QQ-A-250\/13, AMS 4085, AMS 4085, BAMS516-002<\/p>\n<div class=\"is-divider divider clearfix\" style=\"max-width:100px;height:5px;\"><\/div>\n<h3 class=\"uppercase\">Titanio<\/h3>\n<p class=\"thin-font\">6-2-4-2, 6AL-4V, 3AL-2.5V, 5AL-2.5Sn &amp; ELI, 8AL-1V-1Mo (8-1-1), 15V-Cr3-4AL-3Sn (15-3-3-3)<\/br><br \/>\n<b class=\"thin-font\"><strong>Especificaciones:<\/strong> AMS-4901 MIL-T 9046, TIPO 1 COMP B CP1, AMS4902 MIL-T-9046, TIPO 1 COMP. A CP3, AMS-4911 MIL-T-9046, TIPO 3 COMP C AB1, AMS4928, PWA-S4928<\/p>\n<div class=\"is-divider divider clearfix\" style=\"max-width:100px;height:5px;\"><\/div>\n<h3 class=\"uppercase\">GRADOS DE ACERO INOXIDABLE<\/h3>\n<p class=\"thin-font\">301,302,304,321,347,410, 15-7Mo, 17-4 , 17-7, 13-8MO, 15-5, 410,416,431,440<\/br><br \/>\n<b class=\"thin-font\"><strong>Especificaciones:<\/strong> AMS5517 (1\/4&#8243;Dura), AMS5517 (1\/2&#8243;Dura), AMS 5519 (Full Hard), AMS5513, AMS5516, AMS5510, AMS5512, AMS5504, AMS5520, AMS5643, AMS5644, AMS5629, AMS5659, AMS5612, AMS5610, MS5628, AMS5630<\/p>\n<div class=\"is-divider divider clearfix\" style=\"max-width:100px;height:5px;\"><\/div>\n<h3 class=\"uppercase\">NICKEL &amp; COBALT ALLOYS<\/h3>\n<p class=\"thin-font\">A286 AMS5525, HAST X AMS5536, L-605 AMS5537, REN\u00c9 41 AMS5545, X-750 AMS5542 \/ MILN7786, 188 AMS5608 \/ B50TF59, 600 AMS5540, 625 AMS5599, 718 AMS 5596 \/ B501TF4<\/p>\n<p class=\"thin-font\">HASTELLOY, HAYNES 188, MONEL 400, MONEL K500, RENE 41, STELLITE, WASPALLOY<\/p>\n<div class=\"is-divider divider clearfix\" style=\"max-width:100px;height:5px;\"><\/div>\n<h3 class=\"uppercase\">ALEACIONES DE AERONAVES, BAR, BLOQUE, FORJAS<\/h3>\n<p class=\"thin-font\">4130HT, 4140, 4330MOD, 4340, 6150, 8740, 52100, H-11VM, 4330MODVM, 4340M  <br \/><strong>Especificaciones:<\/strong> AMS6370, MIL-S-6758, AMS6382, AMS6427, AMS 6415, AMS6448, AMS6322, 6440, AMS6487, AMS6411, AM<\/p>\n\t\t<\/div>\n\t\t\t\t\t<\/div>\n\n\t\n<\/div>\n\t\t<\/div>\n\n\t\t\n<style>\n#section_2019300385 {\n  padding-top: 50px;\n  padding-bottom: 50px;\n  background-color: rgb(255, 255, 255);\n}\n<\/style>\n\t<\/section>\n\t\n\n\t<section class=\"section\" id=\"section_1273002180\">\n\t\t<div class=\"section-bg fill\" >\n\t\t\t\t\t\t\t\t\t\n\t\t\t\n\n\t\t<\/div>\n\n\t\t\n\n\t\t<div class=\"section-content relative\">\n\t\t\t\n<div class=\"row\"  id=\"row-877345236\">\n\n\t<div id=\"col-583389142\" class=\"col medium-6 small-12 large-6\"  >\n\t\t\t\t<div class=\"col-inner\"  >\n\t\t\t\n\t\t\t\n<h3>Beneficios de asociarse con Hurricane Aerospace<\/h3>\n<ul>\n<li class=\"extended-bullet indent-1\" data-extended-bullet=\"1\" data-indent=\"1\">Totalmente acreditado con el aseguramiento de la calidad ASA-100<\/li>\n<li class=\"extended-bullet indent-1\" data-extended-bullet=\"1\" data-indent=\"1\">FaA Advisor Circular 00-56 Cumple<\/li>\n<li class=\"extended-bullet indent-1\" data-extended-bullet=\"1\" data-indent=\"1\">Todas las piezas y materiales se entregan con el certificado de f\u00e1brica<\/li>\n<li class=\"extended-bullet indent-1\" data-extended-bullet=\"1\" data-indent=\"1\">Todas las piezas y materiales se entregan con el cumplimiento del certificado<\/li>\n<li class=\"extended-bullet indent-1\" data-extended-bullet=\"1\" data-indent=\"1\">Totalmente registrado y conforme con el Reglamento Internacional de Tr\u00e1fico y Armas (ITAR)<\/li>\n<li class=\"extended-bullet indent-1\" data-extended-bullet=\"1\" data-indent=\"1\">Exportaci\u00f3n registrada ante la Direcci\u00f3n de Controles Comerciales de Defensa (DDTC)<\/li>\n<li class=\"extended-bullet indent-1\" data-extended-bullet=\"1\" data-indent=\"1\">Capaz de presentar y obtener licencias de exportaci\u00f3n para piezas militares para enviar en todo el pa\u00eds.<\/li>\n<\/ul>\n\t\t<\/div>\n\t\t\t\t\t<\/div>\n\n\t\n\n\t<div id=\"col-151936181\" class=\"col medium-6 small-12 large-6\"  >\n\t\t\t\t<div class=\"col-inner\"  >\n\t\t\t\n\t\t\t\n<h3>Nuestra promesa:<\/h3>\n<ul>\n<li class=\"extended-bullet indent-1\" data-extended-bullet=\"1\" data-indent=\"1\">Metales de la m\u00e1s alta calidad (aluminio, lat\u00f3n, cobre, acero inoxidable, titanio, etc.)<\/li>\n<li class=\"extended-bullet indent-1\" data-extended-bullet=\"1\" data-indent=\"1\">Precios competitivos<\/li>\n<li class=\"extended-bullet indent-1\" data-extended-bullet=\"1\" data-indent=\"1\">Entrega r\u00e1pida (puerta a puerta)<\/li>\n<li class=\"extended-bullet indent-1\" data-extended-bullet=\"1\" data-indent=\"1\">Trazabilidad completa (conforme a Mil-I-45208<\/li>\n<li class=\"extended-bullet indent-1\" data-extended-bullet=\"1\" data-indent=\"1\">Env\u00edos seguros nacionales e internacionales<\/li>\n<li class=\"extended-bullet indent-1\" data-extended-bullet=\"1\" data-indent=\"1\">Servicios de Procesamiento Sobresalientes (Corte de Sierra, Cizallamiento, etc.)<\/li>\n<li class=\"extended-bullet indent-1\" data-extended-bullet=\"1\" data-indent=\"1\">Opciones de metal y materiales (hoja, tuber\u00eda, tubo, barras, etc.)<\/li>\n<\/ul>\n\t\t<\/div>\n\t\t\t\t\t<\/div>\n\n\t\n<\/div>\n\t\t<\/div>\n\n\t\t\n<style>\n#section_1273002180 {\n  padding-top: 30px;\n  padding-bottom: 30px;\n  background-color: rgb(238, 252, 255);\n}\n<\/style>\n\t<\/section>\n\t\n","protected":false},"excerpt":{"rendered":"","protected":false},"author":4,"featured_media":6058,"parent":0,"menu_order":0,"comment_status":"closed","ping_status":"closed","template":"page-blank.php","meta":{"nf_dc_page":"","_monsterinsights_skip_tracking":false,"_monsterinsights_sitenote_active":false,"_monsterinsights_sitenote_note":"","_monsterinsights_sitenote_category":0,"footnotes":""},"class_list":["post-7229","page","type-page","status-publish","has-post-thumbnail","hentry"],"yoast_head":"<!-- This site is optimized with the Yoast SEO plugin v27.4 - https:\/\/yoast.com\/product\/yoast-seo-wordpress\/ -->\n<title>Materias primas de calidad aeron\u00e1utica - Hurac\u00e1n Aeroespacial<\/title>\n<meta name=\"robots\" content=\"index, follow, max-snippet:-1, max-image-preview:large, max-video-preview:-1\" \/>\n<link rel=\"canonical\" href=\"https:\/\/hurricaneaerospace.com\/es\/materias-primas-de-calidad-aeronautica\/\" \/>\n<meta property=\"og:locale\" content=\"es_ES\" \/>\n<meta property=\"og:type\" content=\"article\" \/>\n<meta property=\"og:title\" content=\"Materias primas de calidad aeron\u00e1utica - Hurac\u00e1n Aeroespacial\" \/>\n<meta property=\"og:url\" content=\"https:\/\/hurricaneaerospace.com\/es\/materias-primas-de-calidad-aeronautica\/\" \/>\n<meta property=\"og:site_name\" content=\"Hurac\u00e1n Aeroespacial\" \/>\n<meta property=\"article:publisher\" content=\"https:\/\/www.facebook.com\/HurricaneAerospaceSolutions\/\" \/>\n<meta property=\"article:modified_time\" content=\"2020-12-04T02:24:53+00:00\" \/>\n<meta property=\"og:image\" content=\"https:\/\/hurricaneaerospace.com\/wp-content\/uploads\/2020\/03\/roll-roll.jpg\" \/>\n\t<meta property=\"og:image:width\" content=\"582\" \/>\n\t<meta property=\"og:image:height\" content=\"342\" \/>\n\t<meta property=\"og:image:type\" content=\"image\/jpeg\" \/>\n<meta name=\"twitter:card\" content=\"summary_large_image\" \/>\n<meta name=\"twitter:site\" content=\"@hurricaneaero\" \/>\n<meta name=\"twitter:label1\" content=\"Tiempo de lectura\" \/>\n\t<meta name=\"twitter:data1\" content=\"3 minutos\" \/>\n<script type=\"application\/ld+json\" class=\"yoast-schema-graph\">{\"@context\":\"https:\\\/\\\/schema.org\",\"@graph\":[{\"@type\":\"WebPage\",\"@id\":\"https:\\\/\\\/hurricaneaerospace.com\\\/es\\\/materias-primas-de-calidad-aeronautica\\\/\",\"url\":\"https:\\\/\\\/hurricaneaerospace.com\\\/es\\\/materias-primas-de-calidad-aeronautica\\\/\",\"name\":\"Materias primas de calidad aeron\u00e1utica - Hurac\u00e1n Aeroespacial\",\"isPartOf\":{\"@id\":\"https:\\\/\\\/hurricaneaerospace.com\\\/es\\\/#website\"},\"primaryImageOfPage\":{\"@id\":\"https:\\\/\\\/hurricaneaerospace.com\\\/es\\\/materias-primas-de-calidad-aeronautica\\\/#primaryimage\"},\"image\":{\"@id\":\"https:\\\/\\\/hurricaneaerospace.com\\\/es\\\/materias-primas-de-calidad-aeronautica\\\/#primaryimage\"},\"thumbnailUrl\":\"https:\\\/\\\/hurricaneaerospace.com\\\/wp-content\\\/uploads\\\/2020\\\/03\\\/roll-roll.jpg\",\"datePublished\":\"2020-08-19T21:25:55+00:00\",\"dateModified\":\"2020-12-04T02:24:53+00:00\",\"breadcrumb\":{\"@id\":\"https:\\\/\\\/hurricaneaerospace.com\\\/es\\\/materias-primas-de-calidad-aeronautica\\\/#breadcrumb\"},\"inLanguage\":\"es\",\"potentialAction\":[{\"@type\":\"ReadAction\",\"target\":[\"https:\\\/\\\/hurricaneaerospace.com\\\/es\\\/materias-primas-de-calidad-aeronautica\\\/\"]}]},{\"@type\":\"ImageObject\",\"inLanguage\":\"es\",\"@id\":\"https:\\\/\\\/hurricaneaerospace.com\\\/es\\\/materias-primas-de-calidad-aeronautica\\\/#primaryimage\",\"url\":\"https:\\\/\\\/hurricaneaerospace.com\\\/wp-content\\\/uploads\\\/2020\\\/03\\\/roll-roll.jpg\",\"contentUrl\":\"https:\\\/\\\/hurricaneaerospace.com\\\/wp-content\\\/uploads\\\/2020\\\/03\\\/roll-roll.jpg\",\"width\":582,\"height\":342,\"caption\":\"Aerospace metals from Hurricane Aerospace Solutions\"},{\"@type\":\"BreadcrumbList\",\"@id\":\"https:\\\/\\\/hurricaneaerospace.com\\\/es\\\/materias-primas-de-calidad-aeronautica\\\/#breadcrumb\",\"itemListElement\":[{\"@type\":\"ListItem\",\"position\":1,\"name\":\"Casa\",\"item\":\"https:\\\/\\\/hurricaneaerospace.com\\\/es\\\/\"},{\"@type\":\"ListItem\",\"position\":2,\"name\":\"Materias primas de calidad aeron\u00e1utica\"}]},{\"@type\":\"WebSite\",\"@id\":\"https:\\\/\\\/hurricaneaerospace.com\\\/es\\\/#website\",\"url\":\"https:\\\/\\\/hurricaneaerospace.com\\\/es\\\/\",\"name\":\"Hurac\u00e1n Aeroespacial\",\"description\":\"M\u00e1s de 25 a\u00f1os de experiencia\",\"publisher\":{\"@id\":\"https:\\\/\\\/hurricaneaerospace.com\\\/es\\\/#organization\"},\"potentialAction\":[{\"@type\":\"SearchAction\",\"target\":{\"@type\":\"EntryPoint\",\"urlTemplate\":\"https:\\\/\\\/hurricaneaerospace.com\\\/es\\\/?s={search_term_string}\"},\"query-input\":{\"@type\":\"PropertyValueSpecification\",\"valueRequired\":true,\"valueName\":\"search_term_string\"}}],\"inLanguage\":\"es\"},{\"@type\":\"Organization\",\"@id\":\"https:\\\/\\\/hurricaneaerospace.com\\\/es\\\/#organization\",\"name\":\"Hurricane Aerospace Solutions\",\"url\":\"https:\\\/\\\/hurricaneaerospace.com\\\/es\\\/\",\"logo\":{\"@type\":\"ImageObject\",\"inLanguage\":\"es\",\"@id\":\"https:\\\/\\\/hurricaneaerospace.com\\\/es\\\/#\\\/schema\\\/logo\\\/image\\\/\",\"url\":\"https:\\\/\\\/hurricaneaerospace.com\\\/wp-content\\\/uploads\\\/2019\\\/03\\\/Hurricane-Website-Logo-Retina-2019.png\",\"contentUrl\":\"https:\\\/\\\/hurricaneaerospace.com\\\/wp-content\\\/uploads\\\/2019\\\/03\\\/Hurricane-Website-Logo-Retina-2019.png\",\"width\":800,\"height\":482,\"caption\":\"Hurricane Aerospace Solutions\"},\"image\":{\"@id\":\"https:\\\/\\\/hurricaneaerospace.com\\\/es\\\/#\\\/schema\\\/logo\\\/image\\\/\"},\"sameAs\":[\"https:\\\/\\\/www.facebook.com\\\/HurricaneAerospaceSolutions\\\/\",\"https:\\\/\\\/x.com\\\/hurricaneaero\",\"https:\\\/\\\/www.instagram.com\\\/hurricaneaerospacesolutions\\\/\",\"http:\\\/\\\/www.linkedin.com\\\/company\\\/hurricaneaerospacesolutions\\\/\"]}]}<\/script>\n<!-- \/ Yoast SEO plugin. -->","yoast_head_json":{"title":"Materias primas de calidad aeron\u00e1utica - Hurac\u00e1n Aeroespacial","robots":{"index":"index","follow":"follow","max-snippet":"max-snippet:-1","max-image-preview":"max-image-preview:large","max-video-preview":"max-video-preview:-1"},"canonical":"https:\/\/hurricaneaerospace.com\/es\/materias-primas-de-calidad-aeronautica\/","og_locale":"es_ES","og_type":"article","og_title":"Materias primas de calidad aeron\u00e1utica - Hurac\u00e1n Aeroespacial","og_url":"https:\/\/hurricaneaerospace.com\/es\/materias-primas-de-calidad-aeronautica\/","og_site_name":"Hurac\u00e1n Aeroespacial","article_publisher":"https:\/\/www.facebook.com\/HurricaneAerospaceSolutions\/","article_modified_time":"2020-12-04T02:24:53+00:00","og_image":[{"width":582,"height":342,"url":"https:\/\/hurricaneaerospace.com\/wp-content\/uploads\/2020\/03\/roll-roll.jpg","type":"image\/jpeg"}],"twitter_card":"summary_large_image","twitter_site":"@hurricaneaero","twitter_misc":{"Tiempo de lectura":"3 minutos"},"schema":{"@context":"https:\/\/schema.org","@graph":[{"@type":"WebPage","@id":"https:\/\/hurricaneaerospace.com\/es\/materias-primas-de-calidad-aeronautica\/","url":"https:\/\/hurricaneaerospace.com\/es\/materias-primas-de-calidad-aeronautica\/","name":"Materias primas de calidad aeron\u00e1utica - Hurac\u00e1n Aeroespacial","isPartOf":{"@id":"https:\/\/hurricaneaerospace.com\/es\/#website"},"primaryImageOfPage":{"@id":"https:\/\/hurricaneaerospace.com\/es\/materias-primas-de-calidad-aeronautica\/#primaryimage"},"image":{"@id":"https:\/\/hurricaneaerospace.com\/es\/materias-primas-de-calidad-aeronautica\/#primaryimage"},"thumbnailUrl":"https:\/\/hurricaneaerospace.com\/wp-content\/uploads\/2020\/03\/roll-roll.jpg","datePublished":"2020-08-19T21:25:55+00:00","dateModified":"2020-12-04T02:24:53+00:00","breadcrumb":{"@id":"https:\/\/hurricaneaerospace.com\/es\/materias-primas-de-calidad-aeronautica\/#breadcrumb"},"inLanguage":"es","potentialAction":[{"@type":"ReadAction","target":["https:\/\/hurricaneaerospace.com\/es\/materias-primas-de-calidad-aeronautica\/"]}]},{"@type":"ImageObject","inLanguage":"es","@id":"https:\/\/hurricaneaerospace.com\/es\/materias-primas-de-calidad-aeronautica\/#primaryimage","url":"https:\/\/hurricaneaerospace.com\/wp-content\/uploads\/2020\/03\/roll-roll.jpg","contentUrl":"https:\/\/hurricaneaerospace.com\/wp-content\/uploads\/2020\/03\/roll-roll.jpg","width":582,"height":342,"caption":"Aerospace metals from Hurricane Aerospace Solutions"},{"@type":"BreadcrumbList","@id":"https:\/\/hurricaneaerospace.com\/es\/materias-primas-de-calidad-aeronautica\/#breadcrumb","itemListElement":[{"@type":"ListItem","position":1,"name":"Casa","item":"https:\/\/hurricaneaerospace.com\/es\/"},{"@type":"ListItem","position":2,"name":"Materias primas de calidad aeron\u00e1utica"}]},{"@type":"WebSite","@id":"https:\/\/hurricaneaerospace.com\/es\/#website","url":"https:\/\/hurricaneaerospace.com\/es\/","name":"Hurac\u00e1n Aeroespacial","description":"M\u00e1s de 25 a\u00f1os de experiencia","publisher":{"@id":"https:\/\/hurricaneaerospace.com\/es\/#organization"},"potentialAction":[{"@type":"SearchAction","target":{"@type":"EntryPoint","urlTemplate":"https:\/\/hurricaneaerospace.com\/es\/?s={search_term_string}"},"query-input":{"@type":"PropertyValueSpecification","valueRequired":true,"valueName":"search_term_string"}}],"inLanguage":"es"},{"@type":"Organization","@id":"https:\/\/hurricaneaerospace.com\/es\/#organization","name":"Hurricane Aerospace Solutions","url":"https:\/\/hurricaneaerospace.com\/es\/","logo":{"@type":"ImageObject","inLanguage":"es","@id":"https:\/\/hurricaneaerospace.com\/es\/#\/schema\/logo\/image\/","url":"https:\/\/hurricaneaerospace.com\/wp-content\/uploads\/2019\/03\/Hurricane-Website-Logo-Retina-2019.png","contentUrl":"https:\/\/hurricaneaerospace.com\/wp-content\/uploads\/2019\/03\/Hurricane-Website-Logo-Retina-2019.png","width":800,"height":482,"caption":"Hurricane Aerospace Solutions"},"image":{"@id":"https:\/\/hurricaneaerospace.com\/es\/#\/schema\/logo\/image\/"},"sameAs":["https:\/\/www.facebook.com\/HurricaneAerospaceSolutions\/","https:\/\/x.com\/hurricaneaero","https:\/\/www.instagram.com\/hurricaneaerospacesolutions\/","http:\/\/www.linkedin.com\/company\/hurricaneaerospacesolutions\/"]}]}},"_links":{"self":[{"href":"https:\/\/hurricaneaerospace.com\/es\/wp-json\/wp\/v2\/pages\/7229","targetHints":{"allow":["GET"]}}],"collection":[{"href":"https:\/\/hurricaneaerospace.com\/es\/wp-json\/wp\/v2\/pages"}],"about":[{"href":"https:\/\/hurricaneaerospace.com\/es\/wp-json\/wp\/v2\/types\/page"}],"author":[{"embeddable":true,"href":"https:\/\/hurricaneaerospace.com\/es\/wp-json\/wp\/v2\/users\/4"}],"replies":[{"embeddable":true,"href":"https:\/\/hurricaneaerospace.com\/es\/wp-json\/wp\/v2\/comments?post=7229"}],"version-history":[{"count":10,"href":"https:\/\/hurricaneaerospace.com\/es\/wp-json\/wp\/v2\/pages\/7229\/revisions"}],"predecessor-version":[{"id":7842,"href":"https:\/\/hurricaneaerospace.com\/es\/wp-json\/wp\/v2\/pages\/7229\/revisions\/7842"}],"wp:featuredmedia":[{"embeddable":true,"href":"https:\/\/hurricaneaerospace.com\/es\/wp-json\/wp\/v2\/media\/6058"}],"wp:attachment":[{"href":"https:\/\/hurricaneaerospace.com\/es\/wp-json\/wp\/v2\/media?parent=7229"}],"curies":[{"name":"wp","href":"https:\/\/api.w.org\/{rel}","templated":true}]}}