{"id":7541,"date":"2020-08-20T02:14:13","date_gmt":"2020-08-20T02:14:13","guid":{"rendered":"https:\/\/hurricaneaerospace.com\/metales-marinos\/"},"modified":"2022-02-11T02:25:18","modified_gmt":"2022-02-11T02:25:18","slug":"metales-marinos-2","status":"publish","type":"page","link":"https:\/\/hurricaneaerospace.com\/es\/metales-marinos-2\/","title":{"rendered":"Metales Marinos"},"content":{"rendered":"\n\t<section class=\"section dark\" id=\"section_361920984\">\n\t\t<div class=\"section-bg fill\" >\n\t\t\t<img loading=\"lazy\" decoding=\"async\" width=\"1053\" height=\"500\" src=\"https:\/\/hurricaneaerospace.com\/wp-content\/uploads\/2020\/03\/15794943241751.jpg\" class=\"bg attachment-original size-original\" alt=\"\" \/>\t\t\t\t\t\t<div class=\"section-bg-overlay absolute fill\"><\/div>\n\t\t\t\n\n\t\t<\/div>\n\n\t\t\n\n\t\t<div class=\"section-content relative\">\n\t\t\t\n<div class=\"container section-title-container\" style=\"margin-top:0px;margin-bottom:0px;\"><h1 class=\"section-title section-title-center\"><b aria-hidden=\"true\"><\/b><span class=\"section-title-main\" style=\"font-size:140%;\">Metales Marinos<\/span><b aria-hidden=\"true\"><\/b><\/h1><\/div>\n\t\t<\/div>\n\n\t\t\n<style>\n#section_361920984 {\n  padding-top: 100px;\n  padding-bottom: 100px;\n}\n#section_361920984 .section-bg-overlay {\n  background-color: rgba(27, 64, 128, 0.54);\n}\n<\/style>\n\t<\/section>\n\t\n\n\t<section class=\"section\" id=\"section_1570776525\">\n\t\t<div class=\"section-bg fill\" >\n\t\t\t\t\t\t\t\t\t\n\t\t\t\n\n\t\t<\/div>\n\n\t\t\n\n\t\t<div class=\"section-content relative\">\n\t\t\t\n<div class=\"row align-center\"  id=\"row-1891073711\">\n\n\t<div id=\"col-1648659280\" class=\"col medium-6 small-12 large-6\"  >\n\t\t\t\t<div class=\"col-inner\"  >\n\t\t\t\n\t\t\t\n<div class=\"container section-title-container\" style=\"margin-top:0px;margin-bottom:0px;\"><h2 class=\"section-title section-title-normal\"><b aria-hidden=\"true\"><\/b><span class=\"section-title-main\" >Metales de Aleaci\u00f3n Marina<\/span><b aria-hidden=\"true\"><\/b><\/h2><\/div>\n<p>We offer our partners a great array of metal alloys for the marine, defense, and commercial segments.<\/p>\n<h3>\u00a0Benefits of Partnering with Hurricane Aerospace<\/h3>\n<ul class=\"extended-list-wrapper\">\n<li class=\"extended-bullet indent-1\" data-extended-bullet=\"1\" data-indent=\"1\">Fully Accredited With <a href=\"https:\/\/www.aviationsuppliers.org\/ASA-100\" target=\"_blank\" rel=\"noopener\">ASA-100<\/a> Quality Assurance<\/li>\n<li class=\"extended-bullet indent-1\" data-extended-bullet=\"1\" data-indent=\"1\">FAA Advisor Circular 00-56 Compliant<\/li>\n<li class=\"extended-bullet indent-1\" data-extended-bullet=\"1\" data-indent=\"1\">All Parts and Materials are Delivered with Factory Certificate<\/li>\n<li class=\"extended-bullet indent-1\" data-extended-bullet=\"1\" data-indent=\"1\">All Parts and Materials are Delivered with Certificate Compliance<\/li>\n<li class=\"extended-bullet indent-1\" data-extended-bullet=\"1\" data-indent=\"1\">Fully Registered and Compliant with the International Traffic and Arms Regulations (ITAR)<\/li>\n<li class=\"extended-bullet indent-1\" data-extended-bullet=\"1\" data-indent=\"1\">Registered Export with the Directorate of Defense Trade Controls (DDTC)<\/li>\n<li class=\"extended-bullet indent-1\" data-extended-bullet=\"1\" data-indent=\"1\">Able to File and Obtain Export Licenses for Military Parts to Ship Nationwide.<\/li>\n<\/ul>\n<a href=\"https:\/\/hurricaneaerospace.com\/es\/solicitar-una-cotizacion\/\" class=\"button primary\" >\n\t\t<span>Solicitar un presupuesto<\/span>\n\t<\/a>\n\n<a href=\"https:\/\/hurricaneaerospace.com\/es\/contacto\/\" class=\"button secondary\" >\n\t\t<span>cont\u00e1ctenos<\/span>\n\t<\/a>\n\n\t\t<\/div>\n\t\t\t\t\t<\/div>\n\n\t\n\n\t<div id=\"col-599844726\" class=\"col medium-5 small-12 large-5\"  >\n\t\t\t\t<div class=\"col-inner\"  >\n\t\t\t\n\t\t\t\n\t<div class=\"img has-hover x md-x lg-x y md-y lg-y\" id=\"image_1483957533\">\n\t\t\t\t\t\t\t\t<div class=\"img-inner box-shadow-2 box-shadow-2-hover dark\" >\n\t\t\t<img loading=\"lazy\" decoding=\"async\" width=\"1020\" height=\"679\" src=\"https:\/\/hurricaneaerospace.com\/wp-content\/uploads\/2020\/03\/media_872_496306_w1200_fit-1024x682.jpg\" class=\"attachment-large size-large\" alt=\"Hurricane offers a wide variety of marine metals for multiple application usages and requests.\" srcset=\"https:\/\/hurricaneaerospace.com\/wp-content\/uploads\/2020\/03\/media_872_496306_w1200_fit-1024x682.jpg 1024w, https:\/\/hurricaneaerospace.com\/wp-content\/uploads\/2020\/03\/media_872_496306_w1200_fit-300x200.jpg 300w, https:\/\/hurricaneaerospace.com\/wp-content\/uploads\/2020\/03\/media_872_496306_w1200_fit-768x511.jpg 768w, https:\/\/hurricaneaerospace.com\/wp-content\/uploads\/2020\/03\/media_872_496306_w1200_fit.jpg 1200w\" sizes=\"auto, (max-width: 1020px) 100vw, 1020px\" \/>\t\t\t\t\t\t\n\t\t\t\t\t<\/div>\n\t\t\t\t\t\t\t\t\n<style>\n#image_1483957533 {\n  width: 100%;\n}\n<\/style>\n\t<\/div>\n\t\n\t\t<\/div>\n\t\t\t\t\n<style>\n#col-599844726 > .col-inner {\n  padding: 84px 0px 0px 0px;\n}\n<\/style>\n\t<\/div>\n\n\t\n<\/div>\n\t\t<\/div>\n\n\t\t\n<style>\n#section_1570776525 {\n  padding-top: 30px;\n  padding-bottom: 30px;\n}\n<\/style>\n\t<\/section>\n\t\n\n\t<section class=\"section\" id=\"section_67888796\">\n\t\t<div class=\"section-bg fill\" >\n\t\t\t\t\t\t\t\t\t\n\t\t\t\n\n\t\t<\/div>\n\n\t\t\n\n\t\t<div class=\"section-content relative\">\n\t\t\t\n<div class=\"row\"  id=\"row-250165714\">\n\n\t<div id=\"col-862940366\" class=\"col medium-6 small-12 large-6\"  >\n\t\t\t\t<div class=\"col-inner\"  >\n\t\t\t\n\t\t\t\n<h3>Our Promise:<\/h3>\n<ul>\n<li class=\"extended-bullet indent-1\" data-extended-bullet=\"1\" data-indent=\"1\">Highest Quality Metals (Aluminum, Brass, Copper, Stainless Steel, Titanium, etc.)<\/li>\n<li class=\"extended-bullet indent-1\" data-extended-bullet=\"1\" data-indent=\"1\">Competitive Pricing<\/li>\n<li class=\"extended-bullet indent-1\" data-extended-bullet=\"1\" data-indent=\"1\">Prompt Delivery (door-to-door)<\/li>\n<li class=\"extended-bullet indent-1\" data-extended-bullet=\"1\" data-indent=\"1\">Full traceability (compliant with Mil-I-45208<\/li>\n<li class=\"extended-bullet indent-1\" data-extended-bullet=\"1\" data-indent=\"1\">Domestic and International Secured Shipping<\/li>\n<li class=\"extended-bullet indent-1\" data-extended-bullet=\"1\" data-indent=\"1\">Outstanding <a href=\"https:\/\/hurricaneaerospace.com\/materials-processing\/\">Processing Services<\/a> (Saw Cutting, Shearing, etc.)<\/li>\n<li class=\"extended-bullet indent-1\" data-extended-bullet=\"1\" data-indent=\"1\">Metal and Material Options (sheet, pipe, tube, bars, etc)<\/li>\n<\/ul>\n\t\t<\/div>\n\t\t\t\t\t<\/div>\n\n\t\n\n\t<div id=\"col-1414479244\" class=\"col medium-6 small-12 large-6\"  >\n\t\t\t\t<div class=\"col-inner\"  >\n\t\t\t\n\t\t\t\n<h3>Hurricane Aerospace Solutions offers the following alloys for multiple application usages and requests:<\/h3>\n<div class=\"row\"  id=\"row-1959643740\">\n\n\t<div id=\"col-1508841832\" class=\"col medium-4 small-12 large-4\"  >\n\t\t\t\t<div class=\"col-inner\"  >\n\t\t\t\n\t\t\t\n<ul class=\"extended-list-wrapper\">\n<li class=\"extended-bullet indent-1\" data-extended-bullet=\"1\" data-indent=\"1\">1100<\/li>\n<li class=\"extended-bullet indent-1\" data-extended-bullet=\"1\" data-indent=\"1\">2024<\/li>\n<li class=\"extended-bullet indent-1\" data-extended-bullet=\"1\" data-indent=\"1\">2219<\/li>\n<li class=\"extended-bullet indent-1\" data-extended-bullet=\"1\" data-indent=\"1\">3003<\/li>\n<li class=\"extended-bullet indent-1\" data-extended-bullet=\"1\" data-indent=\"1\">6061<\/li>\n<li class=\"extended-bullet indent-1\" data-extended-bullet=\"1\" data-indent=\"1\">6063<\/li>\n<li class=\"extended-bullet indent-1\" data-extended-bullet=\"1\" data-indent=\"1\">6082<\/li>\n<li class=\"extended-bullet indent-1\" data-extended-bullet=\"1\" data-indent=\"1\">5083<\/li>\n<li class=\"extended-bullet indent-1\" data-extended-bullet=\"1\" data-indent=\"1\">5084<\/li>\n<\/ul>\n\t\t<\/div>\n\t\t\t\t\t<\/div>\n\n\t\n\n\t<div id=\"col-98372870\" class=\"col medium-4 small-12 large-4\"  >\n\t\t\t\t<div class=\"col-inner\"  >\n\t\t\t\n\t\t\t\n<ul class=\"extended-list-wrapper\">\n<li class=\"extended-bullet indent-1\" data-extended-bullet=\"1\" data-indent=\"1\">5085<\/li>\n<li class=\"extended-bullet indent-1\" data-extended-bullet=\"1\" data-indent=\"1\">5086<\/li>\n<li class=\"extended-bullet indent-1\" data-extended-bullet=\"1\" data-indent=\"1\">7039<\/li>\n<li class=\"extended-bullet indent-1\" data-extended-bullet=\"1\" data-indent=\"1\">7050<\/li>\n<li class=\"extended-bullet indent-1\" data-extended-bullet=\"1\" data-indent=\"1\">7075<\/li>\n<li class=\"extended-bullet indent-1\" data-extended-bullet=\"1\" data-indent=\"1\">301<\/li>\n<li class=\"extended-bullet indent-1\" data-extended-bullet=\"1\" data-indent=\"1\">303<\/li>\n<li class=\"extended-bullet indent-1\" data-extended-bullet=\"1\" data-indent=\"1\">304<\/li>\n<li class=\"extended-bullet indent-1\" data-extended-bullet=\"1\" data-indent=\"1\">316<\/li>\n<\/ul>\n\t\t<\/div>\n\t\t\t\t\t<\/div>\n\n\t\n\n\t<div id=\"col-1908612747\" class=\"col medium-4 small-12 large-4\"  >\n\t\t\t\t<div class=\"col-inner\"  >\n\t\t\t\n\t\t\t\n<ul class=\"extended-list-wrapper\">\n<li class=\"extended-bullet indent-1\" data-extended-bullet=\"1\" data-indent=\"1\">321<\/li>\n<li class=\"extended-bullet indent-1\" data-extended-bullet=\"1\" data-indent=\"1\">15-7<\/li>\n<li class=\"extended-bullet indent-1\" data-extended-bullet=\"1\" data-indent=\"1\">17-4<\/li>\n<li class=\"extended-bullet indent-1\" data-extended-bullet=\"1\" data-indent=\"1\">17-7<\/li>\n<li class=\"extended-bullet indent-1\" data-extended-bullet=\"1\" data-indent=\"1\">316<\/li>\n<li class=\"extended-bullet indent-1\" data-extended-bullet=\"1\" data-indent=\"1\">316 l<\/li>\n<li class=\"extended-bullet indent-1\" data-extended-bullet=\"1\" data-indent=\"1\">4130<\/li>\n<li class=\"extended-bullet indent-1\" data-extended-bullet=\"1\" data-indent=\"1\">4140<\/li>\n<li class=\"extended-bullet indent-1\" data-extended-bullet=\"1\" data-indent=\"1\">4340<\/li>\n<\/ul>\n\t\t<\/div>\n\t\t\t\t\t<\/div>\n\n\t\n<\/div>\n\t\t<\/div>\n\t\t\t\t\t<\/div>\n\n\t\n<\/div>\n\t\t<\/div>\n\n\t\t\n<style>\n#section_67888796 {\n  padding-top: 30px;\n  padding-bottom: 30px;\n  background-color: rgb(238, 252, 255);\n}\n<\/style>\n\t<\/section>\n\t\n","protected":false},"excerpt":{"rendered":"","protected":false},"author":4,"featured_media":6052,"parent":0,"menu_order":0,"comment_status":"closed","ping_status":"closed","template":"page-blank.php","meta":{"nf_dc_page":"","_monsterinsights_skip_tracking":false,"_monsterinsights_sitenote_active":false,"_monsterinsights_sitenote_note":"","_monsterinsights_sitenote_category":0,"footnotes":""},"class_list":["post-7541","page","type-page","status-publish","has-post-thumbnail","hentry"],"yoast_head":"<!-- This site is optimized with the Yoast SEO plugin v27.4 - https:\/\/yoast.com\/product\/yoast-seo-wordpress\/ -->\n<title>Metales Marinos - Hurac\u00e1n Aeroespacial<\/title>\n<meta name=\"robots\" content=\"index, follow, max-snippet:-1, max-image-preview:large, max-video-preview:-1\" \/>\n<link rel=\"canonical\" href=\"https:\/\/hurricaneaerospace.com\/es\/metales-marinos-2\/\" \/>\n<meta property=\"og:locale\" content=\"es_ES\" \/>\n<meta property=\"og:type\" content=\"article\" \/>\n<meta property=\"og:title\" content=\"Metales Marinos - Hurac\u00e1n Aeroespacial\" \/>\n<meta property=\"og:url\" content=\"https:\/\/hurricaneaerospace.com\/es\/metales-marinos-2\/\" \/>\n<meta property=\"og:site_name\" content=\"Hurac\u00e1n Aeroespacial\" \/>\n<meta property=\"article:publisher\" content=\"https:\/\/www.facebook.com\/HurricaneAerospaceSolutions\/\" \/>\n<meta property=\"article:modified_time\" content=\"2022-02-11T02:25:18+00:00\" \/>\n<meta property=\"og:image\" content=\"https:\/\/hurricaneaerospace.com\/wp-content\/uploads\/2020\/03\/media_872_496306_w1200_fit.jpg\" \/>\n\t<meta property=\"og:image:width\" content=\"1200\" \/>\n\t<meta property=\"og:image:height\" content=\"799\" \/>\n\t<meta property=\"og:image:type\" content=\"image\/jpeg\" \/>\n<meta name=\"twitter:card\" content=\"summary_large_image\" \/>\n<meta name=\"twitter:site\" content=\"@hurricaneaero\" \/>\n<meta name=\"twitter:label1\" content=\"Tiempo de lectura\" \/>\n\t<meta name=\"twitter:data1\" content=\"1 minuto\" \/>\n<script type=\"application\/ld+json\" class=\"yoast-schema-graph\">{\"@context\":\"https:\\\/\\\/schema.org\",\"@graph\":[{\"@type\":\"WebPage\",\"@id\":\"https:\\\/\\\/hurricaneaerospace.com\\\/es\\\/metales-marinos-2\\\/\",\"url\":\"https:\\\/\\\/hurricaneaerospace.com\\\/es\\\/metales-marinos-2\\\/\",\"name\":\"Metales Marinos - Hurac\u00e1n Aeroespacial\",\"isPartOf\":{\"@id\":\"https:\\\/\\\/hurricaneaerospace.com\\\/es\\\/#website\"},\"primaryImageOfPage\":{\"@id\":\"https:\\\/\\\/hurricaneaerospace.com\\\/es\\\/metales-marinos-2\\\/#primaryimage\"},\"image\":{\"@id\":\"https:\\\/\\\/hurricaneaerospace.com\\\/es\\\/metales-marinos-2\\\/#primaryimage\"},\"thumbnailUrl\":\"https:\\\/\\\/hurricaneaerospace.com\\\/wp-content\\\/uploads\\\/2020\\\/03\\\/media_872_496306_w1200_fit.jpg\",\"datePublished\":\"2020-08-20T02:14:13+00:00\",\"dateModified\":\"2022-02-11T02:25:18+00:00\",\"breadcrumb\":{\"@id\":\"https:\\\/\\\/hurricaneaerospace.com\\\/es\\\/metales-marinos-2\\\/#breadcrumb\"},\"inLanguage\":\"es\",\"potentialAction\":[{\"@type\":\"ReadAction\",\"target\":[\"https:\\\/\\\/hurricaneaerospace.com\\\/es\\\/metales-marinos-2\\\/\"]}]},{\"@type\":\"ImageObject\",\"inLanguage\":\"es\",\"@id\":\"https:\\\/\\\/hurricaneaerospace.com\\\/es\\\/metales-marinos-2\\\/#primaryimage\",\"url\":\"https:\\\/\\\/hurricaneaerospace.com\\\/wp-content\\\/uploads\\\/2020\\\/03\\\/media_872_496306_w1200_fit.jpg\",\"contentUrl\":\"https:\\\/\\\/hurricaneaerospace.com\\\/wp-content\\\/uploads\\\/2020\\\/03\\\/media_872_496306_w1200_fit.jpg\",\"width\":1200,\"height\":799,\"caption\":\"Hurricane offers a wide variety of marine metals for multiple application usages and requests.\"},{\"@type\":\"BreadcrumbList\",\"@id\":\"https:\\\/\\\/hurricaneaerospace.com\\\/es\\\/metales-marinos-2\\\/#breadcrumb\",\"itemListElement\":[{\"@type\":\"ListItem\",\"position\":1,\"name\":\"Casa\",\"item\":\"https:\\\/\\\/hurricaneaerospace.com\\\/es\\\/\"},{\"@type\":\"ListItem\",\"position\":2,\"name\":\"Metales Marinos\"}]},{\"@type\":\"WebSite\",\"@id\":\"https:\\\/\\\/hurricaneaerospace.com\\\/es\\\/#website\",\"url\":\"https:\\\/\\\/hurricaneaerospace.com\\\/es\\\/\",\"name\":\"Hurac\u00e1n Aeroespacial\",\"description\":\"M\u00e1s de 25 a\u00f1os de experiencia\",\"publisher\":{\"@id\":\"https:\\\/\\\/hurricaneaerospace.com\\\/es\\\/#organization\"},\"potentialAction\":[{\"@type\":\"SearchAction\",\"target\":{\"@type\":\"EntryPoint\",\"urlTemplate\":\"https:\\\/\\\/hurricaneaerospace.com\\\/es\\\/?s={search_term_string}\"},\"query-input\":{\"@type\":\"PropertyValueSpecification\",\"valueRequired\":true,\"valueName\":\"search_term_string\"}}],\"inLanguage\":\"es\"},{\"@type\":\"Organization\",\"@id\":\"https:\\\/\\\/hurricaneaerospace.com\\\/es\\\/#organization\",\"name\":\"Hurricane Aerospace Solutions\",\"url\":\"https:\\\/\\\/hurricaneaerospace.com\\\/es\\\/\",\"logo\":{\"@type\":\"ImageObject\",\"inLanguage\":\"es\",\"@id\":\"https:\\\/\\\/hurricaneaerospace.com\\\/es\\\/#\\\/schema\\\/logo\\\/image\\\/\",\"url\":\"https:\\\/\\\/hurricaneaerospace.com\\\/wp-content\\\/uploads\\\/2019\\\/03\\\/Hurricane-Website-Logo-Retina-2019.png\",\"contentUrl\":\"https:\\\/\\\/hurricaneaerospace.com\\\/wp-content\\\/uploads\\\/2019\\\/03\\\/Hurricane-Website-Logo-Retina-2019.png\",\"width\":800,\"height\":482,\"caption\":\"Hurricane Aerospace Solutions\"},\"image\":{\"@id\":\"https:\\\/\\\/hurricaneaerospace.com\\\/es\\\/#\\\/schema\\\/logo\\\/image\\\/\"},\"sameAs\":[\"https:\\\/\\\/www.facebook.com\\\/HurricaneAerospaceSolutions\\\/\",\"https:\\\/\\\/x.com\\\/hurricaneaero\",\"https:\\\/\\\/www.instagram.com\\\/hurricaneaerospacesolutions\\\/\",\"http:\\\/\\\/www.linkedin.com\\\/company\\\/hurricaneaerospacesolutions\\\/\"]}]}<\/script>\n<!-- \/ Yoast SEO plugin. -->","yoast_head_json":{"title":"Metales Marinos - Hurac\u00e1n Aeroespacial","robots":{"index":"index","follow":"follow","max-snippet":"max-snippet:-1","max-image-preview":"max-image-preview:large","max-video-preview":"max-video-preview:-1"},"canonical":"https:\/\/hurricaneaerospace.com\/es\/metales-marinos-2\/","og_locale":"es_ES","og_type":"article","og_title":"Metales Marinos - Hurac\u00e1n Aeroespacial","og_url":"https:\/\/hurricaneaerospace.com\/es\/metales-marinos-2\/","og_site_name":"Hurac\u00e1n Aeroespacial","article_publisher":"https:\/\/www.facebook.com\/HurricaneAerospaceSolutions\/","article_modified_time":"2022-02-11T02:25:18+00:00","og_image":[{"width":1200,"height":799,"url":"https:\/\/hurricaneaerospace.com\/wp-content\/uploads\/2020\/03\/media_872_496306_w1200_fit.jpg","type":"image\/jpeg"}],"twitter_card":"summary_large_image","twitter_site":"@hurricaneaero","twitter_misc":{"Tiempo de lectura":"1 minuto"},"schema":{"@context":"https:\/\/schema.org","@graph":[{"@type":"WebPage","@id":"https:\/\/hurricaneaerospace.com\/es\/metales-marinos-2\/","url":"https:\/\/hurricaneaerospace.com\/es\/metales-marinos-2\/","name":"Metales Marinos - Hurac\u00e1n Aeroespacial","isPartOf":{"@id":"https:\/\/hurricaneaerospace.com\/es\/#website"},"primaryImageOfPage":{"@id":"https:\/\/hurricaneaerospace.com\/es\/metales-marinos-2\/#primaryimage"},"image":{"@id":"https:\/\/hurricaneaerospace.com\/es\/metales-marinos-2\/#primaryimage"},"thumbnailUrl":"https:\/\/hurricaneaerospace.com\/wp-content\/uploads\/2020\/03\/media_872_496306_w1200_fit.jpg","datePublished":"2020-08-20T02:14:13+00:00","dateModified":"2022-02-11T02:25:18+00:00","breadcrumb":{"@id":"https:\/\/hurricaneaerospace.com\/es\/metales-marinos-2\/#breadcrumb"},"inLanguage":"es","potentialAction":[{"@type":"ReadAction","target":["https:\/\/hurricaneaerospace.com\/es\/metales-marinos-2\/"]}]},{"@type":"ImageObject","inLanguage":"es","@id":"https:\/\/hurricaneaerospace.com\/es\/metales-marinos-2\/#primaryimage","url":"https:\/\/hurricaneaerospace.com\/wp-content\/uploads\/2020\/03\/media_872_496306_w1200_fit.jpg","contentUrl":"https:\/\/hurricaneaerospace.com\/wp-content\/uploads\/2020\/03\/media_872_496306_w1200_fit.jpg","width":1200,"height":799,"caption":"Hurricane offers a wide variety of marine metals for multiple application usages and requests."},{"@type":"BreadcrumbList","@id":"https:\/\/hurricaneaerospace.com\/es\/metales-marinos-2\/#breadcrumb","itemListElement":[{"@type":"ListItem","position":1,"name":"Casa","item":"https:\/\/hurricaneaerospace.com\/es\/"},{"@type":"ListItem","position":2,"name":"Metales Marinos"}]},{"@type":"WebSite","@id":"https:\/\/hurricaneaerospace.com\/es\/#website","url":"https:\/\/hurricaneaerospace.com\/es\/","name":"Hurac\u00e1n Aeroespacial","description":"M\u00e1s de 25 a\u00f1os de experiencia","publisher":{"@id":"https:\/\/hurricaneaerospace.com\/es\/#organization"},"potentialAction":[{"@type":"SearchAction","target":{"@type":"EntryPoint","urlTemplate":"https:\/\/hurricaneaerospace.com\/es\/?s={search_term_string}"},"query-input":{"@type":"PropertyValueSpecification","valueRequired":true,"valueName":"search_term_string"}}],"inLanguage":"es"},{"@type":"Organization","@id":"https:\/\/hurricaneaerospace.com\/es\/#organization","name":"Hurricane Aerospace Solutions","url":"https:\/\/hurricaneaerospace.com\/es\/","logo":{"@type":"ImageObject","inLanguage":"es","@id":"https:\/\/hurricaneaerospace.com\/es\/#\/schema\/logo\/image\/","url":"https:\/\/hurricaneaerospace.com\/wp-content\/uploads\/2019\/03\/Hurricane-Website-Logo-Retina-2019.png","contentUrl":"https:\/\/hurricaneaerospace.com\/wp-content\/uploads\/2019\/03\/Hurricane-Website-Logo-Retina-2019.png","width":800,"height":482,"caption":"Hurricane Aerospace Solutions"},"image":{"@id":"https:\/\/hurricaneaerospace.com\/es\/#\/schema\/logo\/image\/"},"sameAs":["https:\/\/www.facebook.com\/HurricaneAerospaceSolutions\/","https:\/\/x.com\/hurricaneaero","https:\/\/www.instagram.com\/hurricaneaerospacesolutions\/","http:\/\/www.linkedin.com\/company\/hurricaneaerospacesolutions\/"]}]}},"_links":{"self":[{"href":"https:\/\/hurricaneaerospace.com\/es\/wp-json\/wp\/v2\/pages\/7541","targetHints":{"allow":["GET"]}}],"collection":[{"href":"https:\/\/hurricaneaerospace.com\/es\/wp-json\/wp\/v2\/pages"}],"about":[{"href":"https:\/\/hurricaneaerospace.com\/es\/wp-json\/wp\/v2\/types\/page"}],"author":[{"embeddable":true,"href":"https:\/\/hurricaneaerospace.com\/es\/wp-json\/wp\/v2\/users\/4"}],"replies":[{"embeddable":true,"href":"https:\/\/hurricaneaerospace.com\/es\/wp-json\/wp\/v2\/comments?post=7541"}],"version-history":[{"count":16,"href":"https:\/\/hurricaneaerospace.com\/es\/wp-json\/wp\/v2\/pages\/7541\/revisions"}],"predecessor-version":[{"id":9295,"href":"https:\/\/hurricaneaerospace.com\/es\/wp-json\/wp\/v2\/pages\/7541\/revisions\/9295"}],"wp:featuredmedia":[{"embeddable":true,"href":"https:\/\/hurricaneaerospace.com\/es\/wp-json\/wp\/v2\/media\/6052"}],"wp:attachment":[{"href":"https:\/\/hurricaneaerospace.com\/es\/wp-json\/wp\/v2\/media?parent=7541"}],"curies":[{"name":"wp","href":"https:\/\/api.w.org\/{rel}","templated":true}]}}