{"id":6214,"date":"2020-08-19T20:23:37","date_gmt":"2020-08-19T20:23:37","guid":{"rendered":"https:\/\/hurricaneaerospace.com\/leandra-cain\/"},"modified":"2020-12-04T04:22:35","modified_gmt":"2020-12-04T04:22:35","slug":"leandra-cain","status":"publish","type":"page","link":"https:\/\/hurricaneaerospace.com\/fr\/leandra-cain\/","title":{"rendered":"Leandra Ca\u00efn"},"content":{"rendered":"\n\t<section class=\"section dark\" id=\"section_73143316\">\n\t\t<div class=\"section-bg fill\" >\n\t\t\t<img loading=\"lazy\" decoding=\"async\" width=\"1243\" height=\"302\" src=\"https:\/\/hurricaneaerospace.com\/wp-content\/uploads\/2019\/03\/hurricane-aerospace-blueprint-header-image.jpg\" class=\"bg attachment-original size-original\" alt=\"\" \/>\t\t\t\t\t\t<div class=\"section-bg-overlay absolute fill\"><\/div>\n\t\t\t\n\n\t\t<\/div>\n\n\t\t\n\n\t\t<div class=\"section-content relative\">\n\t\t\t\n<div class=\"row\"  id=\"row-1544809430\">\n\n\t<div id=\"col-1797049821\" class=\"col small-12 large-12\"  >\n\t\t\t\t<div class=\"col-inner text-center\"  >\n\t\t\t\n\t\t\t\n<div class=\"container section-title-container\" style=\"margin-top:0px;margin-bottom:0px;\"><h1 class=\"section-title section-title-center\"><b aria-hidden=\"true\"><\/b><span class=\"section-title-main\" >Leandra Ca\u00efn<\/span><b aria-hidden=\"true\"><\/b><\/h1><\/div>\n<p><span class=\"lead\">Fondateur, COO et Pr\u00e9sident<\/span><\/p>\n\t\t<\/div>\n\t\t\t\t\t<\/div>\n\n\t\n<\/div>\n\t\t<\/div>\n\n\t\t\n<style>\n#section_73143316 {\n  padding-top: 50px;\n  padding-bottom: 50px;\n}\n#section_73143316 .section-bg-overlay {\n  background-color: rgba(27, 64, 128, 0.5);\n}\n<\/style>\n\t<\/section>\n\t\n\n\t<section class=\"section\" id=\"section_1662598810\">\n\t\t<div class=\"section-bg fill\" >\n\t\t\t\t\t\t\t\t\t\n\t\t\t\n\n\t\t<\/div>\n\n\t\t\n\n\t\t<div class=\"section-content relative\">\n\t\t\t\n<div class=\"row align-middle\"  id=\"row-1184386576\">\n\n\t<div id=\"col-401619476\" class=\"col medium-6 small-12 large-6\"  >\n\t\t\t\t<div class=\"col-inner\"  >\n\t\t\t\n\t\t\t\n\t<div class=\"img has-hover x md-x lg-x y md-y lg-y\" id=\"image_1919829212\">\n\t\t\t\t\t\t\t\t<div class=\"img-inner dark\" >\n\t\t\t<img loading=\"lazy\" decoding=\"async\" width=\"474\" height=\"712\" src=\"https:\/\/hurricaneaerospace.com\/wp-content\/uploads\/2019\/03\/Leandra-Cain.jpg\" class=\"attachment-large size-large\" alt=\"Leandra Cain - Founder, COO, and President\" srcset=\"https:\/\/hurricaneaerospace.com\/wp-content\/uploads\/2019\/03\/Leandra-Cain.jpg 474w, https:\/\/hurricaneaerospace.com\/wp-content\/uploads\/2019\/03\/Leandra-Cain-200x300.jpg 200w\" sizes=\"auto, (max-width: 474px) 100vw, 474px\" \/>\t\t\t\t\t\t\n\t\t\t\t\t\t\t<div class=\"caption\">\t\t\t\t\t\t<\/div>\n\t\t\t\t\t<\/div>\n\t\t\t\t\t\t\t\t\n<style>\n#image_1919829212 {\n  width: 100%;\n}\n<\/style>\n\t<\/div>\n\t\n\t\t<\/div>\n\t\t\t\t\t<\/div>\n\n\t\n\n\t<div id=\"col-160466586\" class=\"col medium-6 small-12 large-6\"  >\n\t\t\t\t<div class=\"col-inner\"  >\n\t\t\t\n\t\t\t\n<h1><strong>Leandra Ca\u00efn<\/strong><\/h1>\n<h4>Fondateur, COO et Pr\u00e9sident<\/h4>\n<p>Leandra Cain est la fondatrice, chef de l\u2019direction et pr\u00e9sidente de Hurricane Aerospace Solutions. Hurricane Aerospace est une femme d\u00e9tenue, petite entreprise, et HUB Zone certifi\u00e9 situ\u00e9 \u00e0 Pompano Beach, FL. Leandra a fond\u00e9 Hurricane Aerospace en 2007 avec pour mission de cr\u00e9er des emplois durables, tout en servant les communaut\u00e9s a\u00e9ronautique et militaire.<\/p>\n<p>La mission d\u2019Hurricane Aerospace est toujours rest\u00e9e constante pour fournir \u00e0 temps des solutions de qualit\u00e9 pour ses clients. Sous la direction de Leandra, la croyance fondamentale de Hurricane est de soutenir la plage locale de Pompano et ses environs par des efforts \u00e9conomiques stimulants et charitables. Hurricane Aerospace a re\u00e7u le prix Boeing Performance in Excellence pour six ann\u00e9es cons\u00e9cutives.<\/p>\n<p>Avant d\u2019\u00e9tablir Hurricane Aerospace, Mme Cain a travaill\u00e9 pendant plus de 10 ans comme chef du d\u00e9veloppement des affaires sur le terrain et directrice r\u00e9gionale des ventes dans l\u2019industrie de la beaut\u00e9, travaillant pour Loreal et Estee Lauder. Elle a remport\u00e9 de nombreux prix de vente et de leadership au cours de son temps dans ce m\u00e9tier. Leandra est un membre de longue date de WBENC, WAI et NDIA.<\/p>\n<p>Leandra est n\u00e9 et a grandi \u00e0 Rochester, NY et r\u00e9side actuellement \u00e0 Coral Springs, FL. Dans ses temps libres, Leandra aime voyager \u00e0 travers le monde avec son mari bien-aim\u00e9 Dan et jouer avec ses deux enfants \u00e0 quatre pattes, Abby et Woody. Mme Cain se porte \u00e9galement volontaire pour son temps \u00e0 l\u2019\u00c9glise par les Clairi\u00e8res, partageant J\u00e9sus et sa parole.<\/p>\n<a href=\"mailto:info@hurricaneaerospace.com\" target=\"_blank\" class=\"button primary\" rel=\"noopener\" >\n\t\t<span>Contactez-moi!<\/span>\n\t<\/a>\n\n<a href=\"https:\/\/www.linkedin.com\/in\/leandra-cain-b2119037\/\" target=\"_blank\" class=\"button secondary\" rel=\"noopener\" >\n\t\t<span>Linkedin<\/span>\n\t<\/a>\n\n\t\t<\/div>\n\t\t\t\t\t<\/div>\n\n\t\n<\/div>\n\t\t<\/div>\n\n\t\t\n<style>\n#section_1662598810 {\n  padding-top: 30px;\n  padding-bottom: 30px;\n}\n<\/style>\n\t<\/section>\n\t\n","protected":false},"excerpt":{"rendered":"","protected":false},"author":4,"featured_media":0,"parent":0,"menu_order":0,"comment_status":"closed","ping_status":"closed","template":"page-blank.php","meta":{"nf_dc_page":"","_monsterinsights_skip_tracking":false,"_monsterinsights_sitenote_active":false,"_monsterinsights_sitenote_note":"","_monsterinsights_sitenote_category":0,"footnotes":""},"class_list":["post-6214","page","type-page","status-publish","hentry"],"yoast_head":"<!-- This site is optimized with the Yoast SEO plugin v27.4 - https:\/\/yoast.com\/product\/yoast-seo-wordpress\/ -->\n<title>Leandra Ca\u00efn - Ouragan A\u00e9ronautique<\/title>\n<meta name=\"robots\" content=\"index, follow, max-snippet:-1, max-image-preview:large, max-video-preview:-1\" \/>\n<link rel=\"canonical\" href=\"https:\/\/hurricaneaerospace.com\/fr\/leandra-cain\/\" \/>\n<meta property=\"og:locale\" content=\"fr_FR\" \/>\n<meta property=\"og:type\" content=\"article\" \/>\n<meta property=\"og:title\" content=\"Leandra Ca\u00efn - Ouragan A\u00e9ronautique\" \/>\n<meta property=\"og:url\" content=\"https:\/\/hurricaneaerospace.com\/fr\/leandra-cain\/\" \/>\n<meta property=\"og:site_name\" content=\"Ouragan A\u00e9ronautique\" \/>\n<meta property=\"article:publisher\" content=\"https:\/\/www.facebook.com\/HurricaneAerospaceSolutions\/\" \/>\n<meta property=\"article:modified_time\" content=\"2020-12-04T04:22:35+00:00\" \/>\n<meta name=\"twitter:card\" content=\"summary_large_image\" \/>\n<meta name=\"twitter:site\" content=\"@hurricaneaero\" \/>\n<meta name=\"twitter:label1\" content=\"Dur\u00e9e de lecture estim\u00e9e\" \/>\n\t<meta name=\"twitter:data1\" content=\"2 minutes\" \/>\n<script type=\"application\/ld+json\" class=\"yoast-schema-graph\">{\"@context\":\"https:\\\/\\\/schema.org\",\"@graph\":[{\"@type\":\"WebPage\",\"@id\":\"https:\\\/\\\/hurricaneaerospace.com\\\/fr\\\/leandra-cain\\\/\",\"url\":\"https:\\\/\\\/hurricaneaerospace.com\\\/fr\\\/leandra-cain\\\/\",\"name\":\"Leandra Ca\u00efn - Ouragan A\u00e9ronautique\",\"isPartOf\":{\"@id\":\"https:\\\/\\\/hurricaneaerospace.com\\\/fr\\\/#website\"},\"datePublished\":\"2020-08-19T20:23:37+00:00\",\"dateModified\":\"2020-12-04T04:22:35+00:00\",\"breadcrumb\":{\"@id\":\"https:\\\/\\\/hurricaneaerospace.com\\\/fr\\\/leandra-cain\\\/#breadcrumb\"},\"inLanguage\":\"fr-FR\",\"potentialAction\":[{\"@type\":\"ReadAction\",\"target\":[\"https:\\\/\\\/hurricaneaerospace.com\\\/fr\\\/leandra-cain\\\/\"]}]},{\"@type\":\"BreadcrumbList\",\"@id\":\"https:\\\/\\\/hurricaneaerospace.com\\\/fr\\\/leandra-cain\\\/#breadcrumb\",\"itemListElement\":[{\"@type\":\"ListItem\",\"position\":1,\"name\":\"Accueil\",\"item\":\"https:\\\/\\\/hurricaneaerospace.com\\\/fr\\\/\"},{\"@type\":\"ListItem\",\"position\":2,\"name\":\"Leandra Ca\u00efn\"}]},{\"@type\":\"WebSite\",\"@id\":\"https:\\\/\\\/hurricaneaerospace.com\\\/fr\\\/#website\",\"url\":\"https:\\\/\\\/hurricaneaerospace.com\\\/fr\\\/\",\"name\":\"Ouragan A\u00e9ronautique\",\"description\":\"Plus de 25 ans d\u2019exp\u00e9rience\",\"publisher\":{\"@id\":\"https:\\\/\\\/hurricaneaerospace.com\\\/fr\\\/#organization\"},\"potentialAction\":[{\"@type\":\"SearchAction\",\"target\":{\"@type\":\"EntryPoint\",\"urlTemplate\":\"https:\\\/\\\/hurricaneaerospace.com\\\/fr\\\/?s={search_term_string}\"},\"query-input\":{\"@type\":\"PropertyValueSpecification\",\"valueRequired\":true,\"valueName\":\"search_term_string\"}}],\"inLanguage\":\"fr-FR\"},{\"@type\":\"Organization\",\"@id\":\"https:\\\/\\\/hurricaneaerospace.com\\\/fr\\\/#organization\",\"name\":\"Hurricane Aerospace Solutions\",\"url\":\"https:\\\/\\\/hurricaneaerospace.com\\\/fr\\\/\",\"logo\":{\"@type\":\"ImageObject\",\"inLanguage\":\"fr-FR\",\"@id\":\"https:\\\/\\\/hurricaneaerospace.com\\\/fr\\\/#\\\/schema\\\/logo\\\/image\\\/\",\"url\":\"https:\\\/\\\/hurricaneaerospace.com\\\/wp-content\\\/uploads\\\/2019\\\/03\\\/Hurricane-Website-Logo-Retina-2019.png\",\"contentUrl\":\"https:\\\/\\\/hurricaneaerospace.com\\\/wp-content\\\/uploads\\\/2019\\\/03\\\/Hurricane-Website-Logo-Retina-2019.png\",\"width\":800,\"height\":482,\"caption\":\"Hurricane Aerospace Solutions\"},\"image\":{\"@id\":\"https:\\\/\\\/hurricaneaerospace.com\\\/fr\\\/#\\\/schema\\\/logo\\\/image\\\/\"},\"sameAs\":[\"https:\\\/\\\/www.facebook.com\\\/HurricaneAerospaceSolutions\\\/\",\"https:\\\/\\\/x.com\\\/hurricaneaero\",\"https:\\\/\\\/www.instagram.com\\\/hurricaneaerospacesolutions\\\/\",\"http:\\\/\\\/www.linkedin.com\\\/company\\\/hurricaneaerospacesolutions\\\/\"]}]}<\/script>\n<!-- \/ Yoast SEO plugin. -->","yoast_head_json":{"title":"Leandra Ca\u00efn - Ouragan A\u00e9ronautique","robots":{"index":"index","follow":"follow","max-snippet":"max-snippet:-1","max-image-preview":"max-image-preview:large","max-video-preview":"max-video-preview:-1"},"canonical":"https:\/\/hurricaneaerospace.com\/fr\/leandra-cain\/","og_locale":"fr_FR","og_type":"article","og_title":"Leandra Ca\u00efn - Ouragan A\u00e9ronautique","og_url":"https:\/\/hurricaneaerospace.com\/fr\/leandra-cain\/","og_site_name":"Ouragan A\u00e9ronautique","article_publisher":"https:\/\/www.facebook.com\/HurricaneAerospaceSolutions\/","article_modified_time":"2020-12-04T04:22:35+00:00","twitter_card":"summary_large_image","twitter_site":"@hurricaneaero","twitter_misc":{"Dur\u00e9e de lecture estim\u00e9e":"2 minutes"},"schema":{"@context":"https:\/\/schema.org","@graph":[{"@type":"WebPage","@id":"https:\/\/hurricaneaerospace.com\/fr\/leandra-cain\/","url":"https:\/\/hurricaneaerospace.com\/fr\/leandra-cain\/","name":"Leandra Ca\u00efn - Ouragan A\u00e9ronautique","isPartOf":{"@id":"https:\/\/hurricaneaerospace.com\/fr\/#website"},"datePublished":"2020-08-19T20:23:37+00:00","dateModified":"2020-12-04T04:22:35+00:00","breadcrumb":{"@id":"https:\/\/hurricaneaerospace.com\/fr\/leandra-cain\/#breadcrumb"},"inLanguage":"fr-FR","potentialAction":[{"@type":"ReadAction","target":["https:\/\/hurricaneaerospace.com\/fr\/leandra-cain\/"]}]},{"@type":"BreadcrumbList","@id":"https:\/\/hurricaneaerospace.com\/fr\/leandra-cain\/#breadcrumb","itemListElement":[{"@type":"ListItem","position":1,"name":"Accueil","item":"https:\/\/hurricaneaerospace.com\/fr\/"},{"@type":"ListItem","position":2,"name":"Leandra Ca\u00efn"}]},{"@type":"WebSite","@id":"https:\/\/hurricaneaerospace.com\/fr\/#website","url":"https:\/\/hurricaneaerospace.com\/fr\/","name":"Ouragan A\u00e9ronautique","description":"Plus de 25 ans d\u2019exp\u00e9rience","publisher":{"@id":"https:\/\/hurricaneaerospace.com\/fr\/#organization"},"potentialAction":[{"@type":"SearchAction","target":{"@type":"EntryPoint","urlTemplate":"https:\/\/hurricaneaerospace.com\/fr\/?s={search_term_string}"},"query-input":{"@type":"PropertyValueSpecification","valueRequired":true,"valueName":"search_term_string"}}],"inLanguage":"fr-FR"},{"@type":"Organization","@id":"https:\/\/hurricaneaerospace.com\/fr\/#organization","name":"Hurricane Aerospace Solutions","url":"https:\/\/hurricaneaerospace.com\/fr\/","logo":{"@type":"ImageObject","inLanguage":"fr-FR","@id":"https:\/\/hurricaneaerospace.com\/fr\/#\/schema\/logo\/image\/","url":"https:\/\/hurricaneaerospace.com\/wp-content\/uploads\/2019\/03\/Hurricane-Website-Logo-Retina-2019.png","contentUrl":"https:\/\/hurricaneaerospace.com\/wp-content\/uploads\/2019\/03\/Hurricane-Website-Logo-Retina-2019.png","width":800,"height":482,"caption":"Hurricane Aerospace Solutions"},"image":{"@id":"https:\/\/hurricaneaerospace.com\/fr\/#\/schema\/logo\/image\/"},"sameAs":["https:\/\/www.facebook.com\/HurricaneAerospaceSolutions\/","https:\/\/x.com\/hurricaneaero","https:\/\/www.instagram.com\/hurricaneaerospacesolutions\/","http:\/\/www.linkedin.com\/company\/hurricaneaerospacesolutions\/"]}]}},"_links":{"self":[{"href":"https:\/\/hurricaneaerospace.com\/fr\/wp-json\/wp\/v2\/pages\/6214","targetHints":{"allow":["GET"]}}],"collection":[{"href":"https:\/\/hurricaneaerospace.com\/fr\/wp-json\/wp\/v2\/pages"}],"about":[{"href":"https:\/\/hurricaneaerospace.com\/fr\/wp-json\/wp\/v2\/types\/page"}],"author":[{"embeddable":true,"href":"https:\/\/hurricaneaerospace.com\/fr\/wp-json\/wp\/v2\/users\/4"}],"replies":[{"embeddable":true,"href":"https:\/\/hurricaneaerospace.com\/fr\/wp-json\/wp\/v2\/comments?post=6214"}],"version-history":[{"count":7,"href":"https:\/\/hurricaneaerospace.com\/fr\/wp-json\/wp\/v2\/pages\/6214\/revisions"}],"predecessor-version":[{"id":7984,"href":"https:\/\/hurricaneaerospace.com\/fr\/wp-json\/wp\/v2\/pages\/6214\/revisions\/7984"}],"wp:attachment":[{"href":"https:\/\/hurricaneaerospace.com\/fr\/wp-json\/wp\/v2\/media?parent=6214"}],"curies":[{"name":"wp","href":"https:\/\/api.w.org\/{rel}","templated":true}]}}