{"id":6356,"date":"2020-08-19T20:35:11","date_gmt":"2020-08-19T20:35:11","guid":{"rendered":"https:\/\/hurricaneaerospace.com\/qui-sommes-nous\/"},"modified":"2022-02-11T03:16:18","modified_gmt":"2022-02-11T03:16:18","slug":"qui-sommes-nous","status":"publish","type":"page","link":"https:\/\/hurricaneaerospace.com\/fr\/qui-sommes-nous\/","title":{"rendered":"Qui sommes-nous"},"content":{"rendered":"\n\t<section class=\"section dark\" id=\"section_997684031\">\n\t\t<div class=\"section-bg fill\" >\n\t\t\t<img loading=\"lazy\" decoding=\"async\" width=\"2000\" height=\"1333\" src=\"https:\/\/hurricaneaerospace.com\/wp-content\/uploads\/2019\/03\/shutterstock_1084292654.jpg\" class=\"bg attachment- size-\" alt=\"\" \/>\t\t\t\t\t\t<div class=\"section-bg-overlay absolute fill\"><\/div>\n\t\t\t\n\n\t\t<\/div>\n\n\t\t\n\n\t\t<div class=\"section-content relative\">\n\t\t\t\n<div class=\"row align-middle\"  id=\"row-1704409747\">\n\n\t<div id=\"col-394792971\" class=\"col medium-6 small-12 large-6\"  >\n\t\t\t\t<div class=\"col-inner\"  >\n\t\t\t\n\t\t\t\n<h1>We Are Hurricane Aerospace Solutions<\/h1>\n<p class=\"lead\">Hurricane Aerospace Solutions has over 75 combined years of experience sourcing hard-to-find, long lead time, ground support equipment, and obsolete components for the Aviation, Defense, and Maritime industries.<\/p>\n<p>\n<a href=\"https:\/\/hurricaneaerospace.com\/fr\/demander-un-devis\/\" class=\"button white\" >\n\t\t<span>Demander un devis<\/span>\n\t<\/a>\n\n<a href=\"\/contact-us\/\" class=\"button secondary\" >\n\t\t<span>Contactez-nous<\/span>\n\t<\/a>\n\n\t\t<\/div>\n\t\t\t\t\t<\/div>\n\n\t\n\n\t<div id=\"col-477077041\" class=\"col medium-6 small-12 large-6\"  >\n\t\t\t\t<div class=\"col-inner\"  >\n\t\t\t\n\t\t\t\n<div class=\"video video-fit mb\" style=\"padding-top:56.25%;\"><p><iframe loading=\"lazy\" title=\"Leandracain 11 oct 2014\" width=\"1020\" height=\"574\" src=\"https:\/\/www.youtube.com\/embed\/dcIJ0Kx-VJE?feature=oembed\" frameborder=\"0\" allow=\"accelerometer; autoplay; encrypted-media; gyroscope; picture-in-picture\" allowfullscreen><\/iframe><\/p>\n<\/div>\n\t\t<\/div>\n\t\t\t\t\t<\/div>\n\n\t\n<\/div>\n\t\t<\/div>\n\n\t\t\n<style>\n#section_997684031 {\n  padding-top: 50px;\n  padding-bottom: 50px;\n  min-height: 1px;\n}\n#section_997684031 .section-bg-overlay {\n  background-color: rgba(27, 64, 128, 0.53);\n}\n<\/style>\n\t<\/section>\n\t\n<div class=\"row\"  id=\"row-101334395\">\n\n\t<div id=\"col-1158512654\" class=\"col medium-6 small-12 large-6\"  >\n\t\t\t\t<div class=\"col-inner\"  >\n\t\t\t\n\t\t\t\n<h2>Our Company<\/h2>\n<p>Hurricane Aerospace Solutions is committed to continuous investment in technology to keep the staff current with training. The Company\u2019s goal is to develop the skill sets in their team necessary to sustain long careers in the Aerospace industry. The Aviation, Defense, and Maritime communities ever changing market demands require our team to continually enhance and developed its\u2019 capabilities. Hurricane is also committed to maintaining the highest standards of honesty, ethics, and integrity in the workplace and with our clientele base.<\/p>\n<p>Hurricane Aerospace Solutions prides itself in maintaining a well-trained, happy workforce. We continue to invest, improve, and develop our processes and footprint to be eco-friendly. At the same time, the Team at Hurricane Aerospace Solutions always ensures conformance to customer specification, requirements, and regulations.<\/p>\n\t\t<\/div>\n\t\t\t\t\t<\/div>\n\n\t\n\n\t<div id=\"col-2013089270\" class=\"col medium-6 small-12 large-6\"  >\n\t\t\t\t<div class=\"col-inner\"  >\n\t\t\t\n\t\t\t\n<p><strong>Les solutions personnalis\u00e9es adapt\u00e9es aux besoins des clients peuvent comprendre :<\/strong><\/p>\n<ul>\n<li>Conditions: FN, NE, NS, SV, RP, OH<\/li>\n<li>Tra\u00e7abilit\u00e9 : r\u00e9pondre ou d\u00e9passer les besoins du client<\/li>\n<li>Options de quantit\u00e9 : petite course et grande course<\/li>\n<li>Solutions de livraison personnalis\u00e9es con\u00e7ues pour r\u00e9pondre aux besoins des clients, y compris le service le jour m\u00eame ou la livraison personnelle<\/li>\n<li>Solutions d\u2019essai et de mesure sp\u00e9cialis\u00e9es<\/li>\n<\/ul>\n<p>Hurricane Aerospace Solutions facilite le travail avec nos multiples clients en acceptant les cartes Visa, MC, AMEX et gouvernement. Apr\u00e8s v\u00e9rification appropri\u00e9e, les clients peuvent demander des conditions de cr\u00e9dit apr\u00e8s que la commande initiale est termin\u00e9e par carte de cr\u00e9dit ou COD.<\/p>\n\t\t<\/div>\n\t\t\t\t\t<\/div>\n\n\t\n<\/div>\n<div class=\"row\"  id=\"row-341875726\">\n\n\t<div id=\"col-2112305903\" class=\"col medium-4 small-12 large-4\"  >\n\t\t\t\t<div class=\"col-inner\"  >\n\t\t\t\n\t\t\t\n\t\t<\/div>\n\t\t\t\t\t<\/div>\n\n\t\n\n\t<div id=\"col-365313320\" class=\"col medium-4 small-12 large-4\"  >\n\t\t\t\t<div class=\"col-inner text-center\"  >\n\t\t\t\n\t\t\t\n<a href=\"https:\/\/hurricaneaerospace.com\/our-team\/\" class=\"button primary\" >\n\t\t<span>Rencontrez notre \u00e9quipe<\/span>\n\t<\/a>\n\n\t\t<\/div>\n\t\t\t\t\t<\/div>\n\n\t\n\n\t<div id=\"col-1409250165\" class=\"col medium-4 small-12 large-4\"  >\n\t\t\t\t<div class=\"col-inner\"  >\n\t\t\t\n\t\t\t\n\t\t<\/div>\n\t\t\t\t\t<\/div>\n\n\t\n<\/div>\n\n\t<section class=\"section\" id=\"section_1066715334\">\n\t\t<div class=\"section-bg fill\" >\n\t\t\t\t\t\t\t\t\t\n\t\t\t\n\n\t\t<\/div>\n\n\t\t\n\n\t\t<div class=\"section-content relative\">\n\t\t\t\n<div class=\"row\"  id=\"row-636255149\">\n\n\t<div id=\"col-677143443\" class=\"col small-12 large-12\"  >\n\t\t\t\t<div class=\"col-inner\"  >\n\t\t\t\n\t\t\t\n<p><strong>Hurricane Aerospace Solutions\u00a0<\/strong>commitment to our customers and associates to continually strive for excellence in these and other areas required to assure their and our own success.<\/p>\n<p>Due to the nature of service we provide for our clients we have a very easy process that we adhere to companywide. Upon <a href=\"https:\/\/hurricaneaerospace.com\/request-quote\/\">Request for Quotes<\/a> the communication to our clients begins. Solutions and all potential project details will be transmitted and answered via a company network on a company quote documented with a referenced Quote # easily retrievable and valid for thirty days unless otherwise specified in the quote. The document is a formal reply outlining solutions to the requestor clearly annotating the Product Description and Part Number.<\/p>\n<p>\u00a0<\/p>\n\t\t<\/div>\n\t\t\t\t\t<\/div>\n\n\t\n<\/div>\n\t\t<\/div>\n\n\t\t\n<style>\n#section_1066715334 {\n  padding-top: 30px;\n  padding-bottom: 30px;\n  background-color: rgb(248, 253, 255);\n}\n<\/style>\n\t<\/section>\n\t\n<\/p>\n<p>&nbsp;<\/p>\n","protected":false},"excerpt":{"rendered":"<p>&nbsp;<\/p>\n","protected":false},"author":4,"featured_media":0,"parent":0,"menu_order":0,"comment_status":"closed","ping_status":"closed","template":"page-blank.php","meta":{"nf_dc_page":"","_monsterinsights_skip_tracking":false,"_monsterinsights_sitenote_active":false,"_monsterinsights_sitenote_note":"","_monsterinsights_sitenote_category":0,"footnotes":""},"class_list":["post-6356","page","type-page","status-publish","hentry"],"yoast_head":"<!-- This site is optimized with the Yoast SEO plugin v27.4 - https:\/\/yoast.com\/product\/yoast-seo-wordpress\/ -->\n<title>Qui sommes-nous - Ouragan A\u00e9ronautique Solution<\/title>\n<meta name=\"description\" content=\"Plus de 75 ann\u00e9es d\u2019exp\u00e9rience combin\u00e9es dans l\u2019approvisionnement en composants difficiles \u00e0 trouver, \u00e0 long terme et obsol\u00e8tes pour les industries de l\u2019aviation, de la D\u00e9fense et des Maritimes.\" \/>\n<meta name=\"robots\" content=\"index, follow, max-snippet:-1, max-image-preview:large, max-video-preview:-1\" \/>\n<link rel=\"canonical\" href=\"https:\/\/hurricaneaerospace.com\/fr\/qui-sommes-nous\/\" \/>\n<meta property=\"og:locale\" content=\"fr_FR\" \/>\n<meta property=\"og:type\" content=\"article\" \/>\n<meta property=\"og:title\" content=\"Qui sommes-nous - Ouragan A\u00e9ronautique Solution\" \/>\n<meta property=\"og:description\" content=\"Plus de 75 ann\u00e9es d\u2019exp\u00e9rience combin\u00e9es dans l\u2019approvisionnement en composants difficiles \u00e0 trouver, \u00e0 long terme et obsol\u00e8tes pour les industries de l\u2019aviation, de la D\u00e9fense et des Maritimes.\" \/>\n<meta property=\"og:url\" content=\"https:\/\/hurricaneaerospace.com\/fr\/qui-sommes-nous\/\" \/>\n<meta property=\"og:site_name\" content=\"Ouragan A\u00e9ronautique\" \/>\n<meta property=\"article:publisher\" content=\"https:\/\/www.facebook.com\/HurricaneAerospaceSolutions\/\" \/>\n<meta property=\"article:modified_time\" content=\"2022-02-11T03:16:18+00:00\" \/>\n<meta name=\"twitter:card\" content=\"summary_large_image\" \/>\n<meta name=\"twitter:site\" content=\"@hurricaneaero\" \/>\n<meta name=\"twitter:label1\" content=\"Dur\u00e9e de lecture estim\u00e9e\" \/>\n\t<meta name=\"twitter:data1\" content=\"3 minutes\" \/>\n<script type=\"application\/ld+json\" class=\"yoast-schema-graph\">{\"@context\":\"https:\\\/\\\/schema.org\",\"@graph\":[{\"@type\":\"WebPage\",\"@id\":\"https:\\\/\\\/hurricaneaerospace.com\\\/fr\\\/qui-sommes-nous\\\/\",\"url\":\"https:\\\/\\\/hurricaneaerospace.com\\\/fr\\\/qui-sommes-nous\\\/\",\"name\":\"Qui sommes-nous - Ouragan A\u00e9ronautique Solution\",\"isPartOf\":{\"@id\":\"https:\\\/\\\/hurricaneaerospace.com\\\/fr\\\/#website\"},\"datePublished\":\"2020-08-19T20:35:11+00:00\",\"dateModified\":\"2022-02-11T03:16:18+00:00\",\"description\":\"Plus de 75 ann\u00e9es d\u2019exp\u00e9rience combin\u00e9es dans l\u2019approvisionnement en composants difficiles \u00e0 trouver, \u00e0 long terme et obsol\u00e8tes pour les industries de l\u2019aviation, de la D\u00e9fense et des Maritimes.\",\"breadcrumb\":{\"@id\":\"https:\\\/\\\/hurricaneaerospace.com\\\/fr\\\/qui-sommes-nous\\\/#breadcrumb\"},\"inLanguage\":\"fr-FR\",\"potentialAction\":[{\"@type\":\"ReadAction\",\"target\":[\"https:\\\/\\\/hurricaneaerospace.com\\\/fr\\\/qui-sommes-nous\\\/\"]}]},{\"@type\":\"BreadcrumbList\",\"@id\":\"https:\\\/\\\/hurricaneaerospace.com\\\/fr\\\/qui-sommes-nous\\\/#breadcrumb\",\"itemListElement\":[{\"@type\":\"ListItem\",\"position\":1,\"name\":\"Accueil\",\"item\":\"https:\\\/\\\/hurricaneaerospace.com\\\/fr\\\/\"},{\"@type\":\"ListItem\",\"position\":2,\"name\":\"Qui sommes-nous\"}]},{\"@type\":\"WebSite\",\"@id\":\"https:\\\/\\\/hurricaneaerospace.com\\\/fr\\\/#website\",\"url\":\"https:\\\/\\\/hurricaneaerospace.com\\\/fr\\\/\",\"name\":\"Ouragan A\u00e9ronautique\",\"description\":\"Plus de 25 ans d\u2019exp\u00e9rience\",\"publisher\":{\"@id\":\"https:\\\/\\\/hurricaneaerospace.com\\\/fr\\\/#organization\"},\"potentialAction\":[{\"@type\":\"SearchAction\",\"target\":{\"@type\":\"EntryPoint\",\"urlTemplate\":\"https:\\\/\\\/hurricaneaerospace.com\\\/fr\\\/?s={search_term_string}\"},\"query-input\":{\"@type\":\"PropertyValueSpecification\",\"valueRequired\":true,\"valueName\":\"search_term_string\"}}],\"inLanguage\":\"fr-FR\"},{\"@type\":\"Organization\",\"@id\":\"https:\\\/\\\/hurricaneaerospace.com\\\/fr\\\/#organization\",\"name\":\"Hurricane Aerospace Solutions\",\"url\":\"https:\\\/\\\/hurricaneaerospace.com\\\/fr\\\/\",\"logo\":{\"@type\":\"ImageObject\",\"inLanguage\":\"fr-FR\",\"@id\":\"https:\\\/\\\/hurricaneaerospace.com\\\/fr\\\/#\\\/schema\\\/logo\\\/image\\\/\",\"url\":\"https:\\\/\\\/hurricaneaerospace.com\\\/wp-content\\\/uploads\\\/2019\\\/03\\\/Hurricane-Website-Logo-Retina-2019.png\",\"contentUrl\":\"https:\\\/\\\/hurricaneaerospace.com\\\/wp-content\\\/uploads\\\/2019\\\/03\\\/Hurricane-Website-Logo-Retina-2019.png\",\"width\":800,\"height\":482,\"caption\":\"Hurricane Aerospace Solutions\"},\"image\":{\"@id\":\"https:\\\/\\\/hurricaneaerospace.com\\\/fr\\\/#\\\/schema\\\/logo\\\/image\\\/\"},\"sameAs\":[\"https:\\\/\\\/www.facebook.com\\\/HurricaneAerospaceSolutions\\\/\",\"https:\\\/\\\/x.com\\\/hurricaneaero\",\"https:\\\/\\\/www.instagram.com\\\/hurricaneaerospacesolutions\\\/\",\"http:\\\/\\\/www.linkedin.com\\\/company\\\/hurricaneaerospacesolutions\\\/\"]}]}<\/script>\n<!-- \/ Yoast SEO plugin. -->","yoast_head_json":{"title":"Qui sommes-nous - Ouragan A\u00e9ronautique Solution","description":"Plus de 75 ann\u00e9es d\u2019exp\u00e9rience combin\u00e9es dans l\u2019approvisionnement en composants difficiles \u00e0 trouver, \u00e0 long terme et obsol\u00e8tes pour les industries de l\u2019aviation, de la D\u00e9fense et des Maritimes.","robots":{"index":"index","follow":"follow","max-snippet":"max-snippet:-1","max-image-preview":"max-image-preview:large","max-video-preview":"max-video-preview:-1"},"canonical":"https:\/\/hurricaneaerospace.com\/fr\/qui-sommes-nous\/","og_locale":"fr_FR","og_type":"article","og_title":"Qui sommes-nous - Ouragan A\u00e9ronautique Solution","og_description":"Plus de 75 ann\u00e9es d\u2019exp\u00e9rience combin\u00e9es dans l\u2019approvisionnement en composants difficiles \u00e0 trouver, \u00e0 long terme et obsol\u00e8tes pour les industries de l\u2019aviation, de la D\u00e9fense et des Maritimes.","og_url":"https:\/\/hurricaneaerospace.com\/fr\/qui-sommes-nous\/","og_site_name":"Ouragan A\u00e9ronautique","article_publisher":"https:\/\/www.facebook.com\/HurricaneAerospaceSolutions\/","article_modified_time":"2022-02-11T03:16:18+00:00","twitter_card":"summary_large_image","twitter_site":"@hurricaneaero","twitter_misc":{"Dur\u00e9e de lecture estim\u00e9e":"3 minutes"},"schema":{"@context":"https:\/\/schema.org","@graph":[{"@type":"WebPage","@id":"https:\/\/hurricaneaerospace.com\/fr\/qui-sommes-nous\/","url":"https:\/\/hurricaneaerospace.com\/fr\/qui-sommes-nous\/","name":"Qui sommes-nous - Ouragan A\u00e9ronautique Solution","isPartOf":{"@id":"https:\/\/hurricaneaerospace.com\/fr\/#website"},"datePublished":"2020-08-19T20:35:11+00:00","dateModified":"2022-02-11T03:16:18+00:00","description":"Plus de 75 ann\u00e9es d\u2019exp\u00e9rience combin\u00e9es dans l\u2019approvisionnement en composants difficiles \u00e0 trouver, \u00e0 long terme et obsol\u00e8tes pour les industries de l\u2019aviation, de la D\u00e9fense et des Maritimes.","breadcrumb":{"@id":"https:\/\/hurricaneaerospace.com\/fr\/qui-sommes-nous\/#breadcrumb"},"inLanguage":"fr-FR","potentialAction":[{"@type":"ReadAction","target":["https:\/\/hurricaneaerospace.com\/fr\/qui-sommes-nous\/"]}]},{"@type":"BreadcrumbList","@id":"https:\/\/hurricaneaerospace.com\/fr\/qui-sommes-nous\/#breadcrumb","itemListElement":[{"@type":"ListItem","position":1,"name":"Accueil","item":"https:\/\/hurricaneaerospace.com\/fr\/"},{"@type":"ListItem","position":2,"name":"Qui sommes-nous"}]},{"@type":"WebSite","@id":"https:\/\/hurricaneaerospace.com\/fr\/#website","url":"https:\/\/hurricaneaerospace.com\/fr\/","name":"Ouragan A\u00e9ronautique","description":"Plus de 25 ans d\u2019exp\u00e9rience","publisher":{"@id":"https:\/\/hurricaneaerospace.com\/fr\/#organization"},"potentialAction":[{"@type":"SearchAction","target":{"@type":"EntryPoint","urlTemplate":"https:\/\/hurricaneaerospace.com\/fr\/?s={search_term_string}"},"query-input":{"@type":"PropertyValueSpecification","valueRequired":true,"valueName":"search_term_string"}}],"inLanguage":"fr-FR"},{"@type":"Organization","@id":"https:\/\/hurricaneaerospace.com\/fr\/#organization","name":"Hurricane Aerospace Solutions","url":"https:\/\/hurricaneaerospace.com\/fr\/","logo":{"@type":"ImageObject","inLanguage":"fr-FR","@id":"https:\/\/hurricaneaerospace.com\/fr\/#\/schema\/logo\/image\/","url":"https:\/\/hurricaneaerospace.com\/wp-content\/uploads\/2019\/03\/Hurricane-Website-Logo-Retina-2019.png","contentUrl":"https:\/\/hurricaneaerospace.com\/wp-content\/uploads\/2019\/03\/Hurricane-Website-Logo-Retina-2019.png","width":800,"height":482,"caption":"Hurricane Aerospace Solutions"},"image":{"@id":"https:\/\/hurricaneaerospace.com\/fr\/#\/schema\/logo\/image\/"},"sameAs":["https:\/\/www.facebook.com\/HurricaneAerospaceSolutions\/","https:\/\/x.com\/hurricaneaero","https:\/\/www.instagram.com\/hurricaneaerospacesolutions\/","http:\/\/www.linkedin.com\/company\/hurricaneaerospacesolutions\/"]}]}},"_links":{"self":[{"href":"https:\/\/hurricaneaerospace.com\/fr\/wp-json\/wp\/v2\/pages\/6356","targetHints":{"allow":["GET"]}}],"collection":[{"href":"https:\/\/hurricaneaerospace.com\/fr\/wp-json\/wp\/v2\/pages"}],"about":[{"href":"https:\/\/hurricaneaerospace.com\/fr\/wp-json\/wp\/v2\/types\/page"}],"author":[{"embeddable":true,"href":"https:\/\/hurricaneaerospace.com\/fr\/wp-json\/wp\/v2\/users\/4"}],"replies":[{"embeddable":true,"href":"https:\/\/hurricaneaerospace.com\/fr\/wp-json\/wp\/v2\/comments?post=6356"}],"version-history":[{"count":18,"href":"https:\/\/hurricaneaerospace.com\/fr\/wp-json\/wp\/v2\/pages\/6356\/revisions"}],"predecessor-version":[{"id":9726,"href":"https:\/\/hurricaneaerospace.com\/fr\/wp-json\/wp\/v2\/pages\/6356\/revisions\/9726"}],"wp:attachment":[{"href":"https:\/\/hurricaneaerospace.com\/fr\/wp-json\/wp\/v2\/media?parent=6356"}],"curies":[{"name":"wp","href":"https:\/\/api.w.org\/{rel}","templated":true}]}}