{"id":6454,"date":"2020-08-19T20:38:14","date_gmt":"2020-08-19T20:38:14","guid":{"rendered":"https:\/\/hurricaneaerospace.com\/programme-des-partenaires\/"},"modified":"2020-12-04T04:29:44","modified_gmt":"2020-12-04T04:29:44","slug":"programme-des-partenaires","status":"publish","type":"page","link":"https:\/\/hurricaneaerospace.com\/fr\/programme-des-partenaires\/","title":{"rendered":"Programme des partenaires"},"content":{"rendered":"\n\t<section class=\"section dark\" id=\"section_240632095\">\n\t\t<div class=\"section-bg fill\" >\n\t\t\t<img loading=\"lazy\" decoding=\"async\" width=\"2000\" height=\"1331\" src=\"https:\/\/hurricaneaerospace.com\/wp-content\/uploads\/2019\/03\/shutterstock_208009339.jpg\" class=\"bg attachment- size-\" alt=\"shutterstock_208009339\" \/>\t\t\t\t\t\t<div class=\"section-bg-overlay absolute fill\"><\/div>\n\t\t\t\n\n\t\t<\/div>\n\n\t\t\n\n\t\t<div class=\"section-content relative\">\n\t\t\t\n<div class=\"row\"  id=\"row-1817606870\">\n\n\t<div id=\"col-1858772109\" class=\"col small-12 large-12\"  >\n\t\t\t\t<div class=\"col-inner text-center\"  >\n\t\t\t\n\t\t\t\n<div class=\"container section-title-container\" style=\"margin-top:0px;margin-bottom:0px;\"><h1 class=\"section-title section-title-center\"><b aria-hidden=\"true\"><\/b><span class=\"section-title-main\" >Devenir partenaire<\/span><b aria-hidden=\"true\"><\/b><\/h1><\/div>\n<p class=\"lead\">Vos solutions a\u00e9rospatiales<\/p>\n\t\t<\/div>\n\t\t\t\t\n<style>\n#col-1858772109 > .col-inner {\n  padding: 0px 0px 0px 0;\n  margin: 0 0px 0px 0px;\n}\n<\/style>\n\t<\/div>\n\n\t\n<\/div>\n\t\t<\/div>\n\n\t\t\n<style>\n#section_240632095 {\n  padding-top: 30px;\n  padding-bottom: 30px;\n}\n#section_240632095 .section-bg-overlay {\n  background-color: rgba(27, 64, 128, 0.57);\n}\n<\/style>\n\t<\/section>\n\t\n<div class=\"row\"  id=\"row-2109670373\">\n\n\t<div id=\"col-33279488\" class=\"col medium-6 small-12 large-6\"  >\n\t\t\t\t<div class=\"col-inner\"  >\n\t\t\t\n\t\t\t\n<h1>Initiative de partenariat strat\u00e9gique pour l\u2019ouragan Aerospace<\/h1>\n<p>Hurricane Aerospace Strategic Partnership Initiative est con\u00e7u pour aider les grands et les petits fabricants \u00e0 vendre des produits au minist\u00e8re de la D\u00e9fense et \u00e0 leurs principaux entrepreneurs et agences \u00e9trang\u00e8res. Le gouvernement f\u00e9d\u00e9ral a fix\u00e9 des objectifs annuels de passation de march\u00e9s de premier choix pour les petites entreprises d\u00e9sign\u00e9es. L\u2019objectif actuel du gouvernement en mati\u00e8re d\u2019approvisionnement \u00e0 l\u2019\u00e9chelle du gouvernement stipule qu\u2019au moins 23 % de tous les fonds contractuels du gouvernement f\u00e9d\u00e9ral devraient \u00eatre attribu\u00e9s aux petites entreprises.<\/p>\n<p>Saviez-vous que les entreprises qui font affaire directement ou indirectement avec le gouvernement f\u00e9d\u00e9ral sont tenues d\u2019attribuer 3 % de leurs activit\u00e9s aux fournisseurs de HUBZone?<\/p>\n<p>Saviez-vous que les entreprises qui font affaire directement ou indirectement avec le gouvernement f\u00e9d\u00e9ral sont tenues d\u2019attribuer 5 % de leur entreprise \u00e0 des fournisseurs de petites entreprises appartenant \u00e0 des femmes?<\/p>\n<p><strong>Saviez-vous que les entreprises qui font affaire directement ou indirectement avec le gouvernement f\u00e9d\u00e9ral sont tenues d\u2019attribuer 3 % de leur entreprise aux petites entreprises d\u00e9favoris\u00e9es?<\/strong><\/p>\n<ul>\n<li>Petites entreprises appartenant \u00e0 des femmes \u2013 5 %<\/li>\n<li>Petites entreprises d\u00e9favoris\u00e9es \u2013 5 %<\/li>\n<li>HUBZone &#8211; 3%<\/li>\n<\/ul>\n<p>Avez-vous un partenaire de la cha\u00eene d\u2019approvisionnement pour les march\u00e9s f\u00e9d\u00e9raux? Hurricane Aerospace Solutions peut fournir une proposition de valeur exceptionnelle. Nous desservons les march\u00e9s mondiaux et pouvons augmenter les ventes des principaux et des sous-traitants. Hurricane est un distributeur \u00e0 valeur ajout\u00e9e \u00e0 service complet (Kitting, Specialty Packing et Export Compliance).<\/p>\n<p>Hurricane Aerospace Solutions peut augmenter les prix des contrats f\u00e9d\u00e9raux. L\u2019\u00e9quipe des ouragans a des relations \u00e0 long terme avec la cha\u00eene d\u2019approvisionnement. Nous pouvons aider \u00e0 r\u00e9duire la prospection, les co\u00fbts de commercialisation et la protection de la propri\u00e9t\u00e9 intellectuelle.<\/p>\n\t\t<\/div>\n\t\t\t\t\t<\/div>\n\n\t\n\n\t<div id=\"col-524331148\" class=\"col medium-6 small-12 large-6\"  >\n\t\t\t\t<div class=\"col-inner\" style=\"background-color:rgb(240, 248, 255);\" >\n\t\t\t\n\t\t\t\n<div class=\"container section-title-container\" ><h3 class=\"section-title section-title-normal\"><b aria-hidden=\"true\"><\/b><span class=\"section-title-main\" >Joignez-vous au programme<\/span><b aria-hidden=\"true\"><\/b><\/h3><\/div>\n<noscript class=\"ninja-forms-noscript-message\">\n\tRemarque\u00a0: JavaScript est requis pour ce contenu.<\/noscript>\nCe formulaire est actuellement en maintenance. Veuillez r\u00e9essayer plus tard.\n\t\t<\/div>\n\t\t\t\t\n<style>\n#col-524331148 > .col-inner {\n  padding: 5% 5% 5% 5%;\n}\n<\/style>\n\t<\/div>\n\n\t\n<\/div>\n","protected":false},"excerpt":{"rendered":"","protected":false},"author":4,"featured_media":0,"parent":0,"menu_order":0,"comment_status":"closed","ping_status":"closed","template":"page-blank.php","meta":{"nf_dc_page":"","_monsterinsights_skip_tracking":false,"_monsterinsights_sitenote_active":false,"_monsterinsights_sitenote_note":"","_monsterinsights_sitenote_category":0,"footnotes":""},"class_list":["post-6454","page","type-page","status-publish","hentry"],"yoast_head":"<!-- This site is optimized with the Yoast SEO plugin v27.4 - https:\/\/yoast.com\/product\/yoast-seo-wordpress\/ -->\n<title>Programme des partenaires - Ouragan A\u00e9ronautique<\/title>\n<meta name=\"description\" content=\"Con\u00e7u pour aider les petits et grands fabricants \u00e0 vendre des produits au minist\u00e8re de la D\u00e9fense et \u00e0 leurs principaux entrepreneurs et agences \u00e9trang\u00e8res\" \/>\n<meta name=\"robots\" content=\"index, follow, max-snippet:-1, max-image-preview:large, max-video-preview:-1\" \/>\n<link rel=\"canonical\" href=\"https:\/\/hurricaneaerospace.com\/fr\/programme-des-partenaires\/\" \/>\n<meta property=\"og:locale\" content=\"fr_FR\" \/>\n<meta property=\"og:type\" content=\"article\" \/>\n<meta property=\"og:title\" content=\"Programme des partenaires - Ouragan A\u00e9ronautique\" \/>\n<meta property=\"og:description\" content=\"Con\u00e7u pour aider les petits et grands fabricants \u00e0 vendre des produits au minist\u00e8re de la D\u00e9fense et \u00e0 leurs principaux entrepreneurs et agences \u00e9trang\u00e8res\" \/>\n<meta property=\"og:url\" content=\"https:\/\/hurricaneaerospace.com\/fr\/programme-des-partenaires\/\" \/>\n<meta property=\"og:site_name\" content=\"Ouragan A\u00e9ronautique\" \/>\n<meta property=\"article:publisher\" content=\"https:\/\/www.facebook.com\/HurricaneAerospaceSolutions\/\" \/>\n<meta property=\"article:modified_time\" content=\"2020-12-04T04:29:44+00:00\" \/>\n<meta name=\"twitter:card\" content=\"summary_large_image\" \/>\n<meta name=\"twitter:site\" content=\"@hurricaneaero\" \/>\n<meta name=\"twitter:label1\" content=\"Dur\u00e9e de lecture estim\u00e9e\" \/>\n\t<meta name=\"twitter:data1\" content=\"2 minutes\" \/>\n<script type=\"application\/ld+json\" class=\"yoast-schema-graph\">{\"@context\":\"https:\\\/\\\/schema.org\",\"@graph\":[{\"@type\":\"WebPage\",\"@id\":\"https:\\\/\\\/hurricaneaerospace.com\\\/fr\\\/programme-des-partenaires\\\/\",\"url\":\"https:\\\/\\\/hurricaneaerospace.com\\\/fr\\\/programme-des-partenaires\\\/\",\"name\":\"Programme des partenaires - Ouragan A\u00e9ronautique\",\"isPartOf\":{\"@id\":\"https:\\\/\\\/hurricaneaerospace.com\\\/fr\\\/#website\"},\"datePublished\":\"2020-08-19T20:38:14+00:00\",\"dateModified\":\"2020-12-04T04:29:44+00:00\",\"description\":\"Con\u00e7u pour aider les petits et grands fabricants \u00e0 vendre des produits au minist\u00e8re de la D\u00e9fense et \u00e0 leurs principaux entrepreneurs et agences \u00e9trang\u00e8res\",\"breadcrumb\":{\"@id\":\"https:\\\/\\\/hurricaneaerospace.com\\\/fr\\\/programme-des-partenaires\\\/#breadcrumb\"},\"inLanguage\":\"fr-FR\",\"potentialAction\":[{\"@type\":\"ReadAction\",\"target\":[\"https:\\\/\\\/hurricaneaerospace.com\\\/fr\\\/programme-des-partenaires\\\/\"]}]},{\"@type\":\"BreadcrumbList\",\"@id\":\"https:\\\/\\\/hurricaneaerospace.com\\\/fr\\\/programme-des-partenaires\\\/#breadcrumb\",\"itemListElement\":[{\"@type\":\"ListItem\",\"position\":1,\"name\":\"Accueil\",\"item\":\"https:\\\/\\\/hurricaneaerospace.com\\\/fr\\\/\"},{\"@type\":\"ListItem\",\"position\":2,\"name\":\"Programme des partenaires\"}]},{\"@type\":\"WebSite\",\"@id\":\"https:\\\/\\\/hurricaneaerospace.com\\\/fr\\\/#website\",\"url\":\"https:\\\/\\\/hurricaneaerospace.com\\\/fr\\\/\",\"name\":\"Ouragan A\u00e9ronautique\",\"description\":\"Plus de 25 ans d\u2019exp\u00e9rience\",\"publisher\":{\"@id\":\"https:\\\/\\\/hurricaneaerospace.com\\\/fr\\\/#organization\"},\"potentialAction\":[{\"@type\":\"SearchAction\",\"target\":{\"@type\":\"EntryPoint\",\"urlTemplate\":\"https:\\\/\\\/hurricaneaerospace.com\\\/fr\\\/?s={search_term_string}\"},\"query-input\":{\"@type\":\"PropertyValueSpecification\",\"valueRequired\":true,\"valueName\":\"search_term_string\"}}],\"inLanguage\":\"fr-FR\"},{\"@type\":\"Organization\",\"@id\":\"https:\\\/\\\/hurricaneaerospace.com\\\/fr\\\/#organization\",\"name\":\"Hurricane Aerospace Solutions\",\"url\":\"https:\\\/\\\/hurricaneaerospace.com\\\/fr\\\/\",\"logo\":{\"@type\":\"ImageObject\",\"inLanguage\":\"fr-FR\",\"@id\":\"https:\\\/\\\/hurricaneaerospace.com\\\/fr\\\/#\\\/schema\\\/logo\\\/image\\\/\",\"url\":\"https:\\\/\\\/hurricaneaerospace.com\\\/wp-content\\\/uploads\\\/2019\\\/03\\\/Hurricane-Website-Logo-Retina-2019.png\",\"contentUrl\":\"https:\\\/\\\/hurricaneaerospace.com\\\/wp-content\\\/uploads\\\/2019\\\/03\\\/Hurricane-Website-Logo-Retina-2019.png\",\"width\":800,\"height\":482,\"caption\":\"Hurricane Aerospace Solutions\"},\"image\":{\"@id\":\"https:\\\/\\\/hurricaneaerospace.com\\\/fr\\\/#\\\/schema\\\/logo\\\/image\\\/\"},\"sameAs\":[\"https:\\\/\\\/www.facebook.com\\\/HurricaneAerospaceSolutions\\\/\",\"https:\\\/\\\/x.com\\\/hurricaneaero\",\"https:\\\/\\\/www.instagram.com\\\/hurricaneaerospacesolutions\\\/\",\"http:\\\/\\\/www.linkedin.com\\\/company\\\/hurricaneaerospacesolutions\\\/\"]}]}<\/script>\n<!-- \/ Yoast SEO plugin. -->","yoast_head_json":{"title":"Programme des partenaires - Ouragan A\u00e9ronautique","description":"Con\u00e7u pour aider les petits et grands fabricants \u00e0 vendre des produits au minist\u00e8re de la D\u00e9fense et \u00e0 leurs principaux entrepreneurs et agences \u00e9trang\u00e8res","robots":{"index":"index","follow":"follow","max-snippet":"max-snippet:-1","max-image-preview":"max-image-preview:large","max-video-preview":"max-video-preview:-1"},"canonical":"https:\/\/hurricaneaerospace.com\/fr\/programme-des-partenaires\/","og_locale":"fr_FR","og_type":"article","og_title":"Programme des partenaires - Ouragan A\u00e9ronautique","og_description":"Con\u00e7u pour aider les petits et grands fabricants \u00e0 vendre des produits au minist\u00e8re de la D\u00e9fense et \u00e0 leurs principaux entrepreneurs et agences \u00e9trang\u00e8res","og_url":"https:\/\/hurricaneaerospace.com\/fr\/programme-des-partenaires\/","og_site_name":"Ouragan A\u00e9ronautique","article_publisher":"https:\/\/www.facebook.com\/HurricaneAerospaceSolutions\/","article_modified_time":"2020-12-04T04:29:44+00:00","twitter_card":"summary_large_image","twitter_site":"@hurricaneaero","twitter_misc":{"Dur\u00e9e de lecture estim\u00e9e":"2 minutes"},"schema":{"@context":"https:\/\/schema.org","@graph":[{"@type":"WebPage","@id":"https:\/\/hurricaneaerospace.com\/fr\/programme-des-partenaires\/","url":"https:\/\/hurricaneaerospace.com\/fr\/programme-des-partenaires\/","name":"Programme des partenaires - Ouragan A\u00e9ronautique","isPartOf":{"@id":"https:\/\/hurricaneaerospace.com\/fr\/#website"},"datePublished":"2020-08-19T20:38:14+00:00","dateModified":"2020-12-04T04:29:44+00:00","description":"Con\u00e7u pour aider les petits et grands fabricants \u00e0 vendre des produits au minist\u00e8re de la D\u00e9fense et \u00e0 leurs principaux entrepreneurs et agences \u00e9trang\u00e8res","breadcrumb":{"@id":"https:\/\/hurricaneaerospace.com\/fr\/programme-des-partenaires\/#breadcrumb"},"inLanguage":"fr-FR","potentialAction":[{"@type":"ReadAction","target":["https:\/\/hurricaneaerospace.com\/fr\/programme-des-partenaires\/"]}]},{"@type":"BreadcrumbList","@id":"https:\/\/hurricaneaerospace.com\/fr\/programme-des-partenaires\/#breadcrumb","itemListElement":[{"@type":"ListItem","position":1,"name":"Accueil","item":"https:\/\/hurricaneaerospace.com\/fr\/"},{"@type":"ListItem","position":2,"name":"Programme des partenaires"}]},{"@type":"WebSite","@id":"https:\/\/hurricaneaerospace.com\/fr\/#website","url":"https:\/\/hurricaneaerospace.com\/fr\/","name":"Ouragan A\u00e9ronautique","description":"Plus de 25 ans d\u2019exp\u00e9rience","publisher":{"@id":"https:\/\/hurricaneaerospace.com\/fr\/#organization"},"potentialAction":[{"@type":"SearchAction","target":{"@type":"EntryPoint","urlTemplate":"https:\/\/hurricaneaerospace.com\/fr\/?s={search_term_string}"},"query-input":{"@type":"PropertyValueSpecification","valueRequired":true,"valueName":"search_term_string"}}],"inLanguage":"fr-FR"},{"@type":"Organization","@id":"https:\/\/hurricaneaerospace.com\/fr\/#organization","name":"Hurricane Aerospace Solutions","url":"https:\/\/hurricaneaerospace.com\/fr\/","logo":{"@type":"ImageObject","inLanguage":"fr-FR","@id":"https:\/\/hurricaneaerospace.com\/fr\/#\/schema\/logo\/image\/","url":"https:\/\/hurricaneaerospace.com\/wp-content\/uploads\/2019\/03\/Hurricane-Website-Logo-Retina-2019.png","contentUrl":"https:\/\/hurricaneaerospace.com\/wp-content\/uploads\/2019\/03\/Hurricane-Website-Logo-Retina-2019.png","width":800,"height":482,"caption":"Hurricane Aerospace Solutions"},"image":{"@id":"https:\/\/hurricaneaerospace.com\/fr\/#\/schema\/logo\/image\/"},"sameAs":["https:\/\/www.facebook.com\/HurricaneAerospaceSolutions\/","https:\/\/x.com\/hurricaneaero","https:\/\/www.instagram.com\/hurricaneaerospacesolutions\/","http:\/\/www.linkedin.com\/company\/hurricaneaerospacesolutions\/"]}]}},"_links":{"self":[{"href":"https:\/\/hurricaneaerospace.com\/fr\/wp-json\/wp\/v2\/pages\/6454","targetHints":{"allow":["GET"]}}],"collection":[{"href":"https:\/\/hurricaneaerospace.com\/fr\/wp-json\/wp\/v2\/pages"}],"about":[{"href":"https:\/\/hurricaneaerospace.com\/fr\/wp-json\/wp\/v2\/types\/page"}],"author":[{"embeddable":true,"href":"https:\/\/hurricaneaerospace.com\/fr\/wp-json\/wp\/v2\/users\/4"}],"replies":[{"embeddable":true,"href":"https:\/\/hurricaneaerospace.com\/fr\/wp-json\/wp\/v2\/comments?post=6454"}],"version-history":[{"count":14,"href":"https:\/\/hurricaneaerospace.com\/fr\/wp-json\/wp\/v2\/pages\/6454\/revisions"}],"predecessor-version":[{"id":8114,"href":"https:\/\/hurricaneaerospace.com\/fr\/wp-json\/wp\/v2\/pages\/6454\/revisions\/8114"}],"wp:attachment":[{"href":"https:\/\/hurricaneaerospace.com\/fr\/wp-json\/wp\/v2\/media?parent=6454"}],"curies":[{"name":"wp","href":"https:\/\/api.w.org\/{rel}","templated":true}]}}