{"id":6496,"date":"2020-08-19T20:38:22","date_gmt":"2020-08-19T20:38:22","guid":{"rendered":"https:\/\/hurricaneaerospace.com\/liens-utiles\/"},"modified":"2020-12-04T03:39:40","modified_gmt":"2020-12-04T03:39:40","slug":"liens-utiles","status":"publish","type":"page","link":"https:\/\/hurricaneaerospace.com\/fr\/liens-utiles\/","title":{"rendered":"Liens utiles"},"content":{"rendered":"<p>&nbsp;<\/p>\n\n\t<section class=\"section dark\" id=\"section_1626481012\">\n\t\t<div class=\"section-bg fill\" >\n\t\t\t<img loading=\"lazy\" decoding=\"async\" width=\"1243\" height=\"302\" src=\"https:\/\/hurricaneaerospace.com\/wp-content\/uploads\/2019\/03\/hurricane-aerospace-blueprint-header-image.jpg\" class=\"bg attachment- size-\" alt=\"\" \/>\t\t\t\t\t\t<div class=\"section-bg-overlay absolute fill\"><\/div>\n\t\t\t\n\n\t\t<\/div>\n\n\t\t\n\n\t\t<div class=\"section-content relative\">\n\t\t\t\n<div class=\"container section-title-container\" style=\"margin-top:0px;margin-bottom:0px;\"><h2 class=\"section-title section-title-center\"><b aria-hidden=\"true\"><\/b><span class=\"section-title-main\" >Liens utiles<\/span><b aria-hidden=\"true\"><\/b><\/h2><\/div>\n\t\t<\/div>\n\n\t\t\n<style>\n#section_1626481012 {\n  padding-top: 60px;\n  padding-bottom: 60px;\n}\n#section_1626481012 .section-bg-overlay {\n  background-color: rgba(27, 64, 128, 0.48);\n}\n<\/style>\n\t<\/section>\n\t\n\n\t<section class=\"section\" id=\"section_1465565894\">\n\t\t<div class=\"section-bg fill\" >\n\t\t\t\t\t\t\t\t\t\n\t\t\t\n\n\t\t<\/div>\n\n\t\t\n\n\t\t<div class=\"section-content relative\">\n\t\t\t\n<div class=\"row align-middle\"  id=\"row-1837523462\">\n\n\t<div id=\"col-478114513\" class=\"col medium-2 small-12 large-2\"  >\n\t\t\t\t<div class=\"col-inner\"  >\n\t\t\t\n\t\t\t\n\t<div class=\"img has-hover x md-x lg-x y md-y lg-y\" id=\"image_1204429832\">\n\t\t\t\t\t\t\t\t<div class=\"img-inner dark\" >\n\t\t\t<img loading=\"lazy\" decoding=\"async\" width=\"97\" height=\"97\" src=\"https:\/\/hurricaneaerospace.com\/wp-content\/uploads\/2019\/03\/ddtc_public_seal.png\" class=\"attachment-large size-large\" alt=\"Department of State Public Seal\" \/>\t\t\t\t\t\t\n\t\t\t\t\t<\/div>\n\t\t\t\t\t\t\t\t\n<style>\n#image_1204429832 {\n  width: 100%;\n}\n<\/style>\n\t<\/div>\n\t\n\t\t<\/div>\n\t\t\t\t\t<\/div>\n\n\t\n\n\t<div id=\"col-923344767\" class=\"col medium-10 small-12 large-10\"  >\n\t\t\t\t<div class=\"col-inner\"  >\n\t\t\t\n\t\t\t\n<h3><strong>Direction des contr\u00f4les commerciaux du D\u00e9partement d\u2019\u00c9tat am\u00e9ricain<\/strong><\/h3>\n<p>Utilisez ce lien comme ressource pour commencer avec DDTC et assurez-vous de respecter toutes vos exigences d\u2019exportation.<\/p>\n<a href=\"https:\/\/www.pmddtc.state.gov\/\" target=\"_blank\" class=\"button primary\" rel=\"noopener\" >\n\t\t<span>Visitez le site Web<\/span>\n\t<i class=\"icon-angle-right\" aria-hidden=\"true\"><\/i><\/a>\n\n\t\t<\/div>\n\t\t\t\t\t<\/div>\n\n\t\n<\/div>\n<div class=\"is-divider divider clearfix\" style=\"max-width:100%;height:1px;\"><\/div>\n<div class=\"row align-middle\"  id=\"row-1900604429\">\n\n\t<div id=\"col-1035891852\" class=\"col medium-2 small-12 large-2\"  >\n\t\t\t\t<div class=\"col-inner\"  >\n\t\t\t\n\t\t\t\n\t<div class=\"img has-hover x md-x lg-x y md-y lg-y\" id=\"image_271366128\">\n\t\t\t\t\t\t\t\t<div class=\"img-inner dark\" >\n\t\t\t<img loading=\"lazy\" decoding=\"async\" width=\"446\" height=\"297\" src=\"https:\/\/hurricaneaerospace.com\/wp-content\/uploads\/2019\/03\/logo-ASA.png\" class=\"attachment-large size-large\" alt=\"ASA Logo\" srcset=\"https:\/\/hurricaneaerospace.com\/wp-content\/uploads\/2019\/03\/logo-ASA.png 446w, https:\/\/hurricaneaerospace.com\/wp-content\/uploads\/2019\/03\/logo-ASA-300x200.png 300w\" sizes=\"auto, (max-width: 446px) 100vw, 446px\" \/>\t\t\t\t\t\t\n\t\t\t\t\t<\/div>\n\t\t\t\t\t\t\t\t\n<style>\n#image_271366128 {\n  width: 100%;\n}\n<\/style>\n\t<\/div>\n\t\n\t\t<\/div>\n\t\t\t\t\t<\/div>\n\n\t\n\n\t<div id=\"col-49025606\" class=\"col medium-10 small-12 large-10\"  >\n\t\t\t\t<div class=\"col-inner\"  >\n\t\t\t\n\t\t\t\n<h3>Fournisseurs d\u2019aviation<\/h3>\n<p>ASA fait fi\u00e8rement la promotion de la s\u00e9curit\u00e9, de la conformit\u00e9 r\u00e9glementaire et des pratiques commerciales \u00e9thiques aupr\u00e8s des fournisseurs de pi\u00e8ces d\u2019aviation et de l\u2019ensemble du milieu de l\u2019aviation.<\/p>\n<a href=\"http:\/\/www.aviationsuppliers.org\/\" target=\"_blank\" class=\"button primary\" rel=\"noopener\" >\n\t\t<span>Visitez le site Web<\/span>\n\t<i class=\"icon-angle-right\" aria-hidden=\"true\"><\/i><\/a>\n\n\t\t<\/div>\n\t\t\t\t\t<\/div>\n\n\t\n<\/div>\n<div class=\"is-divider divider clearfix\" style=\"max-width:100%;height:1px;\"><\/div>\n<div class=\"row align-middle\"  id=\"row-318540768\">\n\n\t<div id=\"col-758638751\" class=\"col medium-2 small-12 large-2\"  >\n\t\t\t\t<div class=\"col-inner\"  >\n\t\t\t\n\t\t\t\n\t<div class=\"img has-hover x md-x lg-x y md-y lg-y\" id=\"image_678412272\">\n\t\t\t\t\t\t\t\t<div class=\"img-inner dark\" >\n\t\t\t<img loading=\"lazy\" decoding=\"async\" width=\"150\" height=\"91\" src=\"https:\/\/hurricaneaerospace.com\/wp-content\/uploads\/2019\/03\/ERAI_Logo.png\" class=\"attachment-large size-large\" alt=\"ERAI Logo\" \/>\t\t\t\t\t\t\n\t\t\t\t\t<\/div>\n\t\t\t\t\t\t\t\t\n<style>\n#image_678412272 {\n  width: 100%;\n}\n<\/style>\n\t<\/div>\n\t\n\t\t<\/div>\n\t\t\t\t\t<\/div>\n\n\t\n\n\t<div id=\"col-1228087650\" class=\"col medium-10 small-12 large-10\"  >\n\t\t\t\t<div class=\"col-inner\"  >\n\t\t\t\n\t\t\t\n<h3><strong>ERAI, Inc.<\/strong><\/h3>\n<p>ERAI, Inc. est une organisation priv\u00e9e de services d\u2019information \u00e0 l\u2019\u00e9chelle mondiale qui surveille, enqu\u00eate et signale les probl\u00e8mes affectant la cha\u00eene d\u2019approvisionnement \u00e9lectronique mondiale. Depuis 1995, les outils et services ERAI aident les acheteurs et les vendeurs de tous les secteurs de la cha\u00eene d\u2019approvisionnement \u00e0 pr\u00e9venir les pertes en att\u00e9nuant les risques dans le processus d\u2019achat de mat\u00e9riaux. Notre service unique permet aux entreprises d\u2019effectuer des mesures d\u2019att\u00e9nuation des risques sp\u00e9cifiques \u00e0 l\u2019industrie sur les pi\u00e8ces suspectes contrefaites, \u00e0 haut risque et non conformes, ainsi que sur les fournisseurs et les clients probl\u00e9matiques.<\/p>\n<a href=\"http:\/\/www.erai.com\/\" target=\"_blank\" class=\"button primary\" rel=\"noopener\" >\n\t\t<span>Visitez le site Web<\/span>\n\t<i class=\"icon-angle-right\" aria-hidden=\"true\"><\/i><\/a>\n\n\t\t<\/div>\n\t\t\t\t\t<\/div>\n\n\t\n<\/div>\n<div class=\"is-divider divider clearfix\" style=\"max-width:100%;height:1px;\"><\/div>\n<div class=\"row align-middle\"  id=\"row-1670246929\">\n\n\t<div id=\"col-209453922\" class=\"col medium-2 small-12 large-2\"  >\n\t\t\t\t<div class=\"col-inner\"  >\n\t\t\t\n\t\t\t\n\t<div class=\"img has-hover x md-x lg-x y md-y lg-y\" id=\"image_1572973990\">\n\t\t\t\t\t\t\t\t<div class=\"img-inner dark\" >\n\t\t\t<img loading=\"lazy\" decoding=\"async\" width=\"800\" height=\"203\" src=\"https:\/\/hurricaneaerospace.com\/wp-content\/uploads\/2019\/03\/EPTAC-Logo-color.png\" class=\"attachment-large size-large\" alt=\"EPTAC Logo\" srcset=\"https:\/\/hurricaneaerospace.com\/wp-content\/uploads\/2019\/03\/EPTAC-Logo-color.png 800w, https:\/\/hurricaneaerospace.com\/wp-content\/uploads\/2019\/03\/EPTAC-Logo-color-300x76.png 300w, https:\/\/hurricaneaerospace.com\/wp-content\/uploads\/2019\/03\/EPTAC-Logo-color-768x195.png 768w, https:\/\/hurricaneaerospace.com\/wp-content\/uploads\/2019\/03\/EPTAC-Logo-color-600x152.png 600w\" sizes=\"auto, (max-width: 800px) 100vw, 800px\" \/>\t\t\t\t\t\t\n\t\t\t\t\t<\/div>\n\t\t\t\t\t\t\t\t\n<style>\n#image_1572973990 {\n  width: 100%;\n}\n<\/style>\n\t<\/div>\n\t\n\t\t<\/div>\n\t\t\t\t\t<\/div>\n\n\t\n\n\t<div id=\"col-1142798861\" class=\"col medium-10 small-12 large-10\"  >\n\t\t\t\t<div class=\"col-inner\"  >\n\t\t\t\n\t\t\t\n<h3><strong>EPTAC<\/strong><\/h3>\n<p>EPTAC est une soci\u00e9t\u00e9 de formation de soudure reconnue internationalement et de certification IPC donnant aux professionnels les comp\u00e9tences n\u00e9cessaires pour acc\u00e9l\u00e9rer leur carri\u00e8re. Depuis plus de 25 ans, EPTAC aide les entreprises \u00e0 am\u00e9liorer leurs normes de qualit\u00e9, \u00e0 am\u00e9liorer leur productivit\u00e9 et \u00e0 maximiser leurs profits.<\/p>\n<a href=\"http:\/\/www.eptac.com\/\" target=\"_blank\" class=\"button primary\" rel=\"noopener\" >\n\t\t<span>Visitez le site Web<\/span>\n\t<i class=\"icon-angle-right\" aria-hidden=\"true\"><\/i><\/a>\n\n\t\t<\/div>\n\t\t\t\t\t<\/div>\n\n\t\n<\/div>\n<div class=\"is-divider divider clearfix\" style=\"max-width:100%;height:1px;\"><\/div>\n<div class=\"row align-middle\"  id=\"row-1624435610\">\n\n\t<div id=\"col-915024149\" class=\"col medium-2 small-12 large-2\"  >\n\t\t\t\t<div class=\"col-inner\"  >\n\t\t\t\n\t\t\t\n\t<div class=\"img has-hover x md-x lg-x y md-y lg-y\" id=\"image_2014304465\">\n\t\t\t\t\t\t\t\t<div class=\"img-inner dark\" >\n\t\t\t<img loading=\"lazy\" decoding=\"async\" width=\"168\" height=\"63\" src=\"https:\/\/hurricaneaerospace.com\/wp-content\/uploads\/2019\/03\/logo_transparent.png\" class=\"attachment-large size-large\" alt=\"\" \/>\t\t\t\t\t\t\n\t\t\t\t\t<\/div>\n\t\t\t\t\t\t\t\t\n<style>\n#image_2014304465 {\n  width: 100%;\n}\n<\/style>\n\t<\/div>\n\t\n\t\t<\/div>\n\t\t\t\t\t<\/div>\n\n\t\n\n\t<div id=\"col-931950964\" class=\"col medium-10 small-12 large-10\"  >\n\t\t\t\t<div class=\"col-inner\"  >\n\t\t\t\n\t\t\t\n<h3><strong>Le syst\u00e8me de gestion des prix<\/strong><\/h3>\n<p>Le System for Award Management (SAM) est le syst\u00e8me officiel du gouvernement des \u00c9tats-Unis qui a consolid\u00e9 les capacit\u00e9s du CCR\/FedReg, de l\u2019ORCA et de l\u2019EPLS.<\/p>\n<a href=\"https:\/\/www.sam.gov\/SAM\/\" target=\"_blank\" class=\"button primary\" rel=\"noopener\" >\n\t\t<span>Visitez le site Web<\/span>\n\t<i class=\"icon-angle-right\" aria-hidden=\"true\"><\/i><\/a>\n\n\t\t<\/div>\n\t\t\t\t\t<\/div>\n\n\t\n<\/div>\n<div class=\"is-divider divider clearfix\" style=\"max-width:100%;height:1px;\"><\/div>\n<div class=\"row align-middle\"  id=\"row-1536253173\">\n\n\t<div id=\"col-1553887373\" class=\"col medium-2 small-12 large-2\"  >\n\t\t\t\t<div class=\"col-inner text-center\"  >\n\t\t\t\n\t\t\t\n\t<div class=\"img has-hover x md-x lg-x y md-y lg-y\" id=\"image_1844983388\">\n\t\t\t\t\t\t\t\t<div class=\"img-inner dark\" >\n\t\t\t<img loading=\"lazy\" decoding=\"async\" width=\"64\" height=\"80\" src=\"https:\/\/hurricaneaerospace.com\/wp-content\/uploads\/2019\/03\/DLA-logo-w-blueback-Web.png\" class=\"attachment-large size-large\" alt=\"Defense Logistics Agency Logo\" \/>\t\t\t\t\t\t\n\t\t\t\t\t<\/div>\n\t\t\t\t\t\t\t\t\n<style>\n#image_1844983388 {\n  width: 66%;\n}\n<\/style>\n\t<\/div>\n\t\n\t\t<\/div>\n\t\t\t\t\t<\/div>\n\n\t\n\n\t<div id=\"col-1689545913\" class=\"col medium-10 small-12 large-10\"  >\n\t\t\t\t<div class=\"col-inner\"  >\n\t\t\t\n\t\t\t\n<h3><strong>Defense Logistics Agency<\/strong><\/h3>\n<p>La certification JCP \u00e9tablit l\u2019admissibilit\u00e9 d\u2019un entrepreneur am\u00e9ricain ou canadien \u00e0 recevoir des donn\u00e9es techniques r\u00e9gies aux \u00c9tats-Unis, par la <a href=\"http:\/\/jitc.fhu.disa.mil\/jitc_dri\/pdfs\/d523025p.pdf\">directive 5230.25 du minist\u00e8re de la D\u00e9fense (DOD)<\/a> et, au Canada, par le R\u00e8glement sur le <a href=\"http:\/\/laws-lois.justice.gc.ca\/eng\/regulations\/SOR-86-345\/\">contr\u00f4le technique des donn\u00e9es<\/a> (TDCR). La certification est requise pour les entrepreneurs am\u00e9ricains ou canadiens qui souhaitent avoir acc\u00e8s \u00e0 des donn\u00e9es techniques non classifi\u00e9es r\u00e9v\u00e9lant des technologies militairement critiques avec application militaire ou spatiale qui est sous le contr\u00f4le du minist\u00e8re de la D\u00e9fense des \u00c9tats-Unis (DOD) ou du minist\u00e8re canadien de la D\u00e9fense (MDN).<\/p>\n<\/p>\n<a href=\"https:\/\/www.dla.mil\/HQ\/InformationOperations\/LogisticsInformationServices.aspx\" target=\"_blank\" class=\"button primary\" rel=\"noopener\" >\n\t\t<span>Visitez le site Web<\/span>\n\t<i class=\"icon-angle-right\" aria-hidden=\"true\"><\/i><\/a>\n\n\t\t<\/div>\n\t\t\t\t\t<\/div>\n\n\t\n<\/div>\n<div class=\"is-divider divider clearfix\" style=\"max-width:100%;height:1px;\"><\/div>\n<div class=\"row align-middle\"  id=\"row-683913987\">\n\n\t<div id=\"col-1301573343\" class=\"col medium-2 small-12 large-2\"  >\n\t\t\t\t<div class=\"col-inner text-center\"  >\n\t\t\t\n\t\t\t\n\t<div class=\"img has-hover x md-x lg-x y md-y lg-y\" id=\"image_506750163\">\n\t\t\t\t\t\t\t\t<div class=\"img-inner dark\" >\n\t\t\t\t\t\t\t\t\t\n\t\t\t\t\t<\/div>\n\t\t\t\t\t\t\t\t\n<style>\n#image_506750163 {\n  width: 100%;\n}\n<\/style>\n\t<\/div>\n\t\n\t\t<\/div>\n\t\t\t\t\t<\/div>\n\n\t\n\n\t<div id=\"col-468535107\" class=\"col medium-10 small-12 large-10\"  >\n\t\t\t\t<div class=\"col-inner\"  >\n\t\t\t\n\t\t\t\n<h3><strong>ISOQAR<\/strong><\/h3>\n<p>ISOQAR est un organisme de certification accr\u00e9dit\u00e9. Cela signifie que l\u2019ISOQAR est accr\u00e9dit\u00e9e aupr\u00e8s d\u2019organismes de v\u00e9rification en l\u2019\u00e9tablissement de diverses normes de qualit\u00e9, d\u2019environnement et d\u2019autres normes de gestion.<\/p>\n<a href=\"http:\/\/www.isoqarinc.com\/\" target=\"_blank\" class=\"button primary\" rel=\"noopener\" >\n\t\t<span>Visitez le site Web<\/span>\n\t<i class=\"icon-angle-right\" aria-hidden=\"true\"><\/i><\/a>\n\n\t\t<\/div>\n\t\t\t\t\t<\/div>\n\n\t\n<\/div>\n<div class=\"is-divider divider clearfix\" style=\"max-width:100%;height:1px;\"><\/div>\n<div class=\"row align-middle\"  id=\"row-1272337270\">\n\n\t<div id=\"col-1692263234\" class=\"col medium-2 small-12 large-2\"  >\n\t\t\t\t<div class=\"col-inner text-center\"  >\n\t\t\t\n\t\t\t\n\t<div class=\"img has-hover x md-x lg-x y md-y lg-y\" id=\"image_806201443\">\n\t\t\t\t\t\t\t\t<div class=\"img-inner dark\" >\n\t\t\t<img loading=\"lazy\" decoding=\"async\" width=\"244\" height=\"144\" src=\"https:\/\/hurricaneaerospace.com\/wp-content\/uploads\/2019\/03\/iaqg_logo.gif\" class=\"attachment-large size-large\" alt=\"International Aerospace Quality Group Logo\" \/>\t\t\t\t\t\t\n\t\t\t\t\t<\/div>\n\t\t\t\t\t\t\t\t\n<style>\n#image_806201443 {\n  width: 100%;\n}\n<\/style>\n\t<\/div>\n\t\n\t\t<\/div>\n\t\t\t\t\t<\/div>\n\n\t\n\n\t<div id=\"col-1439845215\" class=\"col medium-10 small-12 large-10\"  >\n\t\t\t\t<div class=\"col-inner\"  >\n\t\t\t\n\t\t\t\n<h3><strong>IAQG<\/strong><\/h3>\n<p>L\u2019IAQG est une organisation mondiale coop\u00e9rative qui r\u00e9unit des entreprises d\u2019aviation, d\u2019espace et de d\u00e9fense pour offrir plus de valeur \u00e0 tous les niveaux de la cha\u00eene d\u2019approvisionnement.<\/p>\n<a href=\"http:\/\/www.sae.org\/iaqg\/\" target=\"_blank\" class=\"button primary\" rel=\"noopener\" >\n\t\t<span>Visitez le site Web<\/span>\n\t<i class=\"icon-angle-right\" aria-hidden=\"true\"><\/i><\/a>\n\n\t\t<\/div>\n\t\t\t\t\t<\/div>\n\n\t\n<\/div>\n<div class=\"is-divider divider clearfix\" style=\"max-width:100%;height:1px;\"><\/div>\n<div class=\"row align-middle\"  id=\"row-1324623266\">\n\n\t<div id=\"col-134599969\" class=\"col medium-2 small-12 large-2\"  >\n\t\t\t\t<div class=\"col-inner text-center\"  >\n\t\t\t\n\t\t\t\n\t<div class=\"img has-hover x md-x lg-x y md-y lg-y\" id=\"image_952883188\">\n\t\t\t\t\t\t\t\t<div class=\"img-inner dark\" >\n\t\t\t<img loading=\"lazy\" decoding=\"async\" width=\"1020\" height=\"253\" src=\"https:\/\/hurricaneaerospace.com\/wp-content\/uploads\/2019\/03\/Boeing-Logo.svg-1024x254-1024x254.png\" class=\"attachment-large size-large\" alt=\"Boeing logo SVG\" srcset=\"https:\/\/hurricaneaerospace.com\/wp-content\/uploads\/2019\/03\/Boeing-Logo.svg-1024x254.png 1024w, https:\/\/hurricaneaerospace.com\/wp-content\/uploads\/2019\/03\/Boeing-Logo.svg-1024x254-300x74.png 300w, https:\/\/hurricaneaerospace.com\/wp-content\/uploads\/2019\/03\/Boeing-Logo.svg-1024x254-768x191.png 768w, https:\/\/hurricaneaerospace.com\/wp-content\/uploads\/2019\/03\/Boeing-Logo.svg-1024x254-600x149.png 600w\" sizes=\"auto, (max-width: 1020px) 100vw, 1020px\" \/>\t\t\t\t\t\t\n\t\t\t\t\t<\/div>\n\t\t\t\t\t\t\t\t\n<style>\n#image_952883188 {\n  width: 100%;\n}\n<\/style>\n\t<\/div>\n\t\n\t\t<\/div>\n\t\t\t\t\t<\/div>\n\n\t\n\n\t<div id=\"col-1992841371\" class=\"col medium-10 small-12 large-10\"  >\n\t\t\t\t<div class=\"col-inner\"  >\n\t\t\t\n\t\t\t\n<h3><strong>Le Prix d\u2019excellence en performance Boeing<\/strong><\/h3>\n<p>Le Boeing Performance Excellence Award est un programme annuel visant \u00e0 reconna\u00eetre les performances sup\u00e9rieures mesur\u00e9es dans BEST. Boeing annonce g\u00e9n\u00e9ralement les destinataires de BPEA chaque mois de janvier. Le programme BPEA a remplac\u00e9 le programme de certification des fournisseurs pr\u00e9f\u00e9r\u00e9s de Boeing.<\/p>\n<p>\n<a href=\"http:\/\/www.boeingsuppliers.com\/awards.html\" target=\"_blank\" class=\"button primary\" rel=\"noopener\" >\n\t\t<span>Visitez le site Web<\/span>\n\t<i class=\"icon-angle-right\" aria-hidden=\"true\"><\/i><\/a>\n\n\t\t<\/div>\n\t\t\t\t\t<\/div>\n\n\t\n<\/div>\n\t\t<\/div>\n\n\t\t\n<style>\n#section_1465565894 {\n  padding-top: 30px;\n  padding-bottom: 30px;\n}\n<\/style>\n\t<\/section>\n\t\n<\/p>\n<p>&nbsp;<\/p>\n","protected":false},"excerpt":{"rendered":"<p>&nbsp; &nbsp;<\/p>\n","protected":false},"author":4,"featured_media":0,"parent":0,"menu_order":0,"comment_status":"closed","ping_status":"closed","template":"page-blank.php","meta":{"nf_dc_page":"","_monsterinsights_skip_tracking":false,"_monsterinsights_sitenote_active":false,"_monsterinsights_sitenote_note":"","_monsterinsights_sitenote_category":0,"footnotes":""},"class_list":["post-6496","page","type-page","status-publish","hentry"],"yoast_head":"<!-- This site is optimized with the Yoast SEO plugin v27.4 - https:\/\/yoast.com\/product\/yoast-seo-wordpress\/ -->\n<title>Liens utiles - Ouragan A\u00e9ronautique<\/title>\n<meta name=\"robots\" content=\"index, follow, max-snippet:-1, max-image-preview:large, max-video-preview:-1\" \/>\n<link rel=\"canonical\" href=\"https:\/\/hurricaneaerospace.com\/fr\/liens-utiles\/\" \/>\n<meta property=\"og:locale\" content=\"fr_FR\" \/>\n<meta property=\"og:type\" content=\"article\" \/>\n<meta property=\"og:title\" content=\"Liens utiles - Ouragan A\u00e9ronautique\" \/>\n<meta property=\"og:description\" content=\"&nbsp; &nbsp;\" \/>\n<meta property=\"og:url\" content=\"https:\/\/hurricaneaerospace.com\/fr\/liens-utiles\/\" \/>\n<meta property=\"og:site_name\" content=\"Ouragan A\u00e9ronautique\" \/>\n<meta property=\"article:publisher\" content=\"https:\/\/www.facebook.com\/HurricaneAerospaceSolutions\/\" \/>\n<meta property=\"article:modified_time\" content=\"2020-12-04T03:39:40+00:00\" \/>\n<meta name=\"twitter:card\" content=\"summary_large_image\" \/>\n<meta name=\"twitter:site\" content=\"@hurricaneaero\" \/>\n<meta name=\"twitter:label1\" content=\"Dur\u00e9e de lecture estim\u00e9e\" \/>\n\t<meta name=\"twitter:data1\" content=\"4 minutes\" \/>\n<script type=\"application\/ld+json\" class=\"yoast-schema-graph\">{\"@context\":\"https:\\\/\\\/schema.org\",\"@graph\":[{\"@type\":\"WebPage\",\"@id\":\"https:\\\/\\\/hurricaneaerospace.com\\\/fr\\\/liens-utiles\\\/\",\"url\":\"https:\\\/\\\/hurricaneaerospace.com\\\/fr\\\/liens-utiles\\\/\",\"name\":\"Liens utiles - Ouragan A\u00e9ronautique\",\"isPartOf\":{\"@id\":\"https:\\\/\\\/hurricaneaerospace.com\\\/fr\\\/#website\"},\"datePublished\":\"2020-08-19T20:38:22+00:00\",\"dateModified\":\"2020-12-04T03:39:40+00:00\",\"breadcrumb\":{\"@id\":\"https:\\\/\\\/hurricaneaerospace.com\\\/fr\\\/liens-utiles\\\/#breadcrumb\"},\"inLanguage\":\"fr-FR\",\"potentialAction\":[{\"@type\":\"ReadAction\",\"target\":[\"https:\\\/\\\/hurricaneaerospace.com\\\/fr\\\/liens-utiles\\\/\"]}]},{\"@type\":\"BreadcrumbList\",\"@id\":\"https:\\\/\\\/hurricaneaerospace.com\\\/fr\\\/liens-utiles\\\/#breadcrumb\",\"itemListElement\":[{\"@type\":\"ListItem\",\"position\":1,\"name\":\"Accueil\",\"item\":\"https:\\\/\\\/hurricaneaerospace.com\\\/fr\\\/\"},{\"@type\":\"ListItem\",\"position\":2,\"name\":\"Liens utiles\"}]},{\"@type\":\"WebSite\",\"@id\":\"https:\\\/\\\/hurricaneaerospace.com\\\/fr\\\/#website\",\"url\":\"https:\\\/\\\/hurricaneaerospace.com\\\/fr\\\/\",\"name\":\"Ouragan A\u00e9ronautique\",\"description\":\"Plus de 25 ans d\u2019exp\u00e9rience\",\"publisher\":{\"@id\":\"https:\\\/\\\/hurricaneaerospace.com\\\/fr\\\/#organization\"},\"potentialAction\":[{\"@type\":\"SearchAction\",\"target\":{\"@type\":\"EntryPoint\",\"urlTemplate\":\"https:\\\/\\\/hurricaneaerospace.com\\\/fr\\\/?s={search_term_string}\"},\"query-input\":{\"@type\":\"PropertyValueSpecification\",\"valueRequired\":true,\"valueName\":\"search_term_string\"}}],\"inLanguage\":\"fr-FR\"},{\"@type\":\"Organization\",\"@id\":\"https:\\\/\\\/hurricaneaerospace.com\\\/fr\\\/#organization\",\"name\":\"Hurricane Aerospace Solutions\",\"url\":\"https:\\\/\\\/hurricaneaerospace.com\\\/fr\\\/\",\"logo\":{\"@type\":\"ImageObject\",\"inLanguage\":\"fr-FR\",\"@id\":\"https:\\\/\\\/hurricaneaerospace.com\\\/fr\\\/#\\\/schema\\\/logo\\\/image\\\/\",\"url\":\"https:\\\/\\\/hurricaneaerospace.com\\\/wp-content\\\/uploads\\\/2019\\\/03\\\/Hurricane-Website-Logo-Retina-2019.png\",\"contentUrl\":\"https:\\\/\\\/hurricaneaerospace.com\\\/wp-content\\\/uploads\\\/2019\\\/03\\\/Hurricane-Website-Logo-Retina-2019.png\",\"width\":800,\"height\":482,\"caption\":\"Hurricane Aerospace Solutions\"},\"image\":{\"@id\":\"https:\\\/\\\/hurricaneaerospace.com\\\/fr\\\/#\\\/schema\\\/logo\\\/image\\\/\"},\"sameAs\":[\"https:\\\/\\\/www.facebook.com\\\/HurricaneAerospaceSolutions\\\/\",\"https:\\\/\\\/x.com\\\/hurricaneaero\",\"https:\\\/\\\/www.instagram.com\\\/hurricaneaerospacesolutions\\\/\",\"http:\\\/\\\/www.linkedin.com\\\/company\\\/hurricaneaerospacesolutions\\\/\"]}]}<\/script>\n<!-- \/ Yoast SEO plugin. -->","yoast_head_json":{"title":"Liens utiles - Ouragan A\u00e9ronautique","robots":{"index":"index","follow":"follow","max-snippet":"max-snippet:-1","max-image-preview":"max-image-preview:large","max-video-preview":"max-video-preview:-1"},"canonical":"https:\/\/hurricaneaerospace.com\/fr\/liens-utiles\/","og_locale":"fr_FR","og_type":"article","og_title":"Liens utiles - Ouragan A\u00e9ronautique","og_description":"&nbsp; &nbsp;","og_url":"https:\/\/hurricaneaerospace.com\/fr\/liens-utiles\/","og_site_name":"Ouragan A\u00e9ronautique","article_publisher":"https:\/\/www.facebook.com\/HurricaneAerospaceSolutions\/","article_modified_time":"2020-12-04T03:39:40+00:00","twitter_card":"summary_large_image","twitter_site":"@hurricaneaero","twitter_misc":{"Dur\u00e9e de lecture estim\u00e9e":"4 minutes"},"schema":{"@context":"https:\/\/schema.org","@graph":[{"@type":"WebPage","@id":"https:\/\/hurricaneaerospace.com\/fr\/liens-utiles\/","url":"https:\/\/hurricaneaerospace.com\/fr\/liens-utiles\/","name":"Liens utiles - Ouragan A\u00e9ronautique","isPartOf":{"@id":"https:\/\/hurricaneaerospace.com\/fr\/#website"},"datePublished":"2020-08-19T20:38:22+00:00","dateModified":"2020-12-04T03:39:40+00:00","breadcrumb":{"@id":"https:\/\/hurricaneaerospace.com\/fr\/liens-utiles\/#breadcrumb"},"inLanguage":"fr-FR","potentialAction":[{"@type":"ReadAction","target":["https:\/\/hurricaneaerospace.com\/fr\/liens-utiles\/"]}]},{"@type":"BreadcrumbList","@id":"https:\/\/hurricaneaerospace.com\/fr\/liens-utiles\/#breadcrumb","itemListElement":[{"@type":"ListItem","position":1,"name":"Accueil","item":"https:\/\/hurricaneaerospace.com\/fr\/"},{"@type":"ListItem","position":2,"name":"Liens utiles"}]},{"@type":"WebSite","@id":"https:\/\/hurricaneaerospace.com\/fr\/#website","url":"https:\/\/hurricaneaerospace.com\/fr\/","name":"Ouragan A\u00e9ronautique","description":"Plus de 25 ans d\u2019exp\u00e9rience","publisher":{"@id":"https:\/\/hurricaneaerospace.com\/fr\/#organization"},"potentialAction":[{"@type":"SearchAction","target":{"@type":"EntryPoint","urlTemplate":"https:\/\/hurricaneaerospace.com\/fr\/?s={search_term_string}"},"query-input":{"@type":"PropertyValueSpecification","valueRequired":true,"valueName":"search_term_string"}}],"inLanguage":"fr-FR"},{"@type":"Organization","@id":"https:\/\/hurricaneaerospace.com\/fr\/#organization","name":"Hurricane Aerospace Solutions","url":"https:\/\/hurricaneaerospace.com\/fr\/","logo":{"@type":"ImageObject","inLanguage":"fr-FR","@id":"https:\/\/hurricaneaerospace.com\/fr\/#\/schema\/logo\/image\/","url":"https:\/\/hurricaneaerospace.com\/wp-content\/uploads\/2019\/03\/Hurricane-Website-Logo-Retina-2019.png","contentUrl":"https:\/\/hurricaneaerospace.com\/wp-content\/uploads\/2019\/03\/Hurricane-Website-Logo-Retina-2019.png","width":800,"height":482,"caption":"Hurricane Aerospace Solutions"},"image":{"@id":"https:\/\/hurricaneaerospace.com\/fr\/#\/schema\/logo\/image\/"},"sameAs":["https:\/\/www.facebook.com\/HurricaneAerospaceSolutions\/","https:\/\/x.com\/hurricaneaero","https:\/\/www.instagram.com\/hurricaneaerospacesolutions\/","http:\/\/www.linkedin.com\/company\/hurricaneaerospacesolutions\/"]}]}},"_links":{"self":[{"href":"https:\/\/hurricaneaerospace.com\/fr\/wp-json\/wp\/v2\/pages\/6496","targetHints":{"allow":["GET"]}}],"collection":[{"href":"https:\/\/hurricaneaerospace.com\/fr\/wp-json\/wp\/v2\/pages"}],"about":[{"href":"https:\/\/hurricaneaerospace.com\/fr\/wp-json\/wp\/v2\/types\/page"}],"author":[{"embeddable":true,"href":"https:\/\/hurricaneaerospace.com\/fr\/wp-json\/wp\/v2\/users\/4"}],"replies":[{"embeddable":true,"href":"https:\/\/hurricaneaerospace.com\/fr\/wp-json\/wp\/v2\/comments?post=6496"}],"version-history":[{"count":9,"href":"https:\/\/hurricaneaerospace.com\/fr\/wp-json\/wp\/v2\/pages\/6496\/revisions"}],"predecessor-version":[{"id":7956,"href":"https:\/\/hurricaneaerospace.com\/fr\/wp-json\/wp\/v2\/pages\/6496\/revisions\/7956"}],"wp:attachment":[{"href":"https:\/\/hurricaneaerospace.com\/fr\/wp-json\/wp\/v2\/media?parent=6496"}],"curies":[{"name":"wp","href":"https:\/\/api.w.org\/{rel}","templated":true}]}}