{"id":6520,"date":"2020-08-19T20:38:49","date_gmt":"2020-08-19T20:38:49","guid":{"rendered":"https:\/\/hurricaneaerospace.com\/declaration-minerale-de-conflit\/"},"modified":"2020-12-04T04:25:00","modified_gmt":"2020-12-04T04:25:00","slug":"declaration-minerale-de-conflit","status":"publish","type":"page","link":"https:\/\/hurricaneaerospace.com\/fr\/declaration-minerale-de-conflit\/","title":{"rendered":"D\u00e9claration min\u00e9rale de conflit"},"content":{"rendered":"\n\t<section class=\"section dark\" id=\"section_2015683062\">\n\t\t<div class=\"section-bg fill\" >\n\t\t\t<img loading=\"lazy\" decoding=\"async\" width=\"1243\" height=\"302\" src=\"https:\/\/hurricaneaerospace.com\/wp-content\/uploads\/2019\/03\/hurricane-aerospace-blueprint-header-image.jpg\" class=\"bg attachment- size-\" alt=\"\" \/>\t\t\t\t\t\t<div class=\"section-bg-overlay absolute fill\"><\/div>\n\t\t\t\n\n\t\t<\/div>\n\n\t\t\n\n\t\t<div class=\"section-content relative\">\n\t\t\t\n<div class=\"row\"  id=\"row-1169122177\">\n\n\t<div id=\"col-689220753\" class=\"col small-12 large-12\"  >\n\t\t\t\t<div class=\"col-inner\"  >\n\t\t\t\n\t\t\t\n<div class=\"container section-title-container\" style=\"margin-bottom:0px;\"><h1 class=\"section-title section-title-center\"><b aria-hidden=\"true\"><\/b><span class=\"section-title-main\" >D\u00e9claration min\u00e9rale de conflit<\/span><b aria-hidden=\"true\"><\/b><\/h1><\/div>\n\t\t<\/div>\n\t\t\t\t\t<\/div>\n\n\t\n<\/div>\n\t\t<\/div>\n\n\t\t\n<style>\n#section_2015683062 {\n  padding-top: 30px;\n  padding-bottom: 30px;\n}\n#section_2015683062 .section-bg-overlay {\n  background-color: rgba(27, 64, 128, 0.56);\n}\n<\/style>\n\t<\/section>\n\t\n\n\t<section class=\"section\" id=\"section_1341584215\">\n\t\t<div class=\"section-bg fill\" >\n\t\t\t\t\t\t\t\t\t\n\t\t\t\n\n\t\t<\/div>\n\n\t\t\n\n\t\t<div class=\"section-content relative\">\n\t\t\t\n<div class=\"row\"  id=\"row-739023946\">\n\n\t<div id=\"col-407818037\" class=\"col small-12 large-12\"  >\n\t\t\t\t<div class=\"col-inner\"  >\n\t\t\t\n\t\t\t\n<h1>D\u00e9claration min\u00e9rale de conflit<\/h1>\n<p>Le 21 juillet 2010, la Loi Dodd-Frank sur la r\u00e9forme de Wall Street et la protection des consommateurs a \u00e9t\u00e9 promulgu\u00e9e. La loi Dodd-Frank et les r\u00e8gles connexes de la Securities and Exchange Commission des \u00c9tats-Unis exigent que certaines soci\u00e9t\u00e9s divulguent dans quelle mesure les produits qu\u2019elles fabriquent ou contractent pour fabriquer contiennent des min\u00e9raux dits de conflit provenant de mines en R\u00e9publique d\u00e9mocratique du Congo (RDC) ou dans les pays voisins. Les min\u00e9raux de conflit incluent le tantale, l\u2019\u00e9tain, le tungst\u00e8ne et l\u2019or, qui sont utilis\u00e9s dans de nombreux composants \u00e9lectroniques et produits informatiques.<\/p>\n<p><span style=\"font-size: 14.4px\">En tant que fournisseur de solutions pour les composants \u00e9lectroniques, Hurricane Aerospace Solutions favorise la tra\u00e7abilit\u00e9 de ces min\u00e9raux et la transparence de la cha\u00eene d\u2019approvisionnement. Hurricane Aerospace Solutions croit fermement que ses clients devraient \u00eatre pleinement inform\u00e9s des produits qu\u2019ils ach\u00e8tent. Bien que Hurricane Aerospace Solutions, en tant que distributeur tiers, ne soit pas en mesure de certifier quant au pays d\u2019origine des min\u00e9raux contenus dans les produits fabriqu\u00e9s par Hurricane Aerospace Solutions ou les fournisseurs. Hurricane Aerospace Solutions s\u2019engage \u00e0 travailler avec ses clients pour fournir des produits qui r\u00e9pondent aux sp\u00e9cifications du client ou \u00e0 une solution potentielle. L\u2019Electronics Components Industry Association et la Electronics Industry Citizenship Coalition compilent des renseignements importants sur l\u2019utilisation des min\u00e9raux de conflit dans la cha\u00eene d\u2019approvisionnement technologique. Ces informations peuvent \u00eatre consult\u00e9es \u00e0  <\/span><a style=\"font-size: 14.4px\" href=\"http:\/\/www.eciaonline.org\/\">www.eciaonline.org<\/a><span style=\"font-size: 14.4px\">.<\/span><\/p>\n<p><span style=\"font-size: 14.4px\">En ce qui concerne les aspects limit\u00e9s de l\u2019activit\u00e9 Hurricane Aerospace Solution qui fabriquent ou contractent des produits contenant des min\u00e9raux de conflit qui sont n\u00e9cessaires \u00e0 la fonctionnalit\u00e9 ou \u00e0 la production du produit, Hurricane Aerospace Solutions n\u2019ach\u00e8te directement aucun minerai de conflit \u00e0 partir d\u2019une source quelconque et s\u2019efforce de ne pas acheter de produits contenant des min\u00e9raux de conflit qui financent ou profitent directement ou indirectement aux groupes arm\u00e9s en RDC ou dans les pays voisins. Hurricane Aerospace Solutions demande et s\u2019\u00e9coule vers tous les fournisseurs de sous-cat\u00e9gorie dans toutes les conditions de commande d\u2019achat, la n\u00e9cessit\u00e9 de pouvoir valider la tra\u00e7abilit\u00e9 de la cha\u00eene d\u2019approvisionnement relative \u00e0 l\u2019origine des min\u00e9raux de conflit, y compris, sans s\u2019y limiter, l\u2019\u00e9tain, le tantale, le tungst\u00e8ne ou l\u2019or dans les produits qu\u2019ils fabriquent ou contractent pour fabriquer uniquement des min\u00e9raux sources provenant de sources responsables. Hurricane Aerospace Solutions comprend parfaitement l\u2019importance de cette question pour ses clients et s\u2019engage \u00e0 prendre des initiatives en mati\u00e8re de cha\u00eene d\u2019approvisionnement et \u00e0 assumer la responsabilit\u00e9 sociale globale des entreprises et les efforts de durabilit\u00e9 qui travaillent \u00e0 une cha\u00eene d\u2019approvisionnement sans conflit. Nous encourageons tous nos fournisseurs \u00e0 soutenir \u00e9galement ces efforts et \u00e0 rendre l\u2019information sur l\u2019origine de leurs composants de produits facilement accessible sur leurs sites Web.<\/span><\/p>\n<div>Liens relatifs \u00e0 cette initiative<\/p>\n<ul>\n<li><a href=\"http:\/\/www.conflictfreesourcing.org\/conflict-minerals-reporting-template\/\">http:\/\/www.conflictfreesourcing.org\/conflict-minerals-reporting-template\/<\/a><\/li>\n<li><a href=\"http:\/\/www.conflictfreesmelter.org\/cfshome.htm\">http:\/\/www.conflictfreesmelter.org\/cfshome.htm<\/a>.<\/li>\n<li><a href=\"http:\/\/www.sec.gov\/rules\/final.shtml\">sec.gov\/rules\/final.shtml<\/a>.<\/li>\n<\/ul>\n<\/div>\n\t\t<\/div>\n\t\t\t\t\t<\/div>\n\n\t\n<\/div>\n\t\t<\/div>\n\n\t\t\n<style>\n#section_1341584215 {\n  padding-top: 30px;\n  padding-bottom: 30px;\n}\n<\/style>\n\t<\/section>\n\t\n","protected":false},"excerpt":{"rendered":"","protected":false},"author":4,"featured_media":0,"parent":0,"menu_order":0,"comment_status":"closed","ping_status":"closed","template":"page-blank.php","meta":{"nf_dc_page":"","_monsterinsights_skip_tracking":false,"_monsterinsights_sitenote_active":false,"_monsterinsights_sitenote_note":"","_monsterinsights_sitenote_category":0,"footnotes":""},"class_list":["post-6520","page","type-page","status-publish","hentry"],"yoast_head":"<!-- This site is optimized with the Yoast SEO plugin v27.4 - https:\/\/yoast.com\/product\/yoast-seo-wordpress\/ -->\n<title>D\u00e9claration min\u00e9rale de conflit - Ouragan A\u00e9ronautique<\/title>\n<meta name=\"robots\" content=\"index, follow, max-snippet:-1, max-image-preview:large, max-video-preview:-1\" \/>\n<link rel=\"canonical\" href=\"https:\/\/hurricaneaerospace.com\/fr\/declaration-minerale-de-conflit\/\" \/>\n<meta property=\"og:locale\" content=\"fr_FR\" \/>\n<meta property=\"og:type\" content=\"article\" \/>\n<meta property=\"og:title\" content=\"D\u00e9claration min\u00e9rale de conflit - Ouragan A\u00e9ronautique\" \/>\n<meta property=\"og:url\" content=\"https:\/\/hurricaneaerospace.com\/fr\/declaration-minerale-de-conflit\/\" \/>\n<meta property=\"og:site_name\" content=\"Ouragan A\u00e9ronautique\" \/>\n<meta property=\"article:publisher\" content=\"https:\/\/www.facebook.com\/HurricaneAerospaceSolutions\/\" \/>\n<meta property=\"article:modified_time\" content=\"2020-12-04T04:25:00+00:00\" \/>\n<meta name=\"twitter:card\" content=\"summary_large_image\" \/>\n<meta name=\"twitter:site\" content=\"@hurricaneaero\" \/>\n<meta name=\"twitter:label1\" content=\"Dur\u00e9e de lecture estim\u00e9e\" \/>\n\t<meta name=\"twitter:data1\" content=\"3 minutes\" \/>\n<script type=\"application\/ld+json\" class=\"yoast-schema-graph\">{\"@context\":\"https:\\\/\\\/schema.org\",\"@graph\":[{\"@type\":\"WebPage\",\"@id\":\"https:\\\/\\\/hurricaneaerospace.com\\\/fr\\\/declaration-minerale-de-conflit\\\/\",\"url\":\"https:\\\/\\\/hurricaneaerospace.com\\\/fr\\\/declaration-minerale-de-conflit\\\/\",\"name\":\"D\u00e9claration min\u00e9rale de conflit - Ouragan A\u00e9ronautique\",\"isPartOf\":{\"@id\":\"https:\\\/\\\/hurricaneaerospace.com\\\/fr\\\/#website\"},\"datePublished\":\"2020-08-19T20:38:49+00:00\",\"dateModified\":\"2020-12-04T04:25:00+00:00\",\"breadcrumb\":{\"@id\":\"https:\\\/\\\/hurricaneaerospace.com\\\/fr\\\/declaration-minerale-de-conflit\\\/#breadcrumb\"},\"inLanguage\":\"fr-FR\",\"potentialAction\":[{\"@type\":\"ReadAction\",\"target\":[\"https:\\\/\\\/hurricaneaerospace.com\\\/fr\\\/declaration-minerale-de-conflit\\\/\"]}]},{\"@type\":\"BreadcrumbList\",\"@id\":\"https:\\\/\\\/hurricaneaerospace.com\\\/fr\\\/declaration-minerale-de-conflit\\\/#breadcrumb\",\"itemListElement\":[{\"@type\":\"ListItem\",\"position\":1,\"name\":\"Accueil\",\"item\":\"https:\\\/\\\/hurricaneaerospace.com\\\/fr\\\/\"},{\"@type\":\"ListItem\",\"position\":2,\"name\":\"D\u00e9claration min\u00e9rale de conflit\"}]},{\"@type\":\"WebSite\",\"@id\":\"https:\\\/\\\/hurricaneaerospace.com\\\/fr\\\/#website\",\"url\":\"https:\\\/\\\/hurricaneaerospace.com\\\/fr\\\/\",\"name\":\"Ouragan A\u00e9ronautique\",\"description\":\"Plus de 25 ans d\u2019exp\u00e9rience\",\"publisher\":{\"@id\":\"https:\\\/\\\/hurricaneaerospace.com\\\/fr\\\/#organization\"},\"potentialAction\":[{\"@type\":\"SearchAction\",\"target\":{\"@type\":\"EntryPoint\",\"urlTemplate\":\"https:\\\/\\\/hurricaneaerospace.com\\\/fr\\\/?s={search_term_string}\"},\"query-input\":{\"@type\":\"PropertyValueSpecification\",\"valueRequired\":true,\"valueName\":\"search_term_string\"}}],\"inLanguage\":\"fr-FR\"},{\"@type\":\"Organization\",\"@id\":\"https:\\\/\\\/hurricaneaerospace.com\\\/fr\\\/#organization\",\"name\":\"Hurricane Aerospace Solutions\",\"url\":\"https:\\\/\\\/hurricaneaerospace.com\\\/fr\\\/\",\"logo\":{\"@type\":\"ImageObject\",\"inLanguage\":\"fr-FR\",\"@id\":\"https:\\\/\\\/hurricaneaerospace.com\\\/fr\\\/#\\\/schema\\\/logo\\\/image\\\/\",\"url\":\"https:\\\/\\\/hurricaneaerospace.com\\\/wp-content\\\/uploads\\\/2019\\\/03\\\/Hurricane-Website-Logo-Retina-2019.png\",\"contentUrl\":\"https:\\\/\\\/hurricaneaerospace.com\\\/wp-content\\\/uploads\\\/2019\\\/03\\\/Hurricane-Website-Logo-Retina-2019.png\",\"width\":800,\"height\":482,\"caption\":\"Hurricane Aerospace Solutions\"},\"image\":{\"@id\":\"https:\\\/\\\/hurricaneaerospace.com\\\/fr\\\/#\\\/schema\\\/logo\\\/image\\\/\"},\"sameAs\":[\"https:\\\/\\\/www.facebook.com\\\/HurricaneAerospaceSolutions\\\/\",\"https:\\\/\\\/x.com\\\/hurricaneaero\",\"https:\\\/\\\/www.instagram.com\\\/hurricaneaerospacesolutions\\\/\",\"http:\\\/\\\/www.linkedin.com\\\/company\\\/hurricaneaerospacesolutions\\\/\"]}]}<\/script>\n<!-- \/ Yoast SEO plugin. -->","yoast_head_json":{"title":"D\u00e9claration min\u00e9rale de conflit - Ouragan A\u00e9ronautique","robots":{"index":"index","follow":"follow","max-snippet":"max-snippet:-1","max-image-preview":"max-image-preview:large","max-video-preview":"max-video-preview:-1"},"canonical":"https:\/\/hurricaneaerospace.com\/fr\/declaration-minerale-de-conflit\/","og_locale":"fr_FR","og_type":"article","og_title":"D\u00e9claration min\u00e9rale de conflit - Ouragan A\u00e9ronautique","og_url":"https:\/\/hurricaneaerospace.com\/fr\/declaration-minerale-de-conflit\/","og_site_name":"Ouragan A\u00e9ronautique","article_publisher":"https:\/\/www.facebook.com\/HurricaneAerospaceSolutions\/","article_modified_time":"2020-12-04T04:25:00+00:00","twitter_card":"summary_large_image","twitter_site":"@hurricaneaero","twitter_misc":{"Dur\u00e9e de lecture estim\u00e9e":"3 minutes"},"schema":{"@context":"https:\/\/schema.org","@graph":[{"@type":"WebPage","@id":"https:\/\/hurricaneaerospace.com\/fr\/declaration-minerale-de-conflit\/","url":"https:\/\/hurricaneaerospace.com\/fr\/declaration-minerale-de-conflit\/","name":"D\u00e9claration min\u00e9rale de conflit - Ouragan A\u00e9ronautique","isPartOf":{"@id":"https:\/\/hurricaneaerospace.com\/fr\/#website"},"datePublished":"2020-08-19T20:38:49+00:00","dateModified":"2020-12-04T04:25:00+00:00","breadcrumb":{"@id":"https:\/\/hurricaneaerospace.com\/fr\/declaration-minerale-de-conflit\/#breadcrumb"},"inLanguage":"fr-FR","potentialAction":[{"@type":"ReadAction","target":["https:\/\/hurricaneaerospace.com\/fr\/declaration-minerale-de-conflit\/"]}]},{"@type":"BreadcrumbList","@id":"https:\/\/hurricaneaerospace.com\/fr\/declaration-minerale-de-conflit\/#breadcrumb","itemListElement":[{"@type":"ListItem","position":1,"name":"Accueil","item":"https:\/\/hurricaneaerospace.com\/fr\/"},{"@type":"ListItem","position":2,"name":"D\u00e9claration min\u00e9rale de conflit"}]},{"@type":"WebSite","@id":"https:\/\/hurricaneaerospace.com\/fr\/#website","url":"https:\/\/hurricaneaerospace.com\/fr\/","name":"Ouragan A\u00e9ronautique","description":"Plus de 25 ans d\u2019exp\u00e9rience","publisher":{"@id":"https:\/\/hurricaneaerospace.com\/fr\/#organization"},"potentialAction":[{"@type":"SearchAction","target":{"@type":"EntryPoint","urlTemplate":"https:\/\/hurricaneaerospace.com\/fr\/?s={search_term_string}"},"query-input":{"@type":"PropertyValueSpecification","valueRequired":true,"valueName":"search_term_string"}}],"inLanguage":"fr-FR"},{"@type":"Organization","@id":"https:\/\/hurricaneaerospace.com\/fr\/#organization","name":"Hurricane Aerospace Solutions","url":"https:\/\/hurricaneaerospace.com\/fr\/","logo":{"@type":"ImageObject","inLanguage":"fr-FR","@id":"https:\/\/hurricaneaerospace.com\/fr\/#\/schema\/logo\/image\/","url":"https:\/\/hurricaneaerospace.com\/wp-content\/uploads\/2019\/03\/Hurricane-Website-Logo-Retina-2019.png","contentUrl":"https:\/\/hurricaneaerospace.com\/wp-content\/uploads\/2019\/03\/Hurricane-Website-Logo-Retina-2019.png","width":800,"height":482,"caption":"Hurricane Aerospace Solutions"},"image":{"@id":"https:\/\/hurricaneaerospace.com\/fr\/#\/schema\/logo\/image\/"},"sameAs":["https:\/\/www.facebook.com\/HurricaneAerospaceSolutions\/","https:\/\/x.com\/hurricaneaero","https:\/\/www.instagram.com\/hurricaneaerospacesolutions\/","http:\/\/www.linkedin.com\/company\/hurricaneaerospacesolutions\/"]}]}},"_links":{"self":[{"href":"https:\/\/hurricaneaerospace.com\/fr\/wp-json\/wp\/v2\/pages\/6520","targetHints":{"allow":["GET"]}}],"collection":[{"href":"https:\/\/hurricaneaerospace.com\/fr\/wp-json\/wp\/v2\/pages"}],"about":[{"href":"https:\/\/hurricaneaerospace.com\/fr\/wp-json\/wp\/v2\/types\/page"}],"author":[{"embeddable":true,"href":"https:\/\/hurricaneaerospace.com\/fr\/wp-json\/wp\/v2\/users\/4"}],"replies":[{"embeddable":true,"href":"https:\/\/hurricaneaerospace.com\/fr\/wp-json\/wp\/v2\/comments?post=6520"}],"version-history":[{"count":11,"href":"https:\/\/hurricaneaerospace.com\/fr\/wp-json\/wp\/v2\/pages\/6520\/revisions"}],"predecessor-version":[{"id":8078,"href":"https:\/\/hurricaneaerospace.com\/fr\/wp-json\/wp\/v2\/pages\/6520\/revisions\/8078"}],"wp:attachment":[{"href":"https:\/\/hurricaneaerospace.com\/fr\/wp-json\/wp\/v2\/media?parent=6520"}],"curies":[{"name":"wp","href":"https:\/\/api.w.org\/{rel}","templated":true}]}}