{"id":6574,"date":"2020-08-19T20:42:20","date_gmt":"2020-08-19T20:42:20","guid":{"rendered":"https:\/\/hurricaneaerospace.com\/politique-devitement-des-produits-contrefaits\/"},"modified":"2020-12-04T04:29:56","modified_gmt":"2020-12-04T04:29:56","slug":"politique-devitement-des-produits-contrefaits","status":"publish","type":"page","link":"https:\/\/hurricaneaerospace.com\/fr\/politique-devitement-des-produits-contrefaits\/","title":{"rendered":"Politique d\u2019\u00e9vitement des produits contrefaits"},"content":{"rendered":"\n\n\t<section class=\"section dark\" id=\"section_682110767\">\n\t\t<div class=\"section-bg fill\" >\n\t\t\t<img loading=\"lazy\" decoding=\"async\" width=\"1243\" height=\"302\" src=\"https:\/\/hurricaneaerospace.com\/wp-content\/uploads\/2019\/03\/hurricane-aerospace-blueprint-header-image.jpg\" class=\"bg attachment- size-\" alt=\"\" \/>\t\t\t\t\t\t<div class=\"section-bg-overlay absolute fill\"><\/div>\n\t\t\t\n\n\t\t<\/div>\n\n\t\t\n\n\t\t<div class=\"section-content relative\">\n\t\t\t\n\n<div class=\"row\"  id=\"row-1446373976\">\n\n\n\t<div id=\"col-76716661\" class=\"col small-12 large-12\"  >\n\t\t\t\t<div class=\"col-inner\"  >\n\t\t\t\n\t\t\t\n\n<div class=\"container section-title-container\" style=\"margin-top:0px;margin-bottom:0px;\"><h1 class=\"section-title section-title-center\"><b aria-hidden=\"true\"><\/b><span class=\"section-title-main\" >Politique d\u2019\u00e9vitement des produits contrefaits<\/span><b aria-hidden=\"true\"><\/b><\/h1><\/div>\n\n\n\t\t<\/div>\n\t\t\t\t\t<\/div>\n\n\t\n\n<\/div>\n\n\t\t<\/div>\n\n\t\t\n<style>\n#section_682110767 {\n  padding-top: 50px;\n  padding-bottom: 50px;\n}\n#section_682110767 .section-bg-overlay {\n  background-color: rgba(27, 64, 128, 0.55);\n}\n<\/style>\n\t<\/section>\n\t\n\n\t<section class=\"section\" id=\"section_1788810863\">\n\t\t<div class=\"section-bg fill\" >\n\t\t\t\t\t\t\t\t\t\n\t\t\t\n\n\t\t<\/div>\n\n\t\t\n\n\t\t<div class=\"section-content relative\">\n\t\t\t\n\n<div class=\"row\"  id=\"row-1326640156\">\n\n\n\t<div id=\"col-637803684\" class=\"col small-12 large-12\"  >\n\t\t\t\t<div class=\"col-inner\"  >\n\t\t\t\n\t\t\t\n\n<h1>Politique d\u2019\u00e9vitement des produits contrefaits<\/h1>\n<p>C\u2019est un honneur et un privil\u00e8ge d\u2019\u00eatre un fournisseur de composants et d\u2019\u00e9quipement \u00e9lectroniques pour la communaut\u00e9 de l\u2019aviation et des maritimes au cours des cinq derni\u00e8res ann\u00e9es. Des avions de ligne commerciaux, des avions et des navires des propri\u00e9taires priv\u00e9s aux soldats sur le terrain, nous servons certaines des personnes les plus d\u00e9vou\u00e9es et les plus travaillantes au monde. Beaucoup d\u2019entre eux mettent leur vie en danger tous les jours pour nous prot\u00e9ger et nous garder en libert\u00e9 au service de l\u2019arm\u00e9e am\u00e9ricaine. Il nous incombe donc \u00e0 tous de fournir le meilleur \u00e9quipement, fabriqu\u00e9 avec la meilleure qualit\u00e9 de mat\u00e9riaux et de composants \u00e9lectroniques.<\/p>\n<p>Les pi\u00e8ces contrefaites sont un probl\u00e8me majeur dans l\u2019industrie \u00e9lectronique. Soyez assur\u00e9 que Hurricane Electronics, Inc. a toujours consid\u00e9r\u00e9 que les pi\u00e8ces exc\u00e9dentaires ou non tra\u00e7ables \u00e9taient intrins\u00e8quement suspectes et examin\u00e9es en cons\u00e9quence. De plus, notre processus d\u2019inspection a toujours \u00e9t\u00e9 effectu\u00e9 en ce qui a l\u2019esprit avec la d\u00e9tection et l\u2019\u00e9vitement des contrefa\u00e7ons. Utilisation de la maison d\u2019essai approuv\u00e9e par le client et des articles de criblage livr\u00e9s \u00e0 partir de la cha\u00eene d\u2019approvisionnement oem et franchise. Les contrefacteurs ne s\u2019arr\u00eatent pas au repos, pas plus qu\u2019Hurricane Electronics, Inc. En 2012, dans le cadre de notre am\u00e9lioration continue visant non seulement \u00e0 r\u00e9pondre et \u00e0 d\u00e9passer les attentes de nos clients, nous avons entrepris un voyage documentant officiellement les processus et proc\u00e9dures sp\u00e9cifiques \u00e0 l\u2019\u00e9vitement des pi\u00e8ces \u00e9lectroniques contrefaites, englobant \u00e0 la fois la norme SAE AS5553 et les exigences de conformit\u00e9 D950-11160-1 de la compagnie Boeing afin de nous assurer que nous avons et continuons d\u2019att\u00e9nuer tout risque potentiel et d\u2019am\u00e9liorer continuellement nos capacit\u00e9s de d\u00e9tection de produits contrefaits.<\/p>\n<p><strong>Hurricane Electronics, Inc. s\u2019engage \u00e0 ce qui suit :<\/strong><\/p>\n<ul>\n<li><em>Les nouveaux composants d\u2019usine seront achet\u00e9s directement aupr\u00e8s des fabricants d\u2019origine ou de leurs concessionnaires autoris\u00e9s.<\/em><\/li>\n<li><em>Notre client sera toujours inform\u00e9 des probl\u00e8mes de disponibilit\u00e9 concernant les pi\u00e8ces dont ils ont besoin. Les pi\u00e8ces seront scrupuleusement inspect\u00e9es conform\u00e9ment aux AS5553 et D950-11160-1 en utilisant des techniques actuellement connues pour identifier les pi\u00e8ces suspectes.<\/em><\/li>\n<li><em>L\u2019inspection visuelle, la mesure, la v\u00e9rification des codes de date, le nombre de lots et les marques des fabricants, la permanence du marquage, l\u2019\u00e9valuation non destructive, les essais destructeurs et \u00e9lectriques, le burn-in, etc. seront utilis\u00e9s en fonction de l\u2019\u00e9valuation des risques.<\/em><\/li>\n<\/ul>\n<p><em><strong>La d\u00e9couverte de pi\u00e8ces contrefaites sera imm\u00e9diatement signal\u00e9e \u00e0 l\u2019ERAI et \u00e0 toutes les parties concern\u00e9es.<\/strong><\/em><\/p>\n\n\t\t<\/div>\n\t\t\t\t\t<\/div>\n\n\t\n\n<\/div>\n\n\t\t<\/div>\n\n\t\t\n<style>\n#section_1788810863 {\n  padding-top: 60px;\n  padding-bottom: 60px;\n}\n<\/style>\n\t<\/section>\n\t\n\n","protected":false},"excerpt":{"rendered":"","protected":false},"author":4,"featured_media":0,"parent":0,"menu_order":0,"comment_status":"closed","ping_status":"closed","template":"page-blank.php","meta":{"nf_dc_page":"","_monsterinsights_skip_tracking":false,"_monsterinsights_sitenote_active":false,"_monsterinsights_sitenote_note":"","_monsterinsights_sitenote_category":0,"footnotes":""},"class_list":["post-6574","page","type-page","status-publish","hentry"],"yoast_head":"<!-- This site is optimized with the Yoast SEO plugin v27.4 - https:\/\/yoast.com\/product\/yoast-seo-wordpress\/ -->\n<title>Politique d\u2019\u00e9vitement des produits contrefaits - Ouragan A\u00e9ronautique<\/title>\n<meta name=\"robots\" content=\"index, follow, max-snippet:-1, max-image-preview:large, max-video-preview:-1\" \/>\n<link rel=\"canonical\" href=\"https:\/\/hurricaneaerospace.com\/fr\/politique-devitement-des-produits-contrefaits\/\" \/>\n<meta property=\"og:locale\" content=\"fr_FR\" \/>\n<meta property=\"og:type\" content=\"article\" \/>\n<meta property=\"og:title\" content=\"Politique d\u2019\u00e9vitement des produits contrefaits - Ouragan A\u00e9ronautique\" \/>\n<meta property=\"og:url\" content=\"https:\/\/hurricaneaerospace.com\/fr\/politique-devitement-des-produits-contrefaits\/\" \/>\n<meta property=\"og:site_name\" content=\"Ouragan A\u00e9ronautique\" \/>\n<meta property=\"article:publisher\" content=\"https:\/\/www.facebook.com\/HurricaneAerospaceSolutions\/\" \/>\n<meta property=\"article:modified_time\" content=\"2020-12-04T04:29:56+00:00\" \/>\n<meta name=\"twitter:card\" content=\"summary_large_image\" \/>\n<meta name=\"twitter:site\" content=\"@hurricaneaero\" \/>\n<meta name=\"twitter:label1\" content=\"Dur\u00e9e de lecture estim\u00e9e\" \/>\n\t<meta name=\"twitter:data1\" content=\"3 minutes\" \/>\n<script type=\"application\/ld+json\" class=\"yoast-schema-graph\">{\"@context\":\"https:\\\/\\\/schema.org\",\"@graph\":[{\"@type\":\"WebPage\",\"@id\":\"https:\\\/\\\/hurricaneaerospace.com\\\/fr\\\/politique-devitement-des-produits-contrefaits\\\/\",\"url\":\"https:\\\/\\\/hurricaneaerospace.com\\\/fr\\\/politique-devitement-des-produits-contrefaits\\\/\",\"name\":\"Politique d\u2019\u00e9vitement des produits contrefaits - Ouragan A\u00e9ronautique\",\"isPartOf\":{\"@id\":\"https:\\\/\\\/hurricaneaerospace.com\\\/fr\\\/#website\"},\"datePublished\":\"2020-08-19T20:42:20+00:00\",\"dateModified\":\"2020-12-04T04:29:56+00:00\",\"breadcrumb\":{\"@id\":\"https:\\\/\\\/hurricaneaerospace.com\\\/fr\\\/politique-devitement-des-produits-contrefaits\\\/#breadcrumb\"},\"inLanguage\":\"fr-FR\",\"potentialAction\":[{\"@type\":\"ReadAction\",\"target\":[\"https:\\\/\\\/hurricaneaerospace.com\\\/fr\\\/politique-devitement-des-produits-contrefaits\\\/\"]}]},{\"@type\":\"BreadcrumbList\",\"@id\":\"https:\\\/\\\/hurricaneaerospace.com\\\/fr\\\/politique-devitement-des-produits-contrefaits\\\/#breadcrumb\",\"itemListElement\":[{\"@type\":\"ListItem\",\"position\":1,\"name\":\"Accueil\",\"item\":\"https:\\\/\\\/hurricaneaerospace.com\\\/fr\\\/\"},{\"@type\":\"ListItem\",\"position\":2,\"name\":\"Politique d\u2019\u00e9vitement des produits contrefaits\"}]},{\"@type\":\"WebSite\",\"@id\":\"https:\\\/\\\/hurricaneaerospace.com\\\/fr\\\/#website\",\"url\":\"https:\\\/\\\/hurricaneaerospace.com\\\/fr\\\/\",\"name\":\"Ouragan A\u00e9ronautique\",\"description\":\"Plus de 25 ans d\u2019exp\u00e9rience\",\"publisher\":{\"@id\":\"https:\\\/\\\/hurricaneaerospace.com\\\/fr\\\/#organization\"},\"potentialAction\":[{\"@type\":\"SearchAction\",\"target\":{\"@type\":\"EntryPoint\",\"urlTemplate\":\"https:\\\/\\\/hurricaneaerospace.com\\\/fr\\\/?s={search_term_string}\"},\"query-input\":{\"@type\":\"PropertyValueSpecification\",\"valueRequired\":true,\"valueName\":\"search_term_string\"}}],\"inLanguage\":\"fr-FR\"},{\"@type\":\"Organization\",\"@id\":\"https:\\\/\\\/hurricaneaerospace.com\\\/fr\\\/#organization\",\"name\":\"Hurricane Aerospace Solutions\",\"url\":\"https:\\\/\\\/hurricaneaerospace.com\\\/fr\\\/\",\"logo\":{\"@type\":\"ImageObject\",\"inLanguage\":\"fr-FR\",\"@id\":\"https:\\\/\\\/hurricaneaerospace.com\\\/fr\\\/#\\\/schema\\\/logo\\\/image\\\/\",\"url\":\"https:\\\/\\\/hurricaneaerospace.com\\\/wp-content\\\/uploads\\\/2019\\\/03\\\/Hurricane-Website-Logo-Retina-2019.png\",\"contentUrl\":\"https:\\\/\\\/hurricaneaerospace.com\\\/wp-content\\\/uploads\\\/2019\\\/03\\\/Hurricane-Website-Logo-Retina-2019.png\",\"width\":800,\"height\":482,\"caption\":\"Hurricane Aerospace Solutions\"},\"image\":{\"@id\":\"https:\\\/\\\/hurricaneaerospace.com\\\/fr\\\/#\\\/schema\\\/logo\\\/image\\\/\"},\"sameAs\":[\"https:\\\/\\\/www.facebook.com\\\/HurricaneAerospaceSolutions\\\/\",\"https:\\\/\\\/x.com\\\/hurricaneaero\",\"https:\\\/\\\/www.instagram.com\\\/hurricaneaerospacesolutions\\\/\",\"http:\\\/\\\/www.linkedin.com\\\/company\\\/hurricaneaerospacesolutions\\\/\"]}]}<\/script>\n<!-- \/ Yoast SEO plugin. -->","yoast_head_json":{"title":"Politique d\u2019\u00e9vitement des produits contrefaits - Ouragan A\u00e9ronautique","robots":{"index":"index","follow":"follow","max-snippet":"max-snippet:-1","max-image-preview":"max-image-preview:large","max-video-preview":"max-video-preview:-1"},"canonical":"https:\/\/hurricaneaerospace.com\/fr\/politique-devitement-des-produits-contrefaits\/","og_locale":"fr_FR","og_type":"article","og_title":"Politique d\u2019\u00e9vitement des produits contrefaits - Ouragan A\u00e9ronautique","og_url":"https:\/\/hurricaneaerospace.com\/fr\/politique-devitement-des-produits-contrefaits\/","og_site_name":"Ouragan A\u00e9ronautique","article_publisher":"https:\/\/www.facebook.com\/HurricaneAerospaceSolutions\/","article_modified_time":"2020-12-04T04:29:56+00:00","twitter_card":"summary_large_image","twitter_site":"@hurricaneaero","twitter_misc":{"Dur\u00e9e de lecture estim\u00e9e":"3 minutes"},"schema":{"@context":"https:\/\/schema.org","@graph":[{"@type":"WebPage","@id":"https:\/\/hurricaneaerospace.com\/fr\/politique-devitement-des-produits-contrefaits\/","url":"https:\/\/hurricaneaerospace.com\/fr\/politique-devitement-des-produits-contrefaits\/","name":"Politique d\u2019\u00e9vitement des produits contrefaits - Ouragan A\u00e9ronautique","isPartOf":{"@id":"https:\/\/hurricaneaerospace.com\/fr\/#website"},"datePublished":"2020-08-19T20:42:20+00:00","dateModified":"2020-12-04T04:29:56+00:00","breadcrumb":{"@id":"https:\/\/hurricaneaerospace.com\/fr\/politique-devitement-des-produits-contrefaits\/#breadcrumb"},"inLanguage":"fr-FR","potentialAction":[{"@type":"ReadAction","target":["https:\/\/hurricaneaerospace.com\/fr\/politique-devitement-des-produits-contrefaits\/"]}]},{"@type":"BreadcrumbList","@id":"https:\/\/hurricaneaerospace.com\/fr\/politique-devitement-des-produits-contrefaits\/#breadcrumb","itemListElement":[{"@type":"ListItem","position":1,"name":"Accueil","item":"https:\/\/hurricaneaerospace.com\/fr\/"},{"@type":"ListItem","position":2,"name":"Politique d\u2019\u00e9vitement des produits contrefaits"}]},{"@type":"WebSite","@id":"https:\/\/hurricaneaerospace.com\/fr\/#website","url":"https:\/\/hurricaneaerospace.com\/fr\/","name":"Ouragan A\u00e9ronautique","description":"Plus de 25 ans d\u2019exp\u00e9rience","publisher":{"@id":"https:\/\/hurricaneaerospace.com\/fr\/#organization"},"potentialAction":[{"@type":"SearchAction","target":{"@type":"EntryPoint","urlTemplate":"https:\/\/hurricaneaerospace.com\/fr\/?s={search_term_string}"},"query-input":{"@type":"PropertyValueSpecification","valueRequired":true,"valueName":"search_term_string"}}],"inLanguage":"fr-FR"},{"@type":"Organization","@id":"https:\/\/hurricaneaerospace.com\/fr\/#organization","name":"Hurricane Aerospace Solutions","url":"https:\/\/hurricaneaerospace.com\/fr\/","logo":{"@type":"ImageObject","inLanguage":"fr-FR","@id":"https:\/\/hurricaneaerospace.com\/fr\/#\/schema\/logo\/image\/","url":"https:\/\/hurricaneaerospace.com\/wp-content\/uploads\/2019\/03\/Hurricane-Website-Logo-Retina-2019.png","contentUrl":"https:\/\/hurricaneaerospace.com\/wp-content\/uploads\/2019\/03\/Hurricane-Website-Logo-Retina-2019.png","width":800,"height":482,"caption":"Hurricane Aerospace Solutions"},"image":{"@id":"https:\/\/hurricaneaerospace.com\/fr\/#\/schema\/logo\/image\/"},"sameAs":["https:\/\/www.facebook.com\/HurricaneAerospaceSolutions\/","https:\/\/x.com\/hurricaneaero","https:\/\/www.instagram.com\/hurricaneaerospacesolutions\/","http:\/\/www.linkedin.com\/company\/hurricaneaerospacesolutions\/"]}]}},"_links":{"self":[{"href":"https:\/\/hurricaneaerospace.com\/fr\/wp-json\/wp\/v2\/pages\/6574","targetHints":{"allow":["GET"]}}],"collection":[{"href":"https:\/\/hurricaneaerospace.com\/fr\/wp-json\/wp\/v2\/pages"}],"about":[{"href":"https:\/\/hurricaneaerospace.com\/fr\/wp-json\/wp\/v2\/types\/page"}],"author":[{"embeddable":true,"href":"https:\/\/hurricaneaerospace.com\/fr\/wp-json\/wp\/v2\/users\/4"}],"replies":[{"embeddable":true,"href":"https:\/\/hurricaneaerospace.com\/fr\/wp-json\/wp\/v2\/comments?post=6574"}],"version-history":[{"count":2,"href":"https:\/\/hurricaneaerospace.com\/fr\/wp-json\/wp\/v2\/pages\/6574\/revisions"}],"predecessor-version":[{"id":8131,"href":"https:\/\/hurricaneaerospace.com\/fr\/wp-json\/wp\/v2\/pages\/6574\/revisions\/8131"}],"wp:attachment":[{"href":"https:\/\/hurricaneaerospace.com\/fr\/wp-json\/wp\/v2\/media?parent=6574"}],"curies":[{"name":"wp","href":"https:\/\/api.w.org\/{rel}","templated":true}]}}