{"id":6591,"date":"2020-08-19T20:42:22","date_gmt":"2020-08-19T20:42:22","guid":{"rendered":"https:\/\/hurricaneaerospace.com\/fabrication-dingenierie\/"},"modified":"2020-12-04T04:29:56","modified_gmt":"2020-12-04T04:29:56","slug":"fabrication-dingenierie","status":"publish","type":"page","link":"https:\/\/hurricaneaerospace.com\/fr\/fabrication-dingenierie\/","title":{"rendered":"Fabrication d\u2019ing\u00e9nierie"},"content":{"rendered":"\n\t<section class=\"section dark\" id=\"section_1579990850\">\n\t\t<div class=\"section-bg fill\" >\n\t\t\t<img loading=\"lazy\" decoding=\"async\" width=\"2000\" height=\"1333\" src=\"https:\/\/hurricaneaerospace.com\/wp-content\/uploads\/2019\/03\/shutterstock_1084292654.jpg\" class=\"bg attachment-original size-original\" alt=\"shutterstock_1084292654\" \/>\t\t\t\t\t\t<div class=\"section-bg-overlay absolute fill\"><\/div>\n\t\t\t\n\n\t\t<\/div>\n\n\t\t\n\n\t\t<div class=\"section-content relative\">\n\t\t\t\n<div class=\"container section-title-container\" style=\"margin-top:0px;margin-bottom:0px;\"><h1 class=\"section-title section-title-center\"><b aria-hidden=\"true\"><\/b><span class=\"section-title-main\" style=\"font-size:140%;\">Fabrication d\u2019ing\u00e9nierie<\/span><b aria-hidden=\"true\"><\/b><\/h1><\/div>\n\t\t<\/div>\n\n\t\t\n<style>\n#section_1579990850 {\n  padding-top: 100px;\n  padding-bottom: 100px;\n}\n#section_1579990850 .section-bg-overlay {\n  background-color: rgba(27, 64, 128, 0.54);\n}\n<\/style>\n\t<\/section>\n\t\n\n\t<section class=\"section\" id=\"section_1574250961\">\n\t\t<div class=\"section-bg fill\" >\n\t\t\t\t\t\t\t\t\t\n\t\t\t\n\n\t\t<\/div>\n\n\t\t\n\n\t\t<div class=\"section-content relative\">\n\t\t\t\n<div class=\"row\"  id=\"row-967754890\">\n\n\t<div id=\"col-1190335683\" class=\"col medium-5 small-12 large-5\"  >\n\t\t\t\t<div class=\"col-inner\"  >\n\t\t\t\n\t\t\t\n<div class=\"container section-title-container\" style=\"margin-top:0px;margin-bottom:0px;\"><h1 class=\"section-title section-title-normal\"><b aria-hidden=\"true\"><\/b><span class=\"section-title-main\" >Fabrication d\u2019ing\u00e9nierie<\/span><b aria-hidden=\"true\"><\/b><\/h1><\/div>\n<p>Les exigences constantes du march\u00e9 des communaut\u00e9s de l\u2019aviation et de la d\u00e9fense exigent que notre \u00e9quipe am\u00e9liore et d\u00e9veloppe continuellement nos capacit\u00e9s gr\u00e2ce \u00e0 des am\u00e9liorations continues \u00e0 notre infrastructure actuelle.<\/p>\n<p>Planifier et planifier r\u00e9guli\u00e8rement l\u2019ajout de ressources suppl\u00e9mentaires dans la cha\u00eene d\u2019approvisionnement pour r\u00e9pondre \u00e0 toutes les exigences.<\/p>\n<a href=\"\/demande-devis\/\" class=\"button primary\" >\n\t\t<span>Demander un devis<\/span>\n\t<\/a>\n\n<a href=\"\/contact\/\" class=\"button secondary\" >\n\t\t<span>Contactez-nous<\/span>\n\t<\/a>\n\n<div class=\"is-divider divider clearfix\" ><\/div>\n<h3 class=\"lead\">Un clich\u00e9 du processus sur l\u2019ensemble ressemblerait \u00e0:<\/h3>\n\t\t<\/div>\n\t\t\t\t\t<\/div>\n\n\t\n\n\t<div id=\"col-1883975768\" class=\"col medium-6 small-12 large-6\"  >\n\t\t\t\t<div class=\"col-inner\"  >\n\t\t\t\n\t\t\t\n\t<div class=\"img has-hover x md-x lg-x y md-y lg-y\" id=\"image_1316792344\">\n\t\t\t\t\t\t\t\t<div class=\"img-inner dark\" >\n\t\t\t<img loading=\"lazy\" decoding=\"async\" width=\"1011\" height=\"1024\" src=\"https:\/\/hurricaneaerospace.com\/wp-content\/uploads\/2019\/03\/hurricane-aerospace-Supply-Chain-Partner-1011x1024.jpg\" class=\"attachment-large size-large\" alt=\"Unique Market Appeal\" srcset=\"https:\/\/hurricaneaerospace.com\/wp-content\/uploads\/2019\/03\/hurricane-aerospace-Supply-Chain-Partner-1011x1024.jpg 1011w, https:\/\/hurricaneaerospace.com\/wp-content\/uploads\/2019\/03\/hurricane-aerospace-Supply-Chain-Partner-296x300.jpg 296w, https:\/\/hurricaneaerospace.com\/wp-content\/uploads\/2019\/03\/hurricane-aerospace-Supply-Chain-Partner-768x778.jpg 768w, https:\/\/hurricaneaerospace.com\/wp-content\/uploads\/2019\/03\/hurricane-aerospace-Supply-Chain-Partner-600x608.jpg 600w, https:\/\/hurricaneaerospace.com\/wp-content\/uploads\/2019\/03\/hurricane-aerospace-Supply-Chain-Partner-100x100.jpg 100w, https:\/\/hurricaneaerospace.com\/wp-content\/uploads\/2019\/03\/hurricane-aerospace-Supply-Chain-Partner.jpg 1975w\" sizes=\"auto, (max-width: 1011px) 100vw, 1011px\" \/>\t\t\t\t\t\t\n\t\t\t\t\t<\/div>\n\t\t\t\t\t\t\t\t\n<style>\n#image_1316792344 {\n  width: 100%;\n}\n<\/style>\n\t<\/div>\n\t\n\t\t<\/div>\n\t\t\t\t\t<\/div>\n\n\t\n<\/div>\n\t\t<\/div>\n\n\t\t\n<style>\n#section_1574250961 {\n  padding-top: 30px;\n  padding-bottom: 30px;\n}\n<\/style>\n\t<\/section>\n\t\n\n\t<section class=\"section\" id=\"section_496087006\">\n\t\t<div class=\"section-bg fill\" >\n\t\t\t\t\t\t\t\t\t\n\t\t\t\n\n\t\t<\/div>\n\n\t\t\n\n\t\t<div class=\"section-content relative\">\n\t\t\t\n<div class=\"row\"  id=\"row-815848289\">\n\n\t<div id=\"col-1245167083\" class=\"col medium-6 small-12 large-6\"  >\n\t\t\t\t<div class=\"col-inner\"  >\n\t\t\t\n\t\t\t\n<h3>Hurricane est conforme aux exigences actuelles des industries en mati\u00e8re de contr\u00f4le des donn\u00e9es et des logiciels de d\u00e9finition de produits num\u00e9riques. Boeing \u00e9tait parvenu \u00e0 un consensus sur un processus commun de contr\u00f4le du transfert de la d\u00e9finition des produits num\u00e9riques aux fournisseurs, qui est d\u00e9crit en 4 sections principales.<\/h3>\n<ul>\n<li>La section A de la liste de contr\u00f4le est utilis\u00e9e pour effectuer une v\u00e9rification de base des capacit\u00e9s de d\u00e9finition de produit num\u00e9rique (DPD).<\/li>\n<li>La section B est utilis\u00e9e pour effectuer la v\u00e9rification des capacit\u00e9s de d\u00e9finition bas\u00e9e sur le mod\u00e8le (MBD).<\/li>\n<li>La section C est utilis\u00e9e pour la v\u00e9rification des capacit\u00e9s du syst\u00e8me de mesure de coordonn\u00e9es (CMS).<\/li>\n<li>La section D est utilis\u00e9e pour effectuer la v\u00e9rification des capacit\u00e9s de Plotter.<\/li>\n<\/ul>\n\t\t<\/div>\n\t\t\t\t\t<\/div>\n\n\t\n\n\t<div id=\"col-817248102\" class=\"col medium-6 small-12 large-6\"  >\n\t\t\t\t<div class=\"col-inner\"  >\n\t\t\t\n\t\t\t\n<h3>Hurricane a v\u00e9rifi\u00e9 et s\u2019est r\u00e9v\u00e9l\u00e9 conforme \u00e0 ce mod\u00e8le d\u2019exploitation tout en continuant \u00e0 s\u2019am\u00e9liorer depuis 2015 Ressources, y compris:<\/h3>\n<ul>\n<li>Capacit\u00e9s des bras FARO sur site et mobiles<\/li>\n<li>Sur place et les capacit\u00e9s mobiles de traqueur laser FARO<\/li>\n<li>Ensembles complets d\u2019outils calibr\u00e9s, y compris, sans s\u2019y limiter, les jauges de rayon, les jauges de hauteur et les \u00e9triers<\/li>\n<li>Plaque de surface calibr\u00e9e<\/li>\n<li>Gestionnaire de qualit\u00e9\/Services d\u2019ing\u00e9nierie \u00e0 temps plein<\/li>\n<li>Logiciel CAO incluant mais non limit\u00e9 au syst\u00e8me Dassaut Solid Works<\/li>\n<\/ul>\n\t\t<\/div>\n\t\t\t\t\t<\/div>\n\n\t\n<\/div>\n\t\t<\/div>\n\n\t\t\n<style>\n#section_496087006 {\n  padding-top: 30px;\n  padding-bottom: 30px;\n  background-color: rgb(238, 252, 255);\n}\n<\/style>\n\t<\/section>\n\t\n\n\t<section class=\"section\" id=\"section_405256993\">\n\t\t<div class=\"section-bg fill\" >\n\t\t\t\t\t\t\t\t\t\n\t\t\t\n\n\t\t<\/div>\n\n\t\t\n\n\t\t<div class=\"section-content relative\">\n\t\t\t\n<div class=\"row\"  id=\"row-81626171\">\n\n\t<div id=\"col-121861001\" class=\"col medium-6 small-12 large-6\"  >\n\t\t\t\t<div class=\"col-inner\"  >\n\t\t\t\n\t\t\t\n<h2>Syst\u00e8me de gestion de la qualit\u00e9<\/h2>\n<p>Hurricane Aerospace Solutions maintient et am\u00e9liore continuellement un syst\u00e8me enregistr\u00e9 de gestion de la qualit\u00e9 \u00e0 AS9100 Rev.D et AC-00-56. Hurricane Aerospace Solutions, Inc. a d\u00e9j\u00e0 int\u00e9gr\u00e9 un vaste programme de DTS au sein de nos installations afin de r\u00e9pondre aux besoins des clients et\/ou de les d\u00e9passer. Hurricane a int\u00e9gr\u00e9 un programme officiel d\u2019\u00e9vitement des pi\u00e8ces \u00e9lectroniques contrefaites accept\u00e9 par Boeing et la NASA.<\/p>\n<p class=\"lead\"><strong>Nous avons livr\u00e9 avec succ\u00e8s divers articles manufactur\u00e9s pour de nombreuses plates-formes a\u00e9rospatiales et de d\u00e9fense diff\u00e9rentes dans de nombreuses cat\u00e9gories telles que:<\/strong><\/p>\n\t\t<\/div>\n\t\t\t\t\t<\/div>\n\n\t\n\n\t<div id=\"col-1327062637\" class=\"col medium-6 small-12 large-6\"  >\n\t\t\t\t<div class=\"col-inner\"  >\n\t\t\t\n\t\t\t\n\t<div class=\"img has-hover x md-x lg-x y md-y lg-y\" id=\"image_57143525\">\n\t\t\t\t\t\t\t\t<div class=\"img-inner dark\" >\n\t\t\t<img loading=\"lazy\" decoding=\"async\" width=\"581\" height=\"1024\" src=\"https:\/\/hurricaneaerospace.com\/wp-content\/uploads\/2019\/03\/We-Engineer-Parts-581x1024.jpg\" class=\"attachment-large size-large\" alt=\"airforce\" srcset=\"https:\/\/hurricaneaerospace.com\/wp-content\/uploads\/2019\/03\/We-Engineer-Parts-581x1024.jpg 581w, https:\/\/hurricaneaerospace.com\/wp-content\/uploads\/2019\/03\/We-Engineer-Parts-170x300.jpg 170w, https:\/\/hurricaneaerospace.com\/wp-content\/uploads\/2019\/03\/We-Engineer-Parts-768x1354.jpg 768w, https:\/\/hurricaneaerospace.com\/wp-content\/uploads\/2019\/03\/We-Engineer-Parts-600x1058.jpg 600w, https:\/\/hurricaneaerospace.com\/wp-content\/uploads\/2019\/03\/We-Engineer-Parts.jpg 1162w\" sizes=\"auto, (max-width: 581px) 100vw, 581px\" \/>\t\t\t\t\t\t\n\t\t\t\t\t<\/div>\n\t\t\t\t\t\t\t\t\n<style>\n#image_57143525 {\n  width: 100%;\n}\n<\/style>\n\t<\/div>\n\t\n\t\t<\/div>\n\t\t\t\t\t<\/div>\n\n\t\n<\/div>\n\t\t<\/div>\n\n\t\t\n<style>\n#section_405256993 {\n  padding-top: 100px;\n  padding-bottom: 100px;\n  background-color: rgb(255, 255, 255);\n}\n<\/style>\n\t<\/section>\n\t\n","protected":false},"excerpt":{"rendered":"","protected":false},"author":4,"featured_media":0,"parent":0,"menu_order":0,"comment_status":"closed","ping_status":"closed","template":"page-blank.php","meta":{"nf_dc_page":"","_monsterinsights_skip_tracking":false,"_monsterinsights_sitenote_active":false,"_monsterinsights_sitenote_note":"","_monsterinsights_sitenote_category":0,"footnotes":""},"class_list":["post-6591","page","type-page","status-publish","hentry"],"yoast_head":"<!-- This site is optimized with the Yoast SEO plugin v27.4 - https:\/\/yoast.com\/product\/yoast-seo-wordpress\/ -->\n<title>Fabrication d\u2019ing\u00e9nierie - Ouragan A\u00e9ronautique<\/title>\n<meta name=\"robots\" content=\"index, follow, max-snippet:-1, max-image-preview:large, max-video-preview:-1\" \/>\n<link rel=\"canonical\" href=\"https:\/\/hurricaneaerospace.com\/fr\/fabrication-dingenierie\/\" \/>\n<meta property=\"og:locale\" content=\"fr_FR\" \/>\n<meta property=\"og:type\" content=\"article\" \/>\n<meta property=\"og:title\" content=\"Fabrication d\u2019ing\u00e9nierie - Ouragan A\u00e9ronautique\" \/>\n<meta property=\"og:url\" content=\"https:\/\/hurricaneaerospace.com\/fr\/fabrication-dingenierie\/\" \/>\n<meta property=\"og:site_name\" content=\"Ouragan A\u00e9ronautique\" \/>\n<meta property=\"article:publisher\" content=\"https:\/\/www.facebook.com\/HurricaneAerospaceSolutions\/\" \/>\n<meta property=\"article:modified_time\" content=\"2020-12-04T04:29:56+00:00\" \/>\n<meta name=\"twitter:card\" content=\"summary_large_image\" \/>\n<meta name=\"twitter:site\" content=\"@hurricaneaero\" \/>\n<meta name=\"twitter:label1\" content=\"Dur\u00e9e de lecture estim\u00e9e\" \/>\n\t<meta name=\"twitter:data1\" content=\"3 minutes\" \/>\n<script type=\"application\/ld+json\" class=\"yoast-schema-graph\">{\"@context\":\"https:\\\/\\\/schema.org\",\"@graph\":[{\"@type\":\"WebPage\",\"@id\":\"https:\\\/\\\/hurricaneaerospace.com\\\/fr\\\/fabrication-dingenierie\\\/\",\"url\":\"https:\\\/\\\/hurricaneaerospace.com\\\/fr\\\/fabrication-dingenierie\\\/\",\"name\":\"Fabrication d\u2019ing\u00e9nierie - Ouragan A\u00e9ronautique\",\"isPartOf\":{\"@id\":\"https:\\\/\\\/hurricaneaerospace.com\\\/fr\\\/#website\"},\"datePublished\":\"2020-08-19T20:42:22+00:00\",\"dateModified\":\"2020-12-04T04:29:56+00:00\",\"breadcrumb\":{\"@id\":\"https:\\\/\\\/hurricaneaerospace.com\\\/fr\\\/fabrication-dingenierie\\\/#breadcrumb\"},\"inLanguage\":\"fr-FR\",\"potentialAction\":[{\"@type\":\"ReadAction\",\"target\":[\"https:\\\/\\\/hurricaneaerospace.com\\\/fr\\\/fabrication-dingenierie\\\/\"]}]},{\"@type\":\"BreadcrumbList\",\"@id\":\"https:\\\/\\\/hurricaneaerospace.com\\\/fr\\\/fabrication-dingenierie\\\/#breadcrumb\",\"itemListElement\":[{\"@type\":\"ListItem\",\"position\":1,\"name\":\"Accueil\",\"item\":\"https:\\\/\\\/hurricaneaerospace.com\\\/fr\\\/\"},{\"@type\":\"ListItem\",\"position\":2,\"name\":\"Fabrication d\u2019ing\u00e9nierie\"}]},{\"@type\":\"WebSite\",\"@id\":\"https:\\\/\\\/hurricaneaerospace.com\\\/fr\\\/#website\",\"url\":\"https:\\\/\\\/hurricaneaerospace.com\\\/fr\\\/\",\"name\":\"Ouragan A\u00e9ronautique\",\"description\":\"Plus de 25 ans d\u2019exp\u00e9rience\",\"publisher\":{\"@id\":\"https:\\\/\\\/hurricaneaerospace.com\\\/fr\\\/#organization\"},\"potentialAction\":[{\"@type\":\"SearchAction\",\"target\":{\"@type\":\"EntryPoint\",\"urlTemplate\":\"https:\\\/\\\/hurricaneaerospace.com\\\/fr\\\/?s={search_term_string}\"},\"query-input\":{\"@type\":\"PropertyValueSpecification\",\"valueRequired\":true,\"valueName\":\"search_term_string\"}}],\"inLanguage\":\"fr-FR\"},{\"@type\":\"Organization\",\"@id\":\"https:\\\/\\\/hurricaneaerospace.com\\\/fr\\\/#organization\",\"name\":\"Hurricane Aerospace Solutions\",\"url\":\"https:\\\/\\\/hurricaneaerospace.com\\\/fr\\\/\",\"logo\":{\"@type\":\"ImageObject\",\"inLanguage\":\"fr-FR\",\"@id\":\"https:\\\/\\\/hurricaneaerospace.com\\\/fr\\\/#\\\/schema\\\/logo\\\/image\\\/\",\"url\":\"https:\\\/\\\/hurricaneaerospace.com\\\/wp-content\\\/uploads\\\/2019\\\/03\\\/Hurricane-Website-Logo-Retina-2019.png\",\"contentUrl\":\"https:\\\/\\\/hurricaneaerospace.com\\\/wp-content\\\/uploads\\\/2019\\\/03\\\/Hurricane-Website-Logo-Retina-2019.png\",\"width\":800,\"height\":482,\"caption\":\"Hurricane Aerospace Solutions\"},\"image\":{\"@id\":\"https:\\\/\\\/hurricaneaerospace.com\\\/fr\\\/#\\\/schema\\\/logo\\\/image\\\/\"},\"sameAs\":[\"https:\\\/\\\/www.facebook.com\\\/HurricaneAerospaceSolutions\\\/\",\"https:\\\/\\\/x.com\\\/hurricaneaero\",\"https:\\\/\\\/www.instagram.com\\\/hurricaneaerospacesolutions\\\/\",\"http:\\\/\\\/www.linkedin.com\\\/company\\\/hurricaneaerospacesolutions\\\/\"]}]}<\/script>\n<!-- \/ Yoast SEO plugin. -->","yoast_head_json":{"title":"Fabrication d\u2019ing\u00e9nierie - Ouragan A\u00e9ronautique","robots":{"index":"index","follow":"follow","max-snippet":"max-snippet:-1","max-image-preview":"max-image-preview:large","max-video-preview":"max-video-preview:-1"},"canonical":"https:\/\/hurricaneaerospace.com\/fr\/fabrication-dingenierie\/","og_locale":"fr_FR","og_type":"article","og_title":"Fabrication d\u2019ing\u00e9nierie - Ouragan A\u00e9ronautique","og_url":"https:\/\/hurricaneaerospace.com\/fr\/fabrication-dingenierie\/","og_site_name":"Ouragan A\u00e9ronautique","article_publisher":"https:\/\/www.facebook.com\/HurricaneAerospaceSolutions\/","article_modified_time":"2020-12-04T04:29:56+00:00","twitter_card":"summary_large_image","twitter_site":"@hurricaneaero","twitter_misc":{"Dur\u00e9e de lecture estim\u00e9e":"3 minutes"},"schema":{"@context":"https:\/\/schema.org","@graph":[{"@type":"WebPage","@id":"https:\/\/hurricaneaerospace.com\/fr\/fabrication-dingenierie\/","url":"https:\/\/hurricaneaerospace.com\/fr\/fabrication-dingenierie\/","name":"Fabrication d\u2019ing\u00e9nierie - Ouragan A\u00e9ronautique","isPartOf":{"@id":"https:\/\/hurricaneaerospace.com\/fr\/#website"},"datePublished":"2020-08-19T20:42:22+00:00","dateModified":"2020-12-04T04:29:56+00:00","breadcrumb":{"@id":"https:\/\/hurricaneaerospace.com\/fr\/fabrication-dingenierie\/#breadcrumb"},"inLanguage":"fr-FR","potentialAction":[{"@type":"ReadAction","target":["https:\/\/hurricaneaerospace.com\/fr\/fabrication-dingenierie\/"]}]},{"@type":"BreadcrumbList","@id":"https:\/\/hurricaneaerospace.com\/fr\/fabrication-dingenierie\/#breadcrumb","itemListElement":[{"@type":"ListItem","position":1,"name":"Accueil","item":"https:\/\/hurricaneaerospace.com\/fr\/"},{"@type":"ListItem","position":2,"name":"Fabrication d\u2019ing\u00e9nierie"}]},{"@type":"WebSite","@id":"https:\/\/hurricaneaerospace.com\/fr\/#website","url":"https:\/\/hurricaneaerospace.com\/fr\/","name":"Ouragan A\u00e9ronautique","description":"Plus de 25 ans d\u2019exp\u00e9rience","publisher":{"@id":"https:\/\/hurricaneaerospace.com\/fr\/#organization"},"potentialAction":[{"@type":"SearchAction","target":{"@type":"EntryPoint","urlTemplate":"https:\/\/hurricaneaerospace.com\/fr\/?s={search_term_string}"},"query-input":{"@type":"PropertyValueSpecification","valueRequired":true,"valueName":"search_term_string"}}],"inLanguage":"fr-FR"},{"@type":"Organization","@id":"https:\/\/hurricaneaerospace.com\/fr\/#organization","name":"Hurricane Aerospace Solutions","url":"https:\/\/hurricaneaerospace.com\/fr\/","logo":{"@type":"ImageObject","inLanguage":"fr-FR","@id":"https:\/\/hurricaneaerospace.com\/fr\/#\/schema\/logo\/image\/","url":"https:\/\/hurricaneaerospace.com\/wp-content\/uploads\/2019\/03\/Hurricane-Website-Logo-Retina-2019.png","contentUrl":"https:\/\/hurricaneaerospace.com\/wp-content\/uploads\/2019\/03\/Hurricane-Website-Logo-Retina-2019.png","width":800,"height":482,"caption":"Hurricane Aerospace Solutions"},"image":{"@id":"https:\/\/hurricaneaerospace.com\/fr\/#\/schema\/logo\/image\/"},"sameAs":["https:\/\/www.facebook.com\/HurricaneAerospaceSolutions\/","https:\/\/x.com\/hurricaneaero","https:\/\/www.instagram.com\/hurricaneaerospacesolutions\/","http:\/\/www.linkedin.com\/company\/hurricaneaerospacesolutions\/"]}]}},"_links":{"self":[{"href":"https:\/\/hurricaneaerospace.com\/fr\/wp-json\/wp\/v2\/pages\/6591","targetHints":{"allow":["GET"]}}],"collection":[{"href":"https:\/\/hurricaneaerospace.com\/fr\/wp-json\/wp\/v2\/pages"}],"about":[{"href":"https:\/\/hurricaneaerospace.com\/fr\/wp-json\/wp\/v2\/types\/page"}],"author":[{"embeddable":true,"href":"https:\/\/hurricaneaerospace.com\/fr\/wp-json\/wp\/v2\/users\/4"}],"replies":[{"embeddable":true,"href":"https:\/\/hurricaneaerospace.com\/fr\/wp-json\/wp\/v2\/comments?post=6591"}],"version-history":[{"count":2,"href":"https:\/\/hurricaneaerospace.com\/fr\/wp-json\/wp\/v2\/pages\/6591\/revisions"}],"predecessor-version":[{"id":8141,"href":"https:\/\/hurricaneaerospace.com\/fr\/wp-json\/wp\/v2\/pages\/6591\/revisions\/8141"}],"wp:attachment":[{"href":"https:\/\/hurricaneaerospace.com\/fr\/wp-json\/wp\/v2\/media?parent=6591"}],"curies":[{"name":"wp","href":"https:\/\/api.w.org\/{rel}","templated":true}]}}