{"id":6616,"date":"2020-08-19T20:42:25","date_gmt":"2020-08-19T20:42:25","guid":{"rendered":"https:\/\/hurricaneaerospace.com\/demander-un-devis\/"},"modified":"2020-12-04T04:29:56","modified_gmt":"2020-12-04T04:29:56","slug":"demander-un-devis","status":"publish","type":"page","link":"https:\/\/hurricaneaerospace.com\/fr\/demander-un-devis\/","title":{"rendered":"Demander un devis"},"content":{"rendered":"\n\t<section class=\"section dark\" id=\"section_676831805\">\n\t\t<div class=\"section-bg fill\" >\n\t\t\t<img loading=\"lazy\" decoding=\"async\" width=\"2000\" height=\"1270\" src=\"https:\/\/hurricaneaerospace.com\/wp-content\/uploads\/2019\/03\/shutterstock_667629316.jpg\" class=\"bg attachment-original size-original\" alt=\"turbine\" \/>\t\t\t\t\t\t<div class=\"section-bg-overlay absolute fill\"><\/div>\n\t\t\t\n\n\t\t<\/div>\n\n\t\t\n\n\t\t<div class=\"section-content relative\">\n\t\t\t\n<div class=\"row\"  id=\"row-1291079024\">\n\n\t<div id=\"col-2115629223\" class=\"col small-12 large-12\"  >\n\t\t\t\t<div class=\"col-inner\"  >\n\t\t\t\n\t\t\t\n<div class=\"container section-title-container\" style=\"margin-top:0px;margin-bottom:0px;\"><h1 class=\"section-title section-title-center\"><b aria-hidden=\"true\"><\/b><span class=\"section-title-main\" >Demander un devis<\/span><b aria-hidden=\"true\"><\/b><\/h1><\/div>\n\t\t<\/div>\n\t\t\t\t\t<\/div>\n\n\t\n<\/div>\n\t\t<\/div>\n\n\t\t\n<style>\n#section_676831805 {\n  padding-top: 100px;\n  padding-bottom: 100px;\n}\n#section_676831805 .section-bg-overlay {\n  background-color: rgba(27, 64, 128, 0.58);\n}\n<\/style>\n\t<\/section>\n\t\n\n\t<section class=\"section\" id=\"section_1073430215\">\n\t\t<div class=\"section-bg fill\" >\n\t\t\t\t\t\t\t\t\t\n\t\t\t\n\n\t\t<\/div>\n\n\t\t\n\n\t\t<div class=\"section-content relative\">\n\t\t\t\n<div class=\"row\"  id=\"row-1405970321\">\n\n\t<div id=\"col-710093874\" class=\"col medium-5 small-12 large-5\"  >\n\t\t\t\t<div class=\"col-inner\"  >\n\t\t\t\n\t\t\t\n<h1>Demander un devis<\/h1>\n<p>Hurricane Aerospace s\u2019engage r\u00e9solument \u00e0 prot\u00e9ger l\u2019information non classifi\u00e9e contr\u00f4l\u00e9e (ICC) qui r\u00e9side dans des syst\u00e8mes et des organisations non f\u00e9d\u00e9raux comme certains organismes f\u00e9d\u00e9raux, gouvernements \u00e9trangers, entrepreneurs principaux et sous-niveaux. En juin 2016, dans le cadre de notre engagement envers vous, Hurricane s\u2019est associ\u00e9 \u00e0 la soci\u00e9t\u00e9 de cybers\u00e9curit\u00e9 Chelsea Technologies pour am\u00e9liorer nos syst\u00e8mes en vue de respecter la date limite de d\u00e9cembre 2017 du Suppl\u00e9ment f\u00e9d\u00e9ral de r\u00e9glementation des acquisitions de la D\u00e9fense (DFARS) pour la conformit\u00e9 \u00e0 la publication sp\u00e9ciale NIST (SP) 800-171.<\/p>\n<h4><strong>Transfert de donn\u00e9es s\u00e9curis\u00e9<\/strong><\/h4>\n<p>Un autre outil que nous utilisons pour prot\u00e9ger vos donn\u00e9es est Box.com. Il s\u2019agit d\u2019une plate-forme s\u00e9curis\u00e9e de partage de fichiers bas\u00e9e sur le cloud \u00e0 qui font confiance plus de 74 000 entreprises. Box.com nous permet de g\u00e9rer et de g\u00e9rer efficacement vos donn\u00e9es importantes dans un emplacement s\u00e9curis\u00e9.<\/p>\n<p>La bo\u00eete est certifi\u00e9e FedRAMP. Les exigences du DFARS (NIST 800-171) sont bas\u00e9es sur un sous-ensemble des contr\u00f4les NIST 800-53.<\/p>\n<p>Si vous avez besoin d\u2019un devis contactez-nous avec de brefs d\u00e9tails en utilisant le formulaire ci-dessous. Notre personnel vous contactera ensuite pour organiser le transfert s\u00fbr et s\u00e9curis\u00e9 de vos donn\u00e9es techniques. Nous sommes impatients de vous entendre.<\/p>\n<h4>S\u00e9curit\u00e9 et conformit\u00e9<\/h4>\n<p>S\u00e9curisez votre contenu et assurez-vous de respecter FedRAMP, ITAR, IRS-10756, DoD SRG L4, FIPS 140-2, HIPAA et plus encore.<\/p>\n<p><img loading=\"lazy\" decoding=\"async\" class=\"alignnone wp-image-5388 \" src=\"https:\/\/hurricaneaerospace.com\/wp-content\/uploads\/2019\/04\/logo-main-fedramp-300x78.png\" alt=\"FedRAMP Logo\" width=\"154\" height=\"40\" srcset=\"https:\/\/hurricaneaerospace.com\/wp-content\/uploads\/2019\/04\/logo-main-fedramp-300x78.png 300w, https:\/\/hurricaneaerospace.com\/wp-content\/uploads\/2019\/04\/logo-main-fedramp.png 360w\" sizes=\"auto, (max-width: 154px) 100vw, 154px\" \/>  <a href=\"https:\/\/hurricaneaerospace.com\/wp-content\/uploads\/2019\/04\/secure-connection-ssl-300x134.jpeg\"><img loading=\"lazy\" decoding=\"async\" class=\"alignnone wp-image-5394 \" src=\"https:\/\/hurricaneaerospace.com\/wp-content\/uploads\/2019\/04\/secure-connection-ssl-300x134.jpeg\" alt=\"SSL Secure Connection\" width=\"119\" height=\"53\" srcset=\"https:\/\/hurricaneaerospace.com\/wp-content\/uploads\/2019\/04\/secure-connection-ssl-300x134.jpeg 300w, https:\/\/hurricaneaerospace.com\/wp-content\/uploads\/2019\/04\/secure-connection-ssl.jpeg 337w\" sizes=\"auto, (max-width: 119px) 100vw, 119px\" \/><\/a><\/p>\n\t\t<\/div>\n\t\t\t\t\t<\/div>\n\n\t\n\n\t<div id=\"col-97927342\" class=\"col medium-7 small-12 large-7\"  >\n\t\t\t\t<div class=\"col-inner box-shadow-1\" style=\"background-color:rgb(231, 242, 255);\" >\n\t\t\t\n\t\t\t\n<div class=\"row row-collapse row-full-width align-middle align-center\"  id=\"row-520463415\">\n\n\t<div id=\"col-1209305957\" class=\"col small-12 large-12\"  >\n\t\t\t\t<div class=\"col-inner text-center\"  >\n\t\t\t\n\t\t\t\n<p style=\"text-align: left;\"><noscript class=\"ninja-forms-noscript-message\">\n\tRemarque\u00a0: JavaScript est requis pour ce contenu.<\/noscript>\nCe formulaire est actuellement en maintenance. Veuillez r\u00e9essayer plus tard.\n\t\t<\/div>\n\t\t\t\t\n<style>\n#col-1209305957 > .col-inner {\n  padding: 10px 20px 0px 20px;\n}\n<\/style>\n\t<\/div>\n\n\t\n<\/div>\n\t\t<\/div>\n\t\t\t\t\n<style>\n#col-97927342 > .col-inner {\n  padding: 0px 0px 50px 0px;\n}\n<\/style>\n\t<\/div>\n\n\t\n<\/div>\n\t\t<\/div>\n\n\t\t\n<style>\n#section_1073430215 {\n  padding-top: 30px;\n  padding-bottom: 30px;\n}\n<\/style>\n\t<\/section>\n\t\n","protected":false},"excerpt":{"rendered":"","protected":false},"author":4,"featured_media":0,"parent":0,"menu_order":0,"comment_status":"closed","ping_status":"closed","template":"page-blank.php","meta":{"nf_dc_page":"","_monsterinsights_skip_tracking":false,"_monsterinsights_sitenote_active":false,"_monsterinsights_sitenote_note":"","_monsterinsights_sitenote_category":0,"footnotes":""},"class_list":["post-6616","page","type-page","status-publish","hentry"],"yoast_head":"<!-- This site is optimized with the Yoast SEO plugin v27.4 - https:\/\/yoast.com\/product\/yoast-seo-wordpress\/ -->\n<title>Demander un devis - Ouragan A\u00e9ronautique<\/title>\n<meta name=\"robots\" content=\"index, follow, max-snippet:-1, max-image-preview:large, max-video-preview:-1\" \/>\n<link rel=\"canonical\" href=\"https:\/\/hurricaneaerospace.com\/fr\/demander-un-devis\/\" \/>\n<meta property=\"og:locale\" content=\"fr_FR\" \/>\n<meta property=\"og:type\" content=\"article\" \/>\n<meta property=\"og:title\" content=\"Demander un devis - Ouragan A\u00e9ronautique\" \/>\n<meta property=\"og:url\" content=\"https:\/\/hurricaneaerospace.com\/fr\/demander-un-devis\/\" \/>\n<meta property=\"og:site_name\" content=\"Ouragan A\u00e9ronautique\" \/>\n<meta property=\"article:publisher\" content=\"https:\/\/www.facebook.com\/HurricaneAerospaceSolutions\/\" \/>\n<meta property=\"article:modified_time\" content=\"2020-12-04T04:29:56+00:00\" \/>\n<meta property=\"og:image\" content=\"https:\/\/hurricaneaerospace.com\/wp-content\/uploads\/2019\/04\/logo-main-fedramp-300x78.png\" \/>\n<meta name=\"twitter:card\" content=\"summary_large_image\" \/>\n<meta name=\"twitter:site\" content=\"@hurricaneaero\" \/>\n<meta name=\"twitter:label1\" content=\"Dur\u00e9e de lecture estim\u00e9e\" \/>\n\t<meta name=\"twitter:data1\" content=\"2 minutes\" \/>\n<script type=\"application\/ld+json\" class=\"yoast-schema-graph\">{\"@context\":\"https:\\\/\\\/schema.org\",\"@graph\":[{\"@type\":\"WebPage\",\"@id\":\"https:\\\/\\\/hurricaneaerospace.com\\\/fr\\\/demander-un-devis\\\/\",\"url\":\"https:\\\/\\\/hurricaneaerospace.com\\\/fr\\\/demander-un-devis\\\/\",\"name\":\"Demander un devis - Ouragan A\u00e9ronautique\",\"isPartOf\":{\"@id\":\"https:\\\/\\\/hurricaneaerospace.com\\\/fr\\\/#website\"},\"primaryImageOfPage\":{\"@id\":\"https:\\\/\\\/hurricaneaerospace.com\\\/fr\\\/demander-un-devis\\\/#primaryimage\"},\"image\":{\"@id\":\"https:\\\/\\\/hurricaneaerospace.com\\\/fr\\\/demander-un-devis\\\/#primaryimage\"},\"thumbnailUrl\":\"https:\\\/\\\/hurricaneaerospace.com\\\/wp-content\\\/uploads\\\/2019\\\/04\\\/logo-main-fedramp-300x78.png\",\"datePublished\":\"2020-08-19T20:42:25+00:00\",\"dateModified\":\"2020-12-04T04:29:56+00:00\",\"breadcrumb\":{\"@id\":\"https:\\\/\\\/hurricaneaerospace.com\\\/fr\\\/demander-un-devis\\\/#breadcrumb\"},\"inLanguage\":\"fr-FR\",\"potentialAction\":[{\"@type\":\"ReadAction\",\"target\":[\"https:\\\/\\\/hurricaneaerospace.com\\\/fr\\\/demander-un-devis\\\/\"]}]},{\"@type\":\"ImageObject\",\"inLanguage\":\"fr-FR\",\"@id\":\"https:\\\/\\\/hurricaneaerospace.com\\\/fr\\\/demander-un-devis\\\/#primaryimage\",\"url\":\"https:\\\/\\\/hurricaneaerospace.com\\\/wp-content\\\/uploads\\\/2019\\\/04\\\/logo-main-fedramp-300x78.png\",\"contentUrl\":\"https:\\\/\\\/hurricaneaerospace.com\\\/wp-content\\\/uploads\\\/2019\\\/04\\\/logo-main-fedramp-300x78.png\"},{\"@type\":\"BreadcrumbList\",\"@id\":\"https:\\\/\\\/hurricaneaerospace.com\\\/fr\\\/demander-un-devis\\\/#breadcrumb\",\"itemListElement\":[{\"@type\":\"ListItem\",\"position\":1,\"name\":\"Accueil\",\"item\":\"https:\\\/\\\/hurricaneaerospace.com\\\/fr\\\/\"},{\"@type\":\"ListItem\",\"position\":2,\"name\":\"Demander un devis\"}]},{\"@type\":\"WebSite\",\"@id\":\"https:\\\/\\\/hurricaneaerospace.com\\\/fr\\\/#website\",\"url\":\"https:\\\/\\\/hurricaneaerospace.com\\\/fr\\\/\",\"name\":\"Ouragan A\u00e9ronautique\",\"description\":\"Plus de 25 ans d\u2019exp\u00e9rience\",\"publisher\":{\"@id\":\"https:\\\/\\\/hurricaneaerospace.com\\\/fr\\\/#organization\"},\"potentialAction\":[{\"@type\":\"SearchAction\",\"target\":{\"@type\":\"EntryPoint\",\"urlTemplate\":\"https:\\\/\\\/hurricaneaerospace.com\\\/fr\\\/?s={search_term_string}\"},\"query-input\":{\"@type\":\"PropertyValueSpecification\",\"valueRequired\":true,\"valueName\":\"search_term_string\"}}],\"inLanguage\":\"fr-FR\"},{\"@type\":\"Organization\",\"@id\":\"https:\\\/\\\/hurricaneaerospace.com\\\/fr\\\/#organization\",\"name\":\"Hurricane Aerospace Solutions\",\"url\":\"https:\\\/\\\/hurricaneaerospace.com\\\/fr\\\/\",\"logo\":{\"@type\":\"ImageObject\",\"inLanguage\":\"fr-FR\",\"@id\":\"https:\\\/\\\/hurricaneaerospace.com\\\/fr\\\/#\\\/schema\\\/logo\\\/image\\\/\",\"url\":\"https:\\\/\\\/hurricaneaerospace.com\\\/wp-content\\\/uploads\\\/2019\\\/03\\\/Hurricane-Website-Logo-Retina-2019.png\",\"contentUrl\":\"https:\\\/\\\/hurricaneaerospace.com\\\/wp-content\\\/uploads\\\/2019\\\/03\\\/Hurricane-Website-Logo-Retina-2019.png\",\"width\":800,\"height\":482,\"caption\":\"Hurricane Aerospace Solutions\"},\"image\":{\"@id\":\"https:\\\/\\\/hurricaneaerospace.com\\\/fr\\\/#\\\/schema\\\/logo\\\/image\\\/\"},\"sameAs\":[\"https:\\\/\\\/www.facebook.com\\\/HurricaneAerospaceSolutions\\\/\",\"https:\\\/\\\/x.com\\\/hurricaneaero\",\"https:\\\/\\\/www.instagram.com\\\/hurricaneaerospacesolutions\\\/\",\"http:\\\/\\\/www.linkedin.com\\\/company\\\/hurricaneaerospacesolutions\\\/\"]}]}<\/script>\n<!-- \/ Yoast SEO plugin. -->","yoast_head_json":{"title":"Demander un devis - Ouragan A\u00e9ronautique","robots":{"index":"index","follow":"follow","max-snippet":"max-snippet:-1","max-image-preview":"max-image-preview:large","max-video-preview":"max-video-preview:-1"},"canonical":"https:\/\/hurricaneaerospace.com\/fr\/demander-un-devis\/","og_locale":"fr_FR","og_type":"article","og_title":"Demander un devis - Ouragan A\u00e9ronautique","og_url":"https:\/\/hurricaneaerospace.com\/fr\/demander-un-devis\/","og_site_name":"Ouragan A\u00e9ronautique","article_publisher":"https:\/\/www.facebook.com\/HurricaneAerospaceSolutions\/","article_modified_time":"2020-12-04T04:29:56+00:00","og_image":[{"url":"https:\/\/hurricaneaerospace.com\/wp-content\/uploads\/2019\/04\/logo-main-fedramp-300x78.png","type":"","width":"","height":""}],"twitter_card":"summary_large_image","twitter_site":"@hurricaneaero","twitter_misc":{"Dur\u00e9e de lecture estim\u00e9e":"2 minutes"},"schema":{"@context":"https:\/\/schema.org","@graph":[{"@type":"WebPage","@id":"https:\/\/hurricaneaerospace.com\/fr\/demander-un-devis\/","url":"https:\/\/hurricaneaerospace.com\/fr\/demander-un-devis\/","name":"Demander un devis - Ouragan A\u00e9ronautique","isPartOf":{"@id":"https:\/\/hurricaneaerospace.com\/fr\/#website"},"primaryImageOfPage":{"@id":"https:\/\/hurricaneaerospace.com\/fr\/demander-un-devis\/#primaryimage"},"image":{"@id":"https:\/\/hurricaneaerospace.com\/fr\/demander-un-devis\/#primaryimage"},"thumbnailUrl":"https:\/\/hurricaneaerospace.com\/wp-content\/uploads\/2019\/04\/logo-main-fedramp-300x78.png","datePublished":"2020-08-19T20:42:25+00:00","dateModified":"2020-12-04T04:29:56+00:00","breadcrumb":{"@id":"https:\/\/hurricaneaerospace.com\/fr\/demander-un-devis\/#breadcrumb"},"inLanguage":"fr-FR","potentialAction":[{"@type":"ReadAction","target":["https:\/\/hurricaneaerospace.com\/fr\/demander-un-devis\/"]}]},{"@type":"ImageObject","inLanguage":"fr-FR","@id":"https:\/\/hurricaneaerospace.com\/fr\/demander-un-devis\/#primaryimage","url":"https:\/\/hurricaneaerospace.com\/wp-content\/uploads\/2019\/04\/logo-main-fedramp-300x78.png","contentUrl":"https:\/\/hurricaneaerospace.com\/wp-content\/uploads\/2019\/04\/logo-main-fedramp-300x78.png"},{"@type":"BreadcrumbList","@id":"https:\/\/hurricaneaerospace.com\/fr\/demander-un-devis\/#breadcrumb","itemListElement":[{"@type":"ListItem","position":1,"name":"Accueil","item":"https:\/\/hurricaneaerospace.com\/fr\/"},{"@type":"ListItem","position":2,"name":"Demander un devis"}]},{"@type":"WebSite","@id":"https:\/\/hurricaneaerospace.com\/fr\/#website","url":"https:\/\/hurricaneaerospace.com\/fr\/","name":"Ouragan A\u00e9ronautique","description":"Plus de 25 ans d\u2019exp\u00e9rience","publisher":{"@id":"https:\/\/hurricaneaerospace.com\/fr\/#organization"},"potentialAction":[{"@type":"SearchAction","target":{"@type":"EntryPoint","urlTemplate":"https:\/\/hurricaneaerospace.com\/fr\/?s={search_term_string}"},"query-input":{"@type":"PropertyValueSpecification","valueRequired":true,"valueName":"search_term_string"}}],"inLanguage":"fr-FR"},{"@type":"Organization","@id":"https:\/\/hurricaneaerospace.com\/fr\/#organization","name":"Hurricane Aerospace Solutions","url":"https:\/\/hurricaneaerospace.com\/fr\/","logo":{"@type":"ImageObject","inLanguage":"fr-FR","@id":"https:\/\/hurricaneaerospace.com\/fr\/#\/schema\/logo\/image\/","url":"https:\/\/hurricaneaerospace.com\/wp-content\/uploads\/2019\/03\/Hurricane-Website-Logo-Retina-2019.png","contentUrl":"https:\/\/hurricaneaerospace.com\/wp-content\/uploads\/2019\/03\/Hurricane-Website-Logo-Retina-2019.png","width":800,"height":482,"caption":"Hurricane Aerospace Solutions"},"image":{"@id":"https:\/\/hurricaneaerospace.com\/fr\/#\/schema\/logo\/image\/"},"sameAs":["https:\/\/www.facebook.com\/HurricaneAerospaceSolutions\/","https:\/\/x.com\/hurricaneaero","https:\/\/www.instagram.com\/hurricaneaerospacesolutions\/","http:\/\/www.linkedin.com\/company\/hurricaneaerospacesolutions\/"]}]}},"_links":{"self":[{"href":"https:\/\/hurricaneaerospace.com\/fr\/wp-json\/wp\/v2\/pages\/6616","targetHints":{"allow":["GET"]}}],"collection":[{"href":"https:\/\/hurricaneaerospace.com\/fr\/wp-json\/wp\/v2\/pages"}],"about":[{"href":"https:\/\/hurricaneaerospace.com\/fr\/wp-json\/wp\/v2\/types\/page"}],"author":[{"embeddable":true,"href":"https:\/\/hurricaneaerospace.com\/fr\/wp-json\/wp\/v2\/users\/4"}],"replies":[{"embeddable":true,"href":"https:\/\/hurricaneaerospace.com\/fr\/wp-json\/wp\/v2\/comments?post=6616"}],"version-history":[{"count":3,"href":"https:\/\/hurricaneaerospace.com\/fr\/wp-json\/wp\/v2\/pages\/6616\/revisions"}],"predecessor-version":[{"id":8154,"href":"https:\/\/hurricaneaerospace.com\/fr\/wp-json\/wp\/v2\/pages\/6616\/revisions\/8154"}],"wp:attachment":[{"href":"https:\/\/hurricaneaerospace.com\/fr\/wp-json\/wp\/v2\/media?parent=6616"}],"curies":[{"name":"wp","href":"https:\/\/api.w.org\/{rel}","templated":true}]}}