{"id":6667,"date":"2020-08-19T20:44:45","date_gmt":"2020-08-19T20:44:45","guid":{"rendered":"https:\/\/hurricaneaerospace.com\/solutions-commerciales\/"},"modified":"2020-12-04T03:22:34","modified_gmt":"2020-12-04T03:22:34","slug":"solutions-commerciales","status":"publish","type":"page","link":"https:\/\/hurricaneaerospace.com\/fr\/solutions-commerciales\/","title":{"rendered":"Solutions commerciales"},"content":{"rendered":"\n\t<section class=\"section dark\" id=\"section_1866135820\">\n\t\t<div class=\"section-bg fill\" >\n\t\t\t<img loading=\"lazy\" decoding=\"async\" width=\"2048\" height=\"1364\" src=\"https:\/\/hurricaneaerospace.com\/wp-content\/uploads\/2020\/05\/photo-1585713181935-d5f622cc2415-scaled.jpeg\" class=\"bg attachment-original size-original\" alt=\"\" \/>\t\t\t\t\t\t<div class=\"section-bg-overlay absolute fill\"><\/div>\n\t\t\t\n\n\t\t<\/div>\n\n\t\t\n\n\t\t<div class=\"section-content relative\">\n\t\t\t\n<div class=\"row align-middle\"  id=\"row-191681698\">\n\n\t<div id=\"col-699621776\" class=\"col small-12 large-12\"  >\n\t\t\t\t<div class=\"col-inner\"  >\n\t\t\t\n\t\t\t\n<div class=\"container section-title-container\" style=\"margin-top:0px;margin-bottom:0px;\"><h1 class=\"section-title section-title-normal\"><b aria-hidden=\"true\"><\/b><span class=\"section-title-main\" >solutions commerciales<\/span><b aria-hidden=\"true\"><\/b><\/h1><\/div>\n<p class=\"lead\">Hurricane Aerospace Solutions s\u2019engage \u00e0 fournir \u00e0 ses clients des produits et services de qualit\u00e9 et \u00e0 am\u00e9liorer et d\u00e9velopper continuellement des solutions sur mesure qui offrent un soutien mondial \u00e0 ses clients, en r\u00e9f\u00e9rence \u00e0 AS9100, normes de qualit\u00e9 ISO9001 qui r\u00e9pondent et d\u00e9passent continuellement les attentes des clients, gr\u00e2ce aux produits et services que nous fournissons tout en \u00e9vitant les dommages \u00e0 l\u2019environnement et \u00e0 nos employ\u00e9s.<\/p>\n<a href=\"#solution\" class=\"button secondary\" >\n\t\t<span>nos solutions<\/span>\n\t<\/a>\n\n<a href=\"#why-nous\" class=\"button white\" >\n\t\t<span>Pourquoi nous ?<\/span>\n\t<\/a>\n\n\t\t<\/div>\n\t\t\t\t\t<\/div>\n\n\t\n<\/div>\n\t\t<\/div>\n\n\t\t\n<style>\n#section_1866135820 {\n  padding-top: 100px;\n  padding-bottom: 100px;\n}\n#section_1866135820 .section-bg-overlay {\n  background-color: rgba(20, 39, 73, 0.71);\n}\n#section_1866135820 .section-bg img {\n  object-position: 46% 50%;\n}\n<\/style>\n\t<\/section>\n\t\n<span class=\"scroll-to\" data-label=\"Scroll to: #solution\" data-bullet=\"true\" data-link=\"#solution\" data-title=\"Solution\"><a name=\"solution\"><\/a><\/span>\n\n\t<section class=\"section\" id=\"section_202296852\">\n\t\t<div class=\"section-bg fill\" >\n\t\t\t\t\t\t\t\t\t\n\t\t\t\n\n\t\t<\/div>\n\n\t\t\n\n\t\t<div class=\"section-content relative\">\n\t\t\t\n<div class=\"row\"  id=\"row-1642041904\">\n\n\t<div id=\"col-1069733740\" class=\"col small-12 large-12\"  >\n\t\t\t\t<div class=\"col-inner\"  >\n\t\t\t\n\t\t\t\n\t<div id=\"gap-2052132630\" class=\"gap-element clearfix\" style=\"display:block; height:auto;\">\n\t\t\n<style>\n#gap-2052132630 {\n  padding-top: 30px;\n}\n<\/style>\n\t<\/div>\n\t\n<div class=\"container section-title-container\" style=\"margin-top:0px;margin-bottom:0px;\"><h2 class=\"section-title section-title-normal\"><b aria-hidden=\"true\"><\/b><span class=\"section-title-main\" >Nos solutions<\/span><b aria-hidden=\"true\"><\/b><\/h2><\/div>\n\t\t<\/div>\n\t\t\t\t\t<\/div>\n\n\t\n\n\t<div id=\"col-1306537627\" class=\"col medium-4 small-12 large-4\"  >\n\t\t\t\t<div class=\"col-inner text-left\"  >\n\t\t\t\n\t\t\t\n\n\t\t<div class=\"icon-box featured-box icon-box-top text-left\"  >\n\t\t\t\t\t<div class=\"icon-box-img\" style=\"width: 100px\">\n\t\t\t\t<div class=\"icon\">\n\t\t\t\t\t<div class=\"icon-inner\" >\n\t\t\t\t\t\t\t\t\t\t\t<\/div>\n\t\t\t\t<\/div>\n\t\t\t<\/div>\n\t\t\t\t<div class=\"icon-box-text last-reset\">\n\t\t\t\t\t\t\t\t\t\n<h3 style=\"text-align: left\">Solutions de cha\u00eene d\u2019approvisionnement \u00e0 360\u00b0<\/h3>\n<ul>\n<li style=\"text-align: left\">Distribution OEM apr\u00e8s-vente<\/li>\n<li style=\"text-align: left\">Consolidation du mat\u00e9riel<\/li>\n<li style=\"text-align: left\">Accords \u00e0 long terme<\/li>\n<li style=\"text-align: left\">Envoi de lots exc\u00e9dentaires \/ Stock<\/li>\n<li style=\"text-align: left\">Service AOG 24h\/24 et 7j\/7<\/li>\n<\/ul>\n\t\t<\/div>\n\t<\/div>\n\t\n\t\n\t\t<\/div>\n\t\t\t\t\t<\/div>\n\n\t\n\n\t<div id=\"col-1204271829\" class=\"col medium-4 small-12 large-4\"  >\n\t\t\t\t<div class=\"col-inner\"  >\n\t\t\t\n\t\t\t\n\n\t\t<div class=\"icon-box featured-box icon-box-top text-left\"  >\n\t\t\t\t\t<div class=\"icon-box-img\" style=\"width: 100px\">\n\t\t\t\t<div class=\"icon\">\n\t\t\t\t\t<div class=\"icon-inner\" >\n\t\t\t\t\t\t\t\t\t\t\t<\/div>\n\t\t\t\t<\/div>\n\t\t\t<\/div>\n\t\t\t\t<div class=\"icon-box-text last-reset\">\n\t\t\t\t\t\t\t\t\t\n<h3 style=\"text-align: left\">D\u00e9but \u00e0 la fin du cycle de vie de l\u2019avion<\/h3>\n<ul>\n<li style=\"text-align: left\">Configuration de la cabine \/ \u00c9quipement meubl\u00e9 acheteur (BFE)<\/li>\n<li style=\"text-align: left\">Provisionnement initial<\/li>\n<li style=\"text-align: left\">Accords \u00e0 long terme pour soutenir la flotte actuelle<\/li>\n<li style=\"text-align: left\">Modifications et mises \u00e0 niveau<\/li>\n<li style=\"text-align: left\">Retraite des a\u00e9ronefs<\/li>\n<\/ul>\n\t\t<\/div>\n\t<\/div>\n\t\n\t\n\t\t<\/div>\n\t\t\t\t\t<\/div>\n\n\t\n\n\t<div id=\"col-1736381787\" class=\"col medium-4 small-12 large-4\"  >\n\t\t\t\t<div class=\"col-inner\"  >\n\t\t\t\n\t\t\t\n\n\t\t<div class=\"icon-box featured-box icon-box-top text-left\"  >\n\t\t\t\t\t<div class=\"icon-box-img\" style=\"width: 100px\">\n\t\t\t\t<div class=\"icon\">\n\t\t\t\t\t<div class=\"icon-inner\" >\n\t\t\t\t\t\t\t\t\t\t\t<\/div>\n\t\t\t\t<\/div>\n\t\t\t<\/div>\n\t\t\t\t<div class=\"icon-box-text last-reset\">\n\t\t\t\t\t\t\t\t\t\n<h3 style=\"text-align: left\">Gestion d\u2019actifs<\/h3>\n<ul>\n<li style=\"text-align: left\">Envois de stocks exc\u00e9dentaires<\/li>\n<li style=\"text-align: left\">Inventaire de Old Fleet<\/li>\n<li style=\"text-align: left\">Gestion des r\u00e9parations<\/li>\n<li style=\"text-align: left\">Piscines rotables<\/li>\n<\/ul>\n\t\t<\/div>\n\t<\/div>\n\t\n\t\n\t\t<\/div>\n\t\t\t\t\t<\/div>\n\n\t\n<\/div>\n\t\t<\/div>\n\n\t\t\n<style>\n#section_202296852 {\n  padding-top: 32px;\n  padding-bottom: 32px;\n}\n<\/style>\n\t<\/section>\n\t\n<span class=\"scroll-to\" data-label=\"Scroll to: #why-us\" data-bullet=\"true\" data-link=\"#why-us\" data-title=\"why-us\"><a name=\"why-us\"><\/a><\/span>\n\n\t<section class=\"section\" id=\"section_279205651\">\n\t\t<div class=\"section-bg fill\" >\n\t\t\t\t\t\t\t\t\t\n\t\t\t\n\n\t\t<\/div>\n\n\t\t\n\n\t\t<div class=\"section-content relative\">\n\t\t\t\n<div class=\"row\"  id=\"row-1755705795\">\n\n\t<div id=\"col-2097238161\" class=\"col medium-6 small-12 large-6\"  >\n\t\t\t\t<div class=\"col-inner\"  >\n\t\t\t\n\t\t\t\n<h2>Pourquoi l\u2019ouragan A\u00e9ronautique?<\/h2>\n<p><span style=\"font-weight: 400\">Hurricane Aerospace Solutions offre une v\u00e9ritable distribution de pi\u00e8ces OEM et offre un portefeuille de services multi-flottes exhaustif et innovant aux industries a\u00e9rospatiales de civil et de d\u00e9fense, r\u00e9duisant ainsi les co\u00fbts logistiques et maximisant les ressources de nos utilisateurs finaux en minimisant leur cha\u00eene d\u2019approvisionnement. nous fournissons des solutions personnalis\u00e9es pour r\u00e9pondre aux exigences logistiques de l\u2019aviation dans le monde entier. Travailler avec des fournisseurs d\u2019aviation strat\u00e9gique dans le d\u00e9veloppement d\u2019op\u00e9rations mondiales.<\/span><\/p>\n<h4>Innovateurs dans l\u2019a\u00e9rospatiale<\/h4>\n<p><span style=\"font-weight: 400\">Notre soci\u00e9t\u00e9 est un fournisseur novateur mondial de solutions de rechange pour l\u2019industrie a\u00e9rospatiale civile \u2013 offrant tout, de la gestion des pi\u00e8ces aux services de pi\u00e8ces ainsi que le soutien des pi\u00e8ces pour tous les types d\u2019avions. En plus d\u2019offrir des services \u00e0 valeur ajout\u00e9e et int\u00e9gr\u00e9s, Hurricane Aerospace se consacre au d\u00e9veloppement de relations avec des partenaires d\u2019affaires ainsi que de nouveaux concepts commerciaux \u2013 au profit de tous les partenaires civils, de la d\u00e9fense et du commerce.  <\/span><\/p>\n<p>\n<div class=\"is-divider divider clearfix\" ><\/div>\n<h2 class=\"uppercase\" style=\"text-align: left\">t\u00e9l\u00e9charger notre carte de ligne<\/h2>\n<h3 class=\"thin-font\" style=\"text-align: left\">Afficher et t\u00e9l\u00e9charger notre carte de ligne<\/h3>\n<a href=\"http:\/\/hurricaneaerospace.com\/wp-content\/uploads\/2019\/07\/Commercial-Line-Card-.pdf\" class=\"button primary\" style=\"border-radius:10px;\">\n\t\t<span>T\u00e9l\u00e9charger<\/span>\n\t<\/a>\n\n\t\t<\/div>\n\t\t\t\t\t<\/div>\n\n\t\n\n\t<div id=\"col-1143278475\" class=\"col medium-6 small-12 large-6\"  >\n\t\t\t\t<div class=\"col-inner text-left\"  >\n\t\t\t\n\t\t\t\n\t<div class=\"img has-hover x md-x lg-x y md-y lg-y\" id=\"image_2022751894\">\n\t\t\t\t\t\t\t\t<div class=\"img-inner dark\" >\n\t\t\t<img loading=\"lazy\" decoding=\"async\" width=\"760\" height=\"506\" src=\"https:\/\/hurricaneaerospace.com\/wp-content\/uploads\/2019\/06\/01_Common-Myths-About-Airplanes-You-Need-to-Stop-Believing_559714906_motive56-760x506.jpg\" class=\"attachment-large size-large\" alt=\"airplane Takingoff\" srcset=\"https:\/\/hurricaneaerospace.com\/wp-content\/uploads\/2019\/06\/01_Common-Myths-About-Airplanes-You-Need-to-Stop-Believing_559714906_motive56-760x506.jpg 760w, https:\/\/hurricaneaerospace.com\/wp-content\/uploads\/2019\/06\/01_Common-Myths-About-Airplanes-You-Need-to-Stop-Believing_559714906_motive56-760x506-300x200.jpg 300w\" sizes=\"auto, (max-width: 760px) 100vw, 760px\" \/>\t\t\t\t\t\t\n\t\t\t\t\t<\/div>\n\t\t\t\t\t\t\t\t\n<style>\n#image_2022751894 {\n  width: 100%;\n}\n<\/style>\n\t<\/div>\n\t\n\t\t<\/div>\n\t\t\t\t\t<\/div>\n\n\t\n<\/div>\n\t\t<\/div>\n\n\t\t\n<style>\n#section_279205651 {\n  padding-top: 72px;\n  padding-bottom: 72px;\n}\n<\/style>\n\t<\/section>\n\t\n\n\t<section class=\"section\" id=\"section_1310899691\">\n\t\t<div class=\"section-bg fill\" >\n\t\t\t\t\t\t\t\t\t\n\t\t\t\n\n\t\t<\/div>\n\n\t\t\n\n\t\t<div class=\"section-content relative\">\n\t\t\t\n<p>\n<div class=\"message-box relative dark\" style=\"padding-top:46px;padding-bottom:46px;\"><div class=\"message-box-bg-image bg-fill fill\" ><\/div><div class=\"message-box-bg-overlay bg-fill fill\" style=\"background-color:rgb(37, 64, 124);\"><\/div><div class=\"container relative\"><div class=\"inner last-reset\">\n<p>\n<div class=\"row align-middle align-center\"  id=\"row-26784738\">\n<p>\n\n\t<div id=\"col-2127992998\" class=\"col medium-9 small-12 large-9\"  >\n\t\t\t\t<div class=\"col-inner\"  >\n\t\t\t\n\t\t\t\n<h2>Pr\u00eat \u00e0 travailler avec nous?<\/h2>\n<p class=\"lead\">Si vous \u00eates pr\u00eat \u00e0 passer \u00e0 l\u2019\u00e9tape suivante avec Hurricane Aerospace Solutions, n\u2019h\u00e9sitez pas \u00e0 demander un devis en utilisant notre formulaire RFQ et l\u2019un de nos experts en vente vous contactera sous peu.<\/p>\n\t\t<\/div>\n\t\t\t\t\t<\/div>\n\n\t\n<\/p>\n\n\t<div id=\"col-613752213\" class=\"col medium-3 small-12 large-3\"  >\n\t\t\t\t<div class=\"col-inner text-center\"  >\n\t\t\t\n\t\t\t\n<p>\n<a href=\"\/hurricane\/demande-devis\/\" class=\"button white is-outline is-large\" >\n\t\t<span>Demander un devis<\/span>\n\t<\/a>\n\n\t\t<\/div>\n\t\t\t\t\t<\/div>\n\n\t\n<\/p>\n<\/div>\n<\/p>\n<\/div><\/div><\/div>\n<\/p>\n\t\t<\/div>\n\n\t\t\n<style>\n#section_1310899691 {\n  padding-top: 0px;\n  padding-bottom: 0px;\n}\n<\/style>\n\t<\/section>\n\t\n","protected":false},"excerpt":{"rendered":"","protected":false},"author":4,"featured_media":0,"parent":0,"menu_order":0,"comment_status":"closed","ping_status":"closed","template":"page-blank.php","meta":{"nf_dc_page":"","_monsterinsights_skip_tracking":false,"_monsterinsights_sitenote_active":false,"_monsterinsights_sitenote_note":"","_monsterinsights_sitenote_category":0,"footnotes":""},"class_list":["post-6667","page","type-page","status-publish","hentry"],"yoast_head":"<!-- This site is optimized with the Yoast SEO plugin v27.4 - https:\/\/yoast.com\/product\/yoast-seo-wordpress\/ -->\n<title>Solutions commerciales - Ouragan A\u00e9ronautique<\/title>\n<meta name=\"description\" content=\"Fournir des produits et des services de qualit\u00e9. Am\u00e9liorer et d\u00e9velopper continuellement des solutions sur mesure qui offrent un soutien mondial \u00e0 ses clients.\" \/>\n<meta name=\"robots\" content=\"index, follow, max-snippet:-1, max-image-preview:large, max-video-preview:-1\" \/>\n<link rel=\"canonical\" href=\"https:\/\/hurricaneaerospace.com\/fr\/solutions-commerciales\/\" \/>\n<meta property=\"og:locale\" content=\"fr_FR\" \/>\n<meta property=\"og:type\" content=\"article\" \/>\n<meta property=\"og:title\" content=\"Solutions commerciales - Ouragan A\u00e9ronautique\" \/>\n<meta property=\"og:description\" content=\"Fournir des produits et des services de qualit\u00e9. Am\u00e9liorer et d\u00e9velopper continuellement des solutions sur mesure qui offrent un soutien mondial \u00e0 ses clients.\" \/>\n<meta property=\"og:url\" content=\"https:\/\/hurricaneaerospace.com\/fr\/solutions-commerciales\/\" \/>\n<meta property=\"og:site_name\" content=\"Ouragan A\u00e9ronautique\" \/>\n<meta property=\"article:publisher\" content=\"https:\/\/www.facebook.com\/HurricaneAerospaceSolutions\/\" \/>\n<meta property=\"article:modified_time\" content=\"2020-12-04T03:22:34+00:00\" \/>\n<meta name=\"twitter:card\" content=\"summary_large_image\" \/>\n<meta name=\"twitter:site\" content=\"@hurricaneaero\" \/>\n<meta name=\"twitter:label1\" content=\"Dur\u00e9e de lecture estim\u00e9e\" \/>\n\t<meta name=\"twitter:data1\" content=\"3 minutes\" \/>\n<script type=\"application\/ld+json\" class=\"yoast-schema-graph\">{\"@context\":\"https:\\\/\\\/schema.org\",\"@graph\":[{\"@type\":\"WebPage\",\"@id\":\"https:\\\/\\\/hurricaneaerospace.com\\\/fr\\\/solutions-commerciales\\\/\",\"url\":\"https:\\\/\\\/hurricaneaerospace.com\\\/fr\\\/solutions-commerciales\\\/\",\"name\":\"Solutions commerciales - Ouragan A\u00e9ronautique\",\"isPartOf\":{\"@id\":\"https:\\\/\\\/hurricaneaerospace.com\\\/fr\\\/#website\"},\"datePublished\":\"2020-08-19T20:44:45+00:00\",\"dateModified\":\"2020-12-04T03:22:34+00:00\",\"description\":\"Fournir des produits et des services de qualit\u00e9. Am\u00e9liorer et d\u00e9velopper continuellement des solutions sur mesure qui offrent un soutien mondial \u00e0 ses clients.\",\"breadcrumb\":{\"@id\":\"https:\\\/\\\/hurricaneaerospace.com\\\/fr\\\/solutions-commerciales\\\/#breadcrumb\"},\"inLanguage\":\"fr-FR\",\"potentialAction\":[{\"@type\":\"ReadAction\",\"target\":[\"https:\\\/\\\/hurricaneaerospace.com\\\/fr\\\/solutions-commerciales\\\/\"]}]},{\"@type\":\"BreadcrumbList\",\"@id\":\"https:\\\/\\\/hurricaneaerospace.com\\\/fr\\\/solutions-commerciales\\\/#breadcrumb\",\"itemListElement\":[{\"@type\":\"ListItem\",\"position\":1,\"name\":\"Accueil\",\"item\":\"https:\\\/\\\/hurricaneaerospace.com\\\/fr\\\/\"},{\"@type\":\"ListItem\",\"position\":2,\"name\":\"Solutions commerciales\"}]},{\"@type\":\"WebSite\",\"@id\":\"https:\\\/\\\/hurricaneaerospace.com\\\/fr\\\/#website\",\"url\":\"https:\\\/\\\/hurricaneaerospace.com\\\/fr\\\/\",\"name\":\"Ouragan A\u00e9ronautique\",\"description\":\"Plus de 25 ans d\u2019exp\u00e9rience\",\"publisher\":{\"@id\":\"https:\\\/\\\/hurricaneaerospace.com\\\/fr\\\/#organization\"},\"potentialAction\":[{\"@type\":\"SearchAction\",\"target\":{\"@type\":\"EntryPoint\",\"urlTemplate\":\"https:\\\/\\\/hurricaneaerospace.com\\\/fr\\\/?s={search_term_string}\"},\"query-input\":{\"@type\":\"PropertyValueSpecification\",\"valueRequired\":true,\"valueName\":\"search_term_string\"}}],\"inLanguage\":\"fr-FR\"},{\"@type\":\"Organization\",\"@id\":\"https:\\\/\\\/hurricaneaerospace.com\\\/fr\\\/#organization\",\"name\":\"Hurricane Aerospace Solutions\",\"url\":\"https:\\\/\\\/hurricaneaerospace.com\\\/fr\\\/\",\"logo\":{\"@type\":\"ImageObject\",\"inLanguage\":\"fr-FR\",\"@id\":\"https:\\\/\\\/hurricaneaerospace.com\\\/fr\\\/#\\\/schema\\\/logo\\\/image\\\/\",\"url\":\"https:\\\/\\\/hurricaneaerospace.com\\\/wp-content\\\/uploads\\\/2019\\\/03\\\/Hurricane-Website-Logo-Retina-2019.png\",\"contentUrl\":\"https:\\\/\\\/hurricaneaerospace.com\\\/wp-content\\\/uploads\\\/2019\\\/03\\\/Hurricane-Website-Logo-Retina-2019.png\",\"width\":800,\"height\":482,\"caption\":\"Hurricane Aerospace Solutions\"},\"image\":{\"@id\":\"https:\\\/\\\/hurricaneaerospace.com\\\/fr\\\/#\\\/schema\\\/logo\\\/image\\\/\"},\"sameAs\":[\"https:\\\/\\\/www.facebook.com\\\/HurricaneAerospaceSolutions\\\/\",\"https:\\\/\\\/x.com\\\/hurricaneaero\",\"https:\\\/\\\/www.instagram.com\\\/hurricaneaerospacesolutions\\\/\",\"http:\\\/\\\/www.linkedin.com\\\/company\\\/hurricaneaerospacesolutions\\\/\"]}]}<\/script>\n<!-- \/ Yoast SEO plugin. -->","yoast_head_json":{"title":"Solutions commerciales - Ouragan A\u00e9ronautique","description":"Fournir des produits et des services de qualit\u00e9. Am\u00e9liorer et d\u00e9velopper continuellement des solutions sur mesure qui offrent un soutien mondial \u00e0 ses clients.","robots":{"index":"index","follow":"follow","max-snippet":"max-snippet:-1","max-image-preview":"max-image-preview:large","max-video-preview":"max-video-preview:-1"},"canonical":"https:\/\/hurricaneaerospace.com\/fr\/solutions-commerciales\/","og_locale":"fr_FR","og_type":"article","og_title":"Solutions commerciales - Ouragan A\u00e9ronautique","og_description":"Fournir des produits et des services de qualit\u00e9. Am\u00e9liorer et d\u00e9velopper continuellement des solutions sur mesure qui offrent un soutien mondial \u00e0 ses clients.","og_url":"https:\/\/hurricaneaerospace.com\/fr\/solutions-commerciales\/","og_site_name":"Ouragan A\u00e9ronautique","article_publisher":"https:\/\/www.facebook.com\/HurricaneAerospaceSolutions\/","article_modified_time":"2020-12-04T03:22:34+00:00","twitter_card":"summary_large_image","twitter_site":"@hurricaneaero","twitter_misc":{"Dur\u00e9e de lecture estim\u00e9e":"3 minutes"},"schema":{"@context":"https:\/\/schema.org","@graph":[{"@type":"WebPage","@id":"https:\/\/hurricaneaerospace.com\/fr\/solutions-commerciales\/","url":"https:\/\/hurricaneaerospace.com\/fr\/solutions-commerciales\/","name":"Solutions commerciales - Ouragan A\u00e9ronautique","isPartOf":{"@id":"https:\/\/hurricaneaerospace.com\/fr\/#website"},"datePublished":"2020-08-19T20:44:45+00:00","dateModified":"2020-12-04T03:22:34+00:00","description":"Fournir des produits et des services de qualit\u00e9. Am\u00e9liorer et d\u00e9velopper continuellement des solutions sur mesure qui offrent un soutien mondial \u00e0 ses clients.","breadcrumb":{"@id":"https:\/\/hurricaneaerospace.com\/fr\/solutions-commerciales\/#breadcrumb"},"inLanguage":"fr-FR","potentialAction":[{"@type":"ReadAction","target":["https:\/\/hurricaneaerospace.com\/fr\/solutions-commerciales\/"]}]},{"@type":"BreadcrumbList","@id":"https:\/\/hurricaneaerospace.com\/fr\/solutions-commerciales\/#breadcrumb","itemListElement":[{"@type":"ListItem","position":1,"name":"Accueil","item":"https:\/\/hurricaneaerospace.com\/fr\/"},{"@type":"ListItem","position":2,"name":"Solutions commerciales"}]},{"@type":"WebSite","@id":"https:\/\/hurricaneaerospace.com\/fr\/#website","url":"https:\/\/hurricaneaerospace.com\/fr\/","name":"Ouragan A\u00e9ronautique","description":"Plus de 25 ans d\u2019exp\u00e9rience","publisher":{"@id":"https:\/\/hurricaneaerospace.com\/fr\/#organization"},"potentialAction":[{"@type":"SearchAction","target":{"@type":"EntryPoint","urlTemplate":"https:\/\/hurricaneaerospace.com\/fr\/?s={search_term_string}"},"query-input":{"@type":"PropertyValueSpecification","valueRequired":true,"valueName":"search_term_string"}}],"inLanguage":"fr-FR"},{"@type":"Organization","@id":"https:\/\/hurricaneaerospace.com\/fr\/#organization","name":"Hurricane Aerospace Solutions","url":"https:\/\/hurricaneaerospace.com\/fr\/","logo":{"@type":"ImageObject","inLanguage":"fr-FR","@id":"https:\/\/hurricaneaerospace.com\/fr\/#\/schema\/logo\/image\/","url":"https:\/\/hurricaneaerospace.com\/wp-content\/uploads\/2019\/03\/Hurricane-Website-Logo-Retina-2019.png","contentUrl":"https:\/\/hurricaneaerospace.com\/wp-content\/uploads\/2019\/03\/Hurricane-Website-Logo-Retina-2019.png","width":800,"height":482,"caption":"Hurricane Aerospace Solutions"},"image":{"@id":"https:\/\/hurricaneaerospace.com\/fr\/#\/schema\/logo\/image\/"},"sameAs":["https:\/\/www.facebook.com\/HurricaneAerospaceSolutions\/","https:\/\/x.com\/hurricaneaero","https:\/\/www.instagram.com\/hurricaneaerospacesolutions\/","http:\/\/www.linkedin.com\/company\/hurricaneaerospacesolutions\/"]}]}},"_links":{"self":[{"href":"https:\/\/hurricaneaerospace.com\/fr\/wp-json\/wp\/v2\/pages\/6667","targetHints":{"allow":["GET"]}}],"collection":[{"href":"https:\/\/hurricaneaerospace.com\/fr\/wp-json\/wp\/v2\/pages"}],"about":[{"href":"https:\/\/hurricaneaerospace.com\/fr\/wp-json\/wp\/v2\/types\/page"}],"author":[{"embeddable":true,"href":"https:\/\/hurricaneaerospace.com\/fr\/wp-json\/wp\/v2\/users\/4"}],"replies":[{"embeddable":true,"href":"https:\/\/hurricaneaerospace.com\/fr\/wp-json\/wp\/v2\/comments?post=6667"}],"version-history":[{"count":16,"href":"https:\/\/hurricaneaerospace.com\/fr\/wp-json\/wp\/v2\/pages\/6667\/revisions"}],"predecessor-version":[{"id":7916,"href":"https:\/\/hurricaneaerospace.com\/fr\/wp-json\/wp\/v2\/pages\/6667\/revisions\/7916"}],"wp:attachment":[{"href":"https:\/\/hurricaneaerospace.com\/fr\/wp-json\/wp\/v2\/media?parent=6667"}],"curies":[{"name":"wp","href":"https:\/\/api.w.org\/{rel}","templated":true}]}}