{"id":6668,"date":"2020-08-19T20:44:45","date_gmt":"2020-08-19T20:44:45","guid":{"rendered":"https:\/\/hurricaneaerospace.com\/contact\/"},"modified":"2020-12-04T04:30:13","modified_gmt":"2020-12-04T04:30:13","slug":"contact","status":"publish","type":"page","link":"https:\/\/hurricaneaerospace.com\/fr\/contact\/","title":{"rendered":"Contact"},"content":{"rendered":"\n\t<section class=\"section dark\" id=\"section_1469648687\">\n\t\t<div class=\"section-bg fill\" >\n\t\t\t<img loading=\"lazy\" decoding=\"async\" width=\"2250\" height=\"1500\" src=\"https:\/\/hurricaneaerospace.com\/wp-content\/uploads\/2019\/03\/pexels-photo-1059608.jpeg\" class=\"bg attachment-original size-original\" alt=\"Airplane Sky\" \/>\t\t\t\t\t\t<div class=\"section-bg-overlay absolute fill\"><\/div>\n\t\t\t\n\n\t\t<\/div>\n\n\t\t\n\n\t\t<div class=\"section-content relative\">\n\t\t\t\n<div class=\"row\"  id=\"row-2071331674\">\n\n\t<div id=\"col-411845796\" class=\"col small-12 large-12\"  >\n\t\t\t\t<div class=\"col-inner\"  >\n\t\t\t\n\t\t\t\n<div class=\"container section-title-container\" style=\"margin-top:0px;margin-bottom:0px;\"><h1 class=\"section-title section-title-center\"><b aria-hidden=\"true\"><\/b><span class=\"section-title-main\" >Contactez-nous<\/span><b aria-hidden=\"true\"><\/b><\/h1><\/div>\n\t\t<\/div>\n\t\t\t\t\t<\/div>\n\n\t\n<\/div>\n\t\t<\/div>\n\n\t\t\n<style>\n#section_1469648687 {\n  padding-top: 100px;\n  padding-bottom: 100px;\n}\n#section_1469648687 .section-bg-overlay {\n  background-color: rgba(18, 41, 81, 0.71);\n}\n<\/style>\n\t<\/section>\n\t\n\n\t<section class=\"section\" id=\"section_1205183038\">\n\t\t<div class=\"section-bg fill\" >\n\t\t\t\t\t\t\t\t\t\n\t\t\t\n\n\t\t<\/div>\n\n\t\t\n\n\t\t<div class=\"section-content relative\">\n\t\t\t\n<div class=\"row\"  id=\"row-1809724961\">\n\n\t<div id=\"col-1961905089\" class=\"col medium-6 small-12 large-6\"  >\n\t\t\t\t<div class=\"col-inner\"  >\n\t\t\t\n\t\t\t\n<p>Merci d\u2019avoir visit\u00e9 notre site Web. Nous nous effor\u00e7ons de vous fournir les solutions n\u00e9cessaires pour contacter et travailler facilement avec notre \u00e9quipe. Si vous avez des questions ou des demandes de renseignements, veuillez remplir le formulaire, nous appeler ou utiliser notre fonction de chat.<\/p>\n<p>Nous sommes disponibles du lundi au vendredi de 8h \u00e0 18h, mais vous pouvez nous envoyer un e-mail \u00e0 tout moment et l\u2019un de nos repr\u00e9sentants commerciaux vous contactera le jour ouvrable suivant.<\/p>\n<p><strong>Merci d\u2019avoir choisi Hurricane Aerospace Solutions.<\/strong><\/p>\n<hr>\n<h3>Adresse:<\/h3>\n<p>1480 SW 3rd St C10, Pompano Beach, FL 33069<\/p>\n<h3>T\u00e9l\u00e9phone:<\/h3>\n<p><a href=\"tel:+1-954-345-9330\">+1-954-345-9330<\/a> <a href=\"tel:+1-954-933-5664\">ou +1-954-933-5664<\/a><\/p>\n<h3>Messagerie \u00e9lectronique:<\/h3>\n<p><a href=\"mailto:info@hurricaneaerospace.com\">info@hurricaneaerospace.com<\/a><\/p>\n\t\t<\/div>\n\t\t\t\t\t<\/div>\n\n\t\n\n\t<div id=\"col-299822687\" class=\"col medium-6 small-12 large-6\"  >\n\t\t\t\t<div class=\"col-inner\" style=\"background-color:rgb(249, 253, 255);\" >\n\t\t\t\n\t\t\t\n<noscript class=\"ninja-forms-noscript-message\">\n\tRemarque\u00a0: JavaScript est requis pour ce contenu.<\/noscript>\nCe formulaire est actuellement en maintenance. Veuillez r\u00e9essayer plus tard.\n\t\t<\/div>\n\t\t\t\t\n<style>\n#col-299822687 > .col-inner {\n  padding: 5% 5% 5% 5%;\n}\n<\/style>\n\t<\/div>\n\n\t\n<\/div>\n\t\t<\/div>\n\n\t\t\n<style>\n#section_1205183038 {\n  padding-top: 50px;\n  padding-bottom: 50px;\n}\n<\/style>\n\t<\/section>\n\t\n","protected":false},"excerpt":{"rendered":"","protected":false},"author":4,"featured_media":0,"parent":0,"menu_order":0,"comment_status":"closed","ping_status":"closed","template":"page-blank.php","meta":{"nf_dc_page":"","_monsterinsights_skip_tracking":false,"_monsterinsights_sitenote_active":false,"_monsterinsights_sitenote_note":"","_monsterinsights_sitenote_category":0,"footnotes":""},"class_list":["post-6668","page","type-page","status-publish","hentry"],"yoast_head":"<!-- This site is optimized with the Yoast SEO plugin v27.4 - https:\/\/yoast.com\/product\/yoast-seo-wordpress\/ -->\n<title>Contact - Ouragan A\u00e9ronautique<\/title>\n<meta name=\"robots\" content=\"index, follow, max-snippet:-1, max-image-preview:large, max-video-preview:-1\" \/>\n<link rel=\"canonical\" href=\"https:\/\/hurricaneaerospace.com\/fr\/contact\/\" \/>\n<meta property=\"og:locale\" content=\"fr_FR\" \/>\n<meta property=\"og:type\" content=\"article\" \/>\n<meta property=\"og:title\" content=\"Contact - Ouragan A\u00e9ronautique\" \/>\n<meta property=\"og:url\" content=\"https:\/\/hurricaneaerospace.com\/fr\/contact\/\" \/>\n<meta property=\"og:site_name\" content=\"Ouragan A\u00e9ronautique\" \/>\n<meta property=\"article:publisher\" content=\"https:\/\/www.facebook.com\/HurricaneAerospaceSolutions\/\" \/>\n<meta property=\"article:modified_time\" content=\"2020-12-04T04:30:13+00:00\" \/>\n<meta name=\"twitter:card\" content=\"summary_large_image\" \/>\n<meta name=\"twitter:site\" content=\"@hurricaneaero\" \/>\n<meta name=\"twitter:label1\" content=\"Dur\u00e9e de lecture estim\u00e9e\" \/>\n\t<meta name=\"twitter:data1\" content=\"1 minute\" \/>\n<script type=\"application\/ld+json\" class=\"yoast-schema-graph\">{\"@context\":\"https:\\\/\\\/schema.org\",\"@graph\":[{\"@type\":\"WebPage\",\"@id\":\"https:\\\/\\\/hurricaneaerospace.com\\\/fr\\\/contact\\\/\",\"url\":\"https:\\\/\\\/hurricaneaerospace.com\\\/fr\\\/contact\\\/\",\"name\":\"Contact - Ouragan A\u00e9ronautique\",\"isPartOf\":{\"@id\":\"https:\\\/\\\/hurricaneaerospace.com\\\/fr\\\/#website\"},\"datePublished\":\"2020-08-19T20:44:45+00:00\",\"dateModified\":\"2020-12-04T04:30:13+00:00\",\"breadcrumb\":{\"@id\":\"https:\\\/\\\/hurricaneaerospace.com\\\/fr\\\/contact\\\/#breadcrumb\"},\"inLanguage\":\"fr-FR\",\"potentialAction\":[{\"@type\":\"ReadAction\",\"target\":[\"https:\\\/\\\/hurricaneaerospace.com\\\/fr\\\/contact\\\/\"]}]},{\"@type\":\"BreadcrumbList\",\"@id\":\"https:\\\/\\\/hurricaneaerospace.com\\\/fr\\\/contact\\\/#breadcrumb\",\"itemListElement\":[{\"@type\":\"ListItem\",\"position\":1,\"name\":\"Accueil\",\"item\":\"https:\\\/\\\/hurricaneaerospace.com\\\/fr\\\/\"},{\"@type\":\"ListItem\",\"position\":2,\"name\":\"Contact\"}]},{\"@type\":\"WebSite\",\"@id\":\"https:\\\/\\\/hurricaneaerospace.com\\\/fr\\\/#website\",\"url\":\"https:\\\/\\\/hurricaneaerospace.com\\\/fr\\\/\",\"name\":\"Ouragan A\u00e9ronautique\",\"description\":\"Plus de 25 ans d\u2019exp\u00e9rience\",\"publisher\":{\"@id\":\"https:\\\/\\\/hurricaneaerospace.com\\\/fr\\\/#organization\"},\"potentialAction\":[{\"@type\":\"SearchAction\",\"target\":{\"@type\":\"EntryPoint\",\"urlTemplate\":\"https:\\\/\\\/hurricaneaerospace.com\\\/fr\\\/?s={search_term_string}\"},\"query-input\":{\"@type\":\"PropertyValueSpecification\",\"valueRequired\":true,\"valueName\":\"search_term_string\"}}],\"inLanguage\":\"fr-FR\"},{\"@type\":\"Organization\",\"@id\":\"https:\\\/\\\/hurricaneaerospace.com\\\/fr\\\/#organization\",\"name\":\"Hurricane Aerospace Solutions\",\"url\":\"https:\\\/\\\/hurricaneaerospace.com\\\/fr\\\/\",\"logo\":{\"@type\":\"ImageObject\",\"inLanguage\":\"fr-FR\",\"@id\":\"https:\\\/\\\/hurricaneaerospace.com\\\/fr\\\/#\\\/schema\\\/logo\\\/image\\\/\",\"url\":\"https:\\\/\\\/hurricaneaerospace.com\\\/wp-content\\\/uploads\\\/2019\\\/03\\\/Hurricane-Website-Logo-Retina-2019.png\",\"contentUrl\":\"https:\\\/\\\/hurricaneaerospace.com\\\/wp-content\\\/uploads\\\/2019\\\/03\\\/Hurricane-Website-Logo-Retina-2019.png\",\"width\":800,\"height\":482,\"caption\":\"Hurricane Aerospace Solutions\"},\"image\":{\"@id\":\"https:\\\/\\\/hurricaneaerospace.com\\\/fr\\\/#\\\/schema\\\/logo\\\/image\\\/\"},\"sameAs\":[\"https:\\\/\\\/www.facebook.com\\\/HurricaneAerospaceSolutions\\\/\",\"https:\\\/\\\/x.com\\\/hurricaneaero\",\"https:\\\/\\\/www.instagram.com\\\/hurricaneaerospacesolutions\\\/\",\"http:\\\/\\\/www.linkedin.com\\\/company\\\/hurricaneaerospacesolutions\\\/\"]}]}<\/script>\n<!-- \/ Yoast SEO plugin. -->","yoast_head_json":{"title":"Contact - Ouragan A\u00e9ronautique","robots":{"index":"index","follow":"follow","max-snippet":"max-snippet:-1","max-image-preview":"max-image-preview:large","max-video-preview":"max-video-preview:-1"},"canonical":"https:\/\/hurricaneaerospace.com\/fr\/contact\/","og_locale":"fr_FR","og_type":"article","og_title":"Contact - Ouragan A\u00e9ronautique","og_url":"https:\/\/hurricaneaerospace.com\/fr\/contact\/","og_site_name":"Ouragan A\u00e9ronautique","article_publisher":"https:\/\/www.facebook.com\/HurricaneAerospaceSolutions\/","article_modified_time":"2020-12-04T04:30:13+00:00","twitter_card":"summary_large_image","twitter_site":"@hurricaneaero","twitter_misc":{"Dur\u00e9e de lecture estim\u00e9e":"1 minute"},"schema":{"@context":"https:\/\/schema.org","@graph":[{"@type":"WebPage","@id":"https:\/\/hurricaneaerospace.com\/fr\/contact\/","url":"https:\/\/hurricaneaerospace.com\/fr\/contact\/","name":"Contact - Ouragan A\u00e9ronautique","isPartOf":{"@id":"https:\/\/hurricaneaerospace.com\/fr\/#website"},"datePublished":"2020-08-19T20:44:45+00:00","dateModified":"2020-12-04T04:30:13+00:00","breadcrumb":{"@id":"https:\/\/hurricaneaerospace.com\/fr\/contact\/#breadcrumb"},"inLanguage":"fr-FR","potentialAction":[{"@type":"ReadAction","target":["https:\/\/hurricaneaerospace.com\/fr\/contact\/"]}]},{"@type":"BreadcrumbList","@id":"https:\/\/hurricaneaerospace.com\/fr\/contact\/#breadcrumb","itemListElement":[{"@type":"ListItem","position":1,"name":"Accueil","item":"https:\/\/hurricaneaerospace.com\/fr\/"},{"@type":"ListItem","position":2,"name":"Contact"}]},{"@type":"WebSite","@id":"https:\/\/hurricaneaerospace.com\/fr\/#website","url":"https:\/\/hurricaneaerospace.com\/fr\/","name":"Ouragan A\u00e9ronautique","description":"Plus de 25 ans d\u2019exp\u00e9rience","publisher":{"@id":"https:\/\/hurricaneaerospace.com\/fr\/#organization"},"potentialAction":[{"@type":"SearchAction","target":{"@type":"EntryPoint","urlTemplate":"https:\/\/hurricaneaerospace.com\/fr\/?s={search_term_string}"},"query-input":{"@type":"PropertyValueSpecification","valueRequired":true,"valueName":"search_term_string"}}],"inLanguage":"fr-FR"},{"@type":"Organization","@id":"https:\/\/hurricaneaerospace.com\/fr\/#organization","name":"Hurricane Aerospace Solutions","url":"https:\/\/hurricaneaerospace.com\/fr\/","logo":{"@type":"ImageObject","inLanguage":"fr-FR","@id":"https:\/\/hurricaneaerospace.com\/fr\/#\/schema\/logo\/image\/","url":"https:\/\/hurricaneaerospace.com\/wp-content\/uploads\/2019\/03\/Hurricane-Website-Logo-Retina-2019.png","contentUrl":"https:\/\/hurricaneaerospace.com\/wp-content\/uploads\/2019\/03\/Hurricane-Website-Logo-Retina-2019.png","width":800,"height":482,"caption":"Hurricane Aerospace Solutions"},"image":{"@id":"https:\/\/hurricaneaerospace.com\/fr\/#\/schema\/logo\/image\/"},"sameAs":["https:\/\/www.facebook.com\/HurricaneAerospaceSolutions\/","https:\/\/x.com\/hurricaneaero","https:\/\/www.instagram.com\/hurricaneaerospacesolutions\/","http:\/\/www.linkedin.com\/company\/hurricaneaerospacesolutions\/"]}]}},"_links":{"self":[{"href":"https:\/\/hurricaneaerospace.com\/fr\/wp-json\/wp\/v2\/pages\/6668","targetHints":{"allow":["GET"]}}],"collection":[{"href":"https:\/\/hurricaneaerospace.com\/fr\/wp-json\/wp\/v2\/pages"}],"about":[{"href":"https:\/\/hurricaneaerospace.com\/fr\/wp-json\/wp\/v2\/types\/page"}],"author":[{"embeddable":true,"href":"https:\/\/hurricaneaerospace.com\/fr\/wp-json\/wp\/v2\/users\/4"}],"replies":[{"embeddable":true,"href":"https:\/\/hurricaneaerospace.com\/fr\/wp-json\/wp\/v2\/comments?post=6668"}],"version-history":[{"count":6,"href":"https:\/\/hurricaneaerospace.com\/fr\/wp-json\/wp\/v2\/pages\/6668\/revisions"}],"predecessor-version":[{"id":8201,"href":"https:\/\/hurricaneaerospace.com\/fr\/wp-json\/wp\/v2\/pages\/6668\/revisions\/8201"}],"wp:attachment":[{"href":"https:\/\/hurricaneaerospace.com\/fr\/wp-json\/wp\/v2\/media?parent=6668"}],"curies":[{"name":"wp","href":"https:\/\/api.w.org\/{rel}","templated":true}]}}