{"id":6911,"date":"2020-08-19T21:17:50","date_gmt":"2020-08-19T21:17:50","guid":{"rendered":"https:\/\/hurricaneaerospace.com\/alta-ccma-mro\/"},"modified":"2022-02-11T02:25:25","modified_gmt":"2022-02-11T02:25:25","slug":"alta-ccma-mro","status":"publish","type":"page","link":"https:\/\/hurricaneaerospace.com\/fr\/alta-ccma-mro\/","title":{"rendered":"ALTA-CCMA-MRO"},"content":{"rendered":"<div class=\"slider-wrapper relative\" id=\"slider-322907471\" >\n    <div class=\"slider slider-nav-circle slider-nav-large slider-nav-light slider-style-normal\"\n        data-flickity-options='{\n            \"cellAlign\": \"center\",\n            \"imagesLoaded\": true,\n            \"lazyLoad\": 1,\n            \"freeScroll\": false,\n            \"wrapAround\": true,\n            \"autoPlay\": 6000,\n            \"pauseAutoPlayOnHover\" : true,\n            \"prevNextButtons\": true,\n            \"contain\" : true,\n            \"adaptiveHeight\" : true,\n            \"dragThreshold\" : 10,\n            \"percentPosition\": true,\n            \"pageDots\": true,\n            \"rightToLeft\": false,\n            \"draggable\": true,\n            \"selectedAttraction\": 0.1,\n            \"parallax\" : 0,\n            \"friction\": 0.6        }'\n        >\n        \n\n  <div class=\"banner has-hover\" id=\"banner-177090134\">\n          <div class=\"banner-inner fill\">\n        <div class=\"banner-bg fill\" >\n            <img loading=\"lazy\" decoding=\"async\" width=\"2048\" height=\"1098\" src=\"https:\/\/hurricaneaerospace.com\/wp-content\/uploads\/2020\/01\/ALTA-2020-crop-scaled.jpg\" class=\"bg attachment-original size-original\" alt=\"\" \/>                                    \n                    <\/div>\n\t\t\n        <div class=\"banner-layers container\">\n            <div class=\"fill banner-link\"><\/div>            \n   <div id=\"text-box-1927865602\" class=\"text-box banner-layer x0 md-x0 lg-x0 y70 md-y70 lg-y70 res-text\">\n                                <div class=\"text-box-content text dark\">\n              \n              <div class=\"text-inner text-center\">\n                  \n<a data-animate=\"bounceInDown\" href=\"https:\/\/www.altaccma.com\/events\/2020-alta-ccma-mro-conference\/registration-2bfd674229584dd9bfb311c9c4d7c0bf.aspx?lang=en&#038;fqp=true\" class=\"button secondary is-large\" style=\"border-radius:54px;\">\n\t\t<span>Inscrivez-vous MAINTENANT<\/span>\n\t<\/a>\n\n<a data-animate=\"bounceInDown\" class=\"button white is-large\" style=\"border-radius:99px;\">\n\t\t<span>Planifier une r\u00e9union<\/span>\n\t<\/a>\n\n              <\/div>\n           <\/div>\n                            \n<style>\n#text-box-1927865602 {\n  width: 60%;\n}\n#text-box-1927865602 .text-box-content {\n  font-size: 89%;\n}\n@media (min-width:550px) {\n  #text-box-1927865602 {\n    width: 36%;\n  }\n}\n<\/style>\n    <\/div>\n \n        <\/div>\n      <\/div>\n\n            \n<style>\n#banner-177090134 {\n  padding-top: 610px;\n}\n#banner-177090134 .banner-bg img {\n  object-position: 0% 71%;\n}\n<\/style>\n  <\/div>\n\n\n     <\/div>\n\n     <div class=\"loading-spin dark large centered\"><\/div>\n\n\t<\/div>\n\n\n<div class=\"row row-collapse row-full-width row-solid\"  id=\"row-1131817570\">\n\n\t<div id=\"col-1762567323\" class=\"col medium-3 small-6 large-3\"  >\n\t\t\t\t<div class=\"col-inner text-center\"  >\n\t\t\t\n\t\t\t\n\n\t\t<div class=\"icon-box featured-box icon-box-top text-left\"  >\n\t\t\t\t\t<div class=\"icon-box-img\" style=\"width: 101px\">\n\t\t\t\t<div class=\"icon\">\n\t\t\t\t\t<div class=\"icon-inner\" >\n\t\t\t\t\t\t<img loading=\"lazy\" decoding=\"async\" width=\"256\" height=\"256\" src=\"https:\/\/hurricaneaerospace.com\/wp-content\/uploads\/2020\/01\/team.png\" class=\"attachment-medium size-medium\" alt=\"team icon\" srcset=\"https:\/\/hurricaneaerospace.com\/wp-content\/uploads\/2020\/01\/team.png 256w, https:\/\/hurricaneaerospace.com\/wp-content\/uploads\/2020\/01\/team-150x150.png 150w\" sizes=\"auto, (max-width: 256px) 100vw, 256px\" \/>\t\t\t\t\t<\/div>\n\t\t\t\t<\/div>\n\t\t\t<\/div>\n\t\t\t\t<div class=\"icon-box-text last-reset\">\n\t\t\t\t\t\t\t\t\t\n<h3 style=\"text-align: center;\">750 ATTENDEES<\/h3>\n\t\t<\/div>\n\t<\/div>\n\t\n\t\n\t\t<\/div>\n\t\t\t\t\t<\/div>\n\n\t\n\n\t<div id=\"col-1049292272\" class=\"col medium-3 small-6 large-3\"  >\n\t\t\t\t<div class=\"col-inner text-center\"  >\n\t\t\t\n\t\t\t\n\n\t\t<div class=\"icon-box featured-box icon-box-top text-left\"  >\n\t\t\t\t\t<div class=\"icon-box-img\" style=\"width: 100px\">\n\t\t\t\t<div class=\"icon\">\n\t\t\t\t\t<div class=\"icon-inner\" style=\"color:rgb(13, 41, 87);\">\n\t\t\t\t\t\t<img loading=\"lazy\" decoding=\"async\" width=\"256\" height=\"256\" src=\"https:\/\/hurricaneaerospace.com\/wp-content\/uploads\/2020\/01\/plane.png\" class=\"attachment-medium size-medium\" alt=\"plane icon\" srcset=\"https:\/\/hurricaneaerospace.com\/wp-content\/uploads\/2020\/01\/plane.png 256w, https:\/\/hurricaneaerospace.com\/wp-content\/uploads\/2020\/01\/plane-150x150.png 150w\" sizes=\"auto, (max-width: 256px) 100vw, 256px\" \/>\t\t\t\t\t<\/div>\n\t\t\t\t<\/div>\n\t\t\t<\/div>\n\t\t\t\t<div class=\"icon-box-text last-reset\">\n\t\t\t\t\t\t\t\t\t\n<h3 style=\"text-align: center;\">OVER 100 AIRLINE REPRESENTATIVES<\/h3>\n\t\t<\/div>\n\t<\/div>\n\t\n\t\n\t\t<\/div>\n\t\t\t\t\t<\/div>\n\n\t\n\n\t<div id=\"col-838228753\" class=\"col medium-3 small-6 large-3\"  >\n\t\t\t\t<div class=\"col-inner text-center\"  >\n\t\t\t\n\t\t\t\n\n\t\t<div class=\"icon-box featured-box icon-box-top text-left\"  >\n\t\t\t\t\t<div class=\"icon-box-img\" style=\"width: 101px\">\n\t\t\t\t<div class=\"icon\">\n\t\t\t\t\t<div class=\"icon-inner\" >\n\t\t\t\t\t\t<img loading=\"lazy\" decoding=\"async\" width=\"256\" height=\"256\" src=\"https:\/\/hurricaneaerospace.com\/wp-content\/uploads\/2020\/01\/agreement.png\" class=\"attachment-medium size-medium\" alt=\"agreement icon\" srcset=\"https:\/\/hurricaneaerospace.com\/wp-content\/uploads\/2020\/01\/agreement.png 256w, https:\/\/hurricaneaerospace.com\/wp-content\/uploads\/2020\/01\/agreement-150x150.png 150w\" sizes=\"auto, (max-width: 256px) 100vw, 256px\" \/>\t\t\t\t\t<\/div>\n\t\t\t\t<\/div>\n\t\t\t<\/div>\n\t\t\t\t<div class=\"icon-box-text last-reset\">\n\t\t\t\t\t\t\t\t\t\n<h3 style=\"text-align: center;\">HUNDREDS OF BUSINESS<br \/>\nMINI-MEETINGS<\/h3>\n\t\t<\/div>\n\t<\/div>\n\t\n\t\n\t\t<\/div>\n\t\t\t\t\t<\/div>\n\n\t\n\n\t<div id=\"col-1186710532\" class=\"col medium-3 small-6 large-3\"  >\n\t\t\t\t<div class=\"col-inner text-center\"  >\n\t\t\t\n\t\t\t\n\n\t\t<div class=\"icon-box featured-box icon-box-top text-left\"  >\n\t\t\t\t\t<div class=\"icon-box-img\" style=\"width: 100px\">\n\t\t\t\t<div class=\"icon\">\n\t\t\t\t\t<div class=\"icon-inner\" >\n\t\t\t\t\t\t<img loading=\"lazy\" decoding=\"async\" width=\"256\" height=\"256\" src=\"https:\/\/hurricaneaerospace.com\/wp-content\/uploads\/2020\/01\/politics.png\" class=\"attachment-medium size-medium\" alt=\"politics icon\" srcset=\"https:\/\/hurricaneaerospace.com\/wp-content\/uploads\/2020\/01\/politics.png 256w, https:\/\/hurricaneaerospace.com\/wp-content\/uploads\/2020\/01\/politics-150x150.png 150w\" sizes=\"auto, (max-width: 256px) 100vw, 256px\" \/>\t\t\t\t\t<\/div>\n\t\t\t\t<\/div>\n\t\t\t<\/div>\n\t\t\t\t<div class=\"icon-box-text last-reset\">\n\t\t\t\t\t\t\t\t\t\n<h3 style=\"text-align: center;\">OVER 100 TABLE TOP\/ EXHIBITORS<\/h3>\n\t\t<\/div>\n\t<\/div>\n\t\n\t\n\t\t<\/div>\n\t\t\t\t\t<\/div>\n\n\t\n\n<style>\n#row-1131817570 > .col > .col-inner {\n  padding: 21px 0px 47px 0px;\n}\n<\/style>\n<\/div>\n\n\t<section class=\"section has-mask mask-arrow\" id=\"section_477874164\">\n\t\t<div class=\"section-bg fill\" >\n\t\t\t<img loading=\"lazy\" decoding=\"async\" width=\"2000\" height=\"1334\" src=\"https:\/\/hurricaneaerospace.com\/wp-content\/uploads\/2019\/03\/shutterstock_335605790.jpg\" class=\"bg attachment- size-\" alt=\"\" \/>\t\t\t\t\t\t<div class=\"section-bg-overlay absolute fill\"><\/div>\n\t\t\t\n\n\t\t<\/div>\n\n\t\t\n\n\t\t<div class=\"section-content relative\">\n\t\t\t\n<div class=\"row align-middle align-center\"  id=\"row-1703098118\">\n\n\t<div id=\"col-180551876\" class=\"col small-12 large-12\"  >\n\t\t\t\t<div class=\"col-inner text-center\"  >\n\t\t\t\n\t\t\t\n<h1><span style=\"color: #ffffff; font-size: 120%;\">Rencontrez Hurricane Aerospace \u00e0 la conf\u00e9rence ALTA CCMA &amp; MRO!<\/span><\/h1>\n<p class=\"lead\"><span style=\"color: #ffffff;\">La mission de la conf\u00e9rence ALTA CCMA &amp; MRO est d\u2019\u00eatre la premi\u00e8re conf\u00e9rence annuelle sur la maintenance et les achats techniques ax\u00e9e sur quatre piliers cl\u00e9s de l\u2019industrie \u2013 l\u2019innovation, la technologie, l\u2019efficacit\u00e9 et la r\u00e9glementation \u2013 afin de d\u00e9velopper des solutions efficaces qui maximisent l\u2019empreinte \u00e9conomique et sociale de l\u2019aviation dans la r\u00e9gion.<\/span><\/p>\n<a data-animate=\"bounceInDown\" href=\"http:\/\/www.altaccma.com\/events\/2020-alta-ccma-mro-conference\/event-summary-2bfd674229584dd9bfb311c9c4d7c0bf.aspx?lang=en\" class=\"button white is-shade is-large\" style=\"border-radius:54px;\">\n\t\t<span>Pour en savoir plus<\/span>\n\t<\/a>\n\n\t\t<\/div>\n\t\t\t\t\t<\/div>\n\n\t\n\n<style>\n#row-1703098118 > .col > .col-inner {\n  padding: 66px 0px 0px 0px;\n}\n<\/style>\n<\/div>\n\t\t<\/div>\n\n\t\t\n<style>\n#section_477874164 {\n  padding-top: 20px;\n  padding-bottom: 20px;\n}\n#section_477874164 .section-bg-overlay {\n  background-color: rgba(27, 64, 128, 0.7);\n}\n<\/style>\n\t<\/section>\n\t\n\n\t<section class=\"section hide-for-medium\" id=\"section_1460295842\">\n\t\t<div class=\"section-bg fill\" >\n\t\t\t\t\t\t\t\t\t\n\t\t\t\n\n\t\t<\/div>\n\n\t\t\n\n\t\t<div class=\"section-content relative\">\n\t\t\t\n<div class=\"row row-collapse align-middle align-center\"  id=\"row-716142893\">\n\n\t<div id=\"col-388365087\" class=\"col medium-7 small-12 large-7\"  >\n\t\t\t\t<div class=\"col-inner text-center\"  >\n\t\t\t\n\t\t\t\n<h1><span style=\"font-size: 130%;\">Hurricane Aerospace est un<br \/>\nCommanditaire officiel!<\/span><\/h1>\n<p style=\"max-width: 600px; margin: 0 auto;\"><span style=\"font-size: 120%;\">La conf\u00e9rence CCMA &amp; MRO 2020 se tiendra \u00e0 Carthag\u00e8ne, en Colombie, du 17 au 19 mai 2020 \u00e0 l\u2019h\u00f4tel Hilton Cartagena.<\/span><\/p>\n<ul style=\"margin: 0 auto; text-align: left; margin-bottom: 40px;\">\n<li class=\"extended-bullet indent-1\" data-extended-bullet=\"1\" data-indent=\"1\">Hurricane Aerospace Solutions parrainera les \u00e9tiquettes de porte <strong><br \/>\n  <em>\u00ab Ne pas d\u00e9ranger<\/em><br \/>\n<\/strong> \u00bb.<\/li>\n<li class=\"extended-bullet indent-1\" data-extended-bullet=\"1\" data-indent=\"1\">Nous serons \u00e0 vue pendant toute la conf\u00e9rence.<\/li>\n<\/ul>\n<a href=\"https:\/\/hurricaneaerospace.com\/contact\/\" class=\"button primary is-outline\" >\n\t\t<span>Planifier une r\u00e9union Hurricane Aerospace<\/span>\n\t<\/a>\n\n\t\t<\/div>\n\t\t\t\t\n<style>\n#col-388365087 > .col-inner {\n  margin: 40px 40px 40px 40px;\n  max-width: 90%;\n}\n<\/style>\n\t<\/div>\n\n\t\n\n\t<div id=\"col-860530994\" class=\"col medium-5 small-12 large-5\"  >\n\t\t\t\t<div class=\"col-inner text-center\"  >\n\t\t\t\n\t\t\t\n<div class=\"video video-fit mb box-shadow-2 box-shadow-3-hover\" style=\"padding-top:68%;\"><p><iframe loading=\"lazy\" title=\"ALTA CCMA &amp; MRO Conference 2019 Video\" width=\"1020\" height=\"574\" src=\"https:\/\/www.youtube.com\/embed\/xgGTQBri_ec?feature=oembed\" frameborder=\"0\" allow=\"accelerometer; autoplay; encrypted-media; gyroscope; picture-in-picture\" allowfullscreen><\/iframe><\/p>\n<\/div>\n\t\t<\/div>\n\t\t\t\t\t<\/div>\n\n\t\n\n<\/div>\n\t\t<\/div>\n\n\t\t\n<style>\n#section_1460295842 {\n  padding-top: 0px;\n  padding-bottom: 0px;\n}\n<\/style>\n\t<\/section>\n\t\n\n\t<section class=\"section show-for-small\" id=\"section_474030754\">\n\t\t<div class=\"section-bg fill\" >\n\t\t\t\t\t\t\t\t\t\n\t\t\t\n\n\t\t<\/div>\n\n\t\t\n\n\t\t<div class=\"section-content relative\">\n\t\t\t\n<div class=\"row row-collapse align-middle align-center\"  id=\"row-1892443425\">\n\n\t<div id=\"col-1262077050\" class=\"col medium-6 small-10 large-6\"  >\n\t\t\t\t<div class=\"col-inner text-center\"  >\n\t\t\t\n\t\t\t\n<h1>Gestion a\u00e9rospatiale,<br \/>\nPour tout le monde.<\/h1>\n<p>Nous nous effor\u00e7ons de rendre nos services accessibles \u00e0 tous. Nous avons travaill\u00e9 dur pour fournir les outils n\u00e9cessaires, y compris notre site Web, qui permettent \u00e0 n\u2019importe qui de faire l\u2019exp\u00e9rience de notre qualit\u00e9 de service et d\u2019expertise.<\/p>\n<a href=\"\/ouragan\/accessibilit\u00e9\/\" class=\"button primary is-outline\" >\n\t\t<span>en savoir plus sur l\u2019accessibilit\u00e9<\/span>\n\t<\/a>\n\n\t\t<\/div>\n\t\t\t\t\n<style>\n#col-1262077050 > .col-inner {\n  padding: 4pxx 0px 0px 0px;\n  margin: 0pxp 0px 0px 0px;\n}\n<\/style>\n\t<\/div>\n\n\t\n<\/div>\n\t\t<\/div>\n\n\t\t\n<style>\n#section_474030754 {\n  padding-top: 0px;\n  padding-bottom: 0px;\n}\n<\/style>\n\t<\/section>\n\t\n\n\t<section class=\"section dark\" id=\"section_732297968\">\n\t\t<div class=\"section-bg fill\" >\n\t\t\t\t\t\t\t\t\t\n\t\t\t\n\n\t\t<\/div>\n\n\t\t\n\n\t\t<div class=\"section-content relative\">\n\t\t\t\n<div class=\"row\"  id=\"row-1775284155\">\n\n\t<div id=\"col-832027910\" class=\"col small-12 large-12\"  >\n\t\t\t\t<div class=\"col-inner\"  >\n\t\t\t\n\t\t\t\n<p style=\"text-align: center;\"><span style=\"font-size: 200%;\"><strong>Vous avez des questions? Contactez-nous maintenant!<\/strong><\/span><\/p>\n<p style=\"text-align: center;\"><span style=\"font-size: 140%;\">+1 (954) 345-9330<\/span><br \/>\n<span style=\"font-size: 140%;\"><a class=\"textEditor-link\" href=\"mailto:info@hurricaneaerospace.com\" target=\"_blank\" rel=\"nofollow noopener noreferrer\" data-is-link=\"mailto:info@hurricaneaerospace.com\">info@hurricaneaerospace.com<\/a><\/span><\/p>\n<p style=\"text-align: center;\"><strong>T\u00e9l\u00e9phone espagnol:<\/strong> ext # 119 Karen<br \/>\n<strong>T\u00e9l\u00e9phone en anglais:<\/strong> ext # 101 Leandra<\/p>\n\t\t<\/div>\n\t\t\t\t\t<\/div>\n\n\t\n<\/div>\n\t\t<\/div>\n\n\t\t\n<style>\n#section_732297968 {\n  padding-top: 0px;\n  padding-bottom: 0px;\n  background-color: rgb(37, 63, 124);\n}\n<\/style>\n\t<\/section>\n\t\n","protected":false},"excerpt":{"rendered":"","protected":false},"author":4,"featured_media":0,"parent":0,"menu_order":0,"comment_status":"closed","ping_status":"closed","template":"page-blank.php","meta":{"nf_dc_page":"","_monsterinsights_skip_tracking":false,"_monsterinsights_sitenote_active":false,"_monsterinsights_sitenote_note":"","_monsterinsights_sitenote_category":0,"footnotes":""},"class_list":["post-6911","page","type-page","status-publish","hentry"],"yoast_head":"<!-- This site is optimized with the Yoast SEO plugin v27.4 - https:\/\/yoast.com\/product\/yoast-seo-wordpress\/ -->\n<title>ALTA-CCMA-MRO - Ouragan A\u00e9ronautique<\/title>\n<meta name=\"robots\" content=\"index, follow, max-snippet:-1, max-image-preview:large, max-video-preview:-1\" \/>\n<link rel=\"canonical\" href=\"https:\/\/hurricaneaerospace.com\/fr\/alta-ccma-mro\/\" \/>\n<meta property=\"og:locale\" content=\"fr_FR\" \/>\n<meta property=\"og:type\" content=\"article\" \/>\n<meta property=\"og:title\" content=\"ALTA-CCMA-MRO - Ouragan A\u00e9ronautique\" \/>\n<meta property=\"og:url\" content=\"https:\/\/hurricaneaerospace.com\/fr\/alta-ccma-mro\/\" \/>\n<meta property=\"og:site_name\" content=\"Ouragan A\u00e9ronautique\" \/>\n<meta property=\"article:publisher\" content=\"https:\/\/www.facebook.com\/HurricaneAerospaceSolutions\/\" \/>\n<meta property=\"article:modified_time\" content=\"2022-02-11T02:25:25+00:00\" \/>\n<meta name=\"twitter:card\" content=\"summary_large_image\" \/>\n<meta name=\"twitter:site\" content=\"@hurricaneaero\" \/>\n<meta name=\"twitter:label1\" content=\"Dur\u00e9e de lecture estim\u00e9e\" \/>\n\t<meta name=\"twitter:data1\" content=\"3 minutes\" \/>\n<script type=\"application\/ld+json\" class=\"yoast-schema-graph\">{\"@context\":\"https:\\\/\\\/schema.org\",\"@graph\":[{\"@type\":\"WebPage\",\"@id\":\"https:\\\/\\\/hurricaneaerospace.com\\\/fr\\\/alta-ccma-mro\\\/\",\"url\":\"https:\\\/\\\/hurricaneaerospace.com\\\/fr\\\/alta-ccma-mro\\\/\",\"name\":\"ALTA-CCMA-MRO - Ouragan A\u00e9ronautique\",\"isPartOf\":{\"@id\":\"https:\\\/\\\/hurricaneaerospace.com\\\/fr\\\/#website\"},\"datePublished\":\"2020-08-19T21:17:50+00:00\",\"dateModified\":\"2022-02-11T02:25:25+00:00\",\"breadcrumb\":{\"@id\":\"https:\\\/\\\/hurricaneaerospace.com\\\/fr\\\/alta-ccma-mro\\\/#breadcrumb\"},\"inLanguage\":\"fr-FR\",\"potentialAction\":[{\"@type\":\"ReadAction\",\"target\":[\"https:\\\/\\\/hurricaneaerospace.com\\\/fr\\\/alta-ccma-mro\\\/\"]}]},{\"@type\":\"BreadcrumbList\",\"@id\":\"https:\\\/\\\/hurricaneaerospace.com\\\/fr\\\/alta-ccma-mro\\\/#breadcrumb\",\"itemListElement\":[{\"@type\":\"ListItem\",\"position\":1,\"name\":\"Accueil\",\"item\":\"https:\\\/\\\/hurricaneaerospace.com\\\/fr\\\/\"},{\"@type\":\"ListItem\",\"position\":2,\"name\":\"ALTA-CCMA-MRO\"}]},{\"@type\":\"WebSite\",\"@id\":\"https:\\\/\\\/hurricaneaerospace.com\\\/fr\\\/#website\",\"url\":\"https:\\\/\\\/hurricaneaerospace.com\\\/fr\\\/\",\"name\":\"Ouragan A\u00e9ronautique\",\"description\":\"Plus de 25 ans d\u2019exp\u00e9rience\",\"publisher\":{\"@id\":\"https:\\\/\\\/hurricaneaerospace.com\\\/fr\\\/#organization\"},\"potentialAction\":[{\"@type\":\"SearchAction\",\"target\":{\"@type\":\"EntryPoint\",\"urlTemplate\":\"https:\\\/\\\/hurricaneaerospace.com\\\/fr\\\/?s={search_term_string}\"},\"query-input\":{\"@type\":\"PropertyValueSpecification\",\"valueRequired\":true,\"valueName\":\"search_term_string\"}}],\"inLanguage\":\"fr-FR\"},{\"@type\":\"Organization\",\"@id\":\"https:\\\/\\\/hurricaneaerospace.com\\\/fr\\\/#organization\",\"name\":\"Hurricane Aerospace Solutions\",\"url\":\"https:\\\/\\\/hurricaneaerospace.com\\\/fr\\\/\",\"logo\":{\"@type\":\"ImageObject\",\"inLanguage\":\"fr-FR\",\"@id\":\"https:\\\/\\\/hurricaneaerospace.com\\\/fr\\\/#\\\/schema\\\/logo\\\/image\\\/\",\"url\":\"https:\\\/\\\/hurricaneaerospace.com\\\/wp-content\\\/uploads\\\/2019\\\/03\\\/Hurricane-Website-Logo-Retina-2019.png\",\"contentUrl\":\"https:\\\/\\\/hurricaneaerospace.com\\\/wp-content\\\/uploads\\\/2019\\\/03\\\/Hurricane-Website-Logo-Retina-2019.png\",\"width\":800,\"height\":482,\"caption\":\"Hurricane Aerospace Solutions\"},\"image\":{\"@id\":\"https:\\\/\\\/hurricaneaerospace.com\\\/fr\\\/#\\\/schema\\\/logo\\\/image\\\/\"},\"sameAs\":[\"https:\\\/\\\/www.facebook.com\\\/HurricaneAerospaceSolutions\\\/\",\"https:\\\/\\\/x.com\\\/hurricaneaero\",\"https:\\\/\\\/www.instagram.com\\\/hurricaneaerospacesolutions\\\/\",\"http:\\\/\\\/www.linkedin.com\\\/company\\\/hurricaneaerospacesolutions\\\/\"]}]}<\/script>\n<!-- \/ Yoast SEO plugin. -->","yoast_head_json":{"title":"ALTA-CCMA-MRO - Ouragan A\u00e9ronautique","robots":{"index":"index","follow":"follow","max-snippet":"max-snippet:-1","max-image-preview":"max-image-preview:large","max-video-preview":"max-video-preview:-1"},"canonical":"https:\/\/hurricaneaerospace.com\/fr\/alta-ccma-mro\/","og_locale":"fr_FR","og_type":"article","og_title":"ALTA-CCMA-MRO - Ouragan A\u00e9ronautique","og_url":"https:\/\/hurricaneaerospace.com\/fr\/alta-ccma-mro\/","og_site_name":"Ouragan A\u00e9ronautique","article_publisher":"https:\/\/www.facebook.com\/HurricaneAerospaceSolutions\/","article_modified_time":"2022-02-11T02:25:25+00:00","twitter_card":"summary_large_image","twitter_site":"@hurricaneaero","twitter_misc":{"Dur\u00e9e de lecture estim\u00e9e":"3 minutes"},"schema":{"@context":"https:\/\/schema.org","@graph":[{"@type":"WebPage","@id":"https:\/\/hurricaneaerospace.com\/fr\/alta-ccma-mro\/","url":"https:\/\/hurricaneaerospace.com\/fr\/alta-ccma-mro\/","name":"ALTA-CCMA-MRO - Ouragan A\u00e9ronautique","isPartOf":{"@id":"https:\/\/hurricaneaerospace.com\/fr\/#website"},"datePublished":"2020-08-19T21:17:50+00:00","dateModified":"2022-02-11T02:25:25+00:00","breadcrumb":{"@id":"https:\/\/hurricaneaerospace.com\/fr\/alta-ccma-mro\/#breadcrumb"},"inLanguage":"fr-FR","potentialAction":[{"@type":"ReadAction","target":["https:\/\/hurricaneaerospace.com\/fr\/alta-ccma-mro\/"]}]},{"@type":"BreadcrumbList","@id":"https:\/\/hurricaneaerospace.com\/fr\/alta-ccma-mro\/#breadcrumb","itemListElement":[{"@type":"ListItem","position":1,"name":"Accueil","item":"https:\/\/hurricaneaerospace.com\/fr\/"},{"@type":"ListItem","position":2,"name":"ALTA-CCMA-MRO"}]},{"@type":"WebSite","@id":"https:\/\/hurricaneaerospace.com\/fr\/#website","url":"https:\/\/hurricaneaerospace.com\/fr\/","name":"Ouragan A\u00e9ronautique","description":"Plus de 25 ans d\u2019exp\u00e9rience","publisher":{"@id":"https:\/\/hurricaneaerospace.com\/fr\/#organization"},"potentialAction":[{"@type":"SearchAction","target":{"@type":"EntryPoint","urlTemplate":"https:\/\/hurricaneaerospace.com\/fr\/?s={search_term_string}"},"query-input":{"@type":"PropertyValueSpecification","valueRequired":true,"valueName":"search_term_string"}}],"inLanguage":"fr-FR"},{"@type":"Organization","@id":"https:\/\/hurricaneaerospace.com\/fr\/#organization","name":"Hurricane Aerospace Solutions","url":"https:\/\/hurricaneaerospace.com\/fr\/","logo":{"@type":"ImageObject","inLanguage":"fr-FR","@id":"https:\/\/hurricaneaerospace.com\/fr\/#\/schema\/logo\/image\/","url":"https:\/\/hurricaneaerospace.com\/wp-content\/uploads\/2019\/03\/Hurricane-Website-Logo-Retina-2019.png","contentUrl":"https:\/\/hurricaneaerospace.com\/wp-content\/uploads\/2019\/03\/Hurricane-Website-Logo-Retina-2019.png","width":800,"height":482,"caption":"Hurricane Aerospace Solutions"},"image":{"@id":"https:\/\/hurricaneaerospace.com\/fr\/#\/schema\/logo\/image\/"},"sameAs":["https:\/\/www.facebook.com\/HurricaneAerospaceSolutions\/","https:\/\/x.com\/hurricaneaero","https:\/\/www.instagram.com\/hurricaneaerospacesolutions\/","http:\/\/www.linkedin.com\/company\/hurricaneaerospacesolutions\/"]}]}},"_links":{"self":[{"href":"https:\/\/hurricaneaerospace.com\/fr\/wp-json\/wp\/v2\/pages\/6911","targetHints":{"allow":["GET"]}}],"collection":[{"href":"https:\/\/hurricaneaerospace.com\/fr\/wp-json\/wp\/v2\/pages"}],"about":[{"href":"https:\/\/hurricaneaerospace.com\/fr\/wp-json\/wp\/v2\/types\/page"}],"author":[{"embeddable":true,"href":"https:\/\/hurricaneaerospace.com\/fr\/wp-json\/wp\/v2\/users\/4"}],"replies":[{"embeddable":true,"href":"https:\/\/hurricaneaerospace.com\/fr\/wp-json\/wp\/v2\/comments?post=6911"}],"version-history":[{"count":5,"href":"https:\/\/hurricaneaerospace.com\/fr\/wp-json\/wp\/v2\/pages\/6911\/revisions"}],"predecessor-version":[{"id":9342,"href":"https:\/\/hurricaneaerospace.com\/fr\/wp-json\/wp\/v2\/pages\/6911\/revisions\/9342"}],"wp:attachment":[{"href":"https:\/\/hurricaneaerospace.com\/fr\/wp-json\/wp\/v2\/media?parent=6911"}],"curies":[{"name":"wp","href":"https:\/\/api.w.org\/{rel}","templated":true}]}}