{"id":7011,"date":"2020-08-19T21:18:30","date_gmt":"2020-08-19T21:18:30","guid":{"rendered":"https:\/\/hurricaneaerospace.com\/declaration-sur-les-mineraux-de-conflit\/"},"modified":"2020-09-17T16:58:15","modified_gmt":"2020-09-17T16:58:15","slug":"declaration-sur-les-mineraux-de-conflit","status":"publish","type":"page","link":"https:\/\/hurricaneaerospace.com\/fr\/declaration-sur-les-mineraux-de-conflit\/","title":{"rendered":"D\u00e9claration sur les min\u00e9raux de conflit"},"content":{"rendered":"<p>&nbsp;<\/p>\n\n\t<section class=\"section dark\" id=\"section_1889882185\">\n\t\t<div class=\"section-bg fill\" >\n\t\t\t<img loading=\"lazy\" decoding=\"async\" width=\"2000\" height=\"1333\" src=\"https:\/\/hurricaneaerospace.com\/wp-content\/uploads\/2019\/03\/shutterstock_1084292654.jpg\" class=\"bg attachment- size-\" alt=\"shutterstock_1084292654\" \/>\t\t\t\t\t\t<div class=\"section-bg-overlay absolute fill\"><\/div>\n\t\t\t\n\n\t\t<\/div>\n\n\t\t\n\n\t\t<div class=\"section-content relative\">\n\t\t\t\n<div class=\"row align-middle align-center\"  id=\"row-938234532\">\n\n\t<div id=\"col-2009970433\" class=\"col medium-10 small-12 large-10\"  >\n\t\t\t\t<div class=\"col-inner\"  >\n\t\t\t\n\t\t\t\n<div class=\"container section-title-container\" ><h3 class=\"section-title section-title-center\"><b aria-hidden=\"true\"><\/b><span class=\"section-title-main\" >D\u00e9claration sur les min\u00e9raux de conflit<\/span><b aria-hidden=\"true\"><\/b><\/h3><\/div>\n\t\t<\/div>\n\t\t\t\t\t<\/div>\n\n\t\n<\/div>\n\t\t<\/div>\n\n\t\t\n<style>\n#section_1889882185 {\n  padding-top: 50px;\n  padding-bottom: 50px;\n  min-height: 1px;\n}\n#section_1889882185 .section-bg-overlay {\n  background-color: rgba(27, 64, 128, 0.53);\n}\n<\/style>\n\t<\/section>\n\t\n<div class=\"row align-center\"  id=\"row-1262200720\">\n\n\t<div id=\"col-340695741\" class=\"col medium-10 small-12 large-10\"  >\n\t\t\t\t<div class=\"col-inner\"  >\n\t\t\t\n\t\t\t\n<h2><strong>D\u00e9claration sur les min\u00e9raux de conflit<\/strong><\/h2>\n<p>Le 21 juillet 2010, la Loi Dodd-Frank sur la r\u00e9forme de Wall Street et la protection des consommateurs a \u00e9t\u00e9 promulgu\u00e9e. La loi Dodd-Frank et les r\u00e8gles connexes de la Securities and Exchange Commission des \u00c9tats-Unis exigent que certaines soci\u00e9t\u00e9s divulguent dans quelle mesure les produits qu\u2019elles fabriquent ou contractent pour fabriquer contiennent des min\u00e9raux dits de conflit provenant de mines en R\u00e9publique d\u00e9mocratique du Congo (RDC) ou dans les pays voisins. Les min\u00e9raux de conflit incluent le tantale, l\u2019\u00e9tain, le tungst\u00e8ne et l\u2019or, qui sont utilis\u00e9s dans de nombreux composants \u00e9lectroniques et produits informatiques.<\/p>\n<p>En tant que fournisseur de solutions pour les composants \u00e9lectroniques, Hurricane Aerospace Solutions favorise la tra\u00e7abilit\u00e9 de ces min\u00e9raux et la transparence de la cha\u00eene d\u2019approvisionnement. Solutions a\u00e9rospatiales d\u2019ouragan. croit fermement que ses clients devraient \u00eatre pleinement inform\u00e9s des produits qu\u2019ils ach\u00e8tent. Bien qu\u2019Hurricane Aerospace Solutions, en tant que distributeur tiers, n\u2019est pas en mesure de certifier le pays d\u2019origine des min\u00e9raux contenus dans les produits fabriqu\u00e9s par Hurricane Aerospace Solutions. ou fournisseurs. Solutions a\u00e9rospatiales d\u2019ouragan. s\u2019engage \u00e0 travailler avec ses clients pour fournir des produits qui r\u00e9pondent aux sp\u00e9cifications du client ou une solution potentielle. L\u2019Electronics Components Industry Association et la Electronics Industry Citizenship Coalition compilent des renseignements importants sur l\u2019utilisation des min\u00e9raux de conflit dans la cha\u00eene d\u2019approvisionnement technologique. Ces informations peuvent \u00eatre consult\u00e9es \u00e0 <a href=\"https:\/\/web.archive.org\/web\/20181019061526\/http:\/\/www.eciaonline.org\/\">www.eciaonline.org<\/a>.<\/p>\n\t\t<\/div>\n\t\t\t\t\t<\/div>\n\n\t\n<\/div>\n<div class=\"row align-center\"  id=\"row-1435969903\">\n\n\t<div id=\"col-1446456092\" class=\"col medium-6 small-12 large-6\"  >\n\t\t\t\t<div class=\"col-inner\"  >\n\t\t\t\n\t\t\t\n<p>En ce qui concerne les aspects limit\u00e9s de l\u2019entreprise Hurricane Aerospace Solution qui fabriquent ou contractent pour fabriquer des produits qui contiennent des min\u00e9raux de conflit qui sont n\u00e9cessaires \u00e0 la fonctionnalit\u00e9 ou \u00e0 la production du produit, Hurricane Aerospace Solutions. n\u2019ach\u00e8te pas directement de min\u00e9raux de conflit d\u2019aucune source et s\u2019efforce de ne pas acheter de produits contenant des min\u00e9raux de conflit qui financent directement ou indirectement ou profitent \u00e0 des groupes arm\u00e9s en RDC ou dans les pays voisins. Solutions a\u00e9rospatiales d\u2019ouragan. demander et s\u2019\u00e9coule vers tous les fournisseurs de sous-niveaux dans toutes les conditions de commande d\u2019achat la n\u00e9cessit\u00e9 de pouvoir valider la tra\u00e7abilit\u00e9 de la cha\u00eene d\u2019approvisionnement relative \u00e0 l\u2019origine des min\u00e9raux de conflit, y compris, mais sans s\u2019y limiter, l\u2019\u00e9tain, le tantale, le tungst\u00e8ne ou l\u2019or dans les produits qu\u2019ils fabriquent ou contractent pour fabriquer. sources de min\u00e9raux provenant de sources responsables. Solutions a\u00e9rospatiales d\u2019ouragan. comprend pleinement l\u2019importance de cette question pour ses clients et s\u2019engage \u00e0 prendre des initiatives dans la cha\u00eene d\u2019approvisionnement et \u00e0 mener des efforts g\u00e9n\u00e9raux de responsabilit\u00e9 sociale et de durabilit\u00e9 qui visent \u00e0 assurer la libre circulation des conflits dans la cha\u00eene d\u2019approvisionnement. Nous encourageons tous nos fournisseurs \u00e0 soutenir de m\u00eame ces efforts et \u00e0 rendre les informations sur l\u2019origine de leurs composants de produits facilement accessibles sur leurs sites Web;<\/p>\n\t\t<\/div>\n\t\t\t\t\t<\/div>\n\n\t\n\n\t<div id=\"col-1795168969\" class=\"col medium-6 small-12 large-6\"  >\n\t\t\t\t<div class=\"col-inner\"  >\n\t\t\t\n\t\t\t\n<p>Liens relatifs \u00e0 cette initiative<\/p>\n<ul>\n<li><a href=\"https:\/\/web.archive.org\/web\/20181019061526\/http:\/\/www.conflictfreesourcing.org\/conflict-minerals-reporting-template\/\">http:\/\/www.conflictfreesourcing.org\/conflict-minerals-reporting-template\/<\/a><\/li>\n<li><a href=\"https:\/\/web.archive.org\/web\/20181019061526\/http:\/\/www.conflictfreesmelter.org\/cfshome.htm\">http:\/\/www.conflictfreesmelter.org\/cfshome.htm<\/a>.<\/li>\n<li><a href=\"https:\/\/web.archive.org\/web\/20181019061526\/http:\/\/www.sec.gov\/rules\/final.shtml\">sec.gov\/rules\/final.shtml<\/a>.<\/li>\n<\/ul>\n<p>Communiqu\u00e9 de presse pour nous d\u2019autoriser distributeur et Hyper lien vers le Maida<\/p>\n<p>Page Web de la soci\u00e9t\u00e9 de d\u00e9veloppement<\/p>\n<ul>\n<li><a href=\"https:\/\/web.archive.org\/web\/20181019061526\/http:\/\/www.maida.com\/\">http:\/\/www.maida.com\/<\/a><\/li>\n<\/ul>\n\t\t<\/div>\n\t\t\t\t\t<\/div>\n\n\t\n<\/div>\n<p>&nbsp;<\/p>\n","protected":false},"excerpt":{"rendered":"<p>&nbsp; &nbsp;<\/p>\n","protected":false},"author":4,"featured_media":0,"parent":0,"menu_order":0,"comment_status":"closed","ping_status":"closed","template":"page-blank.php","meta":{"nf_dc_page":"","_monsterinsights_skip_tracking":false,"_monsterinsights_sitenote_active":false,"_monsterinsights_sitenote_note":"","_monsterinsights_sitenote_category":0,"footnotes":""},"class_list":["post-7011","page","type-page","status-publish","hentry"],"yoast_head":"<!-- This site is optimized with the Yoast SEO plugin v27.4 - https:\/\/yoast.com\/product\/yoast-seo-wordpress\/ -->\n<title>D\u00e9claration sur les min\u00e9raux de conflit - Ouragan A\u00e9ronautique<\/title>\n<meta name=\"robots\" content=\"index, follow, max-snippet:-1, max-image-preview:large, max-video-preview:-1\" \/>\n<link rel=\"canonical\" href=\"https:\/\/hurricaneaerospace.com\/fr\/declaration-sur-les-mineraux-de-conflit\/\" \/>\n<meta property=\"og:locale\" content=\"fr_FR\" \/>\n<meta property=\"og:type\" content=\"article\" \/>\n<meta property=\"og:title\" content=\"D\u00e9claration sur les min\u00e9raux de conflit - Ouragan A\u00e9ronautique\" \/>\n<meta property=\"og:description\" content=\"&nbsp; &nbsp;\" \/>\n<meta property=\"og:url\" content=\"https:\/\/hurricaneaerospace.com\/fr\/declaration-sur-les-mineraux-de-conflit\/\" \/>\n<meta property=\"og:site_name\" content=\"Ouragan A\u00e9ronautique\" \/>\n<meta property=\"article:publisher\" content=\"https:\/\/www.facebook.com\/HurricaneAerospaceSolutions\/\" \/>\n<meta property=\"article:modified_time\" content=\"2020-09-17T16:58:15+00:00\" \/>\n<meta name=\"twitter:card\" content=\"summary_large_image\" \/>\n<meta name=\"twitter:site\" content=\"@hurricaneaero\" \/>\n<meta name=\"twitter:label1\" content=\"Dur\u00e9e de lecture estim\u00e9e\" \/>\n\t<meta name=\"twitter:data1\" content=\"3 minutes\" \/>\n<script type=\"application\/ld+json\" class=\"yoast-schema-graph\">{\"@context\":\"https:\\\/\\\/schema.org\",\"@graph\":[{\"@type\":\"WebPage\",\"@id\":\"https:\\\/\\\/hurricaneaerospace.com\\\/fr\\\/declaration-sur-les-mineraux-de-conflit\\\/\",\"url\":\"https:\\\/\\\/hurricaneaerospace.com\\\/fr\\\/declaration-sur-les-mineraux-de-conflit\\\/\",\"name\":\"D\u00e9claration sur les min\u00e9raux de conflit - Ouragan A\u00e9ronautique\",\"isPartOf\":{\"@id\":\"https:\\\/\\\/hurricaneaerospace.com\\\/fr\\\/#website\"},\"datePublished\":\"2020-08-19T21:18:30+00:00\",\"dateModified\":\"2020-09-17T16:58:15+00:00\",\"breadcrumb\":{\"@id\":\"https:\\\/\\\/hurricaneaerospace.com\\\/fr\\\/declaration-sur-les-mineraux-de-conflit\\\/#breadcrumb\"},\"inLanguage\":\"fr-FR\",\"potentialAction\":[{\"@type\":\"ReadAction\",\"target\":[\"https:\\\/\\\/hurricaneaerospace.com\\\/fr\\\/declaration-sur-les-mineraux-de-conflit\\\/\"]}]},{\"@type\":\"BreadcrumbList\",\"@id\":\"https:\\\/\\\/hurricaneaerospace.com\\\/fr\\\/declaration-sur-les-mineraux-de-conflit\\\/#breadcrumb\",\"itemListElement\":[{\"@type\":\"ListItem\",\"position\":1,\"name\":\"Accueil\",\"item\":\"https:\\\/\\\/hurricaneaerospace.com\\\/fr\\\/\"},{\"@type\":\"ListItem\",\"position\":2,\"name\":\"D\u00e9claration sur les min\u00e9raux de conflit\"}]},{\"@type\":\"WebSite\",\"@id\":\"https:\\\/\\\/hurricaneaerospace.com\\\/fr\\\/#website\",\"url\":\"https:\\\/\\\/hurricaneaerospace.com\\\/fr\\\/\",\"name\":\"Ouragan A\u00e9ronautique\",\"description\":\"Plus de 25 ans d\u2019exp\u00e9rience\",\"publisher\":{\"@id\":\"https:\\\/\\\/hurricaneaerospace.com\\\/fr\\\/#organization\"},\"potentialAction\":[{\"@type\":\"SearchAction\",\"target\":{\"@type\":\"EntryPoint\",\"urlTemplate\":\"https:\\\/\\\/hurricaneaerospace.com\\\/fr\\\/?s={search_term_string}\"},\"query-input\":{\"@type\":\"PropertyValueSpecification\",\"valueRequired\":true,\"valueName\":\"search_term_string\"}}],\"inLanguage\":\"fr-FR\"},{\"@type\":\"Organization\",\"@id\":\"https:\\\/\\\/hurricaneaerospace.com\\\/fr\\\/#organization\",\"name\":\"Hurricane Aerospace Solutions\",\"url\":\"https:\\\/\\\/hurricaneaerospace.com\\\/fr\\\/\",\"logo\":{\"@type\":\"ImageObject\",\"inLanguage\":\"fr-FR\",\"@id\":\"https:\\\/\\\/hurricaneaerospace.com\\\/fr\\\/#\\\/schema\\\/logo\\\/image\\\/\",\"url\":\"https:\\\/\\\/hurricaneaerospace.com\\\/wp-content\\\/uploads\\\/2019\\\/03\\\/Hurricane-Website-Logo-Retina-2019.png\",\"contentUrl\":\"https:\\\/\\\/hurricaneaerospace.com\\\/wp-content\\\/uploads\\\/2019\\\/03\\\/Hurricane-Website-Logo-Retina-2019.png\",\"width\":800,\"height\":482,\"caption\":\"Hurricane Aerospace Solutions\"},\"image\":{\"@id\":\"https:\\\/\\\/hurricaneaerospace.com\\\/fr\\\/#\\\/schema\\\/logo\\\/image\\\/\"},\"sameAs\":[\"https:\\\/\\\/www.facebook.com\\\/HurricaneAerospaceSolutions\\\/\",\"https:\\\/\\\/x.com\\\/hurricaneaero\",\"https:\\\/\\\/www.instagram.com\\\/hurricaneaerospacesolutions\\\/\",\"http:\\\/\\\/www.linkedin.com\\\/company\\\/hurricaneaerospacesolutions\\\/\"]}]}<\/script>\n<!-- \/ Yoast SEO plugin. -->","yoast_head_json":{"title":"D\u00e9claration sur les min\u00e9raux de conflit - Ouragan A\u00e9ronautique","robots":{"index":"index","follow":"follow","max-snippet":"max-snippet:-1","max-image-preview":"max-image-preview:large","max-video-preview":"max-video-preview:-1"},"canonical":"https:\/\/hurricaneaerospace.com\/fr\/declaration-sur-les-mineraux-de-conflit\/","og_locale":"fr_FR","og_type":"article","og_title":"D\u00e9claration sur les min\u00e9raux de conflit - Ouragan A\u00e9ronautique","og_description":"&nbsp; &nbsp;","og_url":"https:\/\/hurricaneaerospace.com\/fr\/declaration-sur-les-mineraux-de-conflit\/","og_site_name":"Ouragan A\u00e9ronautique","article_publisher":"https:\/\/www.facebook.com\/HurricaneAerospaceSolutions\/","article_modified_time":"2020-09-17T16:58:15+00:00","twitter_card":"summary_large_image","twitter_site":"@hurricaneaero","twitter_misc":{"Dur\u00e9e de lecture estim\u00e9e":"3 minutes"},"schema":{"@context":"https:\/\/schema.org","@graph":[{"@type":"WebPage","@id":"https:\/\/hurricaneaerospace.com\/fr\/declaration-sur-les-mineraux-de-conflit\/","url":"https:\/\/hurricaneaerospace.com\/fr\/declaration-sur-les-mineraux-de-conflit\/","name":"D\u00e9claration sur les min\u00e9raux de conflit - Ouragan A\u00e9ronautique","isPartOf":{"@id":"https:\/\/hurricaneaerospace.com\/fr\/#website"},"datePublished":"2020-08-19T21:18:30+00:00","dateModified":"2020-09-17T16:58:15+00:00","breadcrumb":{"@id":"https:\/\/hurricaneaerospace.com\/fr\/declaration-sur-les-mineraux-de-conflit\/#breadcrumb"},"inLanguage":"fr-FR","potentialAction":[{"@type":"ReadAction","target":["https:\/\/hurricaneaerospace.com\/fr\/declaration-sur-les-mineraux-de-conflit\/"]}]},{"@type":"BreadcrumbList","@id":"https:\/\/hurricaneaerospace.com\/fr\/declaration-sur-les-mineraux-de-conflit\/#breadcrumb","itemListElement":[{"@type":"ListItem","position":1,"name":"Accueil","item":"https:\/\/hurricaneaerospace.com\/fr\/"},{"@type":"ListItem","position":2,"name":"D\u00e9claration sur les min\u00e9raux de conflit"}]},{"@type":"WebSite","@id":"https:\/\/hurricaneaerospace.com\/fr\/#website","url":"https:\/\/hurricaneaerospace.com\/fr\/","name":"Ouragan A\u00e9ronautique","description":"Plus de 25 ans d\u2019exp\u00e9rience","publisher":{"@id":"https:\/\/hurricaneaerospace.com\/fr\/#organization"},"potentialAction":[{"@type":"SearchAction","target":{"@type":"EntryPoint","urlTemplate":"https:\/\/hurricaneaerospace.com\/fr\/?s={search_term_string}"},"query-input":{"@type":"PropertyValueSpecification","valueRequired":true,"valueName":"search_term_string"}}],"inLanguage":"fr-FR"},{"@type":"Organization","@id":"https:\/\/hurricaneaerospace.com\/fr\/#organization","name":"Hurricane Aerospace Solutions","url":"https:\/\/hurricaneaerospace.com\/fr\/","logo":{"@type":"ImageObject","inLanguage":"fr-FR","@id":"https:\/\/hurricaneaerospace.com\/fr\/#\/schema\/logo\/image\/","url":"https:\/\/hurricaneaerospace.com\/wp-content\/uploads\/2019\/03\/Hurricane-Website-Logo-Retina-2019.png","contentUrl":"https:\/\/hurricaneaerospace.com\/wp-content\/uploads\/2019\/03\/Hurricane-Website-Logo-Retina-2019.png","width":800,"height":482,"caption":"Hurricane Aerospace Solutions"},"image":{"@id":"https:\/\/hurricaneaerospace.com\/fr\/#\/schema\/logo\/image\/"},"sameAs":["https:\/\/www.facebook.com\/HurricaneAerospaceSolutions\/","https:\/\/x.com\/hurricaneaero","https:\/\/www.instagram.com\/hurricaneaerospacesolutions\/","http:\/\/www.linkedin.com\/company\/hurricaneaerospacesolutions\/"]}]}},"_links":{"self":[{"href":"https:\/\/hurricaneaerospace.com\/fr\/wp-json\/wp\/v2\/pages\/7011","targetHints":{"allow":["GET"]}}],"collection":[{"href":"https:\/\/hurricaneaerospace.com\/fr\/wp-json\/wp\/v2\/pages"}],"about":[{"href":"https:\/\/hurricaneaerospace.com\/fr\/wp-json\/wp\/v2\/types\/page"}],"author":[{"embeddable":true,"href":"https:\/\/hurricaneaerospace.com\/fr\/wp-json\/wp\/v2\/users\/4"}],"replies":[{"embeddable":true,"href":"https:\/\/hurricaneaerospace.com\/fr\/wp-json\/wp\/v2\/comments?post=7011"}],"version-history":[{"count":10,"href":"https:\/\/hurricaneaerospace.com\/fr\/wp-json\/wp\/v2\/pages\/7011\/revisions"}],"predecessor-version":[{"id":7068,"href":"https:\/\/hurricaneaerospace.com\/fr\/wp-json\/wp\/v2\/pages\/7011\/revisions\/7068"}],"wp:attachment":[{"href":"https:\/\/hurricaneaerospace.com\/fr\/wp-json\/wp\/v2\/media?parent=7011"}],"curies":[{"name":"wp","href":"https:\/\/api.w.org\/{rel}","templated":true}]}}