{"id":7213,"date":"2020-08-19T21:25:48","date_gmt":"2020-08-19T21:25:48","guid":{"rendered":"https:\/\/hurricaneaerospace.com\/matieres-premieres-de-qualite-des-aeronefs\/"},"modified":"2020-12-04T02:24:55","modified_gmt":"2020-12-04T02:24:55","slug":"matieres-premieres-de-qualite-des-aeronefs","status":"publish","type":"page","link":"https:\/\/hurricaneaerospace.com\/fr\/matieres-premieres-de-qualite-des-aeronefs\/","title":{"rendered":"Mati\u00e8res premi\u00e8res de qualit\u00e9 des a\u00e9ronefs"},"content":{"rendered":"\n\t<section class=\"section dark\" id=\"section_1101400534\">\n\t\t<div class=\"section-bg fill\" >\n\t\t\t<img loading=\"lazy\" decoding=\"async\" width=\"830\" height=\"554\" src=\"https:\/\/hurricaneaerospace.com\/wp-content\/uploads\/2020\/03\/aluminum.jpg\" class=\"bg attachment-original size-original\" alt=\"aluminum\" \/>\t\t\t\t\t\t<div class=\"section-bg-overlay absolute fill\"><\/div>\n\t\t\t\n\n\t\t<\/div>\n\n\t\t\n\n\t\t<div class=\"section-content relative\">\n\t\t\t\n<div class=\"container section-title-container\" style=\"margin-top:0px;margin-bottom:0px;\"><h1 class=\"section-title section-title-center\"><b aria-hidden=\"true\"><\/b><span class=\"section-title-main\" style=\"font-size:140%;\">Mat\u00e9riaux bruts de qualit\u00e9 de l\u2019avion<\/span><b aria-hidden=\"true\"><\/b><\/h1><\/div>\n\t\t<\/div>\n\n\t\t\n<style>\n#section_1101400534 {\n  padding-top: 100px;\n  padding-bottom: 100px;\n}\n#section_1101400534 .section-bg-overlay {\n  background-color: rgba(27, 64, 128, 0.54);\n}\n<\/style>\n\t<\/section>\n\t\n\n\t<section class=\"section\" id=\"section_83260047\">\n\t\t<div class=\"section-bg fill\" >\n\t\t\t\t\t\t\t\t\t\n\t\t\t\n\n\t\t<\/div>\n\n\t\t\n\n\t\t<div class=\"section-content relative\">\n\t\t\t\n<div class=\"row align-center\"  id=\"row-788867977\">\n\n\t<div id=\"col-694149178\" class=\"col medium-6 small-12 large-6\"  >\n\t\t\t\t<div class=\"col-inner\"  >\n\t\t\t\n\t\t\t\n<div class=\"container section-title-container\" style=\"margin-top:0px;margin-bottom:0px;\"><h1 class=\"section-title section-title-normal\"><b aria-hidden=\"true\"><\/b><span class=\"section-title-main\" >M\u00e9taux a\u00e9rospatiaux<\/span><b aria-hidden=\"true\"><\/b><\/h1><\/div>\n<p>Nous offrons \u00e0 nos partenaires une grande gamme d\u2019alliages m\u00e9talliques pour les segments maritime, de d\u00e9fense et commercial.<\/p>\n<h4>  Produits de fabrication d\u2019usine :<\/h4>\n<ul class=\"extended-list-wrapper\">\n<li class=\"extended-bullet indent-1\" data-extended-bullet=\"1\" data-indent=\"1\">Kaiser<\/li>\n<li class=\"extended-bullet indent-1\" data-extended-bullet=\"1\" data-indent=\"1\">Alcoa<\/li>\n<li class=\"extended-bullet indent-1\" data-extended-bullet=\"1\" data-indent=\"1\">Constelium ( Constelium )<\/li>\n<li class=\"extended-bullet indent-1\" data-extended-bullet=\"1\" data-indent=\"1\">Charpentier<\/li>\n<li class=\"extended-bullet indent-1\" data-extended-bullet=\"1\" data-indent=\"1\">Dunkerque<\/li>\n<li class=\"extended-bullet indent-1\" data-extended-bullet=\"1\" data-indent=\"1\">Universal Stainless LLC<\/li>\n<\/ul>\n<a href=\"\/demande-devis\/\" class=\"button primary\" >\n\t\t<span>Demander un devis<\/span>\n\t<\/a>\n\n<a href=\"\/contact\/\" class=\"button secondary\" >\n\t\t<span>Contactez-nous<\/span>\n\t<\/a>\n\n\t\t<\/div>\n\t\t\t\t\t<\/div>\n\n\t\n\n\t<div id=\"col-548963280\" class=\"col medium-5 small-12 large-5\"  >\n\t\t\t\t<div class=\"col-inner\"  >\n\t\t\t\n\t\t\t\n\t<div class=\"img has-hover x md-x lg-x y md-y lg-y\" id=\"image_1954592243\">\n\t\t\t\t\t\t\t\t<div class=\"img-inner box-shadow-2 box-shadow-2-hover dark\" >\n\t\t\t<img loading=\"lazy\" decoding=\"async\" width=\"582\" height=\"342\" src=\"https:\/\/hurricaneaerospace.com\/wp-content\/uploads\/2020\/03\/roll-roll.jpg\" class=\"attachment-large size-large\" alt=\"Aerospace metals from Hurricane Aerospace Solutions\" srcset=\"https:\/\/hurricaneaerospace.com\/wp-content\/uploads\/2020\/03\/roll-roll.jpg 582w, https:\/\/hurricaneaerospace.com\/wp-content\/uploads\/2020\/03\/roll-roll-300x176.jpg 300w\" sizes=\"auto, (max-width: 582px) 100vw, 582px\" \/>\t\t\t\t\t\t\n\t\t\t\t\t<\/div>\n\t\t\t\t\t\t\t\t\n<style>\n#image_1954592243 {\n  width: 100%;\n}\n<\/style>\n\t<\/div>\n\t\n\t\t<\/div>\n\t\t\t\t\n<style>\n#col-548963280 > .col-inner {\n  padding: 115px 0px 0px 0px;\n}\n<\/style>\n\t<\/div>\n\n\t\n<\/div>\n\t\t<\/div>\n\n\t\t\n<style>\n#section_83260047 {\n  padding-top: 30px;\n  padding-bottom: 30px;\n}\n<\/style>\n\t<\/section>\n\t\n\n\t<section class=\"section\" id=\"section_1219003691\">\n\t\t<div class=\"section-bg fill\" >\n\t\t\t\t\t\t\t\t\t\n\t\t\t\n\n\t\t<\/div>\n\n\t\t\n\n\t\t<div class=\"section-content relative\">\n\t\t\t\n<div class=\"row\"  id=\"row-866211319\">\n\n\t<div id=\"col-1414864883\" class=\"col medium-6 small-12 large-6\"  >\n\t\t\t\t<div class=\"col-inner\"  >\n\t\t\t\n\t\t\t\n<h2>Hurricane Aerospace Solutions offre les alliages suivants pour plusieurs utilisations et demandes d\u2019applications :<\/h2>\n<ul class=\"extended-list-wrapper\">\n<li class=\"extended-bullet indent-1\" data-extended-bullet=\"1\" data-indent=\"1\">Aluminium (voir les d\u00e9tails ci-dessous)<\/li>\n<li class=\"extended-bullet indent-1\" data-extended-bullet=\"1\" data-indent=\"1\">Titane (voir les d\u00e9tails ci-dessous)<\/li>\n<li class=\"extended-bullet indent-1\" data-extended-bullet=\"1\" data-indent=\"1\">Qualit\u00e9s en acier inoxydable (voir les d\u00e9tails ci-dessous)<\/li>\n<li class=\"extended-bullet indent-1\" data-extended-bullet=\"1\" data-indent=\"1\">Alliages de nickel et de cobalt (voir les d\u00e9tails ci-dessous)<\/li>\n<li class=\"extended-bullet indent-1\" data-extended-bullet=\"1\" data-indent=\"1\">Alliages d\u2019a\u00e9ronefs, barre, bloc, forges (voir les d\u00e9tails ci-dessous)<\/li>\n<li data-extended-bullet=\"1\" data-indent=\"1\">Graphiques des m\u00e9taux a\u00e9rospatiaux<\/li>\n<\/ul>\n\t\t<\/div>\n\t\t\t\t\t<\/div>\n\n\t\n\n\t<div id=\"col-1210531015\" class=\"col medium-6 small-12 large-6\"  >\n\t\t\t\t<div class=\"col-inner\"  >\n\t\t\t\n\t\t\t\n\t<div class=\"img has-hover x md-x lg-x y md-y lg-y\" id=\"image_2078610250\">\n\t\t\t\t\t\t\t\t<div class=\"img-inner dark\" >\n\t\t\t<img loading=\"lazy\" decoding=\"async\" width=\"678\" height=\"350\" src=\"https:\/\/hurricaneaerospace.com\/wp-content\/uploads\/2020\/03\/image017.jpg\" class=\"attachment-original size-original\" alt=\"\" srcset=\"https:\/\/hurricaneaerospace.com\/wp-content\/uploads\/2020\/03\/image017.jpg 678w, https:\/\/hurricaneaerospace.com\/wp-content\/uploads\/2020\/03\/image017-300x155.jpg 300w\" sizes=\"auto, (max-width: 678px) 100vw, 678px\" \/>\t\t\t\t\t\t\n\t\t\t\t\t<\/div>\n\t\t\t\t\t\t\t\t\n<style>\n#image_2078610250 {\n  width: 100%;\n}\n<\/style>\n\t<\/div>\n\t\n\t\t<\/div>\n\t\t\t\t\n<style>\n#col-1210531015 > .col-inner {\n  padding: 55px 0px 0px 0px;\n}\n<\/style>\n\t<\/div>\n\n\t\n<\/div>\n\t\t<\/div>\n\n\t\t\n<style>\n#section_1219003691 {\n  padding-top: 100px;\n  padding-bottom: 100px;\n  background-color: rgb(238, 252, 255);\n}\n<\/style>\n\t<\/section>\n\t\n\n\t<section class=\"section\" id=\"section_804632995\">\n\t\t<div class=\"section-bg fill\" >\n\t\t\t\t\t\t\t\t\t\n\t\t\t\n\n\t\t<\/div>\n\n\t\t\n\n\t\t<div class=\"section-content relative\">\n\t\t\t\n<div class=\"row\"  id=\"row-1454437430\">\n\n\t<div id=\"col-1611649983\" class=\"col small-12 large-12\"  >\n\t\t\t\t<div class=\"col-inner\"  >\n\t\t\t\n\t\t\t\n<div class=\"container section-title-container\" ><h1 class=\"section-title section-title-center\"><b aria-hidden=\"true\"><\/b><span class=\"section-title-main\" >M\u00e9taux a\u00e9rospatiaux<\/span><b aria-hidden=\"true\"><\/b><\/h1><\/div>\n<h3 class=\"uppercase\">Aluminium<\/h3>\n<p class=\"thin-font\"><strong>S\u00e9rie 2000:<\/strong> 2024-T3, 2024-T4, 2024-0, 2011, 2014, 2017, 2219-0, 2219T351, 2219T851  <br \/><strong>Sp\u00e9cifications:<\/strong> AMS4036, AMS4077, AMS4041, AMS-QQ-A-250\/5, AMS-QQ-A-250\/4, AMS4035, AMS4037, FMS 1010, MEP 02-013, MEP 02-014, MEP 02-015<\/p>\n<p class=\"thin-font\"><strong>S\u00e9rie 5000 :<\/strong> 5052-H32, H34, 0, S5083-H34, H112, H116, H321, 5086-H34, H32, H112, H116, 5457  <br \/><strong>Sp\u00e9cifications:<\/strong> AMS4015, AMS4016, AMS4017, QQ-A-250\/8<\/p>\n<p class=\"thin-font\"><strong>S\u00e9rie 6000:<\/strong> 6061-0, 6061-T4, 6061-T6, 6013-T4, 6013-T6  <br \/><strong>Sp\u00e9cifications:<\/strong> AMS4347, AMS4216, AMS4025, AMS4026, AMS 4027, AMSQQ-A-250\/11<\/p>\n<p class=\"thin-font\"><strong>S\u00e9rie 7000:<\/strong> 7050T7451, 7050T7651, 7475T6, 7475T7651, 7475T7351, 7475T761  <br \/><strong>Sp\u00e9cifications:<\/strong> AMS 4050, AMS4201, BMS -7-194, AMS4044, AMS4045, QQ-A-250\/12, AMS 4048, AMS4049, QQ-A-250\/13, AMS 4085, AMS 4085, BAMS516-002<\/p>\n<div class=\"is-divider divider clearfix\" style=\"max-width:100px;height:5px;\"><\/div>\n<h3 class=\"uppercase\">Titane<\/h3>\n<p class=\"thin-font\">6-2-4-2, 6AL-4V, 3AL-2.5V, 5AL-2.5Sn &amp; ELI, 8AL-1V-1Mo (8-1-1), 15V-3Cr-4AL-3Sn (15-3-3-3)<\/br><br \/>\n<b class=\"thin-font\"><strong>Sp\u00e9cifications:<\/strong> AMS-4901 MIL-T 9046, TYPE 1 COMP B CP1, AMS4902 MIL-T-9046, TYPE 1 COMP. A CP3, AMS-4911 MIL-T-9046, TYPE 3 COMP C AB1, AMS4928, PWA-S4928<\/p>\n<div class=\"is-divider divider clearfix\" style=\"max-width:100px;height:5px;\"><\/div>\n<h3 class=\"uppercase\">QUALIT\u00c9S EN ACIER INOXYDABLE<\/h3>\n<p class=\"thin-font\">301 302 304 321 347 410, 15-7Mo, 17-4 , 17-7, 13-8MO, 15-5, 410 416 431 440<\/br><br \/>\n<b class=\"thin-font\"><strong>Sp\u00e9cifications:<\/strong> AMS5517 (1\/4&#8243;Hard), AMS5517 (1\/2&#8243;Hard), AMS 5519 (Full Hard), AMS5513, AMS5516, AMS5510, AMS5512, AMS5504, AMS5520, AMS5643, AMS5644, AMS5629, AMS5659, AMS5612, AMS5610, MS5628, AMS5630<\/p>\n<div class=\"is-divider divider clearfix\" style=\"max-width:100px;height:5px;\"><\/div>\n<h3 class=\"uppercase\">ALLIAGES NICKEL &amp; COBALT<\/h3>\n<p class=\"thin-font\">A286 AMS5525, HAST X AMS5536, L-605 AMS5537, RENE 41 AMS5545, X-750 AMS5542 \/ MILN7786, 188 AMS5608 \/ B50TF59, 600 AMS5540, 625 AMS5599, 718 AMS 5596 \/ B50TF14<\/p>\n<p class=\"thin-font\">HASTELLOY, HAYNES 188, MONEL 400, MONEL K500, RENE 41, STELLITE, WASPALLOY<\/p>\n<div class=\"is-divider divider clearfix\" style=\"max-width:100px;height:5px;\"><\/div>\n<h3 class=\"uppercase\">ALLIAGES D\u2019A\u00c9RONEFS, BARRE, BLOC, FORGES<\/h3>\n<p class=\"thin-font\">4130HT, 4140, 4330MOD, 4340, 6150, 8740, 52100, H-11VM, 4330MODVM, 4340M  <br \/><strong>Sp\u00e9cifications:<\/strong> AMS6370, MIL-S-6758, AMS6382, AMS6427, AMS 6415, AMS6448, AMS6322, 6440, AMS6487, AMS6411, AM<\/p>\n\t\t<\/div>\n\t\t\t\t\t<\/div>\n\n\t\n<\/div>\n\t\t<\/div>\n\n\t\t\n<style>\n#section_804632995 {\n  padding-top: 50px;\n  padding-bottom: 50px;\n  background-color: rgb(255, 255, 255);\n}\n<\/style>\n\t<\/section>\n\t\n\n\t<section class=\"section\" id=\"section_1339390247\">\n\t\t<div class=\"section-bg fill\" >\n\t\t\t\t\t\t\t\t\t\n\t\t\t\n\n\t\t<\/div>\n\n\t\t\n\n\t\t<div class=\"section-content relative\">\n\t\t\t\n<div class=\"row\"  id=\"row-1598940624\">\n\n\t<div id=\"col-413418813\" class=\"col medium-6 small-12 large-6\"  >\n\t\t\t\t<div class=\"col-inner\"  >\n\t\t\t\n\t\t\t\n<h3>Avantages d\u2019un partenariat avec Hurricane Aerospace<\/h3>\n<ul>\n<li class=\"extended-bullet indent-1\" data-extended-bullet=\"1\" data-indent=\"1\">Enti\u00e8rement accr\u00e9dit\u00e9 avec ASA-100 Quality Assurance<\/li>\n<li class=\"extended-bullet indent-1\" data-extended-bullet=\"1\" data-indent=\"1\">Circulaire des conseillers de la FAA 00-56 Conforme<\/li>\n<li class=\"extended-bullet indent-1\" data-extended-bullet=\"1\" data-indent=\"1\">Toutes les pi\u00e8ces et mat\u00e9riaux sont livr\u00e9s avec certificat d\u2019usine<\/li>\n<li class=\"extended-bullet indent-1\" data-extended-bullet=\"1\" data-indent=\"1\">Toutes les pi\u00e8ces et mat\u00e9riaux sont livr\u00e9s avec conformit\u00e9 au certificat<\/li>\n<li class=\"extended-bullet indent-1\" data-extended-bullet=\"1\" data-indent=\"1\">Enti\u00e8rement enregistr\u00e9 et conforme au R\u00e8glement international sur le trafic et les armes (ITAR)<\/li>\n<li class=\"extended-bullet indent-1\" data-extended-bullet=\"1\" data-indent=\"1\">Exportation enregistr\u00e9e aupr\u00e8s de la Direction des contr\u00f4les commerciaux de la d\u00e9fense (DDTC)<\/li>\n<li class=\"extended-bullet indent-1\" data-extended-bullet=\"1\" data-indent=\"1\">En mesure de d\u00e9poser et d\u2019obtenir des licences d\u2019exportation pour les pi\u00e8ces militaires \u00e0 exp\u00e9dier \u00e0 l\u2019\u00e9chelle nationale.<\/li>\n<\/ul>\n\t\t<\/div>\n\t\t\t\t\t<\/div>\n\n\t\n\n\t<div id=\"col-540111038\" class=\"col medium-6 small-12 large-6\"  >\n\t\t\t\t<div class=\"col-inner\"  >\n\t\t\t\n\t\t\t\n<h3>Notre promesse:<\/h3>\n<ul>\n<li class=\"extended-bullet indent-1\" data-extended-bullet=\"1\" data-indent=\"1\">M\u00e9taux de la plus haute qualit\u00e9 (aluminium, laiton, cuivre, acier inoxydable, titane, etc.)<\/li>\n<li class=\"extended-bullet indent-1\" data-extended-bullet=\"1\" data-indent=\"1\">Prix comp\u00e9titifs<\/li>\n<li class=\"extended-bullet indent-1\" data-extended-bullet=\"1\" data-indent=\"1\">Livraison rapide (porte-\u00e0-porte)<\/li>\n<li class=\"extended-bullet indent-1\" data-extended-bullet=\"1\" data-indent=\"1\">Tra\u00e7abilit\u00e9 compl\u00e8te (conforme au Mil-I-45208<\/li>\n<li class=\"extended-bullet indent-1\" data-extended-bullet=\"1\" data-indent=\"1\">Exp\u00e9dition garantie nationale et internationale<\/li>\n<li class=\"extended-bullet indent-1\" data-extended-bullet=\"1\" data-indent=\"1\">Services de traitement exceptionnels (coupe de scie, cisaillement, etc.)<\/li>\n<li class=\"extended-bullet indent-1\" data-extended-bullet=\"1\" data-indent=\"1\">Options m\u00e9talliques et mat\u00e9rielles (feuille, tuyau, tube, barres, etc.)<\/li>\n<\/ul>\n\t\t<\/div>\n\t\t\t\t\t<\/div>\n\n\t\n<\/div>\n\t\t<\/div>\n\n\t\t\n<style>\n#section_1339390247 {\n  padding-top: 30px;\n  padding-bottom: 30px;\n  background-color: rgb(238, 252, 255);\n}\n<\/style>\n\t<\/section>\n\t\n","protected":false},"excerpt":{"rendered":"","protected":false},"author":4,"featured_media":6054,"parent":0,"menu_order":0,"comment_status":"closed","ping_status":"closed","template":"page-blank.php","meta":{"nf_dc_page":"","_monsterinsights_skip_tracking":false,"_monsterinsights_sitenote_active":false,"_monsterinsights_sitenote_note":"","_monsterinsights_sitenote_category":0,"footnotes":""},"class_list":["post-7213","page","type-page","status-publish","has-post-thumbnail","hentry"],"yoast_head":"<!-- This site is optimized with the Yoast SEO plugin v27.4 - https:\/\/yoast.com\/product\/yoast-seo-wordpress\/ -->\n<title>Mati\u00e8res premi\u00e8res de qualit\u00e9 des a\u00e9ronefs - Ouragan A\u00e9ronautique<\/title>\n<meta name=\"robots\" content=\"index, follow, max-snippet:-1, max-image-preview:large, max-video-preview:-1\" \/>\n<link rel=\"canonical\" href=\"https:\/\/hurricaneaerospace.com\/fr\/matieres-premieres-de-qualite-des-aeronefs\/\" \/>\n<meta property=\"og:locale\" content=\"fr_FR\" \/>\n<meta property=\"og:type\" content=\"article\" \/>\n<meta property=\"og:title\" content=\"Mati\u00e8res premi\u00e8res de qualit\u00e9 des a\u00e9ronefs - Ouragan A\u00e9ronautique\" \/>\n<meta property=\"og:url\" content=\"https:\/\/hurricaneaerospace.com\/fr\/matieres-premieres-de-qualite-des-aeronefs\/\" \/>\n<meta property=\"og:site_name\" content=\"Ouragan A\u00e9ronautique\" \/>\n<meta property=\"article:publisher\" content=\"https:\/\/www.facebook.com\/HurricaneAerospaceSolutions\/\" \/>\n<meta property=\"article:modified_time\" content=\"2020-12-04T02:24:55+00:00\" \/>\n<meta property=\"og:image\" content=\"https:\/\/hurricaneaerospace.com\/wp-content\/uploads\/2020\/03\/roll-roll.jpg\" \/>\n\t<meta property=\"og:image:width\" content=\"582\" \/>\n\t<meta property=\"og:image:height\" content=\"342\" \/>\n\t<meta property=\"og:image:type\" content=\"image\/jpeg\" \/>\n<meta name=\"twitter:card\" content=\"summary_large_image\" \/>\n<meta name=\"twitter:site\" content=\"@hurricaneaero\" \/>\n<meta name=\"twitter:label1\" content=\"Dur\u00e9e de lecture estim\u00e9e\" \/>\n\t<meta name=\"twitter:data1\" content=\"3 minutes\" \/>\n<script type=\"application\/ld+json\" class=\"yoast-schema-graph\">{\"@context\":\"https:\\\/\\\/schema.org\",\"@graph\":[{\"@type\":\"WebPage\",\"@id\":\"https:\\\/\\\/hurricaneaerospace.com\\\/fr\\\/matieres-premieres-de-qualite-des-aeronefs\\\/\",\"url\":\"https:\\\/\\\/hurricaneaerospace.com\\\/fr\\\/matieres-premieres-de-qualite-des-aeronefs\\\/\",\"name\":\"Mati\u00e8res premi\u00e8res de qualit\u00e9 des a\u00e9ronefs - Ouragan A\u00e9ronautique\",\"isPartOf\":{\"@id\":\"https:\\\/\\\/hurricaneaerospace.com\\\/fr\\\/#website\"},\"primaryImageOfPage\":{\"@id\":\"https:\\\/\\\/hurricaneaerospace.com\\\/fr\\\/matieres-premieres-de-qualite-des-aeronefs\\\/#primaryimage\"},\"image\":{\"@id\":\"https:\\\/\\\/hurricaneaerospace.com\\\/fr\\\/matieres-premieres-de-qualite-des-aeronefs\\\/#primaryimage\"},\"thumbnailUrl\":\"https:\\\/\\\/hurricaneaerospace.com\\\/wp-content\\\/uploads\\\/2020\\\/03\\\/roll-roll.jpg\",\"datePublished\":\"2020-08-19T21:25:48+00:00\",\"dateModified\":\"2020-12-04T02:24:55+00:00\",\"breadcrumb\":{\"@id\":\"https:\\\/\\\/hurricaneaerospace.com\\\/fr\\\/matieres-premieres-de-qualite-des-aeronefs\\\/#breadcrumb\"},\"inLanguage\":\"fr-FR\",\"potentialAction\":[{\"@type\":\"ReadAction\",\"target\":[\"https:\\\/\\\/hurricaneaerospace.com\\\/fr\\\/matieres-premieres-de-qualite-des-aeronefs\\\/\"]}]},{\"@type\":\"ImageObject\",\"inLanguage\":\"fr-FR\",\"@id\":\"https:\\\/\\\/hurricaneaerospace.com\\\/fr\\\/matieres-premieres-de-qualite-des-aeronefs\\\/#primaryimage\",\"url\":\"https:\\\/\\\/hurricaneaerospace.com\\\/wp-content\\\/uploads\\\/2020\\\/03\\\/roll-roll.jpg\",\"contentUrl\":\"https:\\\/\\\/hurricaneaerospace.com\\\/wp-content\\\/uploads\\\/2020\\\/03\\\/roll-roll.jpg\",\"width\":582,\"height\":342,\"caption\":\"Aerospace metals from Hurricane Aerospace Solutions\"},{\"@type\":\"BreadcrumbList\",\"@id\":\"https:\\\/\\\/hurricaneaerospace.com\\\/fr\\\/matieres-premieres-de-qualite-des-aeronefs\\\/#breadcrumb\",\"itemListElement\":[{\"@type\":\"ListItem\",\"position\":1,\"name\":\"Accueil\",\"item\":\"https:\\\/\\\/hurricaneaerospace.com\\\/fr\\\/\"},{\"@type\":\"ListItem\",\"position\":2,\"name\":\"Mati\u00e8res premi\u00e8res de qualit\u00e9 des a\u00e9ronefs\"}]},{\"@type\":\"WebSite\",\"@id\":\"https:\\\/\\\/hurricaneaerospace.com\\\/fr\\\/#website\",\"url\":\"https:\\\/\\\/hurricaneaerospace.com\\\/fr\\\/\",\"name\":\"Ouragan A\u00e9ronautique\",\"description\":\"Plus de 25 ans d\u2019exp\u00e9rience\",\"publisher\":{\"@id\":\"https:\\\/\\\/hurricaneaerospace.com\\\/fr\\\/#organization\"},\"potentialAction\":[{\"@type\":\"SearchAction\",\"target\":{\"@type\":\"EntryPoint\",\"urlTemplate\":\"https:\\\/\\\/hurricaneaerospace.com\\\/fr\\\/?s={search_term_string}\"},\"query-input\":{\"@type\":\"PropertyValueSpecification\",\"valueRequired\":true,\"valueName\":\"search_term_string\"}}],\"inLanguage\":\"fr-FR\"},{\"@type\":\"Organization\",\"@id\":\"https:\\\/\\\/hurricaneaerospace.com\\\/fr\\\/#organization\",\"name\":\"Hurricane Aerospace Solutions\",\"url\":\"https:\\\/\\\/hurricaneaerospace.com\\\/fr\\\/\",\"logo\":{\"@type\":\"ImageObject\",\"inLanguage\":\"fr-FR\",\"@id\":\"https:\\\/\\\/hurricaneaerospace.com\\\/fr\\\/#\\\/schema\\\/logo\\\/image\\\/\",\"url\":\"https:\\\/\\\/hurricaneaerospace.com\\\/wp-content\\\/uploads\\\/2019\\\/03\\\/Hurricane-Website-Logo-Retina-2019.png\",\"contentUrl\":\"https:\\\/\\\/hurricaneaerospace.com\\\/wp-content\\\/uploads\\\/2019\\\/03\\\/Hurricane-Website-Logo-Retina-2019.png\",\"width\":800,\"height\":482,\"caption\":\"Hurricane Aerospace Solutions\"},\"image\":{\"@id\":\"https:\\\/\\\/hurricaneaerospace.com\\\/fr\\\/#\\\/schema\\\/logo\\\/image\\\/\"},\"sameAs\":[\"https:\\\/\\\/www.facebook.com\\\/HurricaneAerospaceSolutions\\\/\",\"https:\\\/\\\/x.com\\\/hurricaneaero\",\"https:\\\/\\\/www.instagram.com\\\/hurricaneaerospacesolutions\\\/\",\"http:\\\/\\\/www.linkedin.com\\\/company\\\/hurricaneaerospacesolutions\\\/\"]}]}<\/script>\n<!-- \/ Yoast SEO plugin. -->","yoast_head_json":{"title":"Mati\u00e8res premi\u00e8res de qualit\u00e9 des a\u00e9ronefs - Ouragan A\u00e9ronautique","robots":{"index":"index","follow":"follow","max-snippet":"max-snippet:-1","max-image-preview":"max-image-preview:large","max-video-preview":"max-video-preview:-1"},"canonical":"https:\/\/hurricaneaerospace.com\/fr\/matieres-premieres-de-qualite-des-aeronefs\/","og_locale":"fr_FR","og_type":"article","og_title":"Mati\u00e8res premi\u00e8res de qualit\u00e9 des a\u00e9ronefs - Ouragan A\u00e9ronautique","og_url":"https:\/\/hurricaneaerospace.com\/fr\/matieres-premieres-de-qualite-des-aeronefs\/","og_site_name":"Ouragan A\u00e9ronautique","article_publisher":"https:\/\/www.facebook.com\/HurricaneAerospaceSolutions\/","article_modified_time":"2020-12-04T02:24:55+00:00","og_image":[{"width":582,"height":342,"url":"https:\/\/hurricaneaerospace.com\/wp-content\/uploads\/2020\/03\/roll-roll.jpg","type":"image\/jpeg"}],"twitter_card":"summary_large_image","twitter_site":"@hurricaneaero","twitter_misc":{"Dur\u00e9e de lecture estim\u00e9e":"3 minutes"},"schema":{"@context":"https:\/\/schema.org","@graph":[{"@type":"WebPage","@id":"https:\/\/hurricaneaerospace.com\/fr\/matieres-premieres-de-qualite-des-aeronefs\/","url":"https:\/\/hurricaneaerospace.com\/fr\/matieres-premieres-de-qualite-des-aeronefs\/","name":"Mati\u00e8res premi\u00e8res de qualit\u00e9 des a\u00e9ronefs - Ouragan A\u00e9ronautique","isPartOf":{"@id":"https:\/\/hurricaneaerospace.com\/fr\/#website"},"primaryImageOfPage":{"@id":"https:\/\/hurricaneaerospace.com\/fr\/matieres-premieres-de-qualite-des-aeronefs\/#primaryimage"},"image":{"@id":"https:\/\/hurricaneaerospace.com\/fr\/matieres-premieres-de-qualite-des-aeronefs\/#primaryimage"},"thumbnailUrl":"https:\/\/hurricaneaerospace.com\/wp-content\/uploads\/2020\/03\/roll-roll.jpg","datePublished":"2020-08-19T21:25:48+00:00","dateModified":"2020-12-04T02:24:55+00:00","breadcrumb":{"@id":"https:\/\/hurricaneaerospace.com\/fr\/matieres-premieres-de-qualite-des-aeronefs\/#breadcrumb"},"inLanguage":"fr-FR","potentialAction":[{"@type":"ReadAction","target":["https:\/\/hurricaneaerospace.com\/fr\/matieres-premieres-de-qualite-des-aeronefs\/"]}]},{"@type":"ImageObject","inLanguage":"fr-FR","@id":"https:\/\/hurricaneaerospace.com\/fr\/matieres-premieres-de-qualite-des-aeronefs\/#primaryimage","url":"https:\/\/hurricaneaerospace.com\/wp-content\/uploads\/2020\/03\/roll-roll.jpg","contentUrl":"https:\/\/hurricaneaerospace.com\/wp-content\/uploads\/2020\/03\/roll-roll.jpg","width":582,"height":342,"caption":"Aerospace metals from Hurricane Aerospace Solutions"},{"@type":"BreadcrumbList","@id":"https:\/\/hurricaneaerospace.com\/fr\/matieres-premieres-de-qualite-des-aeronefs\/#breadcrumb","itemListElement":[{"@type":"ListItem","position":1,"name":"Accueil","item":"https:\/\/hurricaneaerospace.com\/fr\/"},{"@type":"ListItem","position":2,"name":"Mati\u00e8res premi\u00e8res de qualit\u00e9 des a\u00e9ronefs"}]},{"@type":"WebSite","@id":"https:\/\/hurricaneaerospace.com\/fr\/#website","url":"https:\/\/hurricaneaerospace.com\/fr\/","name":"Ouragan A\u00e9ronautique","description":"Plus de 25 ans d\u2019exp\u00e9rience","publisher":{"@id":"https:\/\/hurricaneaerospace.com\/fr\/#organization"},"potentialAction":[{"@type":"SearchAction","target":{"@type":"EntryPoint","urlTemplate":"https:\/\/hurricaneaerospace.com\/fr\/?s={search_term_string}"},"query-input":{"@type":"PropertyValueSpecification","valueRequired":true,"valueName":"search_term_string"}}],"inLanguage":"fr-FR"},{"@type":"Organization","@id":"https:\/\/hurricaneaerospace.com\/fr\/#organization","name":"Hurricane Aerospace Solutions","url":"https:\/\/hurricaneaerospace.com\/fr\/","logo":{"@type":"ImageObject","inLanguage":"fr-FR","@id":"https:\/\/hurricaneaerospace.com\/fr\/#\/schema\/logo\/image\/","url":"https:\/\/hurricaneaerospace.com\/wp-content\/uploads\/2019\/03\/Hurricane-Website-Logo-Retina-2019.png","contentUrl":"https:\/\/hurricaneaerospace.com\/wp-content\/uploads\/2019\/03\/Hurricane-Website-Logo-Retina-2019.png","width":800,"height":482,"caption":"Hurricane Aerospace Solutions"},"image":{"@id":"https:\/\/hurricaneaerospace.com\/fr\/#\/schema\/logo\/image\/"},"sameAs":["https:\/\/www.facebook.com\/HurricaneAerospaceSolutions\/","https:\/\/x.com\/hurricaneaero","https:\/\/www.instagram.com\/hurricaneaerospacesolutions\/","http:\/\/www.linkedin.com\/company\/hurricaneaerospacesolutions\/"]}]}},"_links":{"self":[{"href":"https:\/\/hurricaneaerospace.com\/fr\/wp-json\/wp\/v2\/pages\/7213","targetHints":{"allow":["GET"]}}],"collection":[{"href":"https:\/\/hurricaneaerospace.com\/fr\/wp-json\/wp\/v2\/pages"}],"about":[{"href":"https:\/\/hurricaneaerospace.com\/fr\/wp-json\/wp\/v2\/types\/page"}],"author":[{"embeddable":true,"href":"https:\/\/hurricaneaerospace.com\/fr\/wp-json\/wp\/v2\/users\/4"}],"replies":[{"embeddable":true,"href":"https:\/\/hurricaneaerospace.com\/fr\/wp-json\/wp\/v2\/comments?post=7213"}],"version-history":[{"count":17,"href":"https:\/\/hurricaneaerospace.com\/fr\/wp-json\/wp\/v2\/pages\/7213\/revisions"}],"predecessor-version":[{"id":7850,"href":"https:\/\/hurricaneaerospace.com\/fr\/wp-json\/wp\/v2\/pages\/7213\/revisions\/7850"}],"wp:featuredmedia":[{"embeddable":true,"href":"https:\/\/hurricaneaerospace.com\/fr\/wp-json\/wp\/v2\/media\/6054"}],"wp:attachment":[{"href":"https:\/\/hurricaneaerospace.com\/fr\/wp-json\/wp\/v2\/media?parent=7213"}],"curies":[{"name":"wp","href":"https:\/\/api.w.org\/{rel}","templated":true}]}}