{"id":6358,"date":"2020-08-19T20:35:11","date_gmt":"2020-08-19T20:35:11","guid":{"rendered":"https:\/\/hurricaneaerospace.com\/quem-somos\/"},"modified":"2022-02-11T03:16:19","modified_gmt":"2022-02-11T03:16:19","slug":"quem-somos","status":"publish","type":"page","link":"https:\/\/hurricaneaerospace.com\/pt-br\/quem-somos\/","title":{"rendered":"Quem somos"},"content":{"rendered":"\n\t<section class=\"section dark\" id=\"section_1741417114\">\n\t\t<div class=\"section-bg fill\" >\n\t\t\t<img loading=\"lazy\" decoding=\"async\" width=\"2000\" height=\"1333\" src=\"https:\/\/hurricaneaerospace.com\/wp-content\/uploads\/2019\/03\/shutterstock_1084292654.jpg\" class=\"bg attachment- size-\" alt=\"\" \/>\t\t\t\t\t\t<div class=\"section-bg-overlay absolute fill\"><\/div>\n\t\t\t\n\n\t\t<\/div>\n\n\t\t\n\n\t\t<div class=\"section-content relative\">\n\t\t\t\n<div class=\"row align-middle\"  id=\"row-2086543832\">\n\n\t<div id=\"col-437342190\" class=\"col medium-6 small-12 large-6\"  >\n\t\t\t\t<div class=\"col-inner\"  >\n\t\t\t\n\t\t\t\n<h1>We Are Hurricane Aerospace Solutions<\/h1>\n<p class=\"lead\">Hurricane Aerospace Solutions has over 75 combined years of experience sourcing hard-to-find, long lead time, ground support equipment, and obsolete components for the Aviation, Defense, and Maritime industries.<\/p>\n<p>\n<a href=\"https:\/\/hurricaneaerospace.com\/pt-br\/solicite-uma-citacao\/\" class=\"button white\" >\n\t\t<span>Solicite uma cita\u00e7\u00e3o<\/span>\n\t<\/a>\n\n<a href=\"\/contact-us\/\" class=\"button secondary\" >\n\t\t<span>Entre em contato conosco<\/span>\n\t<\/a>\n\n\t\t<\/div>\n\t\t\t\t\t<\/div>\n\n\t\n\n\t<div id=\"col-694417267\" class=\"col medium-6 small-12 large-6\"  >\n\t\t\t\t<div class=\"col-inner\"  >\n\t\t\t\n\t\t\t\n<div class=\"video video-fit mb\" style=\"padding-top:56.25%;\"><p><iframe loading=\"lazy\" title=\"Leandracain 11 oct 2014\" width=\"1020\" height=\"574\" src=\"https:\/\/www.youtube.com\/embed\/dcIJ0Kx-VJE?feature=oembed\" frameborder=\"0\" allow=\"accelerometer; autoplay; encrypted-media; gyroscope; picture-in-picture\" allowfullscreen><\/iframe><\/p>\n<\/div>\n\t\t<\/div>\n\t\t\t\t\t<\/div>\n\n\t\n<\/div>\n\t\t<\/div>\n\n\t\t\n<style>\n#section_1741417114 {\n  padding-top: 50px;\n  padding-bottom: 50px;\n  min-height: 1px;\n}\n#section_1741417114 .section-bg-overlay {\n  background-color: rgba(27, 64, 128, 0.53);\n}\n<\/style>\n\t<\/section>\n\t\n<div class=\"row\"  id=\"row-411336835\">\n\n\t<div id=\"col-1653408857\" class=\"col medium-6 small-12 large-6\"  >\n\t\t\t\t<div class=\"col-inner\"  >\n\t\t\t\n\t\t\t\n<h2>Our Company<\/h2>\n<p>Hurricane Aerospace Solutions is committed to continuous investment in technology to keep the staff current with training. The Company\u2019s goal is to develop the skill sets in their team necessary to sustain long careers in the Aerospace industry. The Aviation, Defense, and Maritime communities ever changing market demands require our team to continually enhance and developed its\u2019 capabilities. Hurricane is also committed to maintaining the highest standards of honesty, ethics, and integrity in the workplace and with our clientele base.<\/p>\n<p>Hurricane Aerospace Solutions prides itself in maintaining a well-trained, happy workforce. We continue to invest, improve, and develop our processes and footprint to be eco-friendly. At the same time, the Team at Hurricane Aerospace Solutions always ensures conformance to customer specification, requirements, and regulations.<\/p>\n\t\t<\/div>\n\t\t\t\t\t<\/div>\n\n\t\n\n\t<div id=\"col-816255287\" class=\"col medium-6 small-12 large-6\"  >\n\t\t\t\t<div class=\"col-inner\"  >\n\t\t\t\n\t\t\t\n<p><strong>Solu\u00e7\u00f5es personalizadas adaptadas para atender \u00e0s necessidades dos clientes podem incluir:<\/strong><\/p>\n<ul>\n<li>Condi\u00e7\u00f5es: FN, NE, NS, SV, RP, OH<\/li>\n<li>Rastreabilidade: para atender ou exceder a exig\u00eancia do cliente<\/li>\n<li>Op\u00e7\u00f5es de quantidade: corrida pequena e grande corrida<\/li>\n<li>Solu\u00e7\u00f5es de entrega personalizadas projetadas para atender \u00e0s necessidades dos clientes, incluindo servi\u00e7o do mesmo dia ou entrega pessoal<\/li>\n<li>Solu\u00e7\u00f5es de teste e medi\u00e7\u00e3o de especialidades<\/li>\n<\/ul>\n<p>A Hurricane Aerospace Solutions facilita o trabalho com nossos m\u00faltiplos clientes aceitando cart\u00f5es visa, MC, AMEX e governo. Ap\u00f3s a verifica\u00e7\u00e3o adequada, os clientes podem solicitar condi\u00e7\u00f5es de cr\u00e9dito ap\u00f3s o pedido inicial ser conclu\u00eddo via cart\u00e3o de cr\u00e9dito ou COD.<\/p>\n\t\t<\/div>\n\t\t\t\t\t<\/div>\n\n\t\n<\/div>\n<div class=\"row\"  id=\"row-651234195\">\n\n\t<div id=\"col-772592976\" class=\"col medium-4 small-12 large-4\"  >\n\t\t\t\t<div class=\"col-inner\"  >\n\t\t\t\n\t\t\t\n\t\t<\/div>\n\t\t\t\t\t<\/div>\n\n\t\n\n\t<div id=\"col-1224129598\" class=\"col medium-4 small-12 large-4\"  >\n\t\t\t\t<div class=\"col-inner text-center\"  >\n\t\t\t\n\t\t\t\n<a href=\"https:\/\/hurricaneaerospace.com\/our-team\/\" class=\"button primary\" >\n\t\t<span>Conhe\u00e7a nossa equipe<\/span>\n\t<\/a>\n\n\t\t<\/div>\n\t\t\t\t\t<\/div>\n\n\t\n\n\t<div id=\"col-1627103040\" class=\"col medium-4 small-12 large-4\"  >\n\t\t\t\t<div class=\"col-inner\"  >\n\t\t\t\n\t\t\t\n\t\t<\/div>\n\t\t\t\t\t<\/div>\n\n\t\n<\/div>\n\n\t<section class=\"section\" id=\"section_874243327\">\n\t\t<div class=\"section-bg fill\" >\n\t\t\t\t\t\t\t\t\t\n\t\t\t\n\n\t\t<\/div>\n\n\t\t\n\n\t\t<div class=\"section-content relative\">\n\t\t\t\n<div class=\"row\"  id=\"row-120506115\">\n\n\t<div id=\"col-1757619584\" class=\"col small-12 large-12\"  >\n\t\t\t\t<div class=\"col-inner\"  >\n\t\t\t\n\t\t\t\n<p><strong>Hurricane Aerospace Solutions\u00a0<\/strong>commitment to our customers and associates to continually strive for excellence in these and other areas required to assure their and our own success.<\/p>\n<p>Due to the nature of service we provide for our clients we have a very easy process that we adhere to companywide. Upon <a href=\"https:\/\/hurricaneaerospace.com\/request-quote\/\">Request for Quotes<\/a> the communication to our clients begins. Solutions and all potential project details will be transmitted and answered via a company network on a company quote documented with a referenced Quote # easily retrievable and valid for thirty days unless otherwise specified in the quote. The document is a formal reply outlining solutions to the requestor clearly annotating the Product Description and Part Number.<\/p>\n<p>\u00a0<\/p>\n\t\t<\/div>\n\t\t\t\t\t<\/div>\n\n\t\n<\/div>\n\t\t<\/div>\n\n\t\t\n<style>\n#section_874243327 {\n  padding-top: 30px;\n  padding-bottom: 30px;\n  background-color: rgb(248, 253, 255);\n}\n<\/style>\n\t<\/section>\n\t\n<\/p>\n<p>&nbsp;<\/p>\n","protected":false},"excerpt":{"rendered":"<p>&nbsp;<\/p>\n","protected":false},"author":4,"featured_media":0,"parent":0,"menu_order":0,"comment_status":"closed","ping_status":"closed","template":"page-blank.php","meta":{"nf_dc_page":"","_monsterinsights_skip_tracking":false,"_monsterinsights_sitenote_active":false,"_monsterinsights_sitenote_note":"","_monsterinsights_sitenote_category":0,"footnotes":""},"class_list":["post-6358","page","type-page","status-publish","hentry"],"yoast_head":"<!-- This site is optimized with the Yoast SEO plugin v27.4 - https:\/\/yoast.com\/product\/yoast-seo-wordpress\/ -->\n<title>Quem somos - Furac\u00e3o Aeroespacial Solu\u00e7\u00e3o<\/title>\n<meta name=\"description\" content=\"Mais de 75 anos combinados de experi\u00eancia em fornecimento de componentes dif\u00edceis de encontrar, longo prazo e obsoleto para as ind\u00fastrias de Avia\u00e7\u00e3o, Defesa e Mar\u00edtimo.\" \/>\n<meta name=\"robots\" content=\"index, follow, max-snippet:-1, max-image-preview:large, max-video-preview:-1\" \/>\n<link rel=\"canonical\" href=\"https:\/\/hurricaneaerospace.com\/pt-br\/quem-somos\/\" \/>\n<meta property=\"og:locale\" content=\"pt_BR\" \/>\n<meta property=\"og:type\" content=\"article\" \/>\n<meta property=\"og:title\" content=\"Quem somos - Furac\u00e3o Aeroespacial Solu\u00e7\u00e3o\" \/>\n<meta property=\"og:description\" content=\"Mais de 75 anos combinados de experi\u00eancia em fornecimento de componentes dif\u00edceis de encontrar, longo prazo e obsoleto para as ind\u00fastrias de Avia\u00e7\u00e3o, Defesa e Mar\u00edtimo.\" \/>\n<meta property=\"og:url\" content=\"https:\/\/hurricaneaerospace.com\/pt-br\/quem-somos\/\" \/>\n<meta property=\"og:site_name\" content=\"Furac\u00e3o Aeroespacial\" \/>\n<meta property=\"article:publisher\" content=\"https:\/\/www.facebook.com\/HurricaneAerospaceSolutions\/\" \/>\n<meta property=\"article:modified_time\" content=\"2022-02-11T03:16:19+00:00\" \/>\n<meta name=\"twitter:card\" content=\"summary_large_image\" \/>\n<meta name=\"twitter:site\" content=\"@hurricaneaero\" \/>\n<meta name=\"twitter:label1\" content=\"Est. tempo de leitura\" \/>\n\t<meta name=\"twitter:data1\" content=\"3 minutos\" \/>\n<script type=\"application\/ld+json\" class=\"yoast-schema-graph\">{\"@context\":\"https:\\\/\\\/schema.org\",\"@graph\":[{\"@type\":\"WebPage\",\"@id\":\"https:\\\/\\\/hurricaneaerospace.com\\\/pt-br\\\/quem-somos\\\/\",\"url\":\"https:\\\/\\\/hurricaneaerospace.com\\\/pt-br\\\/quem-somos\\\/\",\"name\":\"Quem somos - Furac\u00e3o Aeroespacial Solu\u00e7\u00e3o\",\"isPartOf\":{\"@id\":\"https:\\\/\\\/hurricaneaerospace.com\\\/pt-br\\\/#website\"},\"datePublished\":\"2020-08-19T20:35:11+00:00\",\"dateModified\":\"2022-02-11T03:16:19+00:00\",\"description\":\"Mais de 75 anos combinados de experi\u00eancia em fornecimento de componentes dif\u00edceis de encontrar, longo prazo e obsoleto para as ind\u00fastrias de Avia\u00e7\u00e3o, Defesa e Mar\u00edtimo.\",\"breadcrumb\":{\"@id\":\"https:\\\/\\\/hurricaneaerospace.com\\\/pt-br\\\/quem-somos\\\/#breadcrumb\"},\"inLanguage\":\"pt-BR\",\"potentialAction\":[{\"@type\":\"ReadAction\",\"target\":[\"https:\\\/\\\/hurricaneaerospace.com\\\/pt-br\\\/quem-somos\\\/\"]}]},{\"@type\":\"BreadcrumbList\",\"@id\":\"https:\\\/\\\/hurricaneaerospace.com\\\/pt-br\\\/quem-somos\\\/#breadcrumb\",\"itemListElement\":[{\"@type\":\"ListItem\",\"position\":1,\"name\":\"Casa\",\"item\":\"https:\\\/\\\/hurricaneaerospace.com\\\/pt-br\\\/\"},{\"@type\":\"ListItem\",\"position\":2,\"name\":\"Quem somos\"}]},{\"@type\":\"WebSite\",\"@id\":\"https:\\\/\\\/hurricaneaerospace.com\\\/pt-br\\\/#website\",\"url\":\"https:\\\/\\\/hurricaneaerospace.com\\\/pt-br\\\/\",\"name\":\"Furac\u00e3o Aeroespacial\",\"description\":\"Mais de 25 anos de experi\u00eancia\",\"publisher\":{\"@id\":\"https:\\\/\\\/hurricaneaerospace.com\\\/pt-br\\\/#organization\"},\"potentialAction\":[{\"@type\":\"SearchAction\",\"target\":{\"@type\":\"EntryPoint\",\"urlTemplate\":\"https:\\\/\\\/hurricaneaerospace.com\\\/pt-br\\\/?s={search_term_string}\"},\"query-input\":{\"@type\":\"PropertyValueSpecification\",\"valueRequired\":true,\"valueName\":\"search_term_string\"}}],\"inLanguage\":\"pt-BR\"},{\"@type\":\"Organization\",\"@id\":\"https:\\\/\\\/hurricaneaerospace.com\\\/pt-br\\\/#organization\",\"name\":\"Hurricane Aerospace Solutions\",\"url\":\"https:\\\/\\\/hurricaneaerospace.com\\\/pt-br\\\/\",\"logo\":{\"@type\":\"ImageObject\",\"inLanguage\":\"pt-BR\",\"@id\":\"https:\\\/\\\/hurricaneaerospace.com\\\/pt-br\\\/#\\\/schema\\\/logo\\\/image\\\/\",\"url\":\"https:\\\/\\\/hurricaneaerospace.com\\\/wp-content\\\/uploads\\\/2019\\\/03\\\/Hurricane-Website-Logo-Retina-2019.png\",\"contentUrl\":\"https:\\\/\\\/hurricaneaerospace.com\\\/wp-content\\\/uploads\\\/2019\\\/03\\\/Hurricane-Website-Logo-Retina-2019.png\",\"width\":800,\"height\":482,\"caption\":\"Hurricane Aerospace Solutions\"},\"image\":{\"@id\":\"https:\\\/\\\/hurricaneaerospace.com\\\/pt-br\\\/#\\\/schema\\\/logo\\\/image\\\/\"},\"sameAs\":[\"https:\\\/\\\/www.facebook.com\\\/HurricaneAerospaceSolutions\\\/\",\"https:\\\/\\\/x.com\\\/hurricaneaero\",\"https:\\\/\\\/www.instagram.com\\\/hurricaneaerospacesolutions\\\/\",\"http:\\\/\\\/www.linkedin.com\\\/company\\\/hurricaneaerospacesolutions\\\/\"]}]}<\/script>\n<!-- \/ Yoast SEO plugin. -->","yoast_head_json":{"title":"Quem somos - Furac\u00e3o Aeroespacial Solu\u00e7\u00e3o","description":"Mais de 75 anos combinados de experi\u00eancia em fornecimento de componentes dif\u00edceis de encontrar, longo prazo e obsoleto para as ind\u00fastrias de Avia\u00e7\u00e3o, Defesa e Mar\u00edtimo.","robots":{"index":"index","follow":"follow","max-snippet":"max-snippet:-1","max-image-preview":"max-image-preview:large","max-video-preview":"max-video-preview:-1"},"canonical":"https:\/\/hurricaneaerospace.com\/pt-br\/quem-somos\/","og_locale":"pt_BR","og_type":"article","og_title":"Quem somos - Furac\u00e3o Aeroespacial Solu\u00e7\u00e3o","og_description":"Mais de 75 anos combinados de experi\u00eancia em fornecimento de componentes dif\u00edceis de encontrar, longo prazo e obsoleto para as ind\u00fastrias de Avia\u00e7\u00e3o, Defesa e Mar\u00edtimo.","og_url":"https:\/\/hurricaneaerospace.com\/pt-br\/quem-somos\/","og_site_name":"Furac\u00e3o Aeroespacial","article_publisher":"https:\/\/www.facebook.com\/HurricaneAerospaceSolutions\/","article_modified_time":"2022-02-11T03:16:19+00:00","twitter_card":"summary_large_image","twitter_site":"@hurricaneaero","twitter_misc":{"Est. tempo de leitura":"3 minutos"},"schema":{"@context":"https:\/\/schema.org","@graph":[{"@type":"WebPage","@id":"https:\/\/hurricaneaerospace.com\/pt-br\/quem-somos\/","url":"https:\/\/hurricaneaerospace.com\/pt-br\/quem-somos\/","name":"Quem somos - Furac\u00e3o Aeroespacial Solu\u00e7\u00e3o","isPartOf":{"@id":"https:\/\/hurricaneaerospace.com\/pt-br\/#website"},"datePublished":"2020-08-19T20:35:11+00:00","dateModified":"2022-02-11T03:16:19+00:00","description":"Mais de 75 anos combinados de experi\u00eancia em fornecimento de componentes dif\u00edceis de encontrar, longo prazo e obsoleto para as ind\u00fastrias de Avia\u00e7\u00e3o, Defesa e Mar\u00edtimo.","breadcrumb":{"@id":"https:\/\/hurricaneaerospace.com\/pt-br\/quem-somos\/#breadcrumb"},"inLanguage":"pt-BR","potentialAction":[{"@type":"ReadAction","target":["https:\/\/hurricaneaerospace.com\/pt-br\/quem-somos\/"]}]},{"@type":"BreadcrumbList","@id":"https:\/\/hurricaneaerospace.com\/pt-br\/quem-somos\/#breadcrumb","itemListElement":[{"@type":"ListItem","position":1,"name":"Casa","item":"https:\/\/hurricaneaerospace.com\/pt-br\/"},{"@type":"ListItem","position":2,"name":"Quem somos"}]},{"@type":"WebSite","@id":"https:\/\/hurricaneaerospace.com\/pt-br\/#website","url":"https:\/\/hurricaneaerospace.com\/pt-br\/","name":"Furac\u00e3o Aeroespacial","description":"Mais de 25 anos de experi\u00eancia","publisher":{"@id":"https:\/\/hurricaneaerospace.com\/pt-br\/#organization"},"potentialAction":[{"@type":"SearchAction","target":{"@type":"EntryPoint","urlTemplate":"https:\/\/hurricaneaerospace.com\/pt-br\/?s={search_term_string}"},"query-input":{"@type":"PropertyValueSpecification","valueRequired":true,"valueName":"search_term_string"}}],"inLanguage":"pt-BR"},{"@type":"Organization","@id":"https:\/\/hurricaneaerospace.com\/pt-br\/#organization","name":"Hurricane Aerospace Solutions","url":"https:\/\/hurricaneaerospace.com\/pt-br\/","logo":{"@type":"ImageObject","inLanguage":"pt-BR","@id":"https:\/\/hurricaneaerospace.com\/pt-br\/#\/schema\/logo\/image\/","url":"https:\/\/hurricaneaerospace.com\/wp-content\/uploads\/2019\/03\/Hurricane-Website-Logo-Retina-2019.png","contentUrl":"https:\/\/hurricaneaerospace.com\/wp-content\/uploads\/2019\/03\/Hurricane-Website-Logo-Retina-2019.png","width":800,"height":482,"caption":"Hurricane Aerospace Solutions"},"image":{"@id":"https:\/\/hurricaneaerospace.com\/pt-br\/#\/schema\/logo\/image\/"},"sameAs":["https:\/\/www.facebook.com\/HurricaneAerospaceSolutions\/","https:\/\/x.com\/hurricaneaero","https:\/\/www.instagram.com\/hurricaneaerospacesolutions\/","http:\/\/www.linkedin.com\/company\/hurricaneaerospacesolutions\/"]}]}},"_links":{"self":[{"href":"https:\/\/hurricaneaerospace.com\/pt-br\/wp-json\/wp\/v2\/pages\/6358","targetHints":{"allow":["GET"]}}],"collection":[{"href":"https:\/\/hurricaneaerospace.com\/pt-br\/wp-json\/wp\/v2\/pages"}],"about":[{"href":"https:\/\/hurricaneaerospace.com\/pt-br\/wp-json\/wp\/v2\/types\/page"}],"author":[{"embeddable":true,"href":"https:\/\/hurricaneaerospace.com\/pt-br\/wp-json\/wp\/v2\/users\/4"}],"replies":[{"embeddable":true,"href":"https:\/\/hurricaneaerospace.com\/pt-br\/wp-json\/wp\/v2\/comments?post=6358"}],"version-history":[{"count":15,"href":"https:\/\/hurricaneaerospace.com\/pt-br\/wp-json\/wp\/v2\/pages\/6358\/revisions"}],"predecessor-version":[{"id":9734,"href":"https:\/\/hurricaneaerospace.com\/pt-br\/wp-json\/wp\/v2\/pages\/6358\/revisions\/9734"}],"wp:attachment":[{"href":"https:\/\/hurricaneaerospace.com\/pt-br\/wp-json\/wp\/v2\/media?parent=6358"}],"curies":[{"name":"wp","href":"https:\/\/api.w.org\/{rel}","templated":true}]}}