{"id":6362,"date":"2020-08-19T20:35:22","date_gmt":"2020-08-19T20:35:22","guid":{"rendered":"https:\/\/hurricaneaerospace.com\/certificacoes\/"},"modified":"2022-02-11T02:25:15","modified_gmt":"2022-02-11T02:25:15","slug":"certificacoes","status":"publish","type":"page","link":"https:\/\/hurricaneaerospace.com\/pt-br\/certificacoes\/","title":{"rendered":"Certifica\u00e7\u00f5es"},"content":{"rendered":"\n\t<section class=\"section dark\" id=\"section_327931814\">\n\t\t<div class=\"section-bg fill\" >\n\t\t\t<img loading=\"lazy\" decoding=\"async\" width=\"1243\" height=\"302\" src=\"https:\/\/hurricaneaerospace.com\/wp-content\/uploads\/2019\/03\/hurricane-aerospace-blueprint-header-image.jpg\" class=\"bg attachment- size-\" alt=\"\" \/>\t\t\t\t\t\t<div class=\"section-bg-overlay absolute fill\"><\/div>\n\t\t\t\n\n\t\t<\/div>\n\n\t\t\n\n\t\t<div class=\"section-content relative\">\n\t\t\t\n<div class=\"row\"  id=\"row-1158985821\">\n\n\t<div id=\"col-47276414\" class=\"col small-12 large-12\"  >\n\t\t\t\t<div class=\"col-inner text-center\"  >\n\t\t\t\n\t\t\t\n<div class=\"container section-title-container\" style=\"margin-top:0px;margin-bottom:0px;\"><h1 class=\"section-title section-title-center\"><b aria-hidden=\"true\"><\/b><span class=\"section-title-main\" style=\"font-size:138%;\">Certifica\u00e7\u00f5es de furac\u00f5es, credenciamentos e ades\u00f5es<\/span><b aria-hidden=\"true\"><\/b><\/h1><\/div>\n\t\t<\/div>\n\t\t\t\t\t<\/div>\n\n\t\n<\/div>\n\t\t<\/div>\n\n\t\t\n<style>\n#section_327931814 {\n  padding-top: 54px;\n  padding-bottom: 54px;\n}\n#section_327931814 .section-bg-overlay {\n  background-color: rgba(27, 64, 128, 0.61);\n}\n<\/style>\n\t<\/section>\n\t\n\n\t<section class=\"section\" id=\"section_964333208\">\n\t\t<div class=\"section-bg fill\" >\n\t\t\t\t\t\t\t\t\t\n\t\t\t\n\t<div class=\"is-border\"\n\t\tstyle=\"border-color:rgb(235, 235, 235);border-width:1px 0px 0px 0px;\">\n\t<\/div>\n\n\t\t<\/div>\n\n\t\t\n\n\t\t<div class=\"section-content relative\">\n\t\t\t\n<div class=\"row\"  id=\"row-2141369828\">\n\n\t<div id=\"col-394138178\" class=\"col medium-9 small-12 large-9\"  >\n\t\t\t\t<div class=\"col-inner\"  >\n\t\t\t\n\t\t\t\n<h2>United States Department of State ITAR Registrations<\/h2>\n<p><style type=\"text\/css\">\n.tg{border-collapse:collapse;border-spacing:0;}<br \/>\n.tg td{border-color:black;border-style:solid;border-width:1px;font-family:Arial, sans-serif;font-size:14px;overflow:hidden;padding:10px 5px;word-break:normal;}<br \/>\n.tg th{border-color:black;border-style:solid;border-width:1px;font-family:Arial, sans-serif;font-size:14px;font-weight:normal;overflow:hidden;padding:10px 5px;word-break:normal;}<br \/>\n.tg .tg-j4o3{background-color:#c0c0c0;border-color:#c0c0c0;font-size:100%;font-weight:bold;text-align:left;vertical-align:top}<br \/>\n.tg .tg-dyds{background-color:#efefef;border-color:#c0c0c0;font-size:100%;text-align:left;vertical-align:top}<br \/>\n.tg .tg-2cpy{background-color:#c0c0c0;border-color:#c0c0c0;font-weight:bold;text-align:left;vertical-align:top}<br \/>\n.tg .tg-wo29{border-color:#c0c0c0;text-align:left;vertical-align:top}<br \/>\n.tg .tg-3ibg{border-color:#c0c0c0;font-size:100%;text-align:left;vertical-align:top}<br \/>\n<\/style>\n<\/p>\n<table class=\"tg\">\n<thead>\n<tr>\n<th class=\"tg-j4o3\">\u00a0<\/th>\n<th class=\"tg-j4o3\"><span style=\"font-weight: bold;\">Type<\/span><\/th>\n<th class=\"tg-j4o3\"><span style=\"font-weight: bold;\">Status<\/span><\/th>\n<th class=\"tg-2cpy\"><span style=\"font-weight: bold;\">Expiration<\/span><\/th>\n<\/tr>\n<\/thead>\n<tbody>\n<tr>\n<td class=\"tg-dyds\" style=\"text-align: left;\">\u00a0<\/td>\n<td class=\"tg-dyds\">Manufacturer<\/td>\n<td class=\"tg-dyds\">Approved<\/td>\n<td class=\"tg-wo29\">2022-06-30<\/td>\n<\/tr>\n<tr>\n<td class=\"tg-3ibg\">\u00a0<\/td>\n<td class=\"tg-3ibg\">Broker<\/td>\n<td class=\"tg-3ibg\">Approved<\/td>\n<td class=\"tg-wo29\">2022-06-30<\/td>\n<\/tr>\n<\/tbody>\n<\/table>\n\t\t<\/div>\n\t\t\t\t\t<\/div>\n\n\t\n<\/div>\n\t\t<\/div>\n\n\t\t\n<style>\n#section_964333208 {\n  padding-top: 60px;\n  padding-bottom: 60px;\n  min-height: 300px;\n  background-color: rgb(245, 245, 245);\n}\n<\/style>\n\t<\/section>\n\t\n<div class=\"row\"  id=\"row-1419250999\">\n\n\t<div id=\"col-1180819390\" class=\"col medium-3 small-6 large-3\"  >\n\t\t\t\t<div class=\"col-inner\"  >\n\t\t\t\n\t\t\t\n\n\t<a class=\"plain\" href=\"https:\/\/hurricaneaerospace.com\/wp-content\/uploads\/2021\/12\/WBE-CERTIFICATION-2022.pdf\" target=\"_blank\" rel=\"noopener\" >\t<div class=\"icon-box featured-box icon-box-center text-center\"  >\n\t\t\t\t\t<div class=\"icon-box-img\" style=\"width: 257px\">\n\t\t\t\t<div class=\"icon\">\n\t\t\t\t\t<div class=\"icon-inner\" >\n\t\t\t\t\t\t<img loading=\"lazy\" decoding=\"async\" width=\"298\" height=\"169\" src=\"https:\/\/hurricaneaerospace.com\/wp-content\/uploads\/2019\/03\/WBENC-Certified.png\" class=\"attachment-medium size-medium\" alt=\"\" \/>\t\t\t\t\t<\/div>\n\t\t\t\t<\/div>\n\t\t\t<\/div>\n\t\t\t\t<div class=\"icon-box-text last-reset\">\n\t\t\t<h5 class=\"uppercase\">Empresa de Neg\u00f3cios Femininos<\/h5>\t\t\t\t\t\t\n\t\t<\/div>\n\t<\/div>\n\t<\/a>\n\t\n\t\t<\/div>\n\t\t\t\t\t<\/div>\n\n\t\n\n\t<div id=\"col-226714848\" class=\"col medium-3 small-6 large-3\"  >\n\t\t\t\t<div class=\"col-inner\"  >\n\t\t\t\n\t\t\t\n\n\t<a class=\"plain\" href=\"http:\/\/hurricaneaerospace.com\/wp-content\/uploads\/2019\/07\/AC-00-56B.pdf\" target=\"_blank\" rel=\"noopener\" >\t<div class=\"icon-box featured-box icon-box-center text-center\"  >\n\t\t\t\t\t<div class=\"icon-box-img\" style=\"width: 174px\">\n\t\t\t\t<div class=\"icon\">\n\t\t\t\t\t<div class=\"icon-inner\" >\n\t\t\t\t\t\t<img loading=\"lazy\" decoding=\"async\" width=\"166\" height=\"112\" src=\"https:\/\/hurricaneaerospace.com\/wp-content\/uploads\/2019\/04\/ISOQAR-Accredited-certification.jpg\" class=\"attachment-medium size-medium\" alt=\"ISOQAR-Accredited-certification logo\" \/>\t\t\t\t\t<\/div>\n\t\t\t\t<\/div>\n\t\t\t<\/div>\n\t\t\t\t<div class=\"icon-box-text last-reset\">\n\t\t\t<h5 class=\"uppercase\">ISOQAR AC 00-56B<\/h5>\t\t\t\t\t\t\n\t\t<\/div>\n\t<\/div>\n\t<\/a>\n\t\n\t\t<\/div>\n\t\t\t\t\t<\/div>\n\n\t\n\n\t<div id=\"col-969303931\" class=\"col medium-3 small-6 large-3\"  >\n\t\t\t\t<div class=\"col-inner\"  >\n\t\t\t\n\t\t\t\n\n\t<a class=\"plain\" href=\"https:\/\/hurricaneaerospace.com\/wp-content\/uploads\/2020\/06\/Certificate-4293-17549-Hurricane-Aerospace-Solutions.pdf\" target=\"_blank\" rel=\"noopener\" >\t<div class=\"icon-box featured-box icon-box-center text-center\"  >\n\t\t\t\t\t<div class=\"icon-box-img\" style=\"width: 175px\">\n\t\t\t\t<div class=\"icon\">\n\t\t\t\t\t<div class=\"icon-inner\" >\n\t\t\t\t\t\t<img loading=\"lazy\" decoding=\"async\" width=\"300\" height=\"200\" src=\"https:\/\/hurricaneaerospace.com\/wp-content\/uploads\/2019\/03\/logo-ASA-300x200.png\" class=\"attachment-medium size-medium\" alt=\"ASA Logo\" srcset=\"https:\/\/hurricaneaerospace.com\/wp-content\/uploads\/2019\/03\/logo-ASA-300x200.png 300w, https:\/\/hurricaneaerospace.com\/wp-content\/uploads\/2019\/03\/logo-ASA.png 446w\" sizes=\"auto, (max-width: 300px) 100vw, 300px\" \/>\t\t\t\t\t<\/div>\n\t\t\t\t<\/div>\n\t\t\t<\/div>\n\t\t\t\t<div class=\"icon-box-text last-reset\">\n\t\t\t<h5 class=\"uppercase\">Membro asa<\/h5>\t\t\t\t\t\t\n\t\t<\/div>\n\t<\/div>\n\t<\/a>\n\t\n\t\t<\/div>\n\t\t\t\t\t<\/div>\n\n\t\n\n\t<div id=\"col-345824177\" class=\"col medium-3 small-6 large-3\"  >\n\t\t\t\t<div class=\"col-inner\"  >\n\t\t\t\n\t\t\t\n\n\t<a class=\"plain\" href=\"https:\/\/hurricaneaerospace.com\/wp-content\/uploads\/2020\/05\/erai-2020-renewal.pdf\" target=\"_blank\" rel=\"noopener\" >\t<div class=\"icon-box featured-box icon-box-center text-center\"  >\n\t\t\t\t\t<div class=\"icon-box-img\" style=\"width: 189px\">\n\t\t\t\t<div class=\"icon\">\n\t\t\t\t\t<div class=\"icon-inner\" >\n\t\t\t\t\t\t<img loading=\"lazy\" decoding=\"async\" width=\"150\" height=\"91\" src=\"https:\/\/hurricaneaerospace.com\/wp-content\/uploads\/2019\/03\/ERAI_Logo.png\" class=\"attachment-medium size-medium\" alt=\"ERAI Logo\" \/>\t\t\t\t\t<\/div>\n\t\t\t\t<\/div>\n\t\t\t<\/div>\n\t\t\t\t<div class=\"icon-box-text last-reset\">\n\t\t\t<h5 class=\"uppercase\">Membro ERAI<\/h5>\t\t\t\t\t\t\n\t\t<\/div>\n\t<\/div>\n\t<\/a>\n\t\n\t\t<\/div>\n\t\t\t\t\t<\/div>\n\n\t\n<\/div>\n<div class=\"row align-middle align-center\"  id=\"row-1318224939\">\n\n\t<div id=\"col-370221409\" class=\"col medium-3 small-6 large-3\"  >\n\t\t\t\t<div class=\"col-inner\"  >\n\t\t\t\n\t\t\t\n\n\t<a class=\"plain\" href=\"https:\/\/www.sba.gov\/federal-contracting\/contracting-assistance-programs\/hubzone-program\" target=\"_blank\" rel=\"noopener\" >\t<div class=\"icon-box featured-box icon-box-center text-center\"  >\n\t\t\t\t\t<div class=\"icon-box-img\" style=\"width: 193px\">\n\t\t\t\t<div class=\"icon\">\n\t\t\t\t\t<div class=\"icon-inner\" >\n\t\t\t\t\t\t<img loading=\"lazy\" decoding=\"async\" width=\"300\" height=\"188\" src=\"https:\/\/hurricaneaerospace.com\/wp-content\/uploads\/2019\/03\/hubzone5-3-1080x675-300x188.jpg\" class=\"attachment-medium size-medium\" alt=\"\" srcset=\"https:\/\/hurricaneaerospace.com\/wp-content\/uploads\/2019\/03\/hubzone5-3-1080x675-300x188.jpg 300w, https:\/\/hurricaneaerospace.com\/wp-content\/uploads\/2019\/03\/hubzone5-3-1080x675-768x480.jpg 768w, https:\/\/hurricaneaerospace.com\/wp-content\/uploads\/2019\/03\/hubzone5-3-1080x675-1024x640.jpg 1024w, https:\/\/hurricaneaerospace.com\/wp-content\/uploads\/2019\/03\/hubzone5-3-1080x675-600x375.jpg 600w, https:\/\/hurricaneaerospace.com\/wp-content\/uploads\/2019\/03\/hubzone5-3-1080x675.jpg 1080w\" sizes=\"auto, (max-width: 300px) 100vw, 300px\" \/>\t\t\t\t\t<\/div>\n\t\t\t\t<\/div>\n\t\t\t<\/div>\n\t\t\t\t<div class=\"icon-box-text last-reset\">\n\t\t\t<h5 class=\"uppercase\">HUBZONE SBA<\/h5>\t\t\t\t\t\t\n\t\t<\/div>\n\t<\/div>\n\t<\/a>\n\t\n\t\t<\/div>\n\t\t\t\t\t<\/div>\n\n\t\n\n\t<div id=\"col-1298694141\" class=\"col medium-3 small-6 large-3\"  >\n\t\t\t\t<div class=\"col-inner\"  >\n\t\t\t\n\t\t\t\n\n\t<a class=\"plain\" href=\"https:\/\/hurricaneaerospace.com\/wp-content\/uploads\/2021\/12\/WOSB-2022.pdf\" target=\"_blank\" rel=\"noopener\" >\t<div class=\"icon-box featured-box icon-box-center text-center\"  >\n\t\t\t\t\t<div class=\"icon-box-img\" style=\"width: 193px\">\n\t\t\t\t<div class=\"icon\">\n\t\t\t\t\t<div class=\"icon-inner\" >\n\t\t\t\t\t\t<img loading=\"lazy\" decoding=\"async\" width=\"300\" height=\"185\" src=\"https:\/\/hurricaneaerospace.com\/wp-content\/uploads\/2019\/11\/WOB_Signature-300x185.jpg\" class=\"attachment-medium size-medium\" alt=\"Women Owned logo\" srcset=\"https:\/\/hurricaneaerospace.com\/wp-content\/uploads\/2019\/11\/WOB_Signature-300x185.jpg 300w, https:\/\/hurricaneaerospace.com\/wp-content\/uploads\/2019\/11\/WOB_Signature-768x473.jpg 768w, https:\/\/hurricaneaerospace.com\/wp-content\/uploads\/2019\/11\/WOB_Signature-1024x630.jpg 1024w, https:\/\/hurricaneaerospace.com\/wp-content\/uploads\/2019\/11\/WOB_Signature.jpg 1950w\" sizes=\"auto, (max-width: 300px) 100vw, 300px\" \/>\t\t\t\t\t<\/div>\n\t\t\t\t<\/div>\n\t\t\t<\/div>\n\t\t\t\t<div class=\"icon-box-text last-reset\">\n\t\t\t<h5 class=\"uppercase\">Mulheres Donas de Pequenas Empresas (WOSB)<\/h5>\t\t\t\t\t\t\n\t\t<\/div>\n\t<\/div>\n\t<\/a>\n\t\n\t\t<\/div>\n\t\t\t\t\t<\/div>\n\n\t\n\n\t<div id=\"col-139905881\" class=\"col medium-3 small-6 large-3\"  >\n\t\t\t\t<div class=\"col-inner\"  >\n\t\t\t\n\t\t\t\n\n\t<a class=\"plain\" href=\"http:\/\/hurricaneaerospace.com\/wp-content\/uploads\/2019\/07\/AS9100-REV-D.pdf\" target=\"_blank\" rel=\"noopener\" >\t<div class=\"icon-box featured-box icon-box-center text-center\"  >\n\t\t\t\t\t<div class=\"icon-box-img\" style=\"width: 178px\">\n\t\t\t\t<div class=\"icon\">\n\t\t\t\t\t<div class=\"icon-inner\" >\n\t\t\t\t\t\t<img loading=\"lazy\" decoding=\"async\" width=\"166\" height=\"112\" src=\"https:\/\/hurricaneaerospace.com\/wp-content\/uploads\/2019\/04\/ISOQAR-Accredited-certification.jpg\" class=\"attachment-medium size-medium\" alt=\"ISOQAR-Accredited-certification logo\" \/>\t\t\t\t\t<\/div>\n\t\t\t\t<\/div>\n\t\t\t<\/div>\n\t\t\t\t<div class=\"icon-box-text last-reset\">\n\t\t\t<h5 class=\"uppercase\">ISOQAR AS9100 D<\/h5>\t\t\t\t\t\t\n\t\t<\/div>\n\t<\/div>\n\t<\/a>\n\t\n\t\t<\/div>\n\t\t\t\t\t<\/div>\n\n\t\n\n\t<div id=\"col-637985965\" class=\"col medium-3 small-12 large-3\"  >\n\t\t\t\t<div class=\"col-inner\"  >\n\t\t\t\n\t\t\t\n\n\t<a class=\"plain\" href=\"https:\/\/hurricaneaerospace.com\/wp-content\/uploads\/2020\/06\/8826ASS001.pdf\" target=\"_blank\" rel=\"noopener\" >\t<div class=\"icon-box featured-box icon-box-center text-center\"  >\n\t\t\t\t\t<div class=\"icon-box-img\" style=\"width: 178px\">\n\t\t\t\t<div class=\"icon\">\n\t\t\t\t\t<div class=\"icon-inner\" >\n\t\t\t\t\t\t<img loading=\"lazy\" decoding=\"async\" width=\"218\" height=\"300\" src=\"https:\/\/hurricaneaerospace.com\/wp-content\/uploads\/2020\/06\/as9120-218x300.png\" class=\"attachment-medium size-medium\" alt=\"\" srcset=\"https:\/\/hurricaneaerospace.com\/wp-content\/uploads\/2020\/06\/as9120-218x300.png 218w, https:\/\/hurricaneaerospace.com\/wp-content\/uploads\/2020\/06\/as9120.png 257w\" sizes=\"auto, (max-width: 218px) 100vw, 218px\" \/>\t\t\t\t\t<\/div>\n\t\t\t\t<\/div>\n\t\t\t<\/div>\n\t\t\t\t<div class=\"icon-box-text last-reset\">\n\t\t\t<h5 class=\"uppercase\">ISOQAR AS9120 B<\/h5>\t\t\t\t\t\t\n\t\t<\/div>\n\t<\/div>\n\t<\/a>\n\t\n\t\t<\/div>\n\t\t\t\t\t<\/div>\n\n\t\n<\/div>\n","protected":false},"excerpt":{"rendered":"","protected":false},"author":4,"featured_media":0,"parent":0,"menu_order":0,"comment_status":"closed","ping_status":"closed","template":"page-blank.php","meta":{"nf_dc_page":"","_monsterinsights_skip_tracking":false,"_monsterinsights_sitenote_active":false,"_monsterinsights_sitenote_note":"","_monsterinsights_sitenote_category":0,"footnotes":""},"class_list":["post-6362","page","type-page","status-publish","hentry"],"yoast_head":"<!-- This site is optimized with the Yoast SEO plugin v27.4 - https:\/\/yoast.com\/product\/yoast-seo-wordpress\/ -->\n<title>Certifica\u00e7\u00f5es %%%%Furac\u00e3o Aeroespacial - Furac\u00e3o Aeroespacial<\/title>\n<meta name=\"description\" content=\"Certifica\u00e7\u00f5es, Credenciamentos e Associa\u00e7\u00f5es\" \/>\n<meta name=\"robots\" content=\"index, follow, max-snippet:-1, max-image-preview:large, max-video-preview:-1\" \/>\n<link rel=\"canonical\" href=\"https:\/\/hurricaneaerospace.com\/pt-br\/certificacoes\/\" \/>\n<meta property=\"og:locale\" content=\"pt_BR\" \/>\n<meta property=\"og:type\" content=\"article\" \/>\n<meta property=\"og:title\" content=\"Certifica\u00e7\u00f5es %%%%Furac\u00e3o Aeroespacial - Furac\u00e3o Aeroespacial\" \/>\n<meta property=\"og:description\" content=\"Certifica\u00e7\u00f5es, Credenciamentos e Associa\u00e7\u00f5es\" \/>\n<meta property=\"og:url\" content=\"https:\/\/hurricaneaerospace.com\/pt-br\/certificacoes\/\" \/>\n<meta property=\"og:site_name\" content=\"Furac\u00e3o Aeroespacial\" \/>\n<meta property=\"article:publisher\" content=\"https:\/\/www.facebook.com\/HurricaneAerospaceSolutions\/\" \/>\n<meta property=\"article:modified_time\" content=\"2022-02-11T02:25:15+00:00\" \/>\n<meta name=\"twitter:card\" content=\"summary_large_image\" \/>\n<meta name=\"twitter:site\" content=\"@hurricaneaero\" \/>\n<meta name=\"twitter:label1\" content=\"Est. tempo de leitura\" \/>\n\t<meta name=\"twitter:data1\" content=\"2 minutos\" \/>\n<script type=\"application\/ld+json\" class=\"yoast-schema-graph\">{\"@context\":\"https:\\\/\\\/schema.org\",\"@graph\":[{\"@type\":\"WebPage\",\"@id\":\"https:\\\/\\\/hurricaneaerospace.com\\\/pt-br\\\/certificacoes\\\/\",\"url\":\"https:\\\/\\\/hurricaneaerospace.com\\\/pt-br\\\/certificacoes\\\/\",\"name\":\"Certifica\u00e7\u00f5es %%%%Furac\u00e3o Aeroespacial - Furac\u00e3o Aeroespacial\",\"isPartOf\":{\"@id\":\"https:\\\/\\\/hurricaneaerospace.com\\\/pt-br\\\/#website\"},\"datePublished\":\"2020-08-19T20:35:22+00:00\",\"dateModified\":\"2022-02-11T02:25:15+00:00\",\"description\":\"Certifica\u00e7\u00f5es, Credenciamentos e Associa\u00e7\u00f5es\",\"breadcrumb\":{\"@id\":\"https:\\\/\\\/hurricaneaerospace.com\\\/pt-br\\\/certificacoes\\\/#breadcrumb\"},\"inLanguage\":\"pt-BR\",\"potentialAction\":[{\"@type\":\"ReadAction\",\"target\":[\"https:\\\/\\\/hurricaneaerospace.com\\\/pt-br\\\/certificacoes\\\/\"]}]},{\"@type\":\"BreadcrumbList\",\"@id\":\"https:\\\/\\\/hurricaneaerospace.com\\\/pt-br\\\/certificacoes\\\/#breadcrumb\",\"itemListElement\":[{\"@type\":\"ListItem\",\"position\":1,\"name\":\"Casa\",\"item\":\"https:\\\/\\\/hurricaneaerospace.com\\\/pt-br\\\/\"},{\"@type\":\"ListItem\",\"position\":2,\"name\":\"Certifica\u00e7\u00f5es\"}]},{\"@type\":\"WebSite\",\"@id\":\"https:\\\/\\\/hurricaneaerospace.com\\\/pt-br\\\/#website\",\"url\":\"https:\\\/\\\/hurricaneaerospace.com\\\/pt-br\\\/\",\"name\":\"Furac\u00e3o Aeroespacial\",\"description\":\"Mais de 25 anos de experi\u00eancia\",\"publisher\":{\"@id\":\"https:\\\/\\\/hurricaneaerospace.com\\\/pt-br\\\/#organization\"},\"potentialAction\":[{\"@type\":\"SearchAction\",\"target\":{\"@type\":\"EntryPoint\",\"urlTemplate\":\"https:\\\/\\\/hurricaneaerospace.com\\\/pt-br\\\/?s={search_term_string}\"},\"query-input\":{\"@type\":\"PropertyValueSpecification\",\"valueRequired\":true,\"valueName\":\"search_term_string\"}}],\"inLanguage\":\"pt-BR\"},{\"@type\":\"Organization\",\"@id\":\"https:\\\/\\\/hurricaneaerospace.com\\\/pt-br\\\/#organization\",\"name\":\"Hurricane Aerospace Solutions\",\"url\":\"https:\\\/\\\/hurricaneaerospace.com\\\/pt-br\\\/\",\"logo\":{\"@type\":\"ImageObject\",\"inLanguage\":\"pt-BR\",\"@id\":\"https:\\\/\\\/hurricaneaerospace.com\\\/pt-br\\\/#\\\/schema\\\/logo\\\/image\\\/\",\"url\":\"https:\\\/\\\/hurricaneaerospace.com\\\/wp-content\\\/uploads\\\/2019\\\/03\\\/Hurricane-Website-Logo-Retina-2019.png\",\"contentUrl\":\"https:\\\/\\\/hurricaneaerospace.com\\\/wp-content\\\/uploads\\\/2019\\\/03\\\/Hurricane-Website-Logo-Retina-2019.png\",\"width\":800,\"height\":482,\"caption\":\"Hurricane Aerospace Solutions\"},\"image\":{\"@id\":\"https:\\\/\\\/hurricaneaerospace.com\\\/pt-br\\\/#\\\/schema\\\/logo\\\/image\\\/\"},\"sameAs\":[\"https:\\\/\\\/www.facebook.com\\\/HurricaneAerospaceSolutions\\\/\",\"https:\\\/\\\/x.com\\\/hurricaneaero\",\"https:\\\/\\\/www.instagram.com\\\/hurricaneaerospacesolutions\\\/\",\"http:\\\/\\\/www.linkedin.com\\\/company\\\/hurricaneaerospacesolutions\\\/\"]}]}<\/script>\n<!-- \/ Yoast SEO plugin. -->","yoast_head_json":{"title":"Certifica\u00e7\u00f5es %%%%Furac\u00e3o Aeroespacial - Furac\u00e3o Aeroespacial","description":"Certifica\u00e7\u00f5es, Credenciamentos e Associa\u00e7\u00f5es","robots":{"index":"index","follow":"follow","max-snippet":"max-snippet:-1","max-image-preview":"max-image-preview:large","max-video-preview":"max-video-preview:-1"},"canonical":"https:\/\/hurricaneaerospace.com\/pt-br\/certificacoes\/","og_locale":"pt_BR","og_type":"article","og_title":"Certifica\u00e7\u00f5es %%%%Furac\u00e3o Aeroespacial - Furac\u00e3o Aeroespacial","og_description":"Certifica\u00e7\u00f5es, Credenciamentos e Associa\u00e7\u00f5es","og_url":"https:\/\/hurricaneaerospace.com\/pt-br\/certificacoes\/","og_site_name":"Furac\u00e3o Aeroespacial","article_publisher":"https:\/\/www.facebook.com\/HurricaneAerospaceSolutions\/","article_modified_time":"2022-02-11T02:25:15+00:00","twitter_card":"summary_large_image","twitter_site":"@hurricaneaero","twitter_misc":{"Est. tempo de leitura":"2 minutos"},"schema":{"@context":"https:\/\/schema.org","@graph":[{"@type":"WebPage","@id":"https:\/\/hurricaneaerospace.com\/pt-br\/certificacoes\/","url":"https:\/\/hurricaneaerospace.com\/pt-br\/certificacoes\/","name":"Certifica\u00e7\u00f5es %%%%Furac\u00e3o Aeroespacial - Furac\u00e3o Aeroespacial","isPartOf":{"@id":"https:\/\/hurricaneaerospace.com\/pt-br\/#website"},"datePublished":"2020-08-19T20:35:22+00:00","dateModified":"2022-02-11T02:25:15+00:00","description":"Certifica\u00e7\u00f5es, Credenciamentos e Associa\u00e7\u00f5es","breadcrumb":{"@id":"https:\/\/hurricaneaerospace.com\/pt-br\/certificacoes\/#breadcrumb"},"inLanguage":"pt-BR","potentialAction":[{"@type":"ReadAction","target":["https:\/\/hurricaneaerospace.com\/pt-br\/certificacoes\/"]}]},{"@type":"BreadcrumbList","@id":"https:\/\/hurricaneaerospace.com\/pt-br\/certificacoes\/#breadcrumb","itemListElement":[{"@type":"ListItem","position":1,"name":"Casa","item":"https:\/\/hurricaneaerospace.com\/pt-br\/"},{"@type":"ListItem","position":2,"name":"Certifica\u00e7\u00f5es"}]},{"@type":"WebSite","@id":"https:\/\/hurricaneaerospace.com\/pt-br\/#website","url":"https:\/\/hurricaneaerospace.com\/pt-br\/","name":"Furac\u00e3o Aeroespacial","description":"Mais de 25 anos de experi\u00eancia","publisher":{"@id":"https:\/\/hurricaneaerospace.com\/pt-br\/#organization"},"potentialAction":[{"@type":"SearchAction","target":{"@type":"EntryPoint","urlTemplate":"https:\/\/hurricaneaerospace.com\/pt-br\/?s={search_term_string}"},"query-input":{"@type":"PropertyValueSpecification","valueRequired":true,"valueName":"search_term_string"}}],"inLanguage":"pt-BR"},{"@type":"Organization","@id":"https:\/\/hurricaneaerospace.com\/pt-br\/#organization","name":"Hurricane Aerospace Solutions","url":"https:\/\/hurricaneaerospace.com\/pt-br\/","logo":{"@type":"ImageObject","inLanguage":"pt-BR","@id":"https:\/\/hurricaneaerospace.com\/pt-br\/#\/schema\/logo\/image\/","url":"https:\/\/hurricaneaerospace.com\/wp-content\/uploads\/2019\/03\/Hurricane-Website-Logo-Retina-2019.png","contentUrl":"https:\/\/hurricaneaerospace.com\/wp-content\/uploads\/2019\/03\/Hurricane-Website-Logo-Retina-2019.png","width":800,"height":482,"caption":"Hurricane Aerospace Solutions"},"image":{"@id":"https:\/\/hurricaneaerospace.com\/pt-br\/#\/schema\/logo\/image\/"},"sameAs":["https:\/\/www.facebook.com\/HurricaneAerospaceSolutions\/","https:\/\/x.com\/hurricaneaero","https:\/\/www.instagram.com\/hurricaneaerospacesolutions\/","http:\/\/www.linkedin.com\/company\/hurricaneaerospacesolutions\/"]}]}},"_links":{"self":[{"href":"https:\/\/hurricaneaerospace.com\/pt-br\/wp-json\/wp\/v2\/pages\/6362","targetHints":{"allow":["GET"]}}],"collection":[{"href":"https:\/\/hurricaneaerospace.com\/pt-br\/wp-json\/wp\/v2\/pages"}],"about":[{"href":"https:\/\/hurricaneaerospace.com\/pt-br\/wp-json\/wp\/v2\/types\/page"}],"author":[{"embeddable":true,"href":"https:\/\/hurricaneaerospace.com\/pt-br\/wp-json\/wp\/v2\/users\/4"}],"replies":[{"embeddable":true,"href":"https:\/\/hurricaneaerospace.com\/pt-br\/wp-json\/wp\/v2\/comments?post=6362"}],"version-history":[{"count":15,"href":"https:\/\/hurricaneaerospace.com\/pt-br\/wp-json\/wp\/v2\/pages\/6362\/revisions"}],"predecessor-version":[{"id":9268,"href":"https:\/\/hurricaneaerospace.com\/pt-br\/wp-json\/wp\/v2\/pages\/6362\/revisions\/9268"}],"wp:attachment":[{"href":"https:\/\/hurricaneaerospace.com\/pt-br\/wp-json\/wp\/v2\/media?parent=6362"}],"curies":[{"name":"wp","href":"https:\/\/api.w.org\/{rel}","templated":true}]}}