{"id":6446,"date":"2020-08-19T20:38:12","date_gmt":"2020-08-19T20:38:12","guid":{"rendered":"https:\/\/hurricaneaerospace.com\/comunidade\/"},"modified":"2020-12-04T04:23:00","modified_gmt":"2020-12-04T04:23:00","slug":"comunidade","status":"publish","type":"page","link":"https:\/\/hurricaneaerospace.com\/pt-br\/comunidade\/","title":{"rendered":"Comunidade"},"content":{"rendered":"\n\t<section class=\"section dark\" id=\"section_524418250\">\n\t\t<div class=\"section-bg fill\" >\n\t\t\t<img loading=\"lazy\" decoding=\"async\" width=\"1243\" height=\"302\" src=\"https:\/\/hurricaneaerospace.com\/wp-content\/uploads\/2019\/03\/hurricane-aerospace-community-giving.jpg\" class=\"bg attachment-original size-original\" alt=\"\" \/>\t\t\t\t\t\t\n\t\t\t\n\n\t\t<\/div>\n\n\t\t\n\n\t\t<div class=\"section-content relative\">\n\t\t\t\n<div class=\"row\"  id=\"row-2130535702\">\n\n\t<div id=\"col-1149311537\" class=\"col small-12 large-12\"  >\n\t\t\t\t<div class=\"col-inner text-center\"  >\n\t\t\t\n\t\t\t\n<div class=\"container section-title-container\" style=\"margin-bottom:0px;\"><h2 class=\"section-title section-title-center\"><b aria-hidden=\"true\"><\/b><span class=\"section-title-main\" >Comunidade<\/span><b aria-hidden=\"true\"><\/b><\/h2><\/div>\n<p><strong>&#8220;O Segredo da Vida \u00e9 Dar!&#8221; &#8211; Tony Robbins<\/strong><\/p>\n\t\t<\/div>\n\t\t\t\t\t<\/div>\n\n\t\n<\/div>\n\t\t<\/div>\n\n\t\t\n<style>\n#section_524418250 {\n  padding-top: 80px;\n  padding-bottom: 80px;\n}\n<\/style>\n\t<\/section>\n\t\n<div class=\"row align-middle\"  id=\"row-374521204\">\n\n\t<div id=\"col-1427170685\" class=\"col medium-6 small-12 large-6\"  >\n\t\t\t\t<div class=\"col-inner\"  >\n\t\t\t\n\t\t\t\n\t<div class=\"box has-hover   has-hover box-text-bottom\" >\n\n\t\t<div class=\"box-image\" >\n\t\t\t\t\t\t<div class=\"\" >\n\t\t\t\t<img loading=\"lazy\" decoding=\"async\" width=\"431\" height=\"275\" src=\"https:\/\/hurricaneaerospace.com\/wp-content\/uploads\/2019\/03\/healinghoovesinc.jpg\" class=\"attachment- size-\" alt=\"healinghoovesinc\" srcset=\"https:\/\/hurricaneaerospace.com\/wp-content\/uploads\/2019\/03\/healinghoovesinc.jpg 431w, https:\/\/hurricaneaerospace.com\/wp-content\/uploads\/2019\/03\/healinghoovesinc-300x191.png 300w\" sizes=\"auto, (max-width: 431px) 100vw, 431px\" \/>\t\t\t\t\t\t\t\t\t\t\t<\/div>\n\t\t\t\t\t<\/div>\n\n\t\t<div class=\"box-text text-center\" >\n\t\t\t<div class=\"box-text-inner\">\n\t\t\t\t\n<p class=\"lead\"><strong>Aqui CuraNdo Hooves Inc. Unindo cavalos com necessidades especiais e humanos para encontrar compaix\u00e3o, empatia, conex\u00e3o e prop\u00f3sito atrav\u00e9s da terapia<\/strong><\/p>\n\t\t\t<\/div>\n\t\t<\/div>\n\t<\/div>\n\t\n\t\t<\/div>\n\t\t\t\t\t<\/div>\n\n\t\n\n\t<div id=\"col-1316083416\" class=\"col medium-6 small-12 large-6\"  >\n\t\t\t\t<div class=\"col-inner\"  >\n\t\t\t\n\t\t\t\n<h1>Envolvimento da Comunidade<\/h1>\n<p>A Hurricane Aerospace Solutions est\u00e1 totalmente comprometida com as comunidades locais do sul da Fl\u00f3rida atrav\u00e9s do voluntariado e envolvimento. N\u00f3s nos esfor\u00e7amos para criar continuamente oportunidades de trabalho econ\u00f4micas sustent\u00e1veis. O furac\u00e3o trabalha lado a lado com entidades do governo local, escolas, centros de divulga\u00e7\u00e3o da for\u00e7a de trabalho e locais de culto para suprir nossas necessidades de emprego.<\/p>\n<p>Atualmente, a Hurricane Aerospace Solutions suporta Healing Hooves, localizado em Southwest Ranches, FL. Esta organiza\u00e7\u00e3o reconecta as pessoas consigo mesmas e seus relacionamentos que mais valorizam atrav\u00e9s de atividades e terapias assistidas por equinos. Healing Hooves tamb\u00e9m trabalha com crian\u00e7as autistas e outras crian\u00e7as mentalmente desafiadas.<\/p>\n\t\t<\/div>\n\t\t\t\t\t<\/div>\n\n\t\n<\/div>\n","protected":false},"excerpt":{"rendered":"","protected":false},"author":4,"featured_media":0,"parent":0,"menu_order":0,"comment_status":"closed","ping_status":"closed","template":"page-blank.php","meta":{"nf_dc_page":"","_monsterinsights_skip_tracking":false,"_monsterinsights_sitenote_active":false,"_monsterinsights_sitenote_note":"","_monsterinsights_sitenote_category":0,"footnotes":""},"class_list":["post-6446","page","type-page","status-publish","hentry"],"yoast_head":"<!-- This site is optimized with the Yoast SEO plugin v27.4 - https:\/\/yoast.com\/product\/yoast-seo-wordpress\/ -->\n<title>Comunidade Site - Furac\u00e3o Aeroespacial envolvimento<\/title>\n<meta name=\"description\" content=\"A Hurricane Aerospace Solutions est\u00e1 totalmente comprometida com as comunidades locais do sul da Fl\u00f3rida atrav\u00e9s do voluntariado e envolvimento.\" \/>\n<meta name=\"robots\" content=\"index, follow, max-snippet:-1, max-image-preview:large, max-video-preview:-1\" \/>\n<link rel=\"canonical\" href=\"https:\/\/hurricaneaerospace.com\/pt-br\/comunidade\/\" \/>\n<meta property=\"og:locale\" content=\"pt_BR\" \/>\n<meta property=\"og:type\" content=\"article\" \/>\n<meta property=\"og:title\" content=\"Comunidade Site - Furac\u00e3o Aeroespacial envolvimento\" \/>\n<meta property=\"og:description\" content=\"A Hurricane Aerospace Solutions est\u00e1 totalmente comprometida com as comunidades locais do sul da Fl\u00f3rida atrav\u00e9s do voluntariado e envolvimento.\" \/>\n<meta property=\"og:url\" content=\"https:\/\/hurricaneaerospace.com\/pt-br\/comunidade\/\" \/>\n<meta property=\"og:site_name\" content=\"Furac\u00e3o Aeroespacial\" \/>\n<meta property=\"article:publisher\" content=\"https:\/\/www.facebook.com\/HurricaneAerospaceSolutions\/\" \/>\n<meta property=\"article:modified_time\" content=\"2020-12-04T04:23:00+00:00\" \/>\n<meta name=\"twitter:card\" content=\"summary_large_image\" \/>\n<meta name=\"twitter:site\" content=\"@hurricaneaero\" \/>\n<meta name=\"twitter:label1\" content=\"Est. tempo de leitura\" \/>\n\t<meta name=\"twitter:data1\" content=\"1 minuto\" \/>\n<script type=\"application\/ld+json\" class=\"yoast-schema-graph\">{\"@context\":\"https:\\\/\\\/schema.org\",\"@graph\":[{\"@type\":\"WebPage\",\"@id\":\"https:\\\/\\\/hurricaneaerospace.com\\\/pt-br\\\/comunidade\\\/\",\"url\":\"https:\\\/\\\/hurricaneaerospace.com\\\/pt-br\\\/comunidade\\\/\",\"name\":\"Comunidade Site - Furac\u00e3o Aeroespacial envolvimento\",\"isPartOf\":{\"@id\":\"https:\\\/\\\/hurricaneaerospace.com\\\/pt-br\\\/#website\"},\"datePublished\":\"2020-08-19T20:38:12+00:00\",\"dateModified\":\"2020-12-04T04:23:00+00:00\",\"description\":\"A Hurricane Aerospace Solutions est\u00e1 totalmente comprometida com as comunidades locais do sul da Fl\u00f3rida atrav\u00e9s do voluntariado e envolvimento.\",\"breadcrumb\":{\"@id\":\"https:\\\/\\\/hurricaneaerospace.com\\\/pt-br\\\/comunidade\\\/#breadcrumb\"},\"inLanguage\":\"pt-BR\",\"potentialAction\":[{\"@type\":\"ReadAction\",\"target\":[\"https:\\\/\\\/hurricaneaerospace.com\\\/pt-br\\\/comunidade\\\/\"]}]},{\"@type\":\"BreadcrumbList\",\"@id\":\"https:\\\/\\\/hurricaneaerospace.com\\\/pt-br\\\/comunidade\\\/#breadcrumb\",\"itemListElement\":[{\"@type\":\"ListItem\",\"position\":1,\"name\":\"Casa\",\"item\":\"https:\\\/\\\/hurricaneaerospace.com\\\/pt-br\\\/\"},{\"@type\":\"ListItem\",\"position\":2,\"name\":\"Comunidade\"}]},{\"@type\":\"WebSite\",\"@id\":\"https:\\\/\\\/hurricaneaerospace.com\\\/pt-br\\\/#website\",\"url\":\"https:\\\/\\\/hurricaneaerospace.com\\\/pt-br\\\/\",\"name\":\"Furac\u00e3o Aeroespacial\",\"description\":\"Mais de 25 anos de experi\u00eancia\",\"publisher\":{\"@id\":\"https:\\\/\\\/hurricaneaerospace.com\\\/pt-br\\\/#organization\"},\"potentialAction\":[{\"@type\":\"SearchAction\",\"target\":{\"@type\":\"EntryPoint\",\"urlTemplate\":\"https:\\\/\\\/hurricaneaerospace.com\\\/pt-br\\\/?s={search_term_string}\"},\"query-input\":{\"@type\":\"PropertyValueSpecification\",\"valueRequired\":true,\"valueName\":\"search_term_string\"}}],\"inLanguage\":\"pt-BR\"},{\"@type\":\"Organization\",\"@id\":\"https:\\\/\\\/hurricaneaerospace.com\\\/pt-br\\\/#organization\",\"name\":\"Hurricane Aerospace Solutions\",\"url\":\"https:\\\/\\\/hurricaneaerospace.com\\\/pt-br\\\/\",\"logo\":{\"@type\":\"ImageObject\",\"inLanguage\":\"pt-BR\",\"@id\":\"https:\\\/\\\/hurricaneaerospace.com\\\/pt-br\\\/#\\\/schema\\\/logo\\\/image\\\/\",\"url\":\"https:\\\/\\\/hurricaneaerospace.com\\\/wp-content\\\/uploads\\\/2019\\\/03\\\/Hurricane-Website-Logo-Retina-2019.png\",\"contentUrl\":\"https:\\\/\\\/hurricaneaerospace.com\\\/wp-content\\\/uploads\\\/2019\\\/03\\\/Hurricane-Website-Logo-Retina-2019.png\",\"width\":800,\"height\":482,\"caption\":\"Hurricane Aerospace Solutions\"},\"image\":{\"@id\":\"https:\\\/\\\/hurricaneaerospace.com\\\/pt-br\\\/#\\\/schema\\\/logo\\\/image\\\/\"},\"sameAs\":[\"https:\\\/\\\/www.facebook.com\\\/HurricaneAerospaceSolutions\\\/\",\"https:\\\/\\\/x.com\\\/hurricaneaero\",\"https:\\\/\\\/www.instagram.com\\\/hurricaneaerospacesolutions\\\/\",\"http:\\\/\\\/www.linkedin.com\\\/company\\\/hurricaneaerospacesolutions\\\/\"]}]}<\/script>\n<!-- \/ Yoast SEO plugin. -->","yoast_head_json":{"title":"Comunidade Site - Furac\u00e3o Aeroespacial envolvimento","description":"A Hurricane Aerospace Solutions est\u00e1 totalmente comprometida com as comunidades locais do sul da Fl\u00f3rida atrav\u00e9s do voluntariado e envolvimento.","robots":{"index":"index","follow":"follow","max-snippet":"max-snippet:-1","max-image-preview":"max-image-preview:large","max-video-preview":"max-video-preview:-1"},"canonical":"https:\/\/hurricaneaerospace.com\/pt-br\/comunidade\/","og_locale":"pt_BR","og_type":"article","og_title":"Comunidade Site - Furac\u00e3o Aeroespacial envolvimento","og_description":"A Hurricane Aerospace Solutions est\u00e1 totalmente comprometida com as comunidades locais do sul da Fl\u00f3rida atrav\u00e9s do voluntariado e envolvimento.","og_url":"https:\/\/hurricaneaerospace.com\/pt-br\/comunidade\/","og_site_name":"Furac\u00e3o Aeroespacial","article_publisher":"https:\/\/www.facebook.com\/HurricaneAerospaceSolutions\/","article_modified_time":"2020-12-04T04:23:00+00:00","twitter_card":"summary_large_image","twitter_site":"@hurricaneaero","twitter_misc":{"Est. tempo de leitura":"1 minuto"},"schema":{"@context":"https:\/\/schema.org","@graph":[{"@type":"WebPage","@id":"https:\/\/hurricaneaerospace.com\/pt-br\/comunidade\/","url":"https:\/\/hurricaneaerospace.com\/pt-br\/comunidade\/","name":"Comunidade Site - Furac\u00e3o Aeroespacial envolvimento","isPartOf":{"@id":"https:\/\/hurricaneaerospace.com\/pt-br\/#website"},"datePublished":"2020-08-19T20:38:12+00:00","dateModified":"2020-12-04T04:23:00+00:00","description":"A Hurricane Aerospace Solutions est\u00e1 totalmente comprometida com as comunidades locais do sul da Fl\u00f3rida atrav\u00e9s do voluntariado e envolvimento.","breadcrumb":{"@id":"https:\/\/hurricaneaerospace.com\/pt-br\/comunidade\/#breadcrumb"},"inLanguage":"pt-BR","potentialAction":[{"@type":"ReadAction","target":["https:\/\/hurricaneaerospace.com\/pt-br\/comunidade\/"]}]},{"@type":"BreadcrumbList","@id":"https:\/\/hurricaneaerospace.com\/pt-br\/comunidade\/#breadcrumb","itemListElement":[{"@type":"ListItem","position":1,"name":"Casa","item":"https:\/\/hurricaneaerospace.com\/pt-br\/"},{"@type":"ListItem","position":2,"name":"Comunidade"}]},{"@type":"WebSite","@id":"https:\/\/hurricaneaerospace.com\/pt-br\/#website","url":"https:\/\/hurricaneaerospace.com\/pt-br\/","name":"Furac\u00e3o Aeroespacial","description":"Mais de 25 anos de experi\u00eancia","publisher":{"@id":"https:\/\/hurricaneaerospace.com\/pt-br\/#organization"},"potentialAction":[{"@type":"SearchAction","target":{"@type":"EntryPoint","urlTemplate":"https:\/\/hurricaneaerospace.com\/pt-br\/?s={search_term_string}"},"query-input":{"@type":"PropertyValueSpecification","valueRequired":true,"valueName":"search_term_string"}}],"inLanguage":"pt-BR"},{"@type":"Organization","@id":"https:\/\/hurricaneaerospace.com\/pt-br\/#organization","name":"Hurricane Aerospace Solutions","url":"https:\/\/hurricaneaerospace.com\/pt-br\/","logo":{"@type":"ImageObject","inLanguage":"pt-BR","@id":"https:\/\/hurricaneaerospace.com\/pt-br\/#\/schema\/logo\/image\/","url":"https:\/\/hurricaneaerospace.com\/wp-content\/uploads\/2019\/03\/Hurricane-Website-Logo-Retina-2019.png","contentUrl":"https:\/\/hurricaneaerospace.com\/wp-content\/uploads\/2019\/03\/Hurricane-Website-Logo-Retina-2019.png","width":800,"height":482,"caption":"Hurricane Aerospace Solutions"},"image":{"@id":"https:\/\/hurricaneaerospace.com\/pt-br\/#\/schema\/logo\/image\/"},"sameAs":["https:\/\/www.facebook.com\/HurricaneAerospaceSolutions\/","https:\/\/x.com\/hurricaneaero","https:\/\/www.instagram.com\/hurricaneaerospacesolutions\/","http:\/\/www.linkedin.com\/company\/hurricaneaerospacesolutions\/"]}]}},"_links":{"self":[{"href":"https:\/\/hurricaneaerospace.com\/pt-br\/wp-json\/wp\/v2\/pages\/6446","targetHints":{"allow":["GET"]}}],"collection":[{"href":"https:\/\/hurricaneaerospace.com\/pt-br\/wp-json\/wp\/v2\/pages"}],"about":[{"href":"https:\/\/hurricaneaerospace.com\/pt-br\/wp-json\/wp\/v2\/types\/page"}],"author":[{"embeddable":true,"href":"https:\/\/hurricaneaerospace.com\/pt-br\/wp-json\/wp\/v2\/users\/4"}],"replies":[{"embeddable":true,"href":"https:\/\/hurricaneaerospace.com\/pt-br\/wp-json\/wp\/v2\/comments?post=6446"}],"version-history":[{"count":2,"href":"https:\/\/hurricaneaerospace.com\/pt-br\/wp-json\/wp\/v2\/pages\/6446\/revisions"}],"predecessor-version":[{"id":8049,"href":"https:\/\/hurricaneaerospace.com\/pt-br\/wp-json\/wp\/v2\/pages\/6446\/revisions\/8049"}],"wp:attachment":[{"href":"https:\/\/hurricaneaerospace.com\/pt-br\/wp-json\/wp\/v2\/media?parent=6446"}],"curies":[{"name":"wp","href":"https:\/\/api.w.org\/{rel}","templated":true}]}}