{"id":6463,"date":"2020-08-19T20:38:15","date_gmt":"2020-08-19T20:38:15","guid":{"rendered":"https:\/\/hurricaneaerospace.com\/programa-de-parceiros\/"},"modified":"2020-12-04T04:29:45","modified_gmt":"2020-12-04T04:29:45","slug":"programa-de-parceiros","status":"publish","type":"page","link":"https:\/\/hurricaneaerospace.com\/pt-br\/programa-de-parceiros\/","title":{"rendered":"Programa de Parceiros"},"content":{"rendered":"\n\t<section class=\"section dark\" id=\"section_1855720261\">\n\t\t<div class=\"section-bg fill\" >\n\t\t\t<img loading=\"lazy\" decoding=\"async\" width=\"2000\" height=\"1331\" src=\"https:\/\/hurricaneaerospace.com\/wp-content\/uploads\/2019\/03\/shutterstock_208009339.jpg\" class=\"bg attachment- size-\" alt=\"shutterstock_208009339\" \/>\t\t\t\t\t\t<div class=\"section-bg-overlay absolute fill\"><\/div>\n\t\t\t\n\n\t\t<\/div>\n\n\t\t\n\n\t\t<div class=\"section-content relative\">\n\t\t\t\n<div class=\"row\"  id=\"row-1189106499\">\n\n\t<div id=\"col-1458442873\" class=\"col small-12 large-12\"  >\n\t\t\t\t<div class=\"col-inner text-center\"  >\n\t\t\t\n\t\t\t\n<div class=\"container section-title-container\" style=\"margin-top:0px;margin-bottom:0px;\"><h1 class=\"section-title section-title-center\"><b aria-hidden=\"true\"><\/b><span class=\"section-title-main\" >Torne-se um parceiro<\/span><b aria-hidden=\"true\"><\/b><\/h1><\/div>\n<p class=\"lead\">Suas solu\u00e7\u00f5es aeroespaciais<\/p>\n\t\t<\/div>\n\t\t\t\t\n<style>\n#col-1458442873 > .col-inner {\n  padding: 0px 0px 0px 0;\n  margin: 0 0px 0px 0px;\n}\n<\/style>\n\t<\/div>\n\n\t\n<\/div>\n\t\t<\/div>\n\n\t\t\n<style>\n#section_1855720261 {\n  padding-top: 30px;\n  padding-bottom: 30px;\n}\n#section_1855720261 .section-bg-overlay {\n  background-color: rgba(27, 64, 128, 0.57);\n}\n<\/style>\n\t<\/section>\n\t\n<div class=\"row\"  id=\"row-1947438042\">\n\n\t<div id=\"col-649563440\" class=\"col medium-6 small-12 large-6\"  >\n\t\t\t\t<div class=\"col-inner\"  >\n\t\t\t\n\t\t\t\n<h1>Iniciativa de Parceria Estrat\u00e9gica Aeroespacial Hurricane<\/h1>\n<p>A Hurricane Aerospace Strategic Partnership Initiative foi projetada para ajudar grandes e pequenos fabricantes a vender produtos para o Departamento de Defesa e seus principais empreiteiros e ag\u00eancias estrangeiras. O governo federal especificou metas anuais de contrata\u00e7\u00e3o para pequenas empresas designadas. A atual meta de aquisi\u00e7\u00e3o de departamentos do governo estipula que pelo menos 23% de todos os d\u00f3lares contratados pelo governo federal devem ser concedidos a pequenas empresas.<\/p>\n<p>Voc\u00ea sabia que as empresas que conduzem neg\u00f3cios direta ou indiretamente com o Governo Federal s\u00e3o obrigadas a conceder 3% de seus neg\u00f3cios aos fornecedores da HUBZone?<\/p>\n<p>Voc\u00ea sabia que as empresas que conduzem neg\u00f3cios direta ou indiretamente com o Governo Federal s\u00e3o obrigadas a conceder 5% de seus neg\u00f3cios a fornecedores de pequenas empresas?<\/p>\n<p><strong>Voc\u00ea sabia que as empresas que conduzem neg\u00f3cios direta ou indiretamente com o Governo Federal s\u00e3o obrigadas a conceder 3% de seus neg\u00f3cios para pequenas empresas desfavorecidas?<\/strong><\/p>\n<ul>\n<li>Mulheres Donas de Pequenas Empresas \u2013 5%<\/li>\n<li>Pequenas Empresas Desfavorecidas \u2013 5%<\/li>\n<li>HUBZone \u2013 3%<\/li>\n<\/ul>\n<p>Voc\u00ea tem um parceiro da cadeia de suprimentos para contrata\u00e7\u00e3o federal? A Hurricane Aerospace Solutions pode fornecer uma excelente proposta de valor. Atendemos mercados globais e podemos aumentar as vendas prime e subcontratados. A Hurricane \u00e9 uma distribuidora de valor agregado de servi\u00e7o completo (Kitting, Specialty Packing e Export Compliance).<\/p>\n<p>A Hurricane Aerospace Solutions pode aumentar os pr\u00eamios de contratos federais. A Equipe furac\u00e3o tem rela\u00e7\u00f5es de longo prazo na cadeia de suprimentos. Podemos ajudar a reduzir a prospec\u00e7\u00e3o, os custos de marketing e a prote\u00e7\u00e3o da propriedade intelectual.<\/p>\n\t\t<\/div>\n\t\t\t\t\t<\/div>\n\n\t\n\n\t<div id=\"col-1239368264\" class=\"col medium-6 small-12 large-6\"  >\n\t\t\t\t<div class=\"col-inner\" style=\"background-color:rgb(240, 248, 255);\" >\n\t\t\t\n\t\t\t\n<div class=\"container section-title-container\" ><h3 class=\"section-title section-title-normal\"><b aria-hidden=\"true\"><\/b><span class=\"section-title-main\" >Participe do programa<\/span><b aria-hidden=\"true\"><\/b><\/h3><\/div>\n<noscript class=\"ninja-forms-noscript-message\">\n\tAviso: O JavaScript \u00e9 necess\u00e1rio para esse conte\u00fado.<\/noscript>\nEste formul\u00e1rio est\u00e1 em manuten\u00e7\u00e3o no momento. Tente novamente mais tarde.\n\t\t<\/div>\n\t\t\t\t\n<style>\n#col-1239368264 > .col-inner {\n  padding: 5% 5% 5% 5%;\n}\n<\/style>\n\t<\/div>\n\n\t\n<\/div>\n","protected":false},"excerpt":{"rendered":"","protected":false},"author":4,"featured_media":0,"parent":0,"menu_order":0,"comment_status":"closed","ping_status":"closed","template":"page-blank.php","meta":{"nf_dc_page":"","_monsterinsights_skip_tracking":false,"_monsterinsights_sitenote_active":false,"_monsterinsights_sitenote_note":"","_monsterinsights_sitenote_category":0,"footnotes":""},"class_list":["post-6463","page","type-page","status-publish","hentry"],"yoast_head":"<!-- This site is optimized with the Yoast SEO plugin v27.4 - https:\/\/yoast.com\/product\/yoast-seo-wordpress\/ -->\n<title>Programa de Parceiros %%%%Furac\u00e3o Aeroespacial - Furac\u00e3o Aeroespacial<\/title>\n<meta name=\"description\" content=\"Projetado para ajudar grandes e pequenos fabricantes a vender produtos para o Departamento de Defesa e seus principais empreiteiros e ag\u00eancias estrangeiras\" \/>\n<meta name=\"robots\" content=\"index, follow, max-snippet:-1, max-image-preview:large, max-video-preview:-1\" \/>\n<link rel=\"canonical\" href=\"https:\/\/hurricaneaerospace.com\/pt-br\/programa-de-parceiros\/\" \/>\n<meta property=\"og:locale\" content=\"pt_BR\" \/>\n<meta property=\"og:type\" content=\"article\" \/>\n<meta property=\"og:title\" content=\"Programa de Parceiros %%%%Furac\u00e3o Aeroespacial - Furac\u00e3o Aeroespacial\" \/>\n<meta property=\"og:description\" content=\"Projetado para ajudar grandes e pequenos fabricantes a vender produtos para o Departamento de Defesa e seus principais empreiteiros e ag\u00eancias estrangeiras\" \/>\n<meta property=\"og:url\" content=\"https:\/\/hurricaneaerospace.com\/pt-br\/programa-de-parceiros\/\" \/>\n<meta property=\"og:site_name\" content=\"Furac\u00e3o Aeroespacial\" \/>\n<meta property=\"article:publisher\" content=\"https:\/\/www.facebook.com\/HurricaneAerospaceSolutions\/\" \/>\n<meta property=\"article:modified_time\" content=\"2020-12-04T04:29:45+00:00\" \/>\n<meta name=\"twitter:card\" content=\"summary_large_image\" \/>\n<meta name=\"twitter:site\" content=\"@hurricaneaero\" \/>\n<meta name=\"twitter:label1\" content=\"Est. tempo de leitura\" \/>\n\t<meta name=\"twitter:data1\" content=\"2 minutos\" \/>\n<script type=\"application\/ld+json\" class=\"yoast-schema-graph\">{\"@context\":\"https:\\\/\\\/schema.org\",\"@graph\":[{\"@type\":\"WebPage\",\"@id\":\"https:\\\/\\\/hurricaneaerospace.com\\\/pt-br\\\/programa-de-parceiros\\\/\",\"url\":\"https:\\\/\\\/hurricaneaerospace.com\\\/pt-br\\\/programa-de-parceiros\\\/\",\"name\":\"Programa de Parceiros %%%%Furac\u00e3o Aeroespacial - Furac\u00e3o Aeroespacial\",\"isPartOf\":{\"@id\":\"https:\\\/\\\/hurricaneaerospace.com\\\/pt-br\\\/#website\"},\"datePublished\":\"2020-08-19T20:38:15+00:00\",\"dateModified\":\"2020-12-04T04:29:45+00:00\",\"description\":\"Projetado para ajudar grandes e pequenos fabricantes a vender produtos para o Departamento de Defesa e seus principais empreiteiros e ag\u00eancias estrangeiras\",\"breadcrumb\":{\"@id\":\"https:\\\/\\\/hurricaneaerospace.com\\\/pt-br\\\/programa-de-parceiros\\\/#breadcrumb\"},\"inLanguage\":\"pt-BR\",\"potentialAction\":[{\"@type\":\"ReadAction\",\"target\":[\"https:\\\/\\\/hurricaneaerospace.com\\\/pt-br\\\/programa-de-parceiros\\\/\"]}]},{\"@type\":\"BreadcrumbList\",\"@id\":\"https:\\\/\\\/hurricaneaerospace.com\\\/pt-br\\\/programa-de-parceiros\\\/#breadcrumb\",\"itemListElement\":[{\"@type\":\"ListItem\",\"position\":1,\"name\":\"Casa\",\"item\":\"https:\\\/\\\/hurricaneaerospace.com\\\/pt-br\\\/\"},{\"@type\":\"ListItem\",\"position\":2,\"name\":\"Programa de Parceiros\"}]},{\"@type\":\"WebSite\",\"@id\":\"https:\\\/\\\/hurricaneaerospace.com\\\/pt-br\\\/#website\",\"url\":\"https:\\\/\\\/hurricaneaerospace.com\\\/pt-br\\\/\",\"name\":\"Furac\u00e3o Aeroespacial\",\"description\":\"Mais de 25 anos de experi\u00eancia\",\"publisher\":{\"@id\":\"https:\\\/\\\/hurricaneaerospace.com\\\/pt-br\\\/#organization\"},\"potentialAction\":[{\"@type\":\"SearchAction\",\"target\":{\"@type\":\"EntryPoint\",\"urlTemplate\":\"https:\\\/\\\/hurricaneaerospace.com\\\/pt-br\\\/?s={search_term_string}\"},\"query-input\":{\"@type\":\"PropertyValueSpecification\",\"valueRequired\":true,\"valueName\":\"search_term_string\"}}],\"inLanguage\":\"pt-BR\"},{\"@type\":\"Organization\",\"@id\":\"https:\\\/\\\/hurricaneaerospace.com\\\/pt-br\\\/#organization\",\"name\":\"Hurricane Aerospace Solutions\",\"url\":\"https:\\\/\\\/hurricaneaerospace.com\\\/pt-br\\\/\",\"logo\":{\"@type\":\"ImageObject\",\"inLanguage\":\"pt-BR\",\"@id\":\"https:\\\/\\\/hurricaneaerospace.com\\\/pt-br\\\/#\\\/schema\\\/logo\\\/image\\\/\",\"url\":\"https:\\\/\\\/hurricaneaerospace.com\\\/wp-content\\\/uploads\\\/2019\\\/03\\\/Hurricane-Website-Logo-Retina-2019.png\",\"contentUrl\":\"https:\\\/\\\/hurricaneaerospace.com\\\/wp-content\\\/uploads\\\/2019\\\/03\\\/Hurricane-Website-Logo-Retina-2019.png\",\"width\":800,\"height\":482,\"caption\":\"Hurricane Aerospace Solutions\"},\"image\":{\"@id\":\"https:\\\/\\\/hurricaneaerospace.com\\\/pt-br\\\/#\\\/schema\\\/logo\\\/image\\\/\"},\"sameAs\":[\"https:\\\/\\\/www.facebook.com\\\/HurricaneAerospaceSolutions\\\/\",\"https:\\\/\\\/x.com\\\/hurricaneaero\",\"https:\\\/\\\/www.instagram.com\\\/hurricaneaerospacesolutions\\\/\",\"http:\\\/\\\/www.linkedin.com\\\/company\\\/hurricaneaerospacesolutions\\\/\"]}]}<\/script>\n<!-- \/ Yoast SEO plugin. -->","yoast_head_json":{"title":"Programa de Parceiros %%%%Furac\u00e3o Aeroespacial - Furac\u00e3o Aeroespacial","description":"Projetado para ajudar grandes e pequenos fabricantes a vender produtos para o Departamento de Defesa e seus principais empreiteiros e ag\u00eancias estrangeiras","robots":{"index":"index","follow":"follow","max-snippet":"max-snippet:-1","max-image-preview":"max-image-preview:large","max-video-preview":"max-video-preview:-1"},"canonical":"https:\/\/hurricaneaerospace.com\/pt-br\/programa-de-parceiros\/","og_locale":"pt_BR","og_type":"article","og_title":"Programa de Parceiros %%%%Furac\u00e3o Aeroespacial - Furac\u00e3o Aeroespacial","og_description":"Projetado para ajudar grandes e pequenos fabricantes a vender produtos para o Departamento de Defesa e seus principais empreiteiros e ag\u00eancias estrangeiras","og_url":"https:\/\/hurricaneaerospace.com\/pt-br\/programa-de-parceiros\/","og_site_name":"Furac\u00e3o Aeroespacial","article_publisher":"https:\/\/www.facebook.com\/HurricaneAerospaceSolutions\/","article_modified_time":"2020-12-04T04:29:45+00:00","twitter_card":"summary_large_image","twitter_site":"@hurricaneaero","twitter_misc":{"Est. tempo de leitura":"2 minutos"},"schema":{"@context":"https:\/\/schema.org","@graph":[{"@type":"WebPage","@id":"https:\/\/hurricaneaerospace.com\/pt-br\/programa-de-parceiros\/","url":"https:\/\/hurricaneaerospace.com\/pt-br\/programa-de-parceiros\/","name":"Programa de Parceiros %%%%Furac\u00e3o Aeroespacial - Furac\u00e3o Aeroespacial","isPartOf":{"@id":"https:\/\/hurricaneaerospace.com\/pt-br\/#website"},"datePublished":"2020-08-19T20:38:15+00:00","dateModified":"2020-12-04T04:29:45+00:00","description":"Projetado para ajudar grandes e pequenos fabricantes a vender produtos para o Departamento de Defesa e seus principais empreiteiros e ag\u00eancias estrangeiras","breadcrumb":{"@id":"https:\/\/hurricaneaerospace.com\/pt-br\/programa-de-parceiros\/#breadcrumb"},"inLanguage":"pt-BR","potentialAction":[{"@type":"ReadAction","target":["https:\/\/hurricaneaerospace.com\/pt-br\/programa-de-parceiros\/"]}]},{"@type":"BreadcrumbList","@id":"https:\/\/hurricaneaerospace.com\/pt-br\/programa-de-parceiros\/#breadcrumb","itemListElement":[{"@type":"ListItem","position":1,"name":"Casa","item":"https:\/\/hurricaneaerospace.com\/pt-br\/"},{"@type":"ListItem","position":2,"name":"Programa de Parceiros"}]},{"@type":"WebSite","@id":"https:\/\/hurricaneaerospace.com\/pt-br\/#website","url":"https:\/\/hurricaneaerospace.com\/pt-br\/","name":"Furac\u00e3o Aeroespacial","description":"Mais de 25 anos de experi\u00eancia","publisher":{"@id":"https:\/\/hurricaneaerospace.com\/pt-br\/#organization"},"potentialAction":[{"@type":"SearchAction","target":{"@type":"EntryPoint","urlTemplate":"https:\/\/hurricaneaerospace.com\/pt-br\/?s={search_term_string}"},"query-input":{"@type":"PropertyValueSpecification","valueRequired":true,"valueName":"search_term_string"}}],"inLanguage":"pt-BR"},{"@type":"Organization","@id":"https:\/\/hurricaneaerospace.com\/pt-br\/#organization","name":"Hurricane Aerospace Solutions","url":"https:\/\/hurricaneaerospace.com\/pt-br\/","logo":{"@type":"ImageObject","inLanguage":"pt-BR","@id":"https:\/\/hurricaneaerospace.com\/pt-br\/#\/schema\/logo\/image\/","url":"https:\/\/hurricaneaerospace.com\/wp-content\/uploads\/2019\/03\/Hurricane-Website-Logo-Retina-2019.png","contentUrl":"https:\/\/hurricaneaerospace.com\/wp-content\/uploads\/2019\/03\/Hurricane-Website-Logo-Retina-2019.png","width":800,"height":482,"caption":"Hurricane Aerospace Solutions"},"image":{"@id":"https:\/\/hurricaneaerospace.com\/pt-br\/#\/schema\/logo\/image\/"},"sameAs":["https:\/\/www.facebook.com\/HurricaneAerospaceSolutions\/","https:\/\/x.com\/hurricaneaero","https:\/\/www.instagram.com\/hurricaneaerospacesolutions\/","http:\/\/www.linkedin.com\/company\/hurricaneaerospacesolutions\/"]}]}},"_links":{"self":[{"href":"https:\/\/hurricaneaerospace.com\/pt-br\/wp-json\/wp\/v2\/pages\/6463","targetHints":{"allow":["GET"]}}],"collection":[{"href":"https:\/\/hurricaneaerospace.com\/pt-br\/wp-json\/wp\/v2\/pages"}],"about":[{"href":"https:\/\/hurricaneaerospace.com\/pt-br\/wp-json\/wp\/v2\/types\/page"}],"author":[{"embeddable":true,"href":"https:\/\/hurricaneaerospace.com\/pt-br\/wp-json\/wp\/v2\/users\/4"}],"replies":[{"embeddable":true,"href":"https:\/\/hurricaneaerospace.com\/pt-br\/wp-json\/wp\/v2\/comments?post=6463"}],"version-history":[{"count":9,"href":"https:\/\/hurricaneaerospace.com\/pt-br\/wp-json\/wp\/v2\/pages\/6463\/revisions"}],"predecessor-version":[{"id":8123,"href":"https:\/\/hurricaneaerospace.com\/pt-br\/wp-json\/wp\/v2\/pages\/6463\/revisions\/8123"}],"wp:attachment":[{"href":"https:\/\/hurricaneaerospace.com\/pt-br\/wp-json\/wp\/v2\/media?parent=6463"}],"curies":[{"name":"wp","href":"https:\/\/api.w.org\/{rel}","templated":true}]}}