{"id":6504,"date":"2020-08-19T20:38:30","date_gmt":"2020-08-19T20:38:30","guid":{"rendered":"https:\/\/hurricaneaerospace.com\/links-uteis\/"},"modified":"2020-12-04T03:39:34","modified_gmt":"2020-12-04T03:39:34","slug":"links-uteis","status":"publish","type":"page","link":"https:\/\/hurricaneaerospace.com\/pt-br\/links-uteis\/","title":{"rendered":"Links \u00fateis"},"content":{"rendered":"<p>&nbsp;<\/p>\n\n\t<section class=\"section dark\" id=\"section_445254456\">\n\t\t<div class=\"section-bg fill\" >\n\t\t\t<img loading=\"lazy\" decoding=\"async\" width=\"1243\" height=\"302\" src=\"https:\/\/hurricaneaerospace.com\/wp-content\/uploads\/2019\/03\/hurricane-aerospace-blueprint-header-image.jpg\" class=\"bg attachment- size-\" alt=\"\" \/>\t\t\t\t\t\t<div class=\"section-bg-overlay absolute fill\"><\/div>\n\t\t\t\n\n\t\t<\/div>\n\n\t\t\n\n\t\t<div class=\"section-content relative\">\n\t\t\t\n<div class=\"container section-title-container\" style=\"margin-top:0px;margin-bottom:0px;\"><h2 class=\"section-title section-title-center\"><b aria-hidden=\"true\"><\/b><span class=\"section-title-main\" >Links \u00fateis<\/span><b aria-hidden=\"true\"><\/b><\/h2><\/div>\n\t\t<\/div>\n\n\t\t\n<style>\n#section_445254456 {\n  padding-top: 60px;\n  padding-bottom: 60px;\n}\n#section_445254456 .section-bg-overlay {\n  background-color: rgba(27, 64, 128, 0.48);\n}\n<\/style>\n\t<\/section>\n\t\n\n\t<section class=\"section\" id=\"section_67533425\">\n\t\t<div class=\"section-bg fill\" >\n\t\t\t\t\t\t\t\t\t\n\t\t\t\n\n\t\t<\/div>\n\n\t\t\n\n\t\t<div class=\"section-content relative\">\n\t\t\t\n<div class=\"row align-middle\"  id=\"row-1488742374\">\n\n\t<div id=\"col-1559028916\" class=\"col medium-2 small-12 large-2\"  >\n\t\t\t\t<div class=\"col-inner\"  >\n\t\t\t\n\t\t\t\n\t<div class=\"img has-hover x md-x lg-x y md-y lg-y\" id=\"image_164165991\">\n\t\t\t\t\t\t\t\t<div class=\"img-inner dark\" >\n\t\t\t<img loading=\"lazy\" decoding=\"async\" width=\"97\" height=\"97\" src=\"https:\/\/hurricaneaerospace.com\/wp-content\/uploads\/2019\/03\/ddtc_public_seal.png\" class=\"attachment-large size-large\" alt=\"Department of State Public Seal\" \/>\t\t\t\t\t\t\n\t\t\t\t\t<\/div>\n\t\t\t\t\t\t\t\t\n<style>\n#image_164165991 {\n  width: 100%;\n}\n<\/style>\n\t<\/div>\n\t\n\t\t<\/div>\n\t\t\t\t\t<\/div>\n\n\t\n\n\t<div id=\"col-1269971278\" class=\"col medium-10 small-12 large-10\"  >\n\t\t\t\t<div class=\"col-inner\"  >\n\t\t\t\n\t\t\t\n<h3><strong>Diret\u00f3rio de Estado dos EUA de Controles Comerciais de Defesa<\/strong><\/h3>\n<p>Utilize este link como um recurso para come\u00e7ar com o DDTC e garantir o cumprimento de todos os seus requisitos de exporta\u00e7\u00e3o.<\/p>\n<a href=\"https:\/\/www.pmddtc.state.gov\/\" target=\"_blank\" class=\"button primary\" rel=\"noopener\" >\n\t\t<span>Visite o site<\/span>\n\t<i class=\"icon-angle-right\" aria-hidden=\"true\"><\/i><\/a>\n\n\t\t<\/div>\n\t\t\t\t\t<\/div>\n\n\t\n<\/div>\n<div class=\"is-divider divider clearfix\" style=\"max-width:100%;height:1px;\"><\/div>\n<div class=\"row align-middle\"  id=\"row-1271654127\">\n\n\t<div id=\"col-1035992710\" class=\"col medium-2 small-12 large-2\"  >\n\t\t\t\t<div class=\"col-inner\"  >\n\t\t\t\n\t\t\t\n\t<div class=\"img has-hover x md-x lg-x y md-y lg-y\" id=\"image_756354716\">\n\t\t\t\t\t\t\t\t<div class=\"img-inner dark\" >\n\t\t\t<img loading=\"lazy\" decoding=\"async\" width=\"446\" height=\"297\" src=\"https:\/\/hurricaneaerospace.com\/wp-content\/uploads\/2019\/03\/logo-ASA.png\" class=\"attachment-large size-large\" alt=\"ASA Logo\" srcset=\"https:\/\/hurricaneaerospace.com\/wp-content\/uploads\/2019\/03\/logo-ASA.png 446w, https:\/\/hurricaneaerospace.com\/wp-content\/uploads\/2019\/03\/logo-ASA-300x200.png 300w\" sizes=\"auto, (max-width: 446px) 100vw, 446px\" \/>\t\t\t\t\t\t\n\t\t\t\t\t<\/div>\n\t\t\t\t\t\t\t\t\n<style>\n#image_756354716 {\n  width: 100%;\n}\n<\/style>\n\t<\/div>\n\t\n\t\t<\/div>\n\t\t\t\t\t<\/div>\n\n\t\n\n\t<div id=\"col-1718589967\" class=\"col medium-10 small-12 large-10\"  >\n\t\t\t\t<div class=\"col-inner\"  >\n\t\t\t\n\t\t\t\n<h3>Fornecedores de Avia\u00e7\u00e3o<\/h3>\n<p>A ASA promove orgulhosamente a seguran\u00e7a, a conformidade regulat\u00f3ria e as pr\u00e1ticas \u00e9ticas de neg\u00f3cios entre os fornecedores de pe\u00e7as de avia\u00e7\u00e3o e toda a comunidade de avia\u00e7\u00e3o.<\/p>\n<a href=\"http:\/\/www.aviationsuppliers.org\/\" target=\"_blank\" class=\"button primary\" rel=\"noopener\" >\n\t\t<span>Visite o site<\/span>\n\t<i class=\"icon-angle-right\" aria-hidden=\"true\"><\/i><\/a>\n\n\t\t<\/div>\n\t\t\t\t\t<\/div>\n\n\t\n<\/div>\n<div class=\"is-divider divider clearfix\" style=\"max-width:100%;height:1px;\"><\/div>\n<div class=\"row align-middle\"  id=\"row-1282402649\">\n\n\t<div id=\"col-1519306663\" class=\"col medium-2 small-12 large-2\"  >\n\t\t\t\t<div class=\"col-inner\"  >\n\t\t\t\n\t\t\t\n\t<div class=\"img has-hover x md-x lg-x y md-y lg-y\" id=\"image_689067057\">\n\t\t\t\t\t\t\t\t<div class=\"img-inner dark\" >\n\t\t\t<img loading=\"lazy\" decoding=\"async\" width=\"150\" height=\"91\" src=\"https:\/\/hurricaneaerospace.com\/wp-content\/uploads\/2019\/03\/ERAI_Logo.png\" class=\"attachment-large size-large\" alt=\"ERAI Logo\" \/>\t\t\t\t\t\t\n\t\t\t\t\t<\/div>\n\t\t\t\t\t\t\t\t\n<style>\n#image_689067057 {\n  width: 100%;\n}\n<\/style>\n\t<\/div>\n\t\n\t\t<\/div>\n\t\t\t\t\t<\/div>\n\n\t\n\n\t<div id=\"col-656316431\" class=\"col medium-10 small-12 large-10\"  >\n\t\t\t\t<div class=\"col-inner\"  >\n\t\t\t\n\t\t\t\n<h3><strong>ERAI, Inc.<\/strong><\/h3>\n<p>A ERAI, Inc. \u00e9 uma organiza\u00e7\u00e3o global de servi\u00e7os de informa\u00e7\u00e3o de propriedade privada que monitora, investiga e reporta problemas que afetam a cadeia global de fornecimento de eletr\u00f4nicos. Desde 1995, as ferramentas e servi\u00e7os ERAI t\u00eam auxiliado compradores e vendedores de todos os setores da cadeia de suprimentos na preven\u00e7\u00e3o de perdas, mitigando o risco no processo de compra de materiais. Nosso servi\u00e7o exclusivo permite que as empresas realizem mitiga\u00e7\u00e3o espec\u00edfica de riscos do setor em pe\u00e7as suspeitas falsificadas, de alto risco e n\u00e3o conformes, bem como fornecedores e clientes problem\u00e1ticos.<\/p>\n<a href=\"http:\/\/www.erai.com\/\" target=\"_blank\" class=\"button primary\" rel=\"noopener\" >\n\t\t<span>Visite o site<\/span>\n\t<i class=\"icon-angle-right\" aria-hidden=\"true\"><\/i><\/a>\n\n\t\t<\/div>\n\t\t\t\t\t<\/div>\n\n\t\n<\/div>\n<div class=\"is-divider divider clearfix\" style=\"max-width:100%;height:1px;\"><\/div>\n<div class=\"row align-middle\"  id=\"row-113569678\">\n\n\t<div id=\"col-736201249\" class=\"col medium-2 small-12 large-2\"  >\n\t\t\t\t<div class=\"col-inner\"  >\n\t\t\t\n\t\t\t\n\t<div class=\"img has-hover x md-x lg-x y md-y lg-y\" id=\"image_1725334405\">\n\t\t\t\t\t\t\t\t<div class=\"img-inner dark\" >\n\t\t\t<img loading=\"lazy\" decoding=\"async\" width=\"800\" height=\"203\" src=\"https:\/\/hurricaneaerospace.com\/wp-content\/uploads\/2019\/03\/EPTAC-Logo-color.png\" class=\"attachment-large size-large\" alt=\"EPTAC Logo\" srcset=\"https:\/\/hurricaneaerospace.com\/wp-content\/uploads\/2019\/03\/EPTAC-Logo-color.png 800w, https:\/\/hurricaneaerospace.com\/wp-content\/uploads\/2019\/03\/EPTAC-Logo-color-300x76.png 300w, https:\/\/hurricaneaerospace.com\/wp-content\/uploads\/2019\/03\/EPTAC-Logo-color-768x195.png 768w, https:\/\/hurricaneaerospace.com\/wp-content\/uploads\/2019\/03\/EPTAC-Logo-color-600x152.png 600w\" sizes=\"auto, (max-width: 800px) 100vw, 800px\" \/>\t\t\t\t\t\t\n\t\t\t\t\t<\/div>\n\t\t\t\t\t\t\t\t\n<style>\n#image_1725334405 {\n  width: 100%;\n}\n<\/style>\n\t<\/div>\n\t\n\t\t<\/div>\n\t\t\t\t\t<\/div>\n\n\t\n\n\t<div id=\"col-851498402\" class=\"col medium-10 small-12 large-10\"  >\n\t\t\t\t<div class=\"col-inner\"  >\n\t\t\t\n\t\t\t\n<h3><strong>EPTAC<\/strong><\/h3>\n<p>A EPTAC \u00e9 uma empresa de certifica\u00e7\u00e3o de solda reconhecida internacionalmente e certifica\u00e7\u00e3o IPC, dando aos profissionais as habilidades para acelerar suas carreiras. H\u00e1 mais de 25 anos, a EPTAC vem ajudando as corpora\u00e7\u00f5es a aumentar os padr\u00f5es de qualidade, melhorar a produtividade e maximizar os lucros.<\/p>\n<a href=\"http:\/\/www.eptac.com\/\" target=\"_blank\" class=\"button primary\" rel=\"noopener\" >\n\t\t<span>Visite o site<\/span>\n\t<i class=\"icon-angle-right\" aria-hidden=\"true\"><\/i><\/a>\n\n\t\t<\/div>\n\t\t\t\t\t<\/div>\n\n\t\n<\/div>\n<div class=\"is-divider divider clearfix\" style=\"max-width:100%;height:1px;\"><\/div>\n<div class=\"row align-middle\"  id=\"row-1709372311\">\n\n\t<div id=\"col-546868892\" class=\"col medium-2 small-12 large-2\"  >\n\t\t\t\t<div class=\"col-inner\"  >\n\t\t\t\n\t\t\t\n\t<div class=\"img has-hover x md-x lg-x y md-y lg-y\" id=\"image_840902312\">\n\t\t\t\t\t\t\t\t<div class=\"img-inner dark\" >\n\t\t\t<img loading=\"lazy\" decoding=\"async\" width=\"168\" height=\"63\" src=\"https:\/\/hurricaneaerospace.com\/wp-content\/uploads\/2019\/03\/logo_transparent.png\" class=\"attachment-large size-large\" alt=\"\" \/>\t\t\t\t\t\t\n\t\t\t\t\t<\/div>\n\t\t\t\t\t\t\t\t\n<style>\n#image_840902312 {\n  width: 100%;\n}\n<\/style>\n\t<\/div>\n\t\n\t\t<\/div>\n\t\t\t\t\t<\/div>\n\n\t\n\n\t<div id=\"col-611063097\" class=\"col medium-10 small-12 large-10\"  >\n\t\t\t\t<div class=\"col-inner\"  >\n\t\t\t\n\t\t\t\n<h3><strong>O Sistema de Gest\u00e3o de Pr\u00eamios<\/strong><\/h3>\n<p>O System for Award Management (SAM) \u00e9 o sistema oficial do governo dos EUA que consolidou as capacidades da CCR\/FedReg, ORCA e EPLS.<\/p>\n<a href=\"https:\/\/www.sam.gov\/SAM\/\" target=\"_blank\" class=\"button primary\" rel=\"noopener\" >\n\t\t<span>Visite o site<\/span>\n\t<i class=\"icon-angle-right\" aria-hidden=\"true\"><\/i><\/a>\n\n\t\t<\/div>\n\t\t\t\t\t<\/div>\n\n\t\n<\/div>\n<div class=\"is-divider divider clearfix\" style=\"max-width:100%;height:1px;\"><\/div>\n<div class=\"row align-middle\"  id=\"row-328998988\">\n\n\t<div id=\"col-1062560273\" class=\"col medium-2 small-12 large-2\"  >\n\t\t\t\t<div class=\"col-inner text-center\"  >\n\t\t\t\n\t\t\t\n\t<div class=\"img has-hover x md-x lg-x y md-y lg-y\" id=\"image_1301795834\">\n\t\t\t\t\t\t\t\t<div class=\"img-inner dark\" >\n\t\t\t<img loading=\"lazy\" decoding=\"async\" width=\"64\" height=\"80\" src=\"https:\/\/hurricaneaerospace.com\/wp-content\/uploads\/2019\/03\/DLA-logo-w-blueback-Web.png\" class=\"attachment-large size-large\" alt=\"Defense Logistics Agency Logo\" \/>\t\t\t\t\t\t\n\t\t\t\t\t<\/div>\n\t\t\t\t\t\t\t\t\n<style>\n#image_1301795834 {\n  width: 66%;\n}\n<\/style>\n\t<\/div>\n\t\n\t\t<\/div>\n\t\t\t\t\t<\/div>\n\n\t\n\n\t<div id=\"col-209333979\" class=\"col medium-10 small-12 large-10\"  >\n\t\t\t\t<div class=\"col-inner\"  >\n\t\t\t\n\t\t\t\n<h3><strong>Ag\u00eancia de Log\u00edstica de Defesa<\/strong><\/h3>\n<p>A certifica\u00e7\u00e3o JCP estabelece a elegibilidade de um empreiteiro americano ou canadense para receber dados t\u00e9cnicos regidos nos EUA, pela <a href=\"http:\/\/jitc.fhu.disa.mil\/jitc_dri\/pdfs\/d523025p.pdf\">Diretiva 5230.25 do Departamento de Defesa (DOD)<\/a> e, no Canad\u00e1, pelo <a href=\"http:\/\/laws-lois.justice.gc.ca\/eng\/regulations\/SOR-86-345\/\">Technical Data Control Regulations<\/a> (TDCR). A certifica\u00e7\u00e3o \u00e9 necess\u00e1ria para os estados unidos (EUA) ou empreiteiros canadenses que desejam obter acesso a dados t\u00e9cnicos n\u00e3o classificados que divulguem tecnologia militarmente cr\u00edtica com aplica\u00e7\u00e3o militar ou espacial que esteja sob o controle ou na posse do Departamento de Defesa dos EUA (DOD) ou do Departamento de Defesa Nacional canadense (DND).<\/p>\n<\/p>\n<a href=\"https:\/\/www.dla.mil\/HQ\/InformationOperations\/LogisticsInformationServices.aspx\" target=\"_blank\" class=\"button primary\" rel=\"noopener\" >\n\t\t<span>Visite o site<\/span>\n\t<i class=\"icon-angle-right\" aria-hidden=\"true\"><\/i><\/a>\n\n\t\t<\/div>\n\t\t\t\t\t<\/div>\n\n\t\n<\/div>\n<div class=\"is-divider divider clearfix\" style=\"max-width:100%;height:1px;\"><\/div>\n<div class=\"row align-middle\"  id=\"row-1438368595\">\n\n\t<div id=\"col-2066485642\" class=\"col medium-2 small-12 large-2\"  >\n\t\t\t\t<div class=\"col-inner text-center\"  >\n\t\t\t\n\t\t\t\n\t<div class=\"img has-hover x md-x lg-x y md-y lg-y\" id=\"image_546052651\">\n\t\t\t\t\t\t\t\t<div class=\"img-inner dark\" >\n\t\t\t\t\t\t\t\t\t\n\t\t\t\t\t<\/div>\n\t\t\t\t\t\t\t\t\n<style>\n#image_546052651 {\n  width: 100%;\n}\n<\/style>\n\t<\/div>\n\t\n\t\t<\/div>\n\t\t\t\t\t<\/div>\n\n\t\n\n\t<div id=\"col-625844095\" class=\"col medium-10 small-12 large-10\"  >\n\t\t\t\t<div class=\"col-inner\"  >\n\t\t\t\n\t\t\t\n<h3><strong>ISOQAR<\/strong><\/h3>\n<p>ISOQAR \u00e9 um \u00f3rg\u00e3o de certifica\u00e7\u00e3o credenciado. Isso significa que o ISOQAR \u00e9 credenciado a auditar organiza\u00e7\u00f5es contra uma variedade de padr\u00f5es de qualidade, ambientais e outros padr\u00f5es de gest\u00e3o.<\/p>\n<a href=\"http:\/\/www.isoqarinc.com\/\" target=\"_blank\" class=\"button primary\" rel=\"noopener\" >\n\t\t<span>Visite o site<\/span>\n\t<i class=\"icon-angle-right\" aria-hidden=\"true\"><\/i><\/a>\n\n\t\t<\/div>\n\t\t\t\t\t<\/div>\n\n\t\n<\/div>\n<div class=\"is-divider divider clearfix\" style=\"max-width:100%;height:1px;\"><\/div>\n<div class=\"row align-middle\"  id=\"row-552686687\">\n\n\t<div id=\"col-606060267\" class=\"col medium-2 small-12 large-2\"  >\n\t\t\t\t<div class=\"col-inner text-center\"  >\n\t\t\t\n\t\t\t\n\t<div class=\"img has-hover x md-x lg-x y md-y lg-y\" id=\"image_1676934416\">\n\t\t\t\t\t\t\t\t<div class=\"img-inner dark\" >\n\t\t\t<img loading=\"lazy\" decoding=\"async\" width=\"244\" height=\"144\" src=\"https:\/\/hurricaneaerospace.com\/wp-content\/uploads\/2019\/03\/iaqg_logo.gif\" class=\"attachment-large size-large\" alt=\"International Aerospace Quality Group Logo\" \/>\t\t\t\t\t\t\n\t\t\t\t\t<\/div>\n\t\t\t\t\t\t\t\t\n<style>\n#image_1676934416 {\n  width: 100%;\n}\n<\/style>\n\t<\/div>\n\t\n\t\t<\/div>\n\t\t\t\t\t<\/div>\n\n\t\n\n\t<div id=\"col-1038200670\" class=\"col medium-10 small-12 large-10\"  >\n\t\t\t\t<div class=\"col-inner\"  >\n\t\t\t\n\t\t\t\n<h3><strong>IAQG<\/strong><\/h3>\n<p>O IAQG \u00e9 uma organiza\u00e7\u00e3o global cooperativa que re\u00fane empresas de avia\u00e7\u00e3o, espa\u00e7o e defesa para oferecer mais valor em todos os n\u00edveis da cadeia de suprimentos.<\/p>\n<a href=\"http:\/\/www.sae.org\/iaqg\/\" target=\"_blank\" class=\"button primary\" rel=\"noopener\" >\n\t\t<span>Visite o site<\/span>\n\t<i class=\"icon-angle-right\" aria-hidden=\"true\"><\/i><\/a>\n\n\t\t<\/div>\n\t\t\t\t\t<\/div>\n\n\t\n<\/div>\n<div class=\"is-divider divider clearfix\" style=\"max-width:100%;height:1px;\"><\/div>\n<div class=\"row align-middle\"  id=\"row-1748334212\">\n\n\t<div id=\"col-1248061180\" class=\"col medium-2 small-12 large-2\"  >\n\t\t\t\t<div class=\"col-inner text-center\"  >\n\t\t\t\n\t\t\t\n\t<div class=\"img has-hover x md-x lg-x y md-y lg-y\" id=\"image_680619206\">\n\t\t\t\t\t\t\t\t<div class=\"img-inner dark\" >\n\t\t\t<img loading=\"lazy\" decoding=\"async\" width=\"1020\" height=\"253\" src=\"https:\/\/hurricaneaerospace.com\/wp-content\/uploads\/2019\/03\/Boeing-Logo.svg-1024x254-1024x254.png\" class=\"attachment-large size-large\" alt=\"Boeing logo SVG\" srcset=\"https:\/\/hurricaneaerospace.com\/wp-content\/uploads\/2019\/03\/Boeing-Logo.svg-1024x254.png 1024w, https:\/\/hurricaneaerospace.com\/wp-content\/uploads\/2019\/03\/Boeing-Logo.svg-1024x254-300x74.png 300w, https:\/\/hurricaneaerospace.com\/wp-content\/uploads\/2019\/03\/Boeing-Logo.svg-1024x254-768x191.png 768w, https:\/\/hurricaneaerospace.com\/wp-content\/uploads\/2019\/03\/Boeing-Logo.svg-1024x254-600x149.png 600w\" sizes=\"auto, (max-width: 1020px) 100vw, 1020px\" \/>\t\t\t\t\t\t\n\t\t\t\t\t<\/div>\n\t\t\t\t\t\t\t\t\n<style>\n#image_680619206 {\n  width: 100%;\n}\n<\/style>\n\t<\/div>\n\t\n\t\t<\/div>\n\t\t\t\t\t<\/div>\n\n\t\n\n\t<div id=\"col-1994805902\" class=\"col medium-10 small-12 large-10\"  >\n\t\t\t\t<div class=\"col-inner\"  >\n\t\t\t\n\t\t\t\n<h3><strong>O Pr\u00eamio de Excel\u00eancia em Desempenho da Boeing<\/strong><\/h3>\n<p>O Boeing Performance Excellence Award \u00e9 um programa anual para reconhecer o desempenho superior medido no BEST. A Boeing geralmente anuncia os benefici\u00e1rios do BPEA a cada janeiro. O programa BPEA substituiu o programa de certifica\u00e7\u00e3o de fornecedores preferenciais da Boeing.<\/p>\n<p>\n<a href=\"http:\/\/www.boeingsuppliers.com\/awards.html\" target=\"_blank\" class=\"button primary\" rel=\"noopener\" >\n\t\t<span>Visite o site<\/span>\n\t<i class=\"icon-angle-right\" aria-hidden=\"true\"><\/i><\/a>\n\n\t\t<\/div>\n\t\t\t\t\t<\/div>\n\n\t\n<\/div>\n\t\t<\/div>\n\n\t\t\n<style>\n#section_67533425 {\n  padding-top: 30px;\n  padding-bottom: 30px;\n}\n<\/style>\n\t<\/section>\n\t\n<\/p>\n<p>&nbsp;<\/p>\n","protected":false},"excerpt":{"rendered":"<p>&nbsp; &nbsp;<\/p>\n","protected":false},"author":4,"featured_media":0,"parent":0,"menu_order":0,"comment_status":"closed","ping_status":"closed","template":"page-blank.php","meta":{"nf_dc_page":"","_monsterinsights_skip_tracking":false,"_monsterinsights_sitenote_active":false,"_monsterinsights_sitenote_note":"","_monsterinsights_sitenote_category":0,"footnotes":""},"class_list":["post-6504","page","type-page","status-publish","hentry"],"yoast_head":"<!-- This site is optimized with the Yoast SEO plugin v27.4 - https:\/\/yoast.com\/product\/yoast-seo-wordpress\/ -->\n<title>Links \u00fateis %%%%Furac\u00e3o Aeroespacial - Furac\u00e3o Aeroespacial<\/title>\n<meta name=\"robots\" content=\"index, follow, max-snippet:-1, max-image-preview:large, max-video-preview:-1\" \/>\n<link rel=\"canonical\" href=\"https:\/\/hurricaneaerospace.com\/pt-br\/links-uteis\/\" \/>\n<meta property=\"og:locale\" content=\"pt_BR\" \/>\n<meta property=\"og:type\" content=\"article\" \/>\n<meta property=\"og:title\" content=\"Links \u00fateis %%%%Furac\u00e3o Aeroespacial - Furac\u00e3o Aeroespacial\" \/>\n<meta property=\"og:description\" content=\"&nbsp; &nbsp;\" \/>\n<meta property=\"og:url\" content=\"https:\/\/hurricaneaerospace.com\/pt-br\/links-uteis\/\" \/>\n<meta property=\"og:site_name\" content=\"Furac\u00e3o Aeroespacial\" \/>\n<meta property=\"article:publisher\" content=\"https:\/\/www.facebook.com\/HurricaneAerospaceSolutions\/\" \/>\n<meta property=\"article:modified_time\" content=\"2020-12-04T03:39:34+00:00\" \/>\n<meta name=\"twitter:card\" content=\"summary_large_image\" \/>\n<meta name=\"twitter:site\" content=\"@hurricaneaero\" \/>\n<meta name=\"twitter:label1\" content=\"Est. tempo de leitura\" \/>\n\t<meta name=\"twitter:data1\" content=\"4 minutos\" \/>\n<script type=\"application\/ld+json\" class=\"yoast-schema-graph\">{\"@context\":\"https:\\\/\\\/schema.org\",\"@graph\":[{\"@type\":\"WebPage\",\"@id\":\"https:\\\/\\\/hurricaneaerospace.com\\\/pt-br\\\/links-uteis\\\/\",\"url\":\"https:\\\/\\\/hurricaneaerospace.com\\\/pt-br\\\/links-uteis\\\/\",\"name\":\"Links \u00fateis %%%%Furac\u00e3o Aeroespacial - Furac\u00e3o Aeroespacial\",\"isPartOf\":{\"@id\":\"https:\\\/\\\/hurricaneaerospace.com\\\/pt-br\\\/#website\"},\"datePublished\":\"2020-08-19T20:38:30+00:00\",\"dateModified\":\"2020-12-04T03:39:34+00:00\",\"breadcrumb\":{\"@id\":\"https:\\\/\\\/hurricaneaerospace.com\\\/pt-br\\\/links-uteis\\\/#breadcrumb\"},\"inLanguage\":\"pt-BR\",\"potentialAction\":[{\"@type\":\"ReadAction\",\"target\":[\"https:\\\/\\\/hurricaneaerospace.com\\\/pt-br\\\/links-uteis\\\/\"]}]},{\"@type\":\"BreadcrumbList\",\"@id\":\"https:\\\/\\\/hurricaneaerospace.com\\\/pt-br\\\/links-uteis\\\/#breadcrumb\",\"itemListElement\":[{\"@type\":\"ListItem\",\"position\":1,\"name\":\"Casa\",\"item\":\"https:\\\/\\\/hurricaneaerospace.com\\\/pt-br\\\/\"},{\"@type\":\"ListItem\",\"position\":2,\"name\":\"Links \u00fateis\"}]},{\"@type\":\"WebSite\",\"@id\":\"https:\\\/\\\/hurricaneaerospace.com\\\/pt-br\\\/#website\",\"url\":\"https:\\\/\\\/hurricaneaerospace.com\\\/pt-br\\\/\",\"name\":\"Furac\u00e3o Aeroespacial\",\"description\":\"Mais de 25 anos de experi\u00eancia\",\"publisher\":{\"@id\":\"https:\\\/\\\/hurricaneaerospace.com\\\/pt-br\\\/#organization\"},\"potentialAction\":[{\"@type\":\"SearchAction\",\"target\":{\"@type\":\"EntryPoint\",\"urlTemplate\":\"https:\\\/\\\/hurricaneaerospace.com\\\/pt-br\\\/?s={search_term_string}\"},\"query-input\":{\"@type\":\"PropertyValueSpecification\",\"valueRequired\":true,\"valueName\":\"search_term_string\"}}],\"inLanguage\":\"pt-BR\"},{\"@type\":\"Organization\",\"@id\":\"https:\\\/\\\/hurricaneaerospace.com\\\/pt-br\\\/#organization\",\"name\":\"Hurricane Aerospace Solutions\",\"url\":\"https:\\\/\\\/hurricaneaerospace.com\\\/pt-br\\\/\",\"logo\":{\"@type\":\"ImageObject\",\"inLanguage\":\"pt-BR\",\"@id\":\"https:\\\/\\\/hurricaneaerospace.com\\\/pt-br\\\/#\\\/schema\\\/logo\\\/image\\\/\",\"url\":\"https:\\\/\\\/hurricaneaerospace.com\\\/wp-content\\\/uploads\\\/2019\\\/03\\\/Hurricane-Website-Logo-Retina-2019.png\",\"contentUrl\":\"https:\\\/\\\/hurricaneaerospace.com\\\/wp-content\\\/uploads\\\/2019\\\/03\\\/Hurricane-Website-Logo-Retina-2019.png\",\"width\":800,\"height\":482,\"caption\":\"Hurricane Aerospace Solutions\"},\"image\":{\"@id\":\"https:\\\/\\\/hurricaneaerospace.com\\\/pt-br\\\/#\\\/schema\\\/logo\\\/image\\\/\"},\"sameAs\":[\"https:\\\/\\\/www.facebook.com\\\/HurricaneAerospaceSolutions\\\/\",\"https:\\\/\\\/x.com\\\/hurricaneaero\",\"https:\\\/\\\/www.instagram.com\\\/hurricaneaerospacesolutions\\\/\",\"http:\\\/\\\/www.linkedin.com\\\/company\\\/hurricaneaerospacesolutions\\\/\"]}]}<\/script>\n<!-- \/ Yoast SEO plugin. -->","yoast_head_json":{"title":"Links \u00fateis %%%%Furac\u00e3o Aeroespacial - Furac\u00e3o Aeroespacial","robots":{"index":"index","follow":"follow","max-snippet":"max-snippet:-1","max-image-preview":"max-image-preview:large","max-video-preview":"max-video-preview:-1"},"canonical":"https:\/\/hurricaneaerospace.com\/pt-br\/links-uteis\/","og_locale":"pt_BR","og_type":"article","og_title":"Links \u00fateis %%%%Furac\u00e3o Aeroespacial - Furac\u00e3o Aeroespacial","og_description":"&nbsp; &nbsp;","og_url":"https:\/\/hurricaneaerospace.com\/pt-br\/links-uteis\/","og_site_name":"Furac\u00e3o Aeroespacial","article_publisher":"https:\/\/www.facebook.com\/HurricaneAerospaceSolutions\/","article_modified_time":"2020-12-04T03:39:34+00:00","twitter_card":"summary_large_image","twitter_site":"@hurricaneaero","twitter_misc":{"Est. tempo de leitura":"4 minutos"},"schema":{"@context":"https:\/\/schema.org","@graph":[{"@type":"WebPage","@id":"https:\/\/hurricaneaerospace.com\/pt-br\/links-uteis\/","url":"https:\/\/hurricaneaerospace.com\/pt-br\/links-uteis\/","name":"Links \u00fateis %%%%Furac\u00e3o Aeroespacial - Furac\u00e3o Aeroespacial","isPartOf":{"@id":"https:\/\/hurricaneaerospace.com\/pt-br\/#website"},"datePublished":"2020-08-19T20:38:30+00:00","dateModified":"2020-12-04T03:39:34+00:00","breadcrumb":{"@id":"https:\/\/hurricaneaerospace.com\/pt-br\/links-uteis\/#breadcrumb"},"inLanguage":"pt-BR","potentialAction":[{"@type":"ReadAction","target":["https:\/\/hurricaneaerospace.com\/pt-br\/links-uteis\/"]}]},{"@type":"BreadcrumbList","@id":"https:\/\/hurricaneaerospace.com\/pt-br\/links-uteis\/#breadcrumb","itemListElement":[{"@type":"ListItem","position":1,"name":"Casa","item":"https:\/\/hurricaneaerospace.com\/pt-br\/"},{"@type":"ListItem","position":2,"name":"Links \u00fateis"}]},{"@type":"WebSite","@id":"https:\/\/hurricaneaerospace.com\/pt-br\/#website","url":"https:\/\/hurricaneaerospace.com\/pt-br\/","name":"Furac\u00e3o Aeroespacial","description":"Mais de 25 anos de experi\u00eancia","publisher":{"@id":"https:\/\/hurricaneaerospace.com\/pt-br\/#organization"},"potentialAction":[{"@type":"SearchAction","target":{"@type":"EntryPoint","urlTemplate":"https:\/\/hurricaneaerospace.com\/pt-br\/?s={search_term_string}"},"query-input":{"@type":"PropertyValueSpecification","valueRequired":true,"valueName":"search_term_string"}}],"inLanguage":"pt-BR"},{"@type":"Organization","@id":"https:\/\/hurricaneaerospace.com\/pt-br\/#organization","name":"Hurricane Aerospace Solutions","url":"https:\/\/hurricaneaerospace.com\/pt-br\/","logo":{"@type":"ImageObject","inLanguage":"pt-BR","@id":"https:\/\/hurricaneaerospace.com\/pt-br\/#\/schema\/logo\/image\/","url":"https:\/\/hurricaneaerospace.com\/wp-content\/uploads\/2019\/03\/Hurricane-Website-Logo-Retina-2019.png","contentUrl":"https:\/\/hurricaneaerospace.com\/wp-content\/uploads\/2019\/03\/Hurricane-Website-Logo-Retina-2019.png","width":800,"height":482,"caption":"Hurricane Aerospace Solutions"},"image":{"@id":"https:\/\/hurricaneaerospace.com\/pt-br\/#\/schema\/logo\/image\/"},"sameAs":["https:\/\/www.facebook.com\/HurricaneAerospaceSolutions\/","https:\/\/x.com\/hurricaneaero","https:\/\/www.instagram.com\/hurricaneaerospacesolutions\/","http:\/\/www.linkedin.com\/company\/hurricaneaerospacesolutions\/"]}]}},"_links":{"self":[{"href":"https:\/\/hurricaneaerospace.com\/pt-br\/wp-json\/wp\/v2\/pages\/6504","targetHints":{"allow":["GET"]}}],"collection":[{"href":"https:\/\/hurricaneaerospace.com\/pt-br\/wp-json\/wp\/v2\/pages"}],"about":[{"href":"https:\/\/hurricaneaerospace.com\/pt-br\/wp-json\/wp\/v2\/types\/page"}],"author":[{"embeddable":true,"href":"https:\/\/hurricaneaerospace.com\/pt-br\/wp-json\/wp\/v2\/users\/4"}],"replies":[{"embeddable":true,"href":"https:\/\/hurricaneaerospace.com\/pt-br\/wp-json\/wp\/v2\/comments?post=6504"}],"version-history":[{"count":1,"href":"https:\/\/hurricaneaerospace.com\/pt-br\/wp-json\/wp\/v2\/pages\/6504\/revisions"}],"predecessor-version":[{"id":6518,"href":"https:\/\/hurricaneaerospace.com\/pt-br\/wp-json\/wp\/v2\/pages\/6504\/revisions\/6518"}],"wp:attachment":[{"href":"https:\/\/hurricaneaerospace.com\/pt-br\/wp-json\/wp\/v2\/media?parent=6504"}],"curies":[{"name":"wp","href":"https:\/\/api.w.org\/{rel}","templated":true}]}}