{"id":6587,"date":"2020-08-19T20:42:21","date_gmt":"2020-08-19T20:42:21","guid":{"rendered":"https:\/\/hurricaneaerospace.com\/politica-de-evasao-de-produtos-falsificados\/"},"modified":"2020-12-04T04:29:56","modified_gmt":"2020-12-04T04:29:56","slug":"politica-de-evasao-de-produtos-falsificados","status":"publish","type":"page","link":"https:\/\/hurricaneaerospace.com\/pt-br\/politica-de-evasao-de-produtos-falsificados\/","title":{"rendered":"Pol\u00edtica de Evas\u00e3o de Produtos Falsificados"},"content":{"rendered":"\n\n\t<section class=\"section dark\" id=\"section_1132170696\">\n\t\t<div class=\"section-bg fill\" >\n\t\t\t<img loading=\"lazy\" decoding=\"async\" width=\"1243\" height=\"302\" src=\"https:\/\/hurricaneaerospace.com\/wp-content\/uploads\/2019\/03\/hurricane-aerospace-blueprint-header-image.jpg\" class=\"bg attachment- size-\" alt=\"\" \/>\t\t\t\t\t\t<div class=\"section-bg-overlay absolute fill\"><\/div>\n\t\t\t\n\n\t\t<\/div>\n\n\t\t\n\n\t\t<div class=\"section-content relative\">\n\t\t\t\n\n<div class=\"row\"  id=\"row-103282658\">\n\n\n\t<div id=\"col-428203766\" class=\"col small-12 large-12\"  >\n\t\t\t\t<div class=\"col-inner\"  >\n\t\t\t\n\t\t\t\n\n<div class=\"container section-title-container\" style=\"margin-top:0px;margin-bottom:0px;\"><h1 class=\"section-title section-title-center\"><b aria-hidden=\"true\"><\/b><span class=\"section-title-main\" >Pol\u00edtica de Evas\u00e3o de Produtos Falsificados<\/span><b aria-hidden=\"true\"><\/b><\/h1><\/div>\n\n\n\t\t<\/div>\n\t\t\t\t\t<\/div>\n\n\t\n\n<\/div>\n\n\t\t<\/div>\n\n\t\t\n<style>\n#section_1132170696 {\n  padding-top: 50px;\n  padding-bottom: 50px;\n}\n#section_1132170696 .section-bg-overlay {\n  background-color: rgba(27, 64, 128, 0.55);\n}\n<\/style>\n\t<\/section>\n\t\n\n\t<section class=\"section\" id=\"section_1043212527\">\n\t\t<div class=\"section-bg fill\" >\n\t\t\t\t\t\t\t\t\t\n\t\t\t\n\n\t\t<\/div>\n\n\t\t\n\n\t\t<div class=\"section-content relative\">\n\t\t\t\n\n<div class=\"row\"  id=\"row-1518785849\">\n\n\n\t<div id=\"col-1864980169\" class=\"col small-12 large-12\"  >\n\t\t\t\t<div class=\"col-inner\"  >\n\t\t\t\n\t\t\t\n\n<h1>Pol\u00edtica de Evas\u00e3o de Produtos Falsificados<\/h1>\n<p>\u00c9 uma honra e privil\u00e9gio ser fornecedor de componentes eletr\u00f4nicos e equipamentos para a comunidade de Avia\u00e7\u00e3o e Mar\u00edtimo nos \u00faltimos cinco anos. Desde avi\u00f5es comerciais, propriet\u00e1rios privados de aeronaves e embarca\u00e7\u00f5es, at\u00e9 os soldados no campo, servimos algumas das pessoas mais dedicadas, trabalhadoras do mundo. Muitos dos que colocam suas vidas em risco todos os dias para nos manter seguros e nos manter livres servindo no ex\u00e9rcito dos EUA. Cabe, portanto, a todos n\u00f3s fornecer os melhores equipamentos, fabricados com a melhor qualidade de materiais e componentes eletr\u00f4nicos.<\/p>\n<p>Pe\u00e7as falsificadas s\u00e3o um grande problema na ind\u00fastria eletr\u00f4nica. Tenha certeza, a Hurricane Electronics, Inc. sempre viu partes excedentes ou n\u00e3o rastre\u00e1veis como inerentemente suspeitas e exibidas de acordo. Al\u00e9m disso, nosso processo de inspe\u00e7\u00e3o sempre foi realizado com detec\u00e7\u00e3o e evas\u00e3o falsificada em mente. Utilizando a casa de teste aprovada pelo cliente e itens de triagem que est\u00e3o sendo entregues na cadeia de suprimentos OEM e Franchise. Os falsificadores n\u00e3o param para descansar, e nem a Hurricane Electronics, Inc. Em 2012, como parte de nossa melhoria cont\u00ednua para n\u00e3o apenas atender e superar as expectativas de nossos clientes, embarcamos em uma jornada documentando formalmente processos e procedimentos espec\u00edficos para a &#8220;Evas\u00e3o de Pe\u00e7as Eletr\u00f4nicas Falsificadas&#8221; que engloba tanto o padr\u00e3o SAE AS5553 quanto os requisitos de conformidade D950-11160-1 da Empresa Boeing para garantir que tenhamos e continuar a mitigar qualquer risco potencial e melhorar continuamente nossas capacidades de detec\u00e7\u00e3o de produtos falsificados.<\/p>\n<p><strong>Hurricane Electronics, Inc. compromete-se com o seguinte:<\/strong><\/p>\n<ul>\n<li><em>Novos componentes de f\u00e1brica ser\u00e3o adquiridos diretamente dos fabricantes originais ou de seus revendedores autorizados.<\/em><\/li>\n<li><em>Nosso cliente sempre ser\u00e1 avisado de problemas de disponibilidade em rela\u00e7\u00e3o \u00e0s pe\u00e7as que eles requerem. As pe\u00e7as ser\u00e3o inspecionadas escrupulosamente em conformidade com as as5553 e D950-11160-1 utilizando t\u00e9cnicas atualmente conhecidas para identificar pe\u00e7as suspeitas.<\/em><\/li>\n<li><em>Inspe\u00e7\u00e3o visual, medi\u00e7\u00e3o, verifica\u00e7\u00e3o de c\u00f3digos de data, n\u00fameros de lotes e marcas do fabricante, perman\u00eancia de marca\u00e7\u00e3o, avalia\u00e7\u00e3o n\u00e3o destrutiva, testes destrutivos e el\u00e9tricos, burn-in etc. ser\u00e3o usados com base na avalia\u00e7\u00e3o de risco.<\/em><\/li>\n<\/ul>\n<p><em><strong>A descoberta de pe\u00e7as falsificadas ser\u00e1 imediatamente relatada \u00e0 ERAI e a todas as partes pertinentes.<\/strong><\/em><\/p>\n\n\t\t<\/div>\n\t\t\t\t\t<\/div>\n\n\t\n\n<\/div>\n\n\t\t<\/div>\n\n\t\t\n<style>\n#section_1043212527 {\n  padding-top: 60px;\n  padding-bottom: 60px;\n}\n<\/style>\n\t<\/section>\n\t\n\n","protected":false},"excerpt":{"rendered":"","protected":false},"author":4,"featured_media":0,"parent":0,"menu_order":0,"comment_status":"closed","ping_status":"closed","template":"page-blank.php","meta":{"nf_dc_page":"","_monsterinsights_skip_tracking":false,"_monsterinsights_sitenote_active":false,"_monsterinsights_sitenote_note":"","_monsterinsights_sitenote_category":0,"footnotes":""},"class_list":["post-6587","page","type-page","status-publish","hentry"],"yoast_head":"<!-- This site is optimized with the Yoast SEO plugin v27.4 - https:\/\/yoast.com\/product\/yoast-seo-wordpress\/ -->\n<title>Pol\u00edtica de Evas\u00e3o de Produtos Falsificados %%%%Furac\u00e3o Aeroespacial - Furac\u00e3o Aeroespacial<\/title>\n<meta name=\"robots\" content=\"index, follow, max-snippet:-1, max-image-preview:large, max-video-preview:-1\" \/>\n<link rel=\"canonical\" href=\"https:\/\/hurricaneaerospace.com\/pt-br\/politica-de-evasao-de-produtos-falsificados\/\" \/>\n<meta property=\"og:locale\" content=\"pt_BR\" \/>\n<meta property=\"og:type\" content=\"article\" \/>\n<meta property=\"og:title\" content=\"Pol\u00edtica de Evas\u00e3o de Produtos Falsificados %%%%Furac\u00e3o Aeroespacial - Furac\u00e3o Aeroespacial\" \/>\n<meta property=\"og:url\" content=\"https:\/\/hurricaneaerospace.com\/pt-br\/politica-de-evasao-de-produtos-falsificados\/\" \/>\n<meta property=\"og:site_name\" content=\"Furac\u00e3o Aeroespacial\" \/>\n<meta property=\"article:publisher\" content=\"https:\/\/www.facebook.com\/HurricaneAerospaceSolutions\/\" \/>\n<meta property=\"article:modified_time\" content=\"2020-12-04T04:29:56+00:00\" \/>\n<meta name=\"twitter:card\" content=\"summary_large_image\" \/>\n<meta name=\"twitter:site\" content=\"@hurricaneaero\" \/>\n<meta name=\"twitter:label1\" content=\"Est. tempo de leitura\" \/>\n\t<meta name=\"twitter:data1\" content=\"2 minutos\" \/>\n<script type=\"application\/ld+json\" class=\"yoast-schema-graph\">{\"@context\":\"https:\\\/\\\/schema.org\",\"@graph\":[{\"@type\":\"WebPage\",\"@id\":\"https:\\\/\\\/hurricaneaerospace.com\\\/pt-br\\\/politica-de-evasao-de-produtos-falsificados\\\/\",\"url\":\"https:\\\/\\\/hurricaneaerospace.com\\\/pt-br\\\/politica-de-evasao-de-produtos-falsificados\\\/\",\"name\":\"Pol\u00edtica de Evas\u00e3o de Produtos Falsificados %%%%Furac\u00e3o Aeroespacial - Furac\u00e3o Aeroespacial\",\"isPartOf\":{\"@id\":\"https:\\\/\\\/hurricaneaerospace.com\\\/pt-br\\\/#website\"},\"datePublished\":\"2020-08-19T20:42:21+00:00\",\"dateModified\":\"2020-12-04T04:29:56+00:00\",\"breadcrumb\":{\"@id\":\"https:\\\/\\\/hurricaneaerospace.com\\\/pt-br\\\/politica-de-evasao-de-produtos-falsificados\\\/#breadcrumb\"},\"inLanguage\":\"pt-BR\",\"potentialAction\":[{\"@type\":\"ReadAction\",\"target\":[\"https:\\\/\\\/hurricaneaerospace.com\\\/pt-br\\\/politica-de-evasao-de-produtos-falsificados\\\/\"]}]},{\"@type\":\"BreadcrumbList\",\"@id\":\"https:\\\/\\\/hurricaneaerospace.com\\\/pt-br\\\/politica-de-evasao-de-produtos-falsificados\\\/#breadcrumb\",\"itemListElement\":[{\"@type\":\"ListItem\",\"position\":1,\"name\":\"Casa\",\"item\":\"https:\\\/\\\/hurricaneaerospace.com\\\/pt-br\\\/\"},{\"@type\":\"ListItem\",\"position\":2,\"name\":\"Pol\u00edtica de Evas\u00e3o de Produtos Falsificados\"}]},{\"@type\":\"WebSite\",\"@id\":\"https:\\\/\\\/hurricaneaerospace.com\\\/pt-br\\\/#website\",\"url\":\"https:\\\/\\\/hurricaneaerospace.com\\\/pt-br\\\/\",\"name\":\"Furac\u00e3o Aeroespacial\",\"description\":\"Mais de 25 anos de experi\u00eancia\",\"publisher\":{\"@id\":\"https:\\\/\\\/hurricaneaerospace.com\\\/pt-br\\\/#organization\"},\"potentialAction\":[{\"@type\":\"SearchAction\",\"target\":{\"@type\":\"EntryPoint\",\"urlTemplate\":\"https:\\\/\\\/hurricaneaerospace.com\\\/pt-br\\\/?s={search_term_string}\"},\"query-input\":{\"@type\":\"PropertyValueSpecification\",\"valueRequired\":true,\"valueName\":\"search_term_string\"}}],\"inLanguage\":\"pt-BR\"},{\"@type\":\"Organization\",\"@id\":\"https:\\\/\\\/hurricaneaerospace.com\\\/pt-br\\\/#organization\",\"name\":\"Hurricane Aerospace Solutions\",\"url\":\"https:\\\/\\\/hurricaneaerospace.com\\\/pt-br\\\/\",\"logo\":{\"@type\":\"ImageObject\",\"inLanguage\":\"pt-BR\",\"@id\":\"https:\\\/\\\/hurricaneaerospace.com\\\/pt-br\\\/#\\\/schema\\\/logo\\\/image\\\/\",\"url\":\"https:\\\/\\\/hurricaneaerospace.com\\\/wp-content\\\/uploads\\\/2019\\\/03\\\/Hurricane-Website-Logo-Retina-2019.png\",\"contentUrl\":\"https:\\\/\\\/hurricaneaerospace.com\\\/wp-content\\\/uploads\\\/2019\\\/03\\\/Hurricane-Website-Logo-Retina-2019.png\",\"width\":800,\"height\":482,\"caption\":\"Hurricane Aerospace Solutions\"},\"image\":{\"@id\":\"https:\\\/\\\/hurricaneaerospace.com\\\/pt-br\\\/#\\\/schema\\\/logo\\\/image\\\/\"},\"sameAs\":[\"https:\\\/\\\/www.facebook.com\\\/HurricaneAerospaceSolutions\\\/\",\"https:\\\/\\\/x.com\\\/hurricaneaero\",\"https:\\\/\\\/www.instagram.com\\\/hurricaneaerospacesolutions\\\/\",\"http:\\\/\\\/www.linkedin.com\\\/company\\\/hurricaneaerospacesolutions\\\/\"]}]}<\/script>\n<!-- \/ Yoast SEO plugin. -->","yoast_head_json":{"title":"Pol\u00edtica de Evas\u00e3o de Produtos Falsificados %%%%Furac\u00e3o Aeroespacial - Furac\u00e3o Aeroespacial","robots":{"index":"index","follow":"follow","max-snippet":"max-snippet:-1","max-image-preview":"max-image-preview:large","max-video-preview":"max-video-preview:-1"},"canonical":"https:\/\/hurricaneaerospace.com\/pt-br\/politica-de-evasao-de-produtos-falsificados\/","og_locale":"pt_BR","og_type":"article","og_title":"Pol\u00edtica de Evas\u00e3o de Produtos Falsificados %%%%Furac\u00e3o Aeroespacial - Furac\u00e3o Aeroespacial","og_url":"https:\/\/hurricaneaerospace.com\/pt-br\/politica-de-evasao-de-produtos-falsificados\/","og_site_name":"Furac\u00e3o Aeroespacial","article_publisher":"https:\/\/www.facebook.com\/HurricaneAerospaceSolutions\/","article_modified_time":"2020-12-04T04:29:56+00:00","twitter_card":"summary_large_image","twitter_site":"@hurricaneaero","twitter_misc":{"Est. tempo de leitura":"2 minutos"},"schema":{"@context":"https:\/\/schema.org","@graph":[{"@type":"WebPage","@id":"https:\/\/hurricaneaerospace.com\/pt-br\/politica-de-evasao-de-produtos-falsificados\/","url":"https:\/\/hurricaneaerospace.com\/pt-br\/politica-de-evasao-de-produtos-falsificados\/","name":"Pol\u00edtica de Evas\u00e3o de Produtos Falsificados %%%%Furac\u00e3o Aeroespacial - Furac\u00e3o Aeroespacial","isPartOf":{"@id":"https:\/\/hurricaneaerospace.com\/pt-br\/#website"},"datePublished":"2020-08-19T20:42:21+00:00","dateModified":"2020-12-04T04:29:56+00:00","breadcrumb":{"@id":"https:\/\/hurricaneaerospace.com\/pt-br\/politica-de-evasao-de-produtos-falsificados\/#breadcrumb"},"inLanguage":"pt-BR","potentialAction":[{"@type":"ReadAction","target":["https:\/\/hurricaneaerospace.com\/pt-br\/politica-de-evasao-de-produtos-falsificados\/"]}]},{"@type":"BreadcrumbList","@id":"https:\/\/hurricaneaerospace.com\/pt-br\/politica-de-evasao-de-produtos-falsificados\/#breadcrumb","itemListElement":[{"@type":"ListItem","position":1,"name":"Casa","item":"https:\/\/hurricaneaerospace.com\/pt-br\/"},{"@type":"ListItem","position":2,"name":"Pol\u00edtica de Evas\u00e3o de Produtos Falsificados"}]},{"@type":"WebSite","@id":"https:\/\/hurricaneaerospace.com\/pt-br\/#website","url":"https:\/\/hurricaneaerospace.com\/pt-br\/","name":"Furac\u00e3o Aeroespacial","description":"Mais de 25 anos de experi\u00eancia","publisher":{"@id":"https:\/\/hurricaneaerospace.com\/pt-br\/#organization"},"potentialAction":[{"@type":"SearchAction","target":{"@type":"EntryPoint","urlTemplate":"https:\/\/hurricaneaerospace.com\/pt-br\/?s={search_term_string}"},"query-input":{"@type":"PropertyValueSpecification","valueRequired":true,"valueName":"search_term_string"}}],"inLanguage":"pt-BR"},{"@type":"Organization","@id":"https:\/\/hurricaneaerospace.com\/pt-br\/#organization","name":"Hurricane Aerospace Solutions","url":"https:\/\/hurricaneaerospace.com\/pt-br\/","logo":{"@type":"ImageObject","inLanguage":"pt-BR","@id":"https:\/\/hurricaneaerospace.com\/pt-br\/#\/schema\/logo\/image\/","url":"https:\/\/hurricaneaerospace.com\/wp-content\/uploads\/2019\/03\/Hurricane-Website-Logo-Retina-2019.png","contentUrl":"https:\/\/hurricaneaerospace.com\/wp-content\/uploads\/2019\/03\/Hurricane-Website-Logo-Retina-2019.png","width":800,"height":482,"caption":"Hurricane Aerospace Solutions"},"image":{"@id":"https:\/\/hurricaneaerospace.com\/pt-br\/#\/schema\/logo\/image\/"},"sameAs":["https:\/\/www.facebook.com\/HurricaneAerospaceSolutions\/","https:\/\/x.com\/hurricaneaero","https:\/\/www.instagram.com\/hurricaneaerospacesolutions\/","http:\/\/www.linkedin.com\/company\/hurricaneaerospacesolutions\/"]}]}},"_links":{"self":[{"href":"https:\/\/hurricaneaerospace.com\/pt-br\/wp-json\/wp\/v2\/pages\/6587","targetHints":{"allow":["GET"]}}],"collection":[{"href":"https:\/\/hurricaneaerospace.com\/pt-br\/wp-json\/wp\/v2\/pages"}],"about":[{"href":"https:\/\/hurricaneaerospace.com\/pt-br\/wp-json\/wp\/v2\/types\/page"}],"author":[{"embeddable":true,"href":"https:\/\/hurricaneaerospace.com\/pt-br\/wp-json\/wp\/v2\/users\/4"}],"replies":[{"embeddable":true,"href":"https:\/\/hurricaneaerospace.com\/pt-br\/wp-json\/wp\/v2\/comments?post=6587"}],"version-history":[{"count":2,"href":"https:\/\/hurricaneaerospace.com\/pt-br\/wp-json\/wp\/v2\/pages\/6587\/revisions"}],"predecessor-version":[{"id":8138,"href":"https:\/\/hurricaneaerospace.com\/pt-br\/wp-json\/wp\/v2\/pages\/6587\/revisions\/8138"}],"wp:attachment":[{"href":"https:\/\/hurricaneaerospace.com\/pt-br\/wp-json\/wp\/v2\/media?parent=6587"}],"curies":[{"name":"wp","href":"https:\/\/api.w.org\/{rel}","templated":true}]}}