{"id":6620,"date":"2020-08-19T20:42:58","date_gmt":"2020-08-19T20:42:58","guid":{"rendered":"https:\/\/hurricaneaerospace.com\/solicite-uma-citacao\/"},"modified":"2020-12-04T04:30:13","modified_gmt":"2020-12-04T04:30:13","slug":"solicite-uma-citacao","status":"publish","type":"page","link":"https:\/\/hurricaneaerospace.com\/pt-br\/solicite-uma-citacao\/","title":{"rendered":"Solicite uma cita\u00e7\u00e3o"},"content":{"rendered":"\n\t<section class=\"section dark\" id=\"section_1569558273\">\n\t\t<div class=\"section-bg fill\" >\n\t\t\t<img loading=\"lazy\" decoding=\"async\" width=\"2000\" height=\"1270\" src=\"https:\/\/hurricaneaerospace.com\/wp-content\/uploads\/2019\/03\/shutterstock_667629316.jpg\" class=\"bg attachment-original size-original\" alt=\"turbine\" \/>\t\t\t\t\t\t<div class=\"section-bg-overlay absolute fill\"><\/div>\n\t\t\t\n\n\t\t<\/div>\n\n\t\t\n\n\t\t<div class=\"section-content relative\">\n\t\t\t\n<div class=\"row\"  id=\"row-704364388\">\n\n\t<div id=\"col-756696109\" class=\"col small-12 large-12\"  >\n\t\t\t\t<div class=\"col-inner\"  >\n\t\t\t\n\t\t\t\n<div class=\"container section-title-container\" style=\"margin-top:0px;margin-bottom:0px;\"><h1 class=\"section-title section-title-center\"><b aria-hidden=\"true\"><\/b><span class=\"section-title-main\" >Solicite uma cita\u00e7\u00e3o<\/span><b aria-hidden=\"true\"><\/b><\/h1><\/div>\n\t\t<\/div>\n\t\t\t\t\t<\/div>\n\n\t\n<\/div>\n\t\t<\/div>\n\n\t\t\n<style>\n#section_1569558273 {\n  padding-top: 100px;\n  padding-bottom: 100px;\n}\n#section_1569558273 .section-bg-overlay {\n  background-color: rgba(27, 64, 128, 0.58);\n}\n<\/style>\n\t<\/section>\n\t\n\n\t<section class=\"section\" id=\"section_2132910656\">\n\t\t<div class=\"section-bg fill\" >\n\t\t\t\t\t\t\t\t\t\n\t\t\t\n\n\t\t<\/div>\n\n\t\t\n\n\t\t<div class=\"section-content relative\">\n\t\t\t\n<div class=\"row\"  id=\"row-330583308\">\n\n\t<div id=\"col-649480339\" class=\"col medium-5 small-12 large-5\"  >\n\t\t\t\t<div class=\"col-inner\"  >\n\t\t\t\n\t\t\t\n<h1>Solicite uma cita\u00e7\u00e3o<\/h1>\n<p>A Hurricane Aerospace est\u00e1 firmemente comprometida com a prote\u00e7\u00e3o de Informa\u00e7\u00f5es N\u00e3o Classificadas Controladas (CUI) que reside em sistemas e organiza\u00e7\u00f5es n\u00e3o federais, como algumas ag\u00eancias federais, governos estrangeiros, empreiteiros e sub-n\u00edveis. Em junho de 2016, como parte de nosso compromisso com voc\u00ea, a Hurricane fez uma parceria com a empresa de seguran\u00e7a cibern\u00e9tica Chelsea Technologies para melhorar nossos sistemas em prepara\u00e7\u00e3o para atender ao Suplemento Federal de Aquisi\u00e7\u00e3o de Defesa (DFARS) dezembro de 2017 para conformidade com a Publica\u00e7\u00e3o Especial NIST (SP) 800-171.<\/p>\n<h4><strong>Transfer\u00eancia segura de dados<\/strong><\/h4>\n<p>Outra ferramenta que utilizamos para proteger seus dados \u00e9 Box.com. Esta \u00e9 uma plataforma segura de compartilhamento de arquivos baseada em nuvem que \u00e9 confi\u00e1vel por mais de 74.000 empresas. Box.com nos permite gerenciar e governar efetivamente seus dados importantes em um local seguro.<\/p>\n<p>A caixa \u00e9 certificada pela FedRAMP. Os requisitos do DFARS (NIST 800-171) baseiam-se em um subconjunto dos controles NIST 800-53.<\/p>\n<p>Se voc\u00ea precisar de uma cita\u00e7\u00e3o entre em contato conosco com breves detalhes utilizando o formul\u00e1rio abaixo. Nossa equipe entrar\u00e1 em contato com voc\u00ea para providenciar a transfer\u00eancia segura e segura de seus dados t\u00e9cnicos. Estamos ansiosos para ouvir de voc\u00ea.<\/p>\n<h4>Seguran\u00e7a e Conformidade<\/h4>\n<p>Proteja seu conte\u00fado e garanta a conformidade com FedRAMP, ITAR, IRS-10756, DoD SRG L4, FIPS 140-2, HIPAA e muito mais.<\/p>\n<p><img loading=\"lazy\" decoding=\"async\" class=\"alignnone wp-image-5391 \" src=\"https:\/\/hurricaneaerospace.com\/wp-content\/uploads\/2019\/04\/logo-main-fedramp-300x78.png\" alt=\"FedRAMP Logo\" width=\"154\" height=\"40\" srcset=\"https:\/\/hurricaneaerospace.com\/wp-content\/uploads\/2019\/04\/logo-main-fedramp-300x78.png 300w, https:\/\/hurricaneaerospace.com\/wp-content\/uploads\/2019\/04\/logo-main-fedramp.png 360w\" sizes=\"auto, (max-width: 154px) 100vw, 154px\" \/>  <a href=\"https:\/\/hurricaneaerospace.com\/wp-content\/uploads\/2019\/04\/secure-connection-ssl-300x134.jpeg\"><img loading=\"lazy\" decoding=\"async\" class=\"alignnone wp-image-5397 \" src=\"https:\/\/hurricaneaerospace.com\/wp-content\/uploads\/2019\/04\/secure-connection-ssl-300x134.jpeg\" alt=\"SSL Secure Connection\" width=\"119\" height=\"53\" srcset=\"https:\/\/hurricaneaerospace.com\/wp-content\/uploads\/2019\/04\/secure-connection-ssl-300x134.jpeg 300w, https:\/\/hurricaneaerospace.com\/wp-content\/uploads\/2019\/04\/secure-connection-ssl.jpeg 337w\" sizes=\"auto, (max-width: 119px) 100vw, 119px\" \/><\/a><\/p>\n\t\t<\/div>\n\t\t\t\t\t<\/div>\n\n\t\n\n\t<div id=\"col-733931062\" class=\"col medium-7 small-12 large-7\"  >\n\t\t\t\t<div class=\"col-inner box-shadow-1\" style=\"background-color:rgb(231, 242, 255);\" >\n\t\t\t\n\t\t\t\n<div class=\"row row-collapse row-full-width align-middle align-center\"  id=\"row-2082188039\">\n\n\t<div id=\"col-2118884669\" class=\"col small-12 large-12\"  >\n\t\t\t\t<div class=\"col-inner text-center\"  >\n\t\t\t\n\t\t\t\n<p style=\"text-align: left;\"><noscript class=\"ninja-forms-noscript-message\">\n\tAviso: O JavaScript \u00e9 necess\u00e1rio para esse conte\u00fado.<\/noscript>\nEste formul\u00e1rio est\u00e1 em manuten\u00e7\u00e3o no momento. Tente novamente mais tarde.\n\t\t<\/div>\n\t\t\t\t\n<style>\n#col-2118884669 > .col-inner {\n  padding: 10px 20px 0px 20px;\n}\n<\/style>\n\t<\/div>\n\n\t\n<\/div>\n\t\t<\/div>\n\t\t\t\t\n<style>\n#col-733931062 > .col-inner {\n  padding: 0px 0px 50px 0px;\n}\n<\/style>\n\t<\/div>\n\n\t\n<\/div>\n\t\t<\/div>\n\n\t\t\n<style>\n#section_2132910656 {\n  padding-top: 30px;\n  padding-bottom: 30px;\n}\n<\/style>\n\t<\/section>\n\t\n","protected":false},"excerpt":{"rendered":"","protected":false},"author":4,"featured_media":0,"parent":0,"menu_order":0,"comment_status":"closed","ping_status":"closed","template":"page-blank.php","meta":{"nf_dc_page":"","_monsterinsights_skip_tracking":false,"_monsterinsights_sitenote_active":false,"_monsterinsights_sitenote_note":"","_monsterinsights_sitenote_category":0,"footnotes":""},"class_list":["post-6620","page","type-page","status-publish","hentry"],"yoast_head":"<!-- This site is optimized with the Yoast SEO plugin v27.4 - https:\/\/yoast.com\/product\/yoast-seo-wordpress\/ -->\n<title>Solicite uma cita\u00e7\u00e3o %%%%Furac\u00e3o Aeroespacial - Furac\u00e3o Aeroespacial<\/title>\n<meta name=\"robots\" content=\"index, follow, max-snippet:-1, max-image-preview:large, max-video-preview:-1\" \/>\n<link rel=\"canonical\" href=\"https:\/\/hurricaneaerospace.com\/pt-br\/solicite-uma-citacao\/\" \/>\n<meta property=\"og:locale\" content=\"pt_BR\" \/>\n<meta property=\"og:type\" content=\"article\" \/>\n<meta property=\"og:title\" content=\"Solicite uma cita\u00e7\u00e3o %%%%Furac\u00e3o Aeroespacial - Furac\u00e3o Aeroespacial\" \/>\n<meta property=\"og:url\" content=\"https:\/\/hurricaneaerospace.com\/pt-br\/solicite-uma-citacao\/\" \/>\n<meta property=\"og:site_name\" content=\"Furac\u00e3o Aeroespacial\" \/>\n<meta property=\"article:publisher\" content=\"https:\/\/www.facebook.com\/HurricaneAerospaceSolutions\/\" \/>\n<meta property=\"article:modified_time\" content=\"2020-12-04T04:30:13+00:00\" \/>\n<meta property=\"og:image\" content=\"https:\/\/hurricaneaerospace.com\/wp-content\/uploads\/2019\/04\/logo-main-fedramp-300x78.png\" \/>\n<meta name=\"twitter:card\" content=\"summary_large_image\" \/>\n<meta name=\"twitter:site\" content=\"@hurricaneaero\" \/>\n<meta name=\"twitter:label1\" content=\"Est. tempo de leitura\" \/>\n\t<meta name=\"twitter:data1\" content=\"2 minutos\" \/>\n<script type=\"application\/ld+json\" class=\"yoast-schema-graph\">{\"@context\":\"https:\\\/\\\/schema.org\",\"@graph\":[{\"@type\":\"WebPage\",\"@id\":\"https:\\\/\\\/hurricaneaerospace.com\\\/pt-br\\\/solicite-uma-citacao\\\/\",\"url\":\"https:\\\/\\\/hurricaneaerospace.com\\\/pt-br\\\/solicite-uma-citacao\\\/\",\"name\":\"Solicite uma cita\u00e7\u00e3o %%%%Furac\u00e3o Aeroespacial - Furac\u00e3o Aeroespacial\",\"isPartOf\":{\"@id\":\"https:\\\/\\\/hurricaneaerospace.com\\\/pt-br\\\/#website\"},\"primaryImageOfPage\":{\"@id\":\"https:\\\/\\\/hurricaneaerospace.com\\\/pt-br\\\/solicite-uma-citacao\\\/#primaryimage\"},\"image\":{\"@id\":\"https:\\\/\\\/hurricaneaerospace.com\\\/pt-br\\\/solicite-uma-citacao\\\/#primaryimage\"},\"thumbnailUrl\":\"https:\\\/\\\/hurricaneaerospace.com\\\/wp-content\\\/uploads\\\/2019\\\/04\\\/logo-main-fedramp-300x78.png\",\"datePublished\":\"2020-08-19T20:42:58+00:00\",\"dateModified\":\"2020-12-04T04:30:13+00:00\",\"breadcrumb\":{\"@id\":\"https:\\\/\\\/hurricaneaerospace.com\\\/pt-br\\\/solicite-uma-citacao\\\/#breadcrumb\"},\"inLanguage\":\"pt-BR\",\"potentialAction\":[{\"@type\":\"ReadAction\",\"target\":[\"https:\\\/\\\/hurricaneaerospace.com\\\/pt-br\\\/solicite-uma-citacao\\\/\"]}]},{\"@type\":\"ImageObject\",\"inLanguage\":\"pt-BR\",\"@id\":\"https:\\\/\\\/hurricaneaerospace.com\\\/pt-br\\\/solicite-uma-citacao\\\/#primaryimage\",\"url\":\"https:\\\/\\\/hurricaneaerospace.com\\\/wp-content\\\/uploads\\\/2019\\\/04\\\/logo-main-fedramp-300x78.png\",\"contentUrl\":\"https:\\\/\\\/hurricaneaerospace.com\\\/wp-content\\\/uploads\\\/2019\\\/04\\\/logo-main-fedramp-300x78.png\"},{\"@type\":\"BreadcrumbList\",\"@id\":\"https:\\\/\\\/hurricaneaerospace.com\\\/pt-br\\\/solicite-uma-citacao\\\/#breadcrumb\",\"itemListElement\":[{\"@type\":\"ListItem\",\"position\":1,\"name\":\"Casa\",\"item\":\"https:\\\/\\\/hurricaneaerospace.com\\\/pt-br\\\/\"},{\"@type\":\"ListItem\",\"position\":2,\"name\":\"Solicite uma cita\u00e7\u00e3o\"}]},{\"@type\":\"WebSite\",\"@id\":\"https:\\\/\\\/hurricaneaerospace.com\\\/pt-br\\\/#website\",\"url\":\"https:\\\/\\\/hurricaneaerospace.com\\\/pt-br\\\/\",\"name\":\"Furac\u00e3o Aeroespacial\",\"description\":\"Mais de 25 anos de experi\u00eancia\",\"publisher\":{\"@id\":\"https:\\\/\\\/hurricaneaerospace.com\\\/pt-br\\\/#organization\"},\"potentialAction\":[{\"@type\":\"SearchAction\",\"target\":{\"@type\":\"EntryPoint\",\"urlTemplate\":\"https:\\\/\\\/hurricaneaerospace.com\\\/pt-br\\\/?s={search_term_string}\"},\"query-input\":{\"@type\":\"PropertyValueSpecification\",\"valueRequired\":true,\"valueName\":\"search_term_string\"}}],\"inLanguage\":\"pt-BR\"},{\"@type\":\"Organization\",\"@id\":\"https:\\\/\\\/hurricaneaerospace.com\\\/pt-br\\\/#organization\",\"name\":\"Hurricane Aerospace Solutions\",\"url\":\"https:\\\/\\\/hurricaneaerospace.com\\\/pt-br\\\/\",\"logo\":{\"@type\":\"ImageObject\",\"inLanguage\":\"pt-BR\",\"@id\":\"https:\\\/\\\/hurricaneaerospace.com\\\/pt-br\\\/#\\\/schema\\\/logo\\\/image\\\/\",\"url\":\"https:\\\/\\\/hurricaneaerospace.com\\\/wp-content\\\/uploads\\\/2019\\\/03\\\/Hurricane-Website-Logo-Retina-2019.png\",\"contentUrl\":\"https:\\\/\\\/hurricaneaerospace.com\\\/wp-content\\\/uploads\\\/2019\\\/03\\\/Hurricane-Website-Logo-Retina-2019.png\",\"width\":800,\"height\":482,\"caption\":\"Hurricane Aerospace Solutions\"},\"image\":{\"@id\":\"https:\\\/\\\/hurricaneaerospace.com\\\/pt-br\\\/#\\\/schema\\\/logo\\\/image\\\/\"},\"sameAs\":[\"https:\\\/\\\/www.facebook.com\\\/HurricaneAerospaceSolutions\\\/\",\"https:\\\/\\\/x.com\\\/hurricaneaero\",\"https:\\\/\\\/www.instagram.com\\\/hurricaneaerospacesolutions\\\/\",\"http:\\\/\\\/www.linkedin.com\\\/company\\\/hurricaneaerospacesolutions\\\/\"]}]}<\/script>\n<!-- \/ Yoast SEO plugin. -->","yoast_head_json":{"title":"Solicite uma cita\u00e7\u00e3o %%%%Furac\u00e3o Aeroespacial - Furac\u00e3o Aeroespacial","robots":{"index":"index","follow":"follow","max-snippet":"max-snippet:-1","max-image-preview":"max-image-preview:large","max-video-preview":"max-video-preview:-1"},"canonical":"https:\/\/hurricaneaerospace.com\/pt-br\/solicite-uma-citacao\/","og_locale":"pt_BR","og_type":"article","og_title":"Solicite uma cita\u00e7\u00e3o %%%%Furac\u00e3o Aeroespacial - Furac\u00e3o Aeroespacial","og_url":"https:\/\/hurricaneaerospace.com\/pt-br\/solicite-uma-citacao\/","og_site_name":"Furac\u00e3o Aeroespacial","article_publisher":"https:\/\/www.facebook.com\/HurricaneAerospaceSolutions\/","article_modified_time":"2020-12-04T04:30:13+00:00","og_image":[{"url":"https:\/\/hurricaneaerospace.com\/wp-content\/uploads\/2019\/04\/logo-main-fedramp-300x78.png","type":"","width":"","height":""}],"twitter_card":"summary_large_image","twitter_site":"@hurricaneaero","twitter_misc":{"Est. tempo de leitura":"2 minutos"},"schema":{"@context":"https:\/\/schema.org","@graph":[{"@type":"WebPage","@id":"https:\/\/hurricaneaerospace.com\/pt-br\/solicite-uma-citacao\/","url":"https:\/\/hurricaneaerospace.com\/pt-br\/solicite-uma-citacao\/","name":"Solicite uma cita\u00e7\u00e3o %%%%Furac\u00e3o Aeroespacial - Furac\u00e3o Aeroespacial","isPartOf":{"@id":"https:\/\/hurricaneaerospace.com\/pt-br\/#website"},"primaryImageOfPage":{"@id":"https:\/\/hurricaneaerospace.com\/pt-br\/solicite-uma-citacao\/#primaryimage"},"image":{"@id":"https:\/\/hurricaneaerospace.com\/pt-br\/solicite-uma-citacao\/#primaryimage"},"thumbnailUrl":"https:\/\/hurricaneaerospace.com\/wp-content\/uploads\/2019\/04\/logo-main-fedramp-300x78.png","datePublished":"2020-08-19T20:42:58+00:00","dateModified":"2020-12-04T04:30:13+00:00","breadcrumb":{"@id":"https:\/\/hurricaneaerospace.com\/pt-br\/solicite-uma-citacao\/#breadcrumb"},"inLanguage":"pt-BR","potentialAction":[{"@type":"ReadAction","target":["https:\/\/hurricaneaerospace.com\/pt-br\/solicite-uma-citacao\/"]}]},{"@type":"ImageObject","inLanguage":"pt-BR","@id":"https:\/\/hurricaneaerospace.com\/pt-br\/solicite-uma-citacao\/#primaryimage","url":"https:\/\/hurricaneaerospace.com\/wp-content\/uploads\/2019\/04\/logo-main-fedramp-300x78.png","contentUrl":"https:\/\/hurricaneaerospace.com\/wp-content\/uploads\/2019\/04\/logo-main-fedramp-300x78.png"},{"@type":"BreadcrumbList","@id":"https:\/\/hurricaneaerospace.com\/pt-br\/solicite-uma-citacao\/#breadcrumb","itemListElement":[{"@type":"ListItem","position":1,"name":"Casa","item":"https:\/\/hurricaneaerospace.com\/pt-br\/"},{"@type":"ListItem","position":2,"name":"Solicite uma cita\u00e7\u00e3o"}]},{"@type":"WebSite","@id":"https:\/\/hurricaneaerospace.com\/pt-br\/#website","url":"https:\/\/hurricaneaerospace.com\/pt-br\/","name":"Furac\u00e3o Aeroespacial","description":"Mais de 25 anos de experi\u00eancia","publisher":{"@id":"https:\/\/hurricaneaerospace.com\/pt-br\/#organization"},"potentialAction":[{"@type":"SearchAction","target":{"@type":"EntryPoint","urlTemplate":"https:\/\/hurricaneaerospace.com\/pt-br\/?s={search_term_string}"},"query-input":{"@type":"PropertyValueSpecification","valueRequired":true,"valueName":"search_term_string"}}],"inLanguage":"pt-BR"},{"@type":"Organization","@id":"https:\/\/hurricaneaerospace.com\/pt-br\/#organization","name":"Hurricane Aerospace Solutions","url":"https:\/\/hurricaneaerospace.com\/pt-br\/","logo":{"@type":"ImageObject","inLanguage":"pt-BR","@id":"https:\/\/hurricaneaerospace.com\/pt-br\/#\/schema\/logo\/image\/","url":"https:\/\/hurricaneaerospace.com\/wp-content\/uploads\/2019\/03\/Hurricane-Website-Logo-Retina-2019.png","contentUrl":"https:\/\/hurricaneaerospace.com\/wp-content\/uploads\/2019\/03\/Hurricane-Website-Logo-Retina-2019.png","width":800,"height":482,"caption":"Hurricane Aerospace Solutions"},"image":{"@id":"https:\/\/hurricaneaerospace.com\/pt-br\/#\/schema\/logo\/image\/"},"sameAs":["https:\/\/www.facebook.com\/HurricaneAerospaceSolutions\/","https:\/\/x.com\/hurricaneaero","https:\/\/www.instagram.com\/hurricaneaerospacesolutions\/","http:\/\/www.linkedin.com\/company\/hurricaneaerospacesolutions\/"]}]}},"_links":{"self":[{"href":"https:\/\/hurricaneaerospace.com\/pt-br\/wp-json\/wp\/v2\/pages\/6620","targetHints":{"allow":["GET"]}}],"collection":[{"href":"https:\/\/hurricaneaerospace.com\/pt-br\/wp-json\/wp\/v2\/pages"}],"about":[{"href":"https:\/\/hurricaneaerospace.com\/pt-br\/wp-json\/wp\/v2\/types\/page"}],"author":[{"embeddable":true,"href":"https:\/\/hurricaneaerospace.com\/pt-br\/wp-json\/wp\/v2\/users\/4"}],"replies":[{"embeddable":true,"href":"https:\/\/hurricaneaerospace.com\/pt-br\/wp-json\/wp\/v2\/comments?post=6620"}],"version-history":[{"count":21,"href":"https:\/\/hurricaneaerospace.com\/pt-br\/wp-json\/wp\/v2\/pages\/6620\/revisions"}],"predecessor-version":[{"id":8205,"href":"https:\/\/hurricaneaerospace.com\/pt-br\/wp-json\/wp\/v2\/pages\/6620\/revisions\/8205"}],"wp:attachment":[{"href":"https:\/\/hurricaneaerospace.com\/pt-br\/wp-json\/wp\/v2\/media?parent=6620"}],"curies":[{"name":"wp","href":"https:\/\/api.w.org\/{rel}","templated":true}]}}