{"id":6690,"date":"2020-08-19T20:44:53","date_gmt":"2020-08-19T20:44:53","guid":{"rendered":"https:\/\/hurricaneaerospace.com\/solucoes-comerciais\/"},"modified":"2020-12-04T03:22:34","modified_gmt":"2020-12-04T03:22:34","slug":"solucoes-comerciais","status":"publish","type":"page","link":"https:\/\/hurricaneaerospace.com\/pt-br\/solucoes-comerciais\/","title":{"rendered":"Solu\u00e7\u00f5es Comerciais"},"content":{"rendered":"\n\t<section class=\"section dark\" id=\"section_852743861\">\n\t\t<div class=\"section-bg fill\" >\n\t\t\t<img loading=\"lazy\" decoding=\"async\" width=\"2048\" height=\"1364\" src=\"https:\/\/hurricaneaerospace.com\/wp-content\/uploads\/2020\/05\/photo-1585713181935-d5f622cc2415-scaled.jpeg\" class=\"bg attachment-original size-original\" alt=\"\" \/>\t\t\t\t\t\t<div class=\"section-bg-overlay absolute fill\"><\/div>\n\t\t\t\n\n\t\t<\/div>\n\n\t\t\n\n\t\t<div class=\"section-content relative\">\n\t\t\t\n<div class=\"row align-middle\"  id=\"row-1561098060\">\n\n\t<div id=\"col-1394152611\" class=\"col small-12 large-12\"  >\n\t\t\t\t<div class=\"col-inner\"  >\n\t\t\t\n\t\t\t\n<div class=\"container section-title-container\" style=\"margin-top:0px;margin-bottom:0px;\"><h1 class=\"section-title section-title-normal\"><b aria-hidden=\"true\"><\/b><span class=\"section-title-main\" >solu\u00e7\u00f5es comerciais<\/span><b aria-hidden=\"true\"><\/b><\/h1><\/div>\n<p class=\"lead\">A Hurricane Aerospace Solutions est\u00e1 comprometida em fornecer aos nossos clientes produtos e servi\u00e7os de qualidade e melhorar e desenvolver continuamente solu\u00e7\u00f5es sob medida que ofere\u00e7am suporte mundial a seus clientes, refer\u00eancia aos PADR\u00d5ES DE Qualidade AS9100, ISO9001 que atendem continuamente e excedem as expectativas dos clientes, atrav\u00e9s de produtos e servi\u00e7os que fornecemos, evitando danos ao meio ambiente e aos nossos funcion\u00e1rios.<\/p>\n<a href=\"#solution\" class=\"button secondary\" >\n\t\t<span>nossas solu\u00e7\u00f5es<\/span>\n\t<\/a>\n\n<a href=\"#why-n\u00f3s\" class=\"button white\" >\n\t\t<span>Por que n\u00f3s?<\/span>\n\t<\/a>\n\n\t\t<\/div>\n\t\t\t\t\t<\/div>\n\n\t\n<\/div>\n\t\t<\/div>\n\n\t\t\n<style>\n#section_852743861 {\n  padding-top: 100px;\n  padding-bottom: 100px;\n}\n#section_852743861 .section-bg-overlay {\n  background-color: rgba(20, 39, 73, 0.71);\n}\n#section_852743861 .section-bg img {\n  object-position: 46% 50%;\n}\n<\/style>\n\t<\/section>\n\t\n<span class=\"scroll-to\" data-label=\"Scroll to: #solution\" data-bullet=\"true\" data-link=\"#solution\" data-title=\"Solution\"><a name=\"solution\"><\/a><\/span>\n\n\t<section class=\"section\" id=\"section_1494209943\">\n\t\t<div class=\"section-bg fill\" >\n\t\t\t\t\t\t\t\t\t\n\t\t\t\n\n\t\t<\/div>\n\n\t\t\n\n\t\t<div class=\"section-content relative\">\n\t\t\t\n<div class=\"row\"  id=\"row-44485861\">\n\n\t<div id=\"col-1145841073\" class=\"col small-12 large-12\"  >\n\t\t\t\t<div class=\"col-inner\"  >\n\t\t\t\n\t\t\t\n\t<div id=\"gap-941839761\" class=\"gap-element clearfix\" style=\"display:block; height:auto;\">\n\t\t\n<style>\n#gap-941839761 {\n  padding-top: 30px;\n}\n<\/style>\n\t<\/div>\n\t\n<div class=\"container section-title-container\" style=\"margin-top:0px;margin-bottom:0px;\"><h2 class=\"section-title section-title-normal\"><b aria-hidden=\"true\"><\/b><span class=\"section-title-main\" >Nossas Solu\u00e7\u00f5es<\/span><b aria-hidden=\"true\"><\/b><\/h2><\/div>\n\t\t<\/div>\n\t\t\t\t\t<\/div>\n\n\t\n\n\t<div id=\"col-1064635128\" class=\"col medium-4 small-12 large-4\"  >\n\t\t\t\t<div class=\"col-inner text-left\"  >\n\t\t\t\n\t\t\t\n\n\t\t<div class=\"icon-box featured-box icon-box-top text-left\"  >\n\t\t\t\t\t<div class=\"icon-box-img\" style=\"width: 100px\">\n\t\t\t\t<div class=\"icon\">\n\t\t\t\t\t<div class=\"icon-inner\" >\n\t\t\t\t\t\t\t\t\t\t\t<\/div>\n\t\t\t\t<\/div>\n\t\t\t<\/div>\n\t\t\t\t<div class=\"icon-box-text last-reset\">\n\t\t\t\t\t\t\t\t\t\n<h3 style=\"text-align: left\">Solu\u00e7\u00f5es de supply chain 360\u00b0<\/h3>\n<ul>\n<li style=\"text-align: left\">Distribui\u00e7\u00e3o OEM p\u00f3s-venda<\/li>\n<li style=\"text-align: left\">Consolida\u00e7\u00e3o do Material<\/li>\n<li style=\"text-align: left\">Acordos de Longo Prazo<\/li>\n<li style=\"text-align: left\">Remessa de Excesso de Lotes \/ Estoque<\/li>\n<li style=\"text-align: left\">Servi\u00e7o AOG 24\/7<\/li>\n<\/ul>\n\t\t<\/div>\n\t<\/div>\n\t\n\t\n\t\t<\/div>\n\t\t\t\t\t<\/div>\n\n\t\n\n\t<div id=\"col-1191531357\" class=\"col medium-4 small-12 large-4\"  >\n\t\t\t\t<div class=\"col-inner\"  >\n\t\t\t\n\t\t\t\n\n\t\t<div class=\"icon-box featured-box icon-box-top text-left\"  >\n\t\t\t\t\t<div class=\"icon-box-img\" style=\"width: 100px\">\n\t\t\t\t<div class=\"icon\">\n\t\t\t\t\t<div class=\"icon-inner\" >\n\t\t\t\t\t\t\t\t\t\t\t<\/div>\n\t\t\t\t<\/div>\n\t\t\t<\/div>\n\t\t\t\t<div class=\"icon-box-text last-reset\">\n\t\t\t\t\t\t\t\t\t\n<h3 style=\"text-align: left\">Come\u00e7ando ao fim do ciclo de vida das aeronaves<\/h3>\n<ul>\n<li style=\"text-align: left\">Configura\u00e7\u00e3o da cabine \/ Equipamento Fornecido pelo Comprador (BFE)<\/li>\n<li style=\"text-align: left\">Provisionamento Inicial<\/li>\n<li style=\"text-align: left\">Acordos de longo prazo para apoiar a frota atual<\/li>\n<li style=\"text-align: left\">Modifica\u00e7\u00f5es e Atualiza\u00e7\u00f5es<\/li>\n<li style=\"text-align: left\">Aposentadoria de Aeronaves<\/li>\n<\/ul>\n\t\t<\/div>\n\t<\/div>\n\t\n\t\n\t\t<\/div>\n\t\t\t\t\t<\/div>\n\n\t\n\n\t<div id=\"col-966227718\" class=\"col medium-4 small-12 large-4\"  >\n\t\t\t\t<div class=\"col-inner\"  >\n\t\t\t\n\t\t\t\n\n\t\t<div class=\"icon-box featured-box icon-box-top text-left\"  >\n\t\t\t\t\t<div class=\"icon-box-img\" style=\"width: 100px\">\n\t\t\t\t<div class=\"icon\">\n\t\t\t\t\t<div class=\"icon-inner\" >\n\t\t\t\t\t\t\t\t\t\t\t<\/div>\n\t\t\t\t<\/div>\n\t\t\t<\/div>\n\t\t\t\t<div class=\"icon-box-text last-reset\">\n\t\t\t\t\t\t\t\t\t\n<h3 style=\"text-align: left\">Gest\u00e3o de Ativos<\/h3>\n<ul>\n<li style=\"text-align: left\">Remessas de Estoque Em Excesso<\/li>\n<li style=\"text-align: left\">Invent\u00e1rio da Frota Antiga<\/li>\n<li style=\"text-align: left\">Gerenciamento de reparos<\/li>\n<li style=\"text-align: left\">Piscinas Rot\u00e1veis<\/li>\n<\/ul>\n\t\t<\/div>\n\t<\/div>\n\t\n\t\n\t\t<\/div>\n\t\t\t\t\t<\/div>\n\n\t\n<\/div>\n\t\t<\/div>\n\n\t\t\n<style>\n#section_1494209943 {\n  padding-top: 32px;\n  padding-bottom: 32px;\n}\n<\/style>\n\t<\/section>\n\t\n<span class=\"scroll-to\" data-label=\"Scroll to: #why-us\" data-bullet=\"true\" data-link=\"#why-us\" data-title=\"why-us\"><a name=\"why-us\"><\/a><\/span>\n\n\t<section class=\"section\" id=\"section_1259784443\">\n\t\t<div class=\"section-bg fill\" >\n\t\t\t\t\t\t\t\t\t\n\t\t\t\n\n\t\t<\/div>\n\n\t\t\n\n\t\t<div class=\"section-content relative\">\n\t\t\t\n<div class=\"row\"  id=\"row-1978792606\">\n\n\t<div id=\"col-1658768795\" class=\"col medium-6 small-12 large-6\"  >\n\t\t\t\t<div class=\"col-inner\"  >\n\t\t\t\n\t\t\t\n<h2>Por que o furac\u00e3o aeroespacial?<\/h2>\n<p><span style=\"font-weight: 400\">A Hurricane Aerospace Solutions fornece distribui\u00e7\u00e3o genu\u00edna de pe\u00e7as OEM e oferece um exaustivo e inovador portf\u00f3lio de servi\u00e7os multifamerais para ind\u00fastrias aeroespaciais civis e de defesa, reduzindo o custo log\u00edstico e maximizando os recursos do nosso usu\u00e1rio final minimizando sua cadeia de suprimentos. fornecemos solu\u00e7\u00f5es personalizadas para atender aos requisitos log\u00edsticos mundiais da avia\u00e7\u00e3o. Trabalhando com fornecedores estrat\u00e9gicos de avia\u00e7\u00e3o no desenvolvimento de opera\u00e7\u00f5es globais.<\/span><\/p>\n<h4>Inovadores em Aeroespacial<\/h4>\n<p><span style=\"font-weight: 400\">Nossa empresa \u00e9 uma provedora global inovadora de solu\u00e7\u00f5es de p\u00f3s-venda para a ind\u00fastria aeroespacial civil \u2013 oferecendo desde a gest\u00e3o de pe\u00e7as at\u00e9 servi\u00e7os de pe\u00e7as, bem como suporte de pe\u00e7as para todos os tipos de aeronaves. Al\u00e9m de oferecer servi\u00e7os de agrega\u00e7\u00e3o de valor e servi\u00e7os integrados, a Hurricane Aerospace se dedica ao desenvolvimento de relacionamentos de parceiros de neg\u00f3cios, bem como a novos conceitos de neg\u00f3cios \u2013 em benef\u00edcio de todos os parceiros civis, de Defesa e comerciais.  <\/span><\/p>\n<p>\n<div class=\"is-divider divider clearfix\" ><\/div>\n<h2 class=\"uppercase\" style=\"text-align: left\">baixar nosso cart\u00e3o de linha<\/h2>\n<h3 class=\"thin-font\" style=\"text-align: left\">Veja e baixe nosso Cart\u00e3o de Linha<\/h3>\n<a href=\"http:\/\/hurricaneaerospace.com\/wp-content\/uploads\/2019\/07\/Commercial-Line-Card-.pdf\" class=\"button primary\" style=\"border-radius:10px;\">\n\t\t<span>Download<\/span>\n\t<\/a>\n\n\t\t<\/div>\n\t\t\t\t\t<\/div>\n\n\t\n\n\t<div id=\"col-1192153024\" class=\"col medium-6 small-12 large-6\"  >\n\t\t\t\t<div class=\"col-inner text-left\"  >\n\t\t\t\n\t\t\t\n\t<div class=\"img has-hover x md-x lg-x y md-y lg-y\" id=\"image_1588311092\">\n\t\t\t\t\t\t\t\t<div class=\"img-inner dark\" >\n\t\t\t<img loading=\"lazy\" decoding=\"async\" width=\"760\" height=\"506\" src=\"https:\/\/hurricaneaerospace.com\/wp-content\/uploads\/2019\/06\/01_Common-Myths-About-Airplanes-You-Need-to-Stop-Believing_559714906_motive56-760x506.jpg\" class=\"attachment-large size-large\" alt=\"airplane Takingoff\" srcset=\"https:\/\/hurricaneaerospace.com\/wp-content\/uploads\/2019\/06\/01_Common-Myths-About-Airplanes-You-Need-to-Stop-Believing_559714906_motive56-760x506.jpg 760w, https:\/\/hurricaneaerospace.com\/wp-content\/uploads\/2019\/06\/01_Common-Myths-About-Airplanes-You-Need-to-Stop-Believing_559714906_motive56-760x506-300x200.jpg 300w\" sizes=\"auto, (max-width: 760px) 100vw, 760px\" \/>\t\t\t\t\t\t\n\t\t\t\t\t<\/div>\n\t\t\t\t\t\t\t\t\n<style>\n#image_1588311092 {\n  width: 100%;\n}\n<\/style>\n\t<\/div>\n\t\n\t\t<\/div>\n\t\t\t\t\t<\/div>\n\n\t\n<\/div>\n\t\t<\/div>\n\n\t\t\n<style>\n#section_1259784443 {\n  padding-top: 72px;\n  padding-bottom: 72px;\n}\n<\/style>\n\t<\/section>\n\t\n\n\t<section class=\"section\" id=\"section_532631249\">\n\t\t<div class=\"section-bg fill\" >\n\t\t\t\t\t\t\t\t\t\n\t\t\t\n\n\t\t<\/div>\n\n\t\t\n\n\t\t<div class=\"section-content relative\">\n\t\t\t\n<p>\n<div class=\"message-box relative dark\" style=\"padding-top:46px;padding-bottom:46px;\"><div class=\"message-box-bg-image bg-fill fill\" ><\/div><div class=\"message-box-bg-overlay bg-fill fill\" style=\"background-color:rgb(37, 64, 124);\"><\/div><div class=\"container relative\"><div class=\"inner last-reset\">\n<p>\n<div class=\"row align-middle align-center\"  id=\"row-1241188814\">\n<p>\n\n\t<div id=\"col-894225775\" class=\"col medium-9 small-12 large-9\"  >\n\t\t\t\t<div class=\"col-inner\"  >\n\t\t\t\n\t\t\t\n<h2>Pronto para trabalhar conosco?<\/h2>\n<p class=\"lead\">Se voc\u00ea estiver pronto para dar o pr\u00f3ximo passo com a Hurricane Aerospace Solutions, sinta-se livre para solicitar uma cota\u00e7\u00e3o usando nosso formul\u00e1rio RFQ e um de nossos especialistas em vendas entrar\u00e1 em contato com voc\u00ea em breve.<\/p>\n\t\t<\/div>\n\t\t\t\t\t<\/div>\n\n\t\n<\/p>\n\n\t<div id=\"col-1149179813\" class=\"col medium-3 small-12 large-3\"  >\n\t\t\t\t<div class=\"col-inner text-center\"  >\n\t\t\t\n\t\t\t\n<p>\n<a href=\"\/furac\u00e3o\/pedido-cota\u00e7\u00e3o\/\" class=\"button white is-outline is-large\" >\n\t\t<span>Solicite uma cita\u00e7\u00e3o<\/span>\n\t<\/a>\n\n\t\t<\/div>\n\t\t\t\t\t<\/div>\n\n\t\n<\/p>\n<\/div>\n<\/p>\n<\/div><\/div><\/div>\n<\/p>\n\t\t<\/div>\n\n\t\t\n<style>\n#section_532631249 {\n  padding-top: 0px;\n  padding-bottom: 0px;\n}\n<\/style>\n\t<\/section>\n\t\n","protected":false},"excerpt":{"rendered":"","protected":false},"author":4,"featured_media":0,"parent":0,"menu_order":0,"comment_status":"closed","ping_status":"closed","template":"page-blank.php","meta":{"nf_dc_page":"","_monsterinsights_skip_tracking":false,"_monsterinsights_sitenote_active":false,"_monsterinsights_sitenote_note":"","_monsterinsights_sitenote_category":0,"footnotes":""},"class_list":["post-6690","page","type-page","status-publish","hentry"],"yoast_head":"<!-- This site is optimized with the Yoast SEO plugin v27.4 - https:\/\/yoast.com\/product\/yoast-seo-wordpress\/ -->\n<title>Solu\u00e7\u00f5es Comerciais %%%%Furac\u00e3o Aeroespacial - Furac\u00e3o Aeroespacial<\/title>\n<meta name=\"description\" content=\"Fornecimento de produtos e servi\u00e7os de qualidade. Melhorando continuamente e desenvolvendo solu\u00e7\u00f5es sob medida que oferecem suporte mundial aos seus clientes.\" \/>\n<meta name=\"robots\" content=\"index, follow, max-snippet:-1, max-image-preview:large, max-video-preview:-1\" \/>\n<link rel=\"canonical\" href=\"https:\/\/hurricaneaerospace.com\/pt-br\/solucoes-comerciais\/\" \/>\n<meta property=\"og:locale\" content=\"pt_BR\" \/>\n<meta property=\"og:type\" content=\"article\" \/>\n<meta property=\"og:title\" content=\"Solu\u00e7\u00f5es Comerciais %%%%Furac\u00e3o Aeroespacial - Furac\u00e3o Aeroespacial\" \/>\n<meta property=\"og:description\" content=\"Fornecimento de produtos e servi\u00e7os de qualidade. Melhorando continuamente e desenvolvendo solu\u00e7\u00f5es sob medida que oferecem suporte mundial aos seus clientes.\" \/>\n<meta property=\"og:url\" content=\"https:\/\/hurricaneaerospace.com\/pt-br\/solucoes-comerciais\/\" \/>\n<meta property=\"og:site_name\" content=\"Furac\u00e3o Aeroespacial\" \/>\n<meta property=\"article:publisher\" content=\"https:\/\/www.facebook.com\/HurricaneAerospaceSolutions\/\" \/>\n<meta property=\"article:modified_time\" content=\"2020-12-04T03:22:34+00:00\" \/>\n<meta name=\"twitter:card\" content=\"summary_large_image\" \/>\n<meta name=\"twitter:site\" content=\"@hurricaneaero\" \/>\n<meta name=\"twitter:label1\" content=\"Est. tempo de leitura\" \/>\n\t<meta name=\"twitter:data1\" content=\"3 minutos\" \/>\n<script type=\"application\/ld+json\" class=\"yoast-schema-graph\">{\"@context\":\"https:\\\/\\\/schema.org\",\"@graph\":[{\"@type\":\"WebPage\",\"@id\":\"https:\\\/\\\/hurricaneaerospace.com\\\/pt-br\\\/solucoes-comerciais\\\/\",\"url\":\"https:\\\/\\\/hurricaneaerospace.com\\\/pt-br\\\/solucoes-comerciais\\\/\",\"name\":\"Solu\u00e7\u00f5es Comerciais %%%%Furac\u00e3o Aeroespacial - Furac\u00e3o Aeroespacial\",\"isPartOf\":{\"@id\":\"https:\\\/\\\/hurricaneaerospace.com\\\/pt-br\\\/#website\"},\"datePublished\":\"2020-08-19T20:44:53+00:00\",\"dateModified\":\"2020-12-04T03:22:34+00:00\",\"description\":\"Fornecimento de produtos e servi\u00e7os de qualidade. Melhorando continuamente e desenvolvendo solu\u00e7\u00f5es sob medida que oferecem suporte mundial aos seus clientes.\",\"breadcrumb\":{\"@id\":\"https:\\\/\\\/hurricaneaerospace.com\\\/pt-br\\\/solucoes-comerciais\\\/#breadcrumb\"},\"inLanguage\":\"pt-BR\",\"potentialAction\":[{\"@type\":\"ReadAction\",\"target\":[\"https:\\\/\\\/hurricaneaerospace.com\\\/pt-br\\\/solucoes-comerciais\\\/\"]}]},{\"@type\":\"BreadcrumbList\",\"@id\":\"https:\\\/\\\/hurricaneaerospace.com\\\/pt-br\\\/solucoes-comerciais\\\/#breadcrumb\",\"itemListElement\":[{\"@type\":\"ListItem\",\"position\":1,\"name\":\"Casa\",\"item\":\"https:\\\/\\\/hurricaneaerospace.com\\\/pt-br\\\/\"},{\"@type\":\"ListItem\",\"position\":2,\"name\":\"Solu\u00e7\u00f5es Comerciais\"}]},{\"@type\":\"WebSite\",\"@id\":\"https:\\\/\\\/hurricaneaerospace.com\\\/pt-br\\\/#website\",\"url\":\"https:\\\/\\\/hurricaneaerospace.com\\\/pt-br\\\/\",\"name\":\"Furac\u00e3o Aeroespacial\",\"description\":\"Mais de 25 anos de experi\u00eancia\",\"publisher\":{\"@id\":\"https:\\\/\\\/hurricaneaerospace.com\\\/pt-br\\\/#organization\"},\"potentialAction\":[{\"@type\":\"SearchAction\",\"target\":{\"@type\":\"EntryPoint\",\"urlTemplate\":\"https:\\\/\\\/hurricaneaerospace.com\\\/pt-br\\\/?s={search_term_string}\"},\"query-input\":{\"@type\":\"PropertyValueSpecification\",\"valueRequired\":true,\"valueName\":\"search_term_string\"}}],\"inLanguage\":\"pt-BR\"},{\"@type\":\"Organization\",\"@id\":\"https:\\\/\\\/hurricaneaerospace.com\\\/pt-br\\\/#organization\",\"name\":\"Hurricane Aerospace Solutions\",\"url\":\"https:\\\/\\\/hurricaneaerospace.com\\\/pt-br\\\/\",\"logo\":{\"@type\":\"ImageObject\",\"inLanguage\":\"pt-BR\",\"@id\":\"https:\\\/\\\/hurricaneaerospace.com\\\/pt-br\\\/#\\\/schema\\\/logo\\\/image\\\/\",\"url\":\"https:\\\/\\\/hurricaneaerospace.com\\\/wp-content\\\/uploads\\\/2019\\\/03\\\/Hurricane-Website-Logo-Retina-2019.png\",\"contentUrl\":\"https:\\\/\\\/hurricaneaerospace.com\\\/wp-content\\\/uploads\\\/2019\\\/03\\\/Hurricane-Website-Logo-Retina-2019.png\",\"width\":800,\"height\":482,\"caption\":\"Hurricane Aerospace Solutions\"},\"image\":{\"@id\":\"https:\\\/\\\/hurricaneaerospace.com\\\/pt-br\\\/#\\\/schema\\\/logo\\\/image\\\/\"},\"sameAs\":[\"https:\\\/\\\/www.facebook.com\\\/HurricaneAerospaceSolutions\\\/\",\"https:\\\/\\\/x.com\\\/hurricaneaero\",\"https:\\\/\\\/www.instagram.com\\\/hurricaneaerospacesolutions\\\/\",\"http:\\\/\\\/www.linkedin.com\\\/company\\\/hurricaneaerospacesolutions\\\/\"]}]}<\/script>\n<!-- \/ Yoast SEO plugin. -->","yoast_head_json":{"title":"Solu\u00e7\u00f5es Comerciais %%%%Furac\u00e3o Aeroespacial - Furac\u00e3o Aeroespacial","description":"Fornecimento de produtos e servi\u00e7os de qualidade. Melhorando continuamente e desenvolvendo solu\u00e7\u00f5es sob medida que oferecem suporte mundial aos seus clientes.","robots":{"index":"index","follow":"follow","max-snippet":"max-snippet:-1","max-image-preview":"max-image-preview:large","max-video-preview":"max-video-preview:-1"},"canonical":"https:\/\/hurricaneaerospace.com\/pt-br\/solucoes-comerciais\/","og_locale":"pt_BR","og_type":"article","og_title":"Solu\u00e7\u00f5es Comerciais %%%%Furac\u00e3o Aeroespacial - Furac\u00e3o Aeroespacial","og_description":"Fornecimento de produtos e servi\u00e7os de qualidade. Melhorando continuamente e desenvolvendo solu\u00e7\u00f5es sob medida que oferecem suporte mundial aos seus clientes.","og_url":"https:\/\/hurricaneaerospace.com\/pt-br\/solucoes-comerciais\/","og_site_name":"Furac\u00e3o Aeroespacial","article_publisher":"https:\/\/www.facebook.com\/HurricaneAerospaceSolutions\/","article_modified_time":"2020-12-04T03:22:34+00:00","twitter_card":"summary_large_image","twitter_site":"@hurricaneaero","twitter_misc":{"Est. tempo de leitura":"3 minutos"},"schema":{"@context":"https:\/\/schema.org","@graph":[{"@type":"WebPage","@id":"https:\/\/hurricaneaerospace.com\/pt-br\/solucoes-comerciais\/","url":"https:\/\/hurricaneaerospace.com\/pt-br\/solucoes-comerciais\/","name":"Solu\u00e7\u00f5es Comerciais %%%%Furac\u00e3o Aeroespacial - Furac\u00e3o Aeroespacial","isPartOf":{"@id":"https:\/\/hurricaneaerospace.com\/pt-br\/#website"},"datePublished":"2020-08-19T20:44:53+00:00","dateModified":"2020-12-04T03:22:34+00:00","description":"Fornecimento de produtos e servi\u00e7os de qualidade. Melhorando continuamente e desenvolvendo solu\u00e7\u00f5es sob medida que oferecem suporte mundial aos seus clientes.","breadcrumb":{"@id":"https:\/\/hurricaneaerospace.com\/pt-br\/solucoes-comerciais\/#breadcrumb"},"inLanguage":"pt-BR","potentialAction":[{"@type":"ReadAction","target":["https:\/\/hurricaneaerospace.com\/pt-br\/solucoes-comerciais\/"]}]},{"@type":"BreadcrumbList","@id":"https:\/\/hurricaneaerospace.com\/pt-br\/solucoes-comerciais\/#breadcrumb","itemListElement":[{"@type":"ListItem","position":1,"name":"Casa","item":"https:\/\/hurricaneaerospace.com\/pt-br\/"},{"@type":"ListItem","position":2,"name":"Solu\u00e7\u00f5es Comerciais"}]},{"@type":"WebSite","@id":"https:\/\/hurricaneaerospace.com\/pt-br\/#website","url":"https:\/\/hurricaneaerospace.com\/pt-br\/","name":"Furac\u00e3o Aeroespacial","description":"Mais de 25 anos de experi\u00eancia","publisher":{"@id":"https:\/\/hurricaneaerospace.com\/pt-br\/#organization"},"potentialAction":[{"@type":"SearchAction","target":{"@type":"EntryPoint","urlTemplate":"https:\/\/hurricaneaerospace.com\/pt-br\/?s={search_term_string}"},"query-input":{"@type":"PropertyValueSpecification","valueRequired":true,"valueName":"search_term_string"}}],"inLanguage":"pt-BR"},{"@type":"Organization","@id":"https:\/\/hurricaneaerospace.com\/pt-br\/#organization","name":"Hurricane Aerospace Solutions","url":"https:\/\/hurricaneaerospace.com\/pt-br\/","logo":{"@type":"ImageObject","inLanguage":"pt-BR","@id":"https:\/\/hurricaneaerospace.com\/pt-br\/#\/schema\/logo\/image\/","url":"https:\/\/hurricaneaerospace.com\/wp-content\/uploads\/2019\/03\/Hurricane-Website-Logo-Retina-2019.png","contentUrl":"https:\/\/hurricaneaerospace.com\/wp-content\/uploads\/2019\/03\/Hurricane-Website-Logo-Retina-2019.png","width":800,"height":482,"caption":"Hurricane Aerospace Solutions"},"image":{"@id":"https:\/\/hurricaneaerospace.com\/pt-br\/#\/schema\/logo\/image\/"},"sameAs":["https:\/\/www.facebook.com\/HurricaneAerospaceSolutions\/","https:\/\/x.com\/hurricaneaero","https:\/\/www.instagram.com\/hurricaneaerospacesolutions\/","http:\/\/www.linkedin.com\/company\/hurricaneaerospacesolutions\/"]}]}},"_links":{"self":[{"href":"https:\/\/hurricaneaerospace.com\/pt-br\/wp-json\/wp\/v2\/pages\/6690","targetHints":{"allow":["GET"]}}],"collection":[{"href":"https:\/\/hurricaneaerospace.com\/pt-br\/wp-json\/wp\/v2\/pages"}],"about":[{"href":"https:\/\/hurricaneaerospace.com\/pt-br\/wp-json\/wp\/v2\/types\/page"}],"author":[{"embeddable":true,"href":"https:\/\/hurricaneaerospace.com\/pt-br\/wp-json\/wp\/v2\/users\/4"}],"replies":[{"embeddable":true,"href":"https:\/\/hurricaneaerospace.com\/pt-br\/wp-json\/wp\/v2\/comments?post=6690"}],"version-history":[{"count":17,"href":"https:\/\/hurricaneaerospace.com\/pt-br\/wp-json\/wp\/v2\/pages\/6690\/revisions"}],"predecessor-version":[{"id":7913,"href":"https:\/\/hurricaneaerospace.com\/pt-br\/wp-json\/wp\/v2\/pages\/6690\/revisions\/7913"}],"wp:attachment":[{"href":"https:\/\/hurricaneaerospace.com\/pt-br\/wp-json\/wp\/v2\/media?parent=6690"}],"curies":[{"name":"wp","href":"https:\/\/api.w.org\/{rel}","templated":true}]}}