{"id":7022,"date":"2020-08-19T21:18:33","date_gmt":"2020-08-19T21:18:33","guid":{"rendered":"https:\/\/hurricaneaerospace.com\/declaracao-de-minerais-de-conflito\/"},"modified":"2020-09-17T16:52:19","modified_gmt":"2020-09-17T16:52:19","slug":"declaracao-de-minerais-de-conflito","status":"publish","type":"page","link":"https:\/\/hurricaneaerospace.com\/pt-br\/declaracao-de-minerais-de-conflito\/","title":{"rendered":"Declara\u00e7\u00e3o de Minerais de Conflito"},"content":{"rendered":"<p>&nbsp;<\/p>\n\n\t<section class=\"section dark\" id=\"section_359013649\">\n\t\t<div class=\"section-bg fill\" >\n\t\t\t<img loading=\"lazy\" decoding=\"async\" width=\"2000\" height=\"1333\" src=\"https:\/\/hurricaneaerospace.com\/wp-content\/uploads\/2019\/03\/shutterstock_1084292654.jpg\" class=\"bg attachment- size-\" alt=\"shutterstock_1084292654\" \/>\t\t\t\t\t\t<div class=\"section-bg-overlay absolute fill\"><\/div>\n\t\t\t\n\n\t\t<\/div>\n\n\t\t\n\n\t\t<div class=\"section-content relative\">\n\t\t\t\n<div class=\"row align-middle align-center\"  id=\"row-2007180464\">\n\n\t<div id=\"col-1495588501\" class=\"col medium-10 small-12 large-10\"  >\n\t\t\t\t<div class=\"col-inner\"  >\n\t\t\t\n\t\t\t\n<div class=\"container section-title-container\" ><h3 class=\"section-title section-title-center\"><b aria-hidden=\"true\"><\/b><span class=\"section-title-main\" >Declara\u00e7\u00e3o de Minerais de Conflito<\/span><b aria-hidden=\"true\"><\/b><\/h3><\/div>\n\t\t<\/div>\n\t\t\t\t\t<\/div>\n\n\t\n<\/div>\n\t\t<\/div>\n\n\t\t\n<style>\n#section_359013649 {\n  padding-top: 50px;\n  padding-bottom: 50px;\n  min-height: 1px;\n}\n#section_359013649 .section-bg-overlay {\n  background-color: rgba(27, 64, 128, 0.53);\n}\n<\/style>\n\t<\/section>\n\t\n<div class=\"row align-center\"  id=\"row-114747279\">\n\n\t<div id=\"col-1825588856\" class=\"col medium-10 small-12 large-10\"  >\n\t\t\t\t<div class=\"col-inner\"  >\n\t\t\t\n\t\t\t\n<h2><strong>Declara\u00e7\u00e3o de Minerais de Conflito<\/strong><\/h2>\n<p>Em 21 de julho de 2010, a Lei de Reforma e Defesa do Consumidor de Dodd-Frank Wall Street foi aprovada em lei. A Lei Dodd-Frank e as regras relacionadas da Comiss\u00e3o de Valores Mobili\u00e1rios dos EUA exigem que certas empresas divulguem at\u00e9 que ponto os produtos que fabricam ou contratam para fabricar cont\u00eam os chamados minerais de conflito provenientes de minas na Rep\u00fablica Democr\u00e1tica do Congo (RDC) ou pa\u00edses adjacentes. Os minerais de conflito incluem t\u00e2ntalo, estanho, tungst\u00eanio e ouro, que s\u00e3o usados em muitos componentes eletr\u00f4nicos e produtos de computador.<\/p>\n<p>Como fornecedora de solu\u00e7\u00f5es para componentes eletr\u00f4nicos, a Hurricane Aerospace Solutions promove a rastreabilidade desses minerais e a transpar\u00eancia da cadeia de suprimentos. Solu\u00e7\u00f5es Aeroespaciais de Furac\u00f5es. acredita firmemente que seus clientes devem estar totalmente informados sobre os produtos que compram. Embora a Hurricane Aerospace Solutions como distribuidora terceirizada, n\u00e3o seja capaz de certificar quanto ao pa\u00eds de origem dos minerais contidos nos produtos fabricados pela Hurricane Aerospace Solutions. ou fornecedores. Solu\u00e7\u00f5es Aeroespaciais de Furac\u00f5es. est\u00e1 comprometido em trabalhar com seus clientes para fornecer produtos que atendam \u00e0s especifica\u00e7\u00f5es do cliente ou uma solu\u00e7\u00e3o em potencial. Informa\u00e7\u00f5es importantes sobre o uso de minerais de conflito na cadeia de fornecimento de tecnologia est\u00e3o sendo compiladas pela Associa\u00e7\u00e3o da Ind\u00fastria de Componentes Eletr\u00f4nicos e pela Coaliz\u00e3o de Cidadania da Ind\u00fastria Eletr\u00f4nica. Essas informa\u00e7\u00f5es podem ser visualizadas <a href=\"https:\/\/web.archive.org\/web\/20181019061526\/http:\/\/www.eciaonline.org\/\">em www.eciaonline.org<\/a>.<\/p>\n\t\t<\/div>\n\t\t\t\t\t<\/div>\n\n\t\n<\/div>\n<div class=\"row align-center\"  id=\"row-2035653431\">\n\n\t<div id=\"col-843066060\" class=\"col medium-6 small-12 large-6\"  >\n\t\t\t\t<div class=\"col-inner\"  >\n\t\t\t\n\t\t\t\n<p>Com rela\u00e7\u00e3o a esses aspectos limitados do neg\u00f3cio da Hurricane Aerospace Solution que fabricam ou contratam produtos que contenham minerais de conflito que s\u00e3o necess\u00e1rios para a funcionalidade ou produ\u00e7\u00e3o do produto, a Hurricane Aerospace Solutions. n\u00e3o compra diretamente minerais de conflito de qualquer fonte e se esfor\u00e7a para n\u00e3o comprar produtos que contenham minerais de conflito que financiem direta ou indiretamente ou beneficiem grupos armados na RDC ou pa\u00edses adjacentes. Solu\u00e7\u00f5es Aeroespaciais de Furac\u00f5es. solicita\u00e7\u00e3o e fluxos at\u00e9 todos os fornecedores sub-n\u00edveis em todos os termos e condi\u00e7\u00f5es de pedidos de compra a necessidade de ser capaz de validar a rastreabilidade da cadeia de suprimentos relativa \u00e0 origem dos minerais de conflito, incluindo, mas n\u00e3o se limitando a estanho, t\u00e2ntalo, tungst\u00eanio ou ouro nos produtos que fabricam ou contratam para fabricar. apenas minerais de origem de fontes respons\u00e1veis. Solu\u00e7\u00f5es Aeroespaciais de Furac\u00f5es. Entende plenamente a import\u00e2ncia desta quest\u00e3o para seus clientes e est\u00e1 comprometida com iniciativas da cadeia de suprimentos e esfor\u00e7os globais de responsabilidade social corporativa e sustentabilidade que trabalham para uma cadeia de suprimentos livre de conflitos. Estamos encorajando todos os nossos fornecedores a tamb\u00e9m apoiar esses esfor\u00e7os e tornar as informa\u00e7\u00f5es sobre a origem de seus componentes de produtos facilmente acess\u00edveis em seus sites;<\/p>\n\t\t<\/div>\n\t\t\t\t\t<\/div>\n\n\t\n\n\t<div id=\"col-167482344\" class=\"col medium-6 small-12 large-6\"  >\n\t\t\t\t<div class=\"col-inner\"  >\n\t\t\t\n\t\t\t\n<p>Links relativos a essa iniciativa<\/p>\n<ul>\n<li><a href=\"https:\/\/web.archive.org\/web\/20181019061526\/http:\/\/www.conflictfreesourcing.org\/conflict-minerals-reporting-template\/\">http:\/\/www.conflictfreesourcing.org\/conflict-minerals-reporting-template\/<\/a><\/li>\n<li><a href=\"https:\/\/web.archive.org\/web\/20181019061526\/http:\/\/www.conflictfreesmelter.org\/cfshome.htm\">http:\/\/www.conflictfreesmelter.org\/cfshome.htm.<\/a><\/li>\n<li><a href=\"https:\/\/web.archive.org\/web\/20181019061526\/http:\/\/www.sec.gov\/rules\/final.shtml\">sec.gov\/rules\/final.shtml.<\/a><\/li>\n<\/ul>\n<p>Comunicado de imprensa de m\u00eddia para n\u00f3s ser Autorizado Distribuidor e Hiper link para a Maida<\/p>\n<p>P\u00e1gina web da empresa de desenvolvimento<\/p>\n<ul>\n<li><a href=\"https:\/\/web.archive.org\/web\/20181019061526\/http:\/\/www.maida.com\/\">http:\/\/www.maida.com\/<\/a><\/li>\n<\/ul>\n\t\t<\/div>\n\t\t\t\t\t<\/div>\n\n\t\n<\/div>\n<p>&nbsp;<\/p>\n","protected":false},"excerpt":{"rendered":"<p>&nbsp; &nbsp;<\/p>\n","protected":false},"author":4,"featured_media":0,"parent":0,"menu_order":0,"comment_status":"closed","ping_status":"closed","template":"page-blank.php","meta":{"nf_dc_page":"","_monsterinsights_skip_tracking":false,"_monsterinsights_sitenote_active":false,"_monsterinsights_sitenote_note":"","_monsterinsights_sitenote_category":0,"footnotes":""},"class_list":["post-7022","page","type-page","status-publish","hentry"],"yoast_head":"<!-- This site is optimized with the Yoast SEO plugin v27.4 - https:\/\/yoast.com\/product\/yoast-seo-wordpress\/ -->\n<title>Declara\u00e7\u00e3o de Minerais de Conflito %%%%Furac\u00e3o Aeroespacial - Furac\u00e3o Aeroespacial<\/title>\n<meta name=\"robots\" content=\"index, follow, max-snippet:-1, max-image-preview:large, max-video-preview:-1\" \/>\n<link rel=\"canonical\" href=\"https:\/\/hurricaneaerospace.com\/pt-br\/declaracao-de-minerais-de-conflito\/\" \/>\n<meta property=\"og:locale\" content=\"pt_BR\" \/>\n<meta property=\"og:type\" content=\"article\" \/>\n<meta property=\"og:title\" content=\"Declara\u00e7\u00e3o de Minerais de Conflito %%%%Furac\u00e3o Aeroespacial - Furac\u00e3o Aeroespacial\" \/>\n<meta property=\"og:description\" content=\"&nbsp; &nbsp;\" \/>\n<meta property=\"og:url\" content=\"https:\/\/hurricaneaerospace.com\/pt-br\/declaracao-de-minerais-de-conflito\/\" \/>\n<meta property=\"og:site_name\" content=\"Furac\u00e3o Aeroespacial\" \/>\n<meta property=\"article:publisher\" content=\"https:\/\/www.facebook.com\/HurricaneAerospaceSolutions\/\" \/>\n<meta property=\"article:modified_time\" content=\"2020-09-17T16:52:19+00:00\" \/>\n<meta name=\"twitter:card\" content=\"summary_large_image\" \/>\n<meta name=\"twitter:site\" content=\"@hurricaneaero\" \/>\n<meta name=\"twitter:label1\" content=\"Est. tempo de leitura\" \/>\n\t<meta name=\"twitter:data1\" content=\"3 minutos\" \/>\n<script type=\"application\/ld+json\" class=\"yoast-schema-graph\">{\"@context\":\"https:\\\/\\\/schema.org\",\"@graph\":[{\"@type\":\"WebPage\",\"@id\":\"https:\\\/\\\/hurricaneaerospace.com\\\/pt-br\\\/declaracao-de-minerais-de-conflito\\\/\",\"url\":\"https:\\\/\\\/hurricaneaerospace.com\\\/pt-br\\\/declaracao-de-minerais-de-conflito\\\/\",\"name\":\"Declara\u00e7\u00e3o de Minerais de Conflito %%%%Furac\u00e3o Aeroespacial - Furac\u00e3o Aeroespacial\",\"isPartOf\":{\"@id\":\"https:\\\/\\\/hurricaneaerospace.com\\\/pt-br\\\/#website\"},\"datePublished\":\"2020-08-19T21:18:33+00:00\",\"dateModified\":\"2020-09-17T16:52:19+00:00\",\"breadcrumb\":{\"@id\":\"https:\\\/\\\/hurricaneaerospace.com\\\/pt-br\\\/declaracao-de-minerais-de-conflito\\\/#breadcrumb\"},\"inLanguage\":\"pt-BR\",\"potentialAction\":[{\"@type\":\"ReadAction\",\"target\":[\"https:\\\/\\\/hurricaneaerospace.com\\\/pt-br\\\/declaracao-de-minerais-de-conflito\\\/\"]}]},{\"@type\":\"BreadcrumbList\",\"@id\":\"https:\\\/\\\/hurricaneaerospace.com\\\/pt-br\\\/declaracao-de-minerais-de-conflito\\\/#breadcrumb\",\"itemListElement\":[{\"@type\":\"ListItem\",\"position\":1,\"name\":\"Casa\",\"item\":\"https:\\\/\\\/hurricaneaerospace.com\\\/pt-br\\\/\"},{\"@type\":\"ListItem\",\"position\":2,\"name\":\"Declara\u00e7\u00e3o de Minerais de Conflito\"}]},{\"@type\":\"WebSite\",\"@id\":\"https:\\\/\\\/hurricaneaerospace.com\\\/pt-br\\\/#website\",\"url\":\"https:\\\/\\\/hurricaneaerospace.com\\\/pt-br\\\/\",\"name\":\"Furac\u00e3o Aeroespacial\",\"description\":\"Mais de 25 anos de experi\u00eancia\",\"publisher\":{\"@id\":\"https:\\\/\\\/hurricaneaerospace.com\\\/pt-br\\\/#organization\"},\"potentialAction\":[{\"@type\":\"SearchAction\",\"target\":{\"@type\":\"EntryPoint\",\"urlTemplate\":\"https:\\\/\\\/hurricaneaerospace.com\\\/pt-br\\\/?s={search_term_string}\"},\"query-input\":{\"@type\":\"PropertyValueSpecification\",\"valueRequired\":true,\"valueName\":\"search_term_string\"}}],\"inLanguage\":\"pt-BR\"},{\"@type\":\"Organization\",\"@id\":\"https:\\\/\\\/hurricaneaerospace.com\\\/pt-br\\\/#organization\",\"name\":\"Hurricane Aerospace Solutions\",\"url\":\"https:\\\/\\\/hurricaneaerospace.com\\\/pt-br\\\/\",\"logo\":{\"@type\":\"ImageObject\",\"inLanguage\":\"pt-BR\",\"@id\":\"https:\\\/\\\/hurricaneaerospace.com\\\/pt-br\\\/#\\\/schema\\\/logo\\\/image\\\/\",\"url\":\"https:\\\/\\\/hurricaneaerospace.com\\\/wp-content\\\/uploads\\\/2019\\\/03\\\/Hurricane-Website-Logo-Retina-2019.png\",\"contentUrl\":\"https:\\\/\\\/hurricaneaerospace.com\\\/wp-content\\\/uploads\\\/2019\\\/03\\\/Hurricane-Website-Logo-Retina-2019.png\",\"width\":800,\"height\":482,\"caption\":\"Hurricane Aerospace Solutions\"},\"image\":{\"@id\":\"https:\\\/\\\/hurricaneaerospace.com\\\/pt-br\\\/#\\\/schema\\\/logo\\\/image\\\/\"},\"sameAs\":[\"https:\\\/\\\/www.facebook.com\\\/HurricaneAerospaceSolutions\\\/\",\"https:\\\/\\\/x.com\\\/hurricaneaero\",\"https:\\\/\\\/www.instagram.com\\\/hurricaneaerospacesolutions\\\/\",\"http:\\\/\\\/www.linkedin.com\\\/company\\\/hurricaneaerospacesolutions\\\/\"]}]}<\/script>\n<!-- \/ Yoast SEO plugin. -->","yoast_head_json":{"title":"Declara\u00e7\u00e3o de Minerais de Conflito %%%%Furac\u00e3o Aeroespacial - Furac\u00e3o Aeroespacial","robots":{"index":"index","follow":"follow","max-snippet":"max-snippet:-1","max-image-preview":"max-image-preview:large","max-video-preview":"max-video-preview:-1"},"canonical":"https:\/\/hurricaneaerospace.com\/pt-br\/declaracao-de-minerais-de-conflito\/","og_locale":"pt_BR","og_type":"article","og_title":"Declara\u00e7\u00e3o de Minerais de Conflito %%%%Furac\u00e3o Aeroespacial - Furac\u00e3o Aeroespacial","og_description":"&nbsp; &nbsp;","og_url":"https:\/\/hurricaneaerospace.com\/pt-br\/declaracao-de-minerais-de-conflito\/","og_site_name":"Furac\u00e3o Aeroespacial","article_publisher":"https:\/\/www.facebook.com\/HurricaneAerospaceSolutions\/","article_modified_time":"2020-09-17T16:52:19+00:00","twitter_card":"summary_large_image","twitter_site":"@hurricaneaero","twitter_misc":{"Est. tempo de leitura":"3 minutos"},"schema":{"@context":"https:\/\/schema.org","@graph":[{"@type":"WebPage","@id":"https:\/\/hurricaneaerospace.com\/pt-br\/declaracao-de-minerais-de-conflito\/","url":"https:\/\/hurricaneaerospace.com\/pt-br\/declaracao-de-minerais-de-conflito\/","name":"Declara\u00e7\u00e3o de Minerais de Conflito %%%%Furac\u00e3o Aeroespacial - Furac\u00e3o Aeroespacial","isPartOf":{"@id":"https:\/\/hurricaneaerospace.com\/pt-br\/#website"},"datePublished":"2020-08-19T21:18:33+00:00","dateModified":"2020-09-17T16:52:19+00:00","breadcrumb":{"@id":"https:\/\/hurricaneaerospace.com\/pt-br\/declaracao-de-minerais-de-conflito\/#breadcrumb"},"inLanguage":"pt-BR","potentialAction":[{"@type":"ReadAction","target":["https:\/\/hurricaneaerospace.com\/pt-br\/declaracao-de-minerais-de-conflito\/"]}]},{"@type":"BreadcrumbList","@id":"https:\/\/hurricaneaerospace.com\/pt-br\/declaracao-de-minerais-de-conflito\/#breadcrumb","itemListElement":[{"@type":"ListItem","position":1,"name":"Casa","item":"https:\/\/hurricaneaerospace.com\/pt-br\/"},{"@type":"ListItem","position":2,"name":"Declara\u00e7\u00e3o de Minerais de Conflito"}]},{"@type":"WebSite","@id":"https:\/\/hurricaneaerospace.com\/pt-br\/#website","url":"https:\/\/hurricaneaerospace.com\/pt-br\/","name":"Furac\u00e3o Aeroespacial","description":"Mais de 25 anos de experi\u00eancia","publisher":{"@id":"https:\/\/hurricaneaerospace.com\/pt-br\/#organization"},"potentialAction":[{"@type":"SearchAction","target":{"@type":"EntryPoint","urlTemplate":"https:\/\/hurricaneaerospace.com\/pt-br\/?s={search_term_string}"},"query-input":{"@type":"PropertyValueSpecification","valueRequired":true,"valueName":"search_term_string"}}],"inLanguage":"pt-BR"},{"@type":"Organization","@id":"https:\/\/hurricaneaerospace.com\/pt-br\/#organization","name":"Hurricane Aerospace Solutions","url":"https:\/\/hurricaneaerospace.com\/pt-br\/","logo":{"@type":"ImageObject","inLanguage":"pt-BR","@id":"https:\/\/hurricaneaerospace.com\/pt-br\/#\/schema\/logo\/image\/","url":"https:\/\/hurricaneaerospace.com\/wp-content\/uploads\/2019\/03\/Hurricane-Website-Logo-Retina-2019.png","contentUrl":"https:\/\/hurricaneaerospace.com\/wp-content\/uploads\/2019\/03\/Hurricane-Website-Logo-Retina-2019.png","width":800,"height":482,"caption":"Hurricane Aerospace Solutions"},"image":{"@id":"https:\/\/hurricaneaerospace.com\/pt-br\/#\/schema\/logo\/image\/"},"sameAs":["https:\/\/www.facebook.com\/HurricaneAerospaceSolutions\/","https:\/\/x.com\/hurricaneaero","https:\/\/www.instagram.com\/hurricaneaerospacesolutions\/","http:\/\/www.linkedin.com\/company\/hurricaneaerospacesolutions\/"]}]}},"_links":{"self":[{"href":"https:\/\/hurricaneaerospace.com\/pt-br\/wp-json\/wp\/v2\/pages\/7022","targetHints":{"allow":["GET"]}}],"collection":[{"href":"https:\/\/hurricaneaerospace.com\/pt-br\/wp-json\/wp\/v2\/pages"}],"about":[{"href":"https:\/\/hurricaneaerospace.com\/pt-br\/wp-json\/wp\/v2\/types\/page"}],"author":[{"embeddable":true,"href":"https:\/\/hurricaneaerospace.com\/pt-br\/wp-json\/wp\/v2\/users\/4"}],"replies":[{"embeddable":true,"href":"https:\/\/hurricaneaerospace.com\/pt-br\/wp-json\/wp\/v2\/comments?post=7022"}],"version-history":[{"count":8,"href":"https:\/\/hurricaneaerospace.com\/pt-br\/wp-json\/wp\/v2\/pages\/7022\/revisions"}],"predecessor-version":[{"id":7070,"href":"https:\/\/hurricaneaerospace.com\/pt-br\/wp-json\/wp\/v2\/pages\/7022\/revisions\/7070"}],"wp:attachment":[{"href":"https:\/\/hurricaneaerospace.com\/pt-br\/wp-json\/wp\/v2\/media?parent=7022"}],"curies":[{"name":"wp","href":"https:\/\/api.w.org\/{rel}","templated":true}]}}