{"id":7228,"date":"2020-08-19T21:25:55","date_gmt":"2020-08-19T21:25:55","guid":{"rendered":"https:\/\/hurricaneaerospace.com\/materias-primas-de-qualidade-de-aeronaves\/"},"modified":"2020-12-04T02:24:53","modified_gmt":"2020-12-04T02:24:53","slug":"materias-primas-de-qualidade-de-aeronaves","status":"publish","type":"page","link":"https:\/\/hurricaneaerospace.com\/pt-br\/materias-primas-de-qualidade-de-aeronaves\/","title":{"rendered":"Mat\u00e9rias-primas de qualidade de aeronaves"},"content":{"rendered":"\n\t<section class=\"section dark\" id=\"section_948725671\">\n\t\t<div class=\"section-bg fill\" >\n\t\t\t<img loading=\"lazy\" decoding=\"async\" width=\"830\" height=\"554\" src=\"https:\/\/hurricaneaerospace.com\/wp-content\/uploads\/2020\/03\/aluminum.jpg\" class=\"bg attachment-original size-original\" alt=\"aluminum\" \/>\t\t\t\t\t\t<div class=\"section-bg-overlay absolute fill\"><\/div>\n\t\t\t\n\n\t\t<\/div>\n\n\t\t\n\n\t\t<div class=\"section-content relative\">\n\t\t\t\n<div class=\"container section-title-container\" style=\"margin-top:0px;margin-bottom:0px;\"><h1 class=\"section-title section-title-center\"><b aria-hidden=\"true\"><\/b><span class=\"section-title-main\" style=\"font-size:140%;\">Mat\u00e9rias-primas de qualidade da aeronave<\/span><b aria-hidden=\"true\"><\/b><\/h1><\/div>\n\t\t<\/div>\n\n\t\t\n<style>\n#section_948725671 {\n  padding-top: 100px;\n  padding-bottom: 100px;\n}\n#section_948725671 .section-bg-overlay {\n  background-color: rgba(27, 64, 128, 0.54);\n}\n<\/style>\n\t<\/section>\n\t\n\n\t<section class=\"section\" id=\"section_413816133\">\n\t\t<div class=\"section-bg fill\" >\n\t\t\t\t\t\t\t\t\t\n\t\t\t\n\n\t\t<\/div>\n\n\t\t\n\n\t\t<div class=\"section-content relative\">\n\t\t\t\n<div class=\"row align-center\"  id=\"row-2122055541\">\n\n\t<div id=\"col-796877276\" class=\"col medium-6 small-12 large-6\"  >\n\t\t\t\t<div class=\"col-inner\"  >\n\t\t\t\n\t\t\t\n<div class=\"container section-title-container\" style=\"margin-top:0px;margin-bottom:0px;\"><h1 class=\"section-title section-title-normal\"><b aria-hidden=\"true\"><\/b><span class=\"section-title-main\" >Metais Aeroespaciais<\/span><b aria-hidden=\"true\"><\/b><\/h1><\/div>\n<p>Oferecemos aos nossos parceiros uma grande variedade de ligas met\u00e1licas para os segmentos mar\u00edtimo, de defesa e comercial.<\/p>\n<h4>  Produtos de fabrica\u00e7\u00e3o de moinhos:<\/h4>\n<ul class=\"extended-list-wrapper\">\n<li class=\"extended-bullet indent-1\" data-extended-bullet=\"1\" data-indent=\"1\">Kaiser<\/li>\n<li class=\"extended-bullet indent-1\" data-extended-bullet=\"1\" data-indent=\"1\">Alcoa<\/li>\n<li class=\"extended-bullet indent-1\" data-extended-bullet=\"1\" data-indent=\"1\">Constelium<\/li>\n<li class=\"extended-bullet indent-1\" data-extended-bullet=\"1\" data-indent=\"1\">Carpinteiro<\/li>\n<li class=\"extended-bullet indent-1\" data-extended-bullet=\"1\" data-indent=\"1\">Dunquerque<\/li>\n<li class=\"extended-bullet indent-1\" data-extended-bullet=\"1\" data-indent=\"1\">Universal Inoxid\u00e1vel LLC<\/li>\n<\/ul>\n<a href=\"\/request-quote\/\" class=\"button primary\" >\n\t\t<span>Solicite uma cota\u00e7\u00e3o<\/span>\n\t<\/a>\n\n<a href=\"\/contato\/\" class=\"button secondary\" >\n\t\t<span>Entre em contato conosco<\/span>\n\t<\/a>\n\n\t\t<\/div>\n\t\t\t\t\t<\/div>\n\n\t\n\n\t<div id=\"col-1450624003\" class=\"col medium-5 small-12 large-5\"  >\n\t\t\t\t<div class=\"col-inner\"  >\n\t\t\t\n\t\t\t\n\t<div class=\"img has-hover x md-x lg-x y md-y lg-y\" id=\"image_1840763476\">\n\t\t\t\t\t\t\t\t<div class=\"img-inner box-shadow-2 box-shadow-2-hover dark\" >\n\t\t\t<img loading=\"lazy\" decoding=\"async\" width=\"582\" height=\"342\" src=\"https:\/\/hurricaneaerospace.com\/wp-content\/uploads\/2020\/03\/roll-roll.jpg\" class=\"attachment-large size-large\" alt=\"Aerospace metals from Hurricane Aerospace Solutions\" srcset=\"https:\/\/hurricaneaerospace.com\/wp-content\/uploads\/2020\/03\/roll-roll.jpg 582w, https:\/\/hurricaneaerospace.com\/wp-content\/uploads\/2020\/03\/roll-roll-300x176.jpg 300w\" sizes=\"auto, (max-width: 582px) 100vw, 582px\" \/>\t\t\t\t\t\t\n\t\t\t\t\t<\/div>\n\t\t\t\t\t\t\t\t\n<style>\n#image_1840763476 {\n  width: 100%;\n}\n<\/style>\n\t<\/div>\n\t\n\t\t<\/div>\n\t\t\t\t\n<style>\n#col-1450624003 > .col-inner {\n  padding: 115px 0px 0px 0px;\n}\n<\/style>\n\t<\/div>\n\n\t\n<\/div>\n\t\t<\/div>\n\n\t\t\n<style>\n#section_413816133 {\n  padding-top: 30px;\n  padding-bottom: 30px;\n}\n<\/style>\n\t<\/section>\n\t\n\n\t<section class=\"section\" id=\"section_452013118\">\n\t\t<div class=\"section-bg fill\" >\n\t\t\t\t\t\t\t\t\t\n\t\t\t\n\n\t\t<\/div>\n\n\t\t\n\n\t\t<div class=\"section-content relative\">\n\t\t\t\n<div class=\"row\"  id=\"row-680975055\">\n\n\t<div id=\"col-233906580\" class=\"col medium-6 small-12 large-6\"  >\n\t\t\t\t<div class=\"col-inner\"  >\n\t\t\t\n\t\t\t\n<h2>A Hurricane Aerospace Solutions oferece as seguintes todas as alus\u00f5es para m\u00faltiplos usos e solicita\u00e7\u00f5es de aplicativos:<\/h2>\n<ul class=\"extended-list-wrapper\">\n<li class=\"extended-bullet indent-1\" data-extended-bullet=\"1\" data-indent=\"1\">Alum\u00ednio (veja detalhes abaixo)<\/li>\n<li class=\"extended-bullet indent-1\" data-extended-bullet=\"1\" data-indent=\"1\">Tit\u00e2nio (veja detalhes abaixo)<\/li>\n<li class=\"extended-bullet indent-1\" data-extended-bullet=\"1\" data-indent=\"1\">Grades de a\u00e7o inoxid\u00e1vel (veja detalhes abaixo)<\/li>\n<li class=\"extended-bullet indent-1\" data-extended-bullet=\"1\" data-indent=\"1\">Ligas de n\u00edquel e cobalto (veja detalhes abaixo)<\/li>\n<li class=\"extended-bullet indent-1\" data-extended-bullet=\"1\" data-indent=\"1\">Aeronaves, Bar, Bloco, Forgings (veja detalhes abaixo)<\/li>\n<li data-extended-bullet=\"1\" data-indent=\"1\">Gr\u00e1ficos de Metais Aeroespaciais<\/li>\n<\/ul>\n\t\t<\/div>\n\t\t\t\t\t<\/div>\n\n\t\n\n\t<div id=\"col-1297157781\" class=\"col medium-6 small-12 large-6\"  >\n\t\t\t\t<div class=\"col-inner\"  >\n\t\t\t\n\t\t\t\n\t<div class=\"img has-hover x md-x lg-x y md-y lg-y\" id=\"image_104632746\">\n\t\t\t\t\t\t\t\t<div class=\"img-inner dark\" >\n\t\t\t<img loading=\"lazy\" decoding=\"async\" width=\"678\" height=\"350\" src=\"https:\/\/hurricaneaerospace.com\/wp-content\/uploads\/2020\/03\/image017.jpg\" class=\"attachment-original size-original\" alt=\"\" srcset=\"https:\/\/hurricaneaerospace.com\/wp-content\/uploads\/2020\/03\/image017.jpg 678w, https:\/\/hurricaneaerospace.com\/wp-content\/uploads\/2020\/03\/image017-300x155.jpg 300w\" sizes=\"auto, (max-width: 678px) 100vw, 678px\" \/>\t\t\t\t\t\t\n\t\t\t\t\t<\/div>\n\t\t\t\t\t\t\t\t\n<style>\n#image_104632746 {\n  width: 100%;\n}\n<\/style>\n\t<\/div>\n\t\n\t\t<\/div>\n\t\t\t\t\n<style>\n#col-1297157781 > .col-inner {\n  padding: 55px 0px 0px 0px;\n}\n<\/style>\n\t<\/div>\n\n\t\n<\/div>\n\t\t<\/div>\n\n\t\t\n<style>\n#section_452013118 {\n  padding-top: 100px;\n  padding-bottom: 100px;\n  background-color: rgb(238, 252, 255);\n}\n<\/style>\n\t<\/section>\n\t\n\n\t<section class=\"section\" id=\"section_278541943\">\n\t\t<div class=\"section-bg fill\" >\n\t\t\t\t\t\t\t\t\t\n\t\t\t\n\n\t\t<\/div>\n\n\t\t\n\n\t\t<div class=\"section-content relative\">\n\t\t\t\n<div class=\"row\"  id=\"row-481948400\">\n\n\t<div id=\"col-281368513\" class=\"col small-12 large-12\"  >\n\t\t\t\t<div class=\"col-inner\"  >\n\t\t\t\n\t\t\t\n<div class=\"container section-title-container\" ><h1 class=\"section-title section-title-center\"><b aria-hidden=\"true\"><\/b><span class=\"section-title-main\" >Metais Aeroespaciais<\/span><b aria-hidden=\"true\"><\/b><\/h1><\/div>\n<h3 class=\"uppercase\">Alum\u00ednio<\/h3>\n<p class=\"thin-font\"><strong>S\u00e9ries 2000:<\/strong> 2024-T3, 2024-T4, 2024-0, 2011, 2014, 2017, 2219-0, 2219T351, 2219T851  <br \/><strong>Especifica\u00e7\u00f5es:<\/strong> AMS4036, AMS4077, AMS4041, AMS-QQ-A-250\/5, AMS-QQ-A-250\/4, AMS4035, AMS4037, FMS 1010, MEP 02-013, MEP 02-014, MEP 02-015<\/p>\n<p class=\"thin-font\"><strong>S\u00e9rie 5000:<\/strong> 5052-H32, H34, 0, S5083-H34, H112, H116, H321, 5086-H34, H32, H112, H116, 5457  <br \/><strong>Especifica\u00e7\u00f5es:<\/strong> AMS4015, AMS4016, AMS4017, QQ-A-250\/8<\/p>\n<p class=\"thin-font\"><strong>6000 S\u00e9rie:<\/strong> 6061-0, 6061-T4, 6061-T6, 6013-T4, 6013-T6  <br \/><strong>Especifica\u00e7\u00f5es:<\/strong> AMS4347, AMS4216, AMS4025, AMS4026, AMS 4027, AMSQQ-A-250\/11<\/p>\n<p class=\"thin-font\"><strong>S\u00e9ries 7000:<\/strong> 7050T7451, 7050T7651, 7475T6, 7475T7651, 7475T7351, 7475T761  <br \/><strong>Especifica\u00e7\u00f5es:<\/strong> AMS 4050, AMS4201, BMS -7-194, AMS4044, AMS4045, QQ-A-250\/12, AMS 4048, AMS4049, QQ-A-250\/13, AMS 4085, AMS 4085, BAMS516-002<\/p>\n<div class=\"is-divider divider clearfix\" style=\"max-width:100px;height:5px;\"><\/div>\n<h3 class=\"uppercase\">Tit\u00e2nio<\/h3>\n<p class=\"thin-font\">6-2-4-2, 6AL-4V, 3AL-2.5V, 5AL-2.5Sn &amp; ELI, 8AL-1V-1Mo (8-1-1), 15V-3Cr-4AL-3Sn (15-3-3-3)<\/br><br \/>\n<b class=\"thin-font\"><strong>Especifica\u00e7\u00f5es:<\/strong> AMS-4901 MIL-T 9046, TIPO 1 COMP B CP1, AMS4902 MIL-T-9046, TIPO 1 COMP. UM CP3, AMS-4911 MIL-T-9046, TIPO 3 COMP C AB1, AMS4928, PWA-S4928<\/p>\n<div class=\"is-divider divider clearfix\" style=\"max-width:100px;height:5px;\"><\/div>\n<h3 class=\"uppercase\">GRAUS DE A\u00c7O INOXID\u00c1VEL<\/h3>\n<p class=\"thin-font\">301.302.304.321.347.410, 15-7Mo, 17-4 , 17-7, 13-8MO, 15-5, 410.416.431.440<\/br><br \/>\n<b class=\"thin-font\"><strong>Especifica\u00e7\u00f5es:<\/strong> AMS5517 (1\/4&#8243;Hard), AMS5517 (1\/2&#8243;Hard), AMS 5519 (Full Hard), AMS5513, AMS5516, AMS5510, AMS5512, AMS5504, AMS5520, AMS5643, AMS5644, AMS5629, AMS5659, AMS5612, AMS5610, MS5628, AMS5630<\/p>\n<div class=\"is-divider divider clearfix\" style=\"max-width:100px;height:5px;\"><\/div>\n<h3 class=\"uppercase\">LIGAS DE N\u00cdQUEL E COBALTO<\/h3>\n<p class=\"thin-font\">A286 AMS5525, HAST X AMS5536, L-605 AMS5537, RENE 41 AMS5545, X-750 AMS5542 \/ MILN7786, 188 AMS5608 \/ B50TF59, 600 AMS5540, 625 AMS5599, 718 AMS 5596 \/ B50TF14<\/p>\n<p class=\"thin-font\">HASTELLOY, HAYNES 188, MONEL 400, MONEL K500, RENE 41, STELLITE, WASPALLOY<\/p>\n<div class=\"is-divider divider clearfix\" style=\"max-width:100px;height:5px;\"><\/div>\n<h3 class=\"uppercase\">ASLUS\u00d5ES DE AERONAVES, BAR, BLOCO, FORJAMENTOS<\/h3>\n<p class=\"thin-font\">4130HT, 4140, 4330MOD, 4340, 6150, 8740, 52100, H-11VM, 4330MODVM, 4340M  <br \/><strong>Especifica\u00e7\u00f5es:<\/strong> AMS6370, MIL-S-6758, AMS6382, AMS6427, AMS 6415, AMS6448, AMS6322, 6440, AMS6487, AMS6411, AM<\/p>\n\t\t<\/div>\n\t\t\t\t\t<\/div>\n\n\t\n<\/div>\n\t\t<\/div>\n\n\t\t\n<style>\n#section_278541943 {\n  padding-top: 50px;\n  padding-bottom: 50px;\n  background-color: rgb(255, 255, 255);\n}\n<\/style>\n\t<\/section>\n\t\n\n\t<section class=\"section\" id=\"section_1485734927\">\n\t\t<div class=\"section-bg fill\" >\n\t\t\t\t\t\t\t\t\t\n\t\t\t\n\n\t\t<\/div>\n\n\t\t\n\n\t\t<div class=\"section-content relative\">\n\t\t\t\n<div class=\"row\"  id=\"row-567100160\">\n\n\t<div id=\"col-1032986288\" class=\"col medium-6 small-12 large-6\"  >\n\t\t\t\t<div class=\"col-inner\"  >\n\t\t\t\n\t\t\t\n<h3>Benef\u00edcios da parceria com a Hurricane Aerospace<\/h3>\n<ul>\n<li class=\"extended-bullet indent-1\" data-extended-bullet=\"1\" data-indent=\"1\">Totalmente credenciado com garantia de qualidade ASA-100<\/li>\n<li class=\"extended-bullet indent-1\" data-extended-bullet=\"1\" data-indent=\"1\">Faa Advisor Circular 00-56 Compat\u00edvel<\/li>\n<li class=\"extended-bullet indent-1\" data-extended-bullet=\"1\" data-indent=\"1\">Todas as pe\u00e7as e materiais s\u00e3o entregues com certificado de f\u00e1brica<\/li>\n<li class=\"extended-bullet indent-1\" data-extended-bullet=\"1\" data-indent=\"1\">Todas as pe\u00e7as e materiais s\u00e3o entregues com conformidade com certificados<\/li>\n<li class=\"extended-bullet indent-1\" data-extended-bullet=\"1\" data-indent=\"1\">Totalmente registrado e em conformidade com o Regulamento Internacional de Tr\u00e1fego e Armas (ITAR)<\/li>\n<li class=\"extended-bullet indent-1\" data-extended-bullet=\"1\" data-indent=\"1\">Exporta\u00e7\u00e3o registrada junto \u00e0 Diretoria de Controles Comerciais de Defesa (DDTC)<\/li>\n<li class=\"extended-bullet indent-1\" data-extended-bullet=\"1\" data-indent=\"1\">Capaz de arquivar e obter licen\u00e7as de exporta\u00e7\u00e3o para pe\u00e7as militares para enviar em todo o pa\u00eds.<\/li>\n<\/ul>\n\t\t<\/div>\n\t\t\t\t\t<\/div>\n\n\t\n\n\t<div id=\"col-331078642\" class=\"col medium-6 small-12 large-6\"  >\n\t\t\t\t<div class=\"col-inner\"  >\n\t\t\t\n\t\t\t\n<h3>Nossa promessa:<\/h3>\n<ul>\n<li class=\"extended-bullet indent-1\" data-extended-bullet=\"1\" data-indent=\"1\">Metais de alta qualidade (Alum\u00ednio, Lat\u00e3o, Cobre, A\u00e7o Inoxid\u00e1vel, Tit\u00e2nio, etc.)<\/li>\n<li class=\"extended-bullet indent-1\" data-extended-bullet=\"1\" data-indent=\"1\">Pre\u00e7os Competitivos<\/li>\n<li class=\"extended-bullet indent-1\" data-extended-bullet=\"1\" data-indent=\"1\">Entrega imediata (porta-a-porta)<\/li>\n<li class=\"extended-bullet indent-1\" data-extended-bullet=\"1\" data-indent=\"1\">Rastreabilidade completa (compat\u00edvel com Mil-I-45208<\/li>\n<li class=\"extended-bullet indent-1\" data-extended-bullet=\"1\" data-indent=\"1\">Transporte seguro dom\u00e9stico e internacional<\/li>\n<li class=\"extended-bullet indent-1\" data-extended-bullet=\"1\" data-indent=\"1\">Servi\u00e7os de processamento pendentes (corte de serra, corte de serra, etc.)<\/li>\n<li class=\"extended-bullet indent-1\" data-extended-bullet=\"1\" data-indent=\"1\">Op\u00e7\u00f5es de metal e material (folha, tubo, tubo, barras, etc)<\/li>\n<\/ul>\n\t\t<\/div>\n\t\t\t\t\t<\/div>\n\n\t\n<\/div>\n\t\t<\/div>\n\n\t\t\n<style>\n#section_1485734927 {\n  padding-top: 30px;\n  padding-bottom: 30px;\n  background-color: rgb(238, 252, 255);\n}\n<\/style>\n\t<\/section>\n\t\n","protected":false},"excerpt":{"rendered":"","protected":false},"author":4,"featured_media":6057,"parent":0,"menu_order":0,"comment_status":"closed","ping_status":"closed","template":"page-blank.php","meta":{"nf_dc_page":"","_monsterinsights_skip_tracking":false,"_monsterinsights_sitenote_active":false,"_monsterinsights_sitenote_note":"","_monsterinsights_sitenote_category":0,"footnotes":""},"class_list":["post-7228","page","type-page","status-publish","has-post-thumbnail","hentry"],"yoast_head":"<!-- This site is optimized with the Yoast SEO plugin v27.4 - https:\/\/yoast.com\/product\/yoast-seo-wordpress\/ -->\n<title>Mat\u00e9rias-primas de qualidade de aeronaves %%%%Furac\u00e3o Aeroespacial - Furac\u00e3o Aeroespacial<\/title>\n<meta name=\"robots\" content=\"index, follow, max-snippet:-1, max-image-preview:large, max-video-preview:-1\" \/>\n<link rel=\"canonical\" href=\"https:\/\/hurricaneaerospace.com\/pt-br\/materias-primas-de-qualidade-de-aeronaves\/\" \/>\n<meta property=\"og:locale\" content=\"pt_BR\" \/>\n<meta property=\"og:type\" content=\"article\" \/>\n<meta property=\"og:title\" content=\"Mat\u00e9rias-primas de qualidade de aeronaves %%%%Furac\u00e3o Aeroespacial - Furac\u00e3o Aeroespacial\" \/>\n<meta property=\"og:url\" content=\"https:\/\/hurricaneaerospace.com\/pt-br\/materias-primas-de-qualidade-de-aeronaves\/\" \/>\n<meta property=\"og:site_name\" content=\"Furac\u00e3o Aeroespacial\" \/>\n<meta property=\"article:publisher\" content=\"https:\/\/www.facebook.com\/HurricaneAerospaceSolutions\/\" \/>\n<meta property=\"article:modified_time\" content=\"2020-12-04T02:24:53+00:00\" \/>\n<meta property=\"og:image\" content=\"https:\/\/hurricaneaerospace.com\/wp-content\/uploads\/2020\/03\/roll-roll.jpg\" \/>\n\t<meta property=\"og:image:width\" content=\"582\" \/>\n\t<meta property=\"og:image:height\" content=\"342\" \/>\n\t<meta property=\"og:image:type\" content=\"image\/jpeg\" \/>\n<meta name=\"twitter:card\" content=\"summary_large_image\" \/>\n<meta name=\"twitter:site\" content=\"@hurricaneaero\" \/>\n<meta name=\"twitter:label1\" content=\"Est. tempo de leitura\" \/>\n\t<meta name=\"twitter:data1\" content=\"3 minutos\" \/>\n<script type=\"application\/ld+json\" class=\"yoast-schema-graph\">{\"@context\":\"https:\\\/\\\/schema.org\",\"@graph\":[{\"@type\":\"WebPage\",\"@id\":\"https:\\\/\\\/hurricaneaerospace.com\\\/pt-br\\\/materias-primas-de-qualidade-de-aeronaves\\\/\",\"url\":\"https:\\\/\\\/hurricaneaerospace.com\\\/pt-br\\\/materias-primas-de-qualidade-de-aeronaves\\\/\",\"name\":\"Mat\u00e9rias-primas de qualidade de aeronaves %%%%Furac\u00e3o Aeroespacial - Furac\u00e3o Aeroespacial\",\"isPartOf\":{\"@id\":\"https:\\\/\\\/hurricaneaerospace.com\\\/pt-br\\\/#website\"},\"primaryImageOfPage\":{\"@id\":\"https:\\\/\\\/hurricaneaerospace.com\\\/pt-br\\\/materias-primas-de-qualidade-de-aeronaves\\\/#primaryimage\"},\"image\":{\"@id\":\"https:\\\/\\\/hurricaneaerospace.com\\\/pt-br\\\/materias-primas-de-qualidade-de-aeronaves\\\/#primaryimage\"},\"thumbnailUrl\":\"https:\\\/\\\/hurricaneaerospace.com\\\/wp-content\\\/uploads\\\/2020\\\/03\\\/roll-roll.jpg\",\"datePublished\":\"2020-08-19T21:25:55+00:00\",\"dateModified\":\"2020-12-04T02:24:53+00:00\",\"breadcrumb\":{\"@id\":\"https:\\\/\\\/hurricaneaerospace.com\\\/pt-br\\\/materias-primas-de-qualidade-de-aeronaves\\\/#breadcrumb\"},\"inLanguage\":\"pt-BR\",\"potentialAction\":[{\"@type\":\"ReadAction\",\"target\":[\"https:\\\/\\\/hurricaneaerospace.com\\\/pt-br\\\/materias-primas-de-qualidade-de-aeronaves\\\/\"]}]},{\"@type\":\"ImageObject\",\"inLanguage\":\"pt-BR\",\"@id\":\"https:\\\/\\\/hurricaneaerospace.com\\\/pt-br\\\/materias-primas-de-qualidade-de-aeronaves\\\/#primaryimage\",\"url\":\"https:\\\/\\\/hurricaneaerospace.com\\\/wp-content\\\/uploads\\\/2020\\\/03\\\/roll-roll.jpg\",\"contentUrl\":\"https:\\\/\\\/hurricaneaerospace.com\\\/wp-content\\\/uploads\\\/2020\\\/03\\\/roll-roll.jpg\",\"width\":582,\"height\":342,\"caption\":\"Aerospace metals from Hurricane Aerospace Solutions\"},{\"@type\":\"BreadcrumbList\",\"@id\":\"https:\\\/\\\/hurricaneaerospace.com\\\/pt-br\\\/materias-primas-de-qualidade-de-aeronaves\\\/#breadcrumb\",\"itemListElement\":[{\"@type\":\"ListItem\",\"position\":1,\"name\":\"Casa\",\"item\":\"https:\\\/\\\/hurricaneaerospace.com\\\/pt-br\\\/\"},{\"@type\":\"ListItem\",\"position\":2,\"name\":\"Mat\u00e9rias-primas de qualidade de aeronaves\"}]},{\"@type\":\"WebSite\",\"@id\":\"https:\\\/\\\/hurricaneaerospace.com\\\/pt-br\\\/#website\",\"url\":\"https:\\\/\\\/hurricaneaerospace.com\\\/pt-br\\\/\",\"name\":\"Furac\u00e3o Aeroespacial\",\"description\":\"Mais de 25 anos de experi\u00eancia\",\"publisher\":{\"@id\":\"https:\\\/\\\/hurricaneaerospace.com\\\/pt-br\\\/#organization\"},\"potentialAction\":[{\"@type\":\"SearchAction\",\"target\":{\"@type\":\"EntryPoint\",\"urlTemplate\":\"https:\\\/\\\/hurricaneaerospace.com\\\/pt-br\\\/?s={search_term_string}\"},\"query-input\":{\"@type\":\"PropertyValueSpecification\",\"valueRequired\":true,\"valueName\":\"search_term_string\"}}],\"inLanguage\":\"pt-BR\"},{\"@type\":\"Organization\",\"@id\":\"https:\\\/\\\/hurricaneaerospace.com\\\/pt-br\\\/#organization\",\"name\":\"Hurricane Aerospace Solutions\",\"url\":\"https:\\\/\\\/hurricaneaerospace.com\\\/pt-br\\\/\",\"logo\":{\"@type\":\"ImageObject\",\"inLanguage\":\"pt-BR\",\"@id\":\"https:\\\/\\\/hurricaneaerospace.com\\\/pt-br\\\/#\\\/schema\\\/logo\\\/image\\\/\",\"url\":\"https:\\\/\\\/hurricaneaerospace.com\\\/wp-content\\\/uploads\\\/2019\\\/03\\\/Hurricane-Website-Logo-Retina-2019.png\",\"contentUrl\":\"https:\\\/\\\/hurricaneaerospace.com\\\/wp-content\\\/uploads\\\/2019\\\/03\\\/Hurricane-Website-Logo-Retina-2019.png\",\"width\":800,\"height\":482,\"caption\":\"Hurricane Aerospace Solutions\"},\"image\":{\"@id\":\"https:\\\/\\\/hurricaneaerospace.com\\\/pt-br\\\/#\\\/schema\\\/logo\\\/image\\\/\"},\"sameAs\":[\"https:\\\/\\\/www.facebook.com\\\/HurricaneAerospaceSolutions\\\/\",\"https:\\\/\\\/x.com\\\/hurricaneaero\",\"https:\\\/\\\/www.instagram.com\\\/hurricaneaerospacesolutions\\\/\",\"http:\\\/\\\/www.linkedin.com\\\/company\\\/hurricaneaerospacesolutions\\\/\"]}]}<\/script>\n<!-- \/ Yoast SEO plugin. -->","yoast_head_json":{"title":"Mat\u00e9rias-primas de qualidade de aeronaves %%%%Furac\u00e3o Aeroespacial - Furac\u00e3o Aeroespacial","robots":{"index":"index","follow":"follow","max-snippet":"max-snippet:-1","max-image-preview":"max-image-preview:large","max-video-preview":"max-video-preview:-1"},"canonical":"https:\/\/hurricaneaerospace.com\/pt-br\/materias-primas-de-qualidade-de-aeronaves\/","og_locale":"pt_BR","og_type":"article","og_title":"Mat\u00e9rias-primas de qualidade de aeronaves %%%%Furac\u00e3o Aeroespacial - Furac\u00e3o Aeroespacial","og_url":"https:\/\/hurricaneaerospace.com\/pt-br\/materias-primas-de-qualidade-de-aeronaves\/","og_site_name":"Furac\u00e3o Aeroespacial","article_publisher":"https:\/\/www.facebook.com\/HurricaneAerospaceSolutions\/","article_modified_time":"2020-12-04T02:24:53+00:00","og_image":[{"width":582,"height":342,"url":"https:\/\/hurricaneaerospace.com\/wp-content\/uploads\/2020\/03\/roll-roll.jpg","type":"image\/jpeg"}],"twitter_card":"summary_large_image","twitter_site":"@hurricaneaero","twitter_misc":{"Est. tempo de leitura":"3 minutos"},"schema":{"@context":"https:\/\/schema.org","@graph":[{"@type":"WebPage","@id":"https:\/\/hurricaneaerospace.com\/pt-br\/materias-primas-de-qualidade-de-aeronaves\/","url":"https:\/\/hurricaneaerospace.com\/pt-br\/materias-primas-de-qualidade-de-aeronaves\/","name":"Mat\u00e9rias-primas de qualidade de aeronaves %%%%Furac\u00e3o Aeroespacial - Furac\u00e3o Aeroespacial","isPartOf":{"@id":"https:\/\/hurricaneaerospace.com\/pt-br\/#website"},"primaryImageOfPage":{"@id":"https:\/\/hurricaneaerospace.com\/pt-br\/materias-primas-de-qualidade-de-aeronaves\/#primaryimage"},"image":{"@id":"https:\/\/hurricaneaerospace.com\/pt-br\/materias-primas-de-qualidade-de-aeronaves\/#primaryimage"},"thumbnailUrl":"https:\/\/hurricaneaerospace.com\/wp-content\/uploads\/2020\/03\/roll-roll.jpg","datePublished":"2020-08-19T21:25:55+00:00","dateModified":"2020-12-04T02:24:53+00:00","breadcrumb":{"@id":"https:\/\/hurricaneaerospace.com\/pt-br\/materias-primas-de-qualidade-de-aeronaves\/#breadcrumb"},"inLanguage":"pt-BR","potentialAction":[{"@type":"ReadAction","target":["https:\/\/hurricaneaerospace.com\/pt-br\/materias-primas-de-qualidade-de-aeronaves\/"]}]},{"@type":"ImageObject","inLanguage":"pt-BR","@id":"https:\/\/hurricaneaerospace.com\/pt-br\/materias-primas-de-qualidade-de-aeronaves\/#primaryimage","url":"https:\/\/hurricaneaerospace.com\/wp-content\/uploads\/2020\/03\/roll-roll.jpg","contentUrl":"https:\/\/hurricaneaerospace.com\/wp-content\/uploads\/2020\/03\/roll-roll.jpg","width":582,"height":342,"caption":"Aerospace metals from Hurricane Aerospace Solutions"},{"@type":"BreadcrumbList","@id":"https:\/\/hurricaneaerospace.com\/pt-br\/materias-primas-de-qualidade-de-aeronaves\/#breadcrumb","itemListElement":[{"@type":"ListItem","position":1,"name":"Casa","item":"https:\/\/hurricaneaerospace.com\/pt-br\/"},{"@type":"ListItem","position":2,"name":"Mat\u00e9rias-primas de qualidade de aeronaves"}]},{"@type":"WebSite","@id":"https:\/\/hurricaneaerospace.com\/pt-br\/#website","url":"https:\/\/hurricaneaerospace.com\/pt-br\/","name":"Furac\u00e3o Aeroespacial","description":"Mais de 25 anos de experi\u00eancia","publisher":{"@id":"https:\/\/hurricaneaerospace.com\/pt-br\/#organization"},"potentialAction":[{"@type":"SearchAction","target":{"@type":"EntryPoint","urlTemplate":"https:\/\/hurricaneaerospace.com\/pt-br\/?s={search_term_string}"},"query-input":{"@type":"PropertyValueSpecification","valueRequired":true,"valueName":"search_term_string"}}],"inLanguage":"pt-BR"},{"@type":"Organization","@id":"https:\/\/hurricaneaerospace.com\/pt-br\/#organization","name":"Hurricane Aerospace Solutions","url":"https:\/\/hurricaneaerospace.com\/pt-br\/","logo":{"@type":"ImageObject","inLanguage":"pt-BR","@id":"https:\/\/hurricaneaerospace.com\/pt-br\/#\/schema\/logo\/image\/","url":"https:\/\/hurricaneaerospace.com\/wp-content\/uploads\/2019\/03\/Hurricane-Website-Logo-Retina-2019.png","contentUrl":"https:\/\/hurricaneaerospace.com\/wp-content\/uploads\/2019\/03\/Hurricane-Website-Logo-Retina-2019.png","width":800,"height":482,"caption":"Hurricane Aerospace Solutions"},"image":{"@id":"https:\/\/hurricaneaerospace.com\/pt-br\/#\/schema\/logo\/image\/"},"sameAs":["https:\/\/www.facebook.com\/HurricaneAerospaceSolutions\/","https:\/\/x.com\/hurricaneaero","https:\/\/www.instagram.com\/hurricaneaerospacesolutions\/","http:\/\/www.linkedin.com\/company\/hurricaneaerospacesolutions\/"]}]}},"_links":{"self":[{"href":"https:\/\/hurricaneaerospace.com\/pt-br\/wp-json\/wp\/v2\/pages\/7228","targetHints":{"allow":["GET"]}}],"collection":[{"href":"https:\/\/hurricaneaerospace.com\/pt-br\/wp-json\/wp\/v2\/pages"}],"about":[{"href":"https:\/\/hurricaneaerospace.com\/pt-br\/wp-json\/wp\/v2\/types\/page"}],"author":[{"embeddable":true,"href":"https:\/\/hurricaneaerospace.com\/pt-br\/wp-json\/wp\/v2\/users\/4"}],"replies":[{"embeddable":true,"href":"https:\/\/hurricaneaerospace.com\/pt-br\/wp-json\/wp\/v2\/comments?post=7228"}],"version-history":[{"count":11,"href":"https:\/\/hurricaneaerospace.com\/pt-br\/wp-json\/wp\/v2\/pages\/7228\/revisions"}],"predecessor-version":[{"id":7847,"href":"https:\/\/hurricaneaerospace.com\/pt-br\/wp-json\/wp\/v2\/pages\/7228\/revisions\/7847"}],"wp:featuredmedia":[{"embeddable":true,"href":"https:\/\/hurricaneaerospace.com\/pt-br\/wp-json\/wp\/v2\/media\/6057"}],"wp:attachment":[{"href":"https:\/\/hurricaneaerospace.com\/pt-br\/wp-json\/wp\/v2\/media?parent=7228"}],"curies":[{"name":"wp","href":"https:\/\/api.w.org\/{rel}","templated":true}]}}